


{"id":274,"date":"2020-11-03T10:41:06","date_gmt":"2020-11-03T03:41:06","guid":{"rendered":"https:\/\/www.vietcorp.com\/store\/product\/synology-rs820rp\/"},"modified":"2024-05-09T15:26:39","modified_gmt":"2024-05-09T08:26:39","slug":"thiet-bi-luu-tru-nas-synology-rs820rp","status":"publish","type":"product","link":"https:\/\/vietcorp.com\/store\/274\/thiet-bi-luu-tru-nas-synology-rs820rp\/","title":{"rendered":"Synology RS820RP+ \u0111\u00e3 EOL"},"content":{"rendered":"<section class=\"wpb-content-wrapper\"><p>[vc_row][vc_column][vc_column_text]<\/p>\n<h4 style=\"color: red;\">S\u1ea3n ph\u1ea9m ng\u1eebng kinh doanh<\/h4>\n<p>[\/vc_column_text][\/vc_column][\/vc_row][vc_row][vc_column][vc_column_text]S\u1ea3n ph\u1ea9m thay th\u1ebf[\/vc_column_text]<div class=\"woocommerce \">\r\n<ul class=\"products products-container grid pcols-lg-4 pcols-md-3 pcols-xs-2 pcols-ls-1 pwidth-lg-4 pwidth-md-3 pwidth-xs-2 pwidth-ls-1 is-shortcode\"\r\r\n\t data-product_layout=\"product-default\">\r\r\n\r\n\r\r\n<li class=\"product-col product-default product type-product post-2035 status-publish first instock product_cat-nas product_cat-rackstation-plus-series product_tag-nas product_tag-nas-4-bay product_tag-nas-rs822rp product_tag-rackstation product_tag-rs822rp product_tag-synology product_tag-synology-rs822rp has-post-thumbnail taxable shipping-taxable product-type-simple\">\r\r\n<div class=\"product-inner\">\r\r\n\t\r\n\r\r\n\t<div class=\"product-image\">\r\r\n\r\r\n\t\t<a  href=\"https:\/\/vietcorp.com\/store\/2035\/thiet-bi-luu-tru-nas-synology-rs822rp\/\" aria-label=\"product\">\r\r\n\t\t\t<div class=\"inner img-effect\"><img decoding=\"async\" width=\"600\" height=\"600\" src=\"https:\/\/vietcorp.com\/store\/wp-content\/uploads\/2022\/10\/Synology-rs822rp1.png\" class=\"attachment-woocommerce_thumbnail size-woocommerce_thumbnail\" alt=\"Synology RS822RP+\" srcset=\"https:\/\/vietcorp.com\/store\/wp-content\/uploads\/2022\/10\/Synology-rs822rp1.png 600w, https:\/\/vietcorp.com\/store\/wp-content\/uploads\/2022\/10\/Synology-rs822rp1-400x400.png 400w, https:\/\/vietcorp.com\/store\/wp-content\/uploads\/2022\/10\/Synology-rs822rp1-560x560.png 560w, https:\/\/vietcorp.com\/store\/wp-content\/uploads\/2022\/10\/Synology-rs822rp1-367x367.png 367w\" sizes=\"(max-width: 600px) 100vw, 600px\" \/><img decoding=\"async\" width=\"600\" height=\"600\" src=\"https:\/\/vietcorp.com\/store\/wp-content\/uploads\/2022\/10\/Synology-rs822rp2.png\" class=\"hover-image\" alt=\"\" srcset=\"https:\/\/vietcorp.com\/store\/wp-content\/uploads\/2022\/10\/Synology-rs822rp2.png 600w, https:\/\/vietcorp.com\/store\/wp-content\/uploads\/2022\/10\/Synology-rs822rp2-400x400.png 400w, https:\/\/vietcorp.com\/store\/wp-content\/uploads\/2022\/10\/Synology-rs822rp2-560x560.png 560w, https:\/\/vietcorp.com\/store\/wp-content\/uploads\/2022\/10\/Synology-rs822rp2-367x367.png 367w\" sizes=\"(max-width: 600px) 100vw, 600px\" \/><\/div>\r\n\t\t<\/a>\r\r\n\t\r\n\t\r\n\t<\/div>\r\r\n\r\r\n\t<div class=\"product-content\">\r\r\n\t\t<span class=\"category-list\"><a href=\"https:\/\/vietcorp.com\/store\/product-category\/nas\/\" rel=\"tag\">NAS<\/a>, <a href=\"https:\/\/vietcorp.com\/store\/product-category\/nas\/rackstation-plus-series\/\" rel=\"tag\">RackStation Plus Series<\/a><\/span>\r\n\r\r\n\t\t\r\n\t<a class=\"product-loop-title\"  href=\"https:\/\/vietcorp.com\/store\/2035\/thiet-bi-luu-tru-nas-synology-rs822rp\/\">\r\r\n\t<h3 class=\"woocommerce-loop-product__title\">Synology RS822RP+<\/h3>\r\n\t<\/a>\r\r\n\t\r\n\r\r\n\t\t\r\n\t<div class=\"description\">\r\r\n\t\t\r\n\t\t<p class=\"post-excerpt\">Thi\u1ebft b\u1ecb l\u01b0u tr\u1eef NAS Synology RS822RP+<br \/>\nNAS 4 khay \u1ed5 \u0111\u0129a max 8 \u1ed5 \u0111\u0129a<br \/>\n2 GB DDR4 ECC up to 32 GB<br \/>\n4 RJ-45 1GbE, ngu\u1ed3n k\u00e9p<br \/>\nB\u1ea3o h\u00e0nh 36 th\u00e1ng<\/p>\n\r\n\t<\/div>\r\r\n\t\n\t<span class=\"price\">Li\u00ean h\u1ec7<\/span>\n\r\n\r\r\n\t\t\r\n<div class=\"add-links-wrap\">\r\r\n\t<div class=\"add-links clearfix\">\r\r\n\t\t\r\n\t\r\n\t<span id=\"woocommerce_loop_add_to_cart_link_describedby_2035\" class=\"screen-reader-text\">\r\r\n\t\t\r\n\t<\/span>\r\r\n\t\r\n\t<div class=\"quickview\" data-id=\"2035\" title=\"Xem nhanh\">Xem nhanh<\/div>\r\n\t<\/div>\r\r\n\t\r\n<\/div>\r\r\n<a href=\"#\" class=\"button wcq_enquiry_cart_btn\" data-product_id=\"2035\">Y\u00eau c\u1ea7u b\u00e1o gi\u00e1<\/a><span class=\"gtm4wp_productdata\" style=\"display:none; visibility:hidden;\" data-gtm4wp_product_data=\"{&quot;internal_id&quot;:2035,&quot;item_id&quot;:2035,&quot;item_name&quot;:&quot;Synology RS822RP+&quot;,&quot;sku&quot;:&quot;SYNOLOGY-RS822RP+&quot;,&quot;price&quot;:0,&quot;stocklevel&quot;:1,&quot;stockstatus&quot;:&quot;instock&quot;,&quot;google_business_vertical&quot;:&quot;retail&quot;,&quot;item_category&quot;:&quot;RackStation Plus Series&quot;,&quot;id&quot;:2035,&quot;productlink&quot;:&quot;https:\\\/\\\/vietcorp.com\\\/store\\\/2035\\\/thiet-bi-luu-tru-nas-synology-rs822rp\\\/&quot;,&quot;item_list_name&quot;:&quot;General Product List&quot;,&quot;index&quot;:1,&quot;product_type&quot;:&quot;simple&quot;,&quot;item_brand&quot;:&quot;&quot;}\"><\/span>\r\n\t<\/div>\r\r\n<\/div>\r\r\n\r\r\n<\/li>\r\r\n\r\n<\/ul>\r\r\n<\/div>[\/vc_column][\/vc_row][vc_row][vc_column][vc_column_text]<\/p>\n<h2><span style=\"color: #0000ff;\">NAS Synology RS820RP+ <\/span><span style=\"color: #0000ff;\">Gi\u1ea3i ph\u00e1p l\u01b0u tr\u1eef hi\u1ec7u su\u1ea5t cao k\u00e8m kh\u1ea3 n\u0103ng m\u1edf r\u1ed9ng linh ho\u1ea1t<\/span><\/h2>\n<p><strong><a href=\"https:\/\/vietcorp.com\/store\/nas-synology\">Synology<\/a> RackStation RS820+ \/ RS820RP+<\/strong> \u0111\u01b0\u1ee3c thi\u1ebft k\u1ebf d\u00e0nh cho doanh nghi\u1ec7p qu\u1ea3n l\u00fd d\u1eef li\u1ec7u t\u1eadp trung v\u00e0 hi\u1ec7u qu\u1ea3, \u0111i k\u00e8m 4 <a href=\"https:\/\/vietcorp.com\/store\/nas?filter_drive-bays=8\">bay<\/a> HDD v\u00e0 c\u1ed5ng LAN 1GbE. Synology RackStation RS820 h\u1ed7 tr\u1ee3 t\u00f9y ch\u1ecdn cho ph\u00e9p g\u1eafn th\u00eam card m\u1ea1ng 10GbE ho\u1eb7c adapter card M.2 SSD, cung c\u1ea5p kh\u1ea3 n\u0103ng truy\u1ec1n d\u1eef li\u1ec7u nhanh ch\u00f3ng v\u00e0 gi\u1ea3m \u0111\u1ed9 tr\u1ec5 IO.<\/p>\n<p>&nbsp;<\/p>\n<table>\n<tbody>\n<tr>\n<td style=\"text-align: center;\"><strong>CPU<\/strong><\/td>\n<td>\n<p class=\"title\" style=\"text-align: center;\"><strong>Memory<\/strong><\/p>\n<\/td>\n<td>\n<p class=\"title\" style=\"text-align: center;\"><strong>Hi\u1ec7u su\u1ea5t cao<\/strong><\/p>\n<\/td>\n<td>\n<p class=\"title\" style=\"text-align: center;\"><strong>Kh\u1ea3 n\u0103ng m\u1edf r\u1ed9ng<\/strong><\/p>\n<\/td>\n<\/tr>\n<tr>\n<td style=\"text-align: center;\">4-core 2.1 GHz<\/td>\n<td style=\"text-align: center;\">2GB DDR4, up to 18GB<\/td>\n<td style=\"text-align: center;\">Ch\u1ebf \u0111\u1ed9 \u0111\u1ecdc ghi tu\u1ea7n t\u1ef1 h\u01a1n 1,621 MB\/s<\/td>\n<td style=\"text-align: center;\">L\u00ean \u0111\u1ebfn 8 bay v\u1edbi RX418<\/td>\n<\/tr>\n<\/tbody>\n<\/table>\n<p>&nbsp;<\/p>\n<h2 style=\"text-align: center;\"><span style=\"color: #0000ff;\">NAS Synology RS820RP+ x<\/span><span style=\"color: #0000ff;\">\u00e2y d\u1ef1ng d\u1ecbch v\u1ee5 v\u1edbi \u0111\u1ed9 tin c\u1eady cao<\/span><\/h2>\n<p>RS820+ \/RS820RP+ h\u1ed7 tr\u1ee3 4 c\u1ed5ng LAN 1GbE li\u00ean k\u1ebft v\u00e0 chuy\u1ec3n \u0111\u1ed5i d\u1ef1 ph\u00f2ng linh ho\u1ea1t. Synology Hight Availability cung c\u1ea5p kh\u1ea3 n\u0103ng m\u00e1y ch\u1ee7 cluster active\/passive \u0111\u00e1ng tin c\u1eady, t\u1ed1i \u01b0u h\u00f3a th\u1eddi gian ho\u1ea1t \u0111\u1ed9ng c\u1ee7a d\u1ecbch v\u1ee5 gi\u1ea3m thi\u1ec3u r\u1ee7i ro kh\u1eafc ph\u1ee5c s\u1ef1 c\u1ed1. H\u01a1n n\u1eefa, RS820RP+ \u0111\u01b0\u1ee3c trang b\u1ecb ngu\u1ed3n \u0111i\u1ec7n d\u1ef1 ph\u00f2ng \u0111\u1ec3 \u0111\u1ea1t \u0111\u01b0\u1ee3c t\u00ednh li\u00ean t\u1ee5c c\u1ee7a d\u1ecbch v\u1ee5.<\/p>\n<p><img decoding=\"async\" class=\"aligncenter wp-image-4090 size-full\" src=\"https:\/\/vietcorp.com\/blog\/wp-content\/uploads\/2021\/01\/nas-synology-rs820-built_01-vietcorp.png\" alt=\"Vietcorp ph\u00e2n ph\u1ed1i NAS Synology RS820RP+\" width=\"926\" height=\"336\" \/><\/p>\n<h2 style=\"text-align: center;\"><span style=\"color: #0000ff;\">H\u1ec7 th\u1ed1ng t\u1eadp tin d\u1eef li\u1ec7u \u0111\u01b0\u1ee3c b\u1ea3o v\u1ec7 t\u1ed1t h\u01a1n<\/span><\/h2>\n<p>H\u1ec7 th\u1ed1ng Btrfs gi\u1edbi thi\u1ec7u c\u00e1c c\u00f4ng ngh\u1ec7 l\u01b0u tr\u1eef ti\u00ean ti\u1ebfn v\u00e0 snapshot \u0111\u01b0\u1ee3c t\u1ed1i \u01b0u h\u00f3a \u0111\u1ec3 ng\u0103n ch\u1eb7n d\u1eef li\u1ec7u b\u1ecb h\u1ecfng v\u00e0 gi\u1ea3m chi ph\u00ed b\u1ea3o tr\u00ec. \u0110\u1ea3m b\u1ea3o t\u00ednh to\u00e0n v\u1eb9n c\u1ee7a d\u1eef li\u1ec7u c\u1ea5p cao, n\u00f3 c\u0169ng cung c\u1ea5p c\u00e1c c\u00f4ng c\u1ee5 ph\u1ee5c h\u1ed3i v\u00e0 b\u1ea3o v\u1ec7 d\u1eef li\u1ec7u linh ho\u1ea1t, hi\u1ec7u qu\u1ea3.<\/p>\n<table>\n<tbody>\n<tr>\n<td><img decoding=\"async\" class=\"size-full wp-image-4092 aligncenter\" src=\"https:\/\/vietcorp.com\/blog\/wp-content\/uploads\/2021\/01\/nas-synology-rs820-data_protection_01-vietcorp.png\" alt=\"\" width=\"36\" height=\"30\" \/><\/td>\n<td>Ki\u1ec3m so\u00e1t h\u1ea1n ng\u1ea1ch ng\u01b0\u1eddi d\u00f9ng \/ th\u01b0 m\u1ee5c \u0111\u01b0\u1ee3c chia s\u1ebb linh ho\u1ea1t cung c\u1ea5p kh\u1ea3 n\u0103ng ki\u1ec3m so\u00e1t to\u00e0n di\u1ec7n tr\u00ean t\u1ea5t c\u1ea3 c\u00e1c t\u00e0i kho\u1ea3n ng\u01b0\u1eddi d\u00f9ng v\u00e0 th\u01b0 m\u1ee5c chia s\u1ebb<\/td>\n<\/tr>\n<tr>\n<td><img decoding=\"async\" class=\"alignnone size-full wp-image-4093\" src=\"https:\/\/vietcorp.com\/blog\/wp-content\/uploads\/2021\/01\/nas-synology-rs820-data_protection_02-vietcorp.png\" alt=\"\" width=\"36\" height=\"30\" \/><\/td>\n<td>Snapshot Replication cung c\u1ea5p kh\u1ea3 n\u0103ng b\u1ea3o v\u1ec7 d\u1eef li\u1ec7u c\u00f3 th\u1ec3 l\u1eadp l\u1ecbch v\u00e0 ti\u1ebft ki\u1ec7m dung l\u01b0\u1ee3ng l\u01b0u tr\u1eef v\u1edbi 1.024 b\u1ea3n sao l\u01b0u th\u01b0 m\u1ee5c chia s\u1ebb v\u00e0 65.000 \u1ea3nh ch\u1ee5p nhanh tr\u00ean to\u00e0n h\u1ec7 th\u1ed1ng<\/td>\n<\/tr>\n<tr>\n<td><img decoding=\"async\" class=\"alignnone size-full wp-image-4094\" src=\"https:\/\/vietcorp.com\/blog\/wp-content\/uploads\/2021\/01\/nas-synology-rs820-data_protection_03-vietcorp.png\" alt=\"\" width=\"36\" height=\"30\" \/><\/td>\n<td>Kh\u00f4i ph\u1ee5c d\u1eef li\u1ec7u file ho\u1eb7c th\u01b0 m\u1ee5c nhanh ch\u00f3ng v\u00e0 linh ho\u1ea1t<\/td>\n<\/tr>\n<tr>\n<td><img decoding=\"async\" class=\"alignnone size-full wp-image-4095\" src=\"https:\/\/vietcorp.com\/blog\/wp-content\/uploads\/2021\/01\/nas-synology-rs820-data_protection_04-vietcorp.png\" alt=\"\" width=\"36\" height=\"30\" \/><\/td>\n<td>T\u1ef1 \u0111\u1ed9ng ph\u1ee5c h\u1ed3i file khi ph\u00e1t hi\u1ec7n c\u00e1c t\u1ec7p b\u1ecb h\u1ecfng m\u00e0 kh\u00f4ng c\u1ea7n ng\u01b0\u1eddi d\u00f9ng can thi\u1ec7p<\/td>\n<\/tr>\n<\/tbody>\n<\/table>\n<p>&nbsp;<\/p>\n<p><img decoding=\"async\" class=\"aligncenter wp-image-4091 size-full\" src=\"https:\/\/vietcorp.com\/blog\/wp-content\/uploads\/2021\/01\/nas-synology-rs820-Btrfs_04_black-vietcorp.gif\" alt=\"Vietcorp ph\u00e2n ph\u1ed1i NAS Synology RS820RP+\" width=\"597\" height=\"122\" \/><\/p>\n<p>&nbsp;<\/p>\n<p>&nbsp;<\/p>\n<h2 class=\"center\" style=\"text-align: center;\"><span style=\"color: #0000ff;\">Gi\u1ea3i ph\u00e1p sao l\u01b0u t\u1ed1i \u01b0u<\/span><\/h2>\n<p>RS820+ \/ RS820RP+ t\u00edch h\u1ee3p c\u00e1c \u1ee9ng d\u1ee5ng sao l\u01b0u v\u00e0o giao di\u1ec7n ng\u01b0\u1eddi d\u00f9ng tr\u1ef1c quan, cung c\u1ea5p c\u00e1c c\u00f4ng ngh\u1ec7 l\u01b0u tr\u1eef l\u00e2u b\u1ec1n \u0111\u1ec3 b\u1ea3o v\u1ec7 d\u1eef li\u1ec7u qu\u00fd gi\u00e1 c\u1ee7a b\u1ea1n tr\u00ean m\u1ecdi thi\u1ebft b\u1ecb.<\/p>\n<table>\n<tbody>\n<tr>\n<td><img decoding=\"async\" class=\"aligncenter wp-image-4098 size-full\" src=\"https:\/\/vietcorp.com\/blog\/wp-content\/uploads\/2021\/01\/nas-synology-rs820-backup_solution_1-vietcorp.png\" alt=\"Vietcorp ph\u00e2n ph\u1ed1i NAS Synology RS820RP+\" width=\"60\" height=\"60\" \/><\/td>\n<td><img decoding=\"async\" class=\"aligncenter wp-image-4096 size-full\" src=\"https:\/\/vietcorp.com\/blog\/wp-content\/uploads\/2021\/01\/nas-synology-rs820-backup_solution_2-vietcorp.png\" alt=\"Vietcorp ph\u00e2n ph\u1ed1i NAS Synology RS820RP+\" width=\"60\" height=\"60\" \/><\/td>\n<td><img decoding=\"async\" class=\"aligncenter wp-image-4097 size-full\" src=\"https:\/\/vietcorp.com\/blog\/wp-content\/uploads\/2021\/01\/nas-synology-rs820-backup_solution_3-vietcorp.png\" alt=\"Vietcorp ph\u00e2n ph\u1ed1i NAS Synology RS820RP+\" width=\"60\" height=\"60\" \/><\/td>\n<\/tr>\n<tr>\n<td>\n<h4 style=\"text-align: center;\">Active Backup for Business<\/h4>\n<\/td>\n<td>\n<h4 style=\"text-align: center;\">Hyper Backup<\/h4>\n<\/td>\n<td>\n<h4 style=\"text-align: center;\">Drive Package<\/h4>\n<\/td>\n<\/tr>\n<tr>\n<td style=\"text-align: left;\">Active Backup t\u1eadp trung c\u00e1c t\u00e1c v\u1ee5 sao l\u01b0u cho VMware, Windows, Microsoft 365 v\u00e0 G Suite &#8211; v\u00ec v\u1eady b\u1ea1n c\u00f3 th\u1ec3 qu\u1ea3n l\u00fd c\u00e1c b\u1ea3n sao l\u01b0u n\u00e0y v\u00e0o NAS Synology t\u1eeb m\u1ed9t b\u1ea3ng console \u0111\u01a1n gi\u1ea3n.<\/td>\n<td>Sao l\u01b0u to\u00e0n di\u1ec7n d\u1eef li\u1ec7u c\u1ee7a b\u1ea1n v\u00e0o m\u1ed9t th\u01b0 m\u1ee5c chia s\u1ebb c\u1ee5c b\u1ed9, m\u1ed9t thi\u1ebft b\u1ecb b\u00ean ngo\u00e0i, m\u1ed9t NAS Synology kh\u00e1c, m\u1ed9t m\u00e1y ch\u1ee7 rsync ho\u1eb7c m\u1ed9t public cloud \u0111\u1ec3 \u0111\u1ea3m b\u1ea3o an to\u00e0n cho d\u1eef li\u1ec7u.<\/td>\n<td>B\u1ea3o v\u1ec7 m\u00e1y t\u00ednh c\u1ee7a b\u1ea1n v\u1edbi Synology Drive Client.\u00a0D\u1ec5 d\u00e0ng th\u1ef1c hi\u1ec7n sao l\u01b0u d\u1eef li\u1ec7u th\u1eddi gian th\u1ef1c v\u00e0 kh\u00f4i ph\u1ee5c file t\u1ea1i th\u1eddi \u0111i\u1ec3m.<\/td>\n<\/tr>\n<\/tbody>\n<\/table>\n<h2><\/h2>\n<h2 style=\"text-align: center;\"><span style=\"color: #0000ff;\">C\u1ed9ng t\u00e1c file trong th\u1eddi gian th\u1ef1c\u00a0<\/span><\/h2>\n<p>Synology Office l\u00e0 m\u1ed9t g\u00f3i k\u1ebft h\u1ee3p s\u1ef1 ti\u1ec7n l\u1ee3i, kh\u1ea3 n\u0103ng s\u1eed d\u1ee5ng public cloud v\u1edbi quy\u1ec1n ri\u00eang t\u01b0 v\u00e0 b\u1ea3o m\u1eadt cao. N\u00f3 cho ph\u00e9p c\u1ed9ng t\u00e1c li\u1ec1n m\u1ea1ch tr\u00ean c\u00e1c t\u00e0i li\u1ec7u v\u00e0 b\u1ea3ng t\u00ednh trong m\u00f4i tr\u01b0\u1eddng v\u0103n ph\u00f2ng.<\/p>\n<p><img decoding=\"async\" class=\"size-full wp-image-4099 aligncenter\" src=\"https:\/\/vietcorp.com\/blog\/wp-content\/uploads\/2021\/01\/nas-synology-rs820-cloud_01_mobile-viecorp.png\" alt=\"\" width=\"888\" height=\"527\" \/><\/p>\n<p>&nbsp;<\/p>\n<p>&nbsp;<\/p>\n<h2><span style=\"color: #0000ff;\">\u0110\u01b0\u1ee3c thi\u1ebft k\u1ebf \u0111\u1ea3m b\u1ea3o \u0111\u1ed9 tin c\u1eady<\/span><\/h2>\n<p>RS820+\u200b\/\u200bRS820RP+ \u0111\u01b0\u1ee3c thi\u1ebft k\u1ebf \u0111\u1ec3 l\u01b0u tr\u1eef d\u1eef li\u1ec7u c\u1ee7a b\u1ea1n m\u1ed9t c\u00e1ch \u0111\u00e1ng tin c\u1eady v\u00e0 \u0111\u01b0\u1ee3c h\u1ed7 tr\u1ee3 b\u1edfi b\u1ea3o h\u00e0nh ph\u1ea7n c\u1ee9ng ba n\u0103m c\u1ee7a Synology. B\u1ea3o h\u00e0nh m\u1edf r\u1ed9ng hai n\u0103m t\u00f9y ch\u1ecdn c\u00f3 s\u1eb5n \u1edf m\u1ed9t s\u1ed1 khu v\u1ef1c v\u1edbi th\u1eddi gian b\u1ea3o hi\u1ec3m l\u00ean \u0111\u1ebfn n\u0103m n\u0103m<\/p>\n<p><img decoding=\"async\" class=\"size-full wp-image-4100 aligncenter\" src=\"https:\/\/vietcorp.com\/blog\/wp-content\/uploads\/2021\/01\/nas-synology-rs820-extended_warranty_EW202-viecorp.png\" alt=\"\" width=\"544\" height=\"420\" \/><\/p>\n<p>&nbsp;<\/p>\n<p>&nbsp;<\/p>\n<h2><span style=\"color: #0000ff;\">B\u1ec1 ngo\u00e0i c\u1ee7a NAS Synology RS820RP+<\/span><\/h2>\n<table>\n<tbody>\n<tr>\n<td style=\"text-align: center;\"><strong>M\u1eb7t tr\u01b0\u1edbc\u00a0 NAS Synology RS820RP+<\/strong><\/td>\n<td style=\"text-align: center;\"><strong>M\u1eb7t sau NAS Synology RS820RP+<\/strong><\/td>\n<\/tr>\n<tr>\n<td><img decoding=\"async\" class=\"alignnone size-full wp-image-4109\" src=\"https:\/\/vietcorp.com\/blog\/wp-content\/uploads\/2021\/01\/nas-synology-rs820-backpanel_01-vietcorp.png\" alt=\"\" width=\"683\" height=\"176\" \/><\/td>\n<td><img decoding=\"async\" class=\"alignnone size-full wp-image-4110\" src=\"https:\/\/vietcorp.com\/blog\/wp-content\/uploads\/2021\/01\/nas-synology-rs820-backpanel_02-vietcorp.png\" alt=\"\" width=\"721\" height=\"176\" \/><\/td>\n<\/tr>\n<tr>\n<td>1. \u0110\u00e8n b\u00e1o tr\u1ea1ng th\u00e1i ngu\u1ed3n<\/td>\n<td>9. Khe c\u1eafm m\u1edf r\u1ed9ng PCIe<\/td>\n<\/tr>\n<tr>\n<td>2. N\u00fat ngu\u1ed3n<\/td>\n<td>10. Ngu\u1ed3n\u00a0\u0111i\u1ec7n<\/td>\n<\/tr>\n<tr>\n<td>3. \u0110\u00e8n b\u00e1o c\u1ea3nh b\u00e1o<\/td>\n<td>11. Qu\u1ea1t h\u1ec7 th\u1ed1ng<\/td>\n<\/tr>\n<tr>\n<td>4. \u0110\u00e8n tr\u1ea1ng th\u00e1i \u1ed5 c\u1ee9ng<\/td>\n<td>12. C\u1ed5ng m\u1ea1ng 1GbE RJ-45<\/td>\n<\/tr>\n<tr>\n<td>5. N\u00fat t\u1eaft ti\u1ebfng beep<\/td>\n<td>13. N\u00fat reset<\/td>\n<\/tr>\n<tr>\n<td>6. \u0110\u00e8n b\u00e1o tr\u1ea1ng th\u00e1i<\/td>\n<td>14. C\u1ed5ng USB 3.0<\/td>\n<\/tr>\n<tr>\n<td>7. Khay \u1ed5 c\u1ee9ng<\/td>\n<td>15. C\u1ed5ng m\u1edf r\u1ed9ng\u00a0eSATA<\/td>\n<\/tr>\n<tr>\n<td>8. Console port<\/td>\n<td><\/td>\n<\/tr>\n<\/tbody>\n<\/table>\n<p>&nbsp;<\/p>\n<p>Xem th\u00eam th\u00f4ng tin h\u1ed7 tr\u1ee3 cho\u00a0<strong>thi\u1ebft b\u1ecb l\u01b0u tr\u1eef NAS Synology RS820RP+<\/strong><\/p>\n<ul>\n<li><a href=\"https:\/\/vietcorp.com\/support\/synology\/\">H\u1ed7 tr\u1ee3 Synology<\/a><\/li>\n<li><a href=\"https:\/\/vietcorp.com\/blog\/tag\/tin-tuc-synology\">Tin t\u1ee9c Synology<\/a><\/li>\n<li><a href=\"https:\/\/vietcorp.com\/blog\/tag\/gioi-thieu-san-pham-synology\">Gi\u1edbi thi\u1ec7u Synology s\u1ea3n ph\u1ea9m<\/a><\/li>\n<\/ul>\n<p>[\/vc_column_text][\/vc_column][\/vc_row]<\/p>\n<\/section>","protected":false},"excerpt":{"rendered":"<h4 style=\"color: red;\"><strong>S\u1ea2N PH\u1ea8M NG\u1eeaNG KINH DOANH<\/strong><\/h4>\n<p><a href=\"https:\/\/www.vietcorp.com\/blog\/danh-sach-san-pham-synology-ngung-kinh-doanh-14724.html\/\">(Danh s\u00e1ch s\u1ea3n ph\u1ea9m Synology ng\u1eebng kinh doanh)<\/a><\/p>\n<p>RS820RP+ 4 bays<br \/>\n4-core 2.1 GHz CPU<br \/>\nOver 1,621 MB\/s sequential reading<br \/>\nScale up to 8 drives<\/p>\n","protected":false},"featured_media":272,"template":"","meta":[],"product_brand":[],"product_cat":[337],"product_tag":[],"class_list":{"0":"post-274","1":"product","2":"type-product","3":"status-publish","4":"has-post-thumbnail","6":"product_cat-san-pham-ngung-kinh-doanh","7":"pa_bo-vxl-cpu-intel-atom","8":"pa_drive-bays-4-bays","9":"pa_form-factor-1u-rackmount","10":"pa_thuong-hieu-synology","11":"pa_tinh-nang-phan-cung-64-bit-architecture","12":"pa_tinh-nang-phan-cung-encryption-engine-aes-ni","13":"pa_tinh-nang-phan-cung-expandable-storage-capacity","14":"pa_tinh-nang-phan-cung-hot-swappable-drives","15":"pa_tinh-nang-phan-cung-upgradeable-ram","16":"pa_tinh-nang-phan-mem-active-backup-for-business","17":"pa_tinh-nang-phan-mem-btrfs-file-system","18":"pa_tinh-nang-phan-mem-mailplus","19":"pa_tinh-nang-phan-mem-snapshot-replication","20":"pa_tinh-nang-phan-mem-synology-high-availability","21":"pa_tinh-nang-phan-mem-virtual-machine-manager","23":"first","24":"outofstock","25":"taxable","26":"shipping-taxable","27":"product-type-simple"},"_links":{"self":[{"href":"https:\/\/vietcorp.com\/store\/wp-json\/wp\/v2\/product\/274","targetHints":{"allow":["GET"]}}],"collection":[{"href":"https:\/\/vietcorp.com\/store\/wp-json\/wp\/v2\/product"}],"about":[{"href":"https:\/\/vietcorp.com\/store\/wp-json\/wp\/v2\/types\/product"}],"wp:featuredmedia":[{"embeddable":true,"href":"https:\/\/vietcorp.com\/store\/wp-json\/wp\/v2\/media\/272"}],"wp:attachment":[{"href":"https:\/\/vietcorp.com\/store\/wp-json\/wp\/v2\/media?parent=274"}],"wp:term":[{"taxonomy":"product_brand","embeddable":true,"href":"https:\/\/vietcorp.com\/store\/wp-json\/wp\/v2\/product_brand?post=274"},{"taxonomy":"product_cat","embeddable":true,"href":"https:\/\/vietcorp.com\/store\/wp-json\/wp\/v2\/product_cat?post=274"},{"taxonomy":"product_tag","embeddable":true,"href":"https:\/\/vietcorp.com\/store\/wp-json\/wp\/v2\/product_tag?post=274"}],"curies":[{"name":"wp","href":"https:\/\/api.w.org\/{rel}","templated":true}]}}