


{"id":2734,"date":"2022-10-27T13:55:21","date_gmt":"2022-10-27T06:55:21","guid":{"rendered":"https:\/\/www.vietcorp.com\/store\/?post_type=product&#038;p=2734"},"modified":"2025-12-11T13:44:59","modified_gmt":"2025-12-11T06:44:59","slug":"thiet-bi-mo-rong-nas-synology-dx1222","status":"publish","type":"product","link":"https:\/\/vietcorp.com\/store\/2734\/thiet-bi-mo-rong-nas-synology-dx1222\/","title":{"rendered":"Synology DX1222"},"content":{"rendered":"<h3><a href=\"https:\/\/www.vietcorp.com\/store\/2734\/thiet-bi-mo-rong-nas-synology-dx1222\/\"><strong>Thi\u1ebft b\u1ecb m\u1edf r\u1ed9ng NAS Synology DX1222<\/strong><\/a><\/h3>\n<p>D\u1ec5 d\u00e0ng t\u0103ng g\u1ea5p \u0111\u00f4i ho\u1eb7c g\u1ea5p ba dung l\u01b0\u1ee3ng l\u01b0u tr\u1eef c\u1ee7a <a href=\"https:\/\/www.vietcorp.com\/store\/nas-synology-diskstation\/\">Synology DiskStation<\/a> c\u1ee7a b\u1ea1n.<\/p>\n<p><strong>C\u1ea5u h\u00ecnh <a href=\"https:\/\/www.vietcorp.com\/store\/nas-synology\/\">NAS Synology<\/a> DX1222:<\/strong><\/p>\n<ul>\n<li>Applied Models: 22 series: DS3622xs+, DS2422+<\/li>\n<li>\u1ed4 \u0111\u0129a: 12 khay<\/li>\n<li>Dung l\u01b0\u1ee3ng: L\u00ean \u0111\u1ebfn 216 TB (18 TB drive x 12) (Capacity may vary by RAID types)<\/li>\n<li>C\u1ed5ng m\u1edf r\u1ed9ng: 1 c\u1ed5ng m\u1edf r\u1ed9ng<\/li>\n<li>B\u1ea3o h\u00e0nh 60 th\u00e1ng<\/li>\n<\/ul>\n<p><center><iframe loading=\"lazy\" title=\"YouTube video player\" src=\"https:\/\/www.youtube.com\/embed\/NTWjWtPx3PA?si=tqna_U8RbC9g_7Pb\" width=\"560\" height=\"315\" frameborder=\"0\" allowfullscreen=\"allowfullscreen\"><\/iframe><\/center><\/p>\n<h3><strong>Th\u00eam 12 khay \u1ed5 \u0111\u0129a v\u00e0o DiskStation c\u1ee7a b\u1ea1n m\u1ed9t c\u00e1ch nhanh ch\u00f3ng<\/strong><\/h3>\n<p>S\u1eed d\u1ee5ng Synology Expansion Unit DX1222 \u0111\u1ec3 th\u00eam 12 khay \u1ed5 \u0111\u0129a b\u1ed5 sung v\u00e0o qu\u00e1 tr\u00ecnh tri\u1ec3n khai c\u1ee7a b\u1ea1n trong khi v\u1eabn gi\u1eef cho b\u1ed9 nh\u1edb v\u00e0 d\u1ecbch v\u1ee5 c\u1ee7a b\u1ea1n tr\u1ef1c tuy\u1ebfn v\u00e0 kh\u00f4ng b\u1ecb gi\u00e1n \u0111o\u1ea1n.<\/p>\n<p><strong>Thi\u1ebft l\u1eadp nhanh ch\u00f3ng<\/strong><\/p>\n<figure id=\"attachment_2738\" aria-describedby=\"caption-attachment-2738\" style=\"width: 600px\" class=\"wp-caption aligncenter\"><img decoding=\"async\" class=\"size-full wp-image-2738\" src=\"https:\/\/www.vietcorp.com\/store\/wp-content\/uploads\/2022\/10\/thiet-bi-mo-rong-expansion-synology-dx1222-5.jpg\" alt=\"Thi\u1ebft b\u1ecb m\u1edf r\u1ed9ng NAS Synology DX1222 1\" width=\"600\" height=\"430\" srcset=\"https:\/\/vietcorp.com\/store\/wp-content\/uploads\/2022\/10\/thiet-bi-mo-rong-expansion-synology-dx1222-5.jpg?v=1668218914 600w, https:\/\/vietcorp.com\/store\/wp-content\/uploads\/2022\/10\/thiet-bi-mo-rong-expansion-synology-dx1222-5-400x287.jpg?v=1668218914 400w, https:\/\/vietcorp.com\/store\/wp-content\/uploads\/2022\/10\/thiet-bi-mo-rong-expansion-synology-dx1222-5-367x263.jpg?v=1668218914 367w\" sizes=\"(max-width: 600px) 100vw, 600px\" \/><figcaption id=\"caption-attachment-2738\" class=\"wp-caption-text\">Thi\u1ebft b\u1ecb m\u1edf r\u1ed9ng NAS Synology DX1222<\/figcaption><\/figure>\n<p>B\u1ed9 nh\u1edb b\u1ed5 sung c\u1ee7a b\u1ea1n s\u1ebd s\u1eb5n s\u00e0ng s\u1eed d\u1ee5ng trong gi\u00e2y l\u00e1t sau khi b\u1ea1n k\u1ebft n\u1ed1i n\u00f3 v\u1edbi NAS ch\u00ednh c\u1ee7a m\u00ecnh. M\u1edf r\u1ed9ng \u1ed5 \u0111\u0129a tr\u1ef1c tuy\u1ebfn cho ph\u00e9p b\u1ea1n th\u00eam m\u1ed9t \u1ed5 \u0111\u0129a m\u1edbi ho\u1eb7c m\u1edf r\u1ed9ng \u1ed5 \u0111\u0129a RAID m\u00e0 kh\u00f4ng c\u1ea7n \u0111\u1ecbnh d\u1ea1ng l\u1ea1i \u1ed5 \u0111\u0129a th\u00f4ng qua <a href=\"https:\/\/www.vietcorp.com\/store\/synology-diskstation-manager-7-2\/\">DiskStation Manager<\/a> (DSM).<\/p>\n<p><strong>Qu\u1ea3n l\u00fd t\u1eadp trung t\u1ea5t c\u1ea3 c\u00e1c \u1ed5 \u0111\u0129a c\u1ee7a b\u1ea1n<\/strong><\/p>\n<figure id=\"attachment_2739\" aria-describedby=\"caption-attachment-2739\" style=\"width: 600px\" class=\"wp-caption aligncenter\"><img decoding=\"async\" class=\"size-full wp-image-2739\" src=\"https:\/\/www.vietcorp.com\/store\/wp-content\/uploads\/2022\/10\/thiet-bi-mo-rong-expansion-synology-dx1222-4.jpg\" alt=\"Thi\u1ebft b\u1ecb m\u1edf r\u1ed9ng NAS Synology DX1222 2\" width=\"600\" height=\"375\" srcset=\"https:\/\/vietcorp.com\/store\/wp-content\/uploads\/2022\/10\/thiet-bi-mo-rong-expansion-synology-dx1222-4.jpg?v=1668218913 600w, https:\/\/vietcorp.com\/store\/wp-content\/uploads\/2022\/10\/thiet-bi-mo-rong-expansion-synology-dx1222-4-400x250.jpg?v=1668218913 400w, https:\/\/vietcorp.com\/store\/wp-content\/uploads\/2022\/10\/thiet-bi-mo-rong-expansion-synology-dx1222-4-367x229.jpg?v=1668218913 367w\" sizes=\"(max-width: 600px) 100vw, 600px\" \/><figcaption id=\"caption-attachment-2739\" class=\"wp-caption-text\">Thi\u1ebft b\u1ecb m\u1edf r\u1ed9ng NAS Synology DX1222<\/figcaption><\/figure>\n<p>Qu\u1ea3n l\u00fd \u1ed5 \u0111\u0129a th\u1ed1ng nh\u1ea5t sau khi k\u1ebft n\u1ed1i DX1222 v\u1edbi NAS ch\u00ednh c\u1ee7a b\u1ea1n. B\u1ea3o tr\u00ec, gi\u00e1m s\u00e1t v\u00e0 qu\u1ea3n l\u00fd c\u00e1c \u1ed5 \u0111\u0129a tr\u00ean c\u1ea3 hai thi\u1ebft b\u1ecb th\u1eadt \u0111\u01a1n gi\u1ea3n v\u1edbi Synology DSM.<\/p>\n<p><strong>B\u1ea3o h\u00e0nh 60 th\u00e1ng<\/strong><\/p>\n<p>Synology \u0111\u1ea3m b\u1ea3o tr\u1ea3i nghi\u1ec7m qu\u1ea3n l\u00fd d\u1eef li\u1ec7u m\u1ea1nh m\u1ebd v\u00e0 \u0111\u00e1ng tin c\u1eady v\u1edbi b\u1ea3o h\u00e0nh c\u00f3 gi\u1edbi h\u1ea1n 5 n\u0103m<\/p>\n<p>Xem th\u00eam NAS Synology:<\/p>\n<ul>\n<li><a href=\"https:\/\/www.vietcorp.com\/vn\/2819\/chung-nhan-vietcorp-doi-tac-cua-synology\/\">Ch\u1ee9ng nh\u1eadn Synology<\/a><\/li>\n<li><a href=\"https:\/\/vietcorp.com\/support\/synology\/\">Support Synology<\/a><\/li>\n<li><a href=\"https:\/\/www.vietcorp.com\/blog\/tag\/showcase-synology\/\">Showcase Synology<\/a><\/li>\n<\/ul>\n<p>&nbsp;<\/p>\n","protected":false},"excerpt":{"rendered":"<p>Applied Models: 22 series:DS3622xs+, DS2422+<br \/>\n\u1ed4 \u0111\u0129a: 12 khay<br \/>\nDung l\u01b0\u1ee3ng: L\u00ean \u0111\u1ebfn 216 TB (18 TB drive x 12)<br \/>\nC\u1ed5ng m\u1edf r\u1ed9ng: 1 c\u1ed5ng m\u1edf r\u1ed9ng<br \/>\nB\u1ea3o h\u00e0nh 60 th\u00e1ng<\/p>\n","protected":false},"featured_media":7527,"template":"","meta":[],"product_brand":[],"product_cat":[363],"product_tag":[47,53,23],"class_list":{"0":"post-2734","1":"product","2":"type-product","3":"status-publish","4":"has-post-thumbnail","6":"product_cat-expansion-units","7":"product_tag-expansion","8":"product_tag-nas","9":"product_tag-synology","11":"first","12":"instock","13":"taxable","14":"shipping-taxable","15":"product-type-simple"},"_links":{"self":[{"href":"https:\/\/vietcorp.com\/store\/wp-json\/wp\/v2\/product\/2734","targetHints":{"allow":["GET"]}}],"collection":[{"href":"https:\/\/vietcorp.com\/store\/wp-json\/wp\/v2\/product"}],"about":[{"href":"https:\/\/vietcorp.com\/store\/wp-json\/wp\/v2\/types\/product"}],"wp:featuredmedia":[{"embeddable":true,"href":"https:\/\/vietcorp.com\/store\/wp-json\/wp\/v2\/media\/7527"}],"wp:attachment":[{"href":"https:\/\/vietcorp.com\/store\/wp-json\/wp\/v2\/media?parent=2734"}],"wp:term":[{"taxonomy":"product_brand","embeddable":true,"href":"https:\/\/vietcorp.com\/store\/wp-json\/wp\/v2\/product_brand?post=2734"},{"taxonomy":"product_cat","embeddable":true,"href":"https:\/\/vietcorp.com\/store\/wp-json\/wp\/v2\/product_cat?post=2734"},{"taxonomy":"product_tag","embeddable":true,"href":"https:\/\/vietcorp.com\/store\/wp-json\/wp\/v2\/product_tag?post=2734"}],"curies":[{"name":"wp","href":"https:\/\/api.w.org\/{rel}","templated":true}]}}