


{"id":269,"date":"2020-11-03T10:40:48","date_gmt":"2020-11-03T03:40:48","guid":{"rendered":"https:\/\/www.vietcorp.com\/store\/product\/synology-rs1219\/"},"modified":"2024-05-13T16:19:15","modified_gmt":"2024-05-13T09:19:15","slug":"thiet-bi-luu-tru-nas-synology-rs1219","status":"publish","type":"product","link":"https:\/\/vietcorp.com\/store\/269\/thiet-bi-luu-tru-nas-synology-rs1219\/","title":{"rendered":"Thi\u1ebft b\u1ecb l\u01b0u tr\u1eef NAS Synology RS1219+"},"content":{"rendered":"<section class=\"wpb-content-wrapper\"><h4 style=\"color: red;\">S\u1ea3n ph\u1ea9m ng\u1eebng kinh doanh<\/h4>\n<p><strong>Thi\u1ebft b\u1ecb l\u01b0u tr\u1eef Nas Synology RS1219+<\/strong> l\u00e0 NAS 2U 8-bay ho\u00e0n to\u00e0n m\u1edbi cung c\u1ea5p kh\u1ea3 n\u0103ng m\u1edf r\u1ed9ng l\u01b0u tr\u1eef\u00a0 cho c\u00e1c doanh nghi\u1ec7p v\u1eeba v\u00e0 nh\u1ecf. T\u0103ng c\u01b0\u1eddng hi\u1ec7u su\u1ea5t l\u01b0u tr\u1eef v\u1edbi b\u1ed9 nh\u1edb cache M.2 SSD t\u00f9y ch\u1ecdn ho\u1eb7c n\u00e2ng cao t\u1ed1c \u0111\u1ed9 m\u1ea1ng b\u1eb1ng c\u00e1ch th\u00eam card network NIC 10 GbE. Synology RS1219+ l\u00fd t\u01b0\u1edfng \u0111\u1ec3 ph\u1ee5c v\u1ee5 nh\u01b0 m\u1ed9t m\u1ee5c ti\u00eau d\u1ef1 ph\u00f2ng b\u1ea3o v\u1ec7 c\u00e1c t\u00e0i s\u1ea3n quan tr\u1ecdng c\u1ee7a b\u1ea1n v\u00e0 chia s\u1ebb file tr\u00ean c\u00e1c n\u1ec1n t\u1ea3ng kh\u00e1c nhau.<\/p>\n<h2><span style=\"color: #0000ff;\"><strong>NAS Synology RS1219+ cung c\u1ea5p ph\u1ea7n c\u1ee9ng m\u1ea1nh m\u1ebd<\/strong><\/span><\/h2>\n<ul>\n<li><strong>CPU b\u1ed9 x\u1eed l\u00fd<\/strong> : Intel Atom C2538 Quad-core 2.4GHz<\/li>\n<li><strong>RAM b\u1ed9 nh\u1edb<\/strong> : 2GB DDR3L SODIMM, c\u00f3 th\u1ec3 m\u1edf r\u1ed9ng l\u00ean \u0111\u1ebfn 16GB<\/li>\n<li><strong>T\u1ed1c \u0111\u1ed9<\/strong> : \u0110\u1ecdc tu\u1ea7n t\u1ef1 tr\u00ean 1310 MBps<\/li>\n<li><b>Thi\u1ebft k\u1ebf nh\u1ecf g\u1ecdn:\u00a0<\/b>chi\u1ec1u s\u00e2u ch\u1ec9 v\u1ecdn v\u1eb9n 12inch<\/li>\n<\/ul>\n<h2><span style=\"color: #0000ff;\"><strong>NAS Synology RS1219+ \u0111\u00e1p \u1ee9ng m\u00e1y ch\u1ee7 rackmount ti\u1ebft ki\u1ec7m kh\u00f4ng gian \u0111\u1ec3 tri\u1ec3n khai<\/strong><\/span><\/h2>\n<p>NAS Synology RS1219 + h\u1ed7 tr\u1ee3 t\u1ed1i \u0111a 12 bay khi k\u1ebft h\u1ee3p v\u1edbi m\u1ed9t b\u1ed9 m\u1edf r\u1ed9ng RX418. V\u00ec c\u1ea3 RS1219 + v\u00e0 RX418 \u0111\u1ec1u ch\u1ec9 c\u00f3 chi\u1ec1u s\u00e2u 12 inch, ch\u00fang c\u00f3 th\u1ec3 ho\u00e0n to\u00e0n ph\u00f9 h\u1ee3p trong gi\u00e1 treo 2 tr\u1ee5 ho\u1eb7c gi\u00e1 treo t\u01b0\u1eddng.<\/p>\n<p><img decoding=\"async\" class=\"alignnone size-full wp-image-1543\" src=\"https:\/\/vietcorp.com\/store\/wp-content\/uploads\/2020\/11\/rackmount_01.png\" alt=\"\" width=\"680\" height=\"640\" srcset=\"https:\/\/vietcorp.com\/store\/wp-content\/uploads\/2020\/11\/rackmount_01.png?v=1668219990 680w, https:\/\/vietcorp.com\/store\/wp-content\/uploads\/2020\/11\/rackmount_01-600x565.png?v=1668219990 600w, https:\/\/vietcorp.com\/store\/wp-content\/uploads\/2020\/11\/rackmount_01-640x602.png?v=1668219990 640w, https:\/\/vietcorp.com\/store\/wp-content\/uploads\/2020\/11\/rackmount_01-400x376.png?v=1668219990 400w, https:\/\/vietcorp.com\/store\/wp-content\/uploads\/2020\/11\/rackmount_01-367x345.png?v=1668219990 367w\" sizes=\"(max-width: 680px) 100vw, 680px\" \/><\/p>\n<h2><strong><span style=\"color: #0000ff;\">Qu\u1ea3n l\u00fd v\u00e0 chia s\u1ebb t\u00e0i li\u1ec7u ho\u00e0n h\u1ea3o t\u1eeb DSM<\/span><\/strong><\/h2>\n<p>File Station l\u00e0 m\u1ed9t c\u00f4ng c\u1ee5 qu\u1ea3n l\u00fd web nhanh ch\u00f3ng v\u00e0 an to\u00e0n r\u1ea5t d\u1ec5 s\u1eed d\u1ee5ng, ph\u01b0\u01a1ng th\u1ee9c ho\u1ea1t \u0111\u1ed9ng tr\u1ef1c quan, ch\u1ec9 c\u1ea7n k\u00e9o v\u00e0 th\u1ea3, kh\u00f4ng c\u1ea7n c\u00e0i \u0111\u1eb7t ph\u1ee9c t\u1ea1p tr\u00ean Mac hay PC. C\u00e1c c\u00f4ng c\u1ee5 l\u1ecdc v\u00e0 t\u00ecm ki\u1ebfm n\u00e2ng cao c\u1ee7a n\u00f3 cho ph\u00e9p b\u1ea1n d\u1ec5 d\u00e0ng s\u1eafp x\u1ebfp v\u00e0 chia s\u1ebb d\u1eef li\u1ec7u. NAS Synology h\u1ed7 tr\u1ee3 c\u00e1c giao th\u1ee9c truy\u1ec1n th\u00f4ng sau: AFP, FTP, iSCSI, NFS, SMB ho\u1eb7c WebDAV.<\/p>\n<p><img decoding=\"async\" class=\"aligncenter wp-image-3825 size-full\" src=\"https:\/\/vietcorp.com\/blog\/wp-content\/uploads\/2020\/12\/file_management_computer_01.png\" alt=\"Vietcorp ph\u00e2n ph\u1ed1i NAS Synology DS620Slim\" width=\"650\" height=\"442\" \/><\/p>\n<h2 style=\"text-align: center;\"><span style=\"color: #0000ff;\"><strong>C\u00f4ng ngh\u1ec7 l\u01b0u tr\u1eef ti\u00ean ti\u1ebfn<\/strong><\/span><\/h2>\n<p>H\u1ec7 th\u1ed1ng t\u1ec7p Btrfs gi\u1edbi thi\u1ec7u c\u00e1c c\u00f4ng ngh\u1ec7 l\u01b0u tr\u1eef ti\u00ean ti\u1ebfn v\u00e0 \u1ea3nh ch\u1ee5p nhanh \u0111\u01b0\u1ee3c t\u1ed1i \u01b0u h\u00f3a \u0111\u1ec3 ng\u0103n ng\u1eeba l\u1ed7i d\u1eef li\u1ec7u v\u00e0 gi\u1ea3m chi ph\u00ed b\u1ea3o tr\u00ec.\u00a0Trong khi \u0111\u1ea3m b\u1ea3o t\u00ednh to\u00e0n v\u1eb9n c\u1ee7a d\u1eef li\u1ec7u c\u1ea5p cao, n\u00f3 c\u0169ng cung c\u1ea5p c\u00e1c c\u00f4ng c\u1ee5 ph\u1ee5c h\u1ed3i v\u00e0 b\u1ea3o v\u1ec7 d\u1eef li\u1ec7u linh ho\u1ea1t, hi\u1ec7u qu\u1ea3.<\/p>\n<p><img decoding=\"async\" class=\"aligncenter wp-image-3950 size-full\" src=\"https:\/\/vietcorp.com\/blog\/wp-content\/uploads\/2020\/12\/Btrfs_04_black.gif\" alt=\"C\u00f4ng ngh\u1ec7 RAID ti\u00ean ti\u1ebfn tr\u00ean Nas Synology DS220+\" width=\"597\" height=\"122\" \/><\/p>\n<h2 class=\"center\"><span style=\"color: #0000ff;\"><strong>C\u1ed9ng t\u00e1c file trong th\u1eddi gian v\u1edbi cloud private c\u1ee7a b\u1ea1n<\/strong><\/span><\/h2>\n<p>Synology Office l\u00e0 m\u1ed9t gi\u1ea3i ph\u00e1p h\u00e0i h\u00f2a k\u1ebft h\u1ee3p s\u1ef1 ti\u1ec7n l\u1ee3i v\u00e0 kh\u1ea3 n\u0103ng s\u1eed d\u1ee5ng c\u1ee7a public cloud v\u1edbi quy\u1ec1n ri\u00eang t\u01b0 v\u00e0 b\u1ea3o m\u1eadt tr\u00ean cloud ri\u00eang. N\u00f3 cho ph\u00e9p c\u1ed9ng t\u00e1c li\u1ec1n m\u1ea1ch tr\u00ean c\u00e1c t\u00e0i li\u1ec7u v\u00e0 b\u1ea3ng t\u00ednh trong m\u00f4i tr\u01b0\u1eddng \u0111\u01b0\u1ee3c b\u1ea3o v\u1ec7.<\/p>\n<p><img decoding=\"async\" class=\"alignnone wp-image-3896 size-full\" src=\"https:\/\/www.vietcorp.com\/blog\/wp-content\/uploads\/2020\/12\/synology-office.png\" alt=\"Vietcorp ph\u00e2n ph\u1ed1i NAS Synology DS1621xs +\" width=\"1698\" height=\"634\" \/><\/p>\n<h2 style=\"text-align: center;\"><strong><span style=\"color: #0000ff;\"><span style=\"vertical-align: inherit;\">\u0110\u1ea7y \u0111\u1ee7 gi\u1ea3i ph\u00e1p ch\u1ee9ng nh\u1eadn \u1ea3o h\u00f3a<\/span><\/span><\/strong><\/h2>\n<p><span style=\"vertical-align: inherit;\">Synology gi\u1ea3i ph\u00e1p l\u01b0u tr\u1eef iSCSI archive. Vi\u1ec7c t\u00edch h\u1ee3p VMware vSphere 6 v\u00e0 VAAI c\u00f3 th\u1ec3 gi\u1ea3m t\u1ea3i ho\u1ea1t \u0111\u1ed9ng l\u01b0u tr\u1eef c\u00f4ng c\u1ee5 c\u00f3 th\u1ec3 v\u00e0 t\u1ed1i \u01b0u h\u00f3a hi\u1ec7u su\u1ea5t m\u00e1y t\u00ednh. Windows Offloaded Data Transfer (ODX) c\u1ea3i thi\u1ec7n hi\u1ec7u qu\u1ea3 x\u1ee9ng \u0111\u00e1ng c\u1ee7a c\u00f4ng vi\u1ec7c v\u00e0 truy\u1ec1n d\u1eef li\u1ec7u. H\u1ed7 tr\u1ee3 OpenStack Cinder c\u0169ng c\u00f3 th\u1ec3 \u0111\u1ecbnh c\u1ea5u h\u00ecnh c\u1ee7a b\u1ea1n NAS Synology nh\u01b0 m\u1ed9t thi\u1ebft b\u1ecb l\u01b0u tr\u1eef ph\u00e2n \u0111o\u1ea1n kh\u1ed1i.<\/span><img decoding=\"async\" class=\"aligncenter wp-image-3826 size-full\" src=\"https:\/\/vietcorp.com\/blog\/wp-content\/uploads\/2020\/12\/vmware.jpg\" alt=\"Vietcorp ph\u00e2n ph\u1ed1i NAS Synology RS3618xs\" width=\"768\" height=\"291\" \/><\/p>\n<h2><strong><span style=\"color: #0000ff;\">Thi\u1ebft k\u1ebf \u0111\u1ea3m b\u1ea3o \u0111\u1ed9 tin c\u1eady cao, \u0111\u01b0\u1ee3c h\u1ed7 tr\u1ee3 b\u1edfi Synology<\/span><\/strong><\/h2>\n<p>NAS Synology RS1219+ \u0111\u01b0\u1ee3c thi\u1ebft k\u1ebf \u0111\u1ec3 l\u01b0u tr\u1eef d\u1eef li\u1ec7u c\u1ee7a b\u1ea1n m\u1ed9t c\u00e1ch \u0111\u00e1ng tin c\u1eady v\u00e0 \u0111\u01b0\u1ee3c b\u1ea3o h\u00e0nh ph\u1ea7n c\u1ee9ng ba n\u0103m c\u1ee7a Synology. B\u1ea3o h\u00e0nh m\u1edf r\u1ed9ng hai n\u0103m t\u00f9y ch\u1ecdn c\u00f3 s\u1eb5n \u1edf m\u1ed9t s\u1ed1 khu v\u1ef1c v\u1edbi th\u1eddi gian b\u1ea3o hi\u1ec3m l\u00ean \u0111\u1ebfn 5 n\u0103m.<\/p>\n<p><img decoding=\"async\" class=\"aligncenter wp-image-3831 size-full\" src=\"https:\/\/vietcorp.com\/blog\/wp-content\/uploads\/2020\/12\/extended_warranty_01-1.png\" alt=\"\" width=\"544\" height=\"420\" \/><\/p>\n<h2><span id=\"Be_ngoai_cua_DS1520\" style=\"color: #0000ff;\"><strong>B\u1ec1 ngo\u00e0i c\u1ee7a Nas Synology RS1219+<\/strong><\/span><\/h2>\n<table>\n<tbody>\n<tr>\n<td style=\"text-align: left;\"><strong>M\u1eb7t tr\u01b0\u1edbc Nas Synology RS1219+<\/strong><\/td>\n<td style=\"text-align: left;\"><strong>M\u1eb7t sau Nas Synology RS1219+<\/strong><\/td>\n<\/tr>\n<tr>\n<td><img decoding=\"async\" class=\"alignnone size-full wp-image-1545\" src=\"https:\/\/vietcorp.com\/store\/wp-content\/uploads\/2020\/11\/vietcorp-phan-phoi-nas-synology-rs1219-backpanel_01.png\" alt=\"\" width=\"700\" height=\"256\" srcset=\"https:\/\/vietcorp.com\/store\/wp-content\/uploads\/2020\/11\/vietcorp-phan-phoi-nas-synology-rs1219-backpanel_01.png?v=1668219989 700w, https:\/\/vietcorp.com\/store\/wp-content\/uploads\/2020\/11\/vietcorp-phan-phoi-nas-synology-rs1219-backpanel_01-640x234.png?v=1668219989 640w, https:\/\/vietcorp.com\/store\/wp-content\/uploads\/2020\/11\/vietcorp-phan-phoi-nas-synology-rs1219-backpanel_01-400x146.png?v=1668219989 400w, https:\/\/vietcorp.com\/store\/wp-content\/uploads\/2020\/11\/vietcorp-phan-phoi-nas-synology-rs1219-backpanel_01-367x134.png?v=1668219989 367w, https:\/\/vietcorp.com\/store\/wp-content\/uploads\/2020\/11\/vietcorp-phan-phoi-nas-synology-rs1219-backpanel_01-600x219.png?v=1668219989 600w\" sizes=\"(max-width: 700px) 100vw, 700px\" \/><\/td>\n<td><img decoding=\"async\" class=\"alignnone size-full wp-image-1546\" src=\"https:\/\/vietcorp.com\/store\/wp-content\/uploads\/2020\/11\/vietcorp-phan-phoi-nas-synology-rs1219-backpanel_02.png\" alt=\"\" width=\"700\" height=\"256\" srcset=\"https:\/\/vietcorp.com\/store\/wp-content\/uploads\/2020\/11\/vietcorp-phan-phoi-nas-synology-rs1219-backpanel_02.png?v=1668219987 700w, https:\/\/vietcorp.com\/store\/wp-content\/uploads\/2020\/11\/vietcorp-phan-phoi-nas-synology-rs1219-backpanel_02-600x219.png?v=1668219987 600w, https:\/\/vietcorp.com\/store\/wp-content\/uploads\/2020\/11\/vietcorp-phan-phoi-nas-synology-rs1219-backpanel_02-640x234.png?v=1668219987 640w, https:\/\/vietcorp.com\/store\/wp-content\/uploads\/2020\/11\/vietcorp-phan-phoi-nas-synology-rs1219-backpanel_02-400x146.png?v=1668219987 400w, https:\/\/vietcorp.com\/store\/wp-content\/uploads\/2020\/11\/vietcorp-phan-phoi-nas-synology-rs1219-backpanel_02-367x134.png?v=1668219987 367w\" sizes=\"(max-width: 700px) 100vw, 700px\" \/><\/td>\n<\/tr>\n<tr>\n<td>1. \u0110\u00e8n ngu\u1ed3n<\/td>\n<td>8. Khe c\u1eafm m\u1edf r\u1ed9ng PCIe<\/td>\n<\/tr>\n<tr>\n<td>2. N\u00fat ngu\u1ed3n<\/td>\n<td>9. N\u00fat reset<\/td>\n<\/tr>\n<tr>\n<td>3.\u00a0 \u0110\u00e8n b\u00e1o tr\u1ea1ng th\u00e1i<\/td>\n<td>10. C\u1ed5ng USB 3.0<\/td>\n<\/tr>\n<tr>\n<td>4. \u0110\u00e8n\u00a0c\u1ea3nh b\u00e1o<\/td>\n<td>11. Network 1GbE RJ-45<\/td>\n<\/tr>\n<tr>\n<td>5. \u0110\u00e8n b\u00e1o tr\u1ea1ng th\u00e1i \u1ed5 \u0111\u0129a<\/td>\n<td>12.\u00a0 eSATA port<\/td>\n<\/tr>\n<tr>\n<td>6. Khay \u1ed5 \u0111\u0129a<\/td>\n<td>13. Ngu\u1ed3n \u0111i\u1ec7n<\/td>\n<\/tr>\n<tr>\n<td>7. Qu\u1ea1t h\u1ec7 th\u1ed1ng<\/td>\n<td>14. Console port<\/td>\n<\/tr>\n<\/tbody>\n<\/table>\n<p>Xem th\u00eam th\u00f4ng tin h\u1ed7 tr\u1ee3 cho <strong>thi\u1ebft b\u1ecb l\u01b0u tr\u1eef NAS Synology RS1219+<\/strong><\/p>\n<ul>\n<li><a href=\"https:\/\/vietcorp.com\/support\/synology\/\">H\u1ed7 tr\u1ee3 Synology<\/a><\/li>\n<li><a href=\"https:\/\/vietcorp.com\/blog\/tag\/tin-tuc-synology\">Tin t\u1ee9c Synology<\/a><\/li>\n<li><a href=\"https:\/\/vietcorp.com\/blog\/tag\/gioi-thieu-san-pham-synology\">Gi\u1edbi thi\u1ec7u Synology s\u1ea3n ph\u1ea9m<\/a><\/li>\n<\/ul>\n<p>[\/vc_column_text][\/vc_column][\/vc_row]<\/p>\n<\/section>","protected":false},"excerpt":{"rendered":"<h4 style=\"color: red;\"><strong>S\u1ea2N PH\u1ea8M NG\u1eeaNG KINH DOANH<\/strong><\/h4>\n<p><a href=\"https:\/\/www.vietcorp.com\/blog\/danh-sach-san-pham-synology-ngung-kinh-doanh-14724.html\/\">(Danh s\u00e1ch s\u1ea3n ph\u1ea9m Synology ng\u1eebng kinh doanh)<\/a><br \/>\nRS1219+ 8 bays<br \/>\nQuad-core 2.4 GHz CPU<br \/>\nM.2 SATA SSD cache support<br \/>\nScale up to 12 drives<\/p>\n","protected":false},"featured_media":267,"template":"","meta":[],"product_brand":[],"product_cat":[337],"product_tag":[],"class_list":{"0":"post-269","1":"product","2":"type-product","3":"status-publish","4":"has-post-thumbnail","6":"product_cat-san-pham-ngung-kinh-doanh","7":"pa_bao-hanh-36-thang","8":"pa_bo-nho-ram-2-gb","9":"pa_bo-nho-ram-mo-rong-den-16-gb","10":"pa_bo-vxl-cpu-intel-atom","11":"pa_chung-loai-nas","12":"pa_cong-giao-tiep-1-x-esata","13":"pa_cong-giao-tiep-2-x-usb-3-0","14":"pa_cong-giao-tiep-4-x-rj-45-1gbe","15":"pa_drive-bays-8-bays","16":"pa_dung-luong-chua-co-o-cung","17":"pa_form-factor-2u-rackmount","18":"pa_muc-dich-su-dung-danh-cho-doanh-nghiep-lon","19":"pa_muc-dich-su-dung-danh-cho-doanh-nghiep-nho","20":"pa_muc-dich-su-dung-danh-cho-doanh-nghiep-vua","21":"pa_thuong-hieu-seagate","22":"pa_tinh-nang-phan-cung-64-bit-architecture","23":"pa_tinh-nang-phan-cung-encryption-engine-aes-ni","24":"pa_tinh-nang-phan-cung-expandable-storage-capacity","25":"pa_tinh-nang-phan-cung-hot-swappable-drives","26":"pa_tinh-nang-phan-mem-active-backup-for-business","27":"pa_tinh-nang-phan-mem-btrfs-file-system","28":"pa_tinh-nang-phan-mem-mailplus","29":"pa_tinh-nang-phan-mem-snapshot-replication","30":"pa_tinh-nang-phan-mem-synology-high-availability","31":"pa_tinh-nang-phan-mem-userful-multiseat-linux","33":"first","34":"outofstock","35":"taxable","36":"shipping-taxable","37":"product-type-simple"},"_links":{"self":[{"href":"https:\/\/vietcorp.com\/store\/wp-json\/wp\/v2\/product\/269","targetHints":{"allow":["GET"]}}],"collection":[{"href":"https:\/\/vietcorp.com\/store\/wp-json\/wp\/v2\/product"}],"about":[{"href":"https:\/\/vietcorp.com\/store\/wp-json\/wp\/v2\/types\/product"}],"wp:featuredmedia":[{"embeddable":true,"href":"https:\/\/vietcorp.com\/store\/wp-json\/wp\/v2\/media\/267"}],"wp:attachment":[{"href":"https:\/\/vietcorp.com\/store\/wp-json\/wp\/v2\/media?parent=269"}],"wp:term":[{"taxonomy":"product_brand","embeddable":true,"href":"https:\/\/vietcorp.com\/store\/wp-json\/wp\/v2\/product_brand?post=269"},{"taxonomy":"product_cat","embeddable":true,"href":"https:\/\/vietcorp.com\/store\/wp-json\/wp\/v2\/product_cat?post=269"},{"taxonomy":"product_tag","embeddable":true,"href":"https:\/\/vietcorp.com\/store\/wp-json\/wp\/v2\/product_tag?post=269"}],"curies":[{"name":"wp","href":"https:\/\/api.w.org\/{rel}","templated":true}]}}