


{"id":2664,"date":"2022-10-24T09:48:03","date_gmt":"2022-10-24T02:48:03","guid":{"rendered":"https:\/\/www.vietcorp.com\/store\/?post_type=product&#038;p=2664"},"modified":"2025-12-11T11:47:48","modified_gmt":"2025-12-11T04:47:48","slug":"o-cung-hdd-seagate-ironwolf-10tb-st10000vn000","status":"publish","type":"product","link":"https:\/\/vietcorp.com\/store\/2664\/o-cung-hdd-seagate-ironwolf-10tb-st10000vn000\/","title":{"rendered":"Seagate ST10000VN000"},"content":{"rendered":"<h3><strong>\u1ed4 c\u1ee9ng HDD <a href=\"https:\/\/www.vietcorp.com\/store\/2664\/o-cung-hdd-seagate-ironwolf-10tb-st10000vn000\/\">Seagate IronWolf 10TB ST10000VN000<\/a><\/strong><\/h3>\n<p>Dung l\u01b0\u1ee3ng: 10TB<br \/>\nT\u1ed1c \u0111\u1ed9 v\u00f2ng quay: 7200rpm<br \/>\nK\u00edch th\u01b0\u1edbc: 3.5 inch<br \/>\nK\u1ebft n\u1ed1i: SATA III 6Gb\/s<br \/>\nB\u1ed9 nh\u1edb \u0111\u1ec7m (cache): 256MB<br \/>\nDung l\u01b0\u1ee3ng ho\u1ea1t \u0111\u1ed9ng t\u1ed1i \u0111a: 180TB\/N\u0103m<br \/>\nS\u1ed1 Byte tr\u00ean m\u1ed7i Sector: 512 (logical) \/ 4096 (physical)<br \/>\nM\u1eadt \u0111\u1ed9 ghi t\u1ed1i \u0111a: 2230kBPI<br \/>\nM\u1eadt \u0111\u1ed9 Track: 386ktracks\/in<br \/>\nM\u1eadt \u0111\u1ed9 v\u00f9ng: 867Gb\/in2<br \/>\nCao (mm\/in) X 26.11mm \/ 1.028 in<br \/>\nR\u1ed9ng (mm\/in) Y 101.6mm \/4.010 in<br \/>\nD\u00e0y (mm\/in) Z 146.99mm \/ 5.787 in<br \/>\nTr\u1ecdng l\u01b0\u1ee3ng (g\/lb) 650g \/ 1.43 lb<br \/>\n\u0110\u1ed9 tr\u1ec5 trung b\u00ecnh 4.16ms<br \/>\n\u0110i\u1ec7n \u00e1p l\u00fac kh\u1edfi \u0111\u1ed9ng, T\u1ed1i \u0111a: (12 V) &lt;=1.8A<br \/>\nDung sai \u0111i\u1ec7n th\u1ebf (theo c\u00f4ng b\u1ed1 ): 5V \u00b15% 12V \u00b110%<br \/>\nNhi\u1ec7t \u0111\u1ed9 b\u1ea3o qu\u1ea3n (m\u00f4i tr\u01b0\u1eddng \u00b0C): \u201340\u00b0 to 70\u00b0C<br \/>\nNhi\u1ec7t \u0111\u1ed9 m\u00f4i tr\u01b0\u1eddng l\u00fac ho\u1ea1t \u0111\u1ed9ng: 5\u00b0 to 70\u00b0C<br \/>\nBi\u00ean \u0111\u1ed9 nhi\u1ec7t: 20 \u00b0 C \/ gi\u1edd t\u1ed1i \u0111a (ho\u1ea1t \u0111\u1ed9ng) 30 \u00b0 C m\u1ed7i gi\u1edd (kh\u00f4ng ho\u1ea1t \u0111\u1ed9ng)<br \/>\n\u0110\u1ed9 \u1ea9m t\u01b0\u01a1ng \u0111\u1ed1i 5% \u0111\u1ebfn 90% (l\u00fac ho\u1ea1t \u0111\u1ed9ng) 5% \u0111\u1ebfn 95% (l\u00fac b\u1ea3o qu\u1ea3n)<br \/>\nBi\u00ean \u0111\u1ed9 c\u1ee7a \u0111\u1ed9 \u1ea9m t\u01b0\u01a1ng \u0111\u1ed1i 30% tr\u00ean gi\u1edd<br \/>\nNhi\u1ec7t \u0111\u1ed9 m\u00f4i tr\u01b0\u1eddng kh\u00ed h\u1eadu \u1ea9m 20\u00b0C t\u1ed1i \u0111a (l\u00fac ho\u1ea1t \u0111\u1ed9ng) 30\u00b0C t\u1ed1i \u0111a (l\u00fac b\u1ea3o qu\u1ea3n)<br \/>\n\u0110\u1ed9 cao, ho\u1ea1t \u0111\u1ed9ng \u2013304.8 m to 3,048 m (\u20131000 ft to 10,000+ ft)<br \/>\n\u0110\u1ed9 cao, b\u1ea3o qu\u1ea3n (D\u01b0\u1edbi m\u1ee9c n\u01b0\u1edbc bi\u1ec3n trung b\u00ecnh, t\u1ed1i \u0111a) \u2013304.8 m to 12,192 m (\u20131000 ft to 40,000+ ft)<br \/>\nCh\u1ed1ng ch\u1ecbu va \u0111\u1eadp Shock l\u00fac ho\u1ea1t \u0111\u1ed9ng \u0110\u1ecdc 70 Gs \/ ghi 40 Gs t\u1ed1i \u0111a 2 ms<br \/>\nCh\u1ed1ng ch\u1ecbu rung khi ho\u1ea1t \u0111\u1ed9ng 5\u201322 Hz: 0.25 Gs, Limited displacement 22\u2013350 Hz: 0.50 Gs 350\u2013500 Hz: 0.25 Gs<br \/>\nrung \u0111\u1ed9ng khi ho\u1ea1t \u0111\u1ed9ng 20\u20131500Hz: 12.5 rads\/s2<br \/>\nCh\u1ecbu Rung, l\u00fac b\u1ea3o qu\u1ea3n 2\u2013500 Hz: 2.27 Grms ref<br \/>\nChu k\u1ef3 N\u1ea1p \u2013 Ng\u1eaft 600,000 t\u1ea1i 25\u00b0C, 50% rel. \u0110\u1ed9 \u1ea9m<br \/>\nH\u1ed7 tr\u1ee3 ch\u1ebf \u0111\u1ed9 truy\u1ec1n d\u1eef li\u1ec7u ATA PIO modes: 0 to 4 Multiword DMA modes: 0 to 2 Ultra DMA modes 0 to<br \/>\n\u0110\u00e1nh gi\u00e1 l\u01b0\u1ee3ng c\u00f4ng vi\u1ec7c T\u1ef7 l\u1ec7 t\u1ea3i c\u00f4ng vi\u1ec7c h\u00e0ng n\u0103m trung b\u00ecnh:<br \/>\n\u0110i\u1ec7n \u00e1p cho ph\u00e9p 5V \u00b1 5%<br \/>\nCho ph\u00e9p \u1ed3n\/l\u1eafc 100 p-p max, 0-20 MHz<br \/>\n\u00c2m v\u1ef1c h\u1ecdc l\u00fac ngh\u1ec9 2.8 bels (kho\u1ea3ng) 3.0 bels (t\u1ed1i \u0111a)<br \/>\n\u00c2m v\u1ef1c h\u1ecdc l\u00fac ho\u1ea1t \u0111\u1ed9ng 3.2 bels (kho\u1ea3ng) 3.4 bels (t\u1ed1i \u0111a)<br \/>\nl\u1ed7i \u0111\u1ecdc kh\u00f4ng th\u1ec3 ph\u1ee5c h\u1ed3i 1 sector per 10 15 bits read<br \/>\nV\u1eadn h\u00e0nh \u00eam Fluid Dynamic Bearing (FDB) motor.<\/p>\n","protected":false},"excerpt":{"rendered":"<p>\u1ed4 c\u1ee9ng HDD Seagate IronWolf 10TB ST10000VN000<br \/>\nT\u1ed1c \u0111\u1ed9 v\u00f2ng quay 7200rpm<br \/>\nB\u1ed9 nh\u1edb \u0111\u1ec7m (cache) 256MB<br \/>\nWork load 180TB\/N\u0103m<br \/>\nB\u1ea3o h\u00e0nh 36 th\u00e1ng<\/p>\n","protected":false},"featured_media":3323,"template":"","meta":[],"product_brand":[],"product_cat":[86],"product_tag":[63,351,61,319,73],"class_list":{"0":"post-2664","1":"product","2":"type-product","3":"status-publish","4":"has-post-thumbnail","6":"product_cat-o-cung","7":"product_tag-o-cung","8":"product_tag-o-cung-hdd","9":"product_tag-o-cung-nas","10":"product_tag-o-cung-seagate","11":"product_tag-seagate-ironwolf","13":"first","14":"outofstock","15":"taxable","16":"shipping-taxable","17":"product-type-simple"},"_links":{"self":[{"href":"https:\/\/vietcorp.com\/store\/wp-json\/wp\/v2\/product\/2664","targetHints":{"allow":["GET"]}}],"collection":[{"href":"https:\/\/vietcorp.com\/store\/wp-json\/wp\/v2\/product"}],"about":[{"href":"https:\/\/vietcorp.com\/store\/wp-json\/wp\/v2\/types\/product"}],"wp:featuredmedia":[{"embeddable":true,"href":"https:\/\/vietcorp.com\/store\/wp-json\/wp\/v2\/media\/3323"}],"wp:attachment":[{"href":"https:\/\/vietcorp.com\/store\/wp-json\/wp\/v2\/media?parent=2664"}],"wp:term":[{"taxonomy":"product_brand","embeddable":true,"href":"https:\/\/vietcorp.com\/store\/wp-json\/wp\/v2\/product_brand?post=2664"},{"taxonomy":"product_cat","embeddable":true,"href":"https:\/\/vietcorp.com\/store\/wp-json\/wp\/v2\/product_cat?post=2664"},{"taxonomy":"product_tag","embeddable":true,"href":"https:\/\/vietcorp.com\/store\/wp-json\/wp\/v2\/product_tag?post=2664"}],"curies":[{"name":"wp","href":"https:\/\/api.w.org\/{rel}","templated":true}]}}