


{"id":2659,"date":"2022-10-24T08:59:47","date_gmt":"2022-10-24T01:59:47","guid":{"rendered":"https:\/\/www.vietcorp.com\/store\/?post_type=product&#038;p=2659"},"modified":"2026-04-21T14:47:33","modified_gmt":"2026-04-21T07:47:33","slug":"synology-psu-800w-rp-set_2","status":"publish","type":"product","link":"https:\/\/vietcorp.com\/store\/2659\/synology-psu-800w-rp-set_2\/","title":{"rendered":"Synology PSU 800W-RP SET_2"},"content":{"rendered":"<h3><a href=\"https:\/\/www.vietcorp.com\/store\/2659\/synology-psu-800w-rp-set_2\/\"><strong>Synology PSU 800W-RP SET_2<\/strong><\/a><\/h3>\n<ul>\n<li>Description: Redundant Power Set 800W<\/li>\n<li>EAN: 4711174728978<\/li>\n<li>UPC: 846504008971<\/li>\n<li>Applied Models: RS4021xs+, RS4017xs+<\/li>\n<\/ul>\n<p>* Ch\u1ec9 t\u01b0\u01a1ng th\u00edch tr\u00ean c\u00e1c m\u1eabu thi\u1ebft b\u1ecb c\u00f3 s\u1ed1 s\u00ea-ri (ch\u1eef s\u1ed1 th\u1ee9 5 \u0111\u1ebfn th\u1ee9 7) l\u00e0 T2R \u0111\u1ed1i v\u1edbi RS4021xs+.<\/p>\n","protected":false},"excerpt":{"rendered":"<p>Description: Redundant Power Set 800W<br \/>\nEAN: 4711174728978<br \/>\nUPC: 846504008971<br \/>\nApplied Models: RS4021xs+, RS4017xs+<\/p>\n","protected":false},"featured_media":7923,"template":"","meta":[],"product_brand":[],"product_cat":[191],"product_tag":[357,44,23,399],"class_list":{"0":"post-2659","1":"product","2":"type-product","3":"status-publish","4":"has-post-thumbnail","6":"product_cat-linh-kien","7":"product_tag-adapter-psu","8":"product_tag-phu-kien-synology","9":"product_tag-synology","10":"product_tag-synology-psu","12":"first","13":"instock","14":"taxable","15":"shipping-taxable","16":"product-type-simple"},"_links":{"self":[{"href":"https:\/\/vietcorp.com\/store\/wp-json\/wp\/v2\/product\/2659","targetHints":{"allow":["GET"]}}],"collection":[{"href":"https:\/\/vietcorp.com\/store\/wp-json\/wp\/v2\/product"}],"about":[{"href":"https:\/\/vietcorp.com\/store\/wp-json\/wp\/v2\/types\/product"}],"wp:featuredmedia":[{"embeddable":true,"href":"https:\/\/vietcorp.com\/store\/wp-json\/wp\/v2\/media\/7923"}],"wp:attachment":[{"href":"https:\/\/vietcorp.com\/store\/wp-json\/wp\/v2\/media?parent=2659"}],"wp:term":[{"taxonomy":"product_brand","embeddable":true,"href":"https:\/\/vietcorp.com\/store\/wp-json\/wp\/v2\/product_brand?post=2659"},{"taxonomy":"product_cat","embeddable":true,"href":"https:\/\/vietcorp.com\/store\/wp-json\/wp\/v2\/product_cat?post=2659"},{"taxonomy":"product_tag","embeddable":true,"href":"https:\/\/vietcorp.com\/store\/wp-json\/wp\/v2\/product_tag?post=2659"}],"curies":[{"name":"wp","href":"https:\/\/api.w.org\/{rel}","templated":true}]}}