


{"id":264,"date":"2020-11-03T10:40:28","date_gmt":"2020-11-03T03:40:28","guid":{"rendered":"https:\/\/www.vietcorp.com\/store\/product\/synology-rs1619xs\/"},"modified":"2025-02-21T14:32:42","modified_gmt":"2025-02-21T07:32:42","slug":"thiet-bi-luu-tru-nas-synology-rs1619xs","status":"publish","type":"product","link":"https:\/\/vietcorp.com\/store\/264\/thiet-bi-luu-tru-nas-synology-rs1619xs\/","title":{"rendered":"Synology RS1619xs+"},"content":{"rendered":"<p><strong>Thi\u1ebft b\u1ecb l\u01b0u tr\u1eef NAS Synology RS1619xs+<\/strong> l\u00e0 NAS rackmount 1U c\u00f3 hi\u1ec7u su\u1ea5t cao v\u00e0 c\u00f3 th\u1ec3 m\u1edf r\u1ed9ng \u0111\u01b0\u1ee3c thi\u1ebft k\u1ebf v\u1edbi b\u1ed9 nh\u1edb c\u00f3 th\u1ec3 n\u00e2ng c\u1ea5p v\u00e0 c\u1ea5u h\u00ecnh b\u1ed9 nh\u1edb cache M.2 SSD \u0111\u1ec3 \u0111\u00e1p \u1ee9ng nhu c\u1ea7u c\u1ee7a c\u00e1c doanh nghi\u1ec7p y\u00eau c\u1ea7u gi\u1ea3i ph\u00e1p l\u01b0u tr\u1eef linh ho\u1ea1t, \u0111\u00e1ng tin c\u1eady v\u00e0 hi\u1ec7u qu\u1ea3.<\/p>\n<h2><span style=\"color: #0000ff;\"><strong>NAS Synology RS1619xs+ cung c\u1ea5p ph\u1ea7n c\u1ee9ng m\u1ea1nh m\u1ebd<\/strong><\/span><\/h2>\n<ul>\n<li><strong>CPU b\u1ed9 x\u1eed l\u00fd<\/strong> : Intel Xeon D-1527<\/li>\n<li><strong>RAM b\u1ed9 nh\u1edb<\/strong> : 8GB DDR4 UDIMM, up to 64GB<\/li>\n<li><strong>T\u1ed1c \u0111\u1ed9:<\/strong> \u0110\u1ecdc tu\u1ea7n t\u1ef1 1.523 MB\/s IOPS, \u0111\u1ecdc ng\u1eabu nhi\u00ean 162.097 iSCSI<\/li>\n<li><strong>M\u1edf r\u1ed9ng kh\u1ea3 n\u0103ng<\/strong> : v\u1edbi m\u1ed9t RX1217\/RX1217RP, n\u00f3 c\u00f3 th\u1ec3 \u0111\u01b0\u1ee3c m\u1edf r\u1ed9ng l\u00ean 16 \u1ed5 c\u1ee9ng<\/li>\n<\/ul>\n<p><center><iframe loading=\"lazy\" title=\"YouTube video player\" src=\"https:\/\/www.youtube.com\/embed\/flcB8bofmsQ?si=cXZWm0NzGnwehi_g\" width=\"560\" height=\"315\" frameborder=\"0\" allowfullscreen=\"allowfullscreen\"><\/iframe><\/center><\/p>\n<h2><strong><span style=\"color: #0000ff;\"><a href=\"https:\/\/www.vietcorp.com\/store\/nas-synology\/\">NAS Synology<\/a> RS1619xs+ t\u0103ng hi\u1ec7u su\u1ea5t t\u00ednh to\u00e1n h\u1ec7 th\u1ed1ng<\/span><\/strong><\/h2>\n<p>\u0110\u01b0\u1ee3c trang b\u1ecb khe c\u1eafm PCIe 3.0, Synology RS1619xs + h\u1ed7 tr\u1ee3 c\u00e0i \u0111\u1eb7t NIC 10GbE\/ 25GbE \u0111\u1ec3 truy\u1ec1n d\u1eef li\u1ec7u nhanh ch\u00f3ng. Khe c\u1eafm b\u1ed9 nh\u1edb cache SSD M.2 2280 t\u00edch h\u1ee3p c\u00f3 l\u1ee3i h\u01a1n n\u1eefa cho c\u00e1c t\u00e1c v\u1ee5 IO chuy\u00ean s\u00e2u, ch\u1eb3ng h\u1ea1n nh\u01b0 \u1ea3o h\u00f3a ho\u1eb7c tri\u1ec3n khai m\u00e1y ch\u1ee7 th\u01b0.<\/p>\n<ul>\n<li>\n<p class=\"h4\"><strong>M.2 SSD support:<\/strong> Khe c\u1eafm M.2 2280 k\u00e9p h\u1ed7 tr\u1ee3 SSD NVMe \/ SATA<\/p>\n<\/li>\n<li>\n<p class=\"h4\"><strong>10GbE\/25GbE support:<\/strong>\u00a0 t\u1ed1c \u0111\u1ed9 m\u1ea1ng cao cho m\u00f4i tr\u01b0\u1eddng s\u1eed d\u1ee5ng nhi\u1ec1u b\u0103ng th\u00f4ng<\/p>\n<\/li>\n<\/ul>\n<p><img decoding=\"async\" class=\"size-full wp-image-1574 aligncenter\" src=\"https:\/\/vietcorp.com\/store\/wp-content\/uploads\/2020\/11\/vietcorp-phan-phoi-nas-synology-rs1619xs-detail_RS1619xsplus_Variable_options_01_xl.jpg\" alt=\"Thi\u1ebft b\u1ecb l\u01b0u tr\u1eef NAS Synology RS1619xs+ 1\" width=\"799\" height=\"370\" srcset=\"https:\/\/vietcorp.com\/store\/wp-content\/uploads\/2020\/11\/vietcorp-phan-phoi-nas-synology-rs1619xs-detail_RS1619xsplus_Variable_options_01_xl.jpg?v=1668219963 799w, https:\/\/vietcorp.com\/store\/wp-content\/uploads\/2020\/11\/vietcorp-phan-phoi-nas-synology-rs1619xs-detail_RS1619xsplus_Variable_options_01_xl-600x278.jpg?v=1668219963 600w, https:\/\/vietcorp.com\/store\/wp-content\/uploads\/2020\/11\/vietcorp-phan-phoi-nas-synology-rs1619xs-detail_RS1619xsplus_Variable_options_01_xl-768x356.jpg?v=1668219963 768w, https:\/\/vietcorp.com\/store\/wp-content\/uploads\/2020\/11\/vietcorp-phan-phoi-nas-synology-rs1619xs-detail_RS1619xsplus_Variable_options_01_xl-640x296.jpg?v=1668219963 640w, https:\/\/vietcorp.com\/store\/wp-content\/uploads\/2020\/11\/vietcorp-phan-phoi-nas-synology-rs1619xs-detail_RS1619xsplus_Variable_options_01_xl-400x185.jpg?v=1668219963 400w, https:\/\/vietcorp.com\/store\/wp-content\/uploads\/2020\/11\/vietcorp-phan-phoi-nas-synology-rs1619xs-detail_RS1619xsplus_Variable_options_01_xl-367x170.jpg?v=1668219963 367w\" sizes=\"(max-width: 799px) 100vw, 799px\" \/><\/p>\n<h2 style=\"text-align: center;\"><strong><span style=\"color: #0000ff;\">B\u1ea3o h\u00e0nh 5 n\u0103m<\/span><\/strong><\/h2>\n<table>\n<tbody>\n<tr>\n<td><img decoding=\"async\" class=\"alignnone wp-image-1288 size-full\" src=\"https:\/\/vietcorp.com\/store\/wp-content\/uploads\/2020\/11\/5year_warranty_02-1.png\" alt=\"Vietcorp ph\u00e2n ph\u1ed1i NAS Synology RS3618xs\" width=\"199\" height=\"169\" \/><\/td>\n<td>Ch\u00fang t\u00f4i cam k\u1ebft v\u1ec1 ch\u1ea5t l\u01b0\u1ee3ng s\u1ea3n ph\u1ea9m, \u0111\u1ea3m b\u1ea3o tr\u1ea3i nghi\u1ec7m qu\u1ea3n l\u00fd d\u1eef li\u1ec7u m\u1ea1nh m\u1ebd v\u00e0 \u0111\u00e1ng tin c\u1eady v\u1edbi g\u00f3i b\u1ea3o h\u00e0nh 5 n\u0103m, cung c\u1ea5p d\u1ecbch v\u1ee5 h\u1ed7 tr\u1ee3 k\u1ef9 thu\u1eadt \u0111\u00e1p \u1ee9ng \u0111\u1ec3 t\u1ed1i \u0111a h\u00f3a l\u1ee3i t\u1ee9c \u0111\u1ea7u t\u01b0 c\u1ee7a b\u1ea1n.<\/td>\n<\/tr>\n<\/tbody>\n<\/table>\n<h2 style=\"text-align: center;\"><strong><span style=\"color: #0000ff;\"><span style=\"vertical-align: inherit;\">\u0110\u1ea7y \u0111\u1ee7 gi\u1ea3i ph\u00e1p ch\u1ee9ng nh\u1eadn \u1ea3o h\u00f3a<\/span><\/span><\/strong><\/h2>\n<p><span style=\"vertical-align: inherit;\">Synology gi\u1ea3i ph\u00e1p l\u01b0u tr\u1eef iSCSI archive. Vi\u1ec7c t\u00edch h\u1ee3p VMware vSphere 6 v\u00e0 VAAI c\u00f3 th\u1ec3 gi\u1ea3m t\u1ea3i ho\u1ea1t \u0111\u1ed9ng l\u01b0u tr\u1eef c\u00f4ng c\u1ee5 c\u00f3 th\u1ec3 v\u00e0 t\u1ed1i \u01b0u h\u00f3a hi\u1ec7u su\u1ea5t m\u00e1y t\u00ednh. Windows Offloaded Data Transfer (ODX) c\u1ea3i thi\u1ec7n hi\u1ec7u qu\u1ea3 x\u1ee9ng \u0111\u00e1ng c\u1ee7a c\u00f4ng vi\u1ec7c v\u00e0 truy\u1ec1n d\u1eef li\u1ec7u. H\u1ed7 tr\u1ee3 OpenStack Cinder c\u0169ng c\u00f3 th\u1ec3 \u0111\u1ecbnh c\u1ea5u h\u00ecnh c\u1ee7a b\u1ea1n NAS Synology nh\u01b0 m\u1ed9t thi\u1ebft b\u1ecb l\u01b0u tr\u1eef ph\u00e2n \u0111o\u1ea1n kh\u1ed1i.<\/span><img decoding=\"async\" class=\"aligncenter wp-image-3826 size-full\" src=\"https:\/\/vietcorp.com\/blog\/wp-content\/uploads\/2020\/12\/vmware.jpg\" alt=\"Vietcorp ph\u00e2n ph\u1ed1i NAS Synology RS3618xs\" width=\"768\" height=\"291\" \/><\/p>\n<h2 style=\"text-align: center;\"><span style=\"color: #0000ff;\"><strong>C\u00f4ng ngh\u1ec7 l\u01b0u tr\u1eef ti\u00ean ti\u1ebfn<\/strong><\/span><\/h2>\n<p>H\u1ec7 th\u1ed1ng t\u1ec7p Btrfs gi\u1edbi thi\u1ec7u c\u00e1c c\u00f4ng ngh\u1ec7 l\u01b0u tr\u1eef ti\u00ean ti\u1ebfn v\u00e0 \u1ea3nh ch\u1ee5p nhanh \u0111\u01b0\u1ee3c t\u1ed1i \u01b0u h\u00f3a \u0111\u1ec3 ng\u0103n ng\u1eeba l\u1ed7i d\u1eef li\u1ec7u v\u00e0 gi\u1ea3m chi ph\u00ed b\u1ea3o tr\u00ec.\u00a0Trong khi \u0111\u1ea3m b\u1ea3o t\u00ednh to\u00e0n v\u1eb9n c\u1ee7a d\u1eef li\u1ec7u c\u1ea5p cao, n\u00f3 c\u0169ng cung c\u1ea5p c\u00e1c c\u00f4ng c\u1ee5 ph\u1ee5c h\u1ed3i v\u00e0 b\u1ea3o v\u1ec7 d\u1eef li\u1ec7u linh ho\u1ea1t, hi\u1ec7u qu\u1ea3.<\/p>\n<p><img decoding=\"async\" class=\"aligncenter wp-image-3950 size-full\" src=\"https:\/\/vietcorp.com\/blog\/wp-content\/uploads\/2020\/12\/Btrfs_04_black.gif\" alt=\"C\u00f4ng ngh\u1ec7 RAID ti\u00ean ti\u1ebfn tr\u00ean Nas Synology DS220+\" width=\"597\" height=\"122\" \/><\/p>\n<h2 class=\"center\" style=\"text-align: center;\"><strong><span style=\"color: #0000ff;\">Gi\u1ea3i ph\u00e1p sao l\u01b0u t\u1ed1i \u01b0u<\/span><\/strong><\/h2>\n<div class=\"container-960\">\n<p class=\"center margin_bottom60\"><strong>NAS Synology RS1619xs+<\/strong> t\u00edch h\u1ee3p c\u00e1c \u1ee9ng d\u1ee5ng backup kh\u00e1c nhau v\u1edbi giao di\u1ec7n ng\u01b0\u1eddi d\u00f9ng tr\u1ef1c quan, cung c\u1ea5p c\u00e1c c\u00f4ng ngh\u1ec7 l\u01b0u tr\u1eef l\u00e2u b\u1ec1n \u0111\u1ec3 b\u1ea3o v\u1ec7 d\u1eef li\u1ec7u qu\u00fd gi\u00e1 c\u1ee7a b\u1ea1n tr\u00ean m\u1ecdi thi\u1ebft b\u1ecb.<\/p>\n<\/div>\n<div class=\"container\">\n<div class=\"pure-g autopad-60\">\n<div class=\"productivity_items pure-u-1-1 pure-u-sm-1-2 pure-u-lg-1-4\"><\/div>\n<\/div>\n<\/div>\n<table>\n<tbody>\n<tr>\n<td><img decoding=\"async\" class=\"aligncenter wp-image-3829 size-full\" title=\"thi\u1ebft b\u1ecb l\u01b0u tr\u1eef NAS Synology DS2419+\" src=\"https:\/\/vietcorp.com\/blog\/wp-content\/uploads\/2020\/12\/backup_solution_1.png\" alt=\"Vietcorp ph\u00e2n ph\u1ed1i NAS Synology RS3618xs\" width=\"60\" height=\"60\" \/><\/td>\n<td><img decoding=\"async\" class=\"aligncenter wp-image-3830 size-full\" title=\"thi\u1ebft b\u1ecb l\u01b0u tr\u1eef NAS Synology DS2419+\" src=\"https:\/\/vietcorp.com\/blog\/wp-content\/uploads\/2020\/12\/backup_solution_2.png\" alt=\"Vietcorp ph\u00e2n ph\u1ed1i NAS Synology RS3618xs\" width=\"60\" height=\"60\" \/><\/td>\n<td><img decoding=\"async\" class=\"aligncenter wp-image-3827 size-full\" title=\"thi\u1ebft b\u1ecb l\u01b0u tr\u1eef NAS Synology DS2419+\" src=\"https:\/\/vietcorp.com\/blog\/wp-content\/uploads\/2020\/12\/backup_solution_3.png\" alt=\"Vietcorp ph\u00e2n ph\u1ed1i NAS Synology RS3618xs\" width=\"60\" height=\"60\" \/><\/td>\n<td><img decoding=\"async\" class=\"aligncenter wp-image-3828 size-full\" title=\"thi\u1ebft b\u1ecb l\u01b0u tr\u1eef NAS Synology DS2419+\" src=\"https:\/\/vietcorp.com\/blog\/wp-content\/uploads\/2020\/12\/backup_solution_4.png\" alt=\"Vietcorp ph\u00e2n ph\u1ed1i NAS Synology RS3618xs\" width=\"60\" height=\"60\" \/><\/td>\n<\/tr>\n<tr>\n<td style=\"text-align: center;\"><a href=\"https:\/\/www.vietcorp.com\/store\/giai-phap-sao-luu-cho-pc-va-mac\/\"><strong>Active Backup for Business<\/strong><\/a><\/td>\n<td style=\"text-align: center;\"><a href=\"https:\/\/www.vietcorp.com\/store\/hyper-backup\/\"><strong>Hyper Backup<\/strong><\/a><\/td>\n<td>\n<p style=\"text-align: center;\"><a href=\"https:\/\/www.vietcorp.com\/store\/synology-drive\/\"><strong>Synology Drive<\/strong><\/a><\/p>\n<\/td>\n<td style=\"text-align: center;\"><strong><a href=\"https:\/\/www.vietcorp.com\/store\/giai-phap-sao-luu-microsoft-365\/\">Active Backup for Microsoft 365<\/a>\/<a href=\"https:\/\/www.vietcorp.com\/store\/giai-phap-sao-luu-google-workspace\/\">Active Backup for Google Workspace<\/a><\/strong><\/td>\n<\/tr>\n<tr>\n<td><span style=\"vertical-align: inherit;\">Qu\u1ea3n l\u00fd sao l\u01b0u c\u00e1c t\u00e1c v\u1ee5 t\u1eadp trung cho VMware, Windows v\u00e0 t\u1ec7p m\u00e1y ch\u1ee7. Khi c\u1ea7n thi\u1ebft, kh\u00f4i ph\u1ee5c l\u1ea1i c\u00e1c d\u1ecbch v\u1ee5 m\u00e0 b\u1ea1n c\u1ea7n m\u1ed9t c\u00e1ch nhanh ch\u00f3ng v\u00e0 \u0111\u00e1ng tin c\u1eady.<\/span><\/td>\n<td><span style=\"vertical-align: inherit;\">Sao l\u01b0u to\u00e0n b\u1ed9 c\u00e1c t\u1eadp tin c\u1ee7a b\u1ea1n v\u00e0o b\u1ed9 chia s\u1ebb th\u01b0 m\u1ee5c, b\u00ean ngo\u00e0i thi\u1ebft b\u1ecb, m\u1ed9t NAS Synology kh\u00e1c, m\u00e1y ch\u1ee7 rsync ho\u1eb7c \u0111\u00e1m m\u00e2y c\u00f4ng c\u1ed9ng \u0111\u1ec3 b\u1ea3o \u0111\u1ea3m an to\u00e0n cho d\u1eef li\u1ec7u.<\/span><\/td>\n<td><span style=\"vertical-align: inherit;\">B\u1ea3o v\u1ec7 m\u00e1y t\u00ednh c\u1ee7a b\u1ea1n v\u1edbi Synology Drive Client. D\u1ec5 d\u00e0ng th\u1ef1c hi\u1ec7n sao l\u01b0u v\u00e0 kh\u00f4i ph\u1ee5c t\u1ec7p tin ngay l\u1eadp t\u1ee9c t\u1ea1i b\u1ea5t k\u1ef3 \u0111i\u1ec3m n\u00e0o.<\/span><\/td>\n<td><span style=\"vertical-align: inherit;\">C\u00f4ng ty d\u1eef li\u1ec7u b\u1ea3o v\u1ec7 \u0111\u01b0\u1ee3c l\u01b0u tr\u1eef tr\u00ean \u0111\u00e1m m\u00e2y. Qu\u1ea3n l\u00fd gi\u1ea3i ph\u00e1p sao l\u01b0u c\u1ee5c b\u1ed9 v\u1edbi m\u1ed9t trung t\u00e2m t\u1ec7p \u0111i\u1ec1u khi\u1ec3n b\u1ea3ng. T\u1ed1i \u01b0u h\u00f3a kho l\u01b0u tr\u1eef hi\u1ec7u su\u1ea5t h\u00f3a v\u1edbi c\u00f4ng ngh\u1ec7 l\u01b0u tr\u1eef m\u1ed9t phi\u00ean b\u1ea3n duy nh\u1ea5t v\u00e0 ch\u1ed1ng sao ch\u00e9p kh\u1ed1i c\u1ea5p d\u1eef li\u1ec7u.<\/span><\/td>\n<\/tr>\n<\/tbody>\n<\/table>\n<h2 style=\"text-align: center;\"><span style=\"color: #0000ff;\"><strong>B\u1ea3o v\u1ec7 d\u1eef li\u1ec7u k\u1ef9 thu\u1eadt s\u1ed1<\/strong><\/span><\/h2>\n<p>Synology RS1619xs+ cung c\u1ea5p c\u00e1c bi\u1ec7n ph\u00e1p b\u1ea3o m\u1eadt ti\u00ean ti\u1ebfn \u0111\u1ec3 b\u1ea3o v\u1ec7 kh\u1ecfi m\u1ea5t d\u1eef li\u1ec7u \u0111\u1ed9t ng\u1ed9t v\u00e0 c\u00e1c l\u1ed7 h\u1ed5ng b\u1ea3o m\u1eadt ti\u1ec1m \u1ea9n.<\/p>\n<p><img decoding=\"async\" class=\"size-full wp-image-1560 aligncenter\" src=\"https:\/\/vietcorp.com\/store\/wp-content\/uploads\/2020\/11\/vietcorp-phan-phoi-nas-synology-ds3617xs-asset_protection_bg.png\" alt=\"Thi\u1ebft b\u1ecb l\u01b0u tr\u1eef NAS Synology RS1619xs+ 2\" width=\"760\" height=\"426\" srcset=\"https:\/\/vietcorp.com\/store\/wp-content\/uploads\/2020\/11\/vietcorp-phan-phoi-nas-synology-ds3617xs-asset_protection_bg.png?v=1668219981 760w, https:\/\/vietcorp.com\/store\/wp-content\/uploads\/2020\/11\/vietcorp-phan-phoi-nas-synology-ds3617xs-asset_protection_bg-600x336.png?v=1668219981 600w, https:\/\/vietcorp.com\/store\/wp-content\/uploads\/2020\/11\/vietcorp-phan-phoi-nas-synology-ds3617xs-asset_protection_bg-640x359.png?v=1668219981 640w, https:\/\/vietcorp.com\/store\/wp-content\/uploads\/2020\/11\/vietcorp-phan-phoi-nas-synology-ds3617xs-asset_protection_bg-400x224.png?v=1668219981 400w, https:\/\/vietcorp.com\/store\/wp-content\/uploads\/2020\/11\/vietcorp-phan-phoi-nas-synology-ds3617xs-asset_protection_bg-367x206.png?v=1668219981 367w\" sizes=\"(max-width: 760px) 100vw, 760px\" \/><\/p>\n<h2><span id=\"Be_ngoai_cua_DS1520\" style=\"color: #0000ff;\"><strong>B\u1ec1 ngo\u00e0i c\u1ee7a NAS Synology RS1619xs+<\/strong><\/span><\/h2>\n<p>&nbsp;<\/p>\n<table>\n<tbody>\n<tr>\n<td style=\"text-align: left;\"><strong>M\u1eb7t tr\u01b0\u1edbc NAS Synology RS1619xs+<\/strong><\/td>\n<td style=\"text-align: left;\"><strong>M\u1eb7t sau NAS Synology RS1619xs+<\/strong><\/td>\n<\/tr>\n<tr>\n<td><img decoding=\"async\" class=\"alignnone size-full wp-image-1576\" src=\"https:\/\/vietcorp.com\/store\/wp-content\/uploads\/2020\/11\/vietcorp-phan-phoi-nas-synology-rs1619xs-backpanel_01.png\" alt=\"Thi\u1ebft b\u1ecb l\u01b0u tr\u1eef NAS Synology RS1619xs+ 3\" width=\"667\" height=\"199\" srcset=\"https:\/\/vietcorp.com\/store\/wp-content\/uploads\/2020\/11\/vietcorp-phan-phoi-nas-synology-rs1619xs-backpanel_01.png?v=1668219960 667w, https:\/\/vietcorp.com\/store\/wp-content\/uploads\/2020\/11\/vietcorp-phan-phoi-nas-synology-rs1619xs-backpanel_01-600x179.png?v=1668219960 600w, https:\/\/vietcorp.com\/store\/wp-content\/uploads\/2020\/11\/vietcorp-phan-phoi-nas-synology-rs1619xs-backpanel_01-640x191.png?v=1668219960 640w, https:\/\/vietcorp.com\/store\/wp-content\/uploads\/2020\/11\/vietcorp-phan-phoi-nas-synology-rs1619xs-backpanel_01-400x119.png?v=1668219960 400w, https:\/\/vietcorp.com\/store\/wp-content\/uploads\/2020\/11\/vietcorp-phan-phoi-nas-synology-rs1619xs-backpanel_01-367x109.png?v=1668219960 367w\" sizes=\"(max-width: 667px) 100vw, 667px\" \/><\/td>\n<td><img decoding=\"async\" class=\"alignnone size-full wp-image-1575\" src=\"https:\/\/vietcorp.com\/store\/wp-content\/uploads\/2020\/11\/vietcorp-phan-phoi-nas-synology-rs1619xs-backpanel_02.png\" alt=\"Thi\u1ebft b\u1ecb l\u01b0u tr\u1eef NAS Synology RS1619xs+ 4\" width=\"667\" height=\"199\" srcset=\"https:\/\/vietcorp.com\/store\/wp-content\/uploads\/2020\/11\/vietcorp-phan-phoi-nas-synology-rs1619xs-backpanel_02.png?v=1668219962 667w, https:\/\/vietcorp.com\/store\/wp-content\/uploads\/2020\/11\/vietcorp-phan-phoi-nas-synology-rs1619xs-backpanel_02-600x179.png?v=1668219962 600w, https:\/\/vietcorp.com\/store\/wp-content\/uploads\/2020\/11\/vietcorp-phan-phoi-nas-synology-rs1619xs-backpanel_02-640x191.png?v=1668219962 640w, https:\/\/vietcorp.com\/store\/wp-content\/uploads\/2020\/11\/vietcorp-phan-phoi-nas-synology-rs1619xs-backpanel_02-400x119.png?v=1668219962 400w, https:\/\/vietcorp.com\/store\/wp-content\/uploads\/2020\/11\/vietcorp-phan-phoi-nas-synology-rs1619xs-backpanel_02-367x109.png?v=1668219962 367w\" sizes=\"(max-width: 667px) 100vw, 667px\" \/><\/td>\n<\/tr>\n<tr>\n<td>1. \u0110\u00e8n ngu\u1ed3n<\/td>\n<td>8. Ngu\u1ed3n \u0111i\u1ec7n<\/td>\n<\/tr>\n<tr>\n<td>2. N\u00fat ngu\u1ed3n<\/td>\n<td>9. Qu\u1ea1t h\u1ec7 th\u1ed1ng<\/td>\n<\/tr>\n<tr>\n<td>3. \u0110\u00e8n c\u1ea3nh b\u00e1o<\/td>\n<td>10. Console port<\/td>\n<\/tr>\n<tr>\n<td>4. \u0110\u00e8n b\u00e1o tr\u1ea1ng th\u00e1i \u1ed5 \u0111\u0129a<\/td>\n<td>11. Network 1GbE RJ-45<\/td>\n<\/tr>\n<tr>\n<td>5. N\u00fat t\u1eaft ti\u1ebfng b\u00edp<\/td>\n<td>12. C\u1ed5ng USB 3.0<\/td>\n<\/tr>\n<tr>\n<td>6. \u0110\u00e8n b\u00e1o tr\u1ea1ng th\u00e1i<\/td>\n<td>13. C\u1ed5ng m\u1edf r\u1ed9ng<\/td>\n<\/tr>\n<tr>\n<td>7. Khay \u1ed5 \u0111\u0129a<\/td>\n<td>14. Khe c\u1eafm PCIe 3.0<\/td>\n<\/tr>\n<\/tbody>\n<\/table>\n<p>Xem th\u00eam th\u00f4ng tin h\u1ed7 tr\u1ee3 cho <strong>thi\u1ebft b\u1ecb l\u01b0u tr\u1eef NAS Synology RS1619xs+<\/strong><\/p>\n<ul>\n<li><a href=\"https:\/\/www.vietcorp.com\/vn\/chung-nhan\/\">Ch\u1ee9ng nh\u1eadn Synology<\/a><\/li>\n<li><a href=\"https:\/\/vietcorp.com\/support\/synology\/\">Support Synology<\/a><\/li>\n<li><a href=\"https:\/\/www.vietcorp.com\/blog\/tag\/showcase-synology\/\">Showcase Synology<\/a><\/li>\n<\/ul>\n","protected":false},"excerpt":{"rendered":"<p>Thi\u1ebft b\u1ecb l\u01b0u tr\u1eef NAS Synology RS1619xs+<br \/>\nNAS 4 khay \u1ed5 \u0111\u0129a<br \/>\nM\u1edf r\u1ed9ng l\u00ean \u0111\u1ebfn 16 khay \u1ed5 \u0111\u0129a<br \/>\nQuad-core 2.2 GHz CPU<br \/>\nB\u1ea3o h\u00e0nh 60 th\u00e1ng<\/p>\n","protected":false},"featured_media":7033,"template":"","meta":[],"product_brand":[],"product_cat":[15,405],"product_tag":[53,515,31,513,23,92,514],"class_list":{"0":"post-264","1":"product","2":"type-product","3":"status-publish","4":"has-post-thumbnail","6":"product_cat-nas","7":"product_cat-xs-series","8":"product_tag-nas","9":"product_tag-nas-rs1619xs","10":"product_tag-rackstation","11":"product_tag-rs1619xs","12":"product_tag-synology","13":"product_tag-synology-nas","14":"product_tag-synology-rs1619xs","15":"pa_bao-hanh-60-thang","16":"pa_bo-nho-ram-8-gb","17":"pa_bo-nho-ram-mo-rong-den-64-gb","18":"pa_bo-vxl-cpu-intel-xeon","19":"pa_chung-loai-nas","20":"pa_cong-giao-tiep-1-x-displayport","21":"pa_cong-giao-tiep-2-x-usb-3-0","22":"pa_cong-giao-tiep-4-x-rj-45-1gbe","23":"pa_drive-bays-4-bays","24":"pa_dung-luong-chua-co-o-cung","25":"pa_form-factor-1u-rackmount","26":"pa_muc-dich-su-dung-danh-cho-doanh-nghiep-lon","27":"pa_muc-dich-su-dung-danh-cho-doanh-nghiep-nho","28":"pa_muc-dich-su-dung-danh-cho-doanh-nghiep-vua","29":"pa_thuong-hieu-synology","30":"pa_tinh-nang-phan-cung-64-bit-architecture","31":"pa_tinh-nang-phan-cung-encryption-engine-aes-ni","32":"pa_tinh-nang-phan-cung-expandable-storage-capacity","33":"pa_tinh-nang-phan-cung-hot-swappable-drives","34":"pa_tinh-nang-phan-cung-upgradeable-ram","35":"pa_tinh-nang-phan-mem-active-backup-for-business","36":"pa_tinh-nang-phan-mem-btrfs-file-system","37":"pa_tinh-nang-phan-mem-mailplus","38":"pa_tinh-nang-phan-mem-raid-f1","39":"pa_tinh-nang-phan-mem-snapshot-replication","40":"pa_tinh-nang-phan-mem-synology-high-availability","41":"pa_tinh-nang-phan-mem-virtual-machine-manager","43":"first","44":"outofstock","45":"taxable","46":"shipping-taxable","47":"product-type-simple"},"_links":{"self":[{"href":"https:\/\/vietcorp.com\/store\/wp-json\/wp\/v2\/product\/264","targetHints":{"allow":["GET"]}}],"collection":[{"href":"https:\/\/vietcorp.com\/store\/wp-json\/wp\/v2\/product"}],"about":[{"href":"https:\/\/vietcorp.com\/store\/wp-json\/wp\/v2\/types\/product"}],"wp:featuredmedia":[{"embeddable":true,"href":"https:\/\/vietcorp.com\/store\/wp-json\/wp\/v2\/media\/7033"}],"wp:attachment":[{"href":"https:\/\/vietcorp.com\/store\/wp-json\/wp\/v2\/media?parent=264"}],"wp:term":[{"taxonomy":"product_brand","embeddable":true,"href":"https:\/\/vietcorp.com\/store\/wp-json\/wp\/v2\/product_brand?post=264"},{"taxonomy":"product_cat","embeddable":true,"href":"https:\/\/vietcorp.com\/store\/wp-json\/wp\/v2\/product_cat?post=264"},{"taxonomy":"product_tag","embeddable":true,"href":"https:\/\/vietcorp.com\/store\/wp-json\/wp\/v2\/product_tag?post=264"}],"curies":[{"name":"wp","href":"https:\/\/api.w.org\/{rel}","templated":true}]}}