


{"id":2566,"date":"2022-10-19T09:51:30","date_gmt":"2022-10-19T02:51:30","guid":{"rendered":"https:\/\/www.vietcorp.com\/store\/?post_type=product&#038;p=2566"},"modified":"2024-03-14T17:07:35","modified_gmt":"2024-03-14T10:07:35","slug":"synology-psu-500w-rp-set_2","status":"publish","type":"product","link":"https:\/\/vietcorp.com\/store\/2566\/synology-psu-500w-rp-set_2\/","title":{"rendered":"Synology PSU 500W-RP-SET_2"},"content":{"rendered":"<h3 class=\"h4\"><a href=\"https:\/\/www.vietcorp.com\/store\/2566\/synology-psu-500w-rp-set_2\/\">Synology PSU 500W-RP SET_2<\/a><\/h3>\n<ul class=\"spare-parts-dialog__list\">\n<li><b>M\u00f4 t\u1ea3:\u00a0<\/b>Redundant Power Set 500W<\/li>\n<li><b>EAN:\u00a0<\/b>4711174729173<\/li>\n<li><b>UPC:\u00a0<\/b>846504009176<\/li>\n<li><b>K\u00edch th\u01b0\u1edbc:\u00a0<\/b>26.2 x10.3 x8.4 cm<\/li>\n<li><b>Tr\u1ecdng l\u01b0\u1ee3ng:\u00a0<\/b>2.40 kg<\/li>\n<li><b>C\u00e1c m\u1eabu s\u1ea3n ph\u1ea9m \u00e1p d\u1ee5ng:\u00a0<\/b>FS3600, FS3400, FS2017, SA3600, SA3400D, SA3400, SA3200D, UC3400, UC3200, RS18017xs+, RS18016xs+, RS3621xs+, RS3621RPxs, RS3617xs+, RS3617RPxs, RS2818RP+, RS2418RP+, RS2416RP+, FX2421, RX1222sas, RXD1219sas, RX2417sas, RX1217sas, RX1217RP, RX1216sas, RXD1215sas<\/li>\n<\/ul>\n<p class=\"spare-parts-dialog__note\">* Ch\u1ec9 t\u01b0\u01a1ng th\u00edch tr\u00ean c\u00e1c m\u1eabu s\u1ea3n ph\u1ea9m c\u00f3 s\u1ed1 s\u00ea-ri (ch\u1eef s\u1ed1 th\u1ee9 5 \u0111\u1ebfn th\u1ee9 7) l\u00e0 SYR \u0111\u1ed1i v\u1edbi RS3621RPxs v\u00e0 SZR \u0111\u1ed1i v\u1edbi RS3621xs+.<\/p>\n","protected":false},"excerpt":{"rendered":"<p>M\u00f4 t\u1ea3:\u00a0Redundant Power Set 500W<br \/>\nEAN:\u00a04711174729173<br \/>\nUPC:\u00a0846504009176<br \/>\nK\u00edch th\u01b0\u1edbc:\u00a026.2 x10.3 x8.4 cm<br \/>\nTr\u1ecdng l\u01b0\u1ee3ng:\u00a02.40 kg<br \/>\nC\u00e1c m\u1eabu s\u1ea3n ph\u1ea9m \u00e1p d\u1ee5ng:\u00a0FS3600, FS3400, FS2017, SA3600, SA3400D, SA3400, SA3200D, UC3400, UC3200, RS18017xs+, RS18016xs+, RS3621xs+, RS3621RPxs, RS3617xs+, RS3617RPxs, RS2818RP+, RS2418RP+, RS2416RP+, FX2421, RX1222sas, RXD1219sas, RX2417sas, RX1217sas, RX1217RP, RX1216sas, RXD1215sas<\/p>\n","protected":false},"featured_media":7933,"template":"","meta":[],"product_brand":[],"product_cat":[191],"product_tag":[357,44,23,399],"class_list":{"0":"post-2566","1":"product","2":"type-product","3":"status-publish","4":"has-post-thumbnail","6":"product_cat-linh-kien","7":"product_tag-adapter-psu","8":"product_tag-phu-kien-synology","9":"product_tag-synology","10":"product_tag-synology-psu","12":"first","13":"instock","14":"taxable","15":"shipping-taxable","16":"purchasable","17":"product-type-simple"},"_links":{"self":[{"href":"https:\/\/vietcorp.com\/store\/wp-json\/wp\/v2\/product\/2566","targetHints":{"allow":["GET"]}}],"collection":[{"href":"https:\/\/vietcorp.com\/store\/wp-json\/wp\/v2\/product"}],"about":[{"href":"https:\/\/vietcorp.com\/store\/wp-json\/wp\/v2\/types\/product"}],"wp:featuredmedia":[{"embeddable":true,"href":"https:\/\/vietcorp.com\/store\/wp-json\/wp\/v2\/media\/7933"}],"wp:attachment":[{"href":"https:\/\/vietcorp.com\/store\/wp-json\/wp\/v2\/media?parent=2566"}],"wp:term":[{"taxonomy":"product_brand","embeddable":true,"href":"https:\/\/vietcorp.com\/store\/wp-json\/wp\/v2\/product_brand?post=2566"},{"taxonomy":"product_cat","embeddable":true,"href":"https:\/\/vietcorp.com\/store\/wp-json\/wp\/v2\/product_cat?post=2566"},{"taxonomy":"product_tag","embeddable":true,"href":"https:\/\/vietcorp.com\/store\/wp-json\/wp\/v2\/product_tag?post=2566"}],"curies":[{"name":"wp","href":"https:\/\/api.w.org\/{rel}","templated":true}]}}