


{"id":2515,"date":"2022-10-17T15:14:12","date_gmt":"2022-10-17T08:14:12","guid":{"rendered":"https:\/\/www.vietcorp.com\/store\/?post_type=product&#038;p=2515"},"modified":"2024-11-21T13:22:39","modified_gmt":"2024-11-21T06:22:39","slug":"ncomputing-rx300-2","status":"publish","type":"product","link":"https:\/\/vietcorp.com\/store\/2515\/ncomputing-rx300-2\/","title":{"rendered":"NCOMPUTING RX300+"},"content":{"rendered":"<h3><a href=\"https:\/\/www.vietcorp.com\/store\/2515\/ncomputing-rx300-2\/\"><strong>NComputing RX300+<\/strong><\/a><\/h3>\n<ul class=\"a-unordered-list a-vertical a-spacing-none\">\n<li class=\"a-spacing-small\"><span class=\"a-list-item a-size-base\">NComputing vSpace Pro, VERDE VDI v\u00e0 Microsoft RDS.<\/span><\/li>\n<li class=\"a-spacing-small\"><span class=\"a-list-item a-size-base\">H\u1ed7 tr\u1ee3 NComputing vCAST Web &amp; Media v\u00e0 h\u1ed7 tr\u1ee3 Microsoft RemoteFX cho \u0111a ph\u01b0\u01a1ng ti\u1ec7n n\u00e2ng cao.<\/span><\/li>\n<li class=\"a-spacing-small\"><span class=\"a-list-item a-size-base\">\u0110\u1ed9 ph\u00e2n gi\u1ea3i m\u00e0n h\u00ecnh l\u00ean \u0111\u1ebfn 1920&#215;1200 th\u00f4ng qua c\u1ed5ng HDMI. C\u00f3 th\u1ec3 hi\u1ec3n th\u1ecb k\u00e9p v\u1edbi SDA .<\/span><\/li>\n<li class=\"a-spacing-small\"><span class=\"a-list-item a-size-base\">100\/1000 Ethernet v\u00e0 WiFi 2.4GHz \/ 5GHz (802.11 b \/ g \/ n).\u00a0<\/span><\/li>\n<li class=\"a-spacing-small\"><span class=\"a-list-item a-size-base\">4 c\u1ed5ng USB 2.0 v\u1edbi kh\u1ea3 n\u0103ng chuy\u1ec3n h\u01b0\u1edbng USB.<\/span><\/li>\n<li class=\"a-spacing-small\"><span class=\"a-list-item a-size-base\">T\u01b0\u01a1ng th\u00edch v\u1edbi: Windows Server 2022, 2019, 2016, 2012 v\u00e0 2008; Microsoft Windows 11, 10, 8.1.<\/span><\/li>\n<li>B\u1ea3o h\u00e0nh 12 th\u00e1ng.<\/li>\n<\/ul>\n<figure id=\"attachment_2517\" aria-describedby=\"caption-attachment-2517\" style=\"width: 600px\" class=\"wp-caption aligncenter\"><img decoding=\"async\" class=\"size-full wp-image-2517\" src=\"https:\/\/www.vietcorp.com\/store\/wp-content\/uploads\/2022\/10\/may-tinh-dam-may-ncomputing-RX3002.jpg\" alt=\"Ncomputing RX300+ 1\" width=\"600\" height=\"600\" srcset=\"https:\/\/vietcorp.com\/store\/wp-content\/uploads\/2022\/10\/may-tinh-dam-may-ncomputing-RX3002.jpg?v=1668219084 600w, https:\/\/vietcorp.com\/store\/wp-content\/uploads\/2022\/10\/may-tinh-dam-may-ncomputing-RX3002-400x400.jpg?v=1668219084 400w, https:\/\/vietcorp.com\/store\/wp-content\/uploads\/2022\/10\/may-tinh-dam-may-ncomputing-RX3002-560x560.jpg?v=1668219084 560w, https:\/\/vietcorp.com\/store\/wp-content\/uploads\/2022\/10\/may-tinh-dam-may-ncomputing-RX3002-367x367.jpg?v=1668219084 367w\" sizes=\"(max-width: 600px) 100vw, 600px\" \/><figcaption id=\"caption-attachment-2517\" class=\"wp-caption-text\">M\u00e1y t\u00ednh \u1ea3o Ncomputing RX300+<\/figcaption><\/figure>\n<figure id=\"attachment_2516\" aria-describedby=\"caption-attachment-2516\" style=\"width: 600px\" class=\"wp-caption aligncenter\"><img decoding=\"async\" class=\"size-full wp-image-2516\" src=\"https:\/\/www.vietcorp.com\/store\/wp-content\/uploads\/2022\/10\/may-tinh-dam-may-ncomputing-RX3001.jpg\" alt=\"Ncomputing RX300+2\" width=\"600\" height=\"600\" srcset=\"https:\/\/vietcorp.com\/store\/wp-content\/uploads\/2022\/10\/may-tinh-dam-may-ncomputing-RX3001.jpg?v=1668219085 600w, https:\/\/vietcorp.com\/store\/wp-content\/uploads\/2022\/10\/may-tinh-dam-may-ncomputing-RX3001-400x400.jpg?v=1668219085 400w, https:\/\/vietcorp.com\/store\/wp-content\/uploads\/2022\/10\/may-tinh-dam-may-ncomputing-RX3001-560x560.jpg?v=1668219085 560w, https:\/\/vietcorp.com\/store\/wp-content\/uploads\/2022\/10\/may-tinh-dam-may-ncomputing-RX3001-367x367.jpg?v=1668219085 367w\" sizes=\"(max-width: 600px) 100vw, 600px\" \/><figcaption id=\"caption-attachment-2516\" class=\"wp-caption-text\">M\u00e1y t\u00ednh \u1ea3o Ncomputing RX300+<\/figcaption><\/figure>\n<p><strong><a href=\"https:\/\/www.vietcorp.com\/store\/ncomputing\/\">Ncomputing<\/a> RX300+<\/strong> l\u00e0 m\u1ed9t m\u00e1y t\u00ednh \u0111\u00e1m m\u00e2y \u0111\u01b0\u1ee3c thi\u1ebft k\u1ebf v\u00e0 t\u1ed1i \u01b0u h\u00f3a \u0111\u1eb7c bi\u1ec7t cho \u1ea3o h\u00f3a m\u00e1y t\u00ednh \u0111\u1ec3 b\u00e0n vSpace Pro c\u1ee7a NComputing, NComputing VERDE VDI v\u00e0 Microsoft Remote Desktop Services. RX300 + c\u00f3 t\u00ednh n\u0103ng ph\u00e1t l\u1ea1i \u0111a ph\u01b0\u01a1ng ti\u1ec7n HD to\u00e0n m\u00e0n h\u00ecnh, chuy\u1ec3n \u0111\u1ed9ng \u0111\u1ea7y \u0111\u1ee7 v\u1edbi NComputing vCAST Streaming v\u00e0 h\u1ed7 tr\u1ee3 Microsoft RemoteFX, k\u1ebft n\u1ed1i WiFi, chuy\u1ec3n h\u01b0\u1edbng USB t\u00edch h\u1ee3p v\u1edbi h\u1ed7 tr\u1ee3 ngo\u1ea1i vi r\u1ed9ng v\u00e0 quy\u1ec1n truy c\u1eadp t\u00f9y ch\u1ecdn v\u00e0o H\u1ec7 \u0111i\u1ec1u h\u00e0nh Linux Raspbian do qu\u1ea3n tr\u1ecb vi\u00ean CNTT qu\u1ea3n l\u00fd.<\/p>\n<p><strong>TR\u1ea2I NGHI\u1ec6M DESKTOP WINDOWS M\u1edaI NH\u1ea4T<\/strong><\/p>\n<p>\u0110\u01b0\u1ee3c t\u1ed1i \u01b0u h\u00f3a ho\u00e0n to\u00e0n cho vSpace Pro , RX300+ cung c\u1ea5p m\u00e1y t\u00ednh \u0111\u1ec3 b\u00e0n \u1ea3o t\u1eeb 11 h\u1ec7 \u0111i\u1ec1u h\u00e0nh Windows ph\u1ed5 bi\u1ebfn, bao g\u1ed3m Windows 10, Windows Server 2016 v\u00e0 Windows Server 2019. N\u1ebfu Linux ph\u00f9 h\u1ee3p v\u1edbi phong c\u00e1ch c\u1ee7a b\u1ea1n h\u01a1n, RX300+ c\u0169ng c\u00f3 th\u1ec3 \u0111\u01b0\u1ee3c s\u1eed d\u1ee5ng v\u1edbi vSpace cho Linux .<\/p>\n<p><img decoding=\"async\" class=\"size-full wp-image-2521 aligncenter\" src=\"https:\/\/www.vietcorp.com\/store\/wp-content\/uploads\/2022\/10\/may-tinh-dam-may-ncomputing-RX30013.jpg\" alt=\"Ncomputing RX300+ 3\" width=\"600\" height=\"485\" srcset=\"https:\/\/vietcorp.com\/store\/wp-content\/uploads\/2022\/10\/may-tinh-dam-may-ncomputing-RX30013.jpg?v=1668219080 600w, https:\/\/vietcorp.com\/store\/wp-content\/uploads\/2022\/10\/may-tinh-dam-may-ncomputing-RX30013-400x323.jpg?v=1668219080 400w, https:\/\/vietcorp.com\/store\/wp-content\/uploads\/2022\/10\/may-tinh-dam-may-ncomputing-RX30013-367x297.jpg?v=1668219080 367w\" sizes=\"(max-width: 600px) 100vw, 600px\" \/><\/p>\n<p>C\u00f4ng ngh\u1ec7 ph\u00e1t tr\u1ef1c tuy\u1ebfn vCAST c\u1ee7a NComputing gi\u00fap gi\u1ea3m m\u1ee9c s\u1eed d\u1ee5ng CPU ph\u00eda m\u00e1y ch\u1ee7 t\u1ed5ng th\u1ec3 cho c\u00e1c video web nh\u01b0 YouTube ho\u1eb7c n\u1ed9i dung ph\u01b0\u01a1ng ti\u1ec7n c\u1ee5c b\u1ed9 m\u00e0 kh\u00f4ng c\u1ea7n GPU \u0111\u1eaft ti\u1ec1n. \u0110i\u1ec1u n\u00e0y cho ph\u00e9p b\u1ea1n ph\u00e1t tr\u1ef1c tuy\u1ebfn ph\u01b0\u01a1ng ti\u1ec7n ch\u1ea5t l\u01b0\u1ee3ng cao h\u01a1n b\u1eb1ng c\u00e1ch s\u1eed d\u1ee5ng b\u0103ng th\u00f4ng m\u1ea1ng m\u00e0 kh\u00f4ng b\u1ecb t\u1eafc ngh\u1ebdn CPU m\u00e1y ch\u1ee7, do \u0111\u00f3 h\u1ed7 tr\u1ee3 nhi\u1ec1u ng\u01b0\u1eddi d\u00f9ng \u0111\u1ed3ng th\u1eddi h\u01a1n. vCAST Streaming l\u00e0 m\u1ed9t ph\u1ea7n c\u1ee7a vSpace Pro v\u00e0 c\u00f3 s\u1eb5n d\u01b0\u1edbi d\u1ea1ng ti\u1ec7n \u00edch b\u1ed5 sung cho Microsoft RDS (SuperRDP Server Pack).<\/p>\n<p>Giao th\u1ee9c UXP Turbo m\u1edbi cho vSpace Pro Enterprise mang \u0111\u1ebfn tr\u1ea3i nghi\u1ec7m m\u00e1y t\u00ednh \u0111\u1ec3 b\u00e0n n\u00e2ng cao v\u1edbi hi\u1ec7u su\u1ea5t gi\u1ed1ng nh\u01b0 PC \u0111\u1ec3 k\u1ebft xu\u1ea5t 3D, tr\u00ecnh duy\u1ec7t, ph\u00e1t l\u1ea1i video v\u00e0 \u1ee9ng d\u1ee5ng \u0111a ph\u01b0\u01a1ng ti\u1ec7n chuy\u00ean s\u00e2u ch\u1ea1y tr\u00ean Windows 10, Windows 11 ho\u1eb7c Windows Server 2022.<\/p>\n<p>K\u00edch ho\u1ea1t t\u00ednh n\u0103ng Microsoft RemoteFX cho k\u1ebft n\u1ed1i RemoteApp ho\u1eb7c Remote Desktop gi\u00fap n\u00e2ng cao \u0111\u00e1ng k\u1ec3 tr\u1ea3i nghi\u1ec7m h\u00ecnh \u1ea3nh c\u1ee7a ng\u01b0\u1eddi d\u00f9ng. C\u00e1c h\u1ec7 th\u1ed1ng m\u00e1y ch\u1ee7 \u0111\u01b0\u1ee3c trang b\u1ecb card \u0111\u1ed3 h\u1ecda s\u1ebd \u0111\u01b0\u1ee3c h\u1ed7 tr\u1ee3 t\u1ed1t h\u01b0\u01a1n.<\/p>\n<p><img decoding=\"async\" class=\"size-full wp-image-2520 aligncenter\" src=\"https:\/\/www.vietcorp.com\/store\/wp-content\/uploads\/2022\/10\/may-tinh-dam-may-ncomputing-RX3008.jpg\" alt=\"Ncomputing RX300+4\" width=\"600\" height=\"597\" srcset=\"https:\/\/vietcorp.com\/store\/wp-content\/uploads\/2022\/10\/may-tinh-dam-may-ncomputing-RX3008.jpg?v=1668219081 600w, https:\/\/vietcorp.com\/store\/wp-content\/uploads\/2022\/10\/may-tinh-dam-may-ncomputing-RX3008-400x398.jpg?v=1668219081 400w, https:\/\/vietcorp.com\/store\/wp-content\/uploads\/2022\/10\/may-tinh-dam-may-ncomputing-RX3008-367x365.jpg?v=1668219081 367w\" sizes=\"(max-width: 600px) 100vw, 600px\" \/><\/p>\n<p><strong>QU\u1ea2N L\u00dd T\u1eacP TRUNG<\/strong><\/p>\n<p>RX300+ d\u1ec5 c\u1ea5u h\u00ecnh v\u00e0 t\u1ef1 \u0111\u1ed9ng nh\u1eadn c\u00e1c b\u1ea3n c\u1eadp nh\u1eadt t\u1eeb c\u00e1c m\u00e1y ch\u1ee7 vSpace Pro \u0111\u00e3 tri\u1ec3n khai. Qu\u1ea3n tr\u1ecb vi\u00ean c\u00f3 th\u1ec3 x\u00e1c \u0111\u1ecbnh m\u1ed9t m\u1eabu thi\u1ebft b\u1ecb v\u1edbi t\u1ea5t c\u1ea3 c\u00e1c c\u00e0i \u0111\u1eb7t v\u00e0 c\u1ea5u h\u00ecnh, sau \u0111\u00f3 sao ch\u00e9p v\u00e0 \u0111\u1ea9y n\u00f3 sang c\u00e1c thi\u1ebft b\u1ecb m\u1edbi. T\u1ea5t c\u1ea3 \u0111\u1ec1u c\u00f3 th\u1ec3 \u0111\u01b0\u1ee3c qu\u1ea3n tr\u1ecb vi\u00ean CNTT t\u1eadp trung qu\u1ea3n l\u00fd v\u00e0 cung c\u1ea5p v\u1edbi vSpace Pro, cho ph\u00e9p ki\u1ec3m so\u00e1t h\u00e0ng tr\u0103m thi\u1ebft b\u1ecb RX300+ ch\u1ec9 v\u1edbi m\u1ed9t v\u00e0i c\u00fa nh\u1ea5p chu\u1ed9t. Ng\u01b0\u1eddi d\u00f9ng lu\u00f4n \u0111\u01b0\u1ee3c c\u1eadp nh\u1eadt c\u00f4ng ngh\u1ec7 m\u1edbi nh\u1ea5t.<\/p>\n<p><img decoding=\"async\" class=\"size-full wp-image-2523 aligncenter\" src=\"https:\/\/www.vietcorp.com\/store\/wp-content\/uploads\/2022\/10\/may-tinh-dam-may-ncomputing-RX30011.jpg\" alt=\"Ncomputing RX300+ 5\" width=\"539\" height=\"681\" srcset=\"https:\/\/vietcorp.com\/store\/wp-content\/uploads\/2022\/10\/may-tinh-dam-may-ncomputing-RX30011.jpg?v=1668219074 539w, https:\/\/vietcorp.com\/store\/wp-content\/uploads\/2022\/10\/may-tinh-dam-may-ncomputing-RX30011-400x505.jpg?v=1668219074 400w, https:\/\/vietcorp.com\/store\/wp-content\/uploads\/2022\/10\/may-tinh-dam-may-ncomputing-RX30011-367x464.jpg?v=1668219074 367w\" sizes=\"(max-width: 539px) 100vw, 539px\" \/><\/p>\n<h3>H\u1ed6 TR\u1ee2 WEBCAM G\u1ed0C<\/h3>\n<p>T\u1ea5t c\u1ea3 c\u00e1c m\u00e1y RX300+ hi\u1ec7n h\u1ed7 tr\u1ee3 webcam t\u01b0\u01a1ng th\u00edch v\u1edbi c\u00e1c \u1ee9ng d\u1ee5ng h\u1ed9i ngh\u1ecb truy\u1ec1n h\u00ecnh ph\u1ed5 bi\u1ebfn nh\u01b0 Microsoft Teams, Zoom, WebEx, GoToMeeting v\u00e0 Skype. Lu\u00f4n l\u00e0m vi\u1ec7c hi\u1ec7u qu\u1ea3 v\u00e0 t\u01b0\u01a1ng t\u00e1c v\u1edbi nh\u00f3m c\u1ee7a b\u1ea1n khi l\u00e0m vi\u1ec7c t\u1ea1i nh\u00e0 ho\u1eb7c khi \u0111\u00e0o t\u1ea1o t\u1eeb xa.<\/p>\n<p><img decoding=\"async\" class=\"size-full wp-image-2524 aligncenter\" src=\"https:\/\/www.vietcorp.com\/store\/wp-content\/uploads\/2022\/10\/may-tinh-dam-may-ncomputing-RX3006.jpg\" alt=\"Ncomputing RX300+ 6\" width=\"600\" height=\"613\" srcset=\"https:\/\/vietcorp.com\/store\/wp-content\/uploads\/2022\/10\/may-tinh-dam-may-ncomputing-RX3006.jpg?v=1668219072 600w, https:\/\/vietcorp.com\/store\/wp-content\/uploads\/2022\/10\/may-tinh-dam-may-ncomputing-RX3006-400x409.jpg?v=1668219072 400w, https:\/\/vietcorp.com\/store\/wp-content\/uploads\/2022\/10\/may-tinh-dam-may-ncomputing-RX3006-367x375.jpg?v=1668219072 367w\" sizes=\"(max-width: 600px) 100vw, 600px\" \/><\/p>\n<p><strong>H\u1ed7 tr\u1ee3 USB \u0111a n\u0103ng<\/strong><\/p>\n<p>V\u1edbi t\u00ednh n\u0103ng chuy\u1ec3n h\u01b0\u1edbng USB t\u00edch h\u1ee3p, RX300+ s\u1eed d\u1ee5ng tr\u00ecnh \u0111i\u1ec1u khi\u1ec3n thi\u1ebft b\u1ecb t\u1eeb ph\u00eda m\u00e1y ch\u1ee7 \u0111\u1ec3 cung c\u1ea5p h\u1ed7 tr\u1ee3 r\u1ed9ng r\u00e3i bao g\u1ed3m b\u1ed9 nh\u1edb chung, m\u00e1y in, m\u00e1y qu\u00e9t, \u0111\u1ea7u \u0111\u1ecdc th\u1ebb th\u00f4ng minh, tai nghe ho\u1eb7c loa, webcam, ch\u1eef k\u00fd s\u1ed1, b\u00e0n ph\u00edm v\u00e0 chu\u1ed9t.<\/p>\n<p>H\u1ed7 tr\u1ee3 m\u00e0n h\u00ecnh c\u1ea3m \u1ee9ng m\u1ed9t ch\u1ea1m v\u00e0 \u0111a ch\u1ea1m n\u00e2ng cao v\u1edbi c\u00f4ng c\u1ee5 hi\u1ec7u chu\u1ea9n t\u00edch h\u1ee3p \u0111\u01b0\u1ee3c h\u1ed7 tr\u1ee3 trong c\u1ea3 vSpace Pro Enterprise Edition v\u00e0 c\u00e1c k\u1ebft n\u1ed1i RDP g\u1ed1c.<\/p>\n<p><strong>KH\u1ea2 N\u0102NG HI\u1ec2N TH\u1eca M\u00c0N H\u00ccNH K\u00c9P<\/strong><\/p>\n<p><img decoding=\"async\" class=\"size-full wp-image-2522 aligncenter\" src=\"https:\/\/www.vietcorp.com\/store\/wp-content\/uploads\/2022\/10\/may-tinh-dam-may-ncomputing-RX30010.jpg\" alt=\"Ncomputing RX300+ 7\" width=\"600\" height=\"191\" srcset=\"https:\/\/vietcorp.com\/store\/wp-content\/uploads\/2022\/10\/may-tinh-dam-may-ncomputing-RX30010.jpg?v=1668219075 600w, https:\/\/vietcorp.com\/store\/wp-content\/uploads\/2022\/10\/may-tinh-dam-may-ncomputing-RX30010-400x127.jpg?v=1668219075 400w, https:\/\/vietcorp.com\/store\/wp-content\/uploads\/2022\/10\/may-tinh-dam-may-ncomputing-RX30010-367x117.jpg?v=1668219075 367w\" sizes=\"(max-width: 600px) 100vw, 600px\" \/><\/p>\n<p>V\u1edbi kh\u1ea3 n\u0103ng hi\u1ec3n th\u1ecb ph\u1ee5 th\u00f4ng qua USB dongle (VGA ho\u1eb7c DVI) ho\u1eb7c Pi Zero SDA (HDMI) c\u1ee7a NComputing, c\u00f3 th\u00eam m\u00e0n h\u00ecnh \u0111\u1ec3 t\u0103ng n\u0103ng su\u1ea5t s\u1eed d\u1ee5ng.<\/p>\n<p><strong>TRI\u1ec2N KHAI LINH HO\u1ea0T C\u00d3 TH\u1ec2 T\u00d9Y CH\u1ec8NH TH\u00d4NG QUA K\u1ebeT N\u1ed0I ETHERNET HO\u1eb6C WI-FI<\/strong><\/p>\n<p><img decoding=\"async\" class=\"size-full wp-image-2525 aligncenter\" src=\"https:\/\/www.vietcorp.com\/store\/wp-content\/uploads\/2022\/10\/may-tinh-dam-may-ncomputing-RX3007.jpg\" alt=\"Ncomputing RX300+ 8\" width=\"600\" height=\"384\" srcset=\"https:\/\/vietcorp.com\/store\/wp-content\/uploads\/2022\/10\/may-tinh-dam-may-ncomputing-RX3007.jpg?v=1668219071 600w, https:\/\/vietcorp.com\/store\/wp-content\/uploads\/2022\/10\/may-tinh-dam-may-ncomputing-RX3007-400x256.jpg?v=1668219071 400w, https:\/\/vietcorp.com\/store\/wp-content\/uploads\/2022\/10\/may-tinh-dam-may-ncomputing-RX3007-367x235.jpg?v=1668219071 367w\" sizes=\"(max-width: 600px) 100vw, 600px\" \/><\/p>\n<p>RX300+ c\u00f3 c\u1ed5ng 10\/100 ethernet v\u00e0 Wi-Fi (802.11 b \/ g \/ n). RX300 + c\u00f3 ethernet gigabit v\u00e0 Wi-Fi b\u0103ng t\u1ea7n k\u00e9p 5 \/ 2,4 GHz (802.11 b \/ g \/ n \/ ac). C\u00e1c t\u1ed5 ch\u1ee9c, doanh nghi\u1ec7p kh\u00f4ng c\u00f2n b\u1ecb r\u00e0ng bu\u1ed9c v\u00e0o c\u01a1 s\u1edf h\u1ea1 t\u1ea7ng \u0111i d\u00e2y v\u00e0 c\u00f3 th\u1ec3 tri\u1ec3n khai c\u00e1c thi\u1ebft b\u1ecb n\u00e0y \u1edf b\u1ea5t k\u1ef3 v\u1ecb tr\u00ed n\u00e0o c\u00f3 truy c\u1eadp Wi-Fi d\u1ec5 d\u00e0ng k\u1ebft n\u1ed1i.<\/p>\n<p>Xem th\u00eam Ncomputing:<\/p>\n<ul>\n<li><a href=\"https:\/\/www.vietcorp.com\/support\/huong-dan-su-dung\/tai-lieu-ncomputing\/\">Support Ncomputing<\/a><\/li>\n<li><a href=\"https:\/\/www.vietcorp.com\/blog\/tag\/showcase-ncomputing\/\">Showcase Ncomputing<\/a><\/li>\n<\/ul>\n","protected":false},"excerpt":{"rendered":"<p>Support Windows and linux<br \/>\nHDMI full HD support dual screen<br \/>\nEthernet 1Gbs<br \/>\nWifi 5GHz and 2.4GHz<br \/>\nB\u1ea3o h\u00e0nh 12 th\u00e1ng<\/p>\n","protected":false},"featured_media":2516,"template":"","meta":[],"product_brand":[],"product_cat":[87],"product_tag":[66,70,68],"class_list":{"0":"post-2515","1":"product","2":"type-product","3":"status-publish","4":"has-post-thumbnail","6":"product_cat-thin-clients","7":"product_tag-cloudpc","8":"product_tag-ncomputing","9":"product_tag-thin-client","11":"first","12":"outofstock","13":"taxable","14":"shipping-taxable","15":"purchasable","16":"product-type-simple"},"_links":{"self":[{"href":"https:\/\/vietcorp.com\/store\/wp-json\/wp\/v2\/product\/2515","targetHints":{"allow":["GET"]}}],"collection":[{"href":"https:\/\/vietcorp.com\/store\/wp-json\/wp\/v2\/product"}],"about":[{"href":"https:\/\/vietcorp.com\/store\/wp-json\/wp\/v2\/types\/product"}],"wp:featuredmedia":[{"embeddable":true,"href":"https:\/\/vietcorp.com\/store\/wp-json\/wp\/v2\/media\/2516"}],"wp:attachment":[{"href":"https:\/\/vietcorp.com\/store\/wp-json\/wp\/v2\/media?parent=2515"}],"wp:term":[{"taxonomy":"product_brand","embeddable":true,"href":"https:\/\/vietcorp.com\/store\/wp-json\/wp\/v2\/product_brand?post=2515"},{"taxonomy":"product_cat","embeddable":true,"href":"https:\/\/vietcorp.com\/store\/wp-json\/wp\/v2\/product_cat?post=2515"},{"taxonomy":"product_tag","embeddable":true,"href":"https:\/\/vietcorp.com\/store\/wp-json\/wp\/v2\/product_tag?post=2515"}],"curies":[{"name":"wp","href":"https:\/\/api.w.org\/{rel}","templated":true}]}}