


{"id":248,"date":"2020-11-03T10:39:16","date_gmt":"2020-11-03T03:39:16","guid":{"rendered":"https:\/\/www.vietcorp.com\/store\/product\/synology-rs3618xs\/"},"modified":"2025-12-11T15:33:15","modified_gmt":"2025-12-11T08:33:15","slug":"thiet-bi-luu-tru-nas-synology-rs3618xs","status":"publish","type":"product","link":"https:\/\/vietcorp.com\/store\/248\/thiet-bi-luu-tru-nas-synology-rs3618xs\/","title":{"rendered":"Synology RS3618xs"},"content":{"rendered":"<p><strong>Thi\u1ebft b\u1ecb l\u01b0u tr\u1eef NAS <a href=\"https:\/\/www.vietcorp.com\/store\/248\/thiet-bi-luu-tru-nas-synology-rs3618xs\/\">Synology RS3618xs<\/a><\/strong> l\u00e0 gi\u1ea3i ph\u00e1p l\u01b0u tr\u1eef g\u1eafn v\u00e0o m\u1ea1ng \u0111\u00e1ng tin c\u1eady, hi\u1ec7u su\u1ea5t v\u01b0\u1ee3t tr\u1ed9i d\u00e0nh cho c\u00e1c doanh nghi\u1ec7p quy m\u00f4 l\u1edbn v\u1edbi c\u00e1c \u1ee9ng d\u1ee5ng kinh doanh kh\u1eaft khe. N\u00f3 \u0111\u01a1n gi\u1ea3n h\u00f3a vi\u1ec7c qu\u1ea3n l\u00fd d\u1eef li\u1ec7u, t\u1ed1i \u01b0u h\u00f3a m\u00f4i tr\u01b0\u1eddng \u1ea3o h\u00f3a v\u00e0 nhanh ch\u00f3ng m\u1edf r\u1ed9ng dung l\u01b0\u1ee3ng l\u01b0u tr\u1eef v\u1edbi \u0111\u1ea7u t\u01b0 th\u1eddi gian t\u1ed1i thi\u1ec3u v\u00e0o thi\u1ebft l\u1eadp v\u00e0 b\u1ea3o tr\u00ec.<\/p>\n<h2><span style=\"color: #0000ff;\"><strong><a href=\"https:\/\/www.vietcorp.com\/store\/nas-synology\/\">Thi\u1ebft b\u1ecb l\u01b0u tr\u1eef NAS Synology<\/a> RS3618xs cung c\u1ea5p ph\u1ea7n c\u1ee9ng m\u1ea1nh m\u1ebd<\/strong><\/span><\/h2>\n<ul>\n<li><strong>B\u1ed9 x\u1eed l\u00fd CPU<\/strong>: quad-core up to 2.7GHz<\/li>\n<li><b>B\u1ed9 nh\u1edb RAM<\/b>: 8GB DDR4 ECC UDIMM, up to 64GB<\/li>\n<li><strong>Network: <\/strong>4 x 1GbE LAN , h\u1ed7 tr\u1ee3 NIC 10GbE<\/li>\n<li><strong>Kh\u1ea3 n\u0103ng m\u1edf r\u1ed9ng<\/strong>: V\u1edbi hai \u00a0RX1217 \/ RX1217RP, n\u00f3 c\u00f3 th\u1ec3 \u0111\u01b0\u1ee3c m\u1edf r\u1ed9ng l\u00ean 36 \u1ed5 c\u1ee9ng<\/li>\n<\/ul>\n<p><center><iframe loading=\"lazy\" title=\"YouTube video player\" src=\"https:\/\/www.youtube.com\/embed\/2GpOG2rRO1M?si=nzDj9BWoN5lNQ-Sz\" width=\"560\" height=\"315\" frameborder=\"0\" allowfullscreen=\"allowfullscreen\"><\/iframe><\/center><\/p>\n<h2><span style=\"color: #0000ff;\"><strong>NAS Synology RS3618xs h\u1ed7 tr\u1ee3 NIC Network port 10GbE v\u00e0 h\u01a1n th\u1ebf n\u1eefa<\/strong><\/span><\/h2>\n<p>C\u00e1c khe c\u1eafm PCIe 3.0 cho ph\u00e9p t\u00f9y ch\u1ecdn m\u1ea1ng nhanh h\u01a1n khi b\u1ea1n m\u1edf r\u1ed9ng c\u01a1 s\u1edf h\u1ea1 t\u1ea7ng c\u1ee7a m\u00ecnh. C\u00f9ng v\u1edbi b\u1ed1n c\u1ed5ng Gigabit t\u00edch h\u1ee3p, NAS Synology RS3618xs cung c\u1ea5p c\u00e1c t\u00f9y ch\u1ecdn k\u1ebft n\u1ed1i to\u00e0n di\u1ec7n \u0111\u1ec3 t\u1ed5ng h\u1ee3p li\u00ean k\u1ebft v\u00e0 c\u1ea5u h\u00ecnh chuy\u1ec3n \u0111\u1ed5i d\u1ef1 ph\u00f2ng.<\/p>\n<p><img decoding=\"async\" class=\"aligncenter wp-image-1287 size-full\" src=\"https:\/\/vietcorp.com\/store\/wp-content\/uploads\/2020\/11\/nas-synology-rs3618xs10GbE_01-vietcorp.jpg\" alt=\"Vietcorp ph\u00e2n ph\u1ed1i NAS Synology RS3618xs\" width=\"823\" height=\"736\" srcset=\"https:\/\/vietcorp.com\/store\/wp-content\/uploads\/2020\/11\/nas-synology-rs3618xs10GbE_01-vietcorp.jpg?v=1668220349 823w, https:\/\/vietcorp.com\/store\/wp-content\/uploads\/2020\/11\/nas-synology-rs3618xs10GbE_01-vietcorp-600x537.jpg?v=1668220349 600w, https:\/\/vietcorp.com\/store\/wp-content\/uploads\/2020\/11\/nas-synology-rs3618xs10GbE_01-vietcorp-768x687.jpg?v=1668220349 768w, https:\/\/vietcorp.com\/store\/wp-content\/uploads\/2020\/11\/nas-synology-rs3618xs10GbE_01-vietcorp-640x572.jpg?v=1668220349 640w, https:\/\/vietcorp.com\/store\/wp-content\/uploads\/2020\/11\/nas-synology-rs3618xs10GbE_01-vietcorp-400x358.jpg?v=1668220349 400w, https:\/\/vietcorp.com\/store\/wp-content\/uploads\/2020\/11\/nas-synology-rs3618xs10GbE_01-vietcorp-367x328.jpg?v=1668220349 367w\" sizes=\"(max-width: 823px) 100vw, 823px\" \/><\/p>\n<h2><\/h2>\n<h2 style=\"text-align: center;\"><strong><span style=\"color: #0000ff;\">B\u1ea3o h\u00e0nh 5 n\u0103m<\/span><\/strong><\/h2>\n<table>\n<tbody>\n<tr>\n<td><img decoding=\"async\" class=\"alignnone wp-image-1288 size-full\" src=\"https:\/\/vietcorp.com\/store\/wp-content\/uploads\/2020\/11\/5year_warranty_02-1.png\" alt=\"Vietcorp ph\u00e2n ph\u1ed1i NAS Synology RS3618xs\" width=\"199\" height=\"169\" \/><\/td>\n<td>Ch\u00fang t\u00f4i cam k\u1ebft v\u1ec1 ch\u1ea5t l\u01b0\u1ee3ng s\u1ea3n ph\u1ea9m, \u0111\u1ea3m b\u1ea3o tr\u1ea3i nghi\u1ec7m qu\u1ea3n l\u00fd d\u1eef li\u1ec7u m\u1ea1nh m\u1ebd v\u00e0 \u0111\u00e1ng tin c\u1eady v\u1edbi g\u00f3i b\u1ea3o h\u00e0nh 5 n\u0103m, cung c\u1ea5p d\u1ecbch v\u1ee5 h\u1ed7 tr\u1ee3 k\u1ef9 thu\u1eadt \u0111\u00e1p \u1ee9ng \u0111\u1ec3 t\u1ed1i \u0111a h\u00f3a l\u1ee3i t\u1ee9c \u0111\u1ea7u t\u01b0 c\u1ee7a b\u1ea1n.<\/td>\n<\/tr>\n<\/tbody>\n<\/table>\n<p>&nbsp;<\/p>\n<h2 class=\"center\" style=\"text-align: center;\"><strong><span style=\"color: #0000ff;\">Gi\u1ea3i ph\u00e1p sao l\u01b0u t\u1ed1i \u01b0u<\/span><\/strong><\/h2>\n<div class=\"container-960\">\n<p class=\"center margin_bottom60\"><strong>NAS Synology RS3618xs<\/strong> t\u00edch h\u1ee3p c\u00e1c \u1ee9ng d\u1ee5ng backup kh\u00e1c nhau v\u1edbi giao di\u1ec7n ng\u01b0\u1eddi d\u00f9ng tr\u1ef1c quan, cung c\u1ea5p c\u00e1c c\u00f4ng ngh\u1ec7 l\u01b0u tr\u1eef l\u00e2u b\u1ec1n \u0111\u1ec3 b\u1ea3o v\u1ec7 d\u1eef li\u1ec7u qu\u00fd gi\u00e1 c\u1ee7a b\u1ea1n tr\u00ean m\u1ecdi thi\u1ebft b\u1ecb.<\/p>\n<\/div>\n<div class=\"container\">\n<div class=\"pure-g autopad-60\">\n<div class=\"productivity_items pure-u-1-1 pure-u-sm-1-2 pure-u-lg-1-4\"><\/div>\n<\/div>\n<\/div>\n<table>\n<tbody>\n<tr>\n<td><img decoding=\"async\" class=\"aligncenter wp-image-3829 size-full\" title=\"thi\u1ebft b\u1ecb l\u01b0u tr\u1eef NAS Synology DS2419+\" src=\"https:\/\/vietcorp.com\/blog\/wp-content\/uploads\/2020\/12\/backup_solution_1.png\" alt=\"Vietcorp ph\u00e2n ph\u1ed1i NAS Synology RS3618xs\" width=\"60\" height=\"60\" \/><\/td>\n<td><img decoding=\"async\" class=\"aligncenter wp-image-3830 size-full\" title=\"thi\u1ebft b\u1ecb l\u01b0u tr\u1eef NAS Synology DS2419+\" src=\"https:\/\/vietcorp.com\/blog\/wp-content\/uploads\/2020\/12\/backup_solution_2.png\" alt=\"Vietcorp ph\u00e2n ph\u1ed1i NAS Synology RS3618xs\" width=\"60\" height=\"60\" \/><\/td>\n<td><img decoding=\"async\" class=\"aligncenter wp-image-3827 size-full\" title=\"thi\u1ebft b\u1ecb l\u01b0u tr\u1eef NAS Synology DS2419+\" src=\"https:\/\/vietcorp.com\/blog\/wp-content\/uploads\/2020\/12\/backup_solution_3.png\" alt=\"Vietcorp ph\u00e2n ph\u1ed1i NAS Synology RS3618xs\" width=\"60\" height=\"60\" \/><\/td>\n<td><img decoding=\"async\" class=\"aligncenter wp-image-3828 size-full\" title=\"thi\u1ebft b\u1ecb l\u01b0u tr\u1eef NAS Synology DS2419+\" src=\"https:\/\/vietcorp.com\/blog\/wp-content\/uploads\/2020\/12\/backup_solution_4.png\" alt=\"Vietcorp ph\u00e2n ph\u1ed1i NAS Synology RS3618xs\" width=\"60\" height=\"60\" \/><\/td>\n<\/tr>\n<tr>\n<td style=\"text-align: center;\"><a href=\"https:\/\/www.vietcorp.com\/store\/giai-phap-sao-luu-cho-pc-va-mac\/\"><strong>Active Backup for Business<\/strong><\/a><\/td>\n<td style=\"text-align: center;\"><a href=\"https:\/\/www.vietcorp.com\/store\/hyper-backup\/\"><strong>Hyper Backup<\/strong><\/a><\/td>\n<td>\n<p style=\"text-align: center;\"><a href=\"https:\/\/www.vietcorp.com\/store\/synology-drive\/\"><strong>Synology Drive<\/strong><\/a><\/p>\n<\/td>\n<td style=\"text-align: center;\"><strong><strong><a href=\"https:\/\/www.vietcorp.com\/store\/giai-phap-sao-luu-microsoft-365\/\">Active Backup for Microsoft 365<\/a>\/<\/strong><\/strong><\/p>\n<p class=\"h4\"><strong><a href=\"https:\/\/www.vietcorp.com\/store\/giai-phap-sao-luu-google-workspace\/\">Active Backup for Google Workspace<\/a><\/strong><\/p>\n<\/td>\n<\/tr>\n<tr>\n<td><span style=\"vertical-align: inherit;\"><span style=\"vertical-align: inherit;\">Qu\u1ea3n l\u00fd sao l\u01b0u c\u00e1c t\u00e1c v\u1ee5 t\u1eadp trung cho VMware, Windows v\u00e0 t\u1ec7p m\u00e1y ch\u1ee7. <\/span><span style=\"vertical-align: inherit;\">Khi c\u1ea7n thi\u1ebft, kh\u00f4i ph\u1ee5c l\u1ea1i c\u00e1c d\u1ecbch v\u1ee5 m\u00e0 b\u1ea1n c\u1ea7n m\u1ed9t c\u00e1ch nhanh ch\u00f3ng v\u00e0 \u0111\u00e1ng tin c\u1eady.<\/span><\/span><\/td>\n<td><span style=\"vertical-align: inherit;\"><span style=\"vertical-align: inherit;\">Sao l\u01b0u to\u00e0n b\u1ed9 c\u00e1c t\u1eadp tin c\u1ee7a b\u1ea1n v\u00e0o b\u1ed9 chia s\u1ebb th\u01b0 m\u1ee5c, b\u00ean ngo\u00e0i thi\u1ebft b\u1ecb, m\u1ed9t NAS Synology kh\u00e1c, m\u00e1y ch\u1ee7 rsync ho\u1eb7c \u0111\u00e1m m\u00e2y c\u00f4ng c\u1ed9ng \u0111\u1ec3 b\u1ea3o \u0111\u1ea3m an to\u00e0n cho d\u1eef li\u1ec7u.<\/span><\/span><\/td>\n<td><span style=\"vertical-align: inherit;\"><span style=\"vertical-align: inherit;\">B\u1ea3o v\u1ec7 m\u00e1y t\u00ednh c\u1ee7a b\u1ea1n v\u1edbi Synology Drive Client. <\/span><span style=\"vertical-align: inherit;\">D\u1ec5 d\u00e0ng th\u1ef1c hi\u1ec7n sao l\u01b0u v\u00e0 kh\u00f4i ph\u1ee5c t\u1ec7p tin ngay l\u1eadp t\u1ee9c t\u1ea1i b\u1ea5t k\u1ef3 \u0111i\u1ec3m n\u00e0o.<\/span><\/span><\/td>\n<td><span style=\"vertical-align: inherit;\"><span style=\"vertical-align: inherit;\">C\u00f4ng ty d\u1eef li\u1ec7u b\u1ea3o v\u1ec7 \u0111\u01b0\u1ee3c l\u01b0u tr\u1eef tr\u00ean \u0111\u00e1m m\u00e2y. <\/span><span style=\"vertical-align: inherit;\">Qu\u1ea3n l\u00fd gi\u1ea3i ph\u00e1p sao l\u01b0u c\u1ee5c b\u1ed9 v\u1edbi m\u1ed9t trung t\u00e2m t\u1ec7p \u0111i\u1ec1u khi\u1ec3n b\u1ea3ng. <\/span><span style=\"vertical-align: inherit;\">T\u1ed1i \u01b0u h\u00f3a kho l\u01b0u tr\u1eef hi\u1ec7u su\u1ea5t h\u00f3a v\u1edbi c\u00f4ng ngh\u1ec7 l\u01b0u tr\u1eef m\u1ed9t phi\u00ean b\u1ea3n duy nh\u1ea5t v\u00e0 ch\u1ed1ng sao ch\u00e9p kh\u1ed1i c\u1ea5p d\u1eef li\u1ec7u.<\/span><\/span><\/td>\n<\/tr>\n<\/tbody>\n<\/table>\n<h2><\/h2>\n<h2 style=\"text-align: center;\"><strong><span style=\"color: #0000ff;\"><span style=\"vertical-align: inherit;\">\u0110\u1ea7y \u0111\u1ee7 gi\u1ea3i ph\u00e1p ch\u1ee9ng nh\u1eadn \u1ea3o h\u00f3a<\/span><\/span><\/strong><\/h2>\n<p><span style=\"vertical-align: inherit;\">Synology gi\u1ea3i ph\u00e1p l\u01b0u tr\u1eef iSCSI archive. Vi\u1ec7c t\u00edch h\u1ee3p VMware vSphere 6 v\u00e0 VAAI c\u00f3 th\u1ec3 gi\u1ea3m t\u1ea3i ho\u1ea1t \u0111\u1ed9ng l\u01b0u tr\u1eef c\u00f4ng c\u1ee5 c\u00f3 th\u1ec3 v\u00e0 t\u1ed1i \u01b0u h\u00f3a hi\u1ec7u su\u1ea5t m\u00e1y t\u00ednh. Windows Offloaded Data Transfer (ODX) c\u1ea3i thi\u1ec7n hi\u1ec7u qu\u1ea3 x\u1ee9ng \u0111\u00e1ng c\u1ee7a c\u00f4ng vi\u1ec7c v\u00e0 truy\u1ec1n d\u1eef li\u1ec7u. H\u1ed7 tr\u1ee3 OpenStack Cinder c\u0169ng c\u00f3 th\u1ec3 \u0111\u1ecbnh c\u1ea5u h\u00ecnh c\u1ee7a b\u1ea1n NAS Synology nh\u01b0 m\u1ed9t thi\u1ebft b\u1ecb l\u01b0u tr\u1eef ph\u00e2n \u0111o\u1ea1n kh\u1ed1i.<\/span><img decoding=\"async\" class=\"aligncenter wp-image-3826 size-full\" src=\"https:\/\/vietcorp.com\/blog\/wp-content\/uploads\/2020\/12\/vmware.jpg\" alt=\"Vietcorp ph\u00e2n ph\u1ed1i NAS Synology RS3618xs\" width=\"768\" height=\"291\" \/><\/p>\n<h2><span id=\"Be_ngoai_cua_DS1520\" style=\"color: #0000ff;\"><strong>B\u1ec1 ngo\u00e0i c\u1ee7a NAS Synology RS3618xs<\/strong><\/span><\/h2>\n<table>\n<tbody>\n<tr>\n<td><strong><span style=\"vertical-align: inherit;\"><span style=\"vertical-align: inherit;\">M\u1eb7t tr\u01b0\u1edbc NAS Synology RS3618xs<\/span><\/span><\/strong><\/td>\n<td><strong><span style=\"vertical-align: inherit;\"><span style=\"vertical-align: inherit;\">M\u1eb7t sau NAS Synology RS3618xs<\/span><\/span><\/strong><\/td>\n<\/tr>\n<tr>\n<td><img decoding=\"async\" class=\"alignnone wp-image-1289 size-full\" src=\"https:\/\/vietcorp.com\/store\/wp-content\/uploads\/2020\/11\/nas-synology-rs3618xs-backpanel_01-vietcorp.png\" alt=\"Vietcorp ph\u00e2n ph\u1ed1i NAS Synology RS3618xs\" width=\"700\" height=\"256\" srcset=\"https:\/\/vietcorp.com\/store\/wp-content\/uploads\/2020\/11\/nas-synology-rs3618xs-backpanel_01-vietcorp.png?v=1668220343 700w, https:\/\/vietcorp.com\/store\/wp-content\/uploads\/2020\/11\/nas-synology-rs3618xs-backpanel_01-vietcorp-600x219.png?v=1668220343 600w, https:\/\/vietcorp.com\/store\/wp-content\/uploads\/2020\/11\/nas-synology-rs3618xs-backpanel_01-vietcorp-640x234.png?v=1668220343 640w, https:\/\/vietcorp.com\/store\/wp-content\/uploads\/2020\/11\/nas-synology-rs3618xs-backpanel_01-vietcorp-400x146.png?v=1668220343 400w, https:\/\/vietcorp.com\/store\/wp-content\/uploads\/2020\/11\/nas-synology-rs3618xs-backpanel_01-vietcorp-367x134.png?v=1668220343 367w\" sizes=\"(max-width: 700px) 100vw, 700px\" \/><\/td>\n<td><img decoding=\"async\" class=\"alignnone wp-image-1290 size-full\" src=\"https:\/\/vietcorp.com\/store\/wp-content\/uploads\/2020\/11\/nas-synology-rs3618xs-backpanel_02-vietcorp.png\" alt=\"Vietcorp ph\u00e2n ph\u1ed1i NAS Synology RS3618xs\" width=\"704\" height=\"256\" srcset=\"https:\/\/vietcorp.com\/store\/wp-content\/uploads\/2020\/11\/nas-synology-rs3618xs-backpanel_02-vietcorp.png?v=1668220339 704w, https:\/\/vietcorp.com\/store\/wp-content\/uploads\/2020\/11\/nas-synology-rs3618xs-backpanel_02-vietcorp-600x218.png?v=1668220339 600w, https:\/\/vietcorp.com\/store\/wp-content\/uploads\/2020\/11\/nas-synology-rs3618xs-backpanel_02-vietcorp-640x233.png?v=1668220339 640w, https:\/\/vietcorp.com\/store\/wp-content\/uploads\/2020\/11\/nas-synology-rs3618xs-backpanel_02-vietcorp-400x145.png?v=1668220339 400w, https:\/\/vietcorp.com\/store\/wp-content\/uploads\/2020\/11\/nas-synology-rs3618xs-backpanel_02-vietcorp-367x133.png?v=1668220339 367w\" sizes=\"(max-width: 704px) 100vw, 704px\" \/><\/td>\n<\/tr>\n<tr>\n<td><span style=\"vertical-align: inherit;\"><span style=\"vertical-align: inherit;\">1. N\u00fat ngu\u1ed3n v\u00e0 \u0111\u00e8n b\u00e1o<\/span><\/span><\/td>\n<td><span style=\"vertical-align: inherit;\"><span style=\"vertical-align: inherit;\">9. Network port RJ-45\u00a01GbE\u00a0<\/span><\/span><\/td>\n<\/tr>\n<tr>\n<td><span style=\"vertical-align: inherit;\"><span style=\"vertical-align: inherit;\">2. N\u00fat t\u1eaft ti\u1ebfng b\u00edp<\/span><\/span><\/td>\n<td><span style=\"vertical-align: inherit;\"><span style=\"vertical-align: inherit;\">10. C\u1ed5ng USB 3.0<\/span><\/span><\/td>\n<\/tr>\n<tr>\n<td><span style=\"vertical-align: inherit;\"><span style=\"vertical-align: inherit;\">3. \u0110\u00e8n b\u00e1o tr\u1ea1ng th\u00e1i \u1ed5 c\u1ee9ng<\/span><\/span><\/td>\n<td><span style=\"vertical-align: inherit;\"><span style=\"vertical-align: inherit;\">11. C\u1ed5ng m\u1edf r\u1ed9ng<\/span><\/span><\/td>\n<\/tr>\n<tr>\n<td><span style=\"vertical-align: inherit;\"><span style=\"vertical-align: inherit;\">4. Khay \u1ed5 \u0111\u0129a<\/span><\/span><\/td>\n<td><span style=\"vertical-align: inherit;\"><span style=\"vertical-align: inherit;\">12. Khe c\u1eafm PCIe 3.0<\/span><\/span><\/td>\n<\/tr>\n<tr>\n<td><span style=\"vertical-align: inherit;\"><span style=\"vertical-align: inherit;\">5. C\u00f4ng t\u1eafc ngu\u1ed3n b\u1eadt \/ t\u1eaft\u00a0<\/span><\/span><\/td>\n<td><span style=\"vertical-align: inherit;\"><span style=\"vertical-align: inherit;\">13. N\u00fat reset<\/span><\/span><\/td>\n<\/tr>\n<tr>\n<td><span style=\"vertical-align: inherit;\"><span style=\"vertical-align: inherit;\">6. Ngu\u1ed3n \u0111i\u1ec7n<\/span><\/span><\/td>\n<td><\/td>\n<\/tr>\n<tr>\n<td><span style=\"vertical-align: inherit;\"><span style=\"vertical-align: inherit;\">7. Qu\u1ea1t ngu\u1ed3n<\/span><\/span><\/td>\n<td><\/td>\n<\/tr>\n<tr>\n<td><span style=\"vertical-align: inherit;\"><span style=\"vertical-align: inherit;\">8. Console port<\/span><\/span><\/td>\n<td><\/td>\n<\/tr>\n<\/tbody>\n<\/table>\n<p><center><iframe loading=\"lazy\" title=\"Synology RS3618xs m\u00e1y ch\u1ee7 l\u01b0u tr\u1eef t\u1ed1c \u0111\u1ed9 cao c\u00f3 th\u1ec3 m\u1edf r\u1ed9ng quy m\u00f4\" src=\"https:\/\/www.youtube.com\/embed\/OmWyAkzTFX0\" width=\"452\" height=\"803\" frameborder=\"0\" allowfullscreen=\"allowfullscreen\"><\/iframe><\/center>Xem th\u00eam th\u00f4ng tin h\u1ed7 tr\u1ee3 cho\u00a0<strong>Thi\u1ebft b\u1ecb l\u01b0u tr\u1eef Synology RS3618xs<\/strong><\/p>\n<ul>\n<li><a href=\"https:\/\/www.vietcorp.com\/vn\/chung-nhan\/\">Ch\u1ee9ng nh\u1eadn Synology<\/a><\/li>\n<li><a href=\"https:\/\/vietcorp.com\/support\/synology\/\">Support Synology<\/a><\/li>\n<li><a href=\"https:\/\/www.vietcorp.com\/blog\/tag\/showcase-synology\/\">Showcase Synology<\/a><\/li>\n<\/ul>\n","protected":false},"excerpt":{"rendered":"<p>Thi\u1ebft b\u1ecb l\u01b0u tr\u1eef NAS Synology RS3618xs<br \/>\nNAS 12 khay \u1ed5 \u0111\u0129a max 36 \u1ed5 \u0111\u0129a<br \/>\n8 GB DDR4 ECC up to 64 GB<br \/>\n4 RJ-45 1GbE<br \/>\nB\u1ea3o h\u00e0nh 60 th\u00e1ng<\/p>\n","protected":false},"featured_media":6819,"template":"","meta":[],"product_brand":[],"product_cat":[15,405],"product_tag":[53,30,517,31,516,23,92,518],"class_list":{"0":"post-248","1":"product","2":"type-product","3":"status-publish","4":"has-post-thumbnail","6":"product_cat-nas","7":"product_cat-xs-series","8":"product_tag-nas","9":"product_tag-nas-12-bay","10":"product_tag-nas-rs3618xs","11":"product_tag-rackstation","12":"product_tag-rs3618xs","13":"product_tag-synology","14":"product_tag-synology-nas","15":"product_tag-synology-rs3618xs","16":"pa_bao-hanh-60-thang","17":"pa_bo-nho-ram-8-gb","18":"pa_bo-nho-ram-mo-rong-den-64-gb","19":"pa_bo-vxl-cpu-intel-xeon","20":"pa_chung-loai-nas","21":"pa_cong-giao-tiep-2-x-expansion-port","22":"pa_cong-giao-tiep-2-x-usb-3-0","23":"pa_cong-giao-tiep-4-x-rj-45-1gbe","24":"pa_drive-bays-12-bays","25":"pa_dung-luong-chua-co-o-cung","26":"pa_form-factor-2u-rackmount","27":"pa_muc-dich-su-dung-danh-cho-doanh-nghiep-lon","28":"pa_muc-dich-su-dung-danh-cho-doanh-nghiep-vua","29":"pa_thuong-hieu-synology","30":"pa_tinh-nang-phan-cung-64-bit-architecture","31":"pa_tinh-nang-phan-cung-encryption-engine-aes-ni","32":"pa_tinh-nang-phan-cung-expandable-storage-capacity","33":"pa_tinh-nang-phan-cung-hot-swappable-drives","34":"pa_tinh-nang-phan-cung-upgradeable-ram","35":"pa_tinh-nang-phan-mem-active-backup-for-business","36":"pa_tinh-nang-phan-mem-btrfs-file-system","37":"pa_tinh-nang-phan-mem-mailplus","38":"pa_tinh-nang-phan-mem-raid-f1","39":"pa_tinh-nang-phan-mem-snapshot-replication","40":"pa_tinh-nang-phan-mem-synology-high-availability","41":"pa_tinh-nang-phan-mem-virtual-machine-manager","43":"first","44":"onbackorder","45":"taxable","46":"shipping-taxable","47":"product-type-simple"},"_links":{"self":[{"href":"https:\/\/vietcorp.com\/store\/wp-json\/wp\/v2\/product\/248","targetHints":{"allow":["GET"]}}],"collection":[{"href":"https:\/\/vietcorp.com\/store\/wp-json\/wp\/v2\/product"}],"about":[{"href":"https:\/\/vietcorp.com\/store\/wp-json\/wp\/v2\/types\/product"}],"wp:featuredmedia":[{"embeddable":true,"href":"https:\/\/vietcorp.com\/store\/wp-json\/wp\/v2\/media\/6819"}],"wp:attachment":[{"href":"https:\/\/vietcorp.com\/store\/wp-json\/wp\/v2\/media?parent=248"}],"wp:term":[{"taxonomy":"product_brand","embeddable":true,"href":"https:\/\/vietcorp.com\/store\/wp-json\/wp\/v2\/product_brand?post=248"},{"taxonomy":"product_cat","embeddable":true,"href":"https:\/\/vietcorp.com\/store\/wp-json\/wp\/v2\/product_cat?post=248"},{"taxonomy":"product_tag","embeddable":true,"href":"https:\/\/vietcorp.com\/store\/wp-json\/wp\/v2\/product_tag?post=248"}],"curies":[{"name":"wp","href":"https:\/\/api.w.org\/{rel}","templated":true}]}}