


{"id":2427,"date":"2022-10-12T16:08:19","date_gmt":"2022-10-12T09:08:19","guid":{"rendered":"https:\/\/www.vietcorp.com\/store\/?post_type=product&#038;p=2427"},"modified":"2024-11-21T13:22:40","modified_gmt":"2024-11-21T06:22:40","slug":"synology-virtual-dsm-license-2","status":"publish","type":"product","link":"https:\/\/vietcorp.com\/store\/2427\/synology-virtual-dsm-license-2\/","title":{"rendered":"Synology Virtual-DSM"},"content":{"rendered":"<h3 style=\"text-align: left;\"><a href=\"https:\/\/www.vietcorp.com\/store\/2427\/synology-virtual-dsm-license-2\/\"><strong>Synology Virtual DSM License<\/strong><\/a><\/h3>\n<h3>Gi\u1ea5y ph\u00e9p Synology Virtual DSM<\/h3>\n<p>V\u1edbi gi\u1ea5y ph\u00e9p Synology Virtual DSM, b\u1ea1n c\u00f3 th\u1ec3 ch\u1ea1y Virtual DSM tr\u00ean Virtual Machine Manager \u0111\u1ec3 t\u1eadn h\u01b0\u1edfng \u0111\u1ea7y \u0111\u1ee7 c\u00e1c t\u00ednh n\u0103ng \u0111\u01b0\u1ee3c cung c\u1ea5p trong DiskStation Manager ti\u00eau chu\u1ea9n, bao g\u1ed3m c\u00e1c d\u1ecbch v\u1ee5 t\u1ec7p v\u00e0 \u1ee9ng d\u1ee5ng b\u1ed5 tr\u1ee3. Virtual Machine Manager cho ph\u00e9p T\u00ednh kh\u1ea3 d\u1ee5ng cao, \u1ea3nh ch\u1ee5p nhanh c\u1ef1c nhanh v\u00e0 c\u00e1c k\u1ebf ho\u1ea1ch b\u1ea3o v\u1ec7, gi\u00fap n\u00e2ng cao th\u1eddi gian ho\u1ea1t \u0111\u1ed9ng c\u1ee7a h\u1ec7 th\u1ed1ng v\u00e0 t\u00ednh linh ho\u1ea1t trong qu\u1ea3n l\u00fd.<\/p>\n<h3><strong>K\u1ebf ho\u1ea1ch c\u1ea5p ph\u00e9p<\/strong><\/h3>\n<p>M\u1ed7i g\u00f3i c\u1ea5p ph\u00e9p Virtual DSM th\u00eam m\u1ed9t phi\u00ean b\u1ea3n Virtual DSM v\u00e0o Virtual Machine Manager. Gi\u1ea5y ph\u00e9p h\u1ed7 tr\u1ee3 n\u00e2ng c\u1ea5p Virtual DSM trong kho\u1ea3ng th\u1eddi gian ba n\u0103m.<\/p>\n<ul>\n<li>G\u00f3i gi\u1ea5y ph\u00e9p n\u00e0y kh\u00f4ng th\u1ec3 \u0111\u01b0\u1ee3c tr\u1ea3 l\u1ea1i sau khi \u0111\u00e3 m\u1edf.<\/li>\n<li>Tr\u01b0\u1edbc khi mua g\u00f3i c\u1ea5p ph\u00e9p n\u00e0y, h\u00e3y ki\u1ec3m tra kh\u1ea3 n\u0103ng t\u01b0\u01a1ng th\u00edch c\u1ee7a NAS Synology c\u1ee7a b\u1ea1n v\u1edbi Tr\u00ecnh qu\u1ea3n l\u00fd m\u00e1y \u1ea3o. T\u00ecm hi\u1ec3u th\u00eam v\u1ec1 c\u00e1c m\u00f4 h\u00ecnh \u0111\u01b0\u1ee3c \u00e1p d\u1ee5ng<\/li>\n<li>G\u00f3i gi\u1ea5y ph\u00e9p n\u00e0y ch\u1ec9 c\u00f3 th\u1ec3 \u0111\u01b0\u1ee3c \u00e1p d\u1ee5ng cho m\u1ed9t s\u1ea3n ph\u1ea9m Synology t\u1ea1i m\u1ed9t th\u1eddi \u0111i\u1ec3m.<\/li>\n<li>G\u00f3i gi\u1ea5y ph\u00e9p n\u00e0y c\u00f3 th\u1ec3 \u0111\u01b0\u1ee3c s\u1eed d\u1ee5ng \u0111\u1ec3 m\u1edf r\u1ed9ng h\u1ed7 tr\u1ee3 n\u00e2ng c\u1ea5p Virtual DSM c\u1ee7a phi\u00ean b\u1ea3n hi\u1ec7n c\u00f3.<\/li>\n<li>M\u1ed7i gi\u1ea5y ph\u00e9p Virtual DSM cho ph\u00e9p b\u1ea1n n\u00e2ng c\u1ea5p ph\u1ea7n m\u1ec1m trong ba n\u0103m cho m\u1ed9t g\u00f3i Virtual DSM. B\u1ea1n c\u00f3 th\u1ec3 ti\u1ebfp t\u1ee5c s\u1eed d\u1ee5ng Virtual DSM sau khi gi\u1ea5y ph\u00e9p c\u1ee7a b\u1ea1n h\u1ebft h\u1ea1n, nh\u01b0ng s\u1ebd kh\u00f4ng c\u00f3 b\u1ea3n c\u1eadp nh\u1eadt n\u00e0o \u0111\u01b0\u1ee3c cung c\u1ea5p. B\u1ea1n c\u00f3 th\u1ec3 k\u00e9o d\u00e0i th\u1eddi gian n\u00e2ng c\u1ea5p b\u1eb1ng c\u00e1ch k\u00edch ho\u1ea1t kh\u00f3a c\u1ea5p ph\u00e9p Virtual DSM m\u1edbi.<\/li>\n<\/ul>\n<h3><strong>K\u00edch ho\u1ea1t License<\/strong><\/h3>\n<p>Trong Tr\u00ecnh qu\u1ea3n l\u00fd m\u00e1y \u1ea3o, \u0111i t\u1edbi <strong>License<\/strong> &gt; <strong>Virtual DSM<\/strong> v\u00e0 click v\u00e0o <strong>Add<\/strong> . <a href=\"https:\/\/www.vietcorp.com\/store\/nas-synology\/\"><strong>NAS Synology<\/strong><\/a> c\u1ee7a b\u1ea1n ph\u1ea3i \u0111\u01b0\u1ee3c k\u1ebft n\u1ed1i v\u1edbi Internet khi b\u1ea1n th\u00eam gi\u1ea5y ph\u00e9p.<\/p>\n<h2>Phi\u00ean b\u1ea3n DSM \u1ea3o t\u1ed1i \u0111a<\/h2>\n<div class=\"table_wrap\">\n<table class=\"pure-table pure-table-bordered blue_table\">\n<thead>\n<tr>\n<th>Model<\/th>\n<th class=\"center\">Max System Memory Installed<\/th>\n<th class=\"center\">Max Virtual DSM Instances (1 vCPU \/ 1 GB)<\/th>\n<\/tr>\n<\/thead>\n<tbody>\n<tr>\n<td>FS6400<\/td>\n<td class=\"center\">512 GB (32 GB x 16)<\/td>\n<td class=\"center\">32<\/td>\n<\/tr>\n<tr>\n<td>FS3600<\/td>\n<td class=\"center\">128 GB (32 GB x 4)<\/td>\n<td class=\"center\">24<\/td>\n<\/tr>\n<tr>\n<td>FS3410<\/td>\n<td class=\"center\">128 GB (32 GB x 4)<\/td>\n<td class=\"center\">16<\/td>\n<\/tr>\n<tr>\n<td>FS2500<\/td>\n<td class=\"center\">32 GB (16 GB x 2)<\/td>\n<td class=\"center\">s\u1ed1 8<\/td>\n<\/tr>\n<tr>\n<td>HD6500<\/td>\n<td class=\"center\">512 GB (32 GB x 16)<\/td>\n<td class=\"center\">40<\/td>\n<\/tr>\n<tr>\n<td>SA3600<\/td>\n<td class=\"center\">128 GB (32 GB x 4)<\/td>\n<td class=\"center\">24<\/td>\n<\/tr>\n<tr>\n<td>SA3400<\/td>\n<td class=\"center\">128 GB (32 GB x 4)<\/td>\n<td class=\"center\">16<\/td>\n<\/tr>\n<tr>\n<td>SA3200D<\/td>\n<td class=\"center\">64 GB (16 GB x 4)<\/td>\n<td class=\"center\">s\u1ed1 8<\/td>\n<\/tr>\n<tr>\n<td>RS4021xs +<\/td>\n<td class=\"center\">64 GB (16 GB x 4)<\/td>\n<td class=\"center\">16<\/td>\n<\/tr>\n<tr>\n<td>RS3621xs +<\/td>\n<td class=\"center\">64 GB (16 GB x 4)<\/td>\n<td class=\"center\">16<\/td>\n<\/tr>\n<tr>\n<td>RS3621RPxs<\/td>\n<td class=\"center\">64 GB (16 GB x 4)<\/td>\n<td class=\"center\">12<\/td>\n<\/tr>\n<tr>\n<td>RS3618xs<\/td>\n<td class=\"center\">64 GB (16 GB x 4)<\/td>\n<td class=\"center\">s\u1ed1 8<\/td>\n<\/tr>\n<tr>\n<td>RS2821RP +<\/td>\n<td class=\"center\">32 GB (16 GB x 2)<\/td>\n<td class=\"center\">s\u1ed1 8<\/td>\n<\/tr>\n<tr>\n<td>RS2421 + \/ RS2421RP +<\/td>\n<td class=\"center\">32 GB (16 GB x 2)<\/td>\n<td class=\"center\">s\u1ed1 8<\/td>\n<\/tr>\n<tr>\n<td>RS1619xs +<\/td>\n<td class=\"center\">64 GB (16 GB x 4)<\/td>\n<td class=\"center\">s\u1ed1 8<\/td>\n<\/tr>\n<tr>\n<td>RS1221 + \/ RS1221RP +<\/td>\n<td class=\"center\">32 GB (16 GB x 2)<\/td>\n<td class=\"center\">s\u1ed1 8<\/td>\n<\/tr>\n<tr>\n<td>RS822 + \/ RS822RP +<\/td>\n<td class=\"center\">32 GB (16 GB x 2)<\/td>\n<td class=\"center\">s\u1ed1 8<\/td>\n<\/tr>\n<tr>\n<td>DS3622xs +<\/td>\n<td class=\"center\">48 GB (8 GB x 2 + 16 GB x 2)<\/td>\n<td class=\"center\">12<\/td>\n<\/tr>\n<tr>\n<td>DS2422 +<\/td>\n<td class=\"center\">32 GB (16 GB x 2)<\/td>\n<td class=\"center\">s\u1ed1 8<\/td>\n<\/tr>\n<tr>\n<td>DS1821 +<\/td>\n<td class=\"center\">32 GB (16 GB x 2)<\/td>\n<td class=\"center\">s\u1ed1 8<\/td>\n<\/tr>\n<tr>\n<td>DS1621xs +<\/td>\n<td class=\"center\">32 GB (16 GB x 2)<\/td>\n<td class=\"center\">s\u1ed1 8<\/td>\n<\/tr>\n<tr>\n<td>DS1621 +<\/td>\n<td class=\"center\">32 GB (16 GB x 2)<\/td>\n<td class=\"center\">s\u1ed1 8<\/td>\n<\/tr>\n<tr>\n<td>DS1522 +<\/td>\n<td class=\"center\">32 GB (16 GB x 2)<\/td>\n<td class=\"center\">4<\/td>\n<\/tr>\n<tr>\n<td>DS920 +<\/td>\n<td class=\"center\">8 GB (4 GB + 4 GB)<\/td>\n<td class=\"center\">4<\/td>\n<\/tr>\n<tr>\n<td>DS720 +<\/td>\n<td class=\"center\">6 GB (2 GB + 4 GB)<\/td>\n<td class=\"center\">2<\/td>\n<\/tr>\n<tr>\n<td>DS620slim<\/td>\n<td class=\"center\">6 GB (2 GB + 4 GB)<\/td>\n<td class=\"center\">2<\/td>\n<\/tr>\n<tr>\n<td>DS420 +<\/td>\n<td class=\"center\">6 GB (2 GB + 4 GB)<\/td>\n<td class=\"center\">2<\/td>\n<\/tr>\n<tr>\n<td>DS220 +<\/td>\n<td class=\"center\">6 GB (2 GB + 4 GB)<\/td>\n<td class=\"center\">2<\/td>\n<\/tr>\n<\/tbody>\n<\/table>\n<p>C\u00e1c th\u00f4ng s\u1ed1 k\u1ef9 thu\u1eadt kh\u00e1c nhau t\u00f9y thu\u1ed9c v\u00e0o c\u1ea5u h\u00ecnh h\u1ec7 th\u1ed1ng v\u00e0 k\u00edch th\u01b0\u1edbc b\u1ed9 nh\u1edb v\u00e0 ch\u1ec9 mang t\u00ednh ch\u1ea5t tham kh\u1ea3o.<\/p>\n<\/div>\n","protected":false},"excerpt":{"rendered":"<p>Synology Virtual DSM License<\/p>\n","protected":false},"featured_media":7865,"template":"","meta":[],"product_brand":[],"product_cat":[192],"product_tag":[28,48,356,29,23],"class_list":{"0":"post-2427","1":"product","2":"type-product","3":"status-publish","4":"has-post-thumbnail","6":"product_cat-phan-mem","7":"product_tag-ban-quyen-synology","8":"product_tag-license","9":"product_tag-license-virtual-dsm","10":"product_tag-phan-mem","11":"product_tag-synology","13":"first","14":"outofstock","15":"taxable","16":"shipping-taxable","17":"purchasable","18":"product-type-simple"},"_links":{"self":[{"href":"https:\/\/vietcorp.com\/store\/wp-json\/wp\/v2\/product\/2427","targetHints":{"allow":["GET"]}}],"collection":[{"href":"https:\/\/vietcorp.com\/store\/wp-json\/wp\/v2\/product"}],"about":[{"href":"https:\/\/vietcorp.com\/store\/wp-json\/wp\/v2\/types\/product"}],"wp:featuredmedia":[{"embeddable":true,"href":"https:\/\/vietcorp.com\/store\/wp-json\/wp\/v2\/media\/7865"}],"wp:attachment":[{"href":"https:\/\/vietcorp.com\/store\/wp-json\/wp\/v2\/media?parent=2427"}],"wp:term":[{"taxonomy":"product_brand","embeddable":true,"href":"https:\/\/vietcorp.com\/store\/wp-json\/wp\/v2\/product_brand?post=2427"},{"taxonomy":"product_cat","embeddable":true,"href":"https:\/\/vietcorp.com\/store\/wp-json\/wp\/v2\/product_cat?post=2427"},{"taxonomy":"product_tag","embeddable":true,"href":"https:\/\/vietcorp.com\/store\/wp-json\/wp\/v2\/product_tag?post=2427"}],"curies":[{"name":"wp","href":"https:\/\/api.w.org\/{rel}","templated":true}]}}