


{"id":2424,"date":"2022-10-12T15:52:57","date_gmt":"2022-10-12T08:52:57","guid":{"rendered":"https:\/\/www.vietcorp.com\/store\/?post_type=product&#038;p=2424"},"modified":"2025-12-11T11:44:20","modified_gmt":"2025-12-11T04:44:20","slug":"synology-mailplus-license-pack-20-20-license","status":"publish","type":"product","link":"https:\/\/vietcorp.com\/store\/2424\/synology-mailplus-license-pack-20-20-license\/","title":{"rendered":"Synology MailPlus 20"},"content":{"rendered":"<h3><a href=\"https:\/\/www.vietcorp.com\/store\/2424\/synology-mailplus-license-pack-20-20-license\/\"><strong>Synology MailPlus License Pack 20 &#8211; 20 License<\/strong><\/a><\/h3>\n<p>G\u00f3i gi\u1ea5y ph\u00e9p Synology MailPlus \u0111\u01b0\u1ee3c thi\u1ebft k\u1ebf \u0111\u1ec3 th\u00eam c\u00e1c t\u00e0i kho\u1ea3n email \u0111ang ho\u1ea1t \u0111\u1ed9ng tr\u00ean Synology MailPlus. Theo m\u1eb7c \u0111\u1ecbnh, 5 gi\u1ea5y ph\u00e9p \u0111\u01b0\u1ee3c c\u00e0i \u0111\u1eb7t tr\u00ean <a href=\"https:\/\/www.vietcorp.com\/store\/nas-synology\/\"><strong>NAS Synology<\/strong><\/a> \u0111\u01b0\u1ee3c h\u1ed7 tr\u1ee3 b\u1edfi MailPlus v\u00e0 c\u00f3 th\u1ec3 mua th\u00eam gi\u1ea5y ph\u00e9p cho c\u00e1c t\u00e0i kho\u1ea3n email b\u1ed5 sung t\u00f9y theo nhu c\u1ea7u kinh doanh.<\/p>\n<h3><strong>K\u1ebf ho\u1ea1ch c\u1ea5p ph\u00e9p<\/strong><\/h3>\n<p><strong>Synology MailPlus<\/strong> \u0111i k\u00e8m v\u1edbi 5 t\u00e0i kho\u1ea3n email mi\u1ec5n ph\u00ed v\u00e0 cho ph\u00e9p b\u1ea1n th\u00eam nhi\u1ec1u t\u00e0i kho\u1ea3n h\u01a1n v\u1edbi c\u00e1c gi\u1ea5y ph\u00e9p \u0111\u00e3 mua b\u1ed5 sung. Ch\u00fang t\u00f4i cung c\u1ea5p hai lo\u1ea1i g\u00f3i gi\u1ea5y ph\u00e9p ph\u00f9 h\u1ee3p v\u1edbi nhu c\u1ea7u c\u1ee7a b\u1ea1n: 5 ho\u1eb7c 20 \u0111\u01a1n v\u1ecb t\u00e0i kho\u1ea3n email, c\u1ea3 hai \u0111\u1ec1u c\u00f3 gi\u00e1 tr\u1ecb v\u0129nh vi\u1ec5n . C\u00e1c gi\u1ea5y ph\u00e9p \u0111i k\u00e8m c\u00f3 th\u1ec3 \u0111\u01b0\u1ee3c di chuy\u1ec3n sang m\u1ed9t NAS Synology kh\u00e1c trong c\u00f9ng m\u1ed9t t\u00e0i kho\u1ea3n Synology.<\/p>\n<p>Xin l\u01b0u \u00fd r\u1eb1ng b\u00ed danh email kh\u00f4ng \u0111\u01b0\u1ee3c coi l\u00e0 t\u00e0i kho\u1ea3n email v\u00e0 do \u0111\u00f3 kh\u00f4ng y\u00eau c\u1ea7u b\u1ea5t k\u1ef3 gi\u1ea5y ph\u00e9p n\u00e0o.<\/p>\n<p>\u0110\u1ec3 bi\u1ebft s\u1ed1 l\u01b0\u1ee3ng t\u00e0i kho\u1ea3n email ho\u1ea1t \u0111\u1ed9ng \u0111\u01b0\u1ee3c khuy\u1ebfn ngh\u1ecb cho t\u1eebng ki\u1ec3u m\u00e1y \u0111\u01b0\u1ee3c MailPlus h\u1ed7 tr\u1ee3, vui l\u00f2ng truy c\u1eadp trang s\u1ea3n ph\u1ea9m . Ch\u1ec9 c\u1ea7n nh\u1ea5p v\u00e0o m\u1ed9t m\u00f4 h\u00ecnh v\u00e0 truy c\u1eadp trang th\u00f4ng s\u1ed1 k\u1ef9 thu\u1eadt c\u1ee7a n\u00f3 \u0111\u1ec3 bi\u1ebft th\u00f4ng tin chi ti\u1ebft.<\/p>\n<p><strong>Ghi ch\u00fa:<\/strong><br \/>\n_____<\/p>\n<p>Khi kh\u00f3a c\u1ea5p ph\u00e9p \u0111\u00e3 mua \u0111\u01b0\u1ee3c \u00e1p d\u1ee5ng, t\u1ea5t c\u1ea3 c\u00e1c gi\u1ea5y ph\u00e9p \u0111i k\u00e8m c\u1ee7a n\u00f3 s\u1ebd \u0111\u01b0\u1ee3c k\u00edch ho\u1ea1t c\u00f9ng m\u1ed9t l\u00fac.<br \/>\nKh\u00f4ng th\u1ec3 di chuy\u1ec3n 5 t\u00e0i kho\u1ea3n email mi\u1ec5n ph\u00ed.<br \/>\nT\u1ea5t c\u1ea3 c\u00e1c gi\u1ea5y ph\u00e9p ph\u1ea3i \u0111\u01b0\u1ee3c r\u00e0ng bu\u1ed9c v\u1edbi NAS Synology \u0111\u00e3 \u0111\u0103ng k\u00fd khi k\u00edch ho\u1ea1t.<\/p>\n<h3><strong>Ki\u1ebfn tr\u00fac t\u00ednh kh\u1ea3 d\u1ee5ng cao<\/strong><\/h3>\n<p>Kh\u00f4ng t\u00ednh th\u00eam ph\u00ed \u0111\u1ed1i v\u1edbi h\u1ed7 tr\u1ee3 t\u00ednh s\u1eb5n s\u00e0ng cao trong MailPlus v\u00e0 m\u1ed9t c\u1ee5m bao g\u1ed3m 10 t\u00e0i kho\u1ea3n th\u01b0 mi\u1ec5n ph\u00ed theo m\u1eb7c \u0111\u1ecbnh . \u0110\u1ec3 c\u00f3 nhi\u1ec1u t\u00e0i kho\u1ea3n email \u0111\u01b0\u1ee3c c\u1ea5p ph\u00e9p h\u01a1n \u0111\u1ec3 s\u1eed d\u1ee5ng, b\u1ea1n c\u1ea7n \u00e1p d\u1ee5ng c\u00e1c kh\u00f3a c\u1ea5p ph\u00e9p \u0111\u00e3 mua t\u1eeb Synology. V\u00ed d\u1ee5: n\u1ebfu b\u1ea1n mu\u1ed1n k\u00edch ho\u1ea1t 25 t\u00e0i kho\u1ea3n email trong c\u1ee5m c\u00f3 t\u00ednh kh\u1ea3 d\u1ee5ng cao, th\u00ec c\u1ea7n th\u00eam 15 gi\u1ea5y ph\u00e9p.<\/p>\n<h3><strong>\u1ee8ng d\u1ee5ng di \u0111\u1ed9ng v\u00e0 \u1ee9ng d\u1ee5ng web MailPlus<\/strong><\/h3>\n<p>\u1ee8ng d\u1ee5ng web MailPlus v\u00e0 \u1ee9ng d\u1ee5ng di \u0111\u1ed9ng c\u1ee7a n\u00f3 (c\u00f3 s\u1eb5n cho Android \u2122 v\u00e0 iOS) kh\u00f4ng t\u00ednh ph\u00ed s\u1eed d\u1ee5ng v\u00e0 ch\u00fang s\u1ebd \u0111\u01b0\u1ee3c c\u1eadp nh\u1eadt th\u01b0\u1eddng xuy\u00ean mi\u1ec5n ph\u00ed v\u1edbi MailPlus Server.<\/p>\n<h3><strong>K\u00edch ho\u1ea1t gi\u1ea5y ph\u00e9p v\u00e0 qu\u1ea3n l\u00fd t\u00e0i kho\u1ea3n<\/strong><\/h3>\n<p>\u0110\u1ec3 \u00e1p d\u1ee5ng c\u00e1c kh\u00f3a c\u1ea5p ph\u00e9p \u0111\u00e3 mua, b\u1ea1n s\u1ebd ph\u1ea3i \u0111\u0103ng nh\u1eadp v\u00e0o NAS Synology v\u1edbi t\u01b0 c\u00e1ch l\u00e0 qu\u1ea3n tr\u1ecb vi\u00ean. Sau \u0111\u00f3, m\u1edf M\u00e1y ch\u1ee7 MailPlus v\u00e0 chuy\u1ec3n \u0111\u1ebfn Gi\u1ea5y ph\u00e9p \u0111\u1ec3 \u00e1p d\u1ee5ng c\u00e1c kh\u00f3a (y\u00eau c\u1ea7u k\u1ebft n\u1ed1i Internet). M\u1ed9t kh\u00f3a c\u1ea5p ph\u00e9p ch\u1ec9 c\u00f3 th\u1ec3 \u0111\u01b0\u1ee3c \u00e1p d\u1ee5ng cho m\u1ed9t NAS Synology \u0111\u01b0\u1ee3c h\u1ed7 tr\u1ee3 b\u1edfi MailPlus.<br \/>\n\u0110\u1ec3 k\u00edch ho\u1ea1t ho\u1eb7c h\u1ee7y k\u00edch ho\u1ea1t t\u00e0i kho\u1ea3n email, h\u00e3y chuy\u1ec3n \u0111\u1ebfn T\u00e0i kho\u1ea3n \u0111\u1ec3 qu\u1ea3n l\u00fd.<\/p>\n<p>\u0110\u1ec3 ki\u1ec3m tra t\u1ea5t c\u1ea3 c\u00e1c gi\u1ea5y ph\u00e9p \u0111\u00e3 k\u00edch ho\u1ea1t c\u1ee7a b\u1ea1n, vui l\u00f2ng \u0111\u0103ng nh\u1eadp v\u00e0o T\u00e0i kho\u1ea3n Synology c\u1ee7a b\u1ea1n .<\/p>\n<h3 class=\"title left\">C\u00e1c khuy\u1ebfn ngh\u1ecb v\u1ec1 k\u00edch th\u01b0\u1edbc<\/h3>\n<div class=\"table_wrap\">\n<table class=\"pure-table pure-table-bordered blue_table\">\n<thead>\n<tr>\n<th>Ng\u01b0\u1eddi m\u1eabu<\/th>\n<th>S\u1ed1 l\u01b0\u1ee3ng ng\u01b0\u1eddi d\u00f9ng \u0111\u1ed3ng th\u1eddi t\u1ed1i \u0111a<\/th>\n<th>Hi\u1ec7u su\u1ea5t m\u00e1y ch\u1ee7 t\u1ed1i \u0111a<\/th>\n<\/tr>\n<\/thead>\n<tbody>\n<tr>\n<td>FS6400<\/td>\n<td>2200<\/td>\n<td>5,721,000 th\u01b0 m\u1ed7i ng\u00e0y, \u01b0\u1edbc ch\u1eebng.\u00a0174GB<\/td>\n<\/tr>\n<tr>\n<td>FS3600<\/td>\n<td>1.600<\/td>\n<td>Kho\u1ea3ng 5,040,000 th\u01b0 m\u1ed7i ng\u00e0y\u00a0151 GB<\/td>\n<\/tr>\n<tr>\n<td>FS3410<\/td>\n<td>1100<\/td>\n<td>4,471,000 th\u01b0 m\u1ed7i ng\u00e0y, \u01b0\u1edbc ch\u1eebng\u00a0136 GB<\/td>\n<\/tr>\n<tr>\n<td>FS2500<\/td>\n<td>300<\/td>\n<td>3.486.240 th\u01b0 m\u1ed7i ng\u00e0y, \u01b0\u1edbc ch\u1eebng\u00a0102 GB<\/td>\n<\/tr>\n<tr>\n<td>HD6500<\/td>\n<td>800<\/td>\n<td>2,895,678 l\u01b0\u1ee3t th\u01b0 m\u1ed7i ng\u00e0y, \u01b0\u1edbc ch\u1eebng\u00a085 GB<\/td>\n<\/tr>\n<tr>\n<td>SA3600<\/td>\n<td>1.600<\/td>\n<td>Kho\u1ea3ng 5,040,000 th\u01b0 m\u1ed7i ng\u00e0y\u00a0151 GB<\/td>\n<\/tr>\n<tr>\n<td>SA3400<\/td>\n<td>1.100<\/td>\n<td>4,471,000 th\u01b0 m\u1ed7i ng\u00e0y, \u01b0\u1edbc ch\u1eebng\u00a0136 GB<\/td>\n<\/tr>\n<tr>\n<td>SA3200D<\/td>\n<td>500<\/td>\n<td>Kho\u1ea3ng 3,595,000 th\u01b0 m\u1ed7i ng\u00e0y\u00a0109 GB<\/td>\n<\/tr>\n<tr>\n<td>RS4021xs +<\/td>\n<td>1100<\/td>\n<td>4,312,000 th\u01b0 m\u1ed7i ng\u00e0y, \u01b0\u1edbc ch\u1eebng\u00a0131GB<\/td>\n<\/tr>\n<tr>\n<td>RS3621xs +<\/td>\n<td>800<\/td>\n<td>4.235.000 th\u01b0 m\u1ed7i ng\u00e0y, \u01b0\u1edbc ch\u1eebng.\u00a0129GB<\/td>\n<\/tr>\n<tr>\n<td>RS3621RPxs<\/td>\n<td>800<\/td>\n<td>4.235.000 th\u01b0 m\u1ed7i ng\u00e0y, \u01b0\u1edbc ch\u1eebng.\u00a0129GB<\/td>\n<\/tr>\n<tr>\n<td>RS3618xs<\/td>\n<td>500<\/td>\n<td>Kho\u1ea3ng 3,595,000 th\u01b0 m\u1ed7i ng\u00e0y\u00a0109GB<\/td>\n<\/tr>\n<tr>\n<td>RS2821RP +<\/td>\n<td>150<\/td>\n<td>1.484.000 th\u01b0 m\u1ed7i ng\u00e0y, \u01b0\u1edbc ch\u1eebng.\u00a045GB<\/td>\n<\/tr>\n<tr>\n<td>RS2421 + \/ RS2421RP +<\/td>\n<td>150<\/td>\n<td>1.484.000 th\u01b0 m\u1ed7i ng\u00e0y, \u01b0\u1edbc ch\u1eebng.\u00a045GB<\/td>\n<\/tr>\n<tr>\n<td>RS1619xs +<\/td>\n<td>450<\/td>\n<td>3.363.000 th\u01b0 m\u1ed7i ng\u00e0y, \u01b0\u1edbc ch\u1eebng.\u00a0102,6 GB<\/td>\n<\/tr>\n<tr>\n<td>RS1221 + \/ RS1221RP +<\/td>\n<td>150<\/td>\n<td>1.484.000 th\u01b0 m\u1ed7i ng\u00e0y, \u01b0\u1edbc ch\u1eebng.\u00a045GB<\/td>\n<\/tr>\n<tr>\n<td>RS822 + \/ RS822RP +<\/td>\n<td>150<\/td>\n<td>1.484.000 th\u01b0 m\u1ed7i ng\u00e0y, \u01b0\u1edbc ch\u1eebng.\u00a045GB<\/td>\n<\/tr>\n<tr>\n<td>DS3622xs +<\/td>\n<td>800<\/td>\n<td>4.235.000 th\u01b0 m\u1ed7i ng\u00e0y, \u01b0\u1edbc ch\u1eebng.\u00a0129 GB<\/td>\n<\/tr>\n<tr>\n<td>DS2422 +<\/td>\n<td>150<\/td>\n<td>1.484.000 th\u01b0 m\u1ed7i ng\u00e0y, \u01b0\u1edbc ch\u1eebng.\u00a045 GB<\/td>\n<\/tr>\n<tr>\n<td>DS1821 +<\/td>\n<td>150<\/td>\n<td>1.484.000 th\u01b0 m\u1ed7i ng\u00e0y, \u01b0\u1edbc ch\u1eebng.\u00a045GB<\/td>\n<\/tr>\n<tr>\n<td>DS1621xs +<\/td>\n<td>450<\/td>\n<td>3.363.000 th\u01b0 m\u1ed7i ng\u00e0y, \u01b0\u1edbc ch\u1eebng.\u00a0102GB<\/td>\n<\/tr>\n<tr>\n<td>DS1621 +<\/td>\n<td>150<\/td>\n<td>1.484.000 th\u01b0 m\u1ed7i ng\u00e0y, \u01b0\u1edbc ch\u1eebng.\u00a045GB<\/td>\n<\/tr>\n<tr>\n<td>DS1522 +<\/td>\n<td>100<\/td>\n<td>1,224,000 th\u01b0 m\u1ed7i ng\u00e0y, \u01b0\u1edbc ch\u1eebng\u00a037GB<\/td>\n<\/tr>\n<tr>\n<td>DS920 +<\/td>\n<td>100<\/td>\n<td>1,224,000 th\u01b0 m\u1ed7i ng\u00e0y, \u01b0\u1edbc ch\u1eebng\u00a037GB<\/td>\n<\/tr>\n<tr>\n<td>DS720 +<\/td>\n<td>100<\/td>\n<td>1,224,000 th\u01b0 m\u1ed7i ng\u00e0y, \u01b0\u1edbc ch\u1eebng\u00a037GB<\/td>\n<\/tr>\n<tr>\n<td>DS420 +<\/td>\n<td>50<\/td>\n<td>Kho\u1ea3ng 936.000 th\u01b0 m\u1ed7i ng\u00e0y\u00a028GB<\/td>\n<\/tr>\n<tr>\n<td>DS220 +<\/td>\n<td>50<\/td>\n<td>Kho\u1ea3ng 936.000 th\u01b0 m\u1ed7i ng\u00e0y\u00a028GB<\/td>\n<\/tr>\n<\/tbody>\n<\/table>\n<p>&nbsp;<\/p>\n<\/div>\n<p>&nbsp;<\/p>\n","protected":false},"excerpt":{"rendered":"<p>Synology MailPlus License Pack 20 &#8211; 20 License<\/p>\n","protected":false},"featured_media":7863,"template":"","meta":[],"product_brand":[],"product_cat":[192],"product_tag":[28,48,355,29,23],"class_list":{"0":"post-2424","1":"product","2":"type-product","3":"status-publish","4":"has-post-thumbnail","6":"product_cat-phan-mem","7":"product_tag-ban-quyen-synology","8":"product_tag-license","9":"product_tag-license-mail","10":"product_tag-phan-mem","11":"product_tag-synology","13":"first","14":"outofstock","15":"taxable","16":"shipping-taxable","17":"product-type-simple"},"_links":{"self":[{"href":"https:\/\/vietcorp.com\/store\/wp-json\/wp\/v2\/product\/2424","targetHints":{"allow":["GET"]}}],"collection":[{"href":"https:\/\/vietcorp.com\/store\/wp-json\/wp\/v2\/product"}],"about":[{"href":"https:\/\/vietcorp.com\/store\/wp-json\/wp\/v2\/types\/product"}],"wp:featuredmedia":[{"embeddable":true,"href":"https:\/\/vietcorp.com\/store\/wp-json\/wp\/v2\/media\/7863"}],"wp:attachment":[{"href":"https:\/\/vietcorp.com\/store\/wp-json\/wp\/v2\/media?parent=2424"}],"wp:term":[{"taxonomy":"product_brand","embeddable":true,"href":"https:\/\/vietcorp.com\/store\/wp-json\/wp\/v2\/product_brand?post=2424"},{"taxonomy":"product_cat","embeddable":true,"href":"https:\/\/vietcorp.com\/store\/wp-json\/wp\/v2\/product_cat?post=2424"},{"taxonomy":"product_tag","embeddable":true,"href":"https:\/\/vietcorp.com\/store\/wp-json\/wp\/v2\/product_tag?post=2424"}],"curies":[{"name":"wp","href":"https:\/\/api.w.org\/{rel}","templated":true}]}}