


{"id":2420,"date":"2022-10-12T15:16:48","date_gmt":"2022-10-12T08:16:48","guid":{"rendered":"https:\/\/www.vietcorp.com\/store\/?post_type=product&#038;p=2420"},"modified":"2025-12-11T11:46:35","modified_gmt":"2025-12-11T04:46:35","slug":"synology-camera-pack-8-8-license","status":"publish","type":"product","link":"https:\/\/vietcorp.com\/store\/2420\/synology-camera-pack-8-8-license\/","title":{"rendered":"Synology CAMERAPACK8"},"content":{"rendered":"<h3><a href=\"https:\/\/www.vietcorp.com\/store\/2420\/synology-camera-pack-8-8-license\/\"><strong>Synology camera pack 8 \u2013 8 License<\/strong><\/a><\/h3>\n<p><strong>Surveillance Device License Pack<\/strong><\/p>\n<p>G\u00f3i License Thi\u1ebft b\u1ecb Synology Surveillance \u0111\u01b0\u1ee3c thi\u1ebft k\u1ebf \u0111\u1ec3 tri\u1ec3n khai camera, m\u00f4-\u0111un I\/O, h\u1ec7 th\u1ed1ng li\u00ean l\u1ea1c n\u1ed9i b\u1ed9, b\u1ed9 \u0111i\u1ec1u khi\u1ec3n truy c\u1eadp, loa IP v\u00e0 thi\u1ebft b\u1ecb qu\u1ea3n l\u00fd b\u00e1n h\u00e0ng \u0111\u01b0\u1ee3c thi\u1ebft l\u1eadp tr\u00ean Synology Surveillance Station. Theo m\u1eb7c \u0111\u1ecbnh, b\u1ea1n s\u1ebd c\u00f3 license m\u1eb7c \u0111\u1ecbnh k\u00e8m theo Synology NAS\/NVR; c\u00f3 th\u1ec3 mua th\u00eam license b\u1ed5 sung cho c\u00e1c thi\u1ebft b\u1ecb gi\u00e1m s\u00e1t b\u1ed5 sung khi doanh nghi\u1ec7p c\u1ee7a b\u1ea1n ph\u00e1t tri\u1ec3n h\u01a1n.<\/p>\n<p><strong>License thi\u1ebft b\u1ecb<\/strong><\/p>\n<p>Synology NAS\/NVR \u0111i k\u00e8m v\u1edbi license m\u1eb7c \u0111\u1ecbnh1 cho ph\u00e9p b\u1ea1n thi\u1ebft l\u1eadp v\u00e0 qu\u1ea3n l\u00fd m\u1ed9t s\u1ed1 thi\u1ebft b\u1ecb gi\u00e1m s\u00e1t. N\u1ebfu b\u1ea1n mu\u1ed1n b\u1ed5 sung th\u00eam thi\u1ebft b\u1ecb nhi\u1ec1u h\u01a1n, Synology c\u0169ng cung c\u1ea5p ba t\u00f9y ch\u1ecdn: G\u00f3i License Thi\u1ebft b\u1ecb \u0111i k\u00e8m v\u1edbi kh\u00f3a license duy nh\u1ea5t, cho ph\u00e9p b\u1ea1n k\u00edch ho\u1ea1t th\u00eam 1, 4 ho\u1eb7c 8 thi\u1ebft b\u1ecb gi\u00e1m s\u00e1t.<\/p>\n<p>\u0110\u1ec3 t\u00ecm hi\u1ec3u s\u1ed1 l\u01b0\u1ee3ng thi\u1ebft b\u1ecb gi\u00e1m s\u00e1t t\u1ed1i \u0111a \u0111\u01b0\u1ee3c h\u1ed7 tr\u1ee3 tr\u00ean m\u1ed7i s\u1ea3n ph\u1ea9m Synology NAS\/NVR, vui l\u00f2ng tham kh\u1ea3o th\u00f4ng s\u1ed1 k\u1ef9 thu\u1eadt c\u1ee7a t\u1eebng model s\u1ea3n ph\u1ea9m.<\/p>\n<p><strong>K\u00edch ho\u1ea1t thi\u1ebft b\u1ecb<\/strong><\/p>\n<p>Trong h\u1ea7u h\u1ebft c\u00e1c tr\u01b0\u1eddng h\u1ee3p, m\u1ed7i camera IP, m\u00f4-\u0111un I\/O, loa IP, h\u1ec7 th\u1ed1ng li\u00ean l\u1ea1c n\u1ed9i b\u1ed9 v\u00e0 b\u1ed9 \u0111i\u1ec1u khi\u1ec3n truy c\u1eadp s\u1ebd ch\u1ec9 y\u00eau c\u1ea7u m\u1ed9t license v\u00e0 m\u1ed7i thi\u1ebft b\u1ecb qu\u1ea3n l\u00fd b\u00e1n h\u00e0ng s\u1ebd c\u1ea7n hai license. Tuy nhi\u00ean, camera \u0111a \u1ed1ng k\u00ednh v\u00e0 m\u00e1y ch\u1ee7 video cho camera analog c\u00f3 th\u1ec3 y\u00eau c\u1ea7u th\u00eam license. \u0110\u1ec3 bi\u1ebft th\u00eam chi ti\u1ebft v\u1ec1 c\u00e1c lo\u1ea1i camera v\u00e0 thi\u1ebft b\u1ecb gi\u00e1m s\u00e1t \u0111\u01b0\u1ee3c h\u1ed7 tr\u1ee3, vui l\u00f2ng tham kh\u1ea3o Danh s\u00e1ch Camera \u0111\u01b0\u1ee3c h\u1ed7 tr\u1ee3 v\u00e0 Danh s\u00e1ch Thi\u1ebft b\u1ecb Gi\u00e1m s\u00e1t \u0111\u01b0\u1ee3c h\u1ed7 tr\u1ee3.<\/p>\n<table class=\"pure-table pure-table-horizontal blue_table\">\n<thead>\n<tr>\n<th colspan=\"2\">Lo\u1ea1i thi\u1ebft b\u1ecb<\/th>\n<th>Thi\u1ebft b\u1ecb \u0111\u01b0\u1ee3c k\u00edch ho\u1ea1t<\/th>\n<th>V\u00ed d\u1ee5<\/th>\n<th>Y\u00eau c\u1ea7u license<\/th>\n<\/tr>\n<\/thead>\n<tbody>\n<tr>\n<td colspan=\"2\">Camera IP th\u00f4ng th\u01b0\u1eddng<\/td>\n<td>M\u1ed7i camera<\/td>\n<td>AXIS P1347<\/td>\n<td>1<\/td>\n<\/tr>\n<tr>\n<td colspan=\"2\">To\u00e0n c\u1ea3nh (m\u1eaft c\u00e1)<\/td>\n<td>M\u1ed7i camera<\/td>\n<td>AXIS M3007<\/td>\n<td>1<\/td>\n<\/tr>\n<tr>\n<td colspan=\"2\">Synology LiveCam<\/td>\n<td>M\u1ed7i thi\u1ebft b\u1ecb<\/td>\n<td>\u1ee8ng d\u1ee5ng Synology LiveCam<\/td>\n<td>1<\/td>\n<\/tr>\n<tr>\n<td class=\"border\" rowspan=\"3\">\u0110a \u1ed1ng k\u00ednh<\/td>\n<td>\u1ed0ng k\u00ednh c\u1ed1 \u0111\u1ecbnh<\/td>\n<td>M\u1ed7i camera<\/td>\n<td>ArecontVision AV8185DN (T\u00ecm hi\u1ec3u th\u00eam)<\/td>\n<td>1<\/td>\n<\/tr>\n<tr>\n<td>\u1ed0ng k\u00ednh c\u1ed1 \u0111\u1ecbnh v\u1edbi IP \u0111\u1ed9c l\u1eadp<\/td>\n<td>M\u1ed7i k\u00eanh<\/td>\n<td>AXIS Q3709-PVE<\/td>\n<td>3<\/td>\n<\/tr>\n<tr>\n<td>\u1ed0ng k\u00ednh r\u1eddi<\/td>\n<td>M\u1ed7i k\u00eanh<\/td>\n<td>AXIS F44 (T\u00ecm hi\u1ec3u th\u00eam)<\/td>\n<td>5<\/td>\n<\/tr>\n<tr>\n<td colspan=\"2\">M\u00e1y ch\u1ee7 video<\/td>\n<td>M\u1ed7i k\u00eanh<\/td>\n<td>Vivotek VS8801<\/td>\n<td>8<\/td>\n<\/tr>\n<tr>\n<td colspan=\"2\">M\u00f4-\u0111un I\/O<\/td>\n<td>M\u1ed7i thi\u1ebft b\u1ecb<\/td>\n<td>AXIS A9188<\/td>\n<td>1<\/td>\n<\/tr>\n<tr>\n<td colspan=\"2\">H\u1ec7 th\u1ed1ng li\u00ean l\u1ea1c n\u1ed9i b\u1ed9<\/td>\n<td>M\u1ed7i thi\u1ebft b\u1ecb<\/td>\n<td>AXIS A8105-E<\/td>\n<td>1<\/td>\n<\/tr>\n<tr>\n<td colspan=\"2\">Loa IP<\/td>\n<td>M\u1ed7i thi\u1ebft b\u1ecb<\/td>\n<td>AXIS C3003-E<\/td>\n<td>1<\/td>\n<\/tr>\n<tr>\n<td colspan=\"2\">B\u1ed9 \u0111i\u1ec1u khi\u1ec3n truy c\u1eadp (c\u1eeda)<\/td>\n<td>M\u1ed7i thi\u1ebft b\u1ecb<\/td>\n<td>AXIS A1001<\/td>\n<td>1<\/td>\n<\/tr>\n<tr>\n<td colspan=\"2\">Thi\u1ebft b\u1ecb qu\u1ea3n l\u00fd b\u00e1n h\u00e0ng (POS)<\/td>\n<td>M\u1ed7i thi\u1ebft b\u1ecb<\/td>\n<td>&#8211;<\/td>\n<td>2<\/td>\n<\/tr>\n<\/tbody>\n<\/table>\n<p>Trong b\u1ea3ng tr\u00ean, b\u1ea1n c\u00f3 th\u1ec3 xem v\u00ed d\u1ee5 chi ti\u1ebft v\u1ec1 b\u1ed1n lo\u1ea1i camera kh\u00e1c nhau. M\u1ed9t s\u1ed1 camera to\u00e0n c\u1ea3nh (nh\u01b0 Axis M3007) h\u1ed7 tr\u1ee3 k\u1ef9 thu\u1eadt Dewarping c\u00f3 th\u1ec3 cung c\u1ea5p nhi\u1ec1u lu\u1ed3ng stream (v\u00ed d\u1ee5: Ch\u1ebf \u0111\u1ed9 xem b\u1ed1n ph\u01b0\u01a1ng, ch\u1ebf \u0111\u1ed9 xem to\u00e0n c\u1ea3nh k\u00e9p v\u00e0 ch\u1ebf \u0111\u1ed9 xem g\u1ed1c) c\u00f9ng l\u00fac. B\u1ea5t c\u1ee9 l\u00e0 camera th\u00f4ng th\u01b0\u1eddng ho\u1eb7c camera to\u00e0n c\u1ea3nh \u0111\u1ec1u ch\u1ec9 y\u00eau c\u1ea7u m\u1ed9t license.<\/p>\n<p>C\u00f3 hai lo\u1ea1i camera \u0111a \u1ed1ng k\u00ednh: \u1ed1ng k\u00ednh c\u1ed1 \u0111\u1ecbnh v\u00e0 \u1ed1ng k\u00ednh r\u1eddi. H\u1ea7u h\u1ebft c\u00e1c camera \u1ed1ng k\u00ednh c\u1ed1 \u0111\u1ecbnh cung c\u1ea5p nhi\u1ec1u lu\u1ed3ng c\u00f9ng l\u00fac ch\u1ec9 c\u1ea7n m\u1ed9t license cho m\u1ed7i camera. V\u1edbi camera \u1ed1ng k\u00ednh c\u1ed1 \u0111\u1ecbnh c\u00f3 \u0111\u1ecba ch\u1ec9 IP \u0111\u1ed9c l\u1eadp ho\u1eb7c camera \u1ed1ng k\u00ednh r\u1eddi, b\u1ea1n s\u1ebd c\u1ea7n m\u1ed9t license cho m\u1ed7i k\u00eanh. V\u00ed d\u1ee5: b\u1ea1n c\u00f3 th\u1ec3 th\u00eam t\u1ed1i \u0111a ba \u1ed1ng k\u00ednh v\u00e0o Axis Q3709-PVE, cho ph\u00e9p b\u1ea1n ph\u00e1t t\u1ed1i \u0111a ba k\u00eanh. N\u1ebfu b\u1ea1n mu\u1ed1n hi\u1ec3n th\u1ecb to\u00e0n b\u1ed9 ba k\u00eanh trong Surveillance Station, b\u1ea1n c\u1ea7n c\u00f3 \u0111\u1ee7 ba license. L\u1ea5y Axis F44 l\u00e0m m\u1ed9t v\u00ed d\u1ee5 kh\u00e1c. Axis F44 (c\u00f3 t\u1ed1i \u0111a b\u1ed1n \u1ed1ng k\u00ednh) cho ph\u00e9p b\u1ea1n ph\u00e1t t\u1ed1i \u0111a n\u0103m k\u00eanh, v\u1edbi b\u1ed1n k\u00eanh hi\u1ec3n th\u1ecb footage t\u1eeb b\u1ed1n \u1ed1ng k\u00ednh v\u00e0 k\u00eanh th\u1ee9 n\u0103m c\u00f3 ch\u1ebf \u0111\u1ed9 xem k\u1ebft h\u1ee3p c\u1ea3 b\u1ed1n \u1ed1ng k\u00ednh. N\u1ebfu b\u1ea1n mu\u1ed1n hi\u1ec3n th\u1ecb to\u00e0n b\u1ed9 n\u0103m k\u00eanh trong Surveillance Station, b\u1ea1n c\u1ea7n c\u00f3 \u0111\u1ee7 n\u0103m license.<\/p>\n<p>C\u00e1c m\u00e1y ch\u1ee7 video nh\u01b0 Vivotek VS8801 c\u00f3 th\u1ec3 k\u1ebft n\u1ed1i v\u1edbi t\u1ed1i \u0111a t\u00e1m camera analog. Trong tr\u01b0\u1eddng h\u1ee3p n\u00e0y, b\u1ea1n c\u1ea7n c\u00f3 \u0111\u1ee7 t\u00e1m license t\u01b0\u01a1ng \u1ee9ng. Quy t\u1eafc n\u00e0y c\u0169ng \u00e1p d\u1ee5ng cho c\u00e1c m\u00e1y ch\u1ee7 video t\u01b0\u01a1ng th\u00edch v\u1edbi Surveillance Station.<\/p>\n<p><strong>K\u00edch ho\u1ea1t v\u00e0 Qu\u1ea3n l\u00fd License<\/strong><\/p>\n<p>Trong Surveillance Station, \u0111i t\u1edbi Menu ch\u00ednh &gt; License &gt; sau \u0111\u00f3 nh\u1ea5p v\u00e0o Th\u00eam. M\u1ed9t tr\u00ecnh h\u01b0\u1edbng d\u1eabn c\u00e0i \u0111\u1eb7t s\u1ebd h\u01b0\u1edbng d\u1eabn b\u1ea1n th\u00f4ng qua vi\u1ec7c th\u00eam license thi\u1ebft b\u1ecb v\u00e0o Surveillance Station.<\/p>\n<p>&#8211; S\u1ed1 license m\u1eb7c \u0111\u1ecbnh c\u00f3 th\u1ec3 kh\u00e1c nhau. B\u1ea1n ch\u1ec9 c\u1ea7n mua th\u00eam license khi vi\u1ec7c tri\u1ec3n khai c\u1ee7a b\u1ea1n y\u00eau c\u1ea7u nhi\u1ec1u license h\u01a1n c\u00e1c license m\u1eb7c \u0111\u1ecbnh \u0111\u01b0\u1ee3c li\u1ec7t k\u00ea b\u00ean d\u01b0\u1edbi:<\/p>\n<ul>\n<li>Synology NAS: 2 license m\u1eb7c \u0111\u1ecbnh<\/li>\n<li>Network Video Recorder: 4 license m\u1eb7c \u0111\u1ecbnh<\/li>\n<li>Deep Learning NVR: 8 license m\u1eb7c \u0111\u1ecbnh<\/li>\n<\/ul>\n<p>&#8211; M\u1ed9t license m\u1ed9t l\u1ea7n c\u00f3 th\u1ec3 \u0111\u01b0\u1ee3c \u00e1p d\u1ee5ng cho m\u1ed9t s\u1ea3n ph\u1ea9m Synology.<\/p>\n<p>&#8211; \u0110\u1ec3 k\u00edch ho\u1ea1t ho\u1eb7c h\u1ee7y k\u00edch ho\u1ea1t kh\u00f3a license tr\u00ean Surveillance Station c\u1ee7a b\u1ea1n, vui l\u00f2ng \u0111\u1ea3m b\u1ea3o r\u1eb1ng b\u1ea1n c\u00f3 th\u1ec3 truy c\u1eadp Internet \u0111\u1ec3 k\u1ebft n\u1ed1i v\u1edbi server c\u1ee7a Synology. N\u1ebfu NAS c\u1ee7a b\u1ea1n \u0111\u01b0\u1ee3c thi\u1ebft k\u1ebf \u0111\u1ec3 ho\u1ea1t \u0111\u1ed9ng trong m\u00f4i tr\u01b0\u1eddng ngo\u1ea1i tuy\u1ebfn, b\u1ea1n c\u00f3 th\u1ec3 s\u1eed d\u1ee5ng DS cam \u0111\u1ec3 x\u1eed l\u00fd license.<\/p>\n<p>&#8211; License \u0111\u00e3 mua c\u00f3 th\u1ec3 \u0111\u01b0\u1ee3c di chuy\u1ec3n, c\u00e1c kh\u00f3a license m\u1eb7c \u0111\u1ecbnh th\u00ec kh\u00f4ng th\u1ec3.<\/p>\n<p>&#8211; N\u1ebfu b\u1ea1n \u0111\u00e3 tri\u1ec3n khai Synology High Availability ho\u1eb7c server chuy\u1ec3n \u0111\u1ed5i d\u1ef1 ph\u00f2ng CMS, th\u00ec kh\u00f4ng c\u1ea7n ph\u1ea3i mua th\u00eam kh\u00f3a c\u1ea5p ph\u00e9p cho server chuy\u1ec3n \u0111\u1ed5i d\u1ef1 ph\u00f2ng, v\u00ec c\u00e1c license s\u1ebd \u0111\u01b0\u1ee3c t\u1ef1 \u0111\u1ed9ng chuy\u1ec3n sang server chuy\u1ec3n \u0111\u1ed5i d\u1ef1 ph\u00f2ng khi c\u1ea7n.<\/p>\n<p>&nbsp;<\/p>\n","protected":false},"excerpt":{"rendered":"<p>Surveillance Device License Pack<br \/>\nSynology camera pack 8 \u2013 8 License<br \/>\nLicense Camera Synology<br \/>\nTh\u1eddi h\u1ea1n s\u1eed d\u1ee5ng v\u0129nh vi\u1ec5n<\/p>\n","protected":false},"featured_media":7541,"template":"","meta":[],"product_brand":[],"product_cat":[192],"product_tag":[28,27,48,34,29,23],"class_list":{"0":"post-2420","1":"product","2":"type-product","3":"status-publish","4":"has-post-thumbnail","6":"product_cat-phan-mem","7":"product_tag-ban-quyen-synology","8":"product_tag-camera","9":"product_tag-license","10":"product_tag-license-camera","11":"product_tag-phan-mem","12":"product_tag-synology","14":"first","15":"instock","16":"taxable","17":"shipping-taxable","18":"product-type-simple"},"_links":{"self":[{"href":"https:\/\/vietcorp.com\/store\/wp-json\/wp\/v2\/product\/2420","targetHints":{"allow":["GET"]}}],"collection":[{"href":"https:\/\/vietcorp.com\/store\/wp-json\/wp\/v2\/product"}],"about":[{"href":"https:\/\/vietcorp.com\/store\/wp-json\/wp\/v2\/types\/product"}],"wp:featuredmedia":[{"embeddable":true,"href":"https:\/\/vietcorp.com\/store\/wp-json\/wp\/v2\/media\/7541"}],"wp:attachment":[{"href":"https:\/\/vietcorp.com\/store\/wp-json\/wp\/v2\/media?parent=2420"}],"wp:term":[{"taxonomy":"product_brand","embeddable":true,"href":"https:\/\/vietcorp.com\/store\/wp-json\/wp\/v2\/product_brand?post=2420"},{"taxonomy":"product_cat","embeddable":true,"href":"https:\/\/vietcorp.com\/store\/wp-json\/wp\/v2\/product_cat?post=2420"},{"taxonomy":"product_tag","embeddable":true,"href":"https:\/\/vietcorp.com\/store\/wp-json\/wp\/v2\/product_tag?post=2420"}],"curies":[{"name":"wp","href":"https:\/\/api.w.org\/{rel}","templated":true}]}}