


{"id":2406,"date":"2022-10-12T11:24:01","date_gmt":"2022-10-12T04:24:01","guid":{"rendered":"https:\/\/www.vietcorp.com\/store\/?post_type=product&#038;p=2406"},"modified":"2025-12-11T13:47:58","modified_gmt":"2025-12-11T06:47:58","slug":"o-cung-hdd-synology-hat5300-16t","status":"publish","type":"product","link":"https:\/\/vietcorp.com\/store\/2406\/o-cung-hdd-synology-hat5300-16t\/","title":{"rendered":"Synology HAT5300-16T"},"content":{"rendered":"<p><a href=\"https:\/\/www.vietcorp.com\/store\/2406\/o-cung-hdd-synology-hat5300-16t\/\"><strong>\u1ed4 c\u1ee9ng HDD Synology HAT5300-16T<\/strong><\/a> \u1ed4 c\u1ee9ng hi\u1ec7u su\u1ea5t cao, \u0111\u00e1ng tin c\u1eady cho h\u1ec7 th\u1ed1ng Synology. \u1ed4 c\u1ee9ng HDD Synology HAT5300-16T HDD mang \u0111\u1ebfn hi\u1ec7u su\u1ea5t h\u00e0ng \u0111\u1ea7u nh\u1edd t\u00edch h\u1ee3p ch\u1eb7t ch\u1ebd v\u1edbi h\u1ec7 \u0111i\u1ec1u h\u00e0nh DSM v\u00e0 ph\u1ea7n c\u1ee9ng Synology. V\u1edbi h\u01a1n 500,000 gi\u1edd th\u1eed nghi\u1ec7m n\u1ed9i b\u1ed9 v\u00e0 \u0111\u01b0\u1ee3c h\u1ed7 tr\u1ee3 b\u1eb1ng g\u00f3i b\u1ea3o h\u00e0nh gi\u1edbi h\u1ea1n 5 n\u0103m c\u1ee7a <a href=\"https:\/\/www.vietcorp.com\/store\/nas-synology\/\">Synology<\/a>.<\/p>\n<h3><strong>C\u1ea5u h\u00ecnh \u1ed4 c\u1ee9ng HDD Synology HAT5300-16T<\/strong><\/h3>\n<ul>\n<li>Dung l\u01b0\u1ee3ng: 16 TB<\/li>\n<li>K\u00edch th\u01b0\u1edbc: 3,5 &#8220;<\/li>\n<li>T\u1ed1c \u0111\u1ed9 quay: 7.200 v\u00f2ng \/ ph\u00fat<\/li>\n<li>T\u1ed1c \u0111\u1ed9 truy\u1ec1n d\u1eef li\u1ec7u: 262 MiB\/s<\/li>\n<li>Mean Time to Failure (MTTF): 2.5 million hours<\/li>\n<li>Workload Rating: 550 TB Transferred per Year<\/li>\n<li>B\u1ea3o h\u00e0nh 5 n\u0103m<\/li>\n<\/ul>\n<p><center><iframe loading=\"lazy\" width=\"445\" height=\"791\" src=\"https:\/\/www.youtube.com\/embed\/kVp-udPWi3U\" title=\"\u1ed4 c\u1ee9ng 16TB  Synology HAT6500-16T | Vietcorp.com #Vietcorp #Synology\" frameborder=\"0\" allow=\"accelerometer; autoplay; clipboard-write; encrypted-media; gyroscope; picture-in-picture; web-share\" allowfullscreen><\/iframe><\/center><\/p>\n<h3 style=\"text-align: center;\"><strong>M\u1edf r\u1ed9ng hi\u1ec7u su\u1ea5t<\/strong><\/h3>\n<figure id=\"attachment_2402\" aria-describedby=\"caption-attachment-2402\" style=\"width: 600px\" class=\"wp-caption aligncenter\"><img decoding=\"async\" class=\"size-full wp-image-2402\" src=\"https:\/\/www.vietcorp.com\/store\/wp-content\/uploads\/2022\/10\/o-cung-hdd-synology-HAT5300-4T-3.jpg\" alt=\"\u1ed4 c\u1ee9ng HDD Synology HAT5300-16T 1\" width=\"600\" height=\"447\" srcset=\"https:\/\/vietcorp.com\/store\/wp-content\/uploads\/2022\/10\/o-cung-hdd-synology-HAT5300-4T-3.jpg?v=1668219160 600w, https:\/\/vietcorp.com\/store\/wp-content\/uploads\/2022\/10\/o-cung-hdd-synology-HAT5300-4T-3-400x298.jpg?v=1668219160 400w, https:\/\/vietcorp.com\/store\/wp-content\/uploads\/2022\/10\/o-cung-hdd-synology-HAT5300-4T-3-367x273.jpg?v=1668219160 367w\" sizes=\"(max-width: 600px) 100vw, 600px\" \/><figcaption id=\"caption-attachment-2402\" class=\"wp-caption-text\">M\u1edf r\u1ed9ng hi\u1ec7u su\u1ea5t<\/figcaption><\/figure>\n<p style=\"text-align: center;\">Th\u00f4ng qua th\u1eed nghi\u1ec7m v\u00e0 t\u1ed1i \u01b0u h\u00f3a, \u1ed5 c\u1ee9ng HAT5300 \u0111\u00e3 \u0111\u01b0\u1ee3c \u0111i\u1ec1u ch\u1ec9nh \u0111\u1ec3 mang l\u1ea1i hi\u1ec7u su\u1ea5t \u0111\u1ecdc tu\u1ea7n t\u1ef1 b\u1ec1n v\u1eefng cao h\u01a1n t\u1edbi 23% trong c\u00e1c m\u00f4i tr\u01b0\u1eddng \u0111\u00f2i h\u1ecfi nhi\u1ec1u ng\u01b0\u1eddi d\u00f9ng.<\/p>\n<h3 style=\"text-align: center;\"><strong>\u0110\u01b0\u1ee3c x\u00e2y d\u1ef1ng \u0111\u1ec3 \u0111\u1ea1t hi\u1ec7u su\u1ea5t cao nh\u1ea5t<\/strong><\/h3>\n<p style=\"text-align: center;\"><strong>Th\u1eed nghi\u1ec7m nghi\u00eam ng\u1eb7t<\/strong><\/p>\n<figure id=\"attachment_2401\" aria-describedby=\"caption-attachment-2401\" style=\"width: 600px\" class=\"wp-caption aligncenter\"><img decoding=\"async\" class=\"size-full wp-image-2401\" src=\"https:\/\/www.vietcorp.com\/store\/wp-content\/uploads\/2022\/10\/o-cung-hdd-synology-HAT5300-4T-2.jpg\" alt=\"\u1ed4 c\u1ee9ng HDD Synology HAT5300-16T 2\" width=\"600\" height=\"295\" srcset=\"https:\/\/vietcorp.com\/store\/wp-content\/uploads\/2022\/10\/o-cung-hdd-synology-HAT5300-4T-2.jpg?v=1668219162 600w, https:\/\/vietcorp.com\/store\/wp-content\/uploads\/2022\/10\/o-cung-hdd-synology-HAT5300-4T-2-400x197.jpg?v=1668219162 400w, https:\/\/vietcorp.com\/store\/wp-content\/uploads\/2022\/10\/o-cung-hdd-synology-HAT5300-4T-2-367x180.jpg?v=1668219162 367w\" sizes=\"(max-width: 600px) 100vw, 600px\" \/><figcaption id=\"caption-attachment-2401\" class=\"wp-caption-text\">Th\u1eed nghi\u1ec7m nghi\u00eam ng\u1eb7t<\/figcaption><\/figure>\n<p style=\"text-align: center;\">H\u01a1n 500,000 gi\u1edd th\u1eed nghi\u1ec7m v\u1edbi c\u00e1c thi\u1ebft b\u1ecb Synology gi\u00fap \u0111\u1ea3m b\u1ea3o \u1ed5 \u0111\u0129a HAT5300 c\u00f3 th\u1ec3 ch\u1ecbu \u0111\u01b0\u1ee3c c\u1ea3 nh\u1eefng m\u00f4i tr\u01b0\u1eddng \u0111\u00f2i h\u1ecfi kh\u1eaft khe nh\u1ea5t trong doanh nghi\u1ec7p v\u00e0 mang l\u1ea1i hi\u1ec7u su\u1ea5t \u0111\u1ed9 tin c\u1eady cao.<\/p>\n<p style=\"text-align: center;\"><strong>C\u1eadp nh\u1eadt ch\u01b0\u01a1ng tr\u00ecnh c\u01a1 s\u1edf d\u1ec5 d\u00e0ng<\/strong><\/p>\n<p style=\"text-align: center;\">C\u1eadp nh\u1eadt firmware t\u1ef1 \u0111\u1ed9ng th\u00f4ng qua DSM c\u00f3 ngh\u0129a l\u00e0 \u1ed5 HAT5300 lu\u00f4n \u0111\u01b0\u1ee3c h\u01b0\u1edfng l\u1ee3i t\u1eeb nh\u1eefng c\u1ea3i ti\u1ebfn m\u1edbi nh\u1ea5t.<\/p>\n<p style=\"text-align: center;\"><strong>\u0110\u1ed9 b\u1ec1n cho m\u00f4i tr\u01b0\u1eddng ho\u1ea1t \u0111\u1ed9ng 24\/7<\/strong><\/p>\n<p style=\"text-align: center;\">V\u1edbi \u0111\u00e1nh gi\u00e1 MTTF l\u00ean \u0111\u1ebfn 2.5 tri\u1ec7u gi\u1edd, \u1ed5 c\u1ee9ng HDD d\u00f2ng HAT5300 h\u1ed7 tr\u1ee3 550 TB kh\u1ed1i l\u01b0\u1ee3ng c\u00f4ng vi\u1ec7c m\u1ed7i n\u0103m v\u00e0 c\u00f4ng ngh\u1ec7 b\u1ed9 nh\u1edb \u0111\u1ec7m ghi li\u00ean t\u1ee5c gi\u00fap gi\u1ea3m thi\u1ec3u h\u01b0 h\u1ecfng d\u1eef li\u1ec7u trong tr\u01b0\u1eddng h\u1ee3p m\u1ea5t \u0111i\u1ec7n \u0111\u1ed9t ng\u1ed9t. T\u00ecm hi\u1ec3u th\u00eam v\u1ec1 <a href=\"https:\/\/www.vietcorp.com\/store\/cong-nghe-luu-tru-cua-synology\/\">c\u00f4ng ngh\u1ec7 l\u01b0u tr\u1eef Synology<\/a><\/p>\n<h3 style=\"text-align: center;\"><strong>B\u1ea3o h\u00e0nh 5 n\u0103m<\/strong><\/h3>\n<p style=\"text-align: center;\">\u1ed4 c\u1ee9ng HDD Synology HAT5300-16T \u0111\u01b0\u1ee3c b\u1ea3o h\u00e0nh 5 n\u0103m, bao g\u1ed3m h\u1ed7 tr\u1ee3 k\u1ef9 thu\u1eadt v\u00e0 d\u1ecbch v\u1ee5 thay th\u1ebf ph\u1ea7n c\u1ee9ng \u0111\u1ec3 t\u1ed1i \u0111a h\u00f3a l\u1ee3i t\u1ee9c \u0111\u1ea7u t\u01b0 c\u1ee7a b\u1ea1n.<\/p>\n<p>T\u00ecm hi\u1ec3u th\u00eam v\u1ec1 Synology:<\/p>\n<ul>\n<li><a href=\"https:\/\/www.vietcorp.com\/vn\/chung-nhan\/\">Ch\u1ee9ng nh\u1eadn Synology<\/a><\/li>\n<li><a href=\"https:\/\/vietcorp.com\/support\/synology\/\">Support Synology<\/a><\/li>\n<li><a href=\"https:\/\/www.vietcorp.com\/blog\/tag\/showcase-synology\/\">Showcase Synology<\/a><\/li>\n<\/ul>\n","protected":false},"excerpt":{"rendered":"<p>SATA 3.5\u2033 16 TB (DATA, CCTV)<br \/>\nT\u1ed1c \u0111\u1ed9 quay: 7.200 v\u00f2ng \/ ph\u00fat<br \/>\nT\u1ed1c \u0111\u1ed9 truy\u1ec1n d\u1eef li\u1ec7u: 262 MiB\/s<br \/>\nWorkload Rating: 550 TB\/Year<br \/>\nB\u1ea3o h\u00e0nh 60 th\u00e1ng<\/p>\n","protected":false},"featured_media":7274,"template":"","meta":[],"product_brand":[],"product_cat":[86],"product_tag":[63,351,61,350,23],"class_list":{"0":"post-2406","1":"product","2":"type-product","3":"status-publish","4":"has-post-thumbnail","6":"product_cat-o-cung","7":"product_tag-o-cung","8":"product_tag-o-cung-hdd","9":"product_tag-o-cung-nas","10":"product_tag-o-cung-synology","11":"product_tag-synology","13":"first","14":"instock","15":"taxable","16":"shipping-taxable","17":"product-type-simple"},"_links":{"self":[{"href":"https:\/\/vietcorp.com\/store\/wp-json\/wp\/v2\/product\/2406","targetHints":{"allow":["GET"]}}],"collection":[{"href":"https:\/\/vietcorp.com\/store\/wp-json\/wp\/v2\/product"}],"about":[{"href":"https:\/\/vietcorp.com\/store\/wp-json\/wp\/v2\/types\/product"}],"wp:featuredmedia":[{"embeddable":true,"href":"https:\/\/vietcorp.com\/store\/wp-json\/wp\/v2\/media\/7274"}],"wp:attachment":[{"href":"https:\/\/vietcorp.com\/store\/wp-json\/wp\/v2\/media?parent=2406"}],"wp:term":[{"taxonomy":"product_brand","embeddable":true,"href":"https:\/\/vietcorp.com\/store\/wp-json\/wp\/v2\/product_brand?post=2406"},{"taxonomy":"product_cat","embeddable":true,"href":"https:\/\/vietcorp.com\/store\/wp-json\/wp\/v2\/product_cat?post=2406"},{"taxonomy":"product_tag","embeddable":true,"href":"https:\/\/vietcorp.com\/store\/wp-json\/wp\/v2\/product_tag?post=2406"}],"curies":[{"name":"wp","href":"https:\/\/api.w.org\/{rel}","templated":true}]}}