


{"id":2394,"date":"2022-10-12T10:23:16","date_gmt":"2022-10-12T03:23:16","guid":{"rendered":"https:\/\/www.vietcorp.com\/store\/?post_type=product&#038;p=2394"},"modified":"2025-12-11T13:49:41","modified_gmt":"2025-12-11T06:49:41","slug":"o-cung-hdd-synology-has5300-12t","status":"publish","type":"product","link":"https:\/\/vietcorp.com\/store\/2394\/o-cung-hdd-synology-has5300-12t\/","title":{"rendered":"Synology HAS5300-12T"},"content":{"rendered":"<p><a href=\"https:\/\/www.vietcorp.com\/store\/2394\/o-cung-hdd-synology-has5300-12t\/\"><strong>\u1ed4 c\u1ee9ng HDD Synology HAS5300-12T<\/strong><\/a> \u1ed4 c\u1ee9ng SAS c\u1ea5p doanh nghi\u1ec7p cho h\u1ec7 th\u1ed1ng Synology. Synology HAS5300-12T \u0111\u01b0\u1ee3c thi\u1ebft k\u1ebf \u0111\u1ec3 c\u00f3 hi\u1ec7u su\u1ea5t v\u00e0 \u0111\u1ed9 tin c\u1eady h\u00e0ng \u0111\u1ea7u trong c\u00e1c h\u1ec7 th\u1ed1ng Synology.<\/p>\n<h3><strong>C\u1ea5u h\u00ecnh <a href=\"https:\/\/www.vietcorp.com\/store\/product-tag\/o-cung-hdd\/\">\u1ed4 c\u1ee9ng HDD<\/a> Synology HAS5300-12T<\/strong><\/h3>\n<ul>\n<li>Dung l\u01b0\u1ee3ng: 12 TB<\/li>\n<li>K\u00edch th\u01b0\u1edbc: 3,5 &#8220;<\/li>\n<li>T\u1ed1c \u0111\u1ed9 quay: 7.200 v\u00f2ng \/ ph\u00fat<\/li>\n<li>T\u1ed1c \u0111\u1ed9 truy\u1ec1n d\u1eef li\u1ec7u: 242 MiB\/s<\/li>\n<li>Mean Time to Failure (MTTF): 2.5 million hours<\/li>\n<li>Workload Rating: 550 TB Transferred per Year<\/li>\n<li>B\u1ea3o h\u00e0nh 5 n\u0103m<\/li>\n<\/ul>\n<h3><strong>\u0110\u01b0\u1ee3c thi\u1ebft k\u1ebf c\u00f3 hi\u1ec7u su\u1ea5t v\u00e0 \u0111\u1ed9 tin c\u1eady h\u00e0ng \u0111\u1ea7u trong c\u00e1c h\u1ec7 th\u1ed1ng Synology<\/strong><\/h3>\n<p>T\u00edch h\u1ee3p ch\u01b0a t\u1eebng c\u00f3 v\u1edbi ph\u1ea7n c\u1ee9ng DSM v\u00e0 Synology cho ph\u00e9p \u1ed5 c\u1ee9ng HAS5300 SAS mang l\u1ea1i hi\u1ec7u su\u1ea5t h\u00e0ng \u0111\u1ea7u m\u1ed9t c\u00e1ch \u0111\u00e1ng tin c\u1eady trong vi\u1ec7c tri\u1ec3n khai doanh nghi\u1ec7p. C\u00e1c \u1ed5 HAS5300 \u0111\u00e3 v\u01b0\u1ee3t qua 200.000 gi\u1edd ki\u1ec3m tra nghi\u00eam ng\u1eb7t tr\u00ean ph\u1ea7n c\u1ee9ng Synology, c\u00f3 MTTF 2,5 tri\u1ec7u gi\u1edd v\u00e0 \u0111\u01b0\u1ee3c b\u1ea3o h\u00e0nh 5 n\u0103m c\u00f3 gi\u1edbi h\u1ea1n c\u1ee7a Synology. T\u00ecm hi\u1ec3u th\u00eam v\u1ec1 <a href=\"https:\/\/www.vietcorp.com\/store\/cong-nghe-luu-tru-cua-synology\/\"><strong>c\u00f4ng ngh\u1ec7 l\u01b0u tr\u1eef Synology<\/strong><\/a><\/p>\n<h3><strong>S\u1eb5n s\u00e0ng cho doanh nghi\u1ec7p<\/strong><\/h3>\n<figure id=\"attachment_2390\" aria-describedby=\"caption-attachment-2390\" style=\"width: 600px\" class=\"wp-caption aligncenter\"><img decoding=\"async\" class=\"size-full wp-image-2390\" src=\"https:\/\/www.vietcorp.com\/store\/wp-content\/uploads\/2022\/10\/o-cung-hdd-synology-HAS5300-8T-3.jpg\" alt=\"\u1ed4 c\u1ee9ng HDD Synology HAS5300-12T 1\" width=\"600\" height=\"351\" srcset=\"https:\/\/vietcorp.com\/store\/wp-content\/uploads\/2022\/10\/o-cung-hdd-synology-HAS5300-8T-3.jpg?v=1668219170 600w, https:\/\/vietcorp.com\/store\/wp-content\/uploads\/2022\/10\/o-cung-hdd-synology-HAS5300-8T-3-400x234.jpg?v=1668219170 400w, https:\/\/vietcorp.com\/store\/wp-content\/uploads\/2022\/10\/o-cung-hdd-synology-HAS5300-8T-3-367x215.jpg?v=1668219170 367w\" sizes=\"(max-width: 600px) 100vw, 600px\" \/><figcaption id=\"caption-attachment-2390\" class=\"wp-caption-text\">S\u1eb5n s\u00e0ng cho doanh nghi\u1ec7p<\/figcaption><\/figure>\n<p>D\u00f2ng \u1ed5 \u0111\u0129a HAS5300 t\u1eadn d\u1ee5ng giao th\u1ee9c SAS c\u00f3 \u0111\u1ed9 tr\u1ec5 th\u1ea5p. Khi k\u1ebft h\u1ee3p v\u1edbi c\u00e1c gi\u1ea3i ph\u00e1p d\u00f2ng Synology SA ho\u1eb7c UC c\u00f3 hi\u1ec7u su\u1ea5t cao v\u00e0 c\u00f3 kh\u1ea3 n\u0103ng m\u1edf r\u1ed9ng cao.<\/p>\n<h3><strong>Quay l\u1ea1i hi\u1ec7u su\u1ea5t cao nh\u1ea5t nhanh h\u01a1n<\/strong><\/h3>\n<figure id=\"attachment_2391\" aria-describedby=\"caption-attachment-2391\" style=\"width: 600px\" class=\"wp-caption aligncenter\"><img decoding=\"async\" class=\"size-full wp-image-2391\" src=\"https:\/\/www.vietcorp.com\/store\/wp-content\/uploads\/2022\/10\/o-cung-hdd-synology-HAS5300-8T-5.jpg\" alt=\"\u1ed4 c\u1ee9ng HDD Synology HAS5300-12T 2\" width=\"600\" height=\"258\" srcset=\"https:\/\/vietcorp.com\/store\/wp-content\/uploads\/2022\/10\/o-cung-hdd-synology-HAS5300-8T-5.jpg?v=1668219168 600w, https:\/\/vietcorp.com\/store\/wp-content\/uploads\/2022\/10\/o-cung-hdd-synology-HAS5300-8T-5-400x172.jpg?v=1668219168 400w, https:\/\/vietcorp.com\/store\/wp-content\/uploads\/2022\/10\/o-cung-hdd-synology-HAS5300-8T-5-367x158.jpg?v=1668219168 367w\" sizes=\"(max-width: 600px) 100vw, 600px\" \/><figcaption id=\"caption-attachment-2391\" class=\"wp-caption-text\">Quay l\u1ea1i hi\u1ec7u su\u1ea5t cao nh\u1ea5t nhanh h\u01a1n<\/figcaption><\/figure>\n<p>\u0110\u01b0\u1ee3c x\u00e2y d\u1ef1ng tr\u00ean hai th\u1eadp k\u1ef7 chuy\u00ean m\u00f4n v\u1ec1 l\u01b0u tr\u1eef, \u1ed5 \u0111\u0129a Synology HAS5300 \u0111\u01b0\u1ee3c t\u1ed1i \u01b0u h\u00f3a cho c\u00e1c kh\u1ed1i l\u01b0\u1ee3ng c\u00f4ng vi\u1ec7c quan tr\u1ecdng. Ch\u00fang cho ph\u00e9p h\u1ec7 th\u1ed1ng Synology s\u1eeda ch\u1eefa c\u00e1c m\u1ea3ng RAID \u0111\u00e3 xu\u1ed1ng c\u1ea5p nhanh h\u01a1n t\u1edbi 27% so v\u1edbi c\u00e1c \u1ed5 \u0111\u0129a c\u00f9ng lo\u1ea1i v\u00e0 dung l\u01b0\u1ee3ng.<\/p>\n<h3><strong>B\u1ed9 nh\u1edb v\u01b0\u1ee3t qua th\u1eed th\u00e1ch c\u1ee7a th\u1eddi gian<\/strong><\/h3>\n<figure id=\"attachment_2392\" aria-describedby=\"caption-attachment-2392\" style=\"width: 600px\" class=\"wp-caption aligncenter\"><img decoding=\"async\" class=\"size-full wp-image-2392\" src=\"https:\/\/www.vietcorp.com\/store\/wp-content\/uploads\/2022\/10\/o-cung-hdd-synology-HAS5300-8T-4.jpg\" alt=\"\u1ed4 c\u1ee9ng HDD Synology HAS5300-12T 3\" width=\"600\" height=\"287\" srcset=\"https:\/\/vietcorp.com\/store\/wp-content\/uploads\/2022\/10\/o-cung-hdd-synology-HAS5300-8T-4.jpg?v=1668219167 600w, https:\/\/vietcorp.com\/store\/wp-content\/uploads\/2022\/10\/o-cung-hdd-synology-HAS5300-8T-4-400x191.jpg?v=1668219167 400w, https:\/\/vietcorp.com\/store\/wp-content\/uploads\/2022\/10\/o-cung-hdd-synology-HAS5300-8T-4-367x176.jpg?v=1668219167 367w\" sizes=\"(max-width: 600px) 100vw, 600px\" \/><figcaption id=\"caption-attachment-2392\" class=\"wp-caption-text\">B\u1ed9 nh\u1edb v\u01b0\u1ee3t qua th\u1eed th\u00e1ch c\u1ee7a th\u1eddi gian<\/figcaption><\/figure>\n<p>C\u00e1c b\u00e0i ki\u1ec3m tra nghi\u00eam ng\u1eb7t v\u00e0 x\u00e1c minh kh\u1ea3 n\u0103ng t\u01b0\u01a1ng th\u00edch \u0111\u1ea3m b\u1ea3o \u0111\u1ed9 tin c\u1eady t\u1ed1i \u0111a tr\u00ean h\u1ec7 th\u1ed1ng Synology, ngay c\u1ea3 trong khi x\u1eed l\u00fd kh\u1ed1i l\u01b0\u1ee3ng c\u00f4ng vi\u1ec7c kh\u1eafc nghi\u1ec7t nh\u1ea5t.<\/p>\n<p><strong>B\u1ea3o tr\u00ec \u0111\u01a1n gi\u1ea3n<\/strong><\/p>\n<p>C\u00e1c b\u1ea3n c\u1eadp nh\u1eadt ch\u01b0\u01a1ng tr\u00ecnh c\u01a1 s\u1edf \u1ed5 \u0111\u0129a \u0111\u01b0\u1ee3c g\u1eedi c\u00f9ng v\u1edbi b\u1ea3n c\u1eadp nh\u1eadt DSM, gi\u1ea3m b\u1edbt g\u00e1nh n\u1eb7ng cho nh\u00f3m CNTT v\u00e0 \u0111\u1ea3m b\u1ea3o \u1ed5 \u0111\u0129a c\u1ee7a b\u1ea1n lu\u00f4n ch\u1ea1y c\u00e1c phi\u00ean b\u1ea3n ch\u01b0\u01a1ng tr\u00ecnh c\u01a1 s\u1edf m\u1edbi nh\u1ea5t.<\/p>\n<p><strong>\u0110\u00e1ng tin c\u1eady<\/strong><\/p>\n<p>MTTF 2,5 tri\u1ec7u gi\u1edd, h\u1ed7 tr\u1ee3 kh\u1ed1i l\u01b0\u1ee3ng c\u00f4ng vi\u1ec7c l\u00ean \u0111\u1ebfn 550 TB m\u1ed7i n\u0103m v\u00e0 c\u00f4ng ngh\u1ec7 b\u1ed9 nh\u1edb \u0111\u1ec7m ghi li\u00ean t\u1ee5c k\u1ebft h\u1ee3p v\u1edbi nhau \u0111\u1ec3 b\u1ea3o v\u1ec7 t\u00ednh to\u00e0n v\u1eb9n c\u1ee7a d\u1eef li\u1ec7u.<\/p>\n<p><strong>B\u1ea3o h\u00e0nh 5 n\u0103m<\/strong><\/p>\n<p>\u1ed4 \u0111\u0129a HDD Synology HAS5300-12T \u0111\u01b0\u1ee3c b\u1ea3o h\u00e0nh 5 n\u0103m, bao g\u1ed3m h\u1ed7 tr\u1ee3 k\u1ef9 thu\u1eadt v\u00e0 d\u1ecbch v\u1ee5 thay th\u1ebf ph\u1ea7n c\u1ee9ng \u0111\u1ec3 t\u1ed1i \u0111a h\u00f3a l\u1ee3i t\u1ee9c \u0111\u1ea7u t\u01b0 c\u1ee7a b\u1ea1n.<\/p>\n<p>T\u00ecm hi\u1ec3u th\u00eam v\u1ec1 Synology:<\/p>\n<ul>\n<li><a href=\"https:\/\/www.vietcorp.com\/vn\/chung-nhan\/\">Ch\u1ee9ng nh\u1eadn Synology<\/a><\/li>\n<li><a href=\"https:\/\/vietcorp.com\/support\/synology\/\">Support Synology<\/a><\/li>\n<li><a href=\"https:\/\/www.vietcorp.com\/blog\/tag\/showcase-synology\/\">Showcase Synology<\/a><\/li>\n<\/ul>\n","protected":false},"excerpt":{"rendered":"<p>SATA 3.5\u2033 12 TB (DATA, CCTV)<br \/>\nT\u1ed1c \u0111\u1ed9 quay: 7.200 v\u00f2ng \/ ph\u00fat<br \/>\nT\u1ed1c \u0111\u1ed9 truy\u1ec1n d\u1eef li\u1ec7u: 242 MiB\/s<br \/>\nWorkload Rating: 550 TB<br \/>\nB\u1ea3o h\u00e0nh 60 th\u00e1ng<\/p>\n","protected":false},"featured_media":7976,"template":"","meta":[],"product_brand":[],"product_cat":[86],"product_tag":[63,351,61,350,23],"class_list":{"0":"post-2394","1":"product","2":"type-product","3":"status-publish","4":"has-post-thumbnail","6":"product_cat-o-cung","7":"product_tag-o-cung","8":"product_tag-o-cung-hdd","9":"product_tag-o-cung-nas","10":"product_tag-o-cung-synology","11":"product_tag-synology","13":"first","14":"instock","15":"taxable","16":"shipping-taxable","17":"product-type-simple"},"_links":{"self":[{"href":"https:\/\/vietcorp.com\/store\/wp-json\/wp\/v2\/product\/2394","targetHints":{"allow":["GET"]}}],"collection":[{"href":"https:\/\/vietcorp.com\/store\/wp-json\/wp\/v2\/product"}],"about":[{"href":"https:\/\/vietcorp.com\/store\/wp-json\/wp\/v2\/types\/product"}],"wp:featuredmedia":[{"embeddable":true,"href":"https:\/\/vietcorp.com\/store\/wp-json\/wp\/v2\/media\/7976"}],"wp:attachment":[{"href":"https:\/\/vietcorp.com\/store\/wp-json\/wp\/v2\/media?parent=2394"}],"wp:term":[{"taxonomy":"product_brand","embeddable":true,"href":"https:\/\/vietcorp.com\/store\/wp-json\/wp\/v2\/product_brand?post=2394"},{"taxonomy":"product_cat","embeddable":true,"href":"https:\/\/vietcorp.com\/store\/wp-json\/wp\/v2\/product_cat?post=2394"},{"taxonomy":"product_tag","embeddable":true,"href":"https:\/\/vietcorp.com\/store\/wp-json\/wp\/v2\/product_tag?post=2394"}],"curies":[{"name":"wp","href":"https:\/\/api.w.org\/{rel}","templated":true}]}}