


{"id":2379,"date":"2022-10-12T08:59:25","date_gmt":"2022-10-12T01:59:25","guid":{"rendered":"https:\/\/www.vietcorp.com\/store\/?post_type=product&#038;p=2379"},"modified":"2024-11-21T13:22:41","modified_gmt":"2024-11-21T06:22:41","slug":"synology-cable-management-arm-cma-01","status":"publish","type":"product","link":"https:\/\/vietcorp.com\/store\/2379\/synology-cable-management-arm-cma-01\/","title":{"rendered":"Synology CMA-01"},"content":{"rendered":"<p><a href=\"https:\/\/www.vietcorp.com\/store\/2379\/synology-cable-management-arm-cma-01\/\"><strong>Synology Cable Management Arm CMA-01<\/strong><\/a> Gi\u1ea3i ph\u00e1p qu\u1ea3n l\u00fd c\u00e1p cho m\u00e1y ch\u1ee7 rackmount Synology<\/p>\n<p>Synology Cable Management Arm CMA-01 cho ph\u00e9p b\u1ea1n s\u1eafp x\u1ebfp d\u1eef li\u1ec7u v\u00e0 c\u00e1p ngu\u1ed3n, t\u1ed1i \u01b0u h\u00f3a kh\u00f4ng gian t\u1ee7 rack v\u00e0 cho ph\u00e9p truy c\u1eadp th\u00edch h\u1ee3p v\u00e0o ph\u00eda sau c\u1ee7a h\u1ec7 th\u1ed1ng. N\u00f3 c\u00f3 th\u1ec3 d\u1ec5 d\u00e0ng g\u1eafn v\u00e0o b\u1ed9 Rail Kit Synology t\u01b0\u01a1ng th\u00edch. CMA-01 \u0111\u01b0\u1ee3c h\u1ed7 tr\u1ee3 b\u1edfi b\u1ea3o h\u00e0nh c\u00f3 gi\u1edbi h\u1ea1n 1 n\u0103m c\u1ee7a Synology.<\/p>\n<figure id=\"attachment_2382\" aria-describedby=\"caption-attachment-2382\" style=\"width: 600px\" class=\"wp-caption aligncenter\"><img decoding=\"async\" class=\"size-full wp-image-2382\" src=\"https:\/\/www.vietcorp.com\/store\/wp-content\/uploads\/2022\/10\/Synology-cma-01-1.png\" alt=\"Synology Cable Management Arm CMA-01 1\" width=\"600\" height=\"600\" \/><figcaption id=\"caption-attachment-2382\" class=\"wp-caption-text\">Synology Cable Management Arm CMA-01<\/figcaption><\/figure>\n<p><strong>Y\u00eau c\u1ea7u l\u1eafp \u0111\u1eb7t<\/strong><br \/>\nA. Chi\u1ec1u r\u1ed9ng tr\u1ee5 treo ph\u1ea3i b\u1eb1ng ho\u1eb7c l\u1edbn h\u01a1n 450 mm<br \/>\nB. \u0110\u1ed9 s\u00e2u tr\u1ee5 l\u1eafp ph\u1ea3i b\u1eb1ng ho\u1eb7c l\u1edbn h\u01a1n 125 mm<br \/>\nC. Chi\u1ec1u cao tr\u1ee5 l\u1eafp ph\u1ea3i b\u1eb1ng ho\u1eb7c l\u1edbn h\u01a1n 41 mm<\/p>\n<figure id=\"attachment_2384\" aria-describedby=\"caption-attachment-2384\" style=\"width: 663px\" class=\"wp-caption aligncenter\"><img decoding=\"async\" class=\"size-full wp-image-2384\" src=\"https:\/\/www.vietcorp.com\/store\/wp-content\/uploads\/2022\/10\/synology-cable-management-arm-cma-01-3.jpg\" alt=\"Synology Cable Management Arm CMA-01 2\" width=\"663\" height=\"216\" srcset=\"https:\/\/vietcorp.com\/store\/wp-content\/uploads\/2022\/10\/synology-cable-management-arm-cma-01-3.jpg?v=1668219177 663w, https:\/\/vietcorp.com\/store\/wp-content\/uploads\/2022\/10\/synology-cable-management-arm-cma-01-3-600x195.jpg?v=1668219177 600w, https:\/\/vietcorp.com\/store\/wp-content\/uploads\/2022\/10\/synology-cable-management-arm-cma-01-3-640x209.jpg?v=1668219177 640w, https:\/\/vietcorp.com\/store\/wp-content\/uploads\/2022\/10\/synology-cable-management-arm-cma-01-3-400x130.jpg?v=1668219177 400w, https:\/\/vietcorp.com\/store\/wp-content\/uploads\/2022\/10\/synology-cable-management-arm-cma-01-3-367x120.jpg?v=1668219177 367w\" sizes=\"(max-width: 663px) 100vw, 663px\" \/><figcaption id=\"caption-attachment-2384\" class=\"wp-caption-text\">Synology Cable Management Arm CMA-01<\/figcaption><\/figure>\n<figure id=\"attachment_2385\" aria-describedby=\"caption-attachment-2385\" style=\"width: 668px\" class=\"wp-caption aligncenter\"><img decoding=\"async\" class=\"size-full wp-image-2385\" src=\"https:\/\/www.vietcorp.com\/store\/wp-content\/uploads\/2022\/10\/synology-cable-management-arm-cma-01-4.jpg\" alt=\"Synology Cable Management Arm CMA-01 \" width=\"668\" height=\"58\" srcset=\"https:\/\/vietcorp.com\/store\/wp-content\/uploads\/2022\/10\/synology-cable-management-arm-cma-01-4.jpg?v=1668219176 668w, https:\/\/vietcorp.com\/store\/wp-content\/uploads\/2022\/10\/synology-cable-management-arm-cma-01-4-600x52.jpg?v=1668219176 600w, https:\/\/vietcorp.com\/store\/wp-content\/uploads\/2022\/10\/synology-cable-management-arm-cma-01-4-640x56.jpg?v=1668219176 640w, https:\/\/vietcorp.com\/store\/wp-content\/uploads\/2022\/10\/synology-cable-management-arm-cma-01-4-400x35.jpg?v=1668219176 400w, https:\/\/vietcorp.com\/store\/wp-content\/uploads\/2022\/10\/synology-cable-management-arm-cma-01-4-367x32.jpg?v=1668219176 367w\" sizes=\"(max-width: 668px) 100vw, 668px\" \/><figcaption id=\"caption-attachment-2385\" class=\"wp-caption-text\">Synology Cable Management Arm CMA-01<\/figcaption><\/figure>\n<p><strong>Kh\u1ea3 n\u0103ng t\u01b0\u01a1ng th\u00edch<\/strong><br \/>\nRail Kit Synology: RKS-01, RKS-02, RKS-03<\/p>\n","protected":false},"excerpt":{"rendered":"<p>Y\u00eau c\u1ea7u l\u1eafp \u0111\u1eb7t<br \/>\nChi\u1ec1u r\u1ed9ng tr\u1ee5 treo ph\u1ea3i b\u1eb1ng ho\u1eb7c l\u1edbn h\u01a1n 450 mm<br \/>\n\u0110\u1ed9 s\u00e2u tr\u1ee5 l\u1eafp ph\u1ea3i b\u1eb1ng ho\u1eb7c l\u1edbn h\u01a1n 125 mm<br \/>\nChi\u1ec1u cao tr\u1ee5 l\u1eafp ph\u1ea3i b\u1eb1ng ho\u1eb7c l\u1edbn h\u01a1n 41 mm<\/p>\n","protected":false},"featured_media":7870,"template":"","meta":[],"product_brand":[],"product_cat":[191],"product_tag":[354,44,353,23],"class_list":{"0":"post-2379","1":"product","2":"type-product","3":"status-publish","4":"has-post-thumbnail","6":"product_cat-linh-kien","7":"product_tag-cable-management","8":"product_tag-phu-kien-synology","9":"product_tag-rail-kit","10":"product_tag-synology","12":"first","13":"outofstock","14":"taxable","15":"shipping-taxable","16":"product-type-simple"},"_links":{"self":[{"href":"https:\/\/vietcorp.com\/store\/wp-json\/wp\/v2\/product\/2379","targetHints":{"allow":["GET"]}}],"collection":[{"href":"https:\/\/vietcorp.com\/store\/wp-json\/wp\/v2\/product"}],"about":[{"href":"https:\/\/vietcorp.com\/store\/wp-json\/wp\/v2\/types\/product"}],"wp:featuredmedia":[{"embeddable":true,"href":"https:\/\/vietcorp.com\/store\/wp-json\/wp\/v2\/media\/7870"}],"wp:attachment":[{"href":"https:\/\/vietcorp.com\/store\/wp-json\/wp\/v2\/media?parent=2379"}],"wp:term":[{"taxonomy":"product_brand","embeddable":true,"href":"https:\/\/vietcorp.com\/store\/wp-json\/wp\/v2\/product_brand?post=2379"},{"taxonomy":"product_cat","embeddable":true,"href":"https:\/\/vietcorp.com\/store\/wp-json\/wp\/v2\/product_cat?post=2379"},{"taxonomy":"product_tag","embeddable":true,"href":"https:\/\/vietcorp.com\/store\/wp-json\/wp\/v2\/product_tag?post=2379"}],"curies":[{"name":"wp","href":"https:\/\/api.w.org\/{rel}","templated":true}]}}