


{"id":236,"date":"2020-11-03T10:38:31","date_gmt":"2020-11-03T03:38:31","guid":{"rendered":"https:\/\/www.vietcorp.com\/store\/product\/synology-rs4017xs\/"},"modified":"2024-05-09T15:15:11","modified_gmt":"2024-05-09T08:15:11","slug":"thiet-bi-luu-tru-nas-synology-rs4017xs","status":"publish","type":"product","link":"https:\/\/vietcorp.com\/store\/236\/thiet-bi-luu-tru-nas-synology-rs4017xs\/","title":{"rendered":"Thi\u1ebft b\u1ecb l\u01b0u tr\u1eef NAS Synology RS4017xs+"},"content":{"rendered":"<section class=\"wpb-content-wrapper\"><p>[vc_row][vc_column][vc_column_text]<\/p>\n<h4 style=\"color: red;\">S\u1ea3n ph\u1ea9m ng\u1eebng kinh doanh<\/h4>\n<h3>S\u1ea3n ph\u1ea9m thay th\u1ebf:<\/h3>\n<p>[\/vc_column_text]<div class=\"woocommerce \">\r\n<ul class=\"products products-container grid pcols-lg-4 pcols-md-3 pcols-xs-2 pcols-ls-1 pwidth-lg-4 pwidth-md-3 pwidth-xs-2 pwidth-ls-1 is-shortcode\"\r\r\n\t data-product_layout=\"product-default\">\r\r\n\r\n\r\r\n<li class=\"product-col product-default product type-product post-1618 status-publish first instock product_cat-nas product_cat-xs-series product_tag-nas-16-bay product_tag-nas-rs4021xs product_tag-nas-synology product_tag-rackstation product_tag-rs4021xs product_tag-synology product_tag-synology-rs4021xs has-post-thumbnail taxable shipping-taxable product-type-simple\">\r\r\n<div class=\"product-inner\">\r\r\n\t\r\n\r\r\n\t<div class=\"product-image\">\r\r\n\r\r\n\t\t<a  href=\"https:\/\/vietcorp.com\/store\/1618\/thiet-bi-luu-tru-nas-synology-rs4021xs\/\" aria-label=\"product\">\r\r\n\t\t\t<div class=\"inner img-effect\"><img decoding=\"async\" width=\"600\" height=\"600\" src=\"https:\/\/vietcorp.com\/store\/wp-content\/uploads\/2021\/02\/thiet-bi-luu-tru-nas-synology-rs4021xs2.png\" class=\"attachment-woocommerce_thumbnail size-woocommerce_thumbnail\" alt=\"Synology RS4021xs+\" srcset=\"https:\/\/vietcorp.com\/store\/wp-content\/uploads\/2021\/02\/thiet-bi-luu-tru-nas-synology-rs4021xs2.png 600w, https:\/\/vietcorp.com\/store\/wp-content\/uploads\/2021\/02\/thiet-bi-luu-tru-nas-synology-rs4021xs2-400x400.png 400w, https:\/\/vietcorp.com\/store\/wp-content\/uploads\/2021\/02\/thiet-bi-luu-tru-nas-synology-rs4021xs2-560x560.png 560w, https:\/\/vietcorp.com\/store\/wp-content\/uploads\/2021\/02\/thiet-bi-luu-tru-nas-synology-rs4021xs2-367x367.png 367w\" sizes=\"(max-width: 600px) 100vw, 600px\" \/><img decoding=\"async\" width=\"600\" height=\"600\" src=\"https:\/\/vietcorp.com\/store\/wp-content\/uploads\/2021\/02\/thiet-bi-luu-tru-nas-synology-rs4021xs3.png\" class=\"hover-image\" alt=\"\" srcset=\"https:\/\/vietcorp.com\/store\/wp-content\/uploads\/2021\/02\/thiet-bi-luu-tru-nas-synology-rs4021xs3.png 600w, https:\/\/vietcorp.com\/store\/wp-content\/uploads\/2021\/02\/thiet-bi-luu-tru-nas-synology-rs4021xs3-400x400.png 400w, https:\/\/vietcorp.com\/store\/wp-content\/uploads\/2021\/02\/thiet-bi-luu-tru-nas-synology-rs4021xs3-560x560.png 560w, https:\/\/vietcorp.com\/store\/wp-content\/uploads\/2021\/02\/thiet-bi-luu-tru-nas-synology-rs4021xs3-367x367.png 367w\" sizes=\"(max-width: 600px) 100vw, 600px\" \/><\/div>\r\n\t\t<\/a>\r\r\n\t\r\n\t\r\n\t<\/div>\r\r\n\r\r\n\t<div class=\"product-content\">\r\r\n\t\t<span class=\"category-list\"><a href=\"https:\/\/vietcorp.com\/store\/product-category\/nas\/\" rel=\"tag\">NAS<\/a>, <a href=\"https:\/\/vietcorp.com\/store\/product-category\/nas\/xs-series\/\" rel=\"tag\">XS Series<\/a><\/span>\r\n\r\r\n\t\t\r\n\t<a class=\"product-loop-title\"  href=\"https:\/\/vietcorp.com\/store\/1618\/thiet-bi-luu-tru-nas-synology-rs4021xs\/\">\r\r\n\t<h3 class=\"woocommerce-loop-product__title\">Synology RS4021xs+<\/h3>\r\n\t<\/a>\r\r\n\t\r\n\r\r\n\t\t\r\n\t<div class=\"description\">\r\r\n\t\t\r\n\t\t<p class=\"post-excerpt\">Thi\u1ebft b\u1ecb l\u01b0u tr\u1eef NAS Synology RS4021xs+<br \/>\nNAS 16 khay \u1ed5 \u0111\u0129a max 40 \u1ed5 \u0111\u0129a<br \/>\n16 GB DDR4 ECC up to 64 GB<br \/>\n2 RJ-45 10GbE, 4 RJ-45 1GbE<br \/>\nB\u1ea3o h\u00e0nh 60 th\u00e1ng<\/p>\n\r\n\t<\/div>\r\r\n\t\n\t<span class=\"price\">Li\u00ean h\u1ec7<\/span>\n\r\n\r\r\n\t\t\r\n<div class=\"add-links-wrap\">\r\r\n\t<div class=\"add-links clearfix\">\r\r\n\t\t\r\n\t\r\n\t<span id=\"woocommerce_loop_add_to_cart_link_describedby_1618\" class=\"screen-reader-text\">\r\r\n\t\t\r\n\t<\/span>\r\r\n\t\r\n\t<div class=\"quickview\" data-id=\"1618\" title=\"Xem nhanh\">Xem nhanh<\/div>\r\n\t<\/div>\r\r\n\t\r\n<\/div>\r\r\n<a href=\"#\" class=\"button wcq_enquiry_cart_btn\" data-product_id=\"1618\">Y\u00eau c\u1ea7u b\u00e1o gi\u00e1<\/a><span class=\"gtm4wp_productdata\" style=\"display:none; visibility:hidden;\" data-gtm4wp_product_data=\"{&quot;internal_id&quot;:1618,&quot;item_id&quot;:1618,&quot;item_name&quot;:&quot;Synology RS4021xs+&quot;,&quot;sku&quot;:&quot;SYNOLOGY-RS4021XS+&quot;,&quot;price&quot;:0,&quot;stocklevel&quot;:1,&quot;stockstatus&quot;:&quot;instock&quot;,&quot;google_business_vertical&quot;:&quot;retail&quot;,&quot;item_category&quot;:&quot;XS Series&quot;,&quot;id&quot;:1618,&quot;productlink&quot;:&quot;https:\\\/\\\/vietcorp.com\\\/store\\\/1618\\\/thiet-bi-luu-tru-nas-synology-rs4021xs\\\/&quot;,&quot;item_list_name&quot;:&quot;General Product List&quot;,&quot;index&quot;:1,&quot;product_type&quot;:&quot;simple&quot;,&quot;item_brand&quot;:&quot;&quot;}\"><\/span>\r\n\t<\/div>\r\r\n<\/div>\r\r\n\r\r\n<\/li>\r\r\n\r\n<\/ul>\r\r\n<\/div>[\/vc_column][\/vc_row][vc_row][vc_column][vc_column_text]<strong>Thi\u1ebft b\u1ecb l\u01b0u tr\u1eef NAS Synology RS4017xs+<\/strong> cung c\u1ea5p gi\u1ea3i ph\u00e1p l\u01b0u tr\u1eef v\u1edbi hi\u1ec7u su\u1ea5t c\u1ef1c cao v\u1edbi ch\u1ebf \u0111\u1ed9 \u0111\u1ecdc ng\u1eabu nhi\u00ean h\u01a1n 240.079 IOPS v\u00e0 6.221 MB\/s \u0111\u1ecdc tu\u1ea7n t\u1ef1 <sup class=\"note\">1<\/sup>\u00a0.\u00a0H\u1ed7 tr\u1ee3 RAM DDR4 ECC UDIMM v\u00e0 card 10GbE \u0111\u1ea3m b\u1ea3o \u0111\u1ed9 ch\u00ednh x\u00e1c v\u00e0 hi\u1ec7u su\u1ea5t d\u1eef li\u1ec7u cho m\u00f4i tr\u01b0\u1eddng quan tr\u1ecdng.<\/p>\n<h2><span style=\"color: #0000ff;\"><strong><a href=\"https:\/\/www.vietcorp.com\/store\/236\/thiet-bi-luu-tru-nas-synology-rs4017xs\/\">Thi\u1ebft b\u1ecb l\u01b0u tr\u1eef NAS Synology RS4017xs+<\/a> cung c\u1ea5p ph\u1ea7n c\u1ee9ng m\u1ea1nh m\u1ebd<\/strong><\/span><\/h2>\n<ul>\n<li><strong>CPU b\u1ed9 x\u1eed l\u00fd<\/strong> : Intel<sup>\u00ae<\/sup>\u00a0Xeon<sup>\u00ae<\/sup>\u00a0D-1541 8-core processor<\/li>\n<li><strong>RAM b\u1ed9 nh\u1edb<\/strong> : 8 GB DDR4 ECC UDIMM, up to 64 GB<\/li>\n<li><strong>Network:<\/strong> Hai c\u1ed5ng m\u1ea1ng 10GBase-T, h\u1ed7 tr\u1ee3 add card NIC 10GbE<\/li>\n<li><b>Thi\u1ebft k\u1ebf: <\/b>Rackmount\u00a03U, 16 khay \u1ed5 SATA<\/li>\n<\/ul>\n<h2><strong><span style=\"color: #0000ff;\">NAS Synology RS4017xs+ kh\u1ea3 n\u0103ng m\u1edf r\u1ed9ng linh ho\u1ea1t<\/span><\/strong><\/h2>\n<p><a href=\"https:\/\/www.vietcorp.com\/store\/nas-synology\/\"><strong>Thi\u1ebft b\u1ecb l\u01b0u tr\u1eef NAS Synology<\/strong><\/a> cung c\u1ea5p dung l\u01b0\u1ee3ng l\u01b0u tr\u1eef l\u1edbn, c\u00f3 th\u1ec3 m\u1edf r\u1ed9ng v\u1edbi t\u1ed5ng chi ph\u00ed ph\u1ea3i ch\u0103ng. Thi\u1ebft k\u1ebf 3U ch\u1ee9a t\u1ed1i \u0111a 16 \u1ed5 \u0111\u0129a \u0111\u01b0\u1ee3c k\u1ebft n\u1ed1i v\u1edbi m\u1ed9t b\u1ed9 m\u1edf r\u1ed9ng Synology RX1217 ho\u1eb7c RX1217RP, cung c\u1ea5p t\u1ed5ng s\u1ed1 \u1ed5 \u0111\u0129a l\u00e0 40 bays m\u00e0 kh\u00f4ng l\u00e0m gi\u00e1n \u0111o\u1ea1n c\u00e1c d\u1ecbch v\u1ee5 m\u00e1y ch\u1ee7.<\/p>\n<p><img decoding=\"async\" class=\"alignnone size-full wp-image-1563\" src=\"https:\/\/vietcorp.com\/store\/wp-content\/uploads\/2020\/11\/vietcorp-phan-phoi-nas-synology-rs4017xs-redundancy_01.png\" alt=\"Thi\u1ebft b\u1ecb l\u01b0u tr\u1eef NAS Synology RS4017xs+ 1\" width=\"765\" height=\"500\" srcset=\"https:\/\/vietcorp.com\/store\/wp-content\/uploads\/2020\/11\/vietcorp-phan-phoi-nas-synology-rs4017xs-redundancy_01.png?v=1668219979 765w, https:\/\/vietcorp.com\/store\/wp-content\/uploads\/2020\/11\/vietcorp-phan-phoi-nas-synology-rs4017xs-redundancy_01-600x392.png?v=1668219979 600w, https:\/\/vietcorp.com\/store\/wp-content\/uploads\/2020\/11\/vietcorp-phan-phoi-nas-synology-rs4017xs-redundancy_01-640x418.png?v=1668219979 640w, https:\/\/vietcorp.com\/store\/wp-content\/uploads\/2020\/11\/vietcorp-phan-phoi-nas-synology-rs4017xs-redundancy_01-400x261.png?v=1668219979 400w, https:\/\/vietcorp.com\/store\/wp-content\/uploads\/2020\/11\/vietcorp-phan-phoi-nas-synology-rs4017xs-redundancy_01-367x240.png?v=1668219979 367w, https:\/\/vietcorp.com\/store\/wp-content\/uploads\/2020\/11\/vietcorp-phan-phoi-nas-synology-rs4017xs-redundancy_01-560x367.png?v=1668219979 560w\" sizes=\"(max-width: 765px) 100vw, 765px\" \/><\/p>\n<h2 style=\"text-align: center;\"><strong><span style=\"color: #0000ff;\">B\u1ea3o h\u00e0nh 5 n\u0103m<\/span><\/strong><\/h2>\n<table>\n<tbody>\n<tr>\n<td><img decoding=\"async\" class=\"alignnone wp-image-1288 size-full\" src=\"https:\/\/vietcorp.com\/store\/wp-content\/uploads\/2020\/11\/5year_warranty_02-1.png\" alt=\"Thi\u1ebft b\u1ecb l\u01b0u tr\u1eef NAS Synology RS4017xs+ 2\" width=\"199\" height=\"169\" \/><\/td>\n<td>Ch\u00fang t\u00f4i cam k\u1ebft v\u1ec1 ch\u1ea5t l\u01b0\u1ee3ng s\u1ea3n ph\u1ea9m, \u0111\u1ea3m b\u1ea3o tr\u1ea3i nghi\u1ec7m qu\u1ea3n l\u00fd d\u1eef li\u1ec7u m\u1ea1nh m\u1ebd v\u00e0 \u0111\u00e1ng tin c\u1eady v\u1edbi g\u00f3i b\u1ea3o h\u00e0nh 5 n\u0103m, cung c\u1ea5p d\u1ecbch v\u1ee5 h\u1ed7 tr\u1ee3 k\u1ef9 thu\u1eadt \u0111\u00e1p \u1ee9ng \u0111\u1ec3 t\u1ed1i \u0111a h\u00f3a l\u1ee3i t\u1ee9c \u0111\u1ea7u t\u01b0 c\u1ee7a b\u1ea1n.<\/td>\n<\/tr>\n<\/tbody>\n<\/table>\n<h2 style=\"text-align: center;\"><strong><span style=\"color: #0000ff;\"><span style=\"vertical-align: inherit;\">\u0110\u1ea7y \u0111\u1ee7 gi\u1ea3i ph\u00e1p ch\u1ee9ng nh\u1eadn \u1ea3o h\u00f3a<\/span><\/span><\/strong><\/h2>\n<p><span style=\"vertical-align: inherit;\">Synology gi\u1ea3i ph\u00e1p l\u01b0u tr\u1eef iSCSI archive. Vi\u1ec7c t\u00edch h\u1ee3p VMware vSphere 6 v\u00e0 VAAI c\u00f3 th\u1ec3 gi\u1ea3m t\u1ea3i ho\u1ea1t \u0111\u1ed9ng l\u01b0u tr\u1eef c\u00f4ng c\u1ee5 c\u00f3 th\u1ec3 v\u00e0 t\u1ed1i \u01b0u h\u00f3a hi\u1ec7u su\u1ea5t m\u00e1y t\u00ednh. Windows Offloaded Data Transfer (ODX) c\u1ea3i thi\u1ec7n hi\u1ec7u qu\u1ea3 x\u1ee9ng \u0111\u00e1ng c\u1ee7a c\u00f4ng vi\u1ec7c v\u00e0 truy\u1ec1n d\u1eef li\u1ec7u. H\u1ed7 tr\u1ee3 OpenStack Cinder c\u0169ng c\u00f3 th\u1ec3 \u0111\u1ecbnh c\u1ea5u h\u00ecnh c\u1ee7a b\u1ea1n NAS Synology nh\u01b0 m\u1ed9t thi\u1ebft b\u1ecb l\u01b0u tr\u1eef ph\u00e2n \u0111o\u1ea1n kh\u1ed1i.<\/span><img decoding=\"async\" class=\"aligncenter wp-image-3826 size-full\" src=\"https:\/\/vietcorp.com\/blog\/wp-content\/uploads\/2020\/12\/vmware.jpg\" alt=\"Thi\u1ebft b\u1ecb l\u01b0u tr\u1eef NAS Synology RS4017xs+ 3\" width=\"768\" height=\"291\" \/><\/p>\n<h2 style=\"text-align: center;\"><span style=\"color: #0000ff;\"><strong>C\u00f4ng ngh\u1ec7 l\u01b0u tr\u1eef ti\u00ean ti\u1ebfn<\/strong><\/span><\/h2>\n<p>H\u1ec7 th\u1ed1ng t\u1ec7p Btrfs gi\u1edbi thi\u1ec7u c\u00e1c c\u00f4ng ngh\u1ec7 l\u01b0u tr\u1eef ti\u00ean ti\u1ebfn v\u00e0 \u1ea3nh ch\u1ee5p nhanh \u0111\u01b0\u1ee3c t\u1ed1i \u01b0u h\u00f3a \u0111\u1ec3 ng\u0103n ng\u1eeba l\u1ed7i d\u1eef li\u1ec7u v\u00e0 gi\u1ea3m chi ph\u00ed b\u1ea3o tr\u00ec.\u00a0Trong khi \u0111\u1ea3m b\u1ea3o t\u00ednh to\u00e0n v\u1eb9n c\u1ee7a d\u1eef li\u1ec7u c\u1ea5p cao, n\u00f3 c\u0169ng cung c\u1ea5p c\u00e1c c\u00f4ng c\u1ee5 ph\u1ee5c h\u1ed3i v\u00e0 b\u1ea3o v\u1ec7 d\u1eef li\u1ec7u linh ho\u1ea1t, hi\u1ec7u qu\u1ea3.<\/p>\n<p><img decoding=\"async\" class=\"aligncenter wp-image-3950 size-full\" src=\"https:\/\/vietcorp.com\/blog\/wp-content\/uploads\/2020\/12\/Btrfs_04_black.gif\" alt=\"C\u00f4ng ngh\u1ec7 RAID ti\u00ean ti\u1ebfn tr\u00ean Thi\u1ebft b\u1ecb l\u01b0u tr\u1eef NAS Synology RS4017xs+\" width=\"597\" height=\"122\" \/><\/p>\n<h2><span id=\"Be_ngoai_cua_DS1520\" style=\"color: #0000ff;\"><strong>B\u1ec1 ngo\u00e0i c\u1ee7a Nas Synology RS4017xs+<\/strong><\/span><\/h2>\n<p>&nbsp;<\/p>\n<table>\n<tbody>\n<tr>\n<td style=\"text-align: left;\"><strong>M\u1eb7t tr\u01b0\u1edbc Nas Synology RS4017xs+<\/strong><\/td>\n<td style=\"text-align: left;\"><strong>M\u1eb7t sau Nas Synology RS4017xs+<\/strong><\/td>\n<\/tr>\n<tr>\n<td><img decoding=\"async\" class=\"alignnone size-full wp-image-1567\" src=\"https:\/\/vietcorp.com\/store\/wp-content\/uploads\/2020\/11\/vietcorp-phan-phoi-nas-synology-rs4017xs-backpanel_01.png\" alt=\"Thi\u1ebft b\u1ecb l\u01b0u tr\u1eef NAS Synology RS4017xs+ 6\" width=\"557\" height=\"257\" srcset=\"https:\/\/vietcorp.com\/store\/wp-content\/uploads\/2020\/11\/vietcorp-phan-phoi-nas-synology-rs4017xs-backpanel_01.png?v=1668219971 557w, https:\/\/vietcorp.com\/store\/wp-content\/uploads\/2020\/11\/vietcorp-phan-phoi-nas-synology-rs4017xs-backpanel_01-400x185.png?v=1668219971 400w, https:\/\/vietcorp.com\/store\/wp-content\/uploads\/2020\/11\/vietcorp-phan-phoi-nas-synology-rs4017xs-backpanel_01-367x169.png?v=1668219971 367w\" sizes=\"(max-width: 557px) 100vw, 557px\" \/><\/td>\n<td><img decoding=\"async\" class=\"alignnone size-full wp-image-1564\" src=\"https:\/\/vietcorp.com\/store\/wp-content\/uploads\/2020\/11\/vietcorp-phan-phoi-nas-synology-rs4017xs-backpanel_02.png\" alt=\"Thi\u1ebft b\u1ecb l\u01b0u tr\u1eef NAS Synology RS4017xs+ 7\" width=\"509\" height=\"257\" srcset=\"https:\/\/vietcorp.com\/store\/wp-content\/uploads\/2020\/11\/vietcorp-phan-phoi-nas-synology-rs4017xs-backpanel_02.png?v=1668219975 509w, https:\/\/vietcorp.com\/store\/wp-content\/uploads\/2020\/11\/vietcorp-phan-phoi-nas-synology-rs4017xs-backpanel_02-400x202.png?v=1668219975 400w, https:\/\/vietcorp.com\/store\/wp-content\/uploads\/2020\/11\/vietcorp-phan-phoi-nas-synology-rs4017xs-backpanel_02-367x185.png?v=1668219975 367w\" sizes=\"(max-width: 509px) 100vw, 509px\" \/><\/td>\n<\/tr>\n<tr>\n<td>1. N\u00fat ngu\u1ed3n v\u00e0 \u0111\u00e8n b\u00e1o<\/td>\n<td>8. Console port<\/td>\n<\/tr>\n<tr>\n<td>2. N\u00fat t\u1eaft ti\u1ebfng b\u00edp<\/td>\n<td>9. Network 1GbE RJ-45<\/td>\n<\/tr>\n<tr>\n<td>3. \u0110\u00e8n b\u00e1o tr\u1ea1ng th\u00e1i \u1ed5 \u0111\u0129a<\/td>\n<td>10. Network 10GbE RJ-45<\/td>\n<\/tr>\n<tr>\n<td>4. Khay \u1ed5 \u0111\u0129a<\/td>\n<td>11. C\u1ed5ng USB 3.0<\/td>\n<\/tr>\n<tr>\n<td>5. Qu\u1ea1t ngu\u1ed3n<\/td>\n<td>12. C\u1ed5ng m\u1edf r\u1ed9ng<\/td>\n<\/tr>\n<tr>\n<td>6. Ngu\u1ed3n \u0111i\u1ec7n<\/td>\n<td>13. Khe c\u1eafm PCIe 3.0<\/td>\n<\/tr>\n<tr>\n<td>7. \u0110\u00e8n b\u00e1o ngu\u1ed3n<\/td>\n<td>14. N\u00fat reset<\/td>\n<\/tr>\n<\/tbody>\n<\/table>\n<p>Xem th\u00eam th\u00f4ng tin h\u1ed7 tr\u1ee3 cho <strong>thi\u1ebft b\u1ecb l\u01b0u tr\u1eef NAS Synology RS4017xs+<\/strong><\/p>\n<ul>\n<li><a href=\"https:\/\/www.vietcorp.com\/vn\/2819\/chung-nhan-vietcorp-doi-tac-cua-synology\/\">Ch\u1ee9ng nh\u1eadn Synology<\/a><\/li>\n<li><a href=\"https:\/\/vietcorp.com\/support\/synology\/\">Support Synology<\/a><\/li>\n<li><a href=\"https:\/\/www.vietcorp.com\/blog\/tag\/showcase-synology\/\">Showcase Synology<\/a><\/li>\n<\/ul>\n<p>[\/vc_column_text][\/vc_column][\/vc_row]<\/p>\n<\/section>","protected":false},"excerpt":{"rendered":"<h4 style=\"color: red;\"><strong>S\u1ea2N PH\u1ea8M NG\u1eeaNG KINH DOANH<\/strong><\/h4>\n<p><a href=\"https:\/\/www.vietcorp.com\/blog\/danh-sach-san-pham-synology-ngung-kinh-doanh-14724.html\/\">(Danh s\u00e1ch s\u1ea3n ph\u1ea9m Synology ng\u1eebng kinh doanh)<\/a><\/p>\n<p>RS4017xs+ 16 bays<br \/>\n8-core 2.1 GHz CPU<br \/>\nExpandable memory up to 64 GB<br \/>\n2 x 10GBASE-T ports<br \/>\n2 x PCIe 3.0 x8<\/p>\n","protected":false},"featured_media":1923,"template":"","meta":[],"product_brand":[],"product_cat":[337],"product_tag":[],"class_list":{"0":"post-236","1":"product","2":"type-product","3":"status-publish","4":"has-post-thumbnail","6":"product_cat-san-pham-ngung-kinh-doanh","7":"pa_bao-hanh-60-thang","8":"pa_bo-nho-ram-8-gb","9":"pa_bo-nho-ram-mo-rong-den-64-gb","10":"pa_bo-vxl-cpu-intel-xeon","11":"pa_chung-loai-nas","12":"pa_cong-giao-tiep-2-x-expansion-port","13":"pa_cong-giao-tiep-2-x-rj-45-10gbe","14":"pa_cong-giao-tiep-2-x-usb-3-0","15":"pa_cong-giao-tiep-4-x-rj-45-1gbe","16":"pa_drive-bays-16-bays","17":"pa_dung-luong-chua-co-o-cung","18":"pa_form-factor-3u-rackmount","19":"pa_muc-dich-su-dung-danh-cho-doanh-nghiep-lon","20":"pa_tinh-nang-phan-cung-64-bit-architecture","21":"pa_tinh-nang-phan-cung-encryption-engine-aes-ni","22":"pa_tinh-nang-phan-cung-expandable-storage-capacity","23":"pa_tinh-nang-phan-cung-hot-swappable-drives","24":"pa_tinh-nang-phan-cung-upgradeable-ram","25":"pa_tinh-nang-phan-mem-active-backup-for-business","26":"pa_tinh-nang-phan-mem-btrfs-file-system","27":"pa_tinh-nang-phan-mem-mailplus","28":"pa_tinh-nang-phan-mem-raid-f1","29":"pa_tinh-nang-phan-mem-snapshot-replication","30":"pa_tinh-nang-phan-mem-synology-high-availability","31":"pa_tinh-nang-phan-mem-virtual-machine-manager","33":"first","34":"outofstock","35":"taxable","36":"shipping-taxable","37":"product-type-simple"},"_links":{"self":[{"href":"https:\/\/vietcorp.com\/store\/wp-json\/wp\/v2\/product\/236","targetHints":{"allow":["GET"]}}],"collection":[{"href":"https:\/\/vietcorp.com\/store\/wp-json\/wp\/v2\/product"}],"about":[{"href":"https:\/\/vietcorp.com\/store\/wp-json\/wp\/v2\/types\/product"}],"wp:featuredmedia":[{"embeddable":true,"href":"https:\/\/vietcorp.com\/store\/wp-json\/wp\/v2\/media\/1923"}],"wp:attachment":[{"href":"https:\/\/vietcorp.com\/store\/wp-json\/wp\/v2\/media?parent=236"}],"wp:term":[{"taxonomy":"product_brand","embeddable":true,"href":"https:\/\/vietcorp.com\/store\/wp-json\/wp\/v2\/product_brand?post=236"},{"taxonomy":"product_cat","embeddable":true,"href":"https:\/\/vietcorp.com\/store\/wp-json\/wp\/v2\/product_cat?post=236"},{"taxonomy":"product_tag","embeddable":true,"href":"https:\/\/vietcorp.com\/store\/wp-json\/wp\/v2\/product_tag?post=236"}],"curies":[{"name":"wp","href":"https:\/\/api.w.org\/{rel}","templated":true}]}}