


{"id":2351,"date":"2022-10-11T11:09:34","date_gmt":"2022-10-11T04:09:34","guid":{"rendered":"https:\/\/www.vietcorp.com\/store\/?post_type=product&#038;p=2351"},"modified":"2025-12-11T13:36:39","modified_gmt":"2025-12-11T06:36:39","slug":"o-cung-ssd-nvme-synology-snv3510-400g","status":"publish","type":"product","link":"https:\/\/vietcorp.com\/store\/2351\/o-cung-ssd-nvme-synology-snv3510-400g\/","title":{"rendered":"Synology SNV3510-400G"},"content":{"rendered":"<p><a href=\"https:\/\/www.vietcorp.com\/store\/2351\/o-cung-ssd-nvme-synology-snv3510-400g\/\"><strong>\u1ed4 c\u1ee9ng SSD NVME Synology SNV3510-400G<\/strong><\/a> \u0111\u01b0\u1ee3c thi\u1ebft k\u1ebf \u0111\u1ec3 x\u1eed l\u00fd kh\u1ed1i l\u01b0\u1ee3ng c\u00f4ng vi\u1ec7c n\u1eb7ng trong b\u1ed9 nh\u1edb \u0111\u1ec7m trong m\u00f4i tr\u01b0\u1eddng nhi\u1ec1u ng\u01b0\u1eddi d\u00f9ng li\u00ean t\u1ee5c 24\/7. Hi\u1ec7u su\u1ea5t I \/ O b\u1ec1n b\u1ec9 c\u1ee7a n\u00f3 gi\u00fap t\u0103ng kh\u1ea3 n\u0103ng ph\u1ea3n h\u1ed3i c\u1ee7a h\u1ec7 th\u1ed1ng v\u00e0 t\u0103ng t\u1ed1c \u0111\u1ed9 x\u1eed l\u00fd d\u1eef li\u1ec7u truy c\u1eadp th\u01b0\u1eddng xuy\u00ean, mang l\u1ea1i tr\u1ea3i nghi\u1ec7m l\u01b0u tr\u1eef h\u1ee3p l\u00fd \u0111\u1ed3ng th\u1eddi gi\u1ea3m thi\u1ec3u gi\u00e1n \u0111o\u1ea1n d\u1ecbch v\u1ee5 cho <a href=\"https:\/\/www.vietcorp.com\/store\/nas-synology\/\"><strong>NAS Synology<\/strong><\/a> c\u1ee7a b\u1ea1n.<\/p>\n<h3><strong>C\u1ea5u h\u00ecnh <a href=\"https:\/\/www.vietcorp.com\/store\/product-tag\/o-cung-ssd\/\">\u1ed4 c\u1ee9ng SSD<\/a> NVME Synology SNV3510-400G<\/strong><\/h3>\n<ul>\n<li>M\u00e3 s\u1ea3n ph\u1ea9m: Synology SNV3510-400G<\/li>\n<li>Dung l\u01b0\u1ee3ng: 400 GB<\/li>\n<li>Ki\u1ec3u \u1ed5 c\u1ee9ng: NVMe\u00a0M.2 22110<\/li>\n<li>Read (128 KB, QD32): 3,000 MB\/s<\/li>\n<li>Write (128 KB, QD32): 750 MB\/s<\/li>\n<li>Terabytes Written (TBW)*: 491 TB<\/li>\n<li>Mean Time Between Failures (MTBF): 1.8 million hours<\/li>\n<li>B\u1ea3o h\u00e0nh 5 n\u0103m<\/li>\n<\/ul>\n<p><em>Hi\u1ec7u su\u1ea5t<\/em><br \/>\nL\u00ean \u0111\u1ebfn 70.000 IOPS ghi ng\u1eabu nhi\u00ean 4K<\/p>\n<p><em>S\u1ee9c b\u1ec1n<\/em><br \/>\n988 TBW cho kh\u1ed1i l\u01b0\u1ee3ng c\u00f4ng vi\u1ec7c doanh nghi\u1ec7p 24\/7<\/p>\n<p><em>Ph\u00e2n t\u00edch<\/em><br \/>\nTh\u00f4ng tin chi ti\u1ebft h\u1eefu \u00edch \u0111\u1ec3 c\u00f3 hi\u1ec7u su\u1ea5t t\u1ed1i \u01b0u v\u00e0 tu\u1ed5i th\u1ecd<\/p>\n<p><em>C\u1eadp nh\u1eadt<\/em><br \/>\nC\u1eadp nh\u1eadt ch\u01b0\u01a1ng tr\u00ecnh c\u01a1 s\u1edf t\u1ef1 \u0111\u1ed9ng v\u1edbi DSM<\/p>\n<h3><strong>B\u1ed9 nh\u1edb \u0111\u1ec7m nhanh nh\u1ea5t cho m\u00f4i tr\u01b0\u1eddng l\u00e0m vi\u1ec7c 24\/7<\/strong><\/h3>\n<p>\u0110\u01b0\u1ee3c x\u00e2y d\u1ef1ng cho b\u1ed9 nh\u1edb \u0111\u1ec7m h\u1ec7 th\u1ed1ng, d\u00f2ng Synology SNV3510-400G n\u00e2ng cao hi\u1ec7u su\u1ea5t I \/ O ng\u1eabu nhi\u00ean v\u00e0 gi\u1ea3m \u0111\u1ed9 tr\u1ec5 trong m\u00f4i tr\u01b0\u1eddng \u0111\u00f2i h\u1ecfi 24\/7. N\u00f3 cung c\u1ea5p b\u1ed9 nh\u1edb \u0111\u1ec7m b\u1ec1n b\u1ec9 v\u1edbi h\u01a1n 375.000 \/ 70.000 IOPS \u0111\u1ecdc \/ ghi ng\u1eabu nhi\u00ean 4K v\u00e0 x\u1ebfp h\u1ea1ng \u0111\u1ed9 b\u1ec1n 988 TBW , th\u00edch h\u1ee3p cho c\u00e1c \u1ee9ng d\u1ee5ng c\u01a1 s\u1edf d\u1eef li\u1ec7u v\u00e0 h\u1eadu k\u1ef3 \u0111a ph\u01b0\u01a1ng ti\u1ec7n.<\/p>\n<h3><strong>C\u00e1c bi\u1ec7n ph\u00e1p b\u1ea3o v\u1ec7 to\u00e0n v\u1eb9n d\u1eef li\u1ec7u<\/strong><\/h3>\n<p>D\u00f2ng Synology SNV3510-400G t\u00edch h\u1ee3p t\u00ednh n\u0103ng b\u1ea3o v\u1ec7 d\u1eef li\u1ec7u \u0111\u1ea7u cu\u1ed1i \u0111\u1ec3 b\u1ea3o v\u1ec7 t\u00ednh to\u00e0n v\u1eb9n c\u1ee7a d\u1eef li\u1ec7u tr\u00ean to\u00e0n b\u1ed9 \u0111\u01b0\u1eddng truy\u1ec1n.<\/p>\n<figure id=\"attachment_2348\" aria-describedby=\"caption-attachment-2348\" style=\"width: 600px\" class=\"wp-caption aligncenter\"><img decoding=\"async\" class=\"size-full wp-image-2348\" src=\"https:\/\/www.vietcorp.com\/store\/wp-content\/uploads\/2022\/10\/o-cung-ssd-nvme-snv3410-400g-4.jpg\" alt=\"\u1ed4 c\u1ee9ng SSD NVME Synology SNV3510-400G 1\" width=\"600\" height=\"311\" srcset=\"https:\/\/vietcorp.com\/store\/wp-content\/uploads\/2022\/10\/o-cung-ssd-nvme-snv3410-400g-4.jpg?v=1668219198 600w, https:\/\/vietcorp.com\/store\/wp-content\/uploads\/2022\/10\/o-cung-ssd-nvme-snv3410-400g-4-400x207.jpg?v=1668219198 400w, https:\/\/vietcorp.com\/store\/wp-content\/uploads\/2022\/10\/o-cung-ssd-nvme-snv3410-400g-4-367x190.jpg?v=1668219198 367w\" sizes=\"(max-width: 600px) 100vw, 600px\" \/><figcaption id=\"caption-attachment-2348\" class=\"wp-caption-text\">C\u00e1c bi\u1ec7n ph\u00e1p b\u1ea3o v\u1ec7 to\u00e0n v\u1eb9n d\u1eef li\u1ec7u<\/figcaption><\/figure>\n<h3><strong>Ph\u00e2n t\u00edch d\u1ef1a tr\u00ean kh\u1ed1i l\u01b0\u1ee3ng c\u00f4ng vi\u1ec7c th\u1ef1c t\u1ebf<\/strong><\/h3>\n<p>T\u00edch h\u1ee3p \u0111\u1ea7y \u0111\u1ee7 v\u1edbi Tr\u00ecnh qu\u1ea3n l\u00fd DiskStation c\u1ee7a Synology (DSM) cho ph\u00e9p ph\u00e2n t\u00edch cho t\u1eebng \u0111\u01a1n v\u1ecb d\u00f2ng SNV3000 d\u1ef1a tr\u00ean kh\u1ed1i l\u01b0\u1ee3ng c\u00f4ng vi\u1ec7c th\u1ef1c t\u1ebf :<\/p>\n<p><em>Th\u00f4ng b\u00e1o k\u1ecbp th\u1eddi<\/em><\/p>\n<p>L\u1eadp k\u1ebf ho\u1ea1ch tr\u01b0\u1edbc \u0111\u1ec3 c\u00f3 hi\u1ec7u su\u1ea5t v\u00e0 tu\u1ed5i th\u1ecd h\u1ec7 th\u1ed1ng kh\u00f4ng b\u1ecb gi\u00e1n \u0111o\u1ea1n v\u1edbi c\u00e1c th\u00f4ng b\u00e1o k\u1ecbp th\u1eddi.<\/p>\n<p><em>S\u1eed d\u1ee5ng t\u1ed1i \u01b0u<\/em><\/p>\n<p>Gi\u00e1m s\u00e1t d\u1ec5 d\u00e0ng cho ph\u00e9p b\u1ea1n s\u1eed d\u1ee5ng t\u1ed1i \u01b0u t\u1eebng \u1ed5 SSD. T\u00ecm hi\u1ec3u th\u00eam v\u1ec1 <a href=\"https:\/\/www.vietcorp.com\/store\/cong-nghe-luu-tru-cua-synology\/\">c\u00f4ng ngh\u1ec7 l\u01b0u tr\u1eef Synology<\/a><\/p>\n<figure id=\"attachment_2349\" aria-describedby=\"caption-attachment-2349\" style=\"width: 600px\" class=\"wp-caption aligncenter\"><img decoding=\"async\" class=\"size-full wp-image-2349\" src=\"https:\/\/www.vietcorp.com\/store\/wp-content\/uploads\/2022\/10\/o-cung-ssd-nvme-snv3410-400g-5.jpg\" alt=\"\u1ed4 c\u1ee9ng SSD NVME Synology SNV3510-400G 2\" width=\"600\" height=\"365\" srcset=\"https:\/\/vietcorp.com\/store\/wp-content\/uploads\/2022\/10\/o-cung-ssd-nvme-snv3410-400g-5.jpg?v=1668219196 600w, https:\/\/vietcorp.com\/store\/wp-content\/uploads\/2022\/10\/o-cung-ssd-nvme-snv3410-400g-5-400x243.jpg?v=1668219196 400w, https:\/\/vietcorp.com\/store\/wp-content\/uploads\/2022\/10\/o-cung-ssd-nvme-snv3410-400g-5-367x223.jpg?v=1668219196 367w\" sizes=\"(max-width: 600px) 100vw, 600px\" \/><figcaption id=\"caption-attachment-2349\" class=\"wp-caption-text\">\u1ed4 c\u1ee9ng SSD NVME Synology SNV3510-400G<\/figcaption><\/figure>\n<p><strong>B\u1ea3o h\u00e0nh 5 n\u0103m<\/strong><\/p>\n<p>Synology cam k\u1ebft b\u1ea3o h\u00e0nh 5 n\u0103m v\u1edbi \u1ed5 c\u1ee9ng Synology SNV3510-400G<\/p>\n<p>T\u00ecm hi\u1ec3u th\u00eam v\u1ec1 Synology:<\/p>\n<ul>\n<li><a href=\"https:\/\/www.vietcorp.com\/vn\/chung-nhan\/\">Ch\u1ee9ng nh\u1eadn Synology<\/a><\/li>\n<li><a href=\"https:\/\/vietcorp.com\/support\/synology\/\">Support Synology<\/a><\/li>\n<li><a href=\"https:\/\/www.vietcorp.com\/blog\/tag\/showcase-synology\/\">Showcase Synology<\/a><\/li>\n<\/ul>\n","protected":false},"excerpt":{"rendered":"<p>M\u00e3 s\u1ea3n ph\u1ea9m: Synology SNV3510-400G<br \/>\nDung l\u01b0\u1ee3ng: 400 GB<br \/>\nKi\u1ec3u \u1ed5 c\u1ee9ng: NVMe\u00a0M.2 22110<br \/>\nRead (128 KB, QD32): 3,000 MB\/s<br \/>\nWrite (128 KB, QD32): 750 MB\/s<br \/>\n(TBW)*: 491 TB<br \/>\n(MTBF): 1.8 million hours<br \/>\nB\u1ea3o h\u00e0nh 5 n\u0103m<\/p>\n","protected":false},"featured_media":7314,"template":"","meta":[],"product_brand":[],"product_cat":[86],"product_tag":[65,63,61,91,350],"class_list":{"0":"post-2351","1":"product","2":"type-product","3":"status-publish","4":"has-post-thumbnail","6":"product_cat-o-cung","7":"product_tag-m2-nvme-ssd","8":"product_tag-o-cung","9":"product_tag-o-cung-nas","10":"product_tag-o-cung-ssd","11":"product_tag-o-cung-synology","13":"first","14":"instock","15":"taxable","16":"shipping-taxable","17":"product-type-simple"},"_links":{"self":[{"href":"https:\/\/vietcorp.com\/store\/wp-json\/wp\/v2\/product\/2351","targetHints":{"allow":["GET"]}}],"collection":[{"href":"https:\/\/vietcorp.com\/store\/wp-json\/wp\/v2\/product"}],"about":[{"href":"https:\/\/vietcorp.com\/store\/wp-json\/wp\/v2\/types\/product"}],"wp:featuredmedia":[{"embeddable":true,"href":"https:\/\/vietcorp.com\/store\/wp-json\/wp\/v2\/media\/7314"}],"wp:attachment":[{"href":"https:\/\/vietcorp.com\/store\/wp-json\/wp\/v2\/media?parent=2351"}],"wp:term":[{"taxonomy":"product_brand","embeddable":true,"href":"https:\/\/vietcorp.com\/store\/wp-json\/wp\/v2\/product_brand?post=2351"},{"taxonomy":"product_cat","embeddable":true,"href":"https:\/\/vietcorp.com\/store\/wp-json\/wp\/v2\/product_cat?post=2351"},{"taxonomy":"product_tag","embeddable":true,"href":"https:\/\/vietcorp.com\/store\/wp-json\/wp\/v2\/product_tag?post=2351"}],"curies":[{"name":"wp","href":"https:\/\/api.w.org\/{rel}","templated":true}]}}