


{"id":2334,"date":"2022-10-08T08:49:30","date_gmt":"2022-10-08T01:49:30","guid":{"rendered":"https:\/\/www.vietcorp.com\/store\/?post_type=product&#038;p=2334"},"modified":"2025-12-11T11:47:53","modified_gmt":"2025-12-11T04:47:53","slug":"o-cung-ssd-synology-sat5210-960g","status":"publish","type":"product","link":"https:\/\/vietcorp.com\/store\/2334\/o-cung-ssd-synology-sat5210-960g\/","title":{"rendered":"Synology SAT5210-960G"},"content":{"rendered":"<p><a href=\"https:\/\/www.vietcorp.com\/store\/2334\/o-cung-ssd-synology-sat5210-960g\/\"><strong>\u1ed4 c\u1ee9ng SSD Synology SAT5210-960G<\/strong><\/a> \u1ed5 c\u1ee9ng SSD c\u1ea5p \u0111\u1ed9 doanh nghi\u1ec7p cho m\u00e1y ch\u1ee7 Synology.<\/p>\n<h3><strong>Th\u00f4ng s\u1ed1 k\u1ef9 thu\u1eadt c\u01a1 b\u1ea3n SSD Synology SAT5210-960G<\/strong><\/h3>\n<ul>\n<li>M\u00e3: SAT5210-960G<\/li>\n<li>Dung l\u01b0\u1ee3ng: 960GB<\/li>\n<li>Sustained Sequential read (128 KB, QD32): 530 MB\/s<\/li>\n<li>Sustained Sequential write (128 KB, QD32): 500 MB\/s<\/li>\n<li>Terabytes Written (TBW)*: 2.194 TB<\/li>\n<li>Mean Time Between Failures (MTBF): 1.5 million hours<\/li>\n<li>B\u1ea3o h\u00e0nh 5 n\u0103m<\/li>\n<\/ul>\n<h3><strong>SSD c\u1ea5p doanh nghi\u1ec7p<\/strong><\/h3>\n<p>Synology SAT5210-960G SATA SSD cung c\u1ea5p hi\u1ec7u su\u1ea5t I \/ O \u1ed5n \u0111\u1ecbnh \u0111\u1ed3ng th\u1eddi gi\u1ea3m \u0111\u1ed9 tr\u1ec5 c\u1ee7a c\u00e1c d\u1ecbch v\u1ee5 v\u00e0 \u1ee9ng d\u1ee5ng quan tr\u1ecdng. N\u00f3 \u0111\u01b0\u1ee3c x\u00e2y d\u1ef1ng \u0111\u1ec3 x\u1eed l\u00fd kh\u1ed1i l\u01b0\u1ee3ng c\u00f4ng vi\u1ec7c h\u1ed7n h\u1ee3p v\u00e0 chuy\u00ean s\u00e2u 24\/7 m\u00e0 kh\u00f4ng \u1ea3nh h\u01b0\u1edfng \u0111\u1ebfn \u0111\u1ed9 b\u1ec1n, cung c\u1ea5p tr\u1ea3i nghi\u1ec7m l\u01b0u tr\u1eef h\u1ee3p l\u00fd tr\u00ean h\u1ec7 th\u1ed1ng Synology v\u1edbi s\u1ef1 gi\u00e1n \u0111o\u1ea1n d\u1ecbch v\u1ee5 t\u1ed1i thi\u1ec3u.<\/p>\n<p><em>Hi\u1ec7u su\u1ea5t<\/em><\/p>\n<p>L\u00ean \u0111\u1ebfn 67.000 IOPS ghi ng\u1eabu nhi\u00ean 4K 1<\/p>\n<p><em>S\u1ee9c b\u1ec1n<\/em><\/p>\n<p>1.3 DWPD cho kh\u1ed1i l\u01b0\u1ee3ng c\u00f4ng vi\u1ec7c doanh nghi\u1ec7p 24\/7 2<\/p>\n<p><em>Ph\u00e2n t\u00edch<\/em><\/p>\n<p>Th\u00f4ng tin chi ti\u1ebft h\u1eefu \u00edch \u0111\u1ec3 c\u00f3 hi\u1ec7u su\u1ea5t t\u1ed1i \u01b0u v\u00e0 tu\u1ed5i th\u1ecd<\/p>\n<p><em>C\u1eadp nh\u1eadt<\/em><\/p>\n<p>C\u1eadp nh\u1eadt ch\u01b0\u01a1ng tr\u00ecnh c\u01a1 s\u1edf t\u1ef1 \u0111\u1ed9ng v\u1edbi DSM<\/p>\n<p><strong>Hi\u1ec7u su\u1ea5t cao \u1ed5n \u0111\u1ecbnh trong c\u00e1c m\u00f4i tr\u01b0\u1eddng kh\u1eaft khe<\/strong><\/p>\n<p>\u0110\u01b0\u1ee3c thi\u1ebft k\u1ebf cho c\u00e1c m\u00f4i tr\u01b0\u1eddng kh\u1eaft khe nh\u01b0 c\u01a1 s\u1edf d\u1eef li\u1ec7u x\u1eed l\u00fd giao d\u1ecbch tr\u1ef1c tuy\u1ebfn (OLTP) v\u00e0 tri\u1ec3n khai \u1ea3o h\u00f3a, Synology SAT5210 mang l\u1ea1i hi\u1ec7u su\u1ea5t cao \u1ed5n \u0111\u1ecbnh v\u1edbi t\u1ed1i \u0111a 67.000 IOPS ghi ng\u1eabu nhi\u00ean 4K, cho ph\u00e9p c\u00e1c c\u00f4ng ty hi\u1ec7n \u0111\u1ea1i h\u00f3a c\u01a1 s\u1edf h\u1ea1 t\u1ea7ng l\u01b0u tr\u1eef hi\u1ec7n c\u00f3 m\u1ed9t c\u00e1ch d\u1ec5 d\u00e0ng.<\/p>\n<figure id=\"attachment_2330\" aria-describedby=\"caption-attachment-2330\" style=\"width: 600px\" class=\"wp-caption aligncenter\"><img decoding=\"async\" class=\"size-full wp-image-2330\" src=\"https:\/\/www.vietcorp.com\/store\/wp-content\/uploads\/2022\/10\/o-cung-ssd-nas-synology-sat5120-480g-3.jpg\" alt=\"\u1ed4 c\u1ee9ng SSD Synology SAT5210-960G 1\" width=\"600\" height=\"410\" srcset=\"https:\/\/vietcorp.com\/store\/wp-content\/uploads\/2022\/10\/o-cung-ssd-nas-synology-sat5120-480g-3.jpg?v=1668219215 600w, https:\/\/vietcorp.com\/store\/wp-content\/uploads\/2022\/10\/o-cung-ssd-nas-synology-sat5120-480g-3-400x273.jpg?v=1668219215 400w, https:\/\/vietcorp.com\/store\/wp-content\/uploads\/2022\/10\/o-cung-ssd-nas-synology-sat5120-480g-3-367x251.jpg?v=1668219215 367w\" sizes=\"(max-width: 600px) 100vw, 600px\" \/><figcaption id=\"caption-attachment-2330\" class=\"wp-caption-text\">Hi\u1ec7u su\u1ea5t cao \u1ed5n \u0111\u1ecbnh trong c\u00e1c m\u00f4i tr\u01b0\u1eddng kh\u1eaft khe<\/figcaption><\/figure>\n<h3><strong>\u0110\u1ed9 b\u1ec1n cao<\/strong><\/h3>\n<figure id=\"attachment_2331\" aria-describedby=\"caption-attachment-2331\" style=\"width: 600px\" class=\"wp-caption aligncenter\"><img decoding=\"async\" class=\"size-full wp-image-2331\" src=\"https:\/\/www.vietcorp.com\/store\/wp-content\/uploads\/2022\/10\/o-cung-ssd-nas-synology-sat5120-480g-4.jpg\" alt=\"\u1ed4 c\u1ee9ng SSD Synology SAT5210-960G 2\" width=\"600\" height=\"364\" srcset=\"https:\/\/vietcorp.com\/store\/wp-content\/uploads\/2022\/10\/o-cung-ssd-nas-synology-sat5120-480g-4.jpg?v=1668219214 600w, https:\/\/vietcorp.com\/store\/wp-content\/uploads\/2022\/10\/o-cung-ssd-nas-synology-sat5120-480g-4-400x243.jpg?v=1668219214 400w, https:\/\/vietcorp.com\/store\/wp-content\/uploads\/2022\/10\/o-cung-ssd-nas-synology-sat5120-480g-4-367x223.jpg?v=1668219214 367w\" sizes=\"(max-width: 600px) 100vw, 600px\" \/><figcaption id=\"caption-attachment-2331\" class=\"wp-caption-text\">\u0110\u1ed9 b\u1ec1n cao<\/figcaption><\/figure>\n<p><em>1,3 DWPD<\/em><\/p>\n<p>Cung c\u1ea5p 1.3 DWPD trong th\u1eddi h\u1ea1n b\u1ea3o h\u00e0nh 5 n\u0103m \u0111\u1ec3 ch\u1ecbu \u0111\u01b0\u1ee3c kh\u1ed1i l\u01b0\u1ee3ng c\u00f4ng vi\u1ec7c chuy\u00ean s\u00e2u 24\/7.<\/p>\n<p><em>B\u1ea3o v\u1ec7 d\u1eef li\u1ec7u \u0111\u1ea7u cu\u1ed1i<\/em><\/p>\n<p>B\u1ea3o v\u1ec7 t\u00ednh to\u00e0n v\u1eb9n v\u00e0 nh\u1ea5t qu\u00e1n c\u1ee7a d\u1eef li\u1ec7u tr\u00ean to\u00e0n b\u1ed9 \u0111\u01b0\u1eddng truy\u1ec1n d\u1eef li\u1ec7u.<\/p>\n<p><em>Thi\u1ebft k\u1ebf m\u1ea1ch b\u1ea3o v\u1ec7 m\u1ea5t \u0111i\u1ec7n<\/em><\/p>\n<p>C\u00e1c t\u1ee5 \u0111i\u1ec7n chuy\u00ean d\u1ee5ng cung c\u1ea5p \u0111\u1ee7 n\u0103ng l\u01b0\u1ee3ng \u0111\u1ec3 truy\u1ec1n d\u1eef li\u1ec7u \u0111ang bay v\u00e0o \u0111\u00e8n flash NAND trong tr\u01b0\u1eddng h\u1ee3p m\u1ea5t \u0111i\u1ec7n, ng\u0103n ch\u1eb7n th\u00eam d\u1eef li\u1ec7u b\u1ecb h\u1ecfng.<\/p>\n<h3><strong>Ph\u00e2n t\u00edch kh\u1ed1i l\u01b0\u1ee3ng c\u00f4ng vi\u1ec7c th\u1ef1c t\u1ebf<\/strong><\/h3>\n<p>T\u00edch h\u1ee3p \u0111\u1ea7y \u0111\u1ee7 v\u1edbi Tr\u00ecnh qu\u1ea3n l\u00fd DiskStation (DSM) c\u1ee7a Synology cho ph\u00e9p ph\u00e2n t\u00edch tr\u1ecdn \u0111\u1eddi cho m\u1ed7i \u0111\u01a1n v\u1ecb SAT5200 d\u1ef1a tr\u00ean kh\u1ed1i l\u01b0\u1ee3ng c\u00f4ng vi\u1ec7c th\u1ef1c t\u1ebf:<\/p>\n<figure id=\"attachment_2332\" aria-describedby=\"caption-attachment-2332\" style=\"width: 600px\" class=\"wp-caption aligncenter\"><img decoding=\"async\" class=\"size-full wp-image-2332\" src=\"https:\/\/www.vietcorp.com\/store\/wp-content\/uploads\/2022\/10\/o-cung-ssd-nas-synology-sat5120-480g-5.jpg\" alt=\"\u1ed4 c\u1ee9ng SSD Synology SAT5210-960G 3\" width=\"600\" height=\"379\" srcset=\"https:\/\/vietcorp.com\/store\/wp-content\/uploads\/2022\/10\/o-cung-ssd-nas-synology-sat5120-480g-5.jpg?v=1668219213 600w, https:\/\/vietcorp.com\/store\/wp-content\/uploads\/2022\/10\/o-cung-ssd-nas-synology-sat5120-480g-5-400x253.jpg?v=1668219213 400w, https:\/\/vietcorp.com\/store\/wp-content\/uploads\/2022\/10\/o-cung-ssd-nas-synology-sat5120-480g-5-367x232.jpg?v=1668219213 367w\" sizes=\"(max-width: 600px) 100vw, 600px\" \/><figcaption id=\"caption-attachment-2332\" class=\"wp-caption-text\">Ph\u00e2n t\u00edch kh\u1ed1i l\u01b0\u1ee3ng c\u00f4ng vi\u1ec7c th\u1ef1c t\u1ebf<\/figcaption><\/figure>\n<p><em>Th\u00f4ng b\u00e1o k\u1ecbp th\u1eddi<\/em><\/p>\n<p>L\u1eadp k\u1ebf ho\u1ea1ch tr\u01b0\u1edbc \u0111\u1ec3 c\u00f3 hi\u1ec7u su\u1ea5t v\u00e0 tu\u1ed5i th\u1ecd h\u1ec7 th\u1ed1ng kh\u00f4ng b\u1ecb gi\u00e1n \u0111o\u1ea1n v\u1edbi c\u00e1c th\u00f4ng b\u00e1o k\u1ecbp th\u1eddi.<\/p>\n<p><em>S\u1eed d\u1ee5ng t\u1ed1i \u01b0u<\/em><\/p>\n<p>Gi\u00e1m s\u00e1t d\u1ec5 d\u00e0ng cho ph\u00e9p b\u1ea1n s\u1eed d\u1ee5ng t\u1ed1i \u01b0u t\u1eebng \u1ed5 SSD.<\/p>\n<h3><strong>C\u1eadp nh\u1eadt ch\u01b0\u01a1ng tr\u00ecnh c\u01a1 s\u1edf d\u1ec5 d\u00e0ng<\/strong><\/h3>\n<p>Synology DSM t\u1ef1 \u0111\u1ed9ng c\u1eadp nh\u1eadt \u1ed5 \u0111\u0129a c\u1ee7a b\u1ea1n. Kh\u00f4ng c\u1ea7n c\u00e1c phi\u00ean b\u1ea3o tr\u00ec ri\u00eang bi\u1ec7t.<\/p>\n<h3><strong>\u0110\u01b0\u1ee3c x\u00e2y d\u1ef1ng cho c\u00e1c h\u1ec7 th\u1ed1ng <a href=\"https:\/\/www.vietcorp.com\/store\/nas-synology\/\">Synology<\/a><\/strong><\/h3>\n<p>Synology SAT5210 \u0111\u01b0\u1ee3c ki\u1ec3m tra k\u1ef9 l\u01b0\u1ee1ng v\u1ec1 kh\u1ea3 n\u0103ng t\u01b0\u01a1ng th\u00edch v\u1edbi h\u1ec7 th\u1ed1ng sau m\u1ed7i l\u1ea7n thay \u0111\u1ed5i k\u1ef9 thu\u1eadt \u0111\u01b0\u1ee3c qu\u1ea3n l\u00fd ch\u1eb7t ch\u1ebd. T\u00ecm hi\u1ec3u th\u00eam v\u1ec1 <a href=\"https:\/\/www.vietcorp.com\/store\/cong-nghe-luu-tru-cua-synology\/\">c\u00f4ng ngh\u1ec7 l\u01b0u tr\u1eef Synology<\/a><\/p>\n<p>T\u00ecm hi\u1ec3u th\u00eam v\u1ec1 Synology:<\/p>\n<ul>\n<li><a href=\"https:\/\/www.vietcorp.com\/vn\/chung-nhan\/\">Ch\u1ee9ng nh\u1eadn Synology<\/a><\/li>\n<li><a href=\"https:\/\/vietcorp.com\/support\/synology\/\">Support Synology<\/a><\/li>\n<li><a href=\"https:\/\/www.vietcorp.com\/blog\/tag\/showcase-synology\/\">Showcase Synology<\/a><\/li>\n<\/ul>\n","protected":false},"excerpt":{"rendered":"<p>SATA 2.5\u2033 960 GB<br \/>\nRead (128 KB, QD32): 530 MB\/s<br \/>\nWrite (128 KB, QD32): 500 MB\/s<br \/>\nTerabytes Written (TBW): 2,194 TB<br \/>\nB\u1ea3o h\u00e0nh 60 th\u00e1ng<\/p>\n","protected":false},"featured_media":7988,"template":"","meta":[],"product_brand":[],"product_cat":[86],"product_tag":[63,61,91,350],"class_list":{"0":"post-2334","1":"product","2":"type-product","3":"status-publish","4":"has-post-thumbnail","6":"product_cat-o-cung","7":"product_tag-o-cung","8":"product_tag-o-cung-nas","9":"product_tag-o-cung-ssd","10":"product_tag-o-cung-synology","12":"first","13":"instock","14":"taxable","15":"shipping-taxable","16":"product-type-simple"},"_links":{"self":[{"href":"https:\/\/vietcorp.com\/store\/wp-json\/wp\/v2\/product\/2334","targetHints":{"allow":["GET"]}}],"collection":[{"href":"https:\/\/vietcorp.com\/store\/wp-json\/wp\/v2\/product"}],"about":[{"href":"https:\/\/vietcorp.com\/store\/wp-json\/wp\/v2\/types\/product"}],"wp:featuredmedia":[{"embeddable":true,"href":"https:\/\/vietcorp.com\/store\/wp-json\/wp\/v2\/media\/7988"}],"wp:attachment":[{"href":"https:\/\/vietcorp.com\/store\/wp-json\/wp\/v2\/media?parent=2334"}],"wp:term":[{"taxonomy":"product_brand","embeddable":true,"href":"https:\/\/vietcorp.com\/store\/wp-json\/wp\/v2\/product_brand?post=2334"},{"taxonomy":"product_cat","embeddable":true,"href":"https:\/\/vietcorp.com\/store\/wp-json\/wp\/v2\/product_cat?post=2334"},{"taxonomy":"product_tag","embeddable":true,"href":"https:\/\/vietcorp.com\/store\/wp-json\/wp\/v2\/product_tag?post=2334"}],"curies":[{"name":"wp","href":"https:\/\/api.w.org\/{rel}","templated":true}]}}