


{"id":2320,"date":"2022-10-07T16:49:41","date_gmt":"2022-10-07T09:49:41","guid":{"rendered":"https:\/\/www.vietcorp.com\/store\/?post_type=product&#038;p=2320"},"modified":"2025-12-11T14:54:40","modified_gmt":"2025-12-11T07:54:40","slug":"o-cung-ssd-nvme-synology-snv3400-800g","status":"publish","type":"product","link":"https:\/\/vietcorp.com\/store\/2320\/o-cung-ssd-nvme-synology-snv3400-800g\/","title":{"rendered":"Synology SNV3400-800G"},"content":{"rendered":"<h4 style=\"color: red;\">S\u1ea3n ph\u1ea9m ng\u1eebng kinh doanh<\/h4>\n<p><strong>\u1ed4 c\u1ee9ng SSD NVME Synology SNV3400-800G<\/strong><\/p>\n<figure id=\"attachment_2321\" aria-describedby=\"caption-attachment-2321\" style=\"width: 600px\" class=\"wp-caption aligncenter\"><img decoding=\"async\" class=\"size-full wp-image-2321\" src=\"https:\/\/www.vietcorp.com\/store\/wp-content\/uploads\/2022\/10\/o-cung-ssd-nvme-synology-snv3400-800G-1.jpg\" alt=\"\u1ed4 c\u1ee9ng SSD NVME Synology SNV3400-800G 1\" width=\"600\" height=\"600\" srcset=\"https:\/\/vietcorp.com\/store\/wp-content\/uploads\/2022\/10\/o-cung-ssd-nvme-synology-snv3400-800G-1.jpg?v=1668219220 600w, https:\/\/vietcorp.com\/store\/wp-content\/uploads\/2022\/10\/o-cung-ssd-nvme-synology-snv3400-800G-1-400x400.jpg?v=1668219220 400w, https:\/\/vietcorp.com\/store\/wp-content\/uploads\/2022\/10\/o-cung-ssd-nvme-synology-snv3400-800G-1-560x560.jpg?v=1668219220 560w, https:\/\/vietcorp.com\/store\/wp-content\/uploads\/2022\/10\/o-cung-ssd-nvme-synology-snv3400-800G-1-367x367.jpg?v=1668219220 367w\" sizes=\"(max-width: 600px) 100vw, 600px\" \/><figcaption id=\"caption-attachment-2321\" class=\"wp-caption-text\">\u1ed4 c\u1ee9ng SSD NVME Synology SNV3400-800G<\/figcaption><\/figure>\n<p>Synology \u0111\u00e3 ra m\u1eaft hai \u1ed5 c\u1ee9ng SSD NVMe M.2 v\u1edbi dung l\u01b0\u1ee3ng l\u1edbn v\u00e0 card m\u1ea1ng 10\/25GbE th\u1ebf h\u1ec7 m\u1edbi \u0111\u1ec3 gi\u00fap c\u00e1c doanh nghi\u1ec7p t\u1ea1o b\u1ed9 nh\u1edb \u0111\u1ec7m d\u1eef li\u1ec7u v\u00e0 t\u0103ng hi\u1ec7u n\u0103ng c\u1ee7a h\u1ec7 th\u1ed1ng NAS.<\/p>\n<p>V\u1edbi dung l\u01b0\u1ee3ng kh\u1ea3 d\u1ee5ng l\u00ean \u0111\u1ebfn 800GB, SNV3400-800GB c\u00f3 kh\u1ea3 n\u0103ng gi\u00fap ng\u01b0\u1eddi d\u00f9ng t\u1ea1o b\u1ed9 nh\u1edb \u0111\u1ec7m v\u00e0 l\u01b0u tr\u1eef file l\u1edbn. H\u01a1n n\u1eefa, d\u00f2ng SSD SNV3000 m\u1edbi t\u01b0\u01a1ng th\u00edch v\u1edbi DiskStation Manager c\u1ee7a Synology, cho ph\u00e9p ng\u01b0\u1eddi d\u00f9ng theo d\u00f5i hi\u1ec7u su\u1ea5t \u1ed5 c\u1ee9ng, ph\u00e2n t\u00edch \u0111\u1ed9 b\u1ec1n v\u00e0 tu\u1ed5i th\u1ecd.<\/p>\n<p>D\u1ea1ng th\u1ee9c: M.2 2280 M.2 22110<br \/>\nGiao di\u1ec7n: NVMe PCIe 3,0 x 4<br \/>\nDung l\u01b0\u1ee3ng: 800 GB<br \/>\nDWPD (Drive Writes Per Day): 0,68<br \/>\nB\u1ea3o v\u1ec7 khi m\u1ea5t \u0111i\u1ec7n: Kh\u00f4ng<br \/>\nPh\u00e2n t\u00edch tu\u1ed5i th\u1ecd: C\u00f3<br \/>\nHi\u1ec7u n\u0103ng \u0111\u1ecdc\/ghi ng\u1eabu nhi\u00ean: 375.000\/70.000 IOPS<br \/>\nB\u1ea3o h\u00e0nh: B\u1ea3o h\u00e0nh gi\u1edbi h\u1ea1n 5 n\u0103m<\/p>\n","protected":false},"excerpt":{"rendered":"<h4 style=\"color: red;\"><strong>S\u1ea2N PH\u1ea8M NG\u1eeaNG KINH DOANH<\/strong><\/h4>\n<p><a href=\"https:\/\/www.vietcorp.com\/blog\/danh-sach-san-pham-synology-ngung-kinh-doanh-14724.html\/\">(Danh s\u00e1ch s\u1ea3n ph\u1ea9m Synology ng\u1eebng kinh doanh)<\/a><br \/>\nSynology SNV3400-800G<br \/>\nD\u1ea1ng th\u1ee9c: M.2 2280 M.2 22110<br \/>\nGiao di\u1ec7n: NVMe PCIe 3,0 x 4<br \/>\nDung l\u01b0\u1ee3ng: 800 GB<br \/>\nDWPD (Drive Writes Per Day): 0,68<br \/>\nHi\u1ec7u n\u0103ng \u0111\u1ecdc\/ghi ng\u1eabu nhi\u00ean: 375.000\/70.000 IOPS<br \/>\nB\u1ea3o h\u00e0nh: gi\u1edbi h\u1ea1n 5 n\u0103m<\/p>\n","protected":false},"featured_media":8060,"template":"","meta":[],"product_brand":[],"product_cat":[337],"product_tag":[],"class_list":{"0":"post-2320","1":"product","2":"type-product","3":"status-publish","4":"has-post-thumbnail","6":"product_cat-san-pham-ngung-kinh-doanh","8":"first","9":"outofstock","10":"taxable","11":"shipping-taxable","12":"product-type-simple"},"_links":{"self":[{"href":"https:\/\/vietcorp.com\/store\/wp-json\/wp\/v2\/product\/2320","targetHints":{"allow":["GET"]}}],"collection":[{"href":"https:\/\/vietcorp.com\/store\/wp-json\/wp\/v2\/product"}],"about":[{"href":"https:\/\/vietcorp.com\/store\/wp-json\/wp\/v2\/types\/product"}],"wp:featuredmedia":[{"embeddable":true,"href":"https:\/\/vietcorp.com\/store\/wp-json\/wp\/v2\/media\/8060"}],"wp:attachment":[{"href":"https:\/\/vietcorp.com\/store\/wp-json\/wp\/v2\/media?parent=2320"}],"wp:term":[{"taxonomy":"product_brand","embeddable":true,"href":"https:\/\/vietcorp.com\/store\/wp-json\/wp\/v2\/product_brand?post=2320"},{"taxonomy":"product_cat","embeddable":true,"href":"https:\/\/vietcorp.com\/store\/wp-json\/wp\/v2\/product_cat?post=2320"},{"taxonomy":"product_tag","embeddable":true,"href":"https:\/\/vietcorp.com\/store\/wp-json\/wp\/v2\/product_tag?post=2320"}],"curies":[{"name":"wp","href":"https:\/\/api.w.org\/{rel}","templated":true}]}}