


{"id":2236,"date":"2022-10-07T09:18:19","date_gmt":"2022-10-07T02:18:19","guid":{"rendered":"https:\/\/www.vietcorp.com\/store\/?post_type=product&#038;p=2236"},"modified":"2025-12-11T11:39:38","modified_gmt":"2025-12-11T04:39:38","slug":"thiet-bi-mo-rong-nas-synology-rx6022sas","status":"publish","type":"product","link":"https:\/\/vietcorp.com\/store\/2236\/thiet-bi-mo-rong-nas-synology-rx6022sas\/","title":{"rendered":"Synology RX6022sas"},"content":{"rendered":"<p><a href=\"https:\/\/www.vietcorp.com\/store\/2236\/thiet-bi-mo-rong-nas-synology-rx6022sas\/\"><strong>Thi\u1ebft b\u1ecb m\u1edf r\u1ed9ng NAS Synology RX6022sas<\/strong><\/a> m\u1edf r\u1ed9ng l\u01b0u tr\u1eef m\u1eadt \u0111\u1ed9 cao cho m\u00e1y ch\u1ee7 Synology HD6500<\/p>\n<p>Applied Models: <a href=\"https:\/\/www.vietcorp.com\/store\/2215\/thiet-bi-luu-tru-nas-synology-hd6500\/\"><strong>Synology HD6500<\/strong><\/a><\/p>\n<h3><strong>M\u1edf r\u1ed9ng l\u01b0u tr\u1eef m\u1ed9t c\u00e1ch \u0111\u00e1ng k\u1ec3<\/strong><\/h3>\n<p>T\u1eadn d\u1ee5ng t\u1ed1i \u0111a ti\u1ec1m n\u0103ng vi\u1ec7c tri\u1ec3n khai b\u1ed9 nh\u1edb b\u1eb1ng c\u00e1ch th\u00eam 60 \u1ed5 \u0111\u0129a b\u1ed5 sung v\u00e0o m\u00e1y ch\u1ee7 <strong><a href=\"http:\/\/www.vietcorp.com\/store\/nas-synology\/\">thi\u1ebft b\u1ecb l\u01b0u tr\u1eef NAS Synology<\/a> HD6500<\/strong> ch\u1ec9 trong v\u00e0i ph\u00fat. V\u1edbi kh\u1ea3 n\u0103ng h\u1ed7 tr\u1ee3 l\u00ean \u0111\u1ebfn 4 thi\u1ebft b\u1ecb m\u1edf r\u1ed9ng, b\u1ea1n c\u00f3 th\u1ec3 d\u1ec5 d\u00e0ng m\u1edf r\u1ed9ng dung l\u01b0\u1ee3ng v\u1edbi quy m\u00f4 l\u1edbn m\u00e0 kh\u00f4ng lo s\u1ebd g\u00e2y gi\u00e1n \u0111o\u1ea1n hay gi\u1ea3m l\u1ee3i nhu\u1eadn. H\u1ed7 tr\u1ee3 \u0111a \u0111\u01b0\u1eddng SAS gi\u00fap b\u1ea1n \u0111\u1ea1t \u0111\u01b0\u1ee3c hi\u1ec7u su\u1ea5t g\u1ea5p \u0111\u00f4i khi tri\u1ec3n khai nhi\u1ec1u thi\u1ebft b\u1ecb m\u1edf r\u1ed9ng, \u0111\u1ed3ng th\u1eddi kh\u1ea3 n\u0103ng m\u1edf r\u1ed9ng b\u1ed9 nh\u1edb tr\u1ef1c tuy\u1ebfn c\u00f9ng c\u00e1c c\u00f4ng c\u1ee5 qu\u1ea3n l\u00fd l\u01b0u tr\u1eef to\u00e0n di\u1ec7n trong <a href=\"https:\/\/www.vietcorp.com\/store\/synology-diskstation-manager-7-2\/\">Synology DiskStation Manager<\/a> (DSM) s\u1ebd gi\u00fap \u0111\u01a1n gi\u1ea3n h\u00f3a qu\u00e1 tr\u00ecnh thi\u1ebft l\u1eadp c\u1ea5u h\u00ecnh v\u00e0 qu\u1ea3n l\u00fd trong t\u01b0\u01a1ng lai.<\/p>\n<figure id=\"attachment_2238\" aria-describedby=\"caption-attachment-2238\" style=\"width: 600px\" class=\"wp-caption aligncenter\"><img decoding=\"async\" class=\"size-full wp-image-2238\" src=\"https:\/\/www.vietcorp.com\/store\/wp-content\/uploads\/2022\/10\/thiet-bi-mo-rong-nas-rx6022sas-2.jpg\" alt=\"Thi\u1ebft b\u1ecb m\u1edf r\u1ed9ng NAS Synology RX6022sas 1\" width=\"600\" height=\"600\" srcset=\"https:\/\/vietcorp.com\/store\/wp-content\/uploads\/2022\/10\/thiet-bi-mo-rong-nas-rx6022sas-2.jpg?v=1668219306 600w, https:\/\/vietcorp.com\/store\/wp-content\/uploads\/2022\/10\/thiet-bi-mo-rong-nas-rx6022sas-2-400x400.jpg?v=1668219306 400w, https:\/\/vietcorp.com\/store\/wp-content\/uploads\/2022\/10\/thiet-bi-mo-rong-nas-rx6022sas-2-560x560.jpg?v=1668219306 560w, https:\/\/vietcorp.com\/store\/wp-content\/uploads\/2022\/10\/thiet-bi-mo-rong-nas-rx6022sas-2-367x367.jpg?v=1668219306 367w\" sizes=\"(max-width: 600px) 100vw, 600px\" \/><figcaption id=\"caption-attachment-2238\" class=\"wp-caption-text\">Thi\u1ebft b\u1ecb m\u1edf r\u1ed9ng nas synology rx6022sas<\/figcaption><\/figure>\n<h3><strong>Synology RX6022sas \u0111\u01b0\u1ee3c thi\u1ebft k\u1ebf \u0111\u1ec3 ho\u1ea1t \u0111\u1ed9ng li\u00ean t\u1ee5c<\/strong><\/h3>\n<p><em>SAS Multipathing<\/em><\/p>\n<p>T\u1ed1i \u0111a h\u00f3a kh\u1ea3 n\u0103ng ph\u1ee5c h\u1ed3i sau s\u1ef1 c\u1ed1 ph\u1ea7n c\u1ee9ng v\u1edbi t\u00ednh n\u0103ng \u0111a \u0111\u01b0\u1eddng SAS (SAS multipathing). Nh\u1edd c\u00e1c \u0111\u01b0\u1eddng d\u1eabn v\u1eadt l\u00fd thay th\u1ebf m\u00e0 h\u1ec7 th\u1ed1ng c\u00f3 th\u1ec3 \u0111\u1ecbnh tuy\u1ebfn l\u1ea1i d\u1eef li\u1ec7u khi giao di\u1ec7n ch\u00ednh ho\u1eb7c k\u1ebft n\u1ed1i b\u1ecb l\u1ed7i.<\/p>\n<figure id=\"attachment_2239\" aria-describedby=\"caption-attachment-2239\" style=\"width: 514px\" class=\"wp-caption aligncenter\"><img decoding=\"async\" class=\"size-full wp-image-2239\" src=\"https:\/\/www.vietcorp.com\/store\/wp-content\/uploads\/2022\/10\/thiet-bi-mo-rong-nas-rx6022sas-3.jpg\" alt=\"Thi\u1ebft b\u1ecb m\u1edf r\u1ed9ng NAS Synology RX6022sas 2\" width=\"514\" height=\"506\" srcset=\"https:\/\/vietcorp.com\/store\/wp-content\/uploads\/2022\/10\/thiet-bi-mo-rong-nas-rx6022sas-3.jpg?v=1668219304 514w, https:\/\/vietcorp.com\/store\/wp-content\/uploads\/2022\/10\/thiet-bi-mo-rong-nas-rx6022sas-3-400x394.jpg?v=1668219304 400w, https:\/\/vietcorp.com\/store\/wp-content\/uploads\/2022\/10\/thiet-bi-mo-rong-nas-rx6022sas-3-367x361.jpg?v=1668219304 367w\" sizes=\"(max-width: 514px) 100vw, 514px\" \/><figcaption id=\"caption-attachment-2239\" class=\"wp-caption-text\">Thi\u1ebft b\u1ecb m\u1edf r\u1ed9ng nas synology rx6022sas<\/figcaption><\/figure>\n<p><em>Linh ki\u1ec7n d\u1ef1 ph\u00f2ng<\/em><\/p>\n<p>Gi\u1ea3m t\u00e1c \u0111\u1ed9ng c\u1ee7a qu\u00e1 tr\u00ecnh b\u1ea3o tr\u00ec \u0111\u1ed1i v\u1edbi t\u00ednh s\u1eb5n s\u00e0ng c\u1ee7a d\u1ecbch v\u1ee5 v\u1edbi thi\u1ebft k\u1ebf m\u00f4-\u0111un cho khay \u1ed5 \u0111\u0129a v\u00e0 qu\u1ea1t h\u1ec7 th\u1ed1ng, gi\u00fap thay th\u1ebf d\u1ec5 d\u00e0ng v\u00e0 nhanh ch\u00f3ng. B\u1ed9 ngu\u1ed3n d\u1ef1 ph\u00f2ng \u0111\u1ea3m b\u1ea3o d\u1eef li\u1ec7u c\u1ee7a b\u1ea1n lu\u00f4n trong tr\u1ea1ng th\u00e1i tr\u1ef1c tuy\u1ebfn ngay c\u1ea3 trong t\u00ecnh hu\u1ed1ng m\u1ea5t \u0111i\u1ec7n.<\/p>\n<figure id=\"attachment_2240\" aria-describedby=\"caption-attachment-2240\" style=\"width: 600px\" class=\"wp-caption aligncenter\"><img decoding=\"async\" class=\"size-full wp-image-2240\" src=\"https:\/\/www.vietcorp.com\/store\/wp-content\/uploads\/2022\/10\/thiet-bi-mo-rong-nas-rx6022sas-4.jpg\" alt=\"Thi\u1ebft b\u1ecb m\u1edf r\u1ed9ng NAS Synology RX6022sas 3\" width=\"600\" height=\"379\" srcset=\"https:\/\/vietcorp.com\/store\/wp-content\/uploads\/2022\/10\/thiet-bi-mo-rong-nas-rx6022sas-4.jpg?v=1668219303 600w, https:\/\/vietcorp.com\/store\/wp-content\/uploads\/2022\/10\/thiet-bi-mo-rong-nas-rx6022sas-4-400x253.jpg?v=1668219303 400w, https:\/\/vietcorp.com\/store\/wp-content\/uploads\/2022\/10\/thiet-bi-mo-rong-nas-rx6022sas-4-367x232.jpg?v=1668219303 367w\" sizes=\"(max-width: 600px) 100vw, 600px\" \/><figcaption id=\"caption-attachment-2240\" class=\"wp-caption-text\">Linh ki\u1ec7n d\u1ef1 ph\u00f2ng<\/figcaption><\/figure>\n<h3><strong>M\u00f4 h\u00ecnh tri\u1ec3n khai ch\u1ea1y tr\u1ef1c ti\u1ebfp<\/strong><\/h3>\n<p>Gi\u1ea3m thi\u1ec3u th\u1eddi gian ng\u1eebng ho\u1ea1t \u0111\u1ed9ng khi m\u1edf r\u1ed9ng h\u1ea1 t\u1ea7ng l\u01b0u tr\u1eef c\u1ee7a b\u1ea1n v\u1edbi t\u00ednh n\u0103ng m\u1edf r\u1ed9ng b\u1ed9 nh\u1edb tr\u1ef1c tuy\u1ebfn, cho ph\u00e9p b\u1ea1n th\u00eam \u1ed5 \u0111\u0129a m\u1edbi ho\u1eb7c m\u1edf r\u1ed9ng RAID volume tr\u00ean RX6022sas m\u00e0 kh\u00f4ng l\u00e0m \u1ea3nh h\u01b0\u1edfng \u0111\u1ebfn c\u00e1c d\u1ecbch v\u1ee5 tr\u00ean <strong>Synology HD6500<\/strong>.<\/p>\n<figure id=\"attachment_2241\" aria-describedby=\"caption-attachment-2241\" style=\"width: 600px\" class=\"wp-caption aligncenter\"><img decoding=\"async\" class=\"size-full wp-image-2241\" src=\"https:\/\/www.vietcorp.com\/store\/wp-content\/uploads\/2022\/10\/thiet-bi-mo-rong-nas-rx6022sas-5.jpg\" alt=\"Thi\u1ebft b\u1ecb m\u1edf r\u1ed9ng NAS Synology RX6022sas 4\" width=\"600\" height=\"497\" srcset=\"https:\/\/vietcorp.com\/store\/wp-content\/uploads\/2022\/10\/thiet-bi-mo-rong-nas-rx6022sas-5.jpg?v=1668219301 600w, https:\/\/vietcorp.com\/store\/wp-content\/uploads\/2022\/10\/thiet-bi-mo-rong-nas-rx6022sas-5-400x331.jpg?v=1668219301 400w, https:\/\/vietcorp.com\/store\/wp-content\/uploads\/2022\/10\/thiet-bi-mo-rong-nas-rx6022sas-5-367x304.jpg?v=1668219301 367w\" sizes=\"(max-width: 600px) 100vw, 600px\" \/><figcaption id=\"caption-attachment-2241\" class=\"wp-caption-text\">Thi\u1ebft b\u1ecb m\u1edf r\u1ed9ng nas synology rx6022sas m\u00f4 h\u00ecnh tri\u1ec3n khai ch\u1ea1y tr\u1ef1c ti\u1ebfp<\/figcaption><\/figure>\n<p><strong>B\u1ea3o h\u00e0nh 5 n\u0103m<\/strong><\/p>\n<p>RX6022sas \u0111\u01b0\u1ee3c h\u1ed7 tr\u1ee3 b\u1edfi ch\u01b0\u01a1ng tr\u00ecnh b\u1ea3o h\u00e0nh gi\u1edbi h\u1ea1n 5 n\u0103m c\u1ee7a Synology, bao g\u1ed3m h\u1ed7 tr\u1ee3 k\u1ef9 thu\u1eadt v\u00e0 d\u1ecbch v\u1ee5 thay th\u1ebf ph\u1ea7n c\u1ee9ng \u0111\u1ec3 t\u1ed1i \u0111a h\u00f3a l\u1ee3i t\u1ee9c \u0111\u1ea7u t\u01b0 c\u1ee7a b\u1ea1n, \u0111\u1ea3m b\u1ea3o duy tr\u00ec hi\u1ec7u su\u1ea5t ch\u1ea5t l\u01b0\u1ee3ng cao.<\/p>\n<p>Xem th\u00eam NAS Synology:<\/p>\n<ul>\n<li><a href=\"https:\/\/www.vietcorp.com\/vn\/2819\/chung-nhan-vietcorp-doi-tac-cua-synology\/\">Ch\u1ee9ng nh\u1eadn Synology<\/a><\/li>\n<li><a href=\"https:\/\/vietcorp.com\/support\/synology\/\">Support Synology<\/a><\/li>\n<li><a href=\"https:\/\/www.vietcorp.com\/blog\/tag\/showcase-synology\/\">Showcase Synology<\/a><\/li>\n<\/ul>\n","protected":false},"excerpt":{"rendered":"<p>Expansion Synology RX6022sas<br \/>\nApplied Models: Supports HD6500<br \/>\n60 Bays Maximum Internal Raw Capacity 960 TB (16 TB drive x 60) (Capacity may vary by RAID types)<br \/>\n2 Expansion Port<br \/>\nB\u1ea3o h\u00e0nh 5 n\u0103m<\/p>\n","protected":false},"featured_media":7822,"template":"","meta":[],"product_brand":[],"product_cat":[363],"product_tag":[47,53,23],"class_list":{"0":"post-2236","1":"product","2":"type-product","3":"status-publish","4":"has-post-thumbnail","6":"product_cat-expansion-units","7":"product_tag-expansion","8":"product_tag-nas","9":"product_tag-synology","11":"first","12":"outofstock","13":"taxable","14":"shipping-taxable","15":"product-type-simple"},"_links":{"self":[{"href":"https:\/\/vietcorp.com\/store\/wp-json\/wp\/v2\/product\/2236","targetHints":{"allow":["GET"]}}],"collection":[{"href":"https:\/\/vietcorp.com\/store\/wp-json\/wp\/v2\/product"}],"about":[{"href":"https:\/\/vietcorp.com\/store\/wp-json\/wp\/v2\/types\/product"}],"wp:featuredmedia":[{"embeddable":true,"href":"https:\/\/vietcorp.com\/store\/wp-json\/wp\/v2\/media\/7822"}],"wp:attachment":[{"href":"https:\/\/vietcorp.com\/store\/wp-json\/wp\/v2\/media?parent=2236"}],"wp:term":[{"taxonomy":"product_brand","embeddable":true,"href":"https:\/\/vietcorp.com\/store\/wp-json\/wp\/v2\/product_brand?post=2236"},{"taxonomy":"product_cat","embeddable":true,"href":"https:\/\/vietcorp.com\/store\/wp-json\/wp\/v2\/product_cat?post=2236"},{"taxonomy":"product_tag","embeddable":true,"href":"https:\/\/vietcorp.com\/store\/wp-json\/wp\/v2\/product_tag?post=2236"}],"curies":[{"name":"wp","href":"https:\/\/api.w.org\/{rel}","templated":true}]}}