


{"id":222,"date":"2020-11-03T10:37:45","date_gmt":"2020-11-03T03:37:45","guid":{"rendered":"https:\/\/www.vietcorp.com\/store\/product\/synology-sa3200d\/"},"modified":"2025-02-21T14:40:30","modified_gmt":"2025-02-21T07:40:30","slug":"thiet-bi-luu-tru-nas-synology-sa3200d","status":"publish","type":"product","link":"https:\/\/vietcorp.com\/store\/222\/thiet-bi-luu-tru-nas-synology-sa3200d\/","title":{"rendered":"Synology SA3200D"},"content":{"rendered":"<p><a href=\"https:\/\/www.vietcorp.com\/store\/222\/thiet-bi-luu-tru-nas-synology-sa3200d\/\"><strong>Thi\u1ebft b\u1ecb l\u01b0u tr\u1eef NAS Synology SA3200D<\/strong><\/a> \u0111\u01a1n gi\u1ea3n h\u00f3a v\u00e0 t\u1eadp trung h\u00f3a c\u01a1 s\u1edf h\u1ea1 t\u1ea7ng qu\u1ea3n l\u00fd d\u1eef li\u1ec7u c\u1ee7a b\u1ea1n. Kh\u1ea3 n\u0103ng d\u1ef1 ph\u00f2ng \u0111\u01b0\u1ee3c h\u1ed7 tr\u1ee3 b\u1edfi <a href=\"https:\/\/www.vietcorp.com\/store\/synology-high-availability\/\">Synology High Availability<\/a> c\u1ee7a Synology s\u1ebd t\u1ef1 \u0111\u1ed9ng gi\u1ea3m thi\u1ec3u th\u1eddi gian ng\u1eebng ho\u1ea1t \u0111\u1ed9ng xu\u1ed1ng d\u01b0\u1edbi 1 ph\u00fat, mang l\u1ea1i hi\u1ec7u qu\u1ea3 chi ph\u00ed v\u01b0\u1ee3t tr\u1ed9i.<\/p>\n<h2><span style=\"color: #0000ff;\"><strong>NAS Synology SA3200D cung c\u1ea5p ph\u1ea7n c\u1ee9ng m\u1ea1nh m\u1ebd<\/strong><\/span><\/h2>\n<ul>\n<li><strong>CPU b\u1ed9 x\u1eed l\u00fd<\/strong> : Intel Xeon D-1521<\/li>\n<li><strong>RAM b\u1ed9 nh\u1edb<\/strong> : 8GB DDR4 ECC RDIMM, up to 64GB<\/li>\n<li><strong>Ti\u1ebft ki\u1ec7m chi ph\u00ed:<\/strong> Thi\u1ebft k\u1ebf nh\u1ecf g\u1ecdn<\/li>\n<li><strong>M\u1edf r\u1ed9ng dung l\u01b0\u1ee3ng<\/strong>\u00a0:\u00a0 m\u1edf r\u1ed9ng l\u00ean 96 \u1ed5 c\u1ee9ng\u00a0 v\u1edbi (RX1217sas x 7) \/ 180 \u1ed5 c\u1ee9ng v\u1edbi (RX2417sas x 7)<\/li>\n<\/ul>\n<h2><span style=\"color: #0000ff;\"><strong><a href=\"https:\/\/www.vietcorp.com\/store\/nas-synology\/\">NAS Synology<\/a> SA3200D m<\/strong><\/span><span style=\"color: #0000ff;\"><strong>\u1edf r\u1ed9ng dung l\u01b0\u1ee3ng linh ho\u1ea1t<\/strong><\/span><\/h2>\n<p><strong>NAS Synology SA3200D<\/strong> h\u1ed7 tr\u1ee3 hai \u0111\u01a1n v\u1ecb m\u1edf r\u1ed9ng RXD1219sas cho t\u1ed1i \u0111a 36 bay SAS 3.5\u201d\/2.5\u201d. Quy m\u00f4 l\u00ean \u0111\u1ebfn 576 TB m\u00e0 kh\u00f4ng c\u1ea7n th\u1eddi gian ngh\u1ec9 \u0111\u1ec3 nhanh ch\u00f3ng \u0111\u00e1p \u1ee9ng nhu c\u1ea7u m\u1edbi.<\/p>\n<p><img decoding=\"async\" class=\"wp-image-1601 size-full aligncenter\" src=\"https:\/\/www.vietcorp.com\/store\/wp-content\/uploads\/2020\/11\/vietcorp-phan-phoi-nas-synology-sa3200d-service.png\" alt=\"Thi\u1ebft b\u1ecb l\u01b0u tr\u1eef NAS Synology SA3200D 1\" width=\"790\" height=\"450\" srcset=\"https:\/\/vietcorp.com\/store\/wp-content\/uploads\/2020\/11\/vietcorp-phan-phoi-nas-synology-sa3200d-service.png?v=1668219915 790w, https:\/\/vietcorp.com\/store\/wp-content\/uploads\/2020\/11\/vietcorp-phan-phoi-nas-synology-sa3200d-service-600x342.png?v=1668219915 600w, https:\/\/vietcorp.com\/store\/wp-content\/uploads\/2020\/11\/vietcorp-phan-phoi-nas-synology-sa3200d-service-768x437.png?v=1668219915 768w, https:\/\/vietcorp.com\/store\/wp-content\/uploads\/2020\/11\/vietcorp-phan-phoi-nas-synology-sa3200d-service-640x365.png?v=1668219915 640w, https:\/\/vietcorp.com\/store\/wp-content\/uploads\/2020\/11\/vietcorp-phan-phoi-nas-synology-sa3200d-service-400x228.png?v=1668219915 400w, https:\/\/vietcorp.com\/store\/wp-content\/uploads\/2020\/11\/vietcorp-phan-phoi-nas-synology-sa3200d-service-367x209.png?v=1668219915 367w\" sizes=\"(max-width: 790px) 100vw, 790px\" \/><\/p>\n<h2 style=\"text-align: center;\"><strong><span style=\"color: #0000ff;\">NAS Synology SA3200 c\u00f3 \u0111\u1ea7y \u0111\u1ee7 c\u00e1c \u1ee9ng d\u1ee5ng sao l\u01b0u mi\u1ec5n ph\u00ed \u0111\u1ea3m b\u1ea3o an to\u00e0n d\u1eef li\u1ec7u<\/span><\/strong><\/h2>\n<p>NAS Synology SA3400 k\u1ebft h\u1ee3p c\u00e1c \u1ee9ng d\u1ee5ng sao l\u01b0u kh\u00e1c nhau \u0111\u1ec3 cung c\u1ea5p giao di\u1ec7n ng\u01b0\u1eddi d\u00f9ng tr\u1ef1c quan v\u00e0 c\u00f4ng ngh\u1ec7 l\u01b0u tr\u1eef \u0111\u00e1ng tin c\u1eady \u0111\u1ec3 b\u1ea3o v\u1ec7 d\u1eef li\u1ec7u quan tr\u1ecdng c\u1ee7a b\u1ea1n tr\u00ean t\u1ea5t c\u1ea3 c\u00e1c thi\u1ebft b\u1ecb.<\/p>\n<p>&nbsp;<\/p>\n<table>\n<tbody>\n<tr>\n<td><img decoding=\"async\" class=\"aligncenter wp-image-3829 size-full\" src=\"https:\/\/www.vietcorp.com\/blog\/wp-content\/uploads\/2020\/12\/backup_solution_1.png\" alt=\"Thi\u1ebft b\u1ecb l\u01b0u tr\u1eef NAS Synology SA3200D 2\" width=\"60\" height=\"60\" \/><\/td>\n<td><img decoding=\"async\" class=\"aligncenter wp-image-3830 size-full\" src=\"https:\/\/www.vietcorp.com\/blog\/wp-content\/uploads\/2020\/12\/backup_solution_2.png\" alt=\"Thi\u1ebft b\u1ecb l\u01b0u tr\u1eef NAS Synology SA3200D 3\" width=\"60\" height=\"60\" \/><\/td>\n<td><img decoding=\"async\" class=\"aligncenter wp-image-3827 size-full\" src=\"https:\/\/www.vietcorp.com\/blog\/wp-content\/uploads\/2020\/12\/backup_solution_3.png\" alt=\"Thi\u1ebft b\u1ecb l\u01b0u tr\u1eef NAS Synology SA3200D 4\" width=\"60\" height=\"60\" \/><\/td>\n<td><img decoding=\"async\" class=\"aligncenter wp-image-3828 size-full\" src=\"https:\/\/www.vietcorp.com\/blog\/wp-content\/uploads\/2020\/12\/backup_solution_4.png\" alt=\"Thi\u1ebft b\u1ecb l\u01b0u tr\u1eef NAS Synology SA3200D 5\" width=\"60\" height=\"60\" \/><\/td>\n<\/tr>\n<tr>\n<td style=\"text-align: center;\"><a href=\"https:\/\/www.vietcorp.com\/store\/giai-phap-sao-luu-cho-pc-va-mac\/\"><strong>Active Backup for Business<\/strong><\/a><\/td>\n<td style=\"text-align: center;\"><a href=\"https:\/\/www.vietcorp.com\/store\/hyper-backup\/\"><strong>Hyper Backup<\/strong><\/a><\/td>\n<td>\n<p style=\"text-align: center;\"><a href=\"https:\/\/www.vietcorp.com\/store\/synology-drive\/\"><strong>Synology Drive<\/strong><\/a><\/p>\n<\/td>\n<td style=\"text-align: center;\"><strong><a href=\"https:\/\/www.vietcorp.com\/store\/giai-phap-sao-luu-microsoft-365\/\">Active Backup for Microsoft 365<\/a> \/ <a href=\"https:\/\/www.vietcorp.com\/store\/giai-phap-sao-luu-google-workspace\/\">Active Backup for Google Workspace<\/a><\/strong><\/td>\n<\/tr>\n<tr>\n<td>Qu\u1ea3n l\u00fd t\u1eadp trung c\u00e1c t\u00e1c v\u1ee5 sao l\u01b0u cho VMware, Windows v\u00e0 m\u00e1y ch\u1ee7 t\u1ec7p. Khi c\u1ea7n thi\u1ebft, kh\u00f4i ph\u1ee5c c\u00e1c d\u1ecbch v\u1ee5 b\u1ea1n c\u1ea7n m\u1ed9t c\u00e1ch nhanh ch\u00f3ng v\u00e0 \u0111\u00e1ng tin c\u1eady.<\/td>\n<td>Sao l\u01b0u ho\u00e0n to\u00e0n c\u00e1c t\u1ec7p c\u1ee7a b\u1ea1n v\u00e0o c\u00e1c th\u01b0 m\u1ee5c chia s\u1ebb c\u1ee5c b\u1ed9, thi\u1ebft b\u1ecb b\u00ean ngo\u00e0i, m\u1ed9t NAS Synology kh\u00e1c, m\u00e1y ch\u1ee7 rsync ho\u1eb7c \u0111\u00e1m m\u00e2y c\u00f4ng c\u1ed9ng \u0111\u1ec3 \u0111\u1ea3m b\u1ea3o an to\u00e0n cho d\u1eef li\u1ec7u.<\/td>\n<td>B\u1ea3o v\u1ec7 m\u00e1y t\u00ednh c\u1ee7a b\u1ea1n v\u1edbi Synology Drive Client. D\u1ec5 d\u00e0ng th\u1ef1c hi\u1ec7n sao l\u01b0u v\u00e0 kh\u00f4i ph\u1ee5c t\u1ec7p ngay l\u1eadp t\u1ee9c t\u1ea1i b\u1ea5t k\u1ef3 th\u1eddi \u0111i\u1ec3m n\u00e0o.<\/td>\n<td>B\u1ea3o v\u1ec7 d\u1eef li\u1ec7u c\u00f4ng ty \u0111\u01b0\u1ee3c l\u01b0u tr\u1eef tr\u00ean \u0111\u00e1m m\u00e2y. Qu\u1ea3n l\u00fd c\u00e1c gi\u1ea3i ph\u00e1p sao l\u01b0u c\u1ee5c b\u1ed9 v\u1edbi m\u1ed9t b\u1ea3ng \u0111i\u1ec1u khi\u1ec3n t\u1eadp trung. T\u1ed1i \u01b0u h\u00f3a hi\u1ec7u su\u1ea5t l\u01b0u tr\u1eef v\u1edbi c\u00f4ng ngh\u1ec7 l\u01b0u tr\u1eef m\u1ed9t phi\u00ean b\u1ea3n duy nh\u1ea5t v\u00e0 ch\u1ed1ng sao ch\u00e9p d\u1eef li\u1ec7u c\u1ea5p kh\u1ed1i.<\/td>\n<\/tr>\n<\/tbody>\n<\/table>\n<h2 style=\"text-align: center;\"><strong><span style=\"color: #0000ff;\"><span style=\"vertical-align: inherit;\">\u0110\u1ea7y \u0111\u1ee7 gi\u1ea3i ph\u00e1p ch\u1ee9ng nh\u1eadn \u1ea3o h\u00f3a<\/span><\/span><\/strong><\/h2>\n<p><span style=\"vertical-align: inherit;\">Synology gi\u1ea3i ph\u00e1p l\u01b0u tr\u1eef iSCSI archive. Vi\u1ec7c t\u00edch h\u1ee3p VMware vSphere 6 v\u00e0 VAAI c\u00f3 th\u1ec3 gi\u1ea3m t\u1ea3i ho\u1ea1t \u0111\u1ed9ng l\u01b0u tr\u1eef c\u00f4ng c\u1ee5 c\u00f3 th\u1ec3 v\u00e0 t\u1ed1i \u01b0u h\u00f3a hi\u1ec7u su\u1ea5t m\u00e1y t\u00ednh. Windows Offloaded Data Transfer (ODX) c\u1ea3i thi\u1ec7n hi\u1ec7u qu\u1ea3 x\u1ee9ng \u0111\u00e1ng c\u1ee7a c\u00f4ng vi\u1ec7c v\u00e0 truy\u1ec1n d\u1eef li\u1ec7u. H\u1ed7 tr\u1ee3 OpenStack Cinder c\u0169ng c\u00f3 th\u1ec3 \u0111\u1ecbnh c\u1ea5u h\u00ecnh c\u1ee7a b\u1ea1n NAS Synology nh\u01b0 m\u1ed9t thi\u1ebft b\u1ecb l\u01b0u tr\u1eef ph\u00e2n \u0111o\u1ea1n kh\u1ed1i.<\/span><img decoding=\"async\" class=\"aligncenter wp-image-3826 size-full\" src=\"https:\/\/vietcorp.com\/blog\/wp-content\/uploads\/2020\/12\/vmware.jpg\" alt=\"Thi\u1ebft b\u1ecb l\u01b0u tr\u1eef NAS Synology SA3200D 6\" width=\"768\" height=\"291\" \/><\/p>\n<h2 style=\"text-align: center;\"><strong><span style=\"color: #0000ff;\">B\u1ea3o h\u00e0nh 5 n\u0103m<\/span><\/strong><\/h2>\n<table>\n<tbody>\n<tr>\n<td><img decoding=\"async\" class=\"alignnone wp-image-1288 size-full\" src=\"https:\/\/vietcorp.com\/store\/wp-content\/uploads\/2020\/11\/5year_warranty_02-1.png\" alt=\"Thi\u1ebft b\u1ecb l\u01b0u tr\u1eef NAS Synology SA3200D 7\" width=\"199\" height=\"169\" \/><\/td>\n<td>Ch\u00fang t\u00f4i cam k\u1ebft v\u1ec1 ch\u1ea5t l\u01b0\u1ee3ng s\u1ea3n ph\u1ea9m, \u0111\u1ea3m b\u1ea3o tr\u1ea3i nghi\u1ec7m qu\u1ea3n l\u00fd d\u1eef li\u1ec7u m\u1ea1nh m\u1ebd v\u00e0 \u0111\u00e1ng tin c\u1eady v\u1edbi g\u00f3i b\u1ea3o h\u00e0nh 5 n\u0103m, cung c\u1ea5p d\u1ecbch v\u1ee5 h\u1ed7 tr\u1ee3 k\u1ef9 thu\u1eadt \u0111\u00e1p \u1ee9ng \u0111\u1ec3 t\u1ed1i \u0111a h\u00f3a l\u1ee3i t\u1ee9c \u0111\u1ea7u t\u01b0 c\u1ee7a b\u1ea1n.<\/td>\n<\/tr>\n<\/tbody>\n<\/table>\n<h2 style=\"text-align: center;\"><span id=\"Be_ngoai_cua_DS1520\" style=\"color: #0000ff;\"><strong>B\u1ec1 ngo\u00e0i c\u1ee7a NAS Synology SA3200D<\/strong><\/span><\/h2>\n<p>&nbsp;<\/p>\n<table>\n<tbody>\n<tr>\n<td style=\"text-align: left;\"><strong>M\u1eb7t tr\u01b0\u1edbc NAS Synology SA3200D<\/strong><\/td>\n<td style=\"text-align: left;\"><strong>M\u1eb7t sau NAS Synology SA3200D<\/strong><\/td>\n<\/tr>\n<tr>\n<td><img decoding=\"async\" class=\"alignnone wp-image-1603 size-full\" src=\"https:\/\/www.vietcorp.com\/store\/wp-content\/uploads\/2020\/11\/vietcorp-phan-phoi-nas-synology-sa3200d-backpanel_01.png\" alt=\"Thi\u1ebft b\u1ecb l\u01b0u tr\u1eef NAS Synology SA3200D 8\" width=\"672\" height=\"239\" srcset=\"https:\/\/vietcorp.com\/store\/wp-content\/uploads\/2020\/11\/vietcorp-phan-phoi-nas-synology-sa3200d-backpanel_01.png?v=1668219911 672w, https:\/\/vietcorp.com\/store\/wp-content\/uploads\/2020\/11\/vietcorp-phan-phoi-nas-synology-sa3200d-backpanel_01-600x213.png?v=1668219911 600w, https:\/\/vietcorp.com\/store\/wp-content\/uploads\/2020\/11\/vietcorp-phan-phoi-nas-synology-sa3200d-backpanel_01-640x228.png?v=1668219911 640w, https:\/\/vietcorp.com\/store\/wp-content\/uploads\/2020\/11\/vietcorp-phan-phoi-nas-synology-sa3200d-backpanel_01-400x142.png?v=1668219911 400w, https:\/\/vietcorp.com\/store\/wp-content\/uploads\/2020\/11\/vietcorp-phan-phoi-nas-synology-sa3200d-backpanel_01-367x131.png?v=1668219911 367w\" sizes=\"(max-width: 672px) 100vw, 672px\" \/><\/td>\n<td><img decoding=\"async\" class=\"alignnone wp-image-1602 size-full\" src=\"https:\/\/www.vietcorp.com\/store\/wp-content\/uploads\/2020\/11\/vietcorp-phan-phoi-nas-synology-sa3200d-backpanel_02.png\" alt=\"Thi\u1ebft b\u1ecb l\u01b0u tr\u1eef NAS Synology SA3200D 9\" width=\"661\" height=\"239\" srcset=\"https:\/\/vietcorp.com\/store\/wp-content\/uploads\/2020\/11\/vietcorp-phan-phoi-nas-synology-sa3200d-backpanel_02.png?v=1668219913 661w, https:\/\/vietcorp.com\/store\/wp-content\/uploads\/2020\/11\/vietcorp-phan-phoi-nas-synology-sa3200d-backpanel_02-600x217.png?v=1668219913 600w, https:\/\/vietcorp.com\/store\/wp-content\/uploads\/2020\/11\/vietcorp-phan-phoi-nas-synology-sa3200d-backpanel_02-640x231.png?v=1668219913 640w, https:\/\/vietcorp.com\/store\/wp-content\/uploads\/2020\/11\/vietcorp-phan-phoi-nas-synology-sa3200d-backpanel_02-400x145.png?v=1668219913 400w, https:\/\/vietcorp.com\/store\/wp-content\/uploads\/2020\/11\/vietcorp-phan-phoi-nas-synology-sa3200d-backpanel_02-367x133.png?v=1668219913 367w\" sizes=\"(max-width: 661px) 100vw, 661px\" \/><\/td>\n<\/tr>\n<tr>\n<td>1. N\u00fat ngu\u1ed3n v\u00e0 \u0111\u00e8n b\u00e1o<\/td>\n<td>10. Network 1GbE RJ-45<\/td>\n<\/tr>\n<tr>\n<td>2. N\u00fat t\u1eaft ti\u1ebfng b\u00edp<\/td>\n<td>11. Network 10GbE RJ-45 (10GBASE-T)<\/td>\n<\/tr>\n<tr>\n<td>3. Khay \u1ed5 \u0111\u0129a<\/td>\n<td>12. C\u1ed5ng m\u1edf r\u1ed9ng<\/td>\n<\/tr>\n<tr>\n<td>4. \u0110\u00e8n b\u00e1o tr\u1ea1ng th\u00e1i \u1ed5 \u0111\u0129a<\/td>\n<td>13. N\u00fat reset<\/td>\n<\/tr>\n<tr>\n<td>5. Ngu\u1ed3n \u0111i\u1ec7n<\/td>\n<td>14. \u0110\u00e8n ngu\u1ed3n<\/td>\n<\/tr>\n<tr>\n<td>6. \u0110\u00e8n b\u00e1o ngu\u1ed3n v\u00e0 n\u00fat t\u1eaft ti\u1ebfng b\u00edp<\/td>\n<td>15. \u0110\u00e8n tr\u1ea1ng th\u00e1i<\/td>\n<\/tr>\n<tr>\n<td>7. Qu\u1ea1t ngu\u1ed3n<\/td>\n<td>16. \u0110\u00e8n c\u1ea3nh b\u00e1o<\/td>\n<\/tr>\n<tr>\n<td>8. Khe PCIe m\u1edf r\u1ed9ng<\/td>\n<td>17. T\u1eaft c\u1ea3nh b\u00e1o<\/td>\n<\/tr>\n<tr>\n<td>9. Console port<\/td>\n<td><\/td>\n<\/tr>\n<\/tbody>\n<\/table>\n<p>Xem th\u00eam th\u00f4ng tin h\u1ed7 tr\u1ee3 cho <strong>thi\u1ebft b\u1ecb l\u01b0u tr\u1eef NAS Synology SA3200D<\/strong><\/p>\n<ul>\n<li><a href=\"https:\/\/www.vietcorp.com\/vn\/2819\/chung-nhan-vietcorp-doi-tac-cua-synology\/\">Ch\u1ee9ng nh\u1eadn Synology<\/a><\/li>\n<li><a href=\"https:\/\/vietcorp.com\/support\/synology\/\">Support Synology<\/a><\/li>\n<li><a href=\"https:\/\/www.vietcorp.com\/blog\/tag\/showcase-synology\/\">Showcase Synology<\/a><\/li>\n<\/ul>\n","protected":false},"excerpt":{"rendered":"<p>Dual controller architecture<br \/>\nNAS 12 khay \u1ed5 \u0111\u0129a max 36 \u1ed5 \u0111\u0129a<br \/>\nOver 90,000 4K random<br \/>\n1 RJ-45 10GbE, 2 RJ-45 1GbE<br \/>\nB\u1ea3o h\u00e0nh 60 th\u00e1ng<\/p>\n","protected":false},"featured_media":7012,"template":"","meta":[],"product_brand":[],"product_cat":[15,404],"product_tag":[53,30,520,31,59,519,23,92,521],"class_list":{"0":"post-222","1":"product","2":"type-product","3":"status-publish","4":"has-post-thumbnail","6":"product_cat-nas","7":"product_cat-sa-series","8":"product_tag-nas","9":"product_tag-nas-12-bay","10":"product_tag-nas-sa3200d","11":"product_tag-rackstation","12":"product_tag-sa-series","13":"product_tag-sa3200d","14":"product_tag-synology","15":"product_tag-synology-nas","16":"product_tag-synology-sa3200d","17":"pa_bao-hanh-60-thang","18":"pa_bo-nho-ram-8-gb","19":"pa_bo-nho-ram-mo-rong-den-64-gb","20":"pa_bo-vxl-cpu-intel-xeon","21":"pa_chung-loai-nas","22":"pa_cong-giao-tiep-1-x-expansion-port","23":"pa_cong-giao-tiep-2-x-rj-45-10gbe","24":"pa_cong-giao-tiep-2-x-rj-45-1gbe","25":"pa_drive-bays-12-bays","26":"pa_dung-luong-chua-co-o-cung","27":"pa_form-factor-2u-rackmount","28":"pa_muc-dich-su-dung-danh-cho-doanh-nghiep-lon","29":"pa_muc-dich-su-dung-danh-cho-doanh-nghiep-vua","30":"pa_thuong-hieu-synology","31":"pa_tinh-nang-phan-cung-64-bit-architecture","32":"pa_tinh-nang-phan-cung-encryption-engine-aes-ni","33":"pa_tinh-nang-phan-cung-expandable-storage-capacity","34":"pa_tinh-nang-phan-cung-hot-swappable-drives","35":"pa_tinh-nang-phan-cung-sas-drive-support","36":"pa_tinh-nang-phan-cung-upgradeable-ram","37":"pa_tinh-nang-phan-mem-active-backup-for-business","38":"pa_tinh-nang-phan-mem-btrfs-file-system","39":"pa_tinh-nang-phan-mem-raid-f1","40":"pa_tinh-nang-phan-mem-snapshot-replication","41":"pa_tinh-nang-phan-mem-virtual-machine-manager","43":"first","44":"onbackorder","45":"taxable","46":"shipping-taxable","47":"product-type-simple"},"_links":{"self":[{"href":"https:\/\/vietcorp.com\/store\/wp-json\/wp\/v2\/product\/222","targetHints":{"allow":["GET"]}}],"collection":[{"href":"https:\/\/vietcorp.com\/store\/wp-json\/wp\/v2\/product"}],"about":[{"href":"https:\/\/vietcorp.com\/store\/wp-json\/wp\/v2\/types\/product"}],"wp:featuredmedia":[{"embeddable":true,"href":"https:\/\/vietcorp.com\/store\/wp-json\/wp\/v2\/media\/7012"}],"wp:attachment":[{"href":"https:\/\/vietcorp.com\/store\/wp-json\/wp\/v2\/media?parent=222"}],"wp:term":[{"taxonomy":"product_brand","embeddable":true,"href":"https:\/\/vietcorp.com\/store\/wp-json\/wp\/v2\/product_brand?post=222"},{"taxonomy":"product_cat","embeddable":true,"href":"https:\/\/vietcorp.com\/store\/wp-json\/wp\/v2\/product_cat?post=222"},{"taxonomy":"product_tag","embeddable":true,"href":"https:\/\/vietcorp.com\/store\/wp-json\/wp\/v2\/product_tag?post=222"}],"curies":[{"name":"wp","href":"https:\/\/api.w.org\/{rel}","templated":true}]}}