


{"id":2206,"date":"2022-10-06T15:55:50","date_gmt":"2022-10-06T08:55:50","guid":{"rendered":"https:\/\/www.vietcorp.com\/store\/?post_type=product&#038;p=2206"},"modified":"2025-12-11T11:43:21","modified_gmt":"2025-12-11T04:43:21","slug":"thiet-bi-mo-rong-nas-synology-rx1222sas","status":"publish","type":"product","link":"https:\/\/vietcorp.com\/store\/2206\/thiet-bi-mo-rong-nas-synology-rx1222sas\/","title":{"rendered":"Synology RX1222SAS"},"content":{"rendered":"<p><a href=\"https:\/\/www.vietcorp.com\/store\/2206\/thiet-bi-mo-rong-nas-synology-rx1222sas\/\"><strong>Thi\u1ebft b\u1ecb m\u1edf r\u1ed9ng NAS Synology RX1222sas<\/strong><\/a> m\u1edf r\u1ed9ng dung l\u01b0\u1ee3ng plug-and-play cho c\u00e1c m\u00e1y ch\u1ee7 h\u1ec7 th\u1ed1ng Synology. M\u1edf r\u1ed9ng b\u1ed9 l\u01b0u tr\u1eef SAS rackmount Synology c\u1ee7a b\u1ea1n 12 khay \u1ed5 \u0111\u0129a c\u00f9ng m\u1ed9t l\u00fac, cho t\u1ed1i \u0111a 84 \u1ed5 SAS \/ SATA 3,5 &#8220;\/ 2,5&#8221; b\u1ed5 sung v\u1edbi t\u1ed1i \u0111a 7 \u0111\u01a1n v\u1ecb m\u1edf r\u1ed9ng <strong>Synology RX1222sas<\/strong>. Th\u00eam kh\u1ed1i l\u01b0\u1ee3ng khi c\u1ea7n v\u00e0 \u1edf nh\u1eefng n\u01a1i c\u1ea7n thi\u1ebft m\u00e0 kh\u00f4ng l\u00e0m gi\u00e1n \u0111o\u1ea1n d\u1ecbch v\u1ee5, nh\u1edd t\u00ednh n\u0103ng m\u1edf r\u1ed9ng kh\u1ed1i l\u01b0\u1ee3ng tr\u1ef1c tuy\u1ebfn c\u1ee7a <a href=\"https:\/\/www.vietcorp.com\/store\/synology-diskstation-manager-7-2\/\">Synology DiskStation Manager<\/a> (DSM) v\u00e0 c\u00e1c t\u00f9y ch\u1ecdn qu\u1ea3n l\u00fd kh\u1ed1i l\u01b0\u1ee3ng m\u1ea1nh m\u1ebd.<\/p>\n<p><strong><a href=\"https:\/\/www.vietcorp.com\/store\/product-tag\/expansion\/\">Thi\u1ebft b\u1ecb m\u1edf r\u1ed9ng NAS Synology<\/a> RX1222sas<\/strong> h\u1ed7 tr\u1ee3 c\u00e1c d\u00f2ng SA: <strong>SA3610, SA3600, SA3410, SA3400<\/strong><\/p>\n<h3><strong>Thi\u1ebft l\u1eadp v\u00e0 qu\u1ea3n l\u00fd d\u1ec5 d\u00e0ng<\/strong><\/h3>\n<p>K\u1ebft n\u1ed1i RX1222sas th\u00f4ng qua c\u00e1p m\u1edf r\u1ed9ng \u0111i k\u00e8m v\u00e0 b\u1eaft \u0111\u1ea7u qu\u1ea3n l\u00fd b\u1ed9 nh\u1edb b\u1ed5 sung trong v\u00e0i ph\u00fat v\u1edbi Tr\u00ecnh qu\u1ea3n l\u00fd b\u1ed9 nh\u1edb v\u00e0 c\u00e1c c\u00f4ng c\u1ee5 tr\u1ef1c quan kh\u00e1c trong Synology DSM. M\u1edf r\u1ed9ng kh\u1ed1i l\u01b0\u1ee3ng tr\u1ef1c tuy\u1ebfn cho ph\u00e9p b\u1ea1n th\u00eam m\u1ed9t kh\u1ed1i l\u01b0\u1ee3ng m\u1edbi ho\u1eb7c m\u1edf r\u1ed9ng kh\u1ed1i l\u01b0\u1ee3ng RAID m\u00e0 kh\u00f4ng c\u1ea7n \u0111\u1ecbnh d\u1ea1ng l\u1ea1i \u1ed5 \u0111\u0129a.<\/p>\n<figure id=\"attachment_2212\" aria-describedby=\"caption-attachment-2212\" style=\"width: 600px\" class=\"wp-caption aligncenter\"><img decoding=\"async\" class=\"size-full wp-image-2212\" src=\"https:\/\/www.vietcorp.com\/store\/wp-content\/uploads\/2022\/10\/thiet-bi-mo-rong-nas-synology-rx1222sas-4.jpg\" alt=\"Thi\u1ebft b\u1ecb m\u1edf r\u1ed9ng NAS Synology RX1222sas 1\" width=\"600\" height=\"378\" srcset=\"https:\/\/vietcorp.com\/store\/wp-content\/uploads\/2022\/10\/thiet-bi-mo-rong-nas-synology-rx1222sas-4.jpg?v=1668219335 600w, https:\/\/vietcorp.com\/store\/wp-content\/uploads\/2022\/10\/thiet-bi-mo-rong-nas-synology-rx1222sas-4-400x252.jpg?v=1668219335 400w, https:\/\/vietcorp.com\/store\/wp-content\/uploads\/2022\/10\/thiet-bi-mo-rong-nas-synology-rx1222sas-4-367x231.jpg?v=1668219335 367w\" sizes=\"(max-width: 600px) 100vw, 600px\" \/><figcaption id=\"caption-attachment-2212\" class=\"wp-caption-text\">Thi\u1ebft b\u1ecb m\u1edf r\u1ed9ng nas synology rx1222sas<\/figcaption><\/figure>\n<h3><strong>2 b\u1ed9 ngu\u1ed3n gi\u00fap h\u1ec7 th\u1ed1ng ho\u1ea1t \u0111\u1ed9ng li\u00ean t\u1ee5c<\/strong><\/h3>\n<p>Khay \u1ed5 \u0111\u0129a, qu\u1ea1t v\u00e0 b\u1ed9 ngu\u1ed3n c\u00f3 th\u1ec3 thay th\u1ebf n\u00f3ng c\u1ee7a RX1222sas gi\u00fap gi\u1ea3m t\u00e1c \u0111\u1ed9ng c\u1ee7a vi\u1ec7c b\u1ea3o tr\u00ec \u0111\u1ebfn d\u1ecbch v\u1ee5, b\u1ed9 ngu\u1ed3n d\u1ef1 ph\u00f2ng gi\u00fap h\u1ec7 th\u1ed1ng c\u1ee7a b\u1ea1n lu\u00f4n ho\u1ea1t \u0111\u1ed9ng trong tr\u01b0\u1eddng h\u1ee3p m\u1ed9t ngu\u1ed3n \u0111i\u1ec7n b\u1ecb l\u1ed7i.<\/p>\n<figure id=\"attachment_2211\" aria-describedby=\"caption-attachment-2211\" style=\"width: 600px\" class=\"wp-caption aligncenter\"><img decoding=\"async\" class=\"size-full wp-image-2211\" src=\"https:\/\/www.vietcorp.com\/store\/wp-content\/uploads\/2022\/10\/thiet-bi-mo-rong-nas-synology-rx1222sas-3.jpg\" alt=\"Thi\u1ebft b\u1ecb m\u1edf r\u1ed9ng NAS Synology RX1222sas 2\" width=\"600\" height=\"600\" srcset=\"https:\/\/vietcorp.com\/store\/wp-content\/uploads\/2022\/10\/thiet-bi-mo-rong-nas-synology-rx1222sas-3.jpg?v=1668219336 600w, https:\/\/vietcorp.com\/store\/wp-content\/uploads\/2022\/10\/thiet-bi-mo-rong-nas-synology-rx1222sas-3-400x400.jpg?v=1668219336 400w, https:\/\/vietcorp.com\/store\/wp-content\/uploads\/2022\/10\/thiet-bi-mo-rong-nas-synology-rx1222sas-3-560x560.jpg?v=1668219336 560w, https:\/\/vietcorp.com\/store\/wp-content\/uploads\/2022\/10\/thiet-bi-mo-rong-nas-synology-rx1222sas-3-367x367.jpg?v=1668219336 367w\" sizes=\"(max-width: 600px) 100vw, 600px\" \/><figcaption id=\"caption-attachment-2211\" class=\"wp-caption-text\">2 b\u1ed9 ngu\u1ed3n gi\u00fap h\u1ec7 th\u1ed1ng ho\u1ea1t \u0111\u1ed9ng li\u00ean t\u1ee5c<\/figcaption><\/figure>\n<h3><strong>B\u1ea3o h\u00e0nh 5 n\u0103m<\/strong><\/h3>\n<p>Synology b\u1ea3o h\u00e0nh c\u00f3 gi\u1edbi h\u1ea1n 5 n\u0103m<\/p>\n<h3><strong>C\u1ea5u t\u1ea1o thi\u1ebft b\u1ecb m\u1edf r\u1ed9ng NAS Synology RX1222sas<\/strong><\/h3>\n<figure id=\"attachment_2213\" aria-describedby=\"caption-attachment-2213\" style=\"width: 1024px\" class=\"wp-caption aligncenter\"><img decoding=\"async\" class=\"size-full wp-image-2213\" src=\"https:\/\/www.vietcorp.com\/store\/wp-content\/uploads\/2022\/10\/thiet-bi-mo-rong-nas-synology-rx1222sas-6.jpg\" alt=\"Thi\u1ebft b\u1ecb m\u1edf r\u1ed9ng NAS Synology RX1222sas 3\" width=\"1024\" height=\"310\" srcset=\"https:\/\/vietcorp.com\/store\/wp-content\/uploads\/2022\/10\/thiet-bi-mo-rong-nas-synology-rx1222sas-6.jpg?v=1668219333 1024w, https:\/\/vietcorp.com\/store\/wp-content\/uploads\/2022\/10\/thiet-bi-mo-rong-nas-synology-rx1222sas-6-600x182.jpg?v=1668219333 600w, https:\/\/vietcorp.com\/store\/wp-content\/uploads\/2022\/10\/thiet-bi-mo-rong-nas-synology-rx1222sas-6-768x233.jpg?v=1668219333 768w, https:\/\/vietcorp.com\/store\/wp-content\/uploads\/2022\/10\/thiet-bi-mo-rong-nas-synology-rx1222sas-6-640x194.jpg?v=1668219333 640w, https:\/\/vietcorp.com\/store\/wp-content\/uploads\/2022\/10\/thiet-bi-mo-rong-nas-synology-rx1222sas-6-400x121.jpg?v=1668219333 400w, https:\/\/vietcorp.com\/store\/wp-content\/uploads\/2022\/10\/thiet-bi-mo-rong-nas-synology-rx1222sas-6-367x111.jpg?v=1668219333 367w\" sizes=\"(max-width: 1024px) 100vw, 1024px\" \/><figcaption id=\"caption-attachment-2213\" class=\"wp-caption-text\">C\u1ea5u t\u1ea1o thi\u1ebft b\u1ecb m\u1edf r\u1ed9ng NAS Synology RX1222sas<\/figcaption><\/figure>\n<p>Xem th\u00eam NAS Synology:<\/p>\n<ul>\n<li><a href=\"https:\/\/www.vietcorp.com\/vn\/2819\/chung-nhan-vietcorp-doi-tac-cua-synology\/\">Ch\u1ee9ng nh\u1eadn Synology<\/a><\/li>\n<li><a href=\"https:\/\/vietcorp.com\/support\/synology\/\">Support Synology<\/a><\/li>\n<li><a href=\"https:\/\/www.vietcorp.com\/blog\/tag\/showcase-synology\/\">Showcase Synology<\/a><\/li>\n<\/ul>\n<p>&nbsp;<\/p>\n","protected":false},"excerpt":{"rendered":"<p>Synology RX1222sas<br \/>\nApplied Models: SA3610, SA3600, SA3410, SA3400<br \/>\nStorage: 12 Bays<br \/>\nB\u1ea3o h\u00e0nh 60 th\u00e1ng<\/p>\n","protected":false},"featured_media":7812,"template":"","meta":[],"product_brand":[],"product_cat":[363],"product_tag":[47,53,30],"class_list":{"0":"post-2206","1":"product","2":"type-product","3":"status-publish","4":"has-post-thumbnail","6":"product_cat-expansion-units","7":"product_tag-expansion","8":"product_tag-nas","9":"product_tag-nas-12-bay","11":"first","12":"outofstock","13":"taxable","14":"shipping-taxable","15":"product-type-simple"},"_links":{"self":[{"href":"https:\/\/vietcorp.com\/store\/wp-json\/wp\/v2\/product\/2206","targetHints":{"allow":["GET"]}}],"collection":[{"href":"https:\/\/vietcorp.com\/store\/wp-json\/wp\/v2\/product"}],"about":[{"href":"https:\/\/vietcorp.com\/store\/wp-json\/wp\/v2\/types\/product"}],"wp:featuredmedia":[{"embeddable":true,"href":"https:\/\/vietcorp.com\/store\/wp-json\/wp\/v2\/media\/7812"}],"wp:attachment":[{"href":"https:\/\/vietcorp.com\/store\/wp-json\/wp\/v2\/media?parent=2206"}],"wp:term":[{"taxonomy":"product_brand","embeddable":true,"href":"https:\/\/vietcorp.com\/store\/wp-json\/wp\/v2\/product_brand?post=2206"},{"taxonomy":"product_cat","embeddable":true,"href":"https:\/\/vietcorp.com\/store\/wp-json\/wp\/v2\/product_cat?post=2206"},{"taxonomy":"product_tag","embeddable":true,"href":"https:\/\/vietcorp.com\/store\/wp-json\/wp\/v2\/product_tag?post=2206"}],"curies":[{"name":"wp","href":"https:\/\/api.w.org\/{rel}","templated":true}]}}