


{"id":213,"date":"2020-11-03T10:37:08","date_gmt":"2020-11-03T03:37:08","guid":{"rendered":"https:\/\/www.vietcorp.com\/store\/product\/synology-fs6400\/"},"modified":"2025-02-21T14:50:57","modified_gmt":"2025-02-21T07:50:57","slug":"thiet-bi-luu-tru-nas-synology-fs6400","status":"publish","type":"product","link":"https:\/\/vietcorp.com\/store\/213\/thiet-bi-luu-tru-nas-synology-fs6400\/","title":{"rendered":"Synology FS6400"},"content":{"rendered":"<h2><strong>Thi\u1ebft b\u1ecb l\u01b0u tr\u1eef NAS <a href=\"https:\/\/www.vietcorp.com\/store\/213\/thiet-bi-luu-tru-nas-synology-fs6400\/\">Synology FS6400<\/a><\/strong><\/h2>\n<p>M\u00e1y ch\u1ee7 all-flash si\u00eau t\u1ed1c h\u01b0\u1edbng t\u1edbi c\u00e1c \u1ee9ng d\u1ee5ng I\/O chuy\u00ean s\u00e2u<\/p>\n<p><strong><img decoding=\"async\" class=\"aligncenter size-full wp-image-6123\" src=\"https:\/\/www.vietcorp.com\/store\/wp-content\/uploads\/2020\/11\/thiet-bi-luu-tru-nas-synology-fs6400-21.png\" alt=\"Thi\u1ebft b\u1ecb l\u01b0u tr\u1eef NAS Synology FS6400 1\" width=\"600\" height=\"133\" srcset=\"https:\/\/vietcorp.com\/store\/wp-content\/uploads\/2020\/11\/thiet-bi-luu-tru-nas-synology-fs6400-21.png 600w, https:\/\/vietcorp.com\/store\/wp-content\/uploads\/2020\/11\/thiet-bi-luu-tru-nas-synology-fs6400-21-400x89.png 400w, https:\/\/vietcorp.com\/store\/wp-content\/uploads\/2020\/11\/thiet-bi-luu-tru-nas-synology-fs6400-21-367x81.png 367w\" sizes=\"(max-width: 600px) 100vw, 600px\" \/><\/strong><\/p>\n<p><strong>Th\u00f4ng s\u1ed1 k\u1ef9 thu\u1eadt NAS Synology FS6400:<\/strong><\/p>\n<ul>\n<li>CPU: <strong>Intel Xeon Silver 4110<\/strong><\/li>\n<li>RAM: <strong>32 GB DDR4 ECC RDIMM up to 512 GB (32 GB x 16)<\/strong><\/li>\n<li>Storage: <strong>24 khay \u1ed5 \u0111\u0129a up to 48 (RX1217sas x 2) \/ 72 (FX2421* x 2)<\/strong><\/li>\n<li>External ports: <strong>2 c\u1ed5ng RJ-45 1GbE LAN, 2 c\u1ed5ng USB 3.2 Gen 1<\/strong><\/li>\n<li><strong>B\u1ea3o h\u00e0nh 60 th\u00e1ng<\/strong><\/li>\n<\/ul>\n<p><center><iframe loading=\"lazy\" title=\"Synology FS6400\" src=\"https:\/\/www.youtube.com\/embed\/oH22E2kf7gc\" width=\"452\" height=\"803\" frameborder=\"0\" allowfullscreen=\"allowfullscreen\"><\/iframe><\/center><\/p>\n<h3><strong>Hi\u1ec7u su\u1ea5t v\u01b0\u1ee3t tr\u1ed9i<\/strong><\/h3>\n<p><a href=\"https:\/\/www.vietcorp.com\/store\/nas-synology-flashstation\/\">Synology FlashStation<\/a> FS6400 l\u00e0 m\u00e1y ch\u1ee7 g\u1eafn khung 2U \u0111\u01b0\u1ee3c thi\u1ebft k\u1ebf cho c\u00e1c t\u00e1c v\u1ee5 I\/O chuy\u00ean s\u00e2u v\u00e0 \u0111\u00f2i h\u1ecfi ch\u00ednh x\u00e1c v\u1ec1 th\u1eddi gian, l\u00fd t\u01b0\u1edfng cho c\u00f4ng vi\u1ec7c x\u1eed l\u00fd h\u1eadu k\u1ef3 \u0111a ph\u01b0\u01a1ng ti\u1ec7n, m\u00e1y \u1ea3o, x\u1eed l\u00fd giao d\u1ecbch tr\u1ef1c tuy\u1ebfn ho\u1eb7c c\u00e1c \u1ee9ng d\u1ee5ng c\u01a1 s\u1edf d\u1eef li\u1ec7u.<\/p>\n<p style=\"text-align: center;\"><strong>CPU<\/strong><\/p>\n<p style=\"text-align: center;\"><img decoding=\"async\" class=\"aligncenter size-full wp-image-6124\" src=\"https:\/\/www.vietcorp.com\/store\/wp-content\/uploads\/2020\/11\/3thiet-bi-luu-tru-nas-synology-fs6400-12.jpg\" alt=\"Thi\u1ebft b\u1ecb l\u01b0u tr\u1eef NAS Synology FS6400 2\" width=\"64\" height=\"64\" \/><\/p>\n<p style=\"text-align: center;\">Intel\u00ae Xeon\u00ae Silver 8 nh\u00e2n k\u00e9p v\u1edbi NUMA<\/p>\n<p style=\"text-align: center;\"><strong>B\u1ed9 nh\u1edb<\/strong><\/p>\n<p style=\"text-align: center;\"><img decoding=\"async\" class=\"aligncenter size-full wp-image-6116\" src=\"https:\/\/www.vietcorp.com\/store\/wp-content\/uploads\/2020\/11\/thiet-bi-luu-tru-nas-synology-fs6400-14.jpg\" alt=\"Thi\u1ebft b\u1ecb l\u01b0u tr\u1eef NAS Synology FS6400 3\" width=\"64\" height=\"64\" \/><\/p>\n<p style=\"text-align: center;\">DDR4 ECC RDIMM, l\u00ean \u0111\u1ebfn 512 GB<\/p>\n<p style=\"text-align: center;\"><strong>Hi\u1ec7u su\u1ea5t cao<\/strong><\/p>\n<p style=\"text-align: center;\"><img decoding=\"async\" class=\"aligncenter size-full wp-image-6115\" src=\"https:\/\/www.vietcorp.com\/store\/wp-content\/uploads\/2020\/11\/thiet-bi-luu-tru-nas-synology-fs6400-13.jpg\" alt=\"Thi\u1ebft b\u1ecb l\u01b0u tr\u1eef NAS Synology FS6400 4\" width=\"64\" height=\"64\" \/><\/p>\n<p style=\"text-align: center;\">H\u01a1n 240,000 IOPS ghi ng\u1eabu nhi\u00ean iSCSI 4K<\/p>\n<p style=\"text-align: center;\"><strong>Kh\u1ea3 n\u0103ng m\u1edf r\u1ed9ng quy m\u00f4<\/strong><\/p>\n<p style=\"text-align: center;\"><img decoding=\"async\" class=\"aligncenter size-full wp-image-6124\" src=\"https:\/\/www.vietcorp.com\/store\/wp-content\/uploads\/2020\/11\/3thiet-bi-luu-tru-nas-synology-fs6400-12.jpg\" alt=\"Thi\u1ebft b\u1ecb l\u01b0u tr\u1eef NAS Synology FS6400 5\" width=\"64\" height=\"64\" \/><\/p>\n<p style=\"text-align: center;\">L\u00ean \u0111\u1ebfn 72 \u1ed5 \u0111\u0129a v\u1edbi FX24211<\/p>\n<h3 style=\"text-align: center;\"><strong>H\u1ec7 th\u1ed1ng m\u1ea1ng nhanh ch\u00f3ng v\u00e0 \u0111\u00e1ng tin c\u1eady<\/strong><\/h3>\n<p style=\"text-align: center;\"><img decoding=\"async\" class=\"aligncenter size-full wp-image-6114\" src=\"https:\/\/www.vietcorp.com\/store\/wp-content\/uploads\/2020\/11\/thiet-bi-luu-tru-nas-synology-fs6400-12.jpg\" alt=\"Thi\u1ebft b\u1ecb l\u01b0u tr\u1eef NAS Synology FS6400 6\" width=\"600\" height=\"259\" srcset=\"https:\/\/vietcorp.com\/store\/wp-content\/uploads\/2020\/11\/thiet-bi-luu-tru-nas-synology-fs6400-12.jpg 600w, https:\/\/vietcorp.com\/store\/wp-content\/uploads\/2020\/11\/thiet-bi-luu-tru-nas-synology-fs6400-12-400x173.jpg 400w, https:\/\/vietcorp.com\/store\/wp-content\/uploads\/2020\/11\/thiet-bi-luu-tru-nas-synology-fs6400-12-367x158.jpg 367w\" sizes=\"(max-width: 600px) 100vw, 600px\" \/><\/p>\n<p style=\"text-align: center;\">V\u1edbi thi\u1ebft k\u1ebf multi-LAN, FS6400 c\u00f3 kh\u1ea3 n\u0103ng th\u1ef1c hi\u1ec7n Link Aggregation v\u00e0 failover. \u0110\u1ed1i v\u1edbi m\u00f4i tr\u01b0\u1eddng y\u00eau c\u1ea7u t\u1ed1c \u0111\u1ed9 cao h\u01a1n, hai th\u1ebb m\u1edf r\u1ed9ng Ethernet t\u00f9y ch\u1ecdn c\u00f3 th\u1ec3 \u0111\u01b0\u1ee3c l\u1eafp \u0111\u1eb7t tr\u00ean khe PCIe 3.0 \u0111\u1ec3 cung c\u1ea5p truy\u1ec1n d\u1eef li\u1ec7u nhanh.<\/p>\n<h3 style=\"text-align: center;\"><strong>iSCSI v\u00e0 c\u00e1c gi\u1ea3i ph\u00e1p \u1ea3o h\u00f3a to\u00e0n di\u1ec7n<\/strong><\/h3>\n<p style=\"text-align: center;\"><img decoding=\"async\" class=\"aligncenter size-full wp-image-6106\" src=\"https:\/\/www.vietcorp.com\/store\/wp-content\/uploads\/2020\/11\/thiet-bi-luu-tru-nas-synology-fs6400-5.jpg\" alt=\"Thi\u1ebft b\u1ecb l\u01b0u tr\u1eef NAS Synology FS6400 7\" width=\"548\" height=\"132\" srcset=\"https:\/\/vietcorp.com\/store\/wp-content\/uploads\/2020\/11\/thiet-bi-luu-tru-nas-synology-fs6400-5.jpg 548w, https:\/\/vietcorp.com\/store\/wp-content\/uploads\/2020\/11\/thiet-bi-luu-tru-nas-synology-fs6400-5-400x96.jpg 400w, https:\/\/vietcorp.com\/store\/wp-content\/uploads\/2020\/11\/thiet-bi-luu-tru-nas-synology-fs6400-5-367x88.jpg 367w\" sizes=\"(max-width: 548px) 100vw, 548px\" \/><\/p>\n<p style=\"text-align: center;\">B\u1ed9 nh\u1edb Synology iSCSI h\u1ed7 tr\u1ee3 h\u1ea7u h\u1ebft c\u00e1c gi\u1ea3i ph\u00e1p \u1ea3o h\u00f3a nh\u01b0 VMware vSphere, Microsoft Hyper-V, Citrix Xen Server v\u00e0 OpenStack Cinder \u0111\u1ec3 n\u00e2ng cao hi\u1ec7u qu\u1ea3 c\u00f4ng vi\u1ec7c. B\u1ea1n c\u00f3 th\u1ec3 ch\u1ea1y v\u00e0 qu\u1ea3n l\u00fd nhi\u1ec1u m\u00e1y \u1ea3o tr\u00ean Windows, Linux ho\u1eb7c DSM b\u1eb1ng <a href=\"https:\/\/www.vietcorp.com\/store\/virtual-machine-manager-giam-sat-may-ao-truc-quan\/\"><strong>Virtual Machine Manager<\/strong><\/a>.<\/p>\n<h3 style=\"text-align: center;\"><strong>H\u1ec7 th\u1ed1ng t\u1eadp tin th\u1ebf h\u1ec7 m\u1edbi \u0111\u1ec3 b\u1ea3o v\u1ec7 d\u1eef li\u1ec7u t\u1ed1t h\u01a1n<\/strong><\/h3>\n<p><img decoding=\"async\" class=\"aligncenter size-full wp-image-6109\" src=\"https:\/\/www.vietcorp.com\/store\/wp-content\/uploads\/2020\/11\/thiet-bi-luu-tru-nas-synology-fs6400-8.gif\" alt=\"Thi\u1ebft b\u1ecb l\u01b0u tr\u1eef NAS Synology FS6400 8\" width=\"597\" height=\"122\" \/><\/p>\n<p><a href=\"https:\/\/www.vietcorp.com\/store\/cach-btrfs-bao-ve-du-lieu-cong-ty-ban\/\">H\u1ec7 th\u1ed1ng t\u1eadp tin Btrfs<\/a> gi\u1edbi thi\u1ec7u c\u00e1c c\u00f4ng ngh\u1ec7 l\u01b0u tr\u1eef ti\u00ean ti\u1ebfn v\u00e0 b\u1ea3n ghi nhanh \u0111\u01b0\u1ee3c t\u1ed1i \u01b0u h\u00f3a \u0111\u1ec3 ng\u0103n ng\u1eeba l\u1ed7i d\u1eef li\u1ec7u v\u00e0 gi\u1ea3m chi ph\u00ed b\u1ea3o tr\u00ec. H\u1ec7 th\u1ed1ng n\u00e0y s\u1eed d\u1ee5ng c\u00e1c c\u00f4ng c\u1ee5 ph\u1ee5c h\u1ed3i v\u00e0 b\u1ea3o v\u1ec7 d\u1eef li\u1ec7u linh ho\u1ea1t, hi\u1ec7u qu\u1ea3 m\u00e0 v\u1eabn \u0111\u1ea3m b\u1ea3o to\u00e0n v\u1eb9n d\u1eef li\u1ec7u c\u1ea5p cao.<\/p>\n<ul>\n<li>Th\u01b0 m\u1ee5c chia s\u1ebb\/H\u1ec7 th\u1ed1ng h\u1ea1n m\u1ee9c ng\u01b0\u1eddi d\u00f9ng linh ho\u1ea1t mang \u0111\u1ebfn quy\u1ec1n ki\u1ec3m so\u00e1t h\u1ea1n m\u1ee9c to\u00e0n di\u1ec7n tr\u00ean t\u1ea5t c\u1ea3 t\u00e0i kho\u1ea3n ng\u01b0\u1eddi d\u00f9ng v\u00e0 th\u01b0 m\u1ee5c chia s\u1ebb<\/li>\n<li><a href=\"https:\/\/www.vietcorp.com\/store\/snapshot-replication\/\">Snapshot Replication<\/a> c\u00f3 kh\u1ea3 n\u0103ng b\u1ea3o v\u1ec7 d\u1eef li\u1ec7u theo l\u1ecbch tr\u00ecnh v\u00e0 ti\u1ebft ki\u1ec7m dung l\u01b0\u1ee3ng l\u01b0u tr\u1eef v\u1edbi 1.024 b\u1ea3n sao l\u01b0u th\u01b0 m\u1ee5c chia s\u1ebb v\u00e0 65.000 b\u1ea3n ghi nhanh tr\u00ean to\u00e0n h\u1ec7 th\u1ed1ng<\/li>\n<li>Kh\u00f4i ph\u1ee5c d\u1eef li\u1ec7u \u1edf c\u1ea5p \u0111\u1ed9 t\u1eadp tin ho\u1eb7c th\u01b0 m\u1ee5c, gi\u00fap t\u0103ng t\u1ed1c kh\u00f4i ph\u1ee5c d\u1eef li\u1ec7u v\u00e0 mang \u0111\u1ebfn t\u00ednh linh ho\u1ea1t cao h\u01a1n cho doanh nghi\u1ec7p<\/li>\n<li>T\u00ednh n\u0103ng t\u1ef1 \u0111\u1ed9ng ph\u1ee5c h\u1ed3i t\u1eadp tin s\u1ebd t\u1ef1 \u0111\u1ed9ng ph\u00e1t hi\u1ec7n v\u00e0 ph\u1ee5c h\u1ed3i c\u00e1c t\u1eadp tin b\u1ecb h\u1ecfng m\u00e0 kh\u00f4ng c\u1ea7n s\u1ef1 can thi\u1ec7p c\u1ee7a ng\u01b0\u1eddi d\u00f9ng<\/li>\n<\/ul>\n<h3 style=\"text-align: center;\"><strong>RAID F1<\/strong><\/h3>\n<p><img decoding=\"async\" class=\"aligncenter size-full wp-image-6107\" src=\"https:\/\/www.vietcorp.com\/store\/wp-content\/uploads\/2020\/11\/thiet-bi-luu-tru-nas-synology-fs6400-6.gif\" alt=\"Thi\u1ebft b\u1ecb l\u01b0u tr\u1eef NAS Synology FS6400 9\" width=\"410\" height=\"370\" \/><\/p>\n<p>Do \u0111\u1eb7c th\u00f9 c\u1ee7a c\u00f4ng ngh\u1ec7 SSD v\u00e0 RAID, c\u00f3 m\u1ed9t th\u00e1ch th\u1ee9c chung l\u00e0 l\u00e0m th\u1ebf n\u00e0o \u0111\u1ec3 ng\u0103n t\u1ea5t c\u1ea3 c\u00e1c \u1ed5 \u0111\u0129a kh\u00f4ng b\u1ecb l\u1ed7i c\u00f9ng m\u1ed9t l\u00fac v\u00ec kh\u1ed1i l\u01b0\u1ee3ng c\u00f4ng vi\u1ec7c \u0111\u01b0\u1ee3c ph\u00e2n b\u1ed5 \u0111\u1ed3ng \u0111\u1ec1u. RAID F1 kh\u1eafc ph\u1ee5c v\u1ea5n \u0111\u1ec1 n\u00e0y b\u1eb1ng m\u1ed9t thu\u1eadt to\u00e1n \u0111\u01b0\u1ee3c thi\u1ebft k\u1ebf ri\u00eang \u0111\u1ec3 ph\u00e2n ph\u1ed1i kh\u00f4ng \u0111\u1ed3ng \u0111\u1ec1u s\u1ed1 l\u01b0\u1ee3ng t\u00e1c v\u1ee5 cho c\u00e1c \u1ed5 \u0111\u0129a, t\u0103ng c\u01b0\u1eddng kh\u1ea3 n\u0103ng ph\u1ee5c h\u1ed3i c\u1ee7a v\u00f9ng l\u01b0u tr\u1eef v\u00e0 \u0111\u1ea3m b\u1ea3o an to\u00e0n cho d\u1eef li\u1ec7u c\u1ee7a b\u1ea1n.<\/p>\n<h3 style=\"text-align: center;\"><strong>Lo\u1ea1i b\u1ecf tr\u00f9ng l\u1eb7p \u1ed5 \u0111\u0129a flash<\/strong><\/h3>\n<p><img decoding=\"async\" class=\"aligncenter size-full wp-image-6112\" src=\"https:\/\/www.vietcorp.com\/store\/wp-content\/uploads\/2020\/11\/thiet-bi-luu-tru-nas-synology-fs6400-10.png\" alt=\"Thi\u1ebft b\u1ecb l\u01b0u tr\u1eef NAS Synology FS6400 10\" width=\"758\" height=\"252\" srcset=\"https:\/\/vietcorp.com\/store\/wp-content\/uploads\/2020\/11\/thiet-bi-luu-tru-nas-synology-fs6400-10.png 758w, https:\/\/vietcorp.com\/store\/wp-content\/uploads\/2020\/11\/thiet-bi-luu-tru-nas-synology-fs6400-10-600x199.png 600w, https:\/\/vietcorp.com\/store\/wp-content\/uploads\/2020\/11\/thiet-bi-luu-tru-nas-synology-fs6400-10-640x213.png 640w, https:\/\/vietcorp.com\/store\/wp-content\/uploads\/2020\/11\/thiet-bi-luu-tru-nas-synology-fs6400-10-400x133.png 400w, https:\/\/vietcorp.com\/store\/wp-content\/uploads\/2020\/11\/thiet-bi-luu-tru-nas-synology-fs6400-10-367x122.png 367w\" sizes=\"(max-width: 758px) 100vw, 758px\" \/><\/p>\n<p style=\"text-align: center;\">Lo\u1ea1i b\u1ecf d\u1eef li\u1ec7u tr\u00f9ng l\u1eb7p tr\u00ean all-flash array v\u1edbi t\u00ednh n\u0103ng kh\u1eed tr\u00f9ng l\u1eb7p to\u00e0n b\u1ed9 \u1ed5 \u0111\u0129a, gi\u00fap t\u0103ng \u0111\u00e1ng k\u1ec3 hi\u1ec7u qu\u1ea3 l\u01b0u tr\u1eef. Lo\u1ea1i b\u1ecf d\u1eef li\u1ec7u d\u01b0 th\u1eeba \u0111\u1ec3 ti\u1ebft ki\u1ec7m \u0111\u1ebfn 65% dung l\u01b0\u1ee3ng l\u01b0u tr\u1eef s\u1eed d\u1ee5ng trong c\u00e1c \u1ee9ng d\u1ee5ng nh\u01b0 c\u01a1 s\u1edf h\u1ea1 t\u1ea7ng m\u00e1y t\u00ednh \u1ea3o v\u00e0 m\u00e1y \u1ea3o.<\/p>\n<h3 style=\"text-align: center;\"><strong>B\u1ea3o v\u1ec7 t\u00e0i s\u1ea3n s\u1ed1<\/strong><\/h3>\n<p style=\"text-align: center;\">S\u1eed d\u1ee5ng c\u00f4ng ngh\u1ec7 c\u1ee7a <a href=\"https:\/\/www.vietcorp.com\/store\/synology-diskstation-manager-7-2\/\">Synology DiskStation Manager<\/a> (DSM), NAS Synology mang \u0111\u1ebfn c\u00e1c bi\u1ec7n ph\u00e1p b\u1ea3o m\u1eadt ti\u00ean ti\u1ebfn \u0111\u1ec3 b\u1ea3o v\u1ec7 b\u1ea1n kh\u1ecfi t\u00ecnh tr\u1ea1ng m\u1ea5t d\u1eef li\u1ec7u \u0111\u1ed9t ng\u1ed9t v\u00e0 tr\u01b0\u1edbc c\u00e1c l\u1ed7 h\u1ed5ng b\u1ea3o m\u1eadt ti\u1ec1m \u1ea9n.<\/p>\n<p><strong><img decoding=\"async\" class=\"aligncenter size-full wp-image-6111\" src=\"https:\/\/www.vietcorp.com\/store\/wp-content\/uploads\/2020\/11\/thiet-bi-luu-tru-nas-synology-fs6400-10.jpg\" alt=\"Thi\u1ebft b\u1ecb l\u01b0u tr\u1eef NAS Synology FS6400 11\" width=\"600\" height=\"336\" srcset=\"https:\/\/vietcorp.com\/store\/wp-content\/uploads\/2020\/11\/thiet-bi-luu-tru-nas-synology-fs6400-10.jpg 600w, https:\/\/vietcorp.com\/store\/wp-content\/uploads\/2020\/11\/thiet-bi-luu-tru-nas-synology-fs6400-10-400x224.jpg 400w, https:\/\/vietcorp.com\/store\/wp-content\/uploads\/2020\/11\/thiet-bi-luu-tru-nas-synology-fs6400-10-367x206.jpg 367w\" sizes=\"(max-width: 600px) 100vw, 600px\" \/><\/strong><\/p>\n<p><strong>Security Advisor<\/strong><\/p>\n<p>Ph\u00e2n t\u00edch c\u00e1c c\u00e0i \u0111\u1eb7t h\u1ec7 th\u1ed1ng, \u0111\u1ed9 m\u1ea1nh m\u1eadt kh\u1ea9u v\u00e0 t\u00f9y ch\u1ecdn m\u1ea1ng, \u0111\u1ed3ng th\u1eddi x\u00f3a m\u1ecdi ph\u1ea7n m\u1ec1m \u0111\u1ed9c h\u1ea1i c\u00f3 th\u1ec3 c\u00f3.<\/p>\n<p><strong>AppArmor<\/strong><\/p>\n<p>C\u1ea3i ti\u1ebfn \u1edf c\u1ea5p \u0111\u1ed9 nh\u00e2n h\u1ec7 \u0111i\u1ec1u h\u00e0nh, gi\u00fap ch\u1eb7n c\u00e1c ch\u01b0\u01a1ng tr\u00ecnh \u0111\u1ed9c h\u1ea1i truy c\u1eadp tr\u00e1i ph\u00e9p t\u00e0i nguy\u00ean h\u1ec7 th\u1ed1ng.<\/p>\n<p><strong>M\u00e3 h\u00f3a AES 256-bit<\/strong><\/p>\n<p>M\u00e3 h\u00f3a c\u00e1c th\u01b0 m\u1ee5c chia s\u1ebb v\u00e0 t\u00e1c v\u1ee5 truy\u1ec1n d\u1eef li\u1ec7u m\u1ea1ng \u0111\u1ec3 tr\u00e1nh truy c\u1eadp d\u1eef li\u1ec7u tr\u00e1i ph\u00e9p.<\/p>\n<p><strong>X\u00e1c th\u1ef1c 2 b\u01b0\u1edbc<\/strong><\/p>\n<p>Ng\u0103n ng\u01b0\u1eddi kh\u00e1c \u0111\u0103ng nh\u1eadp v\u00e0o DSM c\u1ee7a b\u1ea1n b\u1eb1ng c\u00e1ch t\u1ea1o m\u1eadt kh\u1ea9u d\u00f9ng m\u1ed9t l\u1ea7n (OTP) g\u1ed3m s\u00e1u ch\u1eef s\u1ed1 tr\u00ean thi\u1ebft b\u1ecb di \u0111\u1ed9ng c\u1ee7a b\u1ea1n. T\u00ecm hi\u1ec3u th\u00eam v\u1ec1 <a href=\"https:\/\/www.vietcorp.com\/store\/secure-signin\/\">Secure SignIn<\/a><\/p>\n<h3 style=\"text-align: center;\"><strong>B\u1ea3o h\u00e0nh 5 n\u0103m<\/strong><\/h3>\n<p style=\"text-align: center;\"><img decoding=\"async\" class=\"aligncenter size-full wp-image-6108\" src=\"https:\/\/www.vietcorp.com\/store\/wp-content\/uploads\/2020\/11\/thiet-bi-luu-tru-nas-synology-fs6400-7.png\" alt=\"Thi\u1ebft b\u1ecb l\u01b0u tr\u1eef NAS Synology FS6400 12\" width=\"199\" height=\"169\" \/><\/p>\n<p style=\"text-align: center;\">Synology cam k\u1ebft \u0111\u1ed5i m\u1edbi v\u00e0 ch\u1ea5t l\u01b0\u1ee3ng s\u1ea3n ph\u1ea9m. Synology \u0111\u1ea3m b\u1ea3o tr\u1ea3i nghi\u1ec7m qu\u1ea3n l\u00fd d\u1eef li\u1ec7u m\u1ea1nh m\u1ebd v\u00e0 \u0111\u00e1ng tin c\u1eady v\u1edbi ch\u01b0\u01a1ng tr\u00ecnh b\u1ea3o h\u00e0nh c\u00f3 gi\u1edbi h\u1ea1n 5 n\u0103m, cung c\u1ea5p d\u1ecbch v\u1ee5 h\u1ed7 tr\u1ee3 k\u1ef9 thu\u1eadt v\u00e0 thay th\u1ebf ph\u1ea7n c\u1ee9ng nhanh ch\u00f3ng \u0111\u1ec3 t\u1ed1i \u0111a h\u00f3a l\u1ee3i t\u1ee9c \u0111\u1ea7u t\u01b0 c\u1ee7a b\u1ea1n.<\/p>\n<h3 style=\"text-align: center;\"><strong>S\u1eed d\u1ee5ng c\u00f4ng ngh\u1ec7 c\u1ee7a Synology DiskStation Manager<\/strong><\/h3>\n<p style=\"text-align: center;\"><a href=\"https:\/\/www.vietcorp.com\/store\/synology-high-availability\/\"><strong>Synology High Availability<\/strong><\/a><\/p>\n<p style=\"text-align: center;\"><img decoding=\"async\" class=\"aligncenter size-full wp-image-6118\" src=\"https:\/\/www.vietcorp.com\/store\/wp-content\/uploads\/2020\/11\/thiet-bi-luu-tru-nas-synology-fs6400-16.jpg\" alt=\"Thi\u1ebft b\u1ecb l\u01b0u tr\u1eef NAS Synology FS6400 13\" width=\"400\" height=\"400\" srcset=\"https:\/\/vietcorp.com\/store\/wp-content\/uploads\/2020\/11\/thiet-bi-luu-tru-nas-synology-fs6400-16.jpg 400w, https:\/\/vietcorp.com\/store\/wp-content\/uploads\/2020\/11\/thiet-bi-luu-tru-nas-synology-fs6400-16-367x367.jpg 367w\" sizes=\"(max-width: 400px) 100vw, 400px\" \/><\/p>\n<p style=\"text-align: center;\">Chuy\u1ec3n \u0111\u1ed5i li\u1ec1n m\u1ea1ch gi\u1eefa c\u00e1c m\u00e1y ch\u1ee7 ph\u00e2n c\u1ee5m trong tr\u01b0\u1eddng h\u1ee3p m\u00e1y ch\u1ee7 b\u1ecb l\u1ed7i \u0111\u1ec3 gi\u1ea3m thi\u1ec3u t\u00e1c \u0111\u1ed9ng \u0111\u1ebfn c\u00e1c \u1ee9ng d\u1ee5ng.<\/p>\n<p style=\"text-align: center;\"><a href=\"https:\/\/www.vietcorp.com\/store\/synology-office\/\"><strong>Synology Office<\/strong><\/a><\/p>\n<p style=\"text-align: center;\"><img decoding=\"async\" class=\"aligncenter size-full wp-image-6113\" src=\"https:\/\/www.vietcorp.com\/store\/wp-content\/uploads\/2020\/11\/thiet-bi-luu-tru-nas-synology-fs6400-11.jpg\" alt=\"Thi\u1ebft b\u1ecb l\u01b0u tr\u1eef NAS Synology FS6400 14\" width=\"344\" height=\"246\" \/><\/p>\n<p style=\"text-align: center;\">L\u00e0m vi\u1ec7c c\u1ed9ng t\u00e1c tr\u00ean t\u00e0i li\u1ec7u, b\u1ea3ng t\u00ednh v\u00e0 trang tr\u00ecnh b\u00e0y trong th\u1eddi gian th\u1ef1c \u0111\u1ec3 t\u0103ng n\u0103ng su\u1ea5t c\u1ee7a nh\u00f3m.<\/p>\n<p style=\"text-align: center;\"><a href=\"https:\/\/www.vietcorp.com\/store\/synology-mailplus-nang-cao-hieu-qua-lam-viec-nhom\/\"><strong>Synology MailPlus<\/strong><\/a><\/p>\n<p style=\"text-align: center;\"><img decoding=\"async\" class=\"aligncenter size-full wp-image-6122\" src=\"https:\/\/www.vietcorp.com\/store\/wp-content\/uploads\/2020\/11\/thiet-bi-luu-tru-nas-synology-fs6400-20.jpg\" alt=\"Thi\u1ebft b\u1ecb l\u01b0u tr\u1eef NAS Synology FS6400 15\" width=\"275\" height=\"280\" \/><\/p>\n<p style=\"text-align: center;\">Gi\u1ea3i ph\u00e1p m\u00e1y ch\u1ee7 th\u01b0 an to\u00e0n, \u0111\u00e1ng tin c\u1eady v\u00e0 ri\u00eang t\u01b0 v\u1edbi tr\u00ecnh duy\u1ec7t tr\u1ef1c quan v\u00e0 hi\u1ec7n \u0111\u1ea1i.<\/p>\n<p style=\"text-align: center;\"><a href=\"https:\/\/www.vietcorp.com\/store\/virtual-machine-manager-giam-sat-may-ao-truc-quan\/\"><strong>Virtual Machine Manager<\/strong><\/a><\/p>\n<p style=\"text-align: center;\"><img decoding=\"async\" class=\"aligncenter size-full wp-image-6121\" src=\"https:\/\/www.vietcorp.com\/store\/wp-content\/uploads\/2020\/11\/thiet-bi-luu-tru-nas-synology-fs6400-19.jpg\" alt=\"Thi\u1ebft b\u1ecb l\u01b0u tr\u1eef NAS Synology FS6400 16\" width=\"404\" height=\"404\" srcset=\"https:\/\/vietcorp.com\/store\/wp-content\/uploads\/2020\/11\/thiet-bi-luu-tru-nas-synology-fs6400-19.jpg 404w, https:\/\/vietcorp.com\/store\/wp-content\/uploads\/2020\/11\/thiet-bi-luu-tru-nas-synology-fs6400-19-400x400.jpg 400w, https:\/\/vietcorp.com\/store\/wp-content\/uploads\/2020\/11\/thiet-bi-luu-tru-nas-synology-fs6400-19-367x367.jpg 367w\" sizes=\"(max-width: 404px) 100vw, 404px\" \/><\/p>\n<p style=\"text-align: center;\">Ch\u1ea1y c\u00e1c h\u1ec7 \u0111i\u1ec1u h\u00e0nh kh\u00e1c nhau trong c\u00e1c h\u1ed9p c\u00e1t bi\u1ec7t l\u1eadp. Sao ch\u00e9p, l\u01b0u tr\u1eef v\u00e0 di chuy\u1ec3n m\u00e1y \u1ea3o m\u1ed9t c\u00e1ch li\u1ec1n m\u1ea1ch.<\/p>\n<p style=\"text-align: center;\"><a href=\"https:\/\/www.vietcorp.com\/store\/giai-phap-bao-mat-cua-synology\/\"><strong>B\u1ea3o m\u1eadt<\/strong><\/a><\/p>\n<p style=\"text-align: center;\"><img decoding=\"async\" class=\"aligncenter size-full wp-image-6120\" src=\"https:\/\/www.vietcorp.com\/store\/wp-content\/uploads\/2020\/11\/thiet-bi-luu-tru-nas-synology-fs6400-18.jpg\" alt=\"Thi\u1ebft b\u1ecb l\u01b0u tr\u1eef NAS Synology FS6400 17\" width=\"252\" height=\"225\" \/><\/p>\n<p style=\"text-align: center;\">B\u1ea3o m\u1eadt d\u1eef li\u1ec7u b\u1eb1ng c\u00e1c c\u00f4ng c\u1ee5 b\u1ea3o m\u1eadt t\u00edch h\u1ee3p to\u00e0n di\u1ec7n \u0111\u1ec3 b\u1ea3o v\u1ec7 thi\u1ebft b\u1ecb c\u1ee7a b\u1ea1n tr\u01b0\u1edbc c\u00e1c m\u1ed1i \u0111e d\u1ecda \u0111ang ng\u00e0y m\u1ed9t gia t\u0103ng.<\/p>\n<p style=\"text-align: center;\"><a href=\"https:\/\/www.vietcorp.com\/store\/snapshot-replication\/\"><strong>Snapshot Replication<\/strong><\/a><\/p>\n<p style=\"text-align: center;\"><img decoding=\"async\" class=\"aligncenter size-full wp-image-6119\" src=\"https:\/\/www.vietcorp.com\/store\/wp-content\/uploads\/2020\/11\/thiet-bi-luu-tru-nas-synology-fs6400-17.jpg\" alt=\"Thi\u1ebft b\u1ecb l\u01b0u tr\u1eef NAS Synology FS6400 18\" width=\"333\" height=\"233\" \/><\/p>\n<p style=\"text-align: center;\">T\u00ednh n\u0103ng b\u1ea3o v\u1ec7 d\u1eef li\u1ec7u theo l\u1ecbch tr\u00ecnh v\u00e0 t\u1ee9c th\u1eddi cho c\u00e1c th\u01b0 m\u1ee5c chia s\u1ebb v\u00e0 iSCSI LUN \u0111\u1ec3 \u0111\u1ec1 ph\u00f2ng s\u1ef1 c\u1ed1.<\/p>\n<h3><strong>Hi\u1ec7u su\u1ea5t \u0111\u01b0\u1ee3c h\u1ed7 tr\u1ee3 b\u1edfi \u1ed5 c\u1ee9ng Synology<\/strong><\/h3>\n<p><img decoding=\"async\" class=\"aligncenter size-full wp-image-6110\" src=\"https:\/\/www.vietcorp.com\/store\/wp-content\/uploads\/2020\/11\/thiet-bi-luu-tru-nas-synology-fs6400-9-e1692672306143.jpg\" alt=\"Thi\u1ebft b\u1ecb l\u01b0u tr\u1eef NAS Synology FS6400 19\" width=\"600\" height=\"325\" \/><\/p>\n<p>\u0110\u01b0\u1ee3c thi\u1ebft k\u1ebf \u0111\u1ec3 x\u1eed l\u00fd kh\u1ed1i l\u01b0\u1ee3ng c\u00f4ng vi\u1ec7c c\u01b0\u1eddng \u0111\u1ed9 cao, \u1ed5 c\u1ee9ng Synology lu\u00f4n mang l\u1ea1i hi\u1ec7u su\u1ea5t cao nh\u1ea5t.<\/p>\n<p>SSD D\u00f2ng s\u1ea3n ph\u1ea9m Enterprise 2,5&#8243; SATA<\/p>\n<h3 style=\"text-align: center;\"><strong>M\u1eb7t ngo\u00e0i c\u1ea5u t\u1ea1o Synology FS6400<\/strong><\/h3>\n<p><img decoding=\"async\" class=\"aligncenter size-full wp-image-6105\" src=\"https:\/\/www.vietcorp.com\/store\/wp-content\/uploads\/2020\/11\/thiet-bi-luu-tru-nas-synology-fs6400-4.jpg\" alt=\"Thi\u1ebft b\u1ecb l\u01b0u tr\u1eef NAS Synology FS6400 20\" width=\"1024\" height=\"414\" srcset=\"https:\/\/vietcorp.com\/store\/wp-content\/uploads\/2020\/11\/thiet-bi-luu-tru-nas-synology-fs6400-4.jpg 1024w, https:\/\/vietcorp.com\/store\/wp-content\/uploads\/2020\/11\/thiet-bi-luu-tru-nas-synology-fs6400-4-600x243.jpg 600w, https:\/\/vietcorp.com\/store\/wp-content\/uploads\/2020\/11\/thiet-bi-luu-tru-nas-synology-fs6400-4-768x311.jpg 768w, https:\/\/vietcorp.com\/store\/wp-content\/uploads\/2020\/11\/thiet-bi-luu-tru-nas-synology-fs6400-4-640x259.jpg 640w, https:\/\/vietcorp.com\/store\/wp-content\/uploads\/2020\/11\/thiet-bi-luu-tru-nas-synology-fs6400-4-400x162.jpg 400w, https:\/\/vietcorp.com\/store\/wp-content\/uploads\/2020\/11\/thiet-bi-luu-tru-nas-synology-fs6400-4-367x148.jpg 367w\" sizes=\"(max-width: 1024px) 100vw, 1024px\" \/><\/p>\n<p>&nbsp;<\/p>\n<p>Xem th\u00eam v\u1ec1 Synology:<\/p>\n<ul>\n<li><a href=\"https:\/\/www.vietcorp.com\/vn\/chung-nhan\/\">Ch\u1ee9ng nh\u1eadn Synology<\/a><\/li>\n<li><a href=\"https:\/\/vietcorp.com\/support\/synology\/\">Support Synology<\/a><\/li>\n<li><a href=\"https:\/\/www.vietcorp.com\/blog\/tag\/showcase-synology\/\">Showcase Synology<\/a><\/li>\n<\/ul>\n","protected":false},"excerpt":{"rendered":"<p>Thi\u1ebft b\u1ecb l\u01b0u tr\u1eef NAS Synology FS6400<br \/>\nNAS 24 khay \u1ed5 \u0111\u0129a max 72 \u1ed5 \u0111\u0129a<br \/>\n32 GB DDR4 ECC up to 512 GB<br \/>\n240,000 4K random write IOPS<br \/>\nB\u1ea3o h\u00e0nh 60 th\u00e1ng<\/p>\n","protected":false},"featured_media":6923,"template":"","meta":[],"product_brand":[],"product_cat":[403],"product_tag":[38,522,53,57,524,23,523],"class_list":{"0":"post-213","1":"product","2":"type-product","3":"status-publish","4":"has-post-thumbnail","6":"product_cat-fs-series","7":"product_tag-flashstation","8":"product_tag-fs6400","9":"product_tag-nas","10":"product_tag-nas-24-bay","11":"product_tag-nas-fs6400","12":"product_tag-synology","13":"product_tag-synology-fs6400","14":"pa_bao-hanh-60-thang","15":"pa_bo-nho-ram-32-gb","16":"pa_bo-nho-ram-mo-rong-den-512-gb","17":"pa_bo-vxl-cpu-intel-xeon","18":"pa_chung-loai-nas","19":"pa_cong-giao-tiep-1-x-expansion-port","20":"pa_cong-giao-tiep-2-x-rj-45-10gbe","21":"pa_cong-giao-tiep-2-x-rj-45-1gbe","22":"pa_cong-giao-tiep-2-x-usb-3-0","23":"pa_drive-bays-24-bays","24":"pa_dung-luong-chua-co-o-cung","25":"pa_form-factor-2u-rackmount","26":"pa_muc-dich-su-dung-danh-cho-doanh-nghiep-lon","27":"pa_thuong-hieu-synology","28":"pa_tinh-nang-phan-cung-64-bit-architecture","29":"pa_tinh-nang-phan-cung-encryption-engine-aes-ni","30":"pa_tinh-nang-phan-cung-expandable-storage-capacity","31":"pa_tinh-nang-phan-cung-hot-swappable-drives","32":"pa_tinh-nang-phan-cung-sas-drive-support","33":"pa_tinh-nang-phan-cung-upgradeable-ram","34":"pa_tinh-nang-phan-mem-active-backup-for-business","35":"pa_tinh-nang-phan-mem-btrfs-file-system","36":"pa_tinh-nang-phan-mem-mailplus","37":"pa_tinh-nang-phan-mem-raid-f1","38":"pa_tinh-nang-phan-mem-snapshot-replication","39":"pa_tinh-nang-phan-mem-synology-high-availability","40":"pa_tinh-nang-phan-mem-virtual-machine-manager","42":"first","43":"onbackorder","44":"taxable","45":"shipping-taxable","46":"product-type-simple"},"_links":{"self":[{"href":"https:\/\/vietcorp.com\/store\/wp-json\/wp\/v2\/product\/213","targetHints":{"allow":["GET"]}}],"collection":[{"href":"https:\/\/vietcorp.com\/store\/wp-json\/wp\/v2\/product"}],"about":[{"href":"https:\/\/vietcorp.com\/store\/wp-json\/wp\/v2\/types\/product"}],"wp:featuredmedia":[{"embeddable":true,"href":"https:\/\/vietcorp.com\/store\/wp-json\/wp\/v2\/media\/6923"}],"wp:attachment":[{"href":"https:\/\/vietcorp.com\/store\/wp-json\/wp\/v2\/media?parent=213"}],"wp:term":[{"taxonomy":"product_brand","embeddable":true,"href":"https:\/\/vietcorp.com\/store\/wp-json\/wp\/v2\/product_brand?post=213"},{"taxonomy":"product_cat","embeddable":true,"href":"https:\/\/vietcorp.com\/store\/wp-json\/wp\/v2\/product_cat?post=213"},{"taxonomy":"product_tag","embeddable":true,"href":"https:\/\/vietcorp.com\/store\/wp-json\/wp\/v2\/product_tag?post=213"}],"curies":[{"name":"wp","href":"https:\/\/api.w.org\/{rel}","templated":true}]}}