


{"id":2117,"date":"2022-10-05T11:05:32","date_gmt":"2022-10-05T04:05:32","guid":{"rendered":"https:\/\/www.vietcorp.com\/store\/?post_type=product&#038;p=2117"},"modified":"2025-12-11T11:43:09","modified_gmt":"2025-12-11T04:43:09","slug":"thiet-bi-luu-tru-nas-synology-fs2500","status":"publish","type":"product","link":"https:\/\/vietcorp.com\/store\/2117\/thiet-bi-luu-tru-nas-synology-fs2500\/","title":{"rendered":"Synology FS2500"},"content":{"rendered":"<p><a href=\"https:\/\/www.vietcorp.com\/store\/2117\/thiet-bi-luu-tru-nas-synology-fs2500\/\"><strong>Thi\u1ebft b\u1ecb l\u01b0u tr\u1eef NAS Synology FS2500<\/strong><\/a> 12 khay l\u00e0 gi\u1ea3i ph\u00e1p l\u01b0u tr\u1eef l\u00fd t\u01b0\u1edfng cho c\u00e1c doanh nghi\u1ec7p v\u1eeba v\u00e0 nh\u1ecf mu\u1ed1n c\u1ea3i thi\u1ec7n kh\u1ea3 n\u0103ng \u0111\u00e1p \u1ee9ng c\u1ee7a c\u00e1c \u1ee9ng d\u1ee5ng I\/O chuy\u00ean s\u00e2u nh\u01b0 m\u00e1y \u1ea3o (VM), c\u01a1 s\u1edf d\u1eef li\u1ec7u nh\u1eb9 ho\u1eb7c mail server.<\/p>\n<h3><strong><a href=\"https:\/\/www.vietcorp.com\/store\/nas-synology\/\">Thi\u1ebft b\u1ecb l\u01b0u tr\u1eef NAS Synology<\/a> FS2500 c\u00f3 c\u1ea5u h\u00ecnh m\u1ea1nh m\u1ebd<\/strong><\/h3>\n<ul>\n<li>CPU: AMD Ryzen V1780B 4-core 3.35 (base) \/ 3.6 (turbo) GHz<\/li>\n<li>RAM: 8 GB DDR4 ECC UDIMM c\u00f3 th\u1ec3 n\u00e2ng c\u1ea5p 32 GB<\/li>\n<li>\u1ed4 \u0111\u0129a: 12 Khay<\/li>\n<li>C\u1ed5ng k\u1ebft n\u1ed1i: 2 c\u1ed5ng RJ-45 1GbE LAN, 2 c\u1ed5ng RJ-45 10GbE LAN<\/li>\n<\/ul>\n<h3><strong>NAS Synology FS2500 chia s\u1ebb l\u01b0u tr\u1eef t\u1eadp tin nhanh ch\u00f3ng<\/strong><\/h3>\n<ul>\n<li>L\u01b0u tr\u1eef SAN \u0111\u01a1n gi\u1ea3n v\u00e0 hi\u1ec7u qu\u1ea3<\/li>\n<li>Chia s\u1ebb t\u1eadp tin SMB nhanh ch\u00f3ng v\u00e0 an to\u00e0n<\/li>\n<li>S\u1edf h\u1eefu c\u00e1c gi\u1ea3i ph\u00e1p kinh doanh hi\u1ec7u qu\u1ea3 v\u1ec1 chi ph\u00ed, bao g\u1ed3m m\u1ed9t m\u00e1y ch\u1ee7 sao l\u01b0u mi\u1ec5n ph\u00ed m\u1ea1nh m\u1ebd, m\u1ed9t m\u00e1y ch\u1ee7 th\u01b0 \u0111a n\u0103ng, m\u00e1y ch\u1ee7 th\u01b0 m\u1ee5c nh\u1eb9 ho\u1eb7c m\u00e1y ch\u1ee7 gi\u00e1m s\u00e1t v\u1edbi gi\u1ea5y ph\u00e9p minh b\u1ea1ch.<\/li>\n<\/ul>\n<h3><strong>T\u1ed1c \u0111\u1ed9 k\u1ebft n\u1ed1i nhanh ch\u00f3ng<\/strong><\/h3>\n<figure id=\"attachment_2130\" aria-describedby=\"caption-attachment-2130\" style=\"width: 600px\" class=\"wp-caption aligncenter\"><img decoding=\"async\" class=\"size-full wp-image-2130\" src=\"https:\/\/www.vietcorp.com\/store\/wp-content\/uploads\/2022\/10\/thiet-bi-luu-tru-nas-synology-fs2500-15.jpg\" alt=\"Thi\u1ebft b\u1ecb l\u01b0u tr\u1eef NAS Synology FS2500 1\" width=\"600\" height=\"353\" srcset=\"https:\/\/vietcorp.com\/store\/wp-content\/uploads\/2022\/10\/thiet-bi-luu-tru-nas-synology-fs2500-15.jpg?v=1668219406 600w, https:\/\/vietcorp.com\/store\/wp-content\/uploads\/2022\/10\/thiet-bi-luu-tru-nas-synology-fs2500-15-400x235.jpg?v=1668219406 400w, https:\/\/vietcorp.com\/store\/wp-content\/uploads\/2022\/10\/thiet-bi-luu-tru-nas-synology-fs2500-15-367x216.jpg?v=1668219406 367w\" sizes=\"(max-width: 600px) 100vw, 600px\" \/><figcaption id=\"caption-attachment-2130\" class=\"wp-caption-text\">Thi\u1ebft b\u1ecb l\u01b0u tr\u1eef d\u1eef li\u1ec7u NAS Synology FS2500<\/figcaption><\/figure>\n<p><em>K\u1ebft n\u1ed1i t\u00edch h\u1ee3p<\/em><\/p>\n<p>H\u00e3y t\u1eadn d\u1ee5ng t\u1ed1c \u0111\u1ed9 truy\u1ec1n nhanh ch\u00f3ng ngay t\u1ee9c v\u00e0 t\u00edch h\u1ee3p d\u1ec5 d\u00e0ng v\u1edbi c\u01a1 s\u1edf h\u1ea1 t\u1ea7ng hi\u1ec7n c\u00f3 c\u1ee7a b\u1ea1n v\u1edbi c\u00e1c c\u1ed5ng k\u00e9p 10GbE v\u00e0 1GbE.<\/p>\n<p><em>H\u1ed7 tr\u1ee3 25\/40GbE<\/em><\/p>\n<p>Cho ph\u00e9p k\u1ebft n\u1ed1i m\u1ea1ng nhanh h\u01a1n v\u1edbi card giao ti\u1ebfp m\u1ea1ng 25 ho\u1eb7c 40 GbE nh\u1edd v\u00e0o khe c\u1eafm m\u1edf r\u1ed9ng PCIe 3.0.2<\/p>\n<h3><strong>Ho\u1ea1t \u0111\u1ed9ng li\u00ean t\u1ee5c tr\u01b0\u1edbc nh\u1eefng s\u1ef1 c\u1ed1 x\u1ea3y ra<\/strong><\/h3>\n<p><em>Ngu\u1ed3n k\u00e9p<\/em><\/p>\n<p>Gi\u1ea3m t\u00ecnh tr\u1ea1ng gi\u00e1n \u0111o\u1ea1n khi c\u00f3 s\u1ef1 c\u1ed1 x\u1ea3y ra \u1ea3nh h\u01b0\u1edfng x\u1ea5u \u0111\u1ebfn d\u1eef li\u1ec7u v\u00e0 d\u1ecbch v\u1ee5 v\u1edbi PSU d\u1ef1 ph\u00f2ng.<\/p>\n<figure id=\"attachment_2131\" aria-describedby=\"caption-attachment-2131\" style=\"width: 600px\" class=\"wp-caption aligncenter\"><img decoding=\"async\" class=\"size-full wp-image-2131\" src=\"https:\/\/www.vietcorp.com\/store\/wp-content\/uploads\/2022\/10\/thiet-bi-luu-tru-nas-synology-fs2500-4.jpg\" alt=\"Thi\u1ebft b\u1ecb l\u01b0u tr\u1eef NAS Synology FS2500 2\" width=\"600\" height=\"260\" srcset=\"https:\/\/vietcorp.com\/store\/wp-content\/uploads\/2022\/10\/thiet-bi-luu-tru-nas-synology-fs2500-4.jpg?v=1668219404 600w, https:\/\/vietcorp.com\/store\/wp-content\/uploads\/2022\/10\/thiet-bi-luu-tru-nas-synology-fs2500-4-400x173.jpg?v=1668219404 400w, https:\/\/vietcorp.com\/store\/wp-content\/uploads\/2022\/10\/thiet-bi-luu-tru-nas-synology-fs2500-4-367x159.jpg?v=1668219404 367w\" sizes=\"(max-width: 600px) 100vw, 600px\" \/><figcaption id=\"caption-attachment-2131\" class=\"wp-caption-text\">Thi\u1ebft b\u1ecb l\u01b0u tr\u1eef d\u1eef li\u1ec7u NAS Synology FS2500 c\u00f3 ngu\u1ed3n k\u00e9p<\/figcaption><\/figure>\n<p><em>C\u1ea5u t\u1ea1o m\u00f4-\u0111un c\u00f3 th\u1ec3 thay th\u1ebf d\u1ec5 d\u00e0ng khi x\u1ea3y ra s\u1ef1 c\u1ed1<\/em><\/p>\n<p>FS2500 c\u00f2n \u0111i k\u00e8m v\u1edbi qu\u1ea1t c\u00f3 th\u1ec3 thay th\u1ebf n\u00f3ng v\u00e0 khay h\u1ec7 th\u1ed1ng \u0111\u1ec3 d\u1ec5 d\u00e0ng thay th\u1ebf trong tr\u01b0\u1eddng h\u1ee3p tr\u1ee5c tr\u1eb7c.<\/p>\n<figure id=\"attachment_2141\" aria-describedby=\"caption-attachment-2141\" style=\"width: 600px\" class=\"wp-caption aligncenter\"><img decoding=\"async\" class=\"size-full wp-image-2141\" src=\"https:\/\/www.vietcorp.com\/store\/wp-content\/uploads\/2022\/10\/thiet-bi-luu-tru-nas-synology-fs2500-14.jpg\" alt=\"Thi\u1ebft b\u1ecb l\u01b0u tr\u1eef NAS Synology FS2500 3\" width=\"600\" height=\"376\" srcset=\"https:\/\/vietcorp.com\/store\/wp-content\/uploads\/2022\/10\/thiet-bi-luu-tru-nas-synology-fs2500-14.jpg?v=1668219390 600w, https:\/\/vietcorp.com\/store\/wp-content\/uploads\/2022\/10\/thiet-bi-luu-tru-nas-synology-fs2500-14-400x251.jpg?v=1668219390 400w, https:\/\/vietcorp.com\/store\/wp-content\/uploads\/2022\/10\/thiet-bi-luu-tru-nas-synology-fs2500-14-367x230.jpg?v=1668219390 367w\" sizes=\"(max-width: 600px) 100vw, 600px\" \/><figcaption id=\"caption-attachment-2141\" class=\"wp-caption-text\">Thi\u1ebft b\u1ecb l\u01b0u tr\u1eef d\u1eef li\u1ec7u NAS Synology FS2500 thay th\u1ebf d\u1ec5 d\u00e0ng<\/figcaption><\/figure>\n<p><em>T\u1ef1 \u0111\u1ed9ng d\u1ef1 ph\u00f2ng l\u1ed7i m\u1ea1ng<\/em><\/p>\n<p>C\u00e1c c\u1ed5ng m\u1ea1ng h\u1ed7 tr\u1ee3 t\u1ef1 \u0111\u1ed9ng d\u1ef1 ph\u00f2ng l\u1ed7i, lo\u1ea1i b\u1ecf c\u00e1c \u0111i\u1ec3m l\u1ed7i ph\u1ea7n c\u1ee9ng \u0111\u01a1n l\u1ebb, \u0111\u1ea3m b\u1ea3o ho\u1ea1t \u0111\u1ed9ng \u1ed5n \u0111\u1ecbnh m\u1ecdi l\u00fac.<\/p>\n<figure id=\"attachment_2140\" aria-describedby=\"caption-attachment-2140\" style=\"width: 600px\" class=\"wp-caption aligncenter\"><img decoding=\"async\" class=\"size-full wp-image-2140\" src=\"https:\/\/www.vietcorp.com\/store\/wp-content\/uploads\/2022\/10\/thiet-bi-luu-tru-nas-synology-fs2500-13.jpg\" alt=\"Thi\u1ebft b\u1ecb l\u01b0u tr\u1eef NAS Synology FS2500 4\" width=\"600\" height=\"279\" srcset=\"https:\/\/vietcorp.com\/store\/wp-content\/uploads\/2022\/10\/thiet-bi-luu-tru-nas-synology-fs2500-13.jpg?v=1668219392 600w, https:\/\/vietcorp.com\/store\/wp-content\/uploads\/2022\/10\/thiet-bi-luu-tru-nas-synology-fs2500-13-400x186.jpg?v=1668219392 400w, https:\/\/vietcorp.com\/store\/wp-content\/uploads\/2022\/10\/thiet-bi-luu-tru-nas-synology-fs2500-13-367x171.jpg?v=1668219392 367w\" sizes=\"(max-width: 600px) 100vw, 600px\" \/><figcaption id=\"caption-attachment-2140\" class=\"wp-caption-text\">Thi\u1ebft b\u1ecb l\u01b0u tr\u1eef d\u1eef li\u1ec7u NAS Synology FS2500 nhi\u1ec1u c\u1ed5ng m\u1ea1ng d\u1ef1 ph\u00f2ng n\u1ebfu c\u00f3 l\u1ed7i<\/figcaption><\/figure>\n<h3><strong>D\u1ef1 ph\u00f2ng l\u1ed7i b\u1ea3o v\u1ec7 d\u1eef li\u1ec7u<\/strong><\/h3>\n<p><em><a href=\"https:\/\/www.vietcorp.com\/store\/synology-high-availability\/\">Synology High Availability<\/a> (SHA)<\/em><\/p>\n<p>K\u00edch ho\u1ea1t t\u1ef1 \u0111\u1ed9ng d\u1ef1 ph\u00f2ng l\u1ed7i theo t\u1eebng ph\u00fat b\u1eb1ng c\u00e1ch gh\u00e9p hai thi\u1ebft b\u1ecb FS2500 \u0111\u1ec3 t\u1ea1o th\u00e0nh m\u1ed9t c\u1ee5m c\u00f3 t\u00ednh s\u1eb5n s\u00e0ng cao, gi\u1ea3m thi\u1ec3u th\u1eddi gian ng\u1eebng d\u1ecbch v\u1ee5 trong tr\u01b0\u1eddng h\u1ee3p m\u00e1y ch\u1ee7 b\u1ecb l\u1ed7i.<\/p>\n<p><a href=\"https:\/\/www.vietcorp.com\/store\/snapshot-replication\/\"><em>Snapshot Replication<\/em><\/a><\/p>\n<p>T\u1ea1o b\u1ea3n ghi nhanh t\u1ea1m th\u1eddi c\u1ee7a LUN v\u00e0 th\u01b0 m\u1ee5c chia s\u1ebb v\u1edbi RPO th\u1ea5p nh\u1ea5t l\u00e0 5 ph\u00fat, \u0111\u1ed3ng th\u1eddi h\u1ed7 tr\u1ee3 ki\u1ec3m so\u00e1t phi\u00ean b\u1ea3n chi ti\u1ebft.<\/p>\n<p><a href=\"https:\/\/www.vietcorp.com\/store\/hyper-backup\/\"><em>Hyper Backup<\/em><\/a><\/p>\n<p>Sao l\u01b0u t\u1eadp tin, LUN, \u1ee9ng d\u1ee5ng v\u00e0 c\u1ea5u h\u00ecnh h\u1ec7 th\u1ed1ng tr\u00ean NAS c\u1ee7a b\u1ea1n sang NAS Synology kh\u00e1c, Synology C2 Storage, n\u1ec1n t\u1ea3ng \u0111\u00e1m m\u00e2y c\u00f4ng c\u1ed9ng, thi\u1ebft b\u1ecb USB, m\u00e1y ch\u1ee7 t\u1eadp tin ho\u1eb7c th\u01b0 m\u1ee5c c\u1ee5c b\u1ed9.<\/p>\n<figure id=\"attachment_2139\" aria-describedby=\"caption-attachment-2139\" style=\"width: 600px\" class=\"wp-caption aligncenter\"><img decoding=\"async\" class=\"size-full wp-image-2139\" src=\"https:\/\/www.vietcorp.com\/store\/wp-content\/uploads\/2022\/10\/thiet-bi-luu-tru-nas-synology-fs2500-12.jpg\" alt=\"Thi\u1ebft b\u1ecb l\u01b0u tr\u1eef NAS Synology FS2500 5\" width=\"600\" height=\"290\" srcset=\"https:\/\/vietcorp.com\/store\/wp-content\/uploads\/2022\/10\/thiet-bi-luu-tru-nas-synology-fs2500-12.jpg?v=1668219394 600w, https:\/\/vietcorp.com\/store\/wp-content\/uploads\/2022\/10\/thiet-bi-luu-tru-nas-synology-fs2500-12-400x193.jpg?v=1668219394 400w, https:\/\/vietcorp.com\/store\/wp-content\/uploads\/2022\/10\/thiet-bi-luu-tru-nas-synology-fs2500-12-367x177.jpg?v=1668219394 367w\" sizes=\"(max-width: 600px) 100vw, 600px\" \/><figcaption id=\"caption-attachment-2139\" class=\"wp-caption-text\">Thi\u1ebft b\u1ecb l\u01b0u tr\u1eef d\u1eef li\u1ec7u NAS Synology FS2500 D\u1ef1 ph\u00f2ng l\u1ed7i b\u1ea3o v\u1ec7 d\u1eef li\u1ec7u<\/figcaption><\/figure>\n<h3><strong>Kh\u1eed tr\u00f9ng l\u1eb7p \u1ed5 \u0111\u0129a flash<\/strong><\/h3>\n<p>Lo\u1ea1i b\u1ecf d\u1eef li\u1ec7u tr\u00f9ng l\u1eb7p tr\u00ean all-flash array v\u1edbi t\u00ednh n\u0103ng kh\u1eed tr\u00f9ng l\u1eb7p to\u00e0n b\u1ed9 \u1ed5 \u0111\u0129a, gi\u00fap t\u0103ng \u0111\u00e1ng k\u1ec3 hi\u1ec7u qu\u1ea3 l\u01b0u tr\u1eef. Lo\u1ea1i b\u1ecf d\u1eef li\u1ec7u d\u01b0 th\u1eeba \u0111\u1ec3 ti\u1ebft ki\u1ec7m \u0111\u1ebfn 65% dung l\u01b0\u1ee3ng l\u01b0u tr\u1eef s\u1eed d\u1ee5ng trong c\u00e1c \u1ee9ng d\u1ee5ng nh\u01b0 c\u01a1 s\u1edf h\u1ea1 t\u1ea7ng m\u00e1y t\u00ednh \u1ea3o v\u00e0 m\u00e1y \u1ea3o.<\/p>\n<h3><strong>H\u1ed7 tr\u1ee3 m\u00e1y \u1ea3o t\u1ed1i \u0111a<\/strong><\/h3>\n<figure id=\"attachment_2064\" aria-describedby=\"caption-attachment-2064\" style=\"width: 507px\" class=\"wp-caption aligncenter\"><img decoding=\"async\" class=\"size-full wp-image-2064\" src=\"https:\/\/www.vietcorp.com\/store\/wp-content\/uploads\/2022\/10\/thiet-bi-luu-tru-nas-synology-rs24219.jpg\" alt=\"Thi\u1ebft b\u1ecb l\u01b0u tr\u1eef NAS Synology FS2500 6\" width=\"507\" height=\"131\" srcset=\"https:\/\/vietcorp.com\/store\/wp-content\/uploads\/2022\/10\/thiet-bi-luu-tru-nas-synology-rs24219.jpg?v=1668219460 507w, https:\/\/vietcorp.com\/store\/wp-content\/uploads\/2022\/10\/thiet-bi-luu-tru-nas-synology-rs24219-400x103.jpg?v=1668219460 400w, https:\/\/vietcorp.com\/store\/wp-content\/uploads\/2022\/10\/thiet-bi-luu-tru-nas-synology-rs24219-367x95.jpg?v=1668219460 367w\" sizes=\"(max-width: 507px) 100vw, 507px\" \/><figcaption id=\"caption-attachment-2064\" class=\"wp-caption-text\">Thi\u1ebft b\u1ecb l\u01b0u tr\u1eef d\u1eef li\u1ec7u NAS Synology RS2421+ h\u1ed7 tr\u1ee3 m\u00e1y \u1ea3o t\u1ed1i \u0111a<\/figcaption><\/figure>\n<h3><strong>H\u1ed7 tr\u1ee3 l\u00e0m vi\u1ec7c c\u1ed9ng t\u00e1c hi\u1ec7u qu\u1ea3<\/strong><\/h3>\n<p>Trang b\u1ecb cho nh\u00f3m c\u1ee7a b\u1ea1n c\u00e1c c\u00f4ng c\u1ee5 \u0111\u00e1ng tin c\u1eady \u0111\u1ec3 c\u1ed9ng t\u00e1c v\u00e0 giao ti\u1ebfp, cho d\u00f9 h\u1ecd \u0111ang \u1edf \u0111\u00e2u.<\/p>\n<figure id=\"attachment_2134\" aria-describedby=\"caption-attachment-2134\" style=\"width: 600px\" class=\"wp-caption aligncenter\"><img decoding=\"async\" class=\"size-full wp-image-2134\" src=\"https:\/\/www.vietcorp.com\/store\/wp-content\/uploads\/2022\/10\/thiet-bi-luu-tru-nas-synology-fs2500-7.jpg\" alt=\"Thi\u1ebft b\u1ecb l\u01b0u tr\u1eef NAS Synology FS2500 7\" width=\"600\" height=\"406\" srcset=\"https:\/\/vietcorp.com\/store\/wp-content\/uploads\/2022\/10\/thiet-bi-luu-tru-nas-synology-fs2500-7.jpg?v=1668219401 600w, https:\/\/vietcorp.com\/store\/wp-content\/uploads\/2022\/10\/thiet-bi-luu-tru-nas-synology-fs2500-7-400x271.jpg?v=1668219401 400w, https:\/\/vietcorp.com\/store\/wp-content\/uploads\/2022\/10\/thiet-bi-luu-tru-nas-synology-fs2500-7-367x248.jpg?v=1668219401 367w\" sizes=\"(max-width: 600px) 100vw, 600px\" \/><figcaption id=\"caption-attachment-2134\" class=\"wp-caption-text\">Thi\u1ebft b\u1ecb l\u01b0u tr\u1eef d\u1eef li\u1ec7u NAS Synology FS2500 h\u1ed7 tr\u1ee3 l\u00e0m vi\u1ec7c c\u1ed9ng t\u00e1c hi\u1ec7u qu\u1ea3<\/figcaption><\/figure>\n<p><a href=\"https:\/\/www.vietcorp.com\/store\/synology-mailplus-nang-cao-hieu-qua-lam-viec-nhom\/\"><em>Synology MailPlus<\/em><\/a><\/p>\n<p>Thi\u1ebft l\u1eadp m\u00e1y ch\u1ee7 th\u01b0 ri\u00eang v\u00e0 an to\u00e0n, c\u00f3 th\u1ec3 h\u1ee3p nh\u1ea5t v\u1edbi c\u01a1 s\u1edf h\u1ea1 t\u1ea7ng v\u00e0 n\u1ec1n t\u1ea3ng CNTT hi\u1ec7n c\u00f3.<\/p>\n<p><a href=\"https:\/\/www.vietcorp.com\/store\/synology-office\/\"><em>Synology Office<\/em><\/a><\/p>\n<p>L\u00e0m vi\u1ec7c c\u1ed9ng t\u00e1c trong th\u1eddi gian th\u1ef1c tr\u00ean t\u00e0i li\u1ec7u, b\u1ea3ng t\u00ednh v\u00e0 trang tr\u00ecnh b\u00e0y \u0111\u1ec3 h\u1ee3p l\u1ef1c v\u00e0 \u0111\u1ea1t \u0111\u01b0\u1ee3c n\u0103ng su\u1ea5t cao h\u01a1n.<\/p>\n<p><a href=\"https:\/\/www.vietcorp.com\/store\/synology-drive\/\"><em>Synology Drive<\/em><\/a><\/p>\n<p>L\u01b0u tr\u1eef \u0111\u00e1m m\u00e2y ri\u00eang d\u01b0\u1edbi s\u1ef1 b\u1ea3o \u0111\u1ea3m c\u1ee7a NAS v\u1edbi 100% quy\u1ec1n s\u1edf h\u1eefu d\u1eef li\u1ec7u v\u00e0 kh\u00f4ng c\u00f3 ph\u00ed \u0111\u0103ng k\u00fd.<\/p>\n<h3><strong>Nhi\u1ec1u l\u1ee3i \u00edch h\u01a1n v\u1edbi <a href=\"https:\/\/www.vietcorp.com\/store\/synology-diskstation-manager-7-2\/\">DiskStation Manager<\/a><\/strong><\/h3>\n<p>T\u1eadn d\u1ee5ng to\u00e0n b\u1ed9 c\u00e1c gi\u1ea3i ph\u00e1p n\u0103ng su\u1ea5t, qu\u1ea3n l\u00fd v\u00e0 b\u1ea3o m\u1eadt c\u00f3 s\u1eb5n tr\u00ean h\u1ec7 \u0111i\u1ec1u h\u00e0nh Synology DSM tr\u00ean n\u1ec1n t\u1ea3ng web.<\/p>\n<p><a href=\"https:\/\/www.vietcorp.com\/store\/giai-phap-bao-ve-du-lieu\/\"><em>B\u1ea3o v\u1ec7 d\u1eef li\u1ec7u<\/em><\/a><\/p>\n<p>Gi\u00fap doanh nghi\u1ec7p c\u1ee7a b\u1ea1n kh\u00f4ng b\u1ecb m\u1ea5t d\u1eef li\u1ec7u v\u00e0 gi\u1ea3m thi\u1ec3u th\u1eddi gian ng\u1eebng d\u1ecbch v\u1ee5.<\/p>\n<p><a href=\"https:\/\/www.vietcorp.com\/store\/giai-phap-quan-ly-nguoi-dung\/\"><em>Qu\u1ea3n l\u00fd ng\u01b0\u1eddi d\u00f9ng<\/em><\/a><\/p>\n<p>Qu\u1ea3n l\u00fd t\u00e0i kho\u1ea3n ng\u01b0\u1eddi d\u00f9ng v\u00e0 thi\u1ebft b\u1ecb tr\u00ean quy m\u00f4 to\u00e0n doanh nghi\u1ec7p b\u1eb1ng c\u00e1c d\u1ecbch v\u1ee5 th\u01b0 m\u1ee5c m\u1ea1nh m\u1ebd.<\/p>\n<p><a href=\"https:\/\/www.vietcorp.com\/store\/giai-phap-bao-mat-cua-synology\/\"><em>B\u1ea3o m\u1eadt<\/em><\/a><\/p>\n<p>B\u1ea3o v\u1ec7 NAS Synology c\u1ee7a b\u1ea1n kh\u1ecfi c\u00e1c m\u1ed1i \u0111e d\u1ecda tinh vi nh\u1ea5t b\u1eb1ng c\u00e1c gi\u1ea3i ph\u00e1p b\u1ea3o m\u1eadt h\u00e0ng \u0111\u1ea7u trong ng\u00e0nh.<\/p>\n<p><a href=\"https:\/\/www.vietcorp.com\/store\/giai-phap-quan-ly-tap-tin\/\"><em>Qu\u1ea3n l\u00fd t\u1eadp tin<\/em><\/a><\/p>\n<p>Qu\u1ea3n l\u00fd, \u0111\u1ed3ng b\u1ed9 h\u00f3a v\u00e0 chia s\u1ebb t\u1eadp tin t\u1eeb nhi\u1ec1u thi\u1ebft b\u1ecb tr\u00ean m\u1ed9t n\u1ec1n t\u1ea3ng t\u1eadp trung.<\/p>\n<p><a href=\"https:\/\/www.vietcorp.com\/store\/giai-phap-quan-tri-he-thong\/\"><em>Qu\u1ea3n tr\u1ecb h\u1ec7 th\u1ed1ng<\/em><\/a><\/p>\n<p>Qu\u1ea3n l\u00fd t\u00ecnh tr\u1ea1ng tri\u1ec3n khai v\u00e0 qu\u1ea3n l\u00fd t\u1eadp trung c\u00e1c b\u1ea3n c\u1eadp nh\u1eadt m\u1ed9t c\u00e1ch d\u1ec5 d\u00e0ng.<\/p>\n<p><em>T\u00edch h\u1ee3p \u0111\u00e1m m\u00e2y c\u00f4ng c\u1ed9ng<\/em><\/p>\n<p>Sao l\u01b0u v\u00e0 \u0111\u1ed3ng b\u1ed9 h\u00f3a d\u1eef li\u1ec7u d\u1ec5 d\u00e0ng gi\u1eefa c\u00e1c t\u00e0i kho\u1ea3n \u0111\u00e1m m\u00e2y c\u00f4ng c\u1ed9ng v\u00e0 NAS c\u1ee7a b\u1ea1n.<\/p>\n<h3><strong>B\u1ea3o h\u00e0nh 5 n\u0103m<\/strong><\/h3>\n<p>FS2500 \u0111\u01b0\u1ee3c h\u1ed7 tr\u1ee3 b\u1edfi ch\u01b0\u01a1ng tr\u00ecnh b\u1ea3o h\u00e0nh c\u00f3 gi\u1edbi h\u1ea1n 5 n\u0103m c\u1ee7a Synology, bao g\u1ed3m h\u1ed7 tr\u1ee3 k\u1ef9 thu\u1eadt v\u00e0 d\u1ecbch v\u1ee5 thay th\u1ebf ph\u1ea7n c\u1ee9ng \u0111\u1ec3 t\u1ed1i \u0111a h\u00f3a l\u1ee3i t\u1ee9c \u0111\u1ea7u t\u01b0 c\u1ee7a b\u1ea1n v\u00e0 \u0111\u1ea3m b\u1ea3o duy tr\u00ec hi\u1ec7u su\u1ea5t ch\u1ea5t l\u01b0\u1ee3ng cao.<\/p>\n<h3><strong>B\u1ec1 ngo\u00e0i NAS Synology FS2500<\/strong><\/h3>\n<table>\n<tbody>\n<tr>\n<td><strong>M\u1eb7t tr\u01b0\u1edbc NAS Synology FS2500<\/strong><\/p>\n<p><img decoding=\"async\" class=\"size-full wp-image-2034\" src=\"https:\/\/www.vietcorp.com\/store\/wp-content\/uploads\/2022\/10\/thiet-bi-luu-tru-nas-synology-fs2500-5.jpg\" alt=\"Thi\u1ebft b\u1ecb l\u01b0u tr\u1eef NAS Synology FS2500 7\" width=\"600\" height=\"155\" \/><\/td>\n<td><strong>M\u1eb7t sau NAS Synology FS2500<\/strong><\/p>\n<p><img decoding=\"async\" class=\"size-full wp-image-2033\" src=\"https:\/\/www.vietcorp.com\/store\/wp-content\/uploads\/2022\/10\/thiet-bi-luu-tru-nas-synology-fs2500-6.jpg\" alt=\"Thi\u1ebft b\u1ecb l\u01b0u tr\u1eef NAS Synology FS2500 8\" width=\"600\" height=\"146\" \/><\/td>\n<\/tr>\n<tr>\n<td>1. N\u00fat ngu\u1ed3n v\u00e0 \u0111\u00e8n b\u00e1o<\/td>\n<td>10. Qu\u1ea1t PSU<\/td>\n<\/tr>\n<tr>\n<td>2. \u0110\u00e8n tr\u1ea1ng th\u00e1i<\/td>\n<td>11. C\u1ed5ng RJ-45 1GbE<\/td>\n<\/tr>\n<tr>\n<td>3. \u0110\u00e8n c\u1ea3nh b\u00e1o<\/td>\n<td>12. C\u1ed5ng RJ-45 10GbE<\/td>\n<\/tr>\n<tr>\n<td>4. N\u00fat t\u1eaft ti\u1ebfng b\u00edp<\/td>\n<td>13. C\u1ed5ng \u0111i\u1ec1u khi\u1ec3n<\/td>\n<\/tr>\n<tr>\n<td>5. \u0110\u00e8n tr\u1ea1ng th\u00e1i \u1ed5 \u0111\u0129a<\/td>\n<td>14. C\u1ed5ng USB 3.2 Gen 1<\/td>\n<\/tr>\n<tr>\n<td>6. Khay \u1ed5 \u0111\u0129a<\/td>\n<td>15. N\u00fat kh\u1edfi \u0111\u1ed9ng l\u1ea1i<\/td>\n<\/tr>\n<tr>\n<td>7. C\u1ed5ng ngu\u1ed3n<\/td>\n<td><\/td>\n<\/tr>\n<tr>\n<td>8. Khe m\u1edf r\u1ed9ng PCI Express<\/td>\n<td><\/td>\n<\/tr>\n<tr>\n<td>9. \u0110\u00e8n PSU v\u00e0 N\u00fat t\u1eaft ti\u1ebfng b\u00edp<\/td>\n<td><\/td>\n<\/tr>\n<\/tbody>\n<\/table>\n<p>Xem th\u00eam NAS Synology:<\/p>\n<ul>\n<li><a href=\"https:\/\/www.vietcorp.com\/vn\/2819\/chung-nhan-synology\/\">Ch\u1ee9ng nh\u1eadn Synology<\/a><\/li>\n<li><a href=\"https:\/\/vietcorp.com\/support\/synology\/\">Support Synology<\/a><\/li>\n<li><a href=\"https:\/\/www.vietcorp.com\/blog\/tag\/showcase-synology\/\">Showcase Synology<\/a><\/li>\n<\/ul>\n","protected":false},"excerpt":{"rendered":"<p>Thi\u1ebft b\u1ecb l\u01b0u tr\u1eef NAS Synology FS2500<br \/>\nAMD Ryzen V1780B<br \/>\n8 GB DDR4 ECC UDIMM up to 32 GB<br \/>\n2 x RJ-45 1GbE, 2 x RJ-45 10GbE<br \/>\nB\u1ea3o h\u00e0nh 60 th\u00e1ng<\/p>\n","protected":false},"featured_media":6991,"template":"","meta":[],"product_brand":[],"product_cat":[403],"product_tag":[39,471,53,30,472,23,473],"class_list":{"0":"post-2117","1":"product","2":"type-product","3":"status-publish","4":"has-post-thumbnail","6":"product_cat-fs-series","7":"product_tag-fs-series","8":"product_tag-fs2500","9":"product_tag-nas","10":"product_tag-nas-12-bay","11":"product_tag-nas-fs2500","12":"product_tag-synology","13":"product_tag-synology-fs2500","14":"pa_thuong-hieu-synology","16":"first","17":"onbackorder","18":"taxable","19":"shipping-taxable","20":"product-type-simple"},"_links":{"self":[{"href":"https:\/\/vietcorp.com\/store\/wp-json\/wp\/v2\/product\/2117","targetHints":{"allow":["GET"]}}],"collection":[{"href":"https:\/\/vietcorp.com\/store\/wp-json\/wp\/v2\/product"}],"about":[{"href":"https:\/\/vietcorp.com\/store\/wp-json\/wp\/v2\/types\/product"}],"wp:featuredmedia":[{"embeddable":true,"href":"https:\/\/vietcorp.com\/store\/wp-json\/wp\/v2\/media\/6991"}],"wp:attachment":[{"href":"https:\/\/vietcorp.com\/store\/wp-json\/wp\/v2\/media?parent=2117"}],"wp:term":[{"taxonomy":"product_brand","embeddable":true,"href":"https:\/\/vietcorp.com\/store\/wp-json\/wp\/v2\/product_brand?post=2117"},{"taxonomy":"product_cat","embeddable":true,"href":"https:\/\/vietcorp.com\/store\/wp-json\/wp\/v2\/product_cat?post=2117"},{"taxonomy":"product_tag","embeddable":true,"href":"https:\/\/vietcorp.com\/store\/wp-json\/wp\/v2\/product_tag?post=2117"}],"curies":[{"name":"wp","href":"https:\/\/api.w.org\/{rel}","templated":true}]}}