


{"id":2095,"date":"2022-10-05T09:01:34","date_gmt":"2022-10-05T02:01:34","guid":{"rendered":"https:\/\/www.vietcorp.com\/store\/?post_type=product&#038;p=2095"},"modified":"2025-12-11T15:31:45","modified_gmt":"2025-12-11T08:31:45","slug":"thiet-bi-luu-tru-nas-synology-rs2821rp","status":"publish","type":"product","link":"https:\/\/vietcorp.com\/store\/2095\/thiet-bi-luu-tru-nas-synology-rs2821rp\/","title":{"rendered":"Synology RS2821RP+"},"content":{"rendered":"<p><a href=\"https:\/\/www.vietcorp.com\/store\/2095\/thiet-bi-luu-tru-nas-synology-rs2821rp\/\"><strong>Thi\u1ebft b\u1ecb l\u01b0u tr\u1eef NAS Synology RS2821RP+<\/strong><\/a> 16 khay \u0111\u01b0\u1ee3c thi\u1ebft k\u1ebf ph\u00f9 h\u1ee3p v\u1edbi nh\u1eefng y\u00eau c\u1ea7u \u0111a d\u1ea1ng trong kinh doanh. C\u00f3 th\u1ec3 m\u1edf r\u1ed9ng l\u00ean \u0111\u1ebfn 28 \u1ed5 \u0111\u0129a, thi\u1ebft b\u1ecb n\u00e0y c\u00f3 ch\u1ee9c n\u0103ng sao l\u01b0u v\u00e0 ph\u1ee5c h\u1ed3i m\u1ea1nh m\u1ebd cho l\u0129nh v\u1ef1c SMB. S\u1ea3n ph\u1ea9m cung c\u1ea5p kh\u1ea3 n\u0103ng \u0111\u1ecdc 2.200 MB\/s v\u00e0 hi\u1ec7u su\u1ea5t \u0111\u1ecdc ng\u1eabu nhi\u00ean 4K 105K1, \u0111\u1ed3ng th\u1eddi c\u00f3 th\u1ec3 n\u00e2ng c\u1ea5p v\u1edbi b\u1ed9 nh\u1edb \u0111\u1ec7m SSD v\u00e0 t\u00f9y ch\u1ecdn 10\/25 Gb Ethernet.<\/p>\n<h3><strong><a href=\"https:\/\/www.vietcorp.com\/store\/nas-synology\/\">Thi\u1ebft b\u1ecb l\u01b0u tr\u1eef NAS Synology<\/a> RS2821RP+ c\u00f3 c\u1ea5u h\u00ecnh m\u1ea1nh m\u1ebd<\/strong><\/h3>\n<ul>\n<li><strong>CPU:<\/strong> AMD Ryzen V1500B 4-core 2.2 GHz<\/li>\n<li><strong>RAM:<\/strong> 4 GB DDR4 ECC UDIMM n\u00e2ng c\u1ea5p l\u00ean 32 GB<\/li>\n<li><strong>\u1ed4 \u0111\u0129a:<\/strong> 16 khay \u1ed5 \u0111\u0129a m\u1edf r\u1ed9ng l\u00ean \u0111\u1ebfn 28 khay \u1ed5 \u0111\u0129a v\u1edbi RX1217\/RX1217RP<\/li>\n<li><strong>C\u1ed5ng k\u1ebft n\u1ed1i:\u00a0<\/strong>4 c\u1ed5ng RJ-45 1GbE LAN, 2 c\u1ed5ng USB 3.2 Gen 1<\/li>\n<\/ul>\n<p><center><iframe loading=\"lazy\" title=\"NAS Synology RS2821RP+ #Synology #Vietcorp #NAS\" src=\"https:\/\/www.youtube.com\/embed\/4oEGpbtvVAM\" width=\"452\" height=\"803\" frameborder=\"0\" allowfullscreen=\"allowfullscreen\"><\/iframe><\/center><\/p>\n<h3><strong>NAS Synology RS2821RP+ thi\u1ebft k\u1ebf \u0111\u1ec3 v\u1eadn h\u00e0nh li\u00ean t\u1ee5c<\/strong><\/h3>\n<figure id=\"attachment_2103\" aria-describedby=\"caption-attachment-2103\" style=\"width: 600px\" class=\"wp-caption aligncenter\"><img decoding=\"async\" class=\"size-full wp-image-2103\" src=\"https:\/\/www.vietcorp.com\/store\/wp-content\/uploads\/2022\/10\/thiet-bi-luu-tru-nas-synology-rs2821rp3.jpg\" alt=\"Thi\u1ebft b\u1ecb l\u01b0u tr\u1eef NAS Synology RS2821RP+ 1\" width=\"600\" height=\"600\" srcset=\"https:\/\/vietcorp.com\/store\/wp-content\/uploads\/2022\/10\/thiet-bi-luu-tru-nas-synology-rs2821rp3.jpg?v=1668219432 600w, https:\/\/vietcorp.com\/store\/wp-content\/uploads\/2022\/10\/thiet-bi-luu-tru-nas-synology-rs2821rp3-400x400.jpg?v=1668219432 400w, https:\/\/vietcorp.com\/store\/wp-content\/uploads\/2022\/10\/thiet-bi-luu-tru-nas-synology-rs2821rp3-560x560.jpg?v=1668219432 560w, https:\/\/vietcorp.com\/store\/wp-content\/uploads\/2022\/10\/thiet-bi-luu-tru-nas-synology-rs2821rp3-367x367.jpg?v=1668219432 367w\" sizes=\"(max-width: 600px) 100vw, 600px\" \/><figcaption id=\"caption-attachment-2103\" class=\"wp-caption-text\">Thi\u1ebft b\u1ecb l\u01b0u tr\u1eef d\u1eef li\u1ec7u NAS Synology RS2821RP+ c\u00f3 2 ngu\u1ed3n d\u1ef1 ph\u00f2ng<\/figcaption><\/figure>\n<p><em>Ngu\u1ed3n d\u1ef1 ph\u00f2ng<\/em><\/p>\n<p>Gi\u1ea3m t\u00ecnh tr\u1ea1ng gi\u00e1n \u0111o\u1ea1n ngu\u1ed3n tr\u00ean m\u1ed9t k\u00eanh ph\u00e2n ph\u1ed1i \u0111\u01a1n l\u1ebb ho\u1eb7c PDU \u1ea3nh h\u01b0\u1edfng x\u1ea5u \u0111\u1ebfn d\u1eef li\u1ec7u v\u00e0 t\u00ednh s\u1eb5n s\u00e0ng c\u1ee7a d\u1ecbch v\u1ee5.<\/p>\n<p>Th\u1eddi gian ng\u01b0ng ho\u1ea1t \u0111\u1ed9ng g\u1ea7n nh\u01b0 b\u1eb1ng 0<\/p>\n<p>Gh\u00e9p hai thi\u1ebft b\u1ecb gi\u1ed1ng nhau v\u1edbi <a href=\"https:\/\/www.vietcorp.com\/store\/synology-high-availability\/\">Synology High Availability<\/a> v\u00e0 k\u00edch ho\u1ea1t t\u1ef1 \u0111\u1ed9ng d\u1ef1 ph\u00f2ng l\u1ed7i theo t\u1eebng ph\u00fat gi\u1eefa c\u1ea3 hai thi\u1ebft b\u1ecb trong tr\u01b0\u1eddng h\u1ee3p m\u1ed9t m\u00e1y ch\u1ee7 b\u1ecb l\u1ed7i.<\/p>\n<p>T\u00ednh to\u00e0n v\u1eb9n v\u00e0 b\u1ea3o v\u1ec7 d\u1eef li\u1ec7u<\/p>\n<p>B\u1ed9 nh\u1edb ECC ng\u0103n ng\u1eeba h\u01b0 h\u1ecfng d\u1eef li\u1ec7u, \u0111\u1ed3ng th\u1eddi h\u1ec7 th\u1ed1ng t\u1eadp tin <a href=\"https:\/\/www.vietcorp.com\/store\/cach-btrfs-bao-ve-du-lieu-cong-ty-ban\/\">Btrfs<\/a> mang l\u1ea1i \u0111\u1ed9 tin c\u1eady cao h\u01a1n, c\u00f4ng ngh\u1ec7 ghi nhanh v\u00e0 b\u1ea3o v\u1ec7 d\u1eef li\u1ec7u \u0111\u01b0\u1ee3c \u0111\u01a1n gi\u1ea3n h\u00f3a.<\/p>\n<h3><strong>Kh\u1ea3 n\u0103ng n\u00e2ng c\u1ea5p m\u1edf r\u1ed9ng cao<\/strong><\/h3>\n<p><em>H\u1ed7 tr\u1ee3 NIC 10\/25GbE<\/em><\/p>\n<p>H\u1ed7 tr\u1ee3 NIC 10\/25GbE gi\u00fap b\u1ea1n t\u0103ng th\u00f4ng l\u01b0\u1ee3ng m\u1ea1ng t\u1ed1i \u0111a b\u1eb1ng c\u00e1ch s\u1eed d\u1ee5ng Link Aggregation (li\u00ean k\u1ebft).<\/p>\n<figure id=\"attachment_2059\" aria-describedby=\"caption-attachment-2059\" style=\"width: 600px\" class=\"wp-caption aligncenter\"><img decoding=\"async\" class=\"size-full wp-image-2059\" src=\"https:\/\/www.vietcorp.com\/store\/wp-content\/uploads\/2022\/10\/thiet-bi-luu-tru-nas-synology-rs24214.jpg\" alt=\"Thi\u1ebft b\u1ecb l\u01b0u tr\u1eef NAS Synology RS2821RP+ 2\" width=\"600\" height=\"315\" srcset=\"https:\/\/vietcorp.com\/store\/wp-content\/uploads\/2022\/10\/thiet-bi-luu-tru-nas-synology-rs24214.jpg?v=1668219468 600w, https:\/\/vietcorp.com\/store\/wp-content\/uploads\/2022\/10\/thiet-bi-luu-tru-nas-synology-rs24214-400x210.jpg?v=1668219468 400w, https:\/\/vietcorp.com\/store\/wp-content\/uploads\/2022\/10\/thiet-bi-luu-tru-nas-synology-rs24214-367x193.jpg?v=1668219468 367w\" sizes=\"(max-width: 600px) 100vw, 600px\" \/><figcaption id=\"caption-attachment-2059\" class=\"wp-caption-text\">NAS Synology RS2821RP+ H\u1ed7 tr\u1ee3 NIC 10\/25GbE<\/figcaption><\/figure>\n<p><em>B\u1ed9 nh\u1edb \u0111\u1ec7m SSD4<\/em><\/p>\n<p>T\u0103ng IOPS \u0111\u1ecdc\/ghi tr\u00ean c\u00e1c m\u1ea3ng ch\u1ec9 d\u00e0nh cho \u1ed5 c\u1ee9ng HDD l\u00ean \u0111\u1ebfn 16 l\u1ea7n tr\u1edf l\u00ean v\u1edbi NVMe ho\u1eb7c b\u1ed9 nh\u1edb \u0111\u1ec7m SSD SATA.<\/p>\n<figure id=\"attachment_2060\" aria-describedby=\"caption-attachment-2060\" style=\"width: 600px\" class=\"wp-caption aligncenter\"><img decoding=\"async\" class=\"size-full wp-image-2060\" src=\"https:\/\/www.vietcorp.com\/store\/wp-content\/uploads\/2022\/10\/thiet-bi-luu-tru-nas-synology-rs24215.jpg\" alt=\"Thi\u1ebft b\u1ecb l\u01b0u tr\u1eef NAS Synology RS2821RP+ 3\" width=\"600\" height=\"362\" srcset=\"https:\/\/vietcorp.com\/store\/wp-content\/uploads\/2022\/10\/thiet-bi-luu-tru-nas-synology-rs24215.jpg?v=1668219466 600w, https:\/\/vietcorp.com\/store\/wp-content\/uploads\/2022\/10\/thiet-bi-luu-tru-nas-synology-rs24215-400x241.jpg?v=1668219466 400w, https:\/\/vietcorp.com\/store\/wp-content\/uploads\/2022\/10\/thiet-bi-luu-tru-nas-synology-rs24215-367x221.jpg?v=1668219466 367w\" sizes=\"(max-width: 600px) 100vw, 600px\" \/><figcaption id=\"caption-attachment-2060\" class=\"wp-caption-text\">B\u1ed9 nh\u1edb \u0111\u1ec7m SSD4<\/figcaption><\/figure>\n<p><em>M\u1edf r\u1ed9ng khay \u1ed5 \u0111\u0129a theo y\u00eau c\u1ea7u<\/em><\/p>\n<p>M\u1edf r\u1ed9ng l\u00ean \u0111\u1ebfn 28 khay \u1ed5 \u0111\u0129a v\u1edbi m\u1ed9t thi\u1ebft b\u1ecb m\u1edf r\u1ed9ng RX1217(RP)<\/p>\n<figure id=\"attachment_2100\" aria-describedby=\"caption-attachment-2100\" style=\"width: 474px\" class=\"wp-caption aligncenter\"><img decoding=\"async\" class=\"size-full wp-image-2100\" src=\"https:\/\/www.vietcorp.com\/store\/wp-content\/uploads\/2022\/10\/thiet-bi-luu-tru-nas-synology-rs2821rp4.jpg\" alt=\"Thi\u1ebft b\u1ecb l\u01b0u tr\u1eef NAS Synology RS2821RP+ 4\" width=\"474\" height=\"445\" srcset=\"https:\/\/vietcorp.com\/store\/wp-content\/uploads\/2022\/10\/thiet-bi-luu-tru-nas-synology-rs2821rp4.jpg?v=1668219436 474w, https:\/\/vietcorp.com\/store\/wp-content\/uploads\/2022\/10\/thiet-bi-luu-tru-nas-synology-rs2821rp4-400x376.jpg?v=1668219436 400w, https:\/\/vietcorp.com\/store\/wp-content\/uploads\/2022\/10\/thiet-bi-luu-tru-nas-synology-rs2821rp4-367x345.jpg?v=1668219436 367w\" sizes=\"(max-width: 474px) 100vw, 474px\" \/><figcaption id=\"caption-attachment-2100\" class=\"wp-caption-text\">M\u1edf r\u1ed9ng l\u00ean \u0111\u1ebfn 28 khay \u1ed5 \u0111\u0129a v\u1edbi m\u1ed9t thi\u1ebft b\u1ecb m\u1edf r\u1ed9ng RX1217<\/figcaption><\/figure>\n<h3><strong>Gi\u1ea3i ph\u00e1p sao l\u01b0u ho\u00e0n h\u1ea3o<\/strong><\/h3>\n<p><em>Sao l\u01b0u NAS sang c\u00e1c thi\u1ebft b\u1ecb kh\u00e1c<\/em><\/p>\n<p><a href=\"https:\/\/www.vietcorp.com\/store\/hyper-backup\/\">Hyper Backup<\/a> Sao l\u01b0u t\u1eadp tin, iSCSI LUN, \u1ee9ng d\u1ee5ng \u0111\u00e3 c\u00e0i \u0111\u1eb7t v\u00e0 c\u1ea5u h\u00ecnh h\u1ec7 th\u1ed1ng t\u1edbi c\u00e1c \u0111i\u1ec3m \u0111\u1ebfn bao g\u1ed3m Synology C2 Storage, n\u1ec1n t\u1ea3ng \u0111\u00e1m m\u00e2y c\u00f4ng c\u1ed9ng, thi\u1ebft b\u1ecb USB, m\u00e1y ch\u1ee7 t\u1eadp tin, th\u01b0 m\u1ee5c c\u1ee5c b\u1ed9 ho\u1eb7c Synology NAS kh\u00e1c.<\/p>\n<figure id=\"attachment_2062\" aria-describedby=\"caption-attachment-2062\" style=\"width: 557px\" class=\"wp-caption aligncenter\"><img decoding=\"async\" class=\"size-full wp-image-2062\" src=\"https:\/\/www.vietcorp.com\/store\/wp-content\/uploads\/2022\/10\/thiet-bi-luu-tru-nas-synology-rs24217.jpg\" alt=\"Thi\u1ebft b\u1ecb l\u01b0u tr\u1eef NAS Synology RS2821RP+ 5\" width=\"557\" height=\"392\" srcset=\"https:\/\/vietcorp.com\/store\/wp-content\/uploads\/2022\/10\/thiet-bi-luu-tru-nas-synology-rs24217.jpg?v=1668219463 557w, https:\/\/vietcorp.com\/store\/wp-content\/uploads\/2022\/10\/thiet-bi-luu-tru-nas-synology-rs24217-400x282.jpg?v=1668219463 400w, https:\/\/vietcorp.com\/store\/wp-content\/uploads\/2022\/10\/thiet-bi-luu-tru-nas-synology-rs24217-367x258.jpg?v=1668219463 367w\" sizes=\"(max-width: 557px) 100vw, 557px\" \/><figcaption id=\"caption-attachment-2062\" class=\"wp-caption-text\">Sao l\u01b0u NAS sang c\u00e1c thi\u1ebft b\u1ecb kh\u00e1c<\/figcaption><\/figure>\n<p><em>H\u1ee3p nh\u1ea5t c\u00e1c b\u1ea3n sao l\u01b0u v\u00e0o NAS c\u1ee7a b\u1ea1n<\/em><\/p>\n<p>Active Backup Suite Sao l\u01b0u an to\u00e0n m\u00e1y kh\u00e1ch v\u00e0 m\u00e1y ch\u1ee7 Windows, t\u00e0i kho\u1ea3n Microsoft 365 v\u00e0 Google Workspace, m\u00e1y ch\u1ee7 t\u1eadp tin c\u0169ng nh\u01b0 m\u00e1y \u1ea3o VMware v\u00e0 Hyper-V v\u1edbi Active Backup Suite. T\u1eadn d\u1ee5ng c\u00f4ng ngh\u1ec7 kh\u1eed tr\u00f9ng l\u1eb7p t\u00edch h\u1ee3p \u0111\u1ec3 gi\u1ea3m k\u00edch th\u01b0\u1edbc sao l\u01b0u v\u00e0 \u0111a phi\u00ean b\u1ea3n, gi\u00fap kh\u00f4i ph\u1ee5c linh ho\u1ea1t.<\/p>\n<figure id=\"attachment_2063\" aria-describedby=\"caption-attachment-2063\" style=\"width: 549px\" class=\"wp-caption aligncenter\"><img decoding=\"async\" class=\"size-full wp-image-2063\" src=\"https:\/\/www.vietcorp.com\/store\/wp-content\/uploads\/2022\/10\/thiet-bi-luu-tru-nas-synology-rs24218.jpg\" alt=\"Thi\u1ebft b\u1ecb l\u01b0u tr\u1eef NAS Synology RS2821RP+ 6\" width=\"549\" height=\"338\" srcset=\"https:\/\/vietcorp.com\/store\/wp-content\/uploads\/2022\/10\/thiet-bi-luu-tru-nas-synology-rs24218.jpg?v=1668219462 549w, https:\/\/vietcorp.com\/store\/wp-content\/uploads\/2022\/10\/thiet-bi-luu-tru-nas-synology-rs24218-400x246.jpg?v=1668219462 400w, https:\/\/vietcorp.com\/store\/wp-content\/uploads\/2022\/10\/thiet-bi-luu-tru-nas-synology-rs24218-367x226.jpg?v=1668219462 367w\" sizes=\"(max-width: 549px) 100vw, 549px\" \/><figcaption id=\"caption-attachment-2063\" class=\"wp-caption-text\">H\u1ee3p nh\u1ea5t c\u00e1c b\u1ea3n sao l\u01b0u v\u00e0o NAS c\u1ee7a b\u1ea1n<\/figcaption><\/figure>\n<h3><strong>L\u00e0m vi\u1ec7c t\u1eeb xa hi\u1ec7u qu\u1ea3 v\u1edbi b\u1ed9 c\u00f4ng c\u1ee5 c\u1ee7a Synology<\/strong><\/h3>\n<figure id=\"attachment_1970\" aria-describedby=\"caption-attachment-1970\" style=\"width: 600px\" class=\"wp-caption aligncenter\"><img decoding=\"async\" class=\"size-full wp-image-1970\" src=\"https:\/\/www.vietcorp.com\/store\/wp-content\/uploads\/2022\/10\/thiet-bi-luu-tru-nas-synology-ds24229.jpg\" alt=\"Thi\u1ebft b\u1ecb l\u01b0u tr\u1eef NAS Synology RS2821RP+ 7\" width=\"600\" height=\"418\" srcset=\"https:\/\/vietcorp.com\/store\/wp-content\/uploads\/2022\/10\/thiet-bi-luu-tru-nas-synology-ds24229.jpg?v=1668219548 600w, https:\/\/vietcorp.com\/store\/wp-content\/uploads\/2022\/10\/thiet-bi-luu-tru-nas-synology-ds24229-400x279.jpg?v=1668219548 400w, https:\/\/vietcorp.com\/store\/wp-content\/uploads\/2022\/10\/thiet-bi-luu-tru-nas-synology-ds24229-367x256.jpg?v=1668219548 367w\" sizes=\"(max-width: 600px) 100vw, 600px\" \/><figcaption id=\"caption-attachment-1970\" class=\"wp-caption-text\">L\u00e0m vi\u1ec7c t\u1eeb xa hi\u1ec7u qu\u1ea3 v\u1edbi b\u1ed9 c\u00f4ng c\u1ee5 c\u1ee7a Synology<\/figcaption><\/figure>\n<p><a href=\"https:\/\/www.vietcorp.com\/store\/synology-drive\/\"><em>Synology Drive<\/em><\/a><\/p>\n<p>L\u01b0u tr\u1eef \u0111\u00e1m m\u00e2y ri\u00eang d\u01b0\u1edbi s\u1ef1 b\u1ea3o \u0111\u1ea3m c\u1ee7a NAS v\u1edbi 100% quy\u1ec1n s\u1edf h\u1eefu d\u1eef li\u1ec7u v\u00e0 kh\u00f4ng c\u00f3 ph\u00ed \u0111\u0103ng k\u00fd.<\/p>\n<p><a href=\"https:\/\/www.vietcorp.com\/store\/synology-office\/\"><em>Synology Office<\/em><\/a><\/p>\n<p>T\u1ea1o t\u00e0i li\u1ec7u, b\u1ea3ng t\u00ednh v\u00e0 trang tr\u00ecnh b\u00e0y trong m\u00f4i tr\u01b0\u1eddng nhi\u1ec1u ng\u01b0\u1eddi d\u00f9ng. L\u00e0m vi\u1ec7c c\u1ed9ng t\u00e1c trong th\u1eddi gian th\u1ef1c v\u00e0 t\u00ednh n\u0103ng l\u01b0u t\u1ef1 \u0111\u1ed9ng gi\u00fap c\u00e1c phi\u00ean l\u00e0m vi\u1ec7c t\u1eeb xa tr\u1edf n\u00ean d\u1ec5 d\u00e0ng.<\/p>\n<p><a href=\"https:\/\/www.vietcorp.com\/store\/synology-chat\/\"><em>Synology Chat<\/em><\/a><\/p>\n<p>Th\u1ea3o lu\u1eadn v\u00e0 c\u1ed9ng t\u00e1c v\u1edbi \u0111\u1ed3ng nghi\u1ec7p b\u1eb1ng c\u00e1ch s\u1eed d\u1ee5ng t\u00ednh n\u0103ng nh\u1eafn tin an to\u00e0n \u0111\u01b0\u1ee3c thi\u1ebft k\u1ebf cho c\u00e1c nh\u00f3m, c\u00f3 \u1ee9ng d\u1ee5ng tr\u00ean thi\u1ebft b\u1ecb di \u0111\u1ed9ng, m\u00e1y t\u00ednh \u0111\u1ec3 b\u00e0n v\u00e0 tr\u00ecnh duy\u1ec7t.<\/p>\n<h3><strong>H\u1ed7 tr\u1ee3 \u1ea3o h\u00f3a<\/strong><\/h3>\n<p>DSM t\u1ed5 ch\u1ee9c h\u1ee3p l\u00fd ho\u1ea1t \u0111\u1ed9ng cung c\u1ea5p v\u00e0 qu\u1ea3n l\u00fd c\u00e1c m\u00e1y \u1ea3o c\u00f3 ch\u1ee9ng nh\u1eadn \u0111\u1ea7y \u0111\u1ee7 cho VMware\u00ae vSphere\u2122, Microsoft\u00ae Hyper-V\u00ae, Citrix\u00ae XenServer\u2122 v\u00e0 c\u00e1c m\u00f4i tr\u01b0\u1eddng \u1ea3o h\u00f3a OpenStack. Synology Storage Console cho n\u1ec1n t\u1ea3ng VMware ho\u1eb7c Windows gi\u00fap b\u1ea1n qu\u1ea3n l\u00fd b\u1ed9 nh\u1edb tr\u1ef1c ti\u1ebfp t\u1eeb ph\u1ea7n m\u1ec1m gi\u00e1m s\u00e1t m\u00e1y \u1ea3o c\u1ee7a m\u00ecnh. T\u00edch h\u1ee3p VMware VAAI v\u00e0 Windows ODX gi\u00fap gi\u1ea3m t\u1ea3i c\u00e1c ho\u1ea1t \u0111\u1ed9ng l\u01b0u tr\u1eef v\u00e0 t\u0103ng t\u1ed1c \u0111\u1ed9 truy\u1ec1n d\u1eef li\u1ec7u.<\/p>\n<figure id=\"attachment_2064\" aria-describedby=\"caption-attachment-2064\" style=\"width: 507px\" class=\"wp-caption aligncenter\"><img decoding=\"async\" class=\"size-full wp-image-2064\" src=\"https:\/\/www.vietcorp.com\/store\/wp-content\/uploads\/2022\/10\/thiet-bi-luu-tru-nas-synology-rs24219.jpg\" alt=\"Thi\u1ebft b\u1ecb l\u01b0u tr\u1eef NAS Synology RS2821RP+ 8\" width=\"507\" height=\"131\" srcset=\"https:\/\/vietcorp.com\/store\/wp-content\/uploads\/2022\/10\/thiet-bi-luu-tru-nas-synology-rs24219.jpg?v=1668219460 507w, https:\/\/vietcorp.com\/store\/wp-content\/uploads\/2022\/10\/thiet-bi-luu-tru-nas-synology-rs24219-400x103.jpg?v=1668219460 400w, https:\/\/vietcorp.com\/store\/wp-content\/uploads\/2022\/10\/thiet-bi-luu-tru-nas-synology-rs24219-367x95.jpg?v=1668219460 367w\" sizes=\"(max-width: 507px) 100vw, 507px\" \/><figcaption id=\"caption-attachment-2064\" class=\"wp-caption-text\">H\u1ed7 tr\u1ee3 \u1ea3o h\u00f3a<\/figcaption><\/figure>\n<h3><strong>S\u1eed d\u1ee5ng c\u00f4ng ngh\u1ec7 c\u1ee7a <a href=\"https:\/\/www.vietcorp.com\/store\/synology-diskstation-manager-7-2\/\">Synology DiskStation Manager<\/a><\/strong><\/h3>\n<p><a href=\"https:\/\/www.vietcorp.com\/store\/cms\/\"><em>Central Management System<\/em><\/a><\/p>\n<p>Qu\u1ea3n l\u00fd thu\u1eadn ti\u1ec7n c\u00e1c thi\u1ebft b\u1ecb NAS Synology c\u1ee7a b\u1ea1n tr\u00ean b\u1ea3ng \u0111i\u1ec1u khi\u1ec3n t\u1eadp trung.<\/p>\n<p><em>Synology Drive<\/em><\/p>\n<p>Truy c\u1eadp ngay l\u1eadp t\u1ee9c c\u00e1c t\u1eadp tin NAS c\u1ee7a b\u1ea1n tr\u00ean nhi\u1ec1u thi\u1ebft b\u1ecb b\u1ea5t c\u1ee9 khi n\u00e0o b\u1ea1n mu\u1ed1n, d\u00f9 b\u1ea1n \u1edf \u0111\u00e2u.<\/p>\n<p><em>B\u1ed9 c\u00f4ng c\u1ee5 c\u1ed9ng t\u00e1c l\u00e0m vi\u1ec7c<\/em><\/p>\n<p>\u0110\u00e1p \u1ee9ng t\u1ea5t c\u1ea3 c\u00e1c nhu c\u1ea7u l\u00e0m vi\u1ec7c c\u1ed9ng t\u00e1c nh\u1edd s\u1ef1 an to\u00e0n c\u1ee7a \u0111\u00e1m m\u00e2y ri\u00eang v\u1edbi c\u00e1c \u1ee9ng d\u1ee5ng Synology Office, Calendar v\u00e0 Chat.<\/p>\n<p><a href=\"https:\/\/www.vietcorp.com\/store\/virtual-machine-manager-giam-sat-may-ao-truc-quan\/\"><em>Virtual Machine Manager<\/em><\/a><\/p>\n<p>Ch\u1ea1y c\u00e1c h\u1ec7 \u0111i\u1ec1u h\u00e0nh kh\u00e1c nhau trong c\u00e1c h\u1ed9p c\u00e1t bi\u1ec7t l\u1eadp. Sao ch\u00e9p, l\u01b0u tr\u1eef v\u00e0 di chuy\u1ec3n m\u00e1y \u1ea3o m\u1ed9t c\u00e1ch li\u1ec1n m\u1ea1ch.<\/p>\n<p><em>B\u1ea3o m\u1eadt<\/em><\/p>\n<p>B\u1ea3o m\u1eadt d\u1eef li\u1ec7u b\u1eb1ng c\u00e1c c\u00f4ng c\u1ee5 b\u1ea3o m\u1eadt t\u00edch h\u1ee3p to\u00e0n di\u1ec7n \u0111\u1ec3 b\u1ea3o v\u1ec7 thi\u1ebft b\u1ecb c\u1ee7a b\u1ea1n tr\u01b0\u1edbc c\u00e1c m\u1ed1i \u0111e d\u1ecda \u0111ang ng\u00e0y m\u1ed9t gia t\u0103ng.<\/p>\n<p><a href=\"https:\/\/www.vietcorp.com\/store\/surveillance-station\/\"><em>Surveillance Station<\/em><\/a><\/p>\n<p>Gi\u1ea3i ph\u00e1p gi\u00e1m s\u00e1t ho\u00e0n ch\u1ec9nh \u0111\u1ec3 ghi h\u00ecnh, gi\u00e1m s\u00e1t v\u00e0 qu\u1ea3n l\u00fd.<\/p>\n<h3><strong>B\u1ea3o h\u00e0nh 3 n\u0103m<\/strong><\/h3>\n<p>RS2821RP+ \u0111\u01b0\u1ee3c h\u1ed7 tr\u1ee3 ch\u01b0\u01a1ng tr\u00ecnh b\u1ea3o h\u00e0nh ph\u1ea7n c\u1ee9ng ba n\u0103m c\u1ee7a Synology. Ch\u01b0\u01a1ng tr\u00ecnh b\u1ea3o h\u00e0nh m\u1edf r\u1ed9ng hai n\u0103m t\u00f9y ch\u1ecdn m\u1edf r\u1ed9ng ph\u1ea1m vi b\u1ea3o h\u00e0nh l\u00ean \u0111\u1ebfn 5 n\u0103m \u0111\u01b0\u1ee3c cung c\u1ea5p \u1edf m\u1ed9t s\u1ed1 khu v\u1ef1c nh\u1ea5t \u0111\u1ecbnh.<\/p>\n<h3><strong>B\u1ec1 ngo\u00e0i NAS Synology RS2821RP+<\/strong><\/h3>\n<table>\n<tbody>\n<tr>\n<td><strong>M\u1eb7t tr\u01b0\u1edbc NAS Synology RS2821RP+<\/strong><\/p>\n<p><img decoding=\"async\" class=\"size-full wp-image-2034\" src=\"https:\/\/www.vietcorp.com\/store\/wp-content\/uploads\/2022\/10\/thiet-bi-luu-tru-nas-synology-rs2821rp5.jpg\" alt=\"Thi\u1ebft b\u1ecb l\u01b0u tr\u1eef NAS Synology RS2821RP+ 9\" width=\"600\" height=\"155\" \/><\/td>\n<td><strong>M\u1eb7t sau NAS Synology RS2821RP+<\/strong><\/p>\n<p><img decoding=\"async\" class=\"size-full wp-image-2033\" src=\"https:\/\/www.vietcorp.com\/store\/wp-content\/uploads\/2022\/10\/thiet-bi-luu-tru-nas-synology-rs2821rp6.jpg\" alt=\"Thi\u1ebft b\u1ecb l\u01b0u tr\u1eef NAS Synology RS2821RP+ 10\" width=\"600\" height=\"146\" \/><\/td>\n<\/tr>\n<tr>\n<td>1. N\u00fat ngu\u1ed3n v\u00e0 \u0111\u00e8n b\u00e1o<\/td>\n<td>10. \u0110\u00e8n PSU<\/td>\n<\/tr>\n<tr>\n<td>2. \u0110\u00e8n tr\u1ea1ng th\u00e1i<\/td>\n<td>11. C\u1ed5ng \u0111i\u1ec1u khi\u1ec3n<\/td>\n<\/tr>\n<tr>\n<td>3. \u0110\u00e8n c\u1ea3nh b\u00e1o<\/td>\n<td>12. Khe m\u1edf r\u1ed9ng PCIe<\/td>\n<\/tr>\n<tr>\n<td>4. N\u00fat t\u1eaft c\u1ea3nh b\u00e1o<\/td>\n<td>13. C\u1ed5ng RJ-45 1GbE<\/td>\n<\/tr>\n<tr>\n<td>5. \u0110\u00e8n tr\u1ea1ng th\u00e1i \u1ed5 \u0111\u0129a<\/td>\n<td>14. C\u1ed5ng USB 3.2<\/td>\n<\/tr>\n<tr>\n<td>6. Khay \u1ed5 \u0111\u0129a<\/td>\n<td>15. C\u1ed5ng m\u1edf r\u1ed9ng<\/td>\n<\/tr>\n<tr>\n<td>7. Ch\u1ed1t th\u00e1o b\u1ed9 thanh ray<\/td>\n<td>16. N\u00fat kh\u1edfi \u0111\u1ed9ng l\u1ea1i<\/td>\n<\/tr>\n<tr>\n<td>8. Qu\u1ea1t PSU<\/td>\n<td><\/td>\n<\/tr>\n<tr>\n<td>9. C\u1ed5ng ngu\u1ed3n<\/td>\n<td><\/td>\n<\/tr>\n<\/tbody>\n<\/table>\n<p>Xem th\u00eam v\u1ec1:<br \/>\nXem th\u00eam NAS Synology:<\/p>\n<ul>\n<li><a href=\"https:\/\/www.vietcorp.com\/vn\/2819\/chung-nhan-vietcorp-doi-tac-cua-synology\/\">Ch\u1ee9ng nh\u1eadn Synology<\/a><\/li>\n<li><a href=\"https:\/\/vietcorp.com\/support\/synology\/\">Support Synology<\/a><\/li>\n<li><a href=\"https:\/\/www.vietcorp.com\/blog\/tag\/showcase-synology\/\">Showcase Synology<\/a><\/li>\n<\/ul>\n<p>&nbsp;<\/p>\n","protected":false},"excerpt":{"rendered":"<p>Thi\u1ebft b\u1ecb l\u01b0u tr\u1eef NAS Synology RS2821RP+<br \/>\nNAS 16 khay \u1ed5 \u0111\u0129a<br \/>\nM\u1edf r\u1ed9ng l\u00ean \u0111\u1ebfn 28 khay \u1ed5 \u0111\u0129a<br \/>\nAMD Ryzen V1500B, ngu\u1ed3n k\u00e9p<br \/>\nB\u1ea3o h\u00e0nh 36 th\u00e1ng<\/p>\n","protected":false},"featured_media":7019,"template":"","meta":[],"product_brand":[],"product_cat":[15,406,337],"product_tag":[53,60,24,23,41],"class_list":{"0":"post-2095","1":"product","2":"type-product","3":"status-publish","4":"has-post-thumbnail","6":"product_cat-nas","7":"product_cat-rackstation-plus-series","8":"product_cat-san-pham-ngung-kinh-doanh","9":"product_tag-nas","10":"product_tag-nas-16-bay","11":"product_tag-plus-series","12":"product_tag-synology","13":"product_tag-synology-rackstation","14":"pa_thuong-hieu-synology","16":"first","17":"outofstock","18":"taxable","19":"shipping-taxable","20":"product-type-simple"},"_links":{"self":[{"href":"https:\/\/vietcorp.com\/store\/wp-json\/wp\/v2\/product\/2095","targetHints":{"allow":["GET"]}}],"collection":[{"href":"https:\/\/vietcorp.com\/store\/wp-json\/wp\/v2\/product"}],"about":[{"href":"https:\/\/vietcorp.com\/store\/wp-json\/wp\/v2\/types\/product"}],"wp:featuredmedia":[{"embeddable":true,"href":"https:\/\/vietcorp.com\/store\/wp-json\/wp\/v2\/media\/7019"}],"wp:attachment":[{"href":"https:\/\/vietcorp.com\/store\/wp-json\/wp\/v2\/media?parent=2095"}],"wp:term":[{"taxonomy":"product_brand","embeddable":true,"href":"https:\/\/vietcorp.com\/store\/wp-json\/wp\/v2\/product_brand?post=2095"},{"taxonomy":"product_cat","embeddable":true,"href":"https:\/\/vietcorp.com\/store\/wp-json\/wp\/v2\/product_cat?post=2095"},{"taxonomy":"product_tag","embeddable":true,"href":"https:\/\/vietcorp.com\/store\/wp-json\/wp\/v2\/product_tag?post=2095"}],"curies":[{"name":"wp","href":"https:\/\/api.w.org\/{rel}","templated":true}]}}