


{"id":209,"date":"2020-11-03T10:36:51","date_gmt":"2020-11-03T03:36:51","guid":{"rendered":"https:\/\/www.vietcorp.com\/store\/product\/synology-dx517\/"},"modified":"2025-12-11T11:46:05","modified_gmt":"2025-12-11T04:46:05","slug":"thiet-bi-mo-rong-nas-synology-dx517","status":"publish","type":"product","link":"https:\/\/vietcorp.com\/store\/209\/thiet-bi-mo-rong-nas-synology-dx517\/","title":{"rendered":"Synology DX517"},"content":{"rendered":"<h2><strong>Expansion Unit <a href=\"https:\/\/www.vietcorp.com\/store\/209\/thiet-bi-mo-rong-nas-synology-dx517\/\">Synology DX517<\/a><\/strong><\/h2>\n<p>D\u1ec5 d\u00e0ng m\u1edf r\u1ed9ng dung l\u01b0\u1ee3ng cho c\u00e1c gi\u1ea3i ph\u00e1p Synology DiskStation m\u1ed9t c\u00e1ch nhanh ch\u00f3ng.<\/p>\n<p><center><iframe loading=\"lazy\" title=\"YouTube video player\" src=\"https:\/\/www.youtube.com\/embed\/GKhFRoXl-AY?si=HT9pZ4i3lt7IFPBm\" width=\"560\" height=\"315\" frameborder=\"0\" allowfullscreen=\"allowfullscreen\"><\/iframe><\/center><img decoding=\"async\" class=\"aligncenter size-full wp-image-6186\" src=\"https:\/\/www.vietcorp.com\/store\/wp-content\/uploads\/2020\/11\/thiet-bi-mo-rong-synology-dx517-4.jpg\" alt=\"Expansion Unit Synology DX517 1\" width=\"600\" height=\"600\" srcset=\"https:\/\/vietcorp.com\/store\/wp-content\/uploads\/2020\/11\/thiet-bi-mo-rong-synology-dx517-4.jpg 600w, https:\/\/vietcorp.com\/store\/wp-content\/uploads\/2020\/11\/thiet-bi-mo-rong-synology-dx517-4-400x400.jpg 400w, https:\/\/vietcorp.com\/store\/wp-content\/uploads\/2020\/11\/thiet-bi-mo-rong-synology-dx517-4-560x560.jpg 560w, https:\/\/vietcorp.com\/store\/wp-content\/uploads\/2020\/11\/thiet-bi-mo-rong-synology-dx517-4-367x367.jpg 367w\" sizes=\"(max-width: 600px) 100vw, 600px\" \/><\/p>\n<h3><strong>M\u1edf r\u1ed9ng SATA 5 khay 3,5&#8243;\/2,5&#8243;<\/strong><\/h3>\n<p>D\u1ec5 d\u00e0ng th\u00eam 5 khoang \u1ed5 \u0111\u0129a b\u1ed5 sung v\u00e0o <a href=\"https:\/\/www.vietcorp.com\/store\/nas-synology-diskstation\/\">Synology DiskStation<\/a>. H\u1ed7 tr\u1ee3 c\u1ea3 \u1ed5 \u0111\u0129a SATA 2,5&#8243; v\u00e0 3,5&#8243;, Synology DX517 l\u00e0 m\u1ed9t gi\u1ea3i ph\u00e1p linh ho\u1ea1t h\u1ed7 tr\u1ee3 m\u1edf r\u1ed9ng volume nhanh ch\u00f3ng ho\u1eb7c ph\u1ee5c v\u1ee5 nh\u01b0 m\u1ed9t \u0111\u00edch sao l\u01b0u c\u1ee5c b\u1ed9.<\/p>\n<h3><strong><img decoding=\"async\" class=\"aligncenter size-full wp-image-6187\" src=\"https:\/\/www.vietcorp.com\/store\/wp-content\/uploads\/2020\/11\/thiet-bi-mo-rong-synology-dx517-5.jpg\" alt=\"Expansion Unit Synology DX517 2\" width=\"600\" height=\"600\" srcset=\"https:\/\/vietcorp.com\/store\/wp-content\/uploads\/2020\/11\/thiet-bi-mo-rong-synology-dx517-5.jpg 600w, https:\/\/vietcorp.com\/store\/wp-content\/uploads\/2020\/11\/thiet-bi-mo-rong-synology-dx517-5-400x400.jpg 400w, https:\/\/vietcorp.com\/store\/wp-content\/uploads\/2020\/11\/thiet-bi-mo-rong-synology-dx517-5-560x560.jpg 560w, https:\/\/vietcorp.com\/store\/wp-content\/uploads\/2020\/11\/thiet-bi-mo-rong-synology-dx517-5-367x367.jpg 367w\" sizes=\"(max-width: 600px) 100vw, 600px\" \/><\/strong><\/h3>\n<h3><strong>M\u1edf r\u1ed9ng kh\u1ed1i l\u01b0\u1ee3ng tr\u1ef1c tuy\u1ebfn<\/strong><\/h3>\n<p>\u0110\u01b0\u1ee3c qu\u1ea3n l\u00fd t\u1eeb <a href=\"https:\/\/www.vietcorp.com\/store\/synology-diskstation-manager-7-2\/\">DiskStation Manager<\/a> tr\u00ean m\u00e1y ch\u1ee7 NAS, c\u00e1c khay b\u1ed5 sung trong DX517 ngay l\u1eadp t\u1ee9c s\u1eb5n s\u00e0ng \u0111\u1ec3 s\u1eed d\u1ee5ng sau khi \u0111\u01b0\u1ee3c k\u1ebft n\u1ed1i. Vi\u1ec7c m\u1edf r\u1ed9ng volume nhanh ch\u00f3ng \u0111\u1ea3m b\u1ea3o r\u1eb1ng vi\u1ec7c l\u01b0u tr\u1eef v\u00e0 d\u1ecbch v\u1ee5 tr\u00ean m\u00e1y ch\u1ee7 kh\u00f4ng b\u1ecb gi\u00e1n \u0111o\u1ea1n trong qu\u00e1 tr\u00ecnh m\u1edf r\u1ed9ng volume.<\/p>\n<h3><strong>Thi\u1ebft k\u1ebf khay \u1ed5 \u0111\u0129a c\u00f3 th\u1ec3 thay th\u1ebf n\u00f3ng<\/strong><\/h3>\n<p>C\u00e1c khay \u1ed5 \u0111\u0129a c\u00f3 th\u1ec3 thay n\u00f3ng c\u1ee7a DX517 cho ph\u00e9p l\u1eafp \u0111\u1eb7t v\u00e0 thay th\u1ebf \u1ed5 \u0111\u0129a d\u1ec5 d\u00e0ng m\u00e0 kh\u00f4ng c\u1ea7n t\u1eaft ngu\u1ed3n h\u1ec7 th\u1ed1ng. Thi\u1ebft k\u1ebf khay \u1ed5 \u0111\u0129a kh\u00f4ng v\u00edt gi\u00fap gi\u1ea3m th\u1eddi gian c\u1ea7n thi\u1ebft cho vi\u1ec7c thi\u1ebft l\u1eadp h\u1ec7 th\u1ed1ng.<\/p>\n<h3><strong>Gi\u1ea3i ph\u00e1p sao l\u01b0u c\u1ee5c b\u1ed9 chuy\u00ean d\u1ee5ng<\/strong><\/h3>\n<p>Synology DX517 c\u00f3 th\u1ec3 \u0111\u01b0\u1ee3c s\u1eed d\u1ee5ng l\u00e0m gi\u1ea3i ph\u00e1p sao l\u01b0u c\u1ee5c b\u1ed9 chuy\u00ean d\u1ee5ng cho Synology DiskStation. Khi \u0111\u01b0\u1ee3c t\u1ea1o d\u01b0\u1edbi d\u1ea1ng m\u1ed9t \u1ed5 \u0111\u0129a ri\u00eang bi\u1ec7t, DX517 cung c\u1ea5p gi\u1ea3i ph\u00e1p sao l\u01b0u tuy\u1ec7t v\u1eddi cho c\u00e1c \u0111\u0129a c\u1ee9ng c\u1ee5c b\u1ed9 trong tr\u01b0\u1eddng h\u1ee3p h\u1ec7 th\u1ed1ng b\u1ecb l\u1ed7i.<\/p>\n<p><strong>\u0110\u01b0\u1ee3c h\u1ed7 tr\u1ee3 b\u1edfi \u1ed5 \u0111\u0129a Synology<\/strong><\/p>\n<p><img decoding=\"async\" class=\"aligncenter size-full wp-image-6188\" src=\"https:\/\/www.vietcorp.com\/store\/wp-content\/uploads\/2020\/11\/thiet-bi-mo-rong-synology-dx517-7.jpg\" alt=\"Expansion Unit Synology DX517 3\" width=\"600\" height=\"350\" srcset=\"https:\/\/vietcorp.com\/store\/wp-content\/uploads\/2020\/11\/thiet-bi-mo-rong-synology-dx517-7.jpg 600w, https:\/\/vietcorp.com\/store\/wp-content\/uploads\/2020\/11\/thiet-bi-mo-rong-synology-dx517-7-400x233.jpg 400w, https:\/\/vietcorp.com\/store\/wp-content\/uploads\/2020\/11\/thiet-bi-mo-rong-synology-dx517-7-367x214.jpg 367w\" sizes=\"(max-width: 600px) 100vw, 600px\" \/><\/p>\n<p>V\u1edbi thi\u1ebft k\u1ebf \u0111\u1ec3 x\u1eed l\u00fd c\u00e1c t\u00e1c v\u1ee5 chuy\u00ean s\u00e2u 24\/7, \u1ed5 c\u1ee9ng Synology lu\u00f4n mang l\u1ea1i hi\u1ec7u su\u1ea5t cao nh\u1ea5t.<\/p>\n<p>Xem th\u00eam v\u1ec1 Synology:<\/p>\n<ul>\n<li><a href=\"https:\/\/www.vietcorp.com\/vn\/chung-nhan\/\">Ch\u1ee9ng nh\u1eadn Synology<\/a><\/li>\n<li><a href=\"https:\/\/vietcorp.com\/support\/synology\/\">Support Synology<\/a><\/li>\n<li><a href=\"https:\/\/www.vietcorp.com\/blog\/tag\/showcase-synology\/\">Showcase Synology<\/a><\/li>\n<\/ul>\n","protected":false},"excerpt":{"rendered":"<p>Expansion 5 Bays<br \/>\nB\u1ea3o h\u00e0nh 36 th\u00e1ng<br \/>\nApplied Models: DS1823xs+, DS923+, DS1522+<br \/>\nDS1821+, DS1621xs+, DS1621+,<br \/>\nDVA3221, DS1520+, DS920+, DS720+<\/p>\n","protected":false},"featured_media":7494,"template":"","meta":[],"product_brand":[],"product_cat":[363,337],"product_tag":[47,23],"class_list":{"0":"post-209","1":"product","2":"type-product","3":"status-publish","4":"has-post-thumbnail","6":"product_cat-expansion-units","7":"product_cat-san-pham-ngung-kinh-doanh","8":"product_tag-expansion","9":"product_tag-synology","10":"pa_bao-hanh-60-thang","11":"pa_chung-loai-nas","12":"pa_cong-giao-tiep-1-x-expansion-port","13":"pa_drive-bays-5-bays","14":"pa_dung-luong-chua-co-o-cung","15":"pa_form-factor-tower","16":"pa_muc-dich-su-dung-danh-cho-doanh-nghiep-lon","17":"pa_muc-dich-su-dung-danh-cho-doanh-nghiep-vua","18":"pa_thuong-hieu-synology","20":"first","21":"instock","22":"taxable","23":"shipping-taxable","24":"product-type-simple"},"_links":{"self":[{"href":"https:\/\/vietcorp.com\/store\/wp-json\/wp\/v2\/product\/209","targetHints":{"allow":["GET"]}}],"collection":[{"href":"https:\/\/vietcorp.com\/store\/wp-json\/wp\/v2\/product"}],"about":[{"href":"https:\/\/vietcorp.com\/store\/wp-json\/wp\/v2\/types\/product"}],"wp:featuredmedia":[{"embeddable":true,"href":"https:\/\/vietcorp.com\/store\/wp-json\/wp\/v2\/media\/7494"}],"wp:attachment":[{"href":"https:\/\/vietcorp.com\/store\/wp-json\/wp\/v2\/media?parent=209"}],"wp:term":[{"taxonomy":"product_brand","embeddable":true,"href":"https:\/\/vietcorp.com\/store\/wp-json\/wp\/v2\/product_brand?post=209"},{"taxonomy":"product_cat","embeddable":true,"href":"https:\/\/vietcorp.com\/store\/wp-json\/wp\/v2\/product_cat?post=209"},{"taxonomy":"product_tag","embeddable":true,"href":"https:\/\/vietcorp.com\/store\/wp-json\/wp\/v2\/product_tag?post=209"}],"curies":[{"name":"wp","href":"https:\/\/api.w.org\/{rel}","templated":true}]}}