


{"id":2053,"date":"2022-10-04T15:42:27","date_gmt":"2022-10-04T08:42:27","guid":{"rendered":"https:\/\/www.vietcorp.com\/store\/?post_type=product&#038;p=2053"},"modified":"2025-12-11T11:43:43","modified_gmt":"2025-12-11T04:43:43","slug":"thiet-bi-luu-tru-nas-synology-rs2421","status":"publish","type":"product","link":"https:\/\/vietcorp.com\/store\/2053\/thiet-bi-luu-tru-nas-synology-rs2421\/","title":{"rendered":"Synology RS2421+"},"content":{"rendered":"<section class=\"wpb-content-wrapper\"><h4 style=\"color: red;\">S\u1ea3n ph\u1ea9m ng\u1eebng kinh doanh<\/h4>\n<p>[vc_row][vc_column][vc_column_text]<\/p>\n<p>Model thay th\u1ebf<\/p>\n<p>[\/vc_column_text]<div class=\"woocommerce \">\r\n<ul class=\"products products-container grid pcols-lg-4 pcols-md-3 pcols-xs-2 pcols-ls-1 pwidth-lg-4 pwidth-md-3 pwidth-xs-2 pwidth-ls-1 is-shortcode\"\r\r\n\t data-product_layout=\"product-default\">\r\r\n\r\n\r\r\n<li class=\"product-col product-default product type-product post-3435 status-publish first instock product_cat-rackstation-plus-series product_tag-nas product_tag-nas-12-bay product_tag-nas-rs2423 product_tag-rackstation product_tag-rs2423 product_tag-synology product_tag-synology-rs2423 has-post-thumbnail taxable shipping-taxable product-type-simple\">\r\r\n<div class=\"product-inner\">\r\r\n\t\r\n\r\r\n\t<div class=\"product-image\">\r\r\n\r\r\n\t\t<a  href=\"https:\/\/vietcorp.com\/store\/3435\/synology-rs2423\/\" aria-label=\"product\">\r\r\n\t\t\t<div class=\"inner img-effect\"><img decoding=\"async\" width=\"600\" height=\"600\" src=\"https:\/\/vietcorp.com\/store\/wp-content\/uploads\/2023\/01\/nas-synology-rs24232.png\" class=\"attachment-woocommerce_thumbnail size-woocommerce_thumbnail\" alt=\"Synology RS2423+\" srcset=\"https:\/\/vietcorp.com\/store\/wp-content\/uploads\/2023\/01\/nas-synology-rs24232.png 600w, https:\/\/vietcorp.com\/store\/wp-content\/uploads\/2023\/01\/nas-synology-rs24232-400x400.png 400w, https:\/\/vietcorp.com\/store\/wp-content\/uploads\/2023\/01\/nas-synology-rs24232-560x560.png 560w, https:\/\/vietcorp.com\/store\/wp-content\/uploads\/2023\/01\/nas-synology-rs24232-367x367.png 367w\" sizes=\"(max-width: 600px) 100vw, 600px\" \/><img decoding=\"async\" width=\"600\" height=\"600\" src=\"https:\/\/vietcorp.com\/store\/wp-content\/uploads\/2023\/01\/nas-synology-rs24233.png\" class=\"hover-image\" alt=\"\" srcset=\"https:\/\/vietcorp.com\/store\/wp-content\/uploads\/2023\/01\/nas-synology-rs24233.png 600w, https:\/\/vietcorp.com\/store\/wp-content\/uploads\/2023\/01\/nas-synology-rs24233-400x400.png 400w, https:\/\/vietcorp.com\/store\/wp-content\/uploads\/2023\/01\/nas-synology-rs24233-560x560.png 560w, https:\/\/vietcorp.com\/store\/wp-content\/uploads\/2023\/01\/nas-synology-rs24233-367x367.png 367w\" sizes=\"(max-width: 600px) 100vw, 600px\" \/><\/div>\r\n\t\t<\/a>\r\r\n\t\r\n\t\r\n\t<\/div>\r\r\n\r\r\n\t<div class=\"product-content\">\r\r\n\t\t<span class=\"category-list\"><a href=\"https:\/\/vietcorp.com\/store\/product-category\/nas\/rackstation-plus-series\/\" rel=\"tag\">RackStation Plus Series<\/a><\/span>\r\n\r\r\n\t\t\r\n\t<a class=\"product-loop-title\"  href=\"https:\/\/vietcorp.com\/store\/3435\/synology-rs2423\/\">\r\r\n\t<h3 class=\"woocommerce-loop-product__title\">Synology RS2423+<\/h3>\r\n\t<\/a>\r\r\n\t\r\n\r\r\n\t\t\r\n\t<div class=\"description\">\r\r\n\t\t\r\n\t\t<p class=\"post-excerpt\">Thi\u1ebft b\u1ecb l\u01b0u tr\u1eef NAS Synology RS2423+<br \/>\nNAS 12 khay \u1ed5 \u0111\u0129a max 24 \u1ed5 \u0111\u0129a<br \/>\n8 GB DDR4 ECC up to 32 GB<br \/>\n1 x 10GbE RJ-45, 2 x 1GbE<br \/>\nB\u1ea3o h\u00e0nh 36&#8230;<\/p>\n\r\n\t<\/div>\r\r\n\t\n\t<span class=\"price\">Li\u00ean h\u1ec7<\/span>\n\r\n\r\r\n\t\t\r\n<div class=\"add-links-wrap\">\r\r\n\t<div class=\"add-links clearfix\">\r\r\n\t\t\r\n\t\r\n\t<span id=\"woocommerce_loop_add_to_cart_link_describedby_3435\" class=\"screen-reader-text\">\r\r\n\t\t\r\n\t<\/span>\r\r\n\t\r\n\t<div class=\"quickview\" data-id=\"3435\" title=\"Xem nhanh\">Xem nhanh<\/div>\r\n\t<\/div>\r\r\n\t\r\n<\/div>\r\r\n<a href=\"#\" class=\"button wcq_enquiry_cart_btn\" data-product_id=\"3435\">Y\u00eau c\u1ea7u b\u00e1o gi\u00e1<\/a><span class=\"gtm4wp_productdata\" style=\"display:none; visibility:hidden;\" data-gtm4wp_product_data=\"{&quot;internal_id&quot;:3435,&quot;item_id&quot;:3435,&quot;item_name&quot;:&quot;Synology RS2423+&quot;,&quot;sku&quot;:&quot;SYNOLOGY-RS2423+&quot;,&quot;price&quot;:0,&quot;stocklevel&quot;:1,&quot;stockstatus&quot;:&quot;instock&quot;,&quot;google_business_vertical&quot;:&quot;retail&quot;,&quot;item_category&quot;:&quot;RackStation Plus Series&quot;,&quot;id&quot;:3435,&quot;productlink&quot;:&quot;https:\\\/\\\/vietcorp.com\\\/store\\\/3435\\\/synology-rs2423\\\/&quot;,&quot;item_list_name&quot;:&quot;General Product List&quot;,&quot;index&quot;:1,&quot;product_type&quot;:&quot;simple&quot;,&quot;item_brand&quot;:&quot;&quot;}\"><\/span>\r\n\t<\/div>\r\r\n<\/div>\r\r\n\r\r\n<\/li>\r\r\n\r\n<\/ul>\r\r\n<\/div>[\/vc_column][\/vc_row]<br \/>\n<a href=\"https:\/\/www.vietcorp.com\/store\/2053\/thiet-bi-luu-tru-nas-synology-rs2421\/\"><strong>Thi\u1ebft b\u1ecb l\u01b0u tr\u1eef NAS Synology RS2421+<\/strong><\/a> gi\u1ea3i ph\u00e1p l\u01b0u tr\u1eef \u0111a n\u0103ng, hi\u1ec7u su\u1ea5t cao cho c\u00e1c doanh nghi\u1ec7p v\u1eeba v\u00e0 nh\u1ecf. Synology RS2421+ c\u00f3 12 khay \u1ed5 \u0111\u0129a linh ho\u1ea1t \u0111\u01b0\u1ee3c thi\u1ebft k\u1ebf ph\u00f9 h\u1ee3p v\u1edbi nhi\u1ec1u m\u00f4i tr\u01b0\u1eddng kinh doanh kh\u00e1c nhau. C\u00f3 th\u1ec3 m\u1edf r\u1ed9ng l\u00ean \u0111\u1ebfn 24 \u1ed5 \u0111\u0129a, c\u00e1c s\u1ea3n ph\u1ea9m n\u00e0y \u0111\u01b0\u1ee3c thi\u1ebft k\u1ebf \u0111\u1ec3 qu\u1ea3n l\u00fd v\u00e0 chia s\u1ebb t\u1eadp tin hi\u1ec7u qu\u1ea3 v\u1ec1 chi ph\u00ed v\u00e0 t\u00edch h\u1ee3p kh\u1ea3 n\u0103ng sao l\u01b0u m\u1ea1nh m\u1ebd, \u0111\u01b0\u1ee3c thi\u1ebft k\u1ebf cho c\u00e1c doanh nghi\u1ec7p c\u00f3 quy m\u00f4 d\u1eef li\u1ec7u ng\u00e0y c\u00e0ng t\u0103ng. Thi\u1ebft b\u1ecb n\u00e0y mang l\u1ea1i hi\u1ec7u su\u1ea5t \u0111\u1ecdc tu\u1ea7n t\u1ef1 64K 2,200 MB\/s v\u00e0 hi\u1ec7u su\u1ea5t ghi tu\u1ea7n t\u1ef1 1,154 MB\/s1, \u0111\u1ed3ng th\u1eddi c\u00f3 th\u1ec3 t\u00f9y \u00fd n\u00e2ng c\u1ea5p v\u1edbi b\u1ed9 nh\u1edb \u0111\u1ec7m SSD v\u00e0 b\u0103ng th\u00f4ng 10\/25 Gb Ethernet.<\/p>\n<h3><strong><a href=\"https:\/\/www.vietcorp.com\/store\/nas-synology\/\">Thi\u1ebft b\u1ecb l\u01b0u tr\u1eef NAS Synology<\/a> RS2421+ c\u1ea5u h\u00ecnh m\u1ea1nh m\u1ebd<\/strong><\/h3>\n<ul>\n<li>CPU: AMD Ryzen V1500B 4-core 2.2 GHz<\/li>\n<li>RAM: 4 GB DDR4 ECC UDIMM up to 32 GB (16 GB x 2)<\/li>\n<li>\u1ed4 \u0111\u0129a: 12 khay \u1ed5 \u0111\u0129a c\u00f3 th\u1ec3 n\u00e2ng c\u1ea5p l\u00ean \u0111\u1ebfn 24 khay v\u1edbi b\u1ed9 m\u1edf r\u1ed9ng RX1217\/RX1217RP<\/li>\n<li>C\u1ed5ng k\u1ebft n\u1ed1i: 4 c\u1ed5ng RJ-45 1GbE LAN, 2 c\u1ed5ng USB 3.2 Gen 1<\/li>\n<\/ul>\n<h3><strong>Kh\u1ea3 n\u0103ng n\u00e2ng c\u1ea5p m\u1edf r\u1ed9ng cao<\/strong><\/h3>\n<p><em>H\u1ed7 tr\u1ee3 NIC 10\/25GbE<\/em><\/p>\n<p>H\u1ed7 tr\u1ee3 NIC 10\/25GbE gi\u00fap b\u1ea1n t\u0103ng th\u00f4ng l\u01b0\u1ee3ng m\u1ea1ng t\u1ed1i \u0111a b\u1eb1ng c\u00e1ch s\u1eed d\u1ee5ng Link Aggregation (li\u00ean k\u1ebft).<\/p>\n<figure id=\"attachment_2059\" aria-describedby=\"caption-attachment-2059\" style=\"width: 600px\" class=\"wp-caption aligncenter\"><img decoding=\"async\" class=\"size-full wp-image-2059\" src=\"https:\/\/www.vietcorp.com\/store\/wp-content\/uploads\/2022\/10\/thiet-bi-luu-tru-nas-synology-rs24214.jpg\" alt=\"Thi\u1ebft b\u1ecb l\u01b0u tr\u1eef NAS Synology RS2421+ 1\" width=\"600\" height=\"315\" srcset=\"https:\/\/vietcorp.com\/store\/wp-content\/uploads\/2022\/10\/thiet-bi-luu-tru-nas-synology-rs24214.jpg?v=1668219468 600w, https:\/\/vietcorp.com\/store\/wp-content\/uploads\/2022\/10\/thiet-bi-luu-tru-nas-synology-rs24214-400x210.jpg?v=1668219468 400w, https:\/\/vietcorp.com\/store\/wp-content\/uploads\/2022\/10\/thiet-bi-luu-tru-nas-synology-rs24214-367x193.jpg?v=1668219468 367w\" sizes=\"(max-width: 600px) 100vw, 600px\" \/><figcaption id=\"caption-attachment-2059\" class=\"wp-caption-text\">NAS Synology RS2421+ H\u1ed7 tr\u1ee3 NIC 10\/25GbE<\/figcaption><\/figure>\n<p><em>B\u1ed9 nh\u1edb \u0111\u1ec7m SSD4<\/em><\/p>\n<p>T\u0103ng IOPS \u0111\u1ecdc\/ghi tr\u00ean c\u00e1c m\u1ea3ng ch\u1ec9 d\u00e0nh cho \u1ed5 c\u1ee9ng HDD l\u00ean \u0111\u1ebfn 16 l\u1ea7n tr\u1edf l\u00ean v\u1edbi NVMe ho\u1eb7c b\u1ed9 nh\u1edb \u0111\u1ec7m SSD SATA.<\/p>\n<figure id=\"attachment_2060\" aria-describedby=\"caption-attachment-2060\" style=\"width: 600px\" class=\"wp-caption aligncenter\"><img decoding=\"async\" class=\"size-full wp-image-2060\" src=\"https:\/\/www.vietcorp.com\/store\/wp-content\/uploads\/2022\/10\/thiet-bi-luu-tru-nas-synology-rs24215.jpg\" alt=\"Thi\u1ebft b\u1ecb l\u01b0u tr\u1eef NAS Synology RS2421+ 2\" width=\"600\" height=\"362\" srcset=\"https:\/\/vietcorp.com\/store\/wp-content\/uploads\/2022\/10\/thiet-bi-luu-tru-nas-synology-rs24215.jpg?v=1668219466 600w, https:\/\/vietcorp.com\/store\/wp-content\/uploads\/2022\/10\/thiet-bi-luu-tru-nas-synology-rs24215-400x241.jpg?v=1668219466 400w, https:\/\/vietcorp.com\/store\/wp-content\/uploads\/2022\/10\/thiet-bi-luu-tru-nas-synology-rs24215-367x221.jpg?v=1668219466 367w\" sizes=\"(max-width: 600px) 100vw, 600px\" \/><figcaption id=\"caption-attachment-2060\" class=\"wp-caption-text\">B\u1ed9 nh\u1edb \u0111\u1ec7m SSD4<\/figcaption><\/figure>\n<p><em>M\u1edf r\u1ed9ng b\u1ed9 nh\u1edb<\/em><\/p>\n<p>M\u1edf r\u1ed9ng l\u00ean \u0111\u1ebfn 24 khay \u1ed5 \u0111\u0129a v\u1edbi thi\u1ebft b\u1ecb m\u1edf r\u1ed9ng RX1217(RP)<\/p>\n<figure id=\"attachment_2061\" aria-describedby=\"caption-attachment-2061\" style=\"width: 473px\" class=\"wp-caption aligncenter\"><img decoding=\"async\" class=\"size-full wp-image-2061\" src=\"https:\/\/www.vietcorp.com\/store\/wp-content\/uploads\/2022\/10\/thiet-bi-luu-tru-nas-synology-rs24216.jpg\" alt=\"Thi\u1ebft b\u1ecb l\u01b0u tr\u1eef NAS Synology RS2421+ 3\" width=\"473\" height=\"436\" srcset=\"https:\/\/vietcorp.com\/store\/wp-content\/uploads\/2022\/10\/thiet-bi-luu-tru-nas-synology-rs24216.jpg?v=1668219465 473w, https:\/\/vietcorp.com\/store\/wp-content\/uploads\/2022\/10\/thiet-bi-luu-tru-nas-synology-rs24216-400x369.jpg?v=1668219465 400w, https:\/\/vietcorp.com\/store\/wp-content\/uploads\/2022\/10\/thiet-bi-luu-tru-nas-synology-rs24216-367x338.jpg?v=1668219465 367w\" sizes=\"(max-width: 473px) 100vw, 473px\" \/><figcaption id=\"caption-attachment-2061\" class=\"wp-caption-text\">M\u1edf r\u1ed9ng l\u00ean \u0111\u1ebfn 24 khay \u1ed5 \u0111\u0129a v\u1edbi thi\u1ebft b\u1ecb m\u1edf r\u1ed9ng RX1217(RP)<\/figcaption><\/figure>\n<h3><strong>Gi\u1ea3i ph\u00e1p sao l\u01b0u ho\u00e0n h\u1ea3o<\/strong><\/h3>\n<p><em>Sao l\u01b0u NAS sang c\u00e1c thi\u1ebft b\u1ecb kh\u00e1c<\/em><\/p>\n<p><a href=\"https:\/\/www.vietcorp.com\/store\/hyper-backup\/\">Hyper Backup<\/a> Sao l\u01b0u t\u1eadp tin, iSCSI LUN, \u1ee9ng d\u1ee5ng \u0111\u00e3 c\u00e0i \u0111\u1eb7t v\u00e0 c\u1ea5u h\u00ecnh h\u1ec7 th\u1ed1ng t\u1edbi c\u00e1c \u0111i\u1ec3m \u0111\u1ebfn bao g\u1ed3m Synology C2 Storage, n\u1ec1n t\u1ea3ng \u0111\u00e1m m\u00e2y c\u00f4ng c\u1ed9ng, thi\u1ebft b\u1ecb USB, m\u00e1y ch\u1ee7 t\u1eadp tin, th\u01b0 m\u1ee5c c\u1ee5c b\u1ed9 ho\u1eb7c Synology NAS kh\u00e1c.<\/p>\n<figure id=\"attachment_2062\" aria-describedby=\"caption-attachment-2062\" style=\"width: 557px\" class=\"wp-caption aligncenter\"><img decoding=\"async\" class=\"size-full wp-image-2062\" src=\"https:\/\/www.vietcorp.com\/store\/wp-content\/uploads\/2022\/10\/thiet-bi-luu-tru-nas-synology-rs24217.jpg\" alt=\"Thi\u1ebft b\u1ecb l\u01b0u tr\u1eef NAS Synology RS2421+ 4\" width=\"557\" height=\"392\" srcset=\"https:\/\/vietcorp.com\/store\/wp-content\/uploads\/2022\/10\/thiet-bi-luu-tru-nas-synology-rs24217.jpg?v=1668219463 557w, https:\/\/vietcorp.com\/store\/wp-content\/uploads\/2022\/10\/thiet-bi-luu-tru-nas-synology-rs24217-400x282.jpg?v=1668219463 400w, https:\/\/vietcorp.com\/store\/wp-content\/uploads\/2022\/10\/thiet-bi-luu-tru-nas-synology-rs24217-367x258.jpg?v=1668219463 367w\" sizes=\"(max-width: 557px) 100vw, 557px\" \/><figcaption id=\"caption-attachment-2062\" class=\"wp-caption-text\">Sao l\u01b0u NAS sang c\u00e1c thi\u1ebft b\u1ecb kh\u00e1c<\/figcaption><\/figure>\n<p><em>H\u1ee3p nh\u1ea5t c\u00e1c b\u1ea3n sao l\u01b0u v\u00e0o NAS c\u1ee7a b\u1ea1n<\/em><\/p>\n<p>Active Backup Suite Sao l\u01b0u an to\u00e0n m\u00e1y kh\u00e1ch v\u00e0 m\u00e1y ch\u1ee7 Windows, t\u00e0i kho\u1ea3n Microsoft 365 v\u00e0 Google Workspace, m\u00e1y ch\u1ee7 t\u1eadp tin c\u0169ng nh\u01b0 m\u00e1y \u1ea3o VMware v\u00e0 Hyper-V v\u1edbi Active Backup Suite. T\u1eadn d\u1ee5ng c\u00f4ng ngh\u1ec7 kh\u1eed tr\u00f9ng l\u1eb7p t\u00edch h\u1ee3p6 \u0111\u1ec3 gi\u1ea3m k\u00edch th\u01b0\u1edbc sao l\u01b0u v\u00e0 \u0111a phi\u00ean b\u1ea3n, gi\u00fap kh\u00f4i ph\u1ee5c linh ho\u1ea1t.<\/p>\n<figure id=\"attachment_2063\" aria-describedby=\"caption-attachment-2063\" style=\"width: 549px\" class=\"wp-caption aligncenter\"><img decoding=\"async\" class=\"size-full wp-image-2063\" src=\"https:\/\/www.vietcorp.com\/store\/wp-content\/uploads\/2022\/10\/thiet-bi-luu-tru-nas-synology-rs24218.jpg\" alt=\"Thi\u1ebft b\u1ecb l\u01b0u tr\u1eef NAS Synology RS2421+ 5\" width=\"549\" height=\"338\" srcset=\"https:\/\/vietcorp.com\/store\/wp-content\/uploads\/2022\/10\/thiet-bi-luu-tru-nas-synology-rs24218.jpg?v=1668219462 549w, https:\/\/vietcorp.com\/store\/wp-content\/uploads\/2022\/10\/thiet-bi-luu-tru-nas-synology-rs24218-400x246.jpg?v=1668219462 400w, https:\/\/vietcorp.com\/store\/wp-content\/uploads\/2022\/10\/thiet-bi-luu-tru-nas-synology-rs24218-367x226.jpg?v=1668219462 367w\" sizes=\"(max-width: 549px) 100vw, 549px\" \/><figcaption id=\"caption-attachment-2063\" class=\"wp-caption-text\">H\u1ee3p nh\u1ea5t c\u00e1c b\u1ea3n sao l\u01b0u v\u00e0o NAS c\u1ee7a b\u1ea1n<\/figcaption><\/figure>\n<h3><strong>L\u00e0m vi\u1ec7c t\u1eeb xa hi\u1ec7u qu\u1ea3 v\u1edbi b\u1ed9 c\u00f4ng c\u1ee5 c\u1ee7a Synology<\/strong><\/h3>\n<figure id=\"attachment_1970\" aria-describedby=\"caption-attachment-1970\" style=\"width: 600px\" class=\"wp-caption aligncenter\"><img decoding=\"async\" class=\"size-full wp-image-1970\" src=\"https:\/\/www.vietcorp.com\/store\/wp-content\/uploads\/2022\/10\/thiet-bi-luu-tru-nas-synology-ds24229.jpg\" alt=\"Thi\u1ebft b\u1ecb l\u01b0u tr\u1eef NAS Synology RS2421+ 6\" width=\"600\" height=\"418\" srcset=\"https:\/\/vietcorp.com\/store\/wp-content\/uploads\/2022\/10\/thiet-bi-luu-tru-nas-synology-ds24229.jpg?v=1668219548 600w, https:\/\/vietcorp.com\/store\/wp-content\/uploads\/2022\/10\/thiet-bi-luu-tru-nas-synology-ds24229-400x279.jpg?v=1668219548 400w, https:\/\/vietcorp.com\/store\/wp-content\/uploads\/2022\/10\/thiet-bi-luu-tru-nas-synology-ds24229-367x256.jpg?v=1668219548 367w\" sizes=\"(max-width: 600px) 100vw, 600px\" \/><figcaption id=\"caption-attachment-1970\" class=\"wp-caption-text\">L\u00e0m vi\u1ec7c t\u1eeb xa hi\u1ec7u qu\u1ea3 v\u1edbi b\u1ed9 c\u00f4ng c\u1ee5 c\u1ee7a Synology<\/figcaption><\/figure>\n<p><a href=\"https:\/\/www.vietcorp.com\/store\/synology-drive\/\"><em>Synology Drive<\/em><\/a><\/p>\n<p>L\u01b0u tr\u1eef \u0111\u00e1m m\u00e2y ri\u00eang d\u01b0\u1edbi s\u1ef1 b\u1ea3o \u0111\u1ea3m c\u1ee7a NAS v\u1edbi 100% quy\u1ec1n s\u1edf h\u1eefu d\u1eef li\u1ec7u v\u00e0 kh\u00f4ng c\u00f3 ph\u00ed \u0111\u0103ng k\u00fd.<\/p>\n<p><a href=\"https:\/\/www.vietcorp.com\/store\/synology-office\/\"><em>Synology Office<\/em><\/a><\/p>\n<p>T\u1ea1o t\u00e0i li\u1ec7u, b\u1ea3ng t\u00ednh v\u00e0 trang tr\u00ecnh b\u00e0y trong m\u00f4i tr\u01b0\u1eddng nhi\u1ec1u ng\u01b0\u1eddi d\u00f9ng. L\u00e0m vi\u1ec7c c\u1ed9ng t\u00e1c trong th\u1eddi gian th\u1ef1c v\u00e0 t\u00ednh n\u0103ng l\u01b0u t\u1ef1 \u0111\u1ed9ng gi\u00fap c\u00e1c phi\u00ean l\u00e0m vi\u1ec7c t\u1eeb xa tr\u1edf n\u00ean d\u1ec5 d\u00e0ng.<\/p>\n<p><a href=\"https:\/\/www.vietcorp.com\/store\/synology-chat\/\"><em>Synology Chat<\/em><\/a><\/p>\n<p>Th\u1ea3o lu\u1eadn v\u00e0 c\u1ed9ng t\u00e1c v\u1edbi \u0111\u1ed3ng nghi\u1ec7p b\u1eb1ng c\u00e1ch s\u1eed d\u1ee5ng t\u00ednh n\u0103ng nh\u1eafn tin an to\u00e0n \u0111\u01b0\u1ee3c thi\u1ebft k\u1ebf cho c\u00e1c nh\u00f3m, c\u00f3 \u1ee9ng d\u1ee5ng tr\u00ean thi\u1ebft b\u1ecb di \u0111\u1ed9ng, m\u00e1y t\u00ednh \u0111\u1ec3 b\u00e0n v\u00e0 tr\u00ecnh duy\u1ec7t.<\/p>\n<h3><strong>H\u1ed7 tr\u1ee3 \u1ea3o h\u00f3a<\/strong><\/h3>\n<p>DSM t\u1ed5 ch\u1ee9c h\u1ee3p l\u00fd ho\u1ea1t \u0111\u1ed9ng cung c\u1ea5p v\u00e0 qu\u1ea3n l\u00fd c\u00e1c m\u00e1y \u1ea3o c\u00f3 ch\u1ee9ng nh\u1eadn \u0111\u1ea7y \u0111\u1ee7 cho VMware\u00ae vSphere\u2122, Microsoft\u00ae Hyper-V\u00ae, Citrix\u00ae XenServer\u2122 v\u00e0 c\u00e1c m\u00f4i tr\u01b0\u1eddng \u1ea3o h\u00f3a OpenStack. Synology Storage Console cho n\u1ec1n t\u1ea3ng VMware ho\u1eb7c Windows gi\u00fap b\u1ea1n qu\u1ea3n l\u00fd b\u1ed9 nh\u1edb tr\u1ef1c ti\u1ebfp t\u1eeb ph\u1ea7n m\u1ec1m gi\u00e1m s\u00e1t m\u00e1y \u1ea3o c\u1ee7a m\u00ecnh. T\u00edch h\u1ee3p VMware VAAI v\u00e0 Windows ODX gi\u00fap gi\u1ea3m t\u1ea3i c\u00e1c ho\u1ea1t \u0111\u1ed9ng l\u01b0u tr\u1eef v\u00e0 t\u0103ng t\u1ed1c \u0111\u1ed9 truy\u1ec1n d\u1eef li\u1ec7u.<\/p>\n<figure id=\"attachment_2064\" aria-describedby=\"caption-attachment-2064\" style=\"width: 507px\" class=\"wp-caption aligncenter\"><img decoding=\"async\" class=\"size-full wp-image-2064\" src=\"https:\/\/www.vietcorp.com\/store\/wp-content\/uploads\/2022\/10\/thiet-bi-luu-tru-nas-synology-rs24219.jpg\" alt=\"Thi\u1ebft b\u1ecb l\u01b0u tr\u1eef NAS Synology RS2421+ 7\" width=\"507\" height=\"131\" srcset=\"https:\/\/vietcorp.com\/store\/wp-content\/uploads\/2022\/10\/thiet-bi-luu-tru-nas-synology-rs24219.jpg?v=1668219460 507w, https:\/\/vietcorp.com\/store\/wp-content\/uploads\/2022\/10\/thiet-bi-luu-tru-nas-synology-rs24219-400x103.jpg?v=1668219460 400w, https:\/\/vietcorp.com\/store\/wp-content\/uploads\/2022\/10\/thiet-bi-luu-tru-nas-synology-rs24219-367x95.jpg?v=1668219460 367w\" sizes=\"(max-width: 507px) 100vw, 507px\" \/><figcaption id=\"caption-attachment-2064\" class=\"wp-caption-text\">H\u1ed7 tr\u1ee3 \u1ea3o h\u00f3a<\/figcaption><\/figure>\n<h3><strong>S\u1eed d\u1ee5ng c\u00f4ng ngh\u1ec7 c\u1ee7a <a href=\"https:\/\/www.vietcorp.com\/store\/synology-diskstation-manager-7-2\/\">Synology DiskStation Manager<\/a><\/strong><\/h3>\n<p>The web-based DiskStation Manager (DSM) operating system supports a host of native productivity and management solutions.<\/p>\n<p><a href=\"https:\/\/www.vietcorp.com\/store\/cms\/\"><em>Central Management System<\/em><\/a><\/p>\n<p>Qu\u1ea3n l\u00fd thu\u1eadn ti\u1ec7n c\u00e1c thi\u1ebft b\u1ecb NAS Synology c\u1ee7a b\u1ea1n tr\u00ean b\u1ea3ng \u0111i\u1ec1u khi\u1ec3n t\u1eadp trung.<\/p>\n<p><em>Synology Drive<\/em><\/p>\n<p>Truy c\u1eadp ngay l\u1eadp t\u1ee9c c\u00e1c t\u1eadp tin NAS c\u1ee7a b\u1ea1n tr\u00ean nhi\u1ec1u thi\u1ebft b\u1ecb b\u1ea5t c\u1ee9 khi n\u00e0o b\u1ea1n mu\u1ed1n, d\u00f9 b\u1ea1n \u1edf \u0111\u00e2u.<\/p>\n<p><em>B\u1ed9 c\u00f4ng c\u1ee5 c\u1ed9ng t\u00e1c l\u00e0m vi\u1ec7c<\/em><\/p>\n<p>\u0110\u00e1p \u1ee9ng t\u1ea5t c\u1ea3 c\u00e1c nhu c\u1ea7u l\u00e0m vi\u1ec7c c\u1ed9ng t\u00e1c nh\u1edd s\u1ef1 an to\u00e0n c\u1ee7a \u0111\u00e1m m\u00e2y ri\u00eang v\u1edbi c\u00e1c \u1ee9ng d\u1ee5ng Synology Office, <a href=\"https:\/\/www.vietcorp.com\/store\/synology-calendar-giup-ban-luon-cap-nhat-moi-thong-tin-quan-trong\/\">Synology Calendar<\/a> v\u00e0 Chat.<\/p>\n<p><a href=\"https:\/\/www.vietcorp.com\/store\/virtual-machine-manager-giam-sat-may-ao-truc-quan\/\"><em>Virtual Machine Manager<\/em><\/a><\/p>\n<p>Ch\u1ea1y c\u00e1c h\u1ec7 \u0111i\u1ec1u h\u00e0nh kh\u00e1c nhau trong c\u00e1c h\u1ed9p c\u00e1t bi\u1ec7t l\u1eadp. Sao ch\u00e9p, l\u01b0u tr\u1eef v\u00e0 di chuy\u1ec3n m\u00e1y \u1ea3o m\u1ed9t c\u00e1ch li\u1ec1n m\u1ea1ch.<\/p>\n<p><em>B\u1ea3o m\u1eadt<\/em><\/p>\n<p>B\u1ea3o m\u1eadt d\u1eef li\u1ec7u b\u1eb1ng c\u00e1c c\u00f4ng c\u1ee5 b\u1ea3o m\u1eadt t\u00edch h\u1ee3p to\u00e0n di\u1ec7n \u0111\u1ec3 b\u1ea3o v\u1ec7 thi\u1ebft b\u1ecb c\u1ee7a b\u1ea1n tr\u01b0\u1edbc c\u00e1c m\u1ed1i \u0111e d\u1ecda \u0111ang ng\u00e0y m\u1ed9t gia t\u0103ng.<\/p>\n<p><em>Surveillance Station<\/em><\/p>\n<p>Gi\u1ea3i ph\u00e1p gi\u00e1m s\u00e1t ho\u00e0n ch\u1ec9nh \u0111\u1ec3 ghi h\u00ecnh, gi\u00e1m s\u00e1t v\u00e0 qu\u1ea3n l\u00fd.<\/p>\n<p><strong>B\u1ea3o h\u00e0nh 3 n\u0103m<\/strong><\/p>\n<p>RS2421+ \u0111\u01b0\u1ee3c h\u1ed7 tr\u1ee3 ch\u01b0\u01a1ng tr\u00ecnh b\u1ea3o h\u00e0nh ph\u1ea7n c\u1ee9ng 3 n\u0103m c\u1ee7a Synology. Ch\u01b0\u01a1ng tr\u00ecnh b\u1ea3o h\u00e0nh m\u1edf r\u1ed9ng 2 n\u0103m t\u00f9y ch\u1ecdn m\u1edf r\u1ed9ng ph\u1ea1m vi b\u1ea3o h\u00e0nh l\u00ean \u0111\u1ebfn 5 n\u0103m \u0111\u01b0\u1ee3c cung c\u1ea5p \u1edf m\u1ed9t s\u1ed1 khu v\u1ef1c nh\u1ea5t \u0111\u1ecbnh.<\/p>\n<h3><strong>B\u1ec1 ngo\u00e0i NAS Synology RS2421+<\/strong><\/h3>\n<table>\n<tbody>\n<tr>\n<td><strong>M\u1eb7t tr\u01b0\u1edbc NAS Synology RS2421+<\/strong><\/p>\n<p><img decoding=\"async\" class=\"size-full wp-image-2034\" src=\"https:\/\/www.vietcorp.com\/store\/wp-content\/uploads\/2022\/10\/thiet-bi-luu-tru-nas-synology-rs242110.jpg\" alt=\"Thi\u1ebft b\u1ecb l\u01b0u tr\u1eef NAS Synology RS2421+ 8\" width=\"600\" height=\"155\" \/><\/td>\n<td><strong>M\u1eb7t sau NAS Synology RS2421+<\/strong><\/p>\n<p><img decoding=\"async\" class=\"size-full wp-image-2033\" src=\"https:\/\/www.vietcorp.com\/store\/wp-content\/uploads\/2022\/10\/thiet-bi-luu-tru-nas-synology-rs242111.jpg\" alt=\"Thi\u1ebft b\u1ecb l\u01b0u tr\u1eef NAS Synology RS2421+ 9\" width=\"600\" height=\"146\" \/><\/td>\n<\/tr>\n<tr>\n<td>1. N\u00fat ngu\u1ed3n v\u00e0 \u0111\u00e8n b\u00e1o<\/td>\n<td>17. Khe m\u1edf r\u1ed9ng PCIe<\/td>\n<\/tr>\n<tr>\n<td>2. \u0110\u00e8n tr\u1ea1ng th\u00e1i<\/td>\n<td>10. Qu\u1ea1t PSU<\/td>\n<\/tr>\n<tr>\n<td>3. \u0110\u00e8n c\u1ea3nh b\u00e1o<\/td>\n<td>11. C\u00f4ng t\u1eafc b\u1eadt\/t\u1eaft PSU<\/td>\n<\/tr>\n<tr>\n<td>4. N\u00fat t\u1eaft c\u1ea3nh b\u00e1o<\/td>\n<td>12. C\u1ed5ng \u0111i\u1ec1u khi\u1ec3n<\/td>\n<\/tr>\n<tr>\n<td>5. N\u00fat im l\u1eb7ng<\/td>\n<td>13. C\u1ed5ng RJ-45 1GbE<\/td>\n<\/tr>\n<tr>\n<td>6. Khay \u1ed5 \u0111\u0129a<\/td>\n<td>14. C\u1ed5ng USB 3.2<\/td>\n<\/tr>\n<tr>\n<td>7. Ch\u1ed1t th\u00e1o b\u1ed9 thanh ray<\/td>\n<td>15. C\u1ed5ng m\u1edf r\u1ed9ng<\/td>\n<\/tr>\n<tr>\n<td>8. C\u1ed5ng ngu\u1ed3n<\/td>\n<td>16. N\u00fat kh\u1edfi \u0111\u1ed9ng l\u1ea1i<\/td>\n<\/tr>\n<\/tbody>\n<\/table>\n<p>Xem th\u00eam NAS Synology:<\/p>\n<ul>\n<li><a href=\"https:\/\/www.vietcorp.com\/vn\/2819\/chung-nhan-vietcorp-doi-tac-cua-synology\/\">Ch\u1ee9ng nh\u1eadn Synology<\/a><\/li>\n<li><a href=\"https:\/\/vietcorp.com\/support\/synology\/\">Support Synology<\/a><\/li>\n<li><a href=\"https:\/\/www.vietcorp.com\/blog\/tag\/showcase-synology\/\">Showcase Synology<\/a><\/li>\n<\/ul>\n<p>&nbsp;<\/p>\n<\/section>","protected":false},"excerpt":{"rendered":"<h4 style=\"color: red;\"><strong>S\u1ea2N PH\u1ea8M NG\u1eeaNG KINH DOANH<\/strong><\/h4>\n<p><a href=\"https:\/\/www.vietcorp.com\/blog\/danh-sach-san-pham-synology-ngung-kinh-do...24.html\/\">(Danh s\u00e1ch s\u1ea3n ph\u1ea9m Synology ng\u1eebng kinh doanh)<\/a><br \/>\nThi\u1ebft b\u1ecb l\u01b0u tr\u1eef NAS Synology RS2421+\u200b<br \/>\nNAS 12 khay \u1ed5 \u0111\u0129a max 24 \u1ed5 \u0111\u0129a<br \/>\n4 GB DDR4 ECC up to 32 GB<br \/>\n4 RJ-45 1GbE<br \/>\nB\u1ea3o h\u00e0nh 36 th\u00e1ng<\/p>\n","protected":false},"featured_media":6632,"template":"","meta":[],"product_brand":[],"product_cat":[337],"product_tag":[53,30,23],"class_list":{"0":"post-2053","1":"product","2":"type-product","3":"status-publish","4":"has-post-thumbnail","6":"product_cat-san-pham-ngung-kinh-doanh","7":"product_tag-nas","8":"product_tag-nas-12-bay","9":"product_tag-synology","11":"first","12":"outofstock","13":"taxable","14":"shipping-taxable","15":"product-type-simple"},"_links":{"self":[{"href":"https:\/\/vietcorp.com\/store\/wp-json\/wp\/v2\/product\/2053","targetHints":{"allow":["GET"]}}],"collection":[{"href":"https:\/\/vietcorp.com\/store\/wp-json\/wp\/v2\/product"}],"about":[{"href":"https:\/\/vietcorp.com\/store\/wp-json\/wp\/v2\/types\/product"}],"wp:featuredmedia":[{"embeddable":true,"href":"https:\/\/vietcorp.com\/store\/wp-json\/wp\/v2\/media\/6632"}],"wp:attachment":[{"href":"https:\/\/vietcorp.com\/store\/wp-json\/wp\/v2\/media?parent=2053"}],"wp:term":[{"taxonomy":"product_brand","embeddable":true,"href":"https:\/\/vietcorp.com\/store\/wp-json\/wp\/v2\/product_brand?post=2053"},{"taxonomy":"product_cat","embeddable":true,"href":"https:\/\/vietcorp.com\/store\/wp-json\/wp\/v2\/product_cat?post=2053"},{"taxonomy":"product_tag","embeddable":true,"href":"https:\/\/vietcorp.com\/store\/wp-json\/wp\/v2\/product_tag?post=2053"}],"curies":[{"name":"wp","href":"https:\/\/api.w.org\/{rel}","templated":true}]}}