


{"id":2043,"date":"2022-10-04T11:33:23","date_gmt":"2022-10-04T04:33:23","guid":{"rendered":"https:\/\/www.vietcorp.com\/store\/?post_type=product&#038;p=2043"},"modified":"2025-12-11T13:46:50","modified_gmt":"2025-12-11T06:46:50","slug":"thiet-bi-luu-tru-nas-synology-rs422","status":"publish","type":"product","link":"https:\/\/vietcorp.com\/store\/2043\/thiet-bi-luu-tru-nas-synology-rs422\/","title":{"rendered":"Synology RS422+"},"content":{"rendered":"<p><a href=\"https:\/\/www.vietcorp.com\/store\/2043\/thiet-bi-luu-tru-nas-synology-rs422\/\"><strong>Thi\u1ebft b\u1ecb l\u01b0u tr\u1eef NAS Synology RS422+<\/strong><\/a> 4 khay l\u00e0 m\u1ed9t gi\u1ea3i ph\u00e1p to\u00e0n di\u1ec7n c\u00f3 chi ph\u00ed ph\u1ea3i ch\u0103ng d\u00e0nh cho c\u00e1c doanh nghi\u1ec7p nh\u1ecf v\u00e0 ng\u01b0\u1eddi c\u00f3 v\u0103n ph\u00f2ng t\u1ea1i gia mu\u1ed1n qu\u1ea3n l\u00fd, chia s\u1ebb d\u1eef li\u1ec7u h\u00e0ng ng\u00e0y, \u0111\u1ed3ng b\u1ed9 h\u00f3a v\u00e0 sao l\u01b0u d\u1eef li\u1ec7u.<\/p>\n<h3><strong><a href=\"https:\/\/www.vietcorp.com\/store\/nas-synology\/\">Thi\u1ebft b\u1ecb l\u01b0u tr\u1eef NAS Synology<\/a> RS422+ c\u00f3 c\u1ea5u h\u00ecnh ph\u00f9 h\u1ee3p doanh nghi\u1ec7p nh\u1ecf<\/strong><\/h3>\n<ul>\n<li>B\u1ed9 x\u1eed l\u00fd CPU: AMD Ryzen R1600 2-core 2.6 (base) \/ 3.1 (turbo) GHz<\/li>\n<li>K\u1ebft n\u1ed1i: 2 c\u1ed5ng RJ-45 1GbE LAN<\/li>\n<li>Ram: 2 GB DDR4 ECC<\/li>\n<\/ul>\n<p><center><iframe loading=\"lazy\" title=\"YouTube video player\" src=\"https:\/\/www.youtube.com\/embed\/GgoJfszdZ9A?si=RZXpDDVNbmG-0m09\" width=\"560\" height=\"315\" frameborder=\"0\" allowfullscreen=\"allowfullscreen\"><\/iframe><\/center><\/p>\n<h3><strong>NAS Synology RS422+ thi\u1ebft k\u1ebf ti\u1ebft ki\u1ec7m kh\u00f4ng gian<\/strong><\/h3>\n<p>Nh\u1edd th\u00f9ng m\u00e1y 1U nh\u1ecf g\u1ecdn, RS422+ ho\u00e0n to\u00e0n ph\u00f9 h\u1ee3p v\u1edbi gi\u00e1 treo 2 tr\u1ee5 ho\u1eb7c gi\u00e1 treo t\u01b0\u1eddng. C\u00f3 th\u1ec3 \u0111\u1eb7t s\u1ea3n ph\u1ea9m trong c\u00e1c m\u00f4i tr\u01b0\u1eddng h\u1ea1n ch\u1ebf v\u1ec1 kh\u00f4ng gian ho\u1eb7c b\u1ea5t k\u1ef3 n\u01a1i n\u00e0o kh\u00e1c m\u00e0 kh\u00f4ng c\u1ea7n \u0111\u1ea7u t\u01b0 v\u00e0o b\u1ed9 thanh ray t\u1ed1n k\u00e9m ho\u1eb7c thi\u1ebft b\u1ecb m\u00e1y ch\u1ee7 kh\u00e1c.<\/p>\n<figure id=\"attachment_2047\" aria-describedby=\"caption-attachment-2047\" style=\"width: 600px\" class=\"wp-caption aligncenter\"><img decoding=\"async\" class=\"size-full wp-image-2047\" src=\"https:\/\/www.vietcorp.com\/store\/wp-content\/uploads\/2022\/10\/thiet-bi-luu-tru-nas-synology-rs4227.jpg\" alt=\"Thi\u1ebft b\u1ecb l\u01b0u tr\u1eef NAS Synology RS422+ 1\" width=\"600\" height=\"282\" srcset=\"https:\/\/vietcorp.com\/store\/wp-content\/uploads\/2022\/10\/thiet-bi-luu-tru-nas-synology-rs4227.jpg?v=1668219480 600w, https:\/\/vietcorp.com\/store\/wp-content\/uploads\/2022\/10\/thiet-bi-luu-tru-nas-synology-rs4227-400x188.jpg?v=1668219480 400w, https:\/\/vietcorp.com\/store\/wp-content\/uploads\/2022\/10\/thiet-bi-luu-tru-nas-synology-rs4227-367x172.jpg?v=1668219480 367w\" sizes=\"(max-width: 600px) 100vw, 600px\" \/><figcaption id=\"caption-attachment-2047\" class=\"wp-caption-text\">NAS Synology RS422+ thi\u1ebft k\u1ebf ti\u1ebft ki\u1ec7m kh\u00f4ng gian<\/figcaption><\/figure>\n<p><strong>T\u00f9y ch\u1ecdn m\u1ea1ng linh ho\u1ea1t<\/strong><\/p>\n<p>T\u1eadn d\u1ee5ng k\u1ebft n\u1ed1i t\u00edch h\u1ee3p \u0111\u1ec3 t\u00edch h\u1ee3p RS422+ v\u00e0o b\u1ea5t k\u1ef3 h\u1ec7 th\u1ed1ng CNTT n\u00e0o ho\u1eb7c m\u1edf r\u1ed9ng kh\u1ea3 n\u0103ng c\u1ee7a n\u00f3 b\u1eb1ng c\u00e1ch th\u00eam c\u00e1c m\u00f4-\u0111un ch\u1ea1y tr\u1ef1c ti\u1ebfp.<\/p>\n<figure id=\"attachment_2048\" aria-describedby=\"caption-attachment-2048\" style=\"width: 600px\" class=\"wp-caption aligncenter\"><img decoding=\"async\" class=\"size-full wp-image-2048\" src=\"https:\/\/www.vietcorp.com\/store\/wp-content\/uploads\/2022\/10\/thiet-bi-luu-tru-nas-synology-rs4226.jpg\" alt=\"Thi\u1ebft b\u1ecb l\u01b0u tr\u1eef NAS Synology RS422+ 2\" width=\"600\" height=\"486\" srcset=\"https:\/\/vietcorp.com\/store\/wp-content\/uploads\/2022\/10\/thiet-bi-luu-tru-nas-synology-rs4226.jpg?v=1668219478 600w, https:\/\/vietcorp.com\/store\/wp-content\/uploads\/2022\/10\/thiet-bi-luu-tru-nas-synology-rs4226-400x324.jpg?v=1668219478 400w, https:\/\/vietcorp.com\/store\/wp-content\/uploads\/2022\/10\/thiet-bi-luu-tru-nas-synology-rs4226-367x297.jpg?v=1668219478 367w\" sizes=\"(max-width: 600px) 100vw, 600px\" \/><figcaption id=\"caption-attachment-2048\" class=\"wp-caption-text\">T\u00f9y ch\u1ecdn m\u1ea1ng linh ho\u1ea1t<\/figcaption><\/figure>\n<p><strong>K\u1ebft n\u1ed1i t\u00edch h\u1ee3p<\/strong><\/p>\n<p>C\u1ed5ng Gigabit k\u00e9p c\u00f3 h\u1ed7 tr\u1ee3 d\u1ef1 ph\u00f2ng l\u1ed7i m\u1ea1ng v\u00e0 c\u00e2n b\u1eb1ng t\u1ea3i mang l\u1ea1i hi\u1ec7u su\u1ea5t nhanh ch\u00f3ng v\u00e0 \u0111\u00e1ng tin c\u1eady ngay l\u1eadp t\u1ee9c.<\/p>\n<p><strong>D\u1ec5 d\u00e0ng n\u00e2ng c\u1ea5p l\u00ean 10 GbE<\/strong><\/p>\n<p>B\u1ed5 sung M\u00f4-\u0111un n\u00e2ng c\u1ea5p m\u1ea1ng E10G22-T1-Mini th\u00f4ng qua khe c\u1eafm d\u1ec5 thao t\u00e1c \u0111\u1ec3 k\u00edch ho\u1ea1t k\u1ebft n\u1ed1i m\u1ea1ng nhanh h\u01a1n ngay l\u1eadp t\u1ee9c.<\/p>\n<h3><strong>NAS Synology RS422+ qu\u1ea3n l\u00fd d\u1eef li\u1ec7u to\u00e0n di\u1ec7n<\/strong><\/h3>\n<p>Cung c\u1ea5p quy\u1ec1n truy c\u1eadp, chia s\u1ebb v\u00e0 \u0111\u1ed3ng b\u1ed9 t\u1eadp tin \u0111a n\u1ec1n t\u1ea3ng an to\u00e0n, thu\u1eadn ti\u1ec7n \u1edf c\u00e1c \u0111\u1ecba \u0111i\u1ec3m kh\u00e1c nhau.<\/p>\n<p><strong>L\u00e0m vi\u1ec7c t\u1eeb xa d\u1ec5 d\u00e0ng<\/strong><\/p>\n<figure id=\"attachment_2026\" aria-describedby=\"caption-attachment-2026\" style=\"width: 600px\" class=\"wp-caption aligncenter\"><img decoding=\"async\" class=\"size-full wp-image-2026\" src=\"https:\/\/www.vietcorp.com\/store\/wp-content\/uploads\/2022\/10\/thiet-bi-luu-tru-nas-synology-rs82213.jpg\" alt=\"Thi\u1ebft b\u1ecb l\u01b0u tr\u1eef NAS Synology RS422+ 3\" width=\"600\" height=\"435\" srcset=\"https:\/\/vietcorp.com\/store\/wp-content\/uploads\/2022\/10\/thiet-bi-luu-tru-nas-synology-rs82213.jpg?v=1668219509 600w, https:\/\/vietcorp.com\/store\/wp-content\/uploads\/2022\/10\/thiet-bi-luu-tru-nas-synology-rs82213-400x290.jpg?v=1668219509 400w, https:\/\/vietcorp.com\/store\/wp-content\/uploads\/2022\/10\/thiet-bi-luu-tru-nas-synology-rs82213-367x266.jpg?v=1668219509 367w\" sizes=\"(max-width: 600px) 100vw, 600px\" \/><figcaption id=\"caption-attachment-2026\" class=\"wp-caption-text\">L\u00e0m vi\u1ec7c t\u1eeb xa d\u1ec5 d\u00e0ng<\/figcaption><\/figure>\n<p><em>L\u00e0m vi\u1ec7c hi\u1ec7u qu\u1ea3 v\u1edbi Synology Drive<\/em><\/p>\n<p><a href=\"https:\/\/www.vietcorp.com\/store\/synology-drive\/\">Synology Drive<\/a> mang \u0111\u1ebfn kh\u1ea3 n\u0103ng truy c\u1eadp d\u1eef li\u1ec7u t\u1eeb xa, \u0111\u1ed3ng b\u1ed9 h\u00f3a, kh\u00f4i ph\u1ee5c t\u1eadp tin theo y\u00eau c\u1ea7u, sao l\u01b0u th\u00f4ng qua c\u00e1c \u1ee9ng d\u1ee5ng di \u0111\u1ed9ng v\u00e0 m\u00e1y t\u00ednh \u0111\u1ec3 b\u00e0n ti\u1ec7n d\u1ee5ng.<\/p>\n<p><em>H\u1ed7 tr\u1ee3 \u0111a n\u1ec1n t\u1ea3ng<\/em><\/p>\n<p>Truy c\u1eadp d\u1eef li\u1ec7u c\u00e1 nh\u00e2n v\u00e0 d\u1eef li\u1ec7u chia s\u1ebb t\u1eeb \u1ee9ng d\u1ee5ng di \u0111\u1ed9ng, \u1ee9ng d\u1ee5ng m\u00e1y t\u00ednh \u0111\u1ec3 b\u00e0n, tr\u00ecnh duy\u1ec7t web ho\u1eb7c h\u1ec7 th\u1ed1ng Synology kh\u00e1c: M\u1ecdi thay \u0111\u1ed5i b\u1ea1n th\u1ef1c hi\u1ec7n s\u1ebd t\u1ef1 \u0111\u1ed9ng \u0111\u01b0\u1ee3c \u0111\u1ed3ng b\u1ed9 h\u00f3a v\u1edbi c\u00e1c thi\u1ebft b\u1ecb kh\u00e1c ngay sau khi \u0111\u01b0\u1ee3c k\u1ebft n\u1ed1i.<\/p>\n<p><em>C\u1ed9ng t\u00e1c theo th\u1eddi gian th\u1ef1c<\/em><\/p>\n<p>T\u00edch h\u1ee3p v\u1edbi <a href=\"https:\/\/www.vietcorp.com\/store\/synology-office\/\">Synology Office<\/a> \u0111\u1ec3 ch\u1ec9nh s\u1eeda \u0111\u1ed3ng th\u1eddi tr\u00ean t\u00e0i li\u1ec7u, b\u1ea3ng t\u00ednh v\u00e0 trang tr\u00ecnh b\u00e0y, c\u00f3 h\u1ed7 tr\u1ee3 chuy\u1ec3n \u0111\u1ed5i hai chi\u1ec1u c\u00e1c t\u1eadp tin Microsoft Word, Excel, PowerPoint v\u00e0 OpenDocument.<\/p>\n<p><strong>\u0110\u1ed3ng b\u1ed9 h\u00f3a d\u1eef li\u1ec7u t\u1ea1i nhi\u1ec1u \u0111\u1ecba \u0111i\u1ec3m kh\u00e1c nhau<\/strong><\/p>\n<figure id=\"attachment_2027\" aria-describedby=\"caption-attachment-2027\" style=\"width: 600px\" class=\"wp-caption aligncenter\"><img decoding=\"async\" class=\"size-full wp-image-2027\" src=\"https:\/\/www.vietcorp.com\/store\/wp-content\/uploads\/2022\/10\/thiet-bi-luu-tru-nas-synology-rs82211.jpg\" alt=\"Thi\u1ebft b\u1ecb l\u01b0u tr\u1eef NAS Synology RS422+ 5\" width=\"600\" height=\"309\" srcset=\"https:\/\/vietcorp.com\/store\/wp-content\/uploads\/2022\/10\/thiet-bi-luu-tru-nas-synology-rs82211.jpg?v=1668219508 600w, https:\/\/vietcorp.com\/store\/wp-content\/uploads\/2022\/10\/thiet-bi-luu-tru-nas-synology-rs82211-400x206.jpg?v=1668219508 400w, https:\/\/vietcorp.com\/store\/wp-content\/uploads\/2022\/10\/thiet-bi-luu-tru-nas-synology-rs82211-450x231.jpg?v=1668219508 450w, https:\/\/vietcorp.com\/store\/wp-content\/uploads\/2022\/10\/thiet-bi-luu-tru-nas-synology-rs82211-367x189.jpg?v=1668219508 367w\" sizes=\"(max-width: 600px) 100vw, 600px\" \/><figcaption id=\"caption-attachment-2027\" class=\"wp-caption-text\">\u0110\u1ed3ng b\u1ed9 h\u00f3a d\u1eef li\u1ec7u t\u1ea1i nhi\u1ec1u \u0111\u1ecba \u0111i\u1ec3m kh\u00e1c nhau<\/figcaption><\/figure>\n<p><em>K\u1ebft n\u1ed1i c\u00e1c nh\u00f3m l\u00e0m vi\u1ec7c v\u1edbi Hybrid Share<\/em><\/p>\n<p>S\u1eed d\u1ee5ng <a href=\"https:\/\/www.vietcorp.com\/store\/hybrid-share\/\">Hybrid Share<\/a> \u0111\u1ec3 l\u01b0u tr\u1eef c\u00e1c t\u1eadp h\u1ee3p d\u1eef li\u1ec7u l\u1edbn tr\u00ean n\u1ec1n t\u1ea3ng \u0111\u00e1m m\u00e2y, t\u1eadn d\u1ee5ng b\u0103ng th\u00f4ng m\u1ea1nh m\u1ebd c\u1ee7a c\u00e1c trung t\u00e2m d\u1eef li\u1ec7u \u0111\u1ec3 truy\u1ec1n t\u1eadp tin theo y\u00eau c\u1ea7u t\u1edbi NAS c\u1ee5c b\u1ed9 \u0111\u01b0\u1ee3c tri\u1ec3n khai t\u1ea1i c\u00e1c v\u0103n ph\u00f2ng chi nh\u00e1nh.<\/p>\n<p><em>D\u1eef li\u1ec7u theo y\u00eau c\u1ea7u<\/em><\/p>\n<p>V\u1edbi c\u00e1c th\u01b0 m\u1ee5c h\u1ed7 tr\u1ee3 Hybrid Share, c\u00e1c nh\u00f3m l\u00e0m vi\u1ec7c t\u1eeb xa c\u00f3 to\u00e0n quy\u1ec1n truy c\u1eadp v\u00e0o c\u00e1c t\u1eadp tin \u0111\u01b0\u1ee3c c\u1eadp nh\u1eadt m\u1edbi nh\u1ea5t, \u0111\u1ed3ng th\u1eddi t\u1eadn d\u1ee5ng \u0111\u01b0\u1ee3c vi\u1ec7c gi\u1ea3m dung l\u01b0\u1ee3ng b\u1ed9 nh\u1edb c\u1ee5c b\u1ed9 v\u00e0 b\u0103ng th\u00f4ng c\u1ea7n s\u1eed d\u1ee5ng.<\/p>\n<p><em>D\u1eef li\u1ec7u b\u1ed9 nh\u1edb \u0111\u1ec7m \u0111\u01b0\u1ee3c s\u1eed d\u1ee5ng c\u1ee5c b\u1ed9<\/em><\/p>\n<p>C\u00e1c t\u1eadp tin th\u01b0\u1eddng xuy\u00ean truy c\u1eadp \u0111\u01b0\u1ee3c l\u01b0u gi\u1eef tr\u00ean NAS c\u1ee5c b\u1ed9, cho ph\u00e9p ng\u01b0\u1eddi d\u00f9ng truy c\u1eadp v\u1edbi t\u1ed1c \u0111\u1ed9 m\u1ea1ng LAN.<\/p>\n<h3><strong>B\u1ea3o v\u1ec7 d\u1eef li\u1ec7u an to\u00e0n<\/strong><\/h3>\n<p><strong>Sao l\u01b0u m\u00e1y ch\u1ee7<\/strong><\/p>\n<figure id=\"attachment_2028\" aria-describedby=\"caption-attachment-2028\" style=\"width: 600px\" class=\"wp-caption aligncenter\"><img decoding=\"async\" class=\"size-full wp-image-2028\" src=\"https:\/\/www.vietcorp.com\/store\/wp-content\/uploads\/2022\/10\/thiet-bi-luu-tru-nas-synology-rs82210.jpg\" alt=\"Thi\u1ebft b\u1ecb l\u01b0u tr\u1eef NAS Synology RS422+ 6\" width=\"600\" height=\"391\" srcset=\"https:\/\/vietcorp.com\/store\/wp-content\/uploads\/2022\/10\/thiet-bi-luu-tru-nas-synology-rs82210.jpg?v=1668219507 600w, https:\/\/vietcorp.com\/store\/wp-content\/uploads\/2022\/10\/thiet-bi-luu-tru-nas-synology-rs82210-400x261.jpg?v=1668219507 400w, https:\/\/vietcorp.com\/store\/wp-content\/uploads\/2022\/10\/thiet-bi-luu-tru-nas-synology-rs82210-367x239.jpg?v=1668219507 367w\" sizes=\"(max-width: 600px) 100vw, 600px\" \/><figcaption id=\"caption-attachment-2028\" class=\"wp-caption-text\">Sao l\u01b0u m\u00e1y ch\u1ee7<\/figcaption><\/figure>\n<p><em>B\u1ea3o v\u1ec7 endpoint, m\u00e1y \u1ea3o v\u00e0 NAS\/SAN<\/em><\/p>\n<p>Sao l\u01b0u Windows v\u00e0 Linux endpoint, Synology server c\u0169ng nh\u01b0 m\u00e1y \u1ea3o VMware\u00ae v\u00e0 Hyper-V\u00ae an to\u00e0n v\u1edbi <a href=\"https:\/\/www.vietcorp.com\/store\/giai-phap-sao-luu-cho-pc-va-mac\/\">Active Backup for Business<\/a>.<\/p>\n<p><em>Microsoft 365 v\u00e0 Google Workspace<\/em><\/p>\n<p>T\u1eadp trung h\u00f3a quy tr\u00ecnh <a href=\"https:\/\/www.vietcorp.com\/store\/giai-phap-sao-luu-microsoft-365\/\">sao l\u01b0u d\u1eef li\u1ec7u Microsoft 365<\/a> v\u00e0 Google Workspace \u0111\u1ec3 b\u1ea3o v\u1ec7 d\u1eef li\u1ec7u kh\u1ecfi c\u00e1c s\u1ef1 c\u1ed1, \u0111\u01a1n gi\u1ea3n h\u00f3a ho\u1ea1t \u0111\u1ed9ng tu\u00e2n th\u1ee7 c\u00e1c ch\u00ednh s\u00e1ch l\u01b0u gi\u1eef d\u1eef li\u1ec7u. C\u00e1c b\u1ea3n sao l\u01b0u c\u00f3 th\u1ec3 \u0111\u01b0\u1ee3c l\u00ean l\u1ecbch, l\u1eadp phi\u00ean b\u1ea3n t\u1eadp tin linh ho\u1ea1t v\u00e0 lo\u1ea1i b\u1ecf tr\u00f9ng l\u1eb7p \u1edf c\u1ea5p \u0111\u1ed9 kh\u1ed1i, \u0111\u1ea3m b\u1ea3o t\u00ednh linh ho\u1ea1t v\u00e0 ti\u1ebft ki\u1ec7m m\u1ee9c ti\u00eau th\u1ee5 dung l\u01b0\u1ee3ng c\u0169ng nh\u01b0 b\u0103ng th\u00f4ng.<\/p>\n<p><strong>B\u1ea3o v\u1ec7 v\u00e0 ph\u1ee5c h\u1ed3i d\u1eef li\u1ec7u<\/strong><\/p>\n<figure id=\"attachment_2029\" aria-describedby=\"caption-attachment-2029\" style=\"width: 594px\" class=\"wp-caption aligncenter\"><img decoding=\"async\" class=\"size-full wp-image-2029\" src=\"https:\/\/www.vietcorp.com\/store\/wp-content\/uploads\/2022\/10\/thiet-bi-luu-tru-nas-synology-rs8229.jpg\" alt=\"Thi\u1ebft b\u1ecb l\u01b0u tr\u1eef NAS Synology RS422+ 7\" width=\"594\" height=\"375\" srcset=\"https:\/\/vietcorp.com\/store\/wp-content\/uploads\/2022\/10\/thiet-bi-luu-tru-nas-synology-rs8229.jpg?v=1668219505 594w, https:\/\/vietcorp.com\/store\/wp-content\/uploads\/2022\/10\/thiet-bi-luu-tru-nas-synology-rs8229-400x253.jpg?v=1668219505 400w, https:\/\/vietcorp.com\/store\/wp-content\/uploads\/2022\/10\/thiet-bi-luu-tru-nas-synology-rs8229-367x232.jpg?v=1668219505 367w\" sizes=\"(max-width: 594px) 100vw, 594px\" \/><figcaption id=\"caption-attachment-2029\" class=\"wp-caption-text\">B\u1ea3o v\u1ec7 v\u00e0 ph\u1ee5c h\u1ed3i d\u1eef li\u1ec7u<\/figcaption><\/figure>\n<p><a href=\"https:\/\/www.vietcorp.com\/store\/hyper-backup\/\"><em>Hyper Backup<\/em><\/a><\/p>\n<p>Sao l\u01b0u t\u1eadp tin, LUN, \u1ee9ng d\u1ee5ng \u0111\u00e3 c\u00e0i \u0111\u1eb7t v\u00e0 c\u1ea5u h\u00ecnh h\u1ec7 th\u1ed1ng t\u1edbi c\u00e1c \u0111i\u1ec3m \u0111\u1ebfn bao g\u1ed3m Synology C2 Storage, n\u1ec1n t\u1ea3ng \u0111\u00e1m m\u00e2y c\u00f4ng c\u1ed9ng, thi\u1ebft b\u1ecb USB, m\u00e1y ch\u1ee7 t\u1eadp tin, th\u01b0 m\u1ee5c c\u1ee5c b\u1ed9 ho\u1eb7c c\u00e1c h\u1ec7 th\u1ed1ng Synology kh\u00e1c.<\/p>\n<p>B\u1ea1n kh\u00f4ng c\u1ea7n b\u1eadn t\u00e2m t\u1edbi c\u00e1c t\u00e1c v\u1ee5 sao l\u01b0u v\u1edbi l\u1ecbch tr\u00ecnh \u0111\u1ecbnh k\u1ef3 \u0111\u01b0\u1ee3c c\u00e0i \u0111\u1eb7t s\u1eb5n, t\u0103ng c\u01b0\u1eddng b\u1ea3o m\u1eadt v\u1edbi ph\u00e2n quy\u1ec1n ng\u01b0\u1eddi d\u00f9ng v\u00e0 m\u00e3 h\u00f3a chi ti\u1ebft, duy tr\u00ec k\u00edch th\u01b0\u1edbc sao l\u01b0u nh\u1ecf v\u1edbi t\u00ednh n\u0103ng lo\u1ea1i b\u1ecf tr\u00f9ng l\u1eb7p t\u00edch h\u1ee3p c\u0169ng nh\u01b0 kh\u00f4i ph\u1ee5c d\u1eef li\u1ec7u linh ho\u1ea1t \u0111a phi\u00ean b\u1ea3n.<\/p>\n<p><a href=\"https:\/\/www.vietcorp.com\/store\/snapshot-replication\/\"><em>Snapshot Replication<\/em><\/a><\/p>\n<p>Snapshot Replication h\u1ed7 tr\u1ee3 b\u1ea3n ghi nhanh c\u00f3 th\u1ec3 ch\u1ec9nh c\u1ea5u h\u00ecnh theo th\u1eddi gian c\u1ee7a c\u00e1c th\u01b0 m\u1ee5c chia s\u1ebb v\u00e0 b\u1ed9 nh\u1edb m\u00e1y \u1ea3o v\u1edbi RPO th\u1ea5p nh\u1ea5t l\u00e0 5 ph\u00fat v\u00e0 kh\u00f4i ph\u1ee5c trong v\u00f2ng v\u00e0i gi\u00e2y.<\/p>\n<h3><strong>Gi\u00e1m s\u00e1t th\u00f4ng minh<\/strong><\/h3>\n<p>NAS Synology RS822RP+ c\u00f3 th\u1ec3 bi\u1ebfn \u0111\u1ed5i th\u00e0nh thi\u1ebft b\u1ecb l\u01b0u tr\u1eef v\u00e0 gi\u00e1m s\u00e1t th\u00f4ng minh v\u1edbi nhi\u1ec1u t\u00ednh n\u0103ng.<\/p>\n<figure id=\"attachment_2030\" aria-describedby=\"caption-attachment-2030\" style=\"width: 584px\" class=\"wp-caption aligncenter\"><img decoding=\"async\" class=\"size-full wp-image-2030\" src=\"https:\/\/www.vietcorp.com\/store\/wp-content\/uploads\/2022\/10\/thiet-bi-luu-tru-nas-synology-rs8228.jpg\" alt=\"Thi\u1ebft b\u1ecb l\u01b0u tr\u1eef NAS Synology RS422+ 8\" width=\"584\" height=\"303\" srcset=\"https:\/\/vietcorp.com\/store\/wp-content\/uploads\/2022\/10\/thiet-bi-luu-tru-nas-synology-rs8228.jpg?v=1668219504 584w, https:\/\/vietcorp.com\/store\/wp-content\/uploads\/2022\/10\/thiet-bi-luu-tru-nas-synology-rs8228-400x208.jpg?v=1668219504 400w, https:\/\/vietcorp.com\/store\/wp-content\/uploads\/2022\/10\/thiet-bi-luu-tru-nas-synology-rs8228-367x190.jpg?v=1668219504 367w\" sizes=\"(max-width: 584px) 100vw, 584px\" \/><figcaption id=\"caption-attachment-2030\" class=\"wp-caption-text\">NAS Synology RS422+ gi\u00e1m s\u00e1t an ninh<\/figcaption><\/figure>\n<p><em>Kh\u1ea3 n\u0103ng t\u01b0\u01a1ng th\u00edch r\u1ed9ng<\/em><\/p>\n<p>K\u1ebft n\u1ed1i t\u1edbi <strong>40 camera IP<\/strong> trong danh s\u00e1ch l\u1ef1a ch\u1ecdn v\u1edbi h\u01a1n 8,300 m\u1eabu thi\u1ebft b\u1ecb \u0111\u00e3 x\u00e1c th\u1ef1c nh\u1edd kh\u1ea3 n\u0103ng t\u01b0\u01a1ng th\u00edch linh ho\u1ea1t v\u1edbi c\u00e1c lo\u1ea1i camera c\u1ee7a <a href=\"https:\/\/www.vietcorp.com\/store\/surveillance-station\/\">Synology Surveillance Station<\/a>.<\/p>\n<p><em>\u0110a n\u1ec1n t\u1ea3ng<\/em><\/p>\n<p>Gi\u00e1m s\u00e1t lu\u1ed3ng ph\u00e1t tr\u1ef1c ti\u1ebfp ho\u1eb7c xem b\u1ea3n ghi b\u1eb1ng tr\u00ecnh duy\u1ec7t web, \u1ee9ng d\u1ee5ng m\u00e1y t\u00ednh ho\u1eb7c \u1ee9ng d\u1ee5ng di \u0111\u1ed9ng DS cam.<\/p>\n<p><em>B\u1ea3o m\u1eadt v\u00e0 ri\u00eang t\u01b0<\/em><\/p>\n<p>\u0110o\u1ea1n ghi h\u00ecnh \u0111\u01b0\u1ee3c l\u01b0u tr\u1eef c\u1ee5c b\u1ed9 tu\u00e2n th\u1ee7 c\u00e1c quy \u0111\u1ecbnh v\u1ec1 b\u1ea3o v\u1ec7 d\u1eef li\u1ec7u v\u00e0 b\u1ea3o \u0111\u1ea3m an to\u00e0n h\u01a1n tr\u01b0\u1edbc h\u00e0nh vi truy c\u1eadp tr\u00e1i ph\u00e9p b\u1eb1ng c\u00f4ng ngh\u1ec7 m\u00e3 h\u00f3a AES-256 \u0111\u1ea1t ti\u00eau chu\u1ea9n c\u1ee7a ng\u00e0nh.<\/p>\n<figure id=\"attachment_2031\" aria-describedby=\"caption-attachment-2031\" style=\"width: 600px\" class=\"wp-caption aligncenter\"><img decoding=\"async\" class=\"size-full wp-image-2031\" src=\"https:\/\/www.vietcorp.com\/store\/wp-content\/uploads\/2022\/10\/thiet-bi-luu-tru-nas-synology-rs8227.jpg\" alt=\"Thi\u1ebft b\u1ecb l\u01b0u tr\u1eef NAS Synology RS422+ 9\" width=\"600\" height=\"336\" srcset=\"https:\/\/vietcorp.com\/store\/wp-content\/uploads\/2022\/10\/thiet-bi-luu-tru-nas-synology-rs8227.jpg?v=1668219502 600w, https:\/\/vietcorp.com\/store\/wp-content\/uploads\/2022\/10\/thiet-bi-luu-tru-nas-synology-rs8227-400x224.jpg?v=1668219502 400w, https:\/\/vietcorp.com\/store\/wp-content\/uploads\/2022\/10\/thiet-bi-luu-tru-nas-synology-rs8227-367x206.jpg?v=1668219502 367w\" sizes=\"(max-width: 600px) 100vw, 600px\" \/><figcaption id=\"caption-attachment-2031\" class=\"wp-caption-text\">NAS Synology RS422+ ph\u00e2n t\u00edch video<\/figcaption><\/figure>\n<h3><strong>C\u00f4ng ngh\u1ec7 Synology DSM<\/strong><\/h3>\n<p>T\u1eadn d\u1ee5ng to\u00e0n b\u1ed9 c\u00e1c gi\u1ea3i ph\u00e1p n\u0103ng su\u1ea5t, qu\u1ea3n l\u00fd v\u00e0 b\u1ea3o m\u1eadt c\u00f3 s\u1eb5n tr\u00ean h\u1ec7 \u0111i\u1ec1u h\u00e0nh DSM n\u1ec1n t\u1ea3ng web.<\/p>\n<p><em>Qu\u1ea3n l\u00fd t\u1eadp tin<\/em><\/p>\n<p>Qu\u1ea3n l\u00fd, \u0111\u1ed3ng b\u1ed9 h\u00f3a v\u00e0 chia s\u1ebb t\u1eadp tin t\u1eeb nhi\u1ec1u thi\u1ebft b\u1ecb tr\u00ean m\u1ed9t n\u1ec1n t\u1ea3ng t\u1eadp trung.<\/p>\n<p><em>B\u1ea3o m\u1eadt<\/em><\/p>\n<p>B\u1ea3o v\u1ec7 NAS Synology c\u1ee7a b\u1ea1n kh\u1ecfi c\u00e1c m\u1ed1i \u0111e d\u1ecda tinh vi nh\u1ea5t b\u1eb1ng c\u00e1c gi\u1ea3i ph\u00e1p b\u1ea3o m\u1eadt h\u00e0ng \u0111\u1ea7u trong ng\u00e0nh.<\/p>\n<p><em>Qu\u1ea3n tr\u1ecb h\u1ec7 th\u1ed1ng<\/em><\/p>\n<p>Qu\u1ea3n l\u00fd t\u00ecnh tr\u1ea1ng tri\u1ec3n khai v\u00e0 qu\u1ea3n l\u00fd t\u1eadp trung c\u00e1c b\u1ea3n c\u1eadp nh\u1eadt m\u1ed9t c\u00e1ch d\u1ec5 d\u00e0ng.<\/p>\n<p><em>Qu\u1ea3n l\u00fd ng\u01b0\u1eddi d\u00f9ng<\/em><\/p>\n<p>Qu\u1ea3n l\u00fd t\u00e0i kho\u1ea3n ng\u01b0\u1eddi d\u00f9ng v\u00e0 thi\u1ebft b\u1ecb tr\u00ean quy m\u00f4 to\u00e0n doanh nghi\u1ec7p b\u1eb1ng c\u00e1c d\u1ecbch v\u1ee5 th\u01b0 m\u1ee5c m\u1ea1nh m\u1ebd.<\/p>\n<p><a href=\"https:\/\/www.vietcorp.com\/store\/cms\/\"><em>Central Management System<\/em><\/a><\/p>\n<p>Qu\u1ea3n l\u00fd thu\u1eadn ti\u1ec7n c\u00e1c thi\u1ebft b\u1ecb NAS Synology c\u1ee7a b\u1ea1n tr\u00ean b\u1ea3ng \u0111i\u1ec1u khi\u1ec3n t\u1eadp trung.<\/p>\n<p><a href=\"https:\/\/www.vietcorp.com\/store\/synology-high-availability\/\"><em>Synology High Availability<\/em><\/a><\/p>\n<p>Chuy\u1ec3n \u0111\u1ed5i li\u1ec1n m\u1ea1ch gi\u1eefa c\u00e1c m\u00e1y ch\u1ee7 ph\u00e2n c\u1ee5m trong tr\u01b0\u1eddng h\u1ee3p m\u00e1y ch\u1ee7 b\u1ecb l\u1ed7i \u0111\u1ec3 gi\u1ea3m thi\u1ec3u t\u00e1c \u0111\u1ed9ng \u0111\u1ebfn c\u00e1c \u1ee9ng d\u1ee5ng.<\/p>\n<h3><strong>B\u1ea3o h\u00e0nh 3 n\u0103m<\/strong><\/h3>\n<p>Thi\u1ebft b\u1ecb RS422+ \u0111\u01b0\u1ee3c Synology b\u1ea3o h\u00e0nh 3 n\u0103m cho ph\u1ea7n c\u1ee9ng. M\u1ed9t s\u1ed1 v\u00f9ng l\u00e3nh th\u1ed5 c\u00f3 g\u00f3i b\u1ea3o h\u00e0nh m\u1edf r\u1ed9ng 2 n\u0103m t\u00f9y ch\u1ecdn \u0111\u1ec3 m\u1edf r\u1ed9ng ph\u1ea1m vi b\u1ea3o h\u00e0nh l\u00ean \u0111\u1ebfn t\u1ed5ng c\u1ed9ng 5 n\u0103m.<\/p>\n<h3><strong>B\u1ec1 ngo\u00e0i NAS Synology RS422+<\/strong><\/h3>\n<table>\n<tbody>\n<tr>\n<td><strong>M\u1eb7t tr\u01b0\u1edbc NAS Synology RS422+<\/strong><\/p>\n<p><img decoding=\"async\" class=\"size-full wp-image-2034\" src=\"https:\/\/www.vietcorp.com\/store\/wp-content\/uploads\/2022\/10\/thiet-bi-luu-tru-nas-synology-rs4224.jpg\" alt=\"Thi\u1ebft b\u1ecb l\u01b0u tr\u1eef NAS Synology RS422+ 10\" width=\"600\" height=\"155\" \/><\/td>\n<td><strong>M\u1eb7t sau NAS Synology RS422+<\/strong><\/p>\n<p><img decoding=\"async\" class=\"size-full wp-image-2033\" src=\"https:\/\/www.vietcorp.com\/store\/wp-content\/uploads\/2022\/10\/thiet-bi-luu-tru-nas-synology-rs4225.jpg\" alt=\"Thi\u1ebft b\u1ecb l\u01b0u tr\u1eef NAS Synology RS422+ 11\" width=\"600\" height=\"146\" \/><\/td>\n<\/tr>\n<tr>\n<td>1. Power Indicator<\/td>\n<td>9. Fans<\/td>\n<\/tr>\n<tr>\n<td>2. Power Button<\/td>\n<td>10. Power Port<\/td>\n<\/tr>\n<tr>\n<td>3. Alert Indicator<\/td>\n<td>11. 1GbE RJ-45 Ports<\/td>\n<\/tr>\n<tr>\n<td>4. Drive Status Indicators<\/td>\n<td>12. Console Port<\/td>\n<\/tr>\n<tr>\n<td>5. N\u00fat im l\u1eb7ng<\/td>\n<td>13. USB 3.2 Gen 1 Port<\/td>\n<\/tr>\n<tr>\n<td>6. Status Indicator<\/td>\n<td>14. Reset Button<\/td>\n<\/tr>\n<tr>\n<td>7. Drive Tray Locks<\/td>\n<td>15. Khe n\u00e2ng c\u1ea5p m\u1ea1ng<\/td>\n<\/tr>\n<tr>\n<td>8. Drive tray<\/td>\n<td><\/td>\n<\/tr>\n<\/tbody>\n<\/table>\n<p>Xem th\u00eam NAS Synology:<\/p>\n<ul>\n<li><a href=\"https:\/\/www.vietcorp.com\/vn\/2819\/chung-nhan-vietcorp-doi-tac-cua-synology\/\">Ch\u1ee9ng nh\u1eadn Synology<\/a><\/li>\n<li><a href=\"https:\/\/vietcorp.com\/support\/synology\/\">Support Synology<\/a><\/li>\n<li><a href=\"https:\/\/www.vietcorp.com\/blog\/tag\/showcase-synology\/\">Showcase Synology<\/a><\/li>\n<\/ul>\n","protected":false},"excerpt":{"rendered":"<p>Thi\u1ebft b\u1ecb l\u01b0u tr\u1eef NAS Synology RS422+<br \/>\nNAS 4 khay \u1ed5 \u0111\u0129a<br \/>\nAMD Ryzen R1600 2-core 2.6<br \/>\n2 c\u1ed5ng RJ-45 1GbE LAN<br \/>\nB\u1ea3o h\u00e0nh 36 th\u00e1ng<\/p>\n","protected":false},"featured_media":7275,"template":"","meta":[],"product_brand":[],"product_cat":[15,406],"product_tag":[53,42,475,31,474,23,476],"class_list":{"0":"post-2043","1":"product","2":"type-product","3":"status-publish","4":"has-post-thumbnail","6":"product_cat-nas","7":"product_cat-rackstation-plus-series","8":"product_tag-nas","9":"product_tag-nas-4-bay","10":"product_tag-nas-rs422","11":"product_tag-rackstation","12":"product_tag-rs422","13":"product_tag-synology","14":"product_tag-synology-rs422","15":"pa_thuong-hieu-synology","17":"first","18":"instock","19":"taxable","20":"shipping-taxable","21":"product-type-simple"},"_links":{"self":[{"href":"https:\/\/vietcorp.com\/store\/wp-json\/wp\/v2\/product\/2043","targetHints":{"allow":["GET"]}}],"collection":[{"href":"https:\/\/vietcorp.com\/store\/wp-json\/wp\/v2\/product"}],"about":[{"href":"https:\/\/vietcorp.com\/store\/wp-json\/wp\/v2\/types\/product"}],"wp:featuredmedia":[{"embeddable":true,"href":"https:\/\/vietcorp.com\/store\/wp-json\/wp\/v2\/media\/7275"}],"wp:attachment":[{"href":"https:\/\/vietcorp.com\/store\/wp-json\/wp\/v2\/media?parent=2043"}],"wp:term":[{"taxonomy":"product_brand","embeddable":true,"href":"https:\/\/vietcorp.com\/store\/wp-json\/wp\/v2\/product_brand?post=2043"},{"taxonomy":"product_cat","embeddable":true,"href":"https:\/\/vietcorp.com\/store\/wp-json\/wp\/v2\/product_cat?post=2043"},{"taxonomy":"product_tag","embeddable":true,"href":"https:\/\/vietcorp.com\/store\/wp-json\/wp\/v2\/product_tag?post=2043"}],"curies":[{"name":"wp","href":"https:\/\/api.w.org\/{rel}","templated":true}]}}