


{"id":201,"date":"2020-11-03T10:36:11","date_gmt":"2020-11-03T03:36:11","guid":{"rendered":"https:\/\/www.vietcorp.com\/store\/product\/synology-rx418\/"},"modified":"2025-12-11T11:44:56","modified_gmt":"2025-12-11T04:44:56","slug":"thiet-bi-mo-rong-nas-synology-rx418","status":"publish","type":"product","link":"https:\/\/vietcorp.com\/store\/201\/thiet-bi-mo-rong-nas-synology-rx418\/","title":{"rendered":"Synology RX418"},"content":{"rendered":"<h2><strong>Expansion Unit <a href=\"https:\/\/www.vietcorp.com\/store\/201\/thiet-bi-mo-rong-nas-synology-rx418\/\">Synology RX418<\/a><\/strong><\/h2>\n<p>B\u1ed9 m\u1edf r\u1ed9ng rackmount 1U 4 khay cho 1U RackStation<\/p>\n<p><img decoding=\"async\" class=\"aligncenter wp-image-6197 size-full\" src=\"https:\/\/www.vietcorp.com\/store\/wp-content\/uploads\/2020\/11\/expansion-unit-synology-rx418-e1692759415675.png\" alt=\"\" width=\"600\" height=\"87\" \/><\/p>\n<h3><strong>M\u1edf r\u1ed9ng dung l\u01b0\u1ee3ng l\u01b0u tr\u1eef<\/strong><\/h3>\n<p>Khi dung l\u01b0\u1ee3ng l\u01b0u tr\u1eef tr\u00ean Synology 1U RackStation \u0111\u1ea1t \u0111\u1ebfn gi\u1edbi h\u1ea1n, thi\u1ebft b\u1ecb m\u1edf r\u1ed9ng Synology RX418 cung c\u1ea5p kh\u1ea3 n\u0103ng m\u1edf r\u1ed9ng dung l\u01b0\u1ee3ng d\u1ec5 d\u00e0ng b\u1eb1ng c\u00e1ch th\u00eam 4 \u1ed5 \u0111\u0129a 3,5&#8243;\/2,5&#8243; SATA v\u00e0o h\u1ec7 th\u1ed1ng. Synology RX418 c\u0169ng c\u00f3 th\u1ec3 \u0111\u01b0\u1ee3c s\u1eed d\u1ee5ng l\u00e0m \u0111i\u1ec3m \u0111\u1ebfn sao l\u01b0u c\u1ee5c b\u1ed9 chuy\u00ean d\u1ee5ng c\u1ee7a Synology 1U RackStation \u0111\u1ec3 b\u1ea3o v\u1ec7 d\u1eef li\u1ec7u to\u00e0n di\u1ec7n.<\/p>\n<h3><strong>Thi\u1ebft k\u1ebf plug-and-play \u0111\u00e1ng tin c\u1eady<\/strong><\/h3>\n<p>Ch\u1ec9 c\u1ea7n k\u1ebft n\u1ed1i Synology RX418 v\u1edbi <a href=\"https:\/\/www.vietcorp.com\/store\/nas-synology-rackstation\/\">Synology RackStation<\/a> t\u01b0\u01a1ng \u1ee9ng v\u00e0 n\u00f3 \u0111\u00e3 s\u1eb5n s\u00e0ng \u0111\u1ec3 s\u1eed d\u1ee5ng. C\u00e1c \u1ed5 \u0111\u0129a trong Synology RX418 \u0111\u01b0\u1ee3c k\u1ebft n\u1ed1i ho\u1ea1t \u0111\u1ed9ng nh\u01b0 th\u1ec3 ch\u00fang l\u00e0 n\u1ed9i b\u1ed9 c\u1ee7a NAS Synology \u0111\u01b0\u1ee3c k\u1ebft n\u1ed1i v\u00e0 c\u00f3 th\u1ec3 \u0111\u01b0\u1ee3c qu\u1ea3n l\u00fd tr\u1ef1c ti\u1ebfp b\u1edfi <a href=\"https:\/\/www.vietcorp.com\/store\/synology-diskstation-manager-7-2\/\">Synology DiskStation Manager<\/a> (DSM) m\u00e0 kh\u00f4ng c\u1ea7n c\u00e0i \u0111\u1eb7t ph\u1ea7n m\u1ec1m b\u1ed5 sung.<\/p>\n<h3><strong>Ti\u1ebft ki\u1ec7m n\u0103ng l\u01b0\u1ee3ng v\u00e0 d\u1ec5 qu\u1ea3n l\u00fd<\/strong><\/h3>\n<p>Synology DSM t\u1eebng \u0111o\u1ea1t gi\u1ea3i th\u01b0\u1edfng cung c\u1ea5p giao di\u1ec7n ng\u01b0\u1eddi d\u00f9ng tr\u1ef1c quan \u0111\u1ec3 qu\u1ea3n l\u00fd h\u1ec7 th\u1ed1ng d\u1ec5 d\u00e0ng. Ch\u1ebf \u0111\u1ed9 ng\u1ee7 \u0111\u00f4ng c\u1ee7a \u1ed5 \u0111\u0129a c\u00f3 th\u1ec3 \u0111\u01b0\u1ee3c \u0111\u1ecbnh c\u1ea5u h\u00ecnh trong DSM \u0111\u1ec3 t\u1ef1 \u0111\u1ed9ng c\u00f3 hi\u1ec7u l\u1ef1c khi h\u1ec7 th\u1ed1ng kh\u00f4ng ho\u1ea1t \u0111\u1ed9ng trong m\u1ed9t kho\u1ea3ng th\u1eddi gian. \u0110i\u1ec1u n\u00e0y kh\u00f4ng ch\u1ec9 ti\u1ebft ki\u1ec7m n\u0103ng l\u01b0\u1ee3ng m\u00e0 c\u00f2n k\u00e9o d\u00e0i tu\u1ed5i th\u1ecd c\u1ee7a c\u00e1c \u1ed5 \u0111\u0129a \u0111\u01b0\u1ee3c l\u1eafp \u0111\u1eb7t.<\/p>\n<h3><strong>\u0110\u01b0\u1ee3c h\u1ed7 tr\u1ee3 b\u1edfi \u1ed5 \u0111\u0129a Synology<\/strong><\/h3>\n<p>T\u1eadn d\u1ee5ng hi\u1ec7u su\u1ea5t v\u00e0 \u0111\u1ed9 tin c\u1eady c\u00f3 t\u00ednh b\u1ec1n v\u1eefng cao v\u1edbi c\u00e1c \u1ed5 \u0111\u0129a chu\u1ea9n doanh nghi\u1ec7p, c\u00f3 t\u00ednh n\u0103ng b\u1ea3o v\u1ec7 d\u1eef li\u1ec7u t\u00edch h\u1ee3p, \u0111\u01b0\u1ee3c thi\u1ebft k\u1ebf cho c\u00e1c h\u1ec7 th\u1ed1ng Synology.<\/p>\n<p><strong><img decoding=\"async\" class=\"aligncenter size-full wp-image-6188\" src=\"https:\/\/www.vietcorp.com\/store\/wp-content\/uploads\/2020\/11\/thiet-bi-mo-rong-synology-dx517-7.jpg\" alt=\"\" width=\"600\" height=\"350\" srcset=\"https:\/\/vietcorp.com\/store\/wp-content\/uploads\/2020\/11\/thiet-bi-mo-rong-synology-dx517-7.jpg 600w, https:\/\/vietcorp.com\/store\/wp-content\/uploads\/2020\/11\/thiet-bi-mo-rong-synology-dx517-7-400x233.jpg 400w, https:\/\/vietcorp.com\/store\/wp-content\/uploads\/2020\/11\/thiet-bi-mo-rong-synology-dx517-7-367x214.jpg 367w\" sizes=\"(max-width: 600px) 100vw, 600px\" \/><\/strong><\/p>\n<p><strong>\u1ed4 c\u1ee9ng<\/strong><\/p>\n<p>D\u00f2ng s\u1ea3n ph\u1ea9m Enterprise 3,5&#8243; SATA<br \/>\nD\u00f2ng s\u1ea3n ph\u1ea9m Plus 3.5&#8243; SATA<\/p>\n<p><strong>SSD<\/strong><\/p>\n<p>D\u00f2ng s\u1ea3n ph\u1ea9m Enterprise 2,5&#8243; SATA<\/p>\n<p>Xem th\u00eam v\u1ec1 Synology:<\/p>\n<ul>\n<li><a href=\"https:\/\/www.vietcorp.com\/vn\/chung-nhan\/\">Ch\u1ee9ng nh\u1eadn Synology<\/a><\/li>\n<li><a href=\"https:\/\/vietcorp.com\/support\/synology\/\">Support Synology<\/a><\/li>\n<li><a href=\"https:\/\/www.vietcorp.com\/blog\/tag\/showcase-synology\/\">Showcase Synology<\/a><\/li>\n<\/ul>\n","protected":false},"excerpt":{"rendered":"<p>RX418 4 bays<br \/>\nFor 2.5\u201d and 3.5\u201d SATA drives<br \/>\nOnline volume expansion<br \/>\n12-inch depth chassis design<\/p>\n","protected":false},"featured_media":7816,"template":"","meta":[],"product_brand":[],"product_cat":[363],"product_tag":[47,23],"class_list":{"0":"post-201","1":"product","2":"type-product","3":"status-publish","4":"has-post-thumbnail","6":"product_cat-expansion-units","7":"product_tag-expansion","8":"product_tag-synology","9":"pa_bao-hanh-36-thang","10":"pa_chung-loai-nas","11":"pa_cong-giao-tiep-1-x-esata","12":"pa_drive-bays-4-bays","13":"pa_dung-luong-chua-co-o-cung","14":"pa_form-factor-1u-rackmount","15":"pa_muc-dich-su-dung-danh-cho-doanh-nghiep-lon","16":"pa_muc-dich-su-dung-danh-cho-doanh-nghiep-nho","17":"pa_muc-dich-su-dung-danh-cho-doanh-nghiep-vua","18":"pa_thuong-hieu-synology","20":"first","21":"outofstock","22":"taxable","23":"shipping-taxable","24":"product-type-simple"},"_links":{"self":[{"href":"https:\/\/vietcorp.com\/store\/wp-json\/wp\/v2\/product\/201","targetHints":{"allow":["GET"]}}],"collection":[{"href":"https:\/\/vietcorp.com\/store\/wp-json\/wp\/v2\/product"}],"about":[{"href":"https:\/\/vietcorp.com\/store\/wp-json\/wp\/v2\/types\/product"}],"wp:featuredmedia":[{"embeddable":true,"href":"https:\/\/vietcorp.com\/store\/wp-json\/wp\/v2\/media\/7816"}],"wp:attachment":[{"href":"https:\/\/vietcorp.com\/store\/wp-json\/wp\/v2\/media?parent=201"}],"wp:term":[{"taxonomy":"product_brand","embeddable":true,"href":"https:\/\/vietcorp.com\/store\/wp-json\/wp\/v2\/product_brand?post=201"},{"taxonomy":"product_cat","embeddable":true,"href":"https:\/\/vietcorp.com\/store\/wp-json\/wp\/v2\/product_cat?post=201"},{"taxonomy":"product_tag","embeddable":true,"href":"https:\/\/vietcorp.com\/store\/wp-json\/wp\/v2\/product_tag?post=201"}],"curies":[{"name":"wp","href":"https:\/\/api.w.org\/{rel}","templated":true}]}}