


{"id":1987,"date":"2022-10-03T15:19:06","date_gmt":"2022-10-03T08:19:06","guid":{"rendered":"https:\/\/www.vietcorp.com\/store\/?post_type=product&#038;p=1987"},"modified":"2025-12-11T14:57:17","modified_gmt":"2025-12-11T07:57:17","slug":"thiet-bi-luu-tru-nas-synology-ds3622xs","status":"publish","type":"product","link":"https:\/\/vietcorp.com\/store\/1987\/thiet-bi-luu-tru-nas-synology-ds3622xs\/","title":{"rendered":"Synology DS3622xs+"},"content":{"rendered":"<p><a href=\"https:\/\/www.vietcorp.com\/store\/1987\/thiet-bi-luu-tru-nas-synology-ds3622xs\/\"><strong>Thi\u1ebft b\u1ecb l\u01b0u tr\u1eef NAS Synology DS3622xs+<\/strong><\/a> 12 khay l\u00e0 thi\u1ebft b\u1ecb NAS c\u00f3 c\u1ea5u h\u00ecnh m\u1ea1nh m\u1ebd, ph\u00f9 h\u1ee3p cho c\u1ea3 m\u00f4i tr\u01b0\u1eddng kinh doanh v\u1eeba v\u00e0 nh\u1ecf v\u1edbi c\u00e1c t\u00e1c v\u1ee5 chuy\u00ean s\u00e2u, c\u00f3 nhi\u1ec1u ng\u01b0\u1eddi d\u00f9ng. Dung l\u01b0\u1ee3ng cao, kh\u1ea3 n\u0103ng m\u1edf r\u1ed9ng v\u00e0 s\u1ee9c m\u1ea1nh x\u1eed l\u00fd cao \u0111\u00e2y l\u00e0 s\u1ea3n ph\u1ea9m l\u00fd t\u01b0\u1edfng cho VM v\u00e0 l\u01b0u tr\u1eef, d\u00f9ng \u0111\u1ec3 chia s\u1ebb t\u1eadp tin t\u1ee9c th\u00ec v\u00e0 NAS Synology DS3622xs+ c\u0169ng c\u00f3 th\u1ec3 \u0111\u00f3ng vai tr\u00f2 l\u00e0 \u0111\u1ea7u ghi video m\u1ea1ng cho c\u00e1c m\u00f4 h\u00ecnh tri\u1ec3n khai gi\u00e1m s\u00e1t an ninh l\u1edbn. NAS Synology DS3622xs+ \u0111i k\u00e8m ph\u1ea7n m\u1ec1m qu\u1ea3n l\u00fd l\u01b0u tr\u1eef m\u1ea1nh m\u1ebd, t\u00ednh n\u0103ng \u0111\u1ed3ng b\u1ed9 h\u00f3a t\u1eadp tin, gi\u00e1m s\u00e1t v\u00e0 sao l\u01b0u, th\u00edch h\u1ee3p \u0111\u1ec3 ch\u1ec9nh s\u1eeda video ch\u1ea5t l\u01b0\u1ee3ng cao.<\/p>\n<p><strong>Thi\u1ebft b\u1ecb l\u01b0u tr\u1eef NAS Synology DS3622xs+ c\u00f3 c\u1ea5u h\u00ecnh m\u1ea1nh m\u1ebd<\/strong><\/p>\n<ul>\n<li><strong>CPU b\u1ed9 x\u1eed l\u00fd<\/strong> : Intel Xeon D-1531 6-core 2.2 (base) \/ 2.7 (turbo) GHz<\/li>\n<li><strong>RAM\u00a0<\/strong>: 16 GB DDR4 ECC SODIMM, c\u00f3 th\u1ec3 m\u1edf r\u1ed9ng l\u00ean \u0111\u1ebfn 48 GB<\/li>\n<li><strong>Network<\/strong>: T\u00edch h\u1ee3p 2 c\u1ed5ng m\u1ea1ng RJ-45 1GbE, 2 c\u1ed5ng m\u1ea1ng RJ-45 10GbE<\/li>\n<li><b>M\u1edf r\u1ed9ng:\u00a0<\/b>v\u1edbi 2 b\u1ed9 m\u1edf r\u1ed9ng DX1222, n\u00f3 c\u00f3 th\u1ec3 \u0111\u01b0\u1ee3c m\u1edf r\u1ed9ng l\u00ean 36 \u1ed5 c\u1ee9ng<\/li>\n<\/ul>\n<p><center><iframe loading=\"lazy\" title=\"YouTube video player\" src=\"https:\/\/www.youtube.com\/embed\/vGWLnFmMea4?si=tYGz9e_opVNLYPkX\" width=\"560\" height=\"315\" frameborder=\"0\" allowfullscreen=\"allowfullscreen\"><\/iframe><\/center><strong>B\u1ed9 l\u01b0u tr\u1eef NAS ph\u00f9 h\u1ee3p cho doanh nghi\u1ec7p v\u1eeba v\u00e0 nh\u1ecf<\/strong><\/p>\n<figure id=\"attachment_1999\" aria-describedby=\"caption-attachment-1999\" style=\"width: 600px\" class=\"wp-caption aligncenter\"><img decoding=\"async\" class=\"size-full wp-image-1999\" src=\"https:\/\/www.vietcorp.com\/store\/wp-content\/uploads\/2022\/10\/thiet-bi-luu-tru-nas-synology-ds3622xs4.jpg\" alt=\"Thi\u1ebft b\u1ecb l\u01b0u tr\u1eef NAS Synology DS3622xs+ 1\" width=\"600\" height=\"343\" srcset=\"https:\/\/vietcorp.com\/store\/wp-content\/uploads\/2022\/10\/thiet-bi-luu-tru-nas-synology-ds3622xs4.jpg?v=1668219536 600w, https:\/\/vietcorp.com\/store\/wp-content\/uploads\/2022\/10\/thiet-bi-luu-tru-nas-synology-ds3622xs4-400x229.jpg?v=1668219536 400w, https:\/\/vietcorp.com\/store\/wp-content\/uploads\/2022\/10\/thiet-bi-luu-tru-nas-synology-ds3622xs4-367x210.jpg?v=1668219536 367w\" sizes=\"(max-width: 600px) 100vw, 600px\" \/><figcaption id=\"caption-attachment-1999\" class=\"wp-caption-text\">B\u1ed9 l\u01b0u tr\u1eef NAS ph\u00f9 h\u1ee3p cho doanh nghi\u1ec7p v\u1eeba v\u00e0 nh\u1ecf<\/figcaption><\/figure>\n<p><a href=\"https:\/\/www.vietcorp.com\/store\/nas-synology\/\"><strong>Thi\u1ebft b\u1ecb l\u01b0u tr\u1eef NAS Synology<\/strong><\/a> l\u00e0 n\u1ec1n t\u1ea3ng l\u01b0u tr\u1eef \u0111a n\u0103ng ho\u00e0n to\u00e0n ph\u00f9 h\u1ee3p v\u1edbi c\u00e1c vai tr\u00f2 file server, l\u01b0u tr\u1eef d\u1ea1ng kh\u1ed1i ho\u1eb7c m\u00e1y ch\u1ee7 \u1ee9ng d\u1ee5ng y\u00eau c\u1ea7u t\u00ednh s\u1eb5n s\u00e0ng, \u0111\u1ed9 tin c\u1eady cao v\u00e0 c\u00f4ng ngh\u1ec7 l\u01b0u tr\u1eef ti\u00ean ti\u1ebfn nh\u1ea5t.<\/p>\n<h3><strong>Thi\u1ebft k\u1ebf t\u1ed1i \u01b0u th\u1eddi gian ho\u1ea1t \u0111\u1ed9ng<\/strong><\/h3>\n<p>Synology DS3622xs+ \u0111\u01b0\u1ee3c thi\u1ebft k\u1ebf \u0111\u1ec3 duy tr\u00ec kh\u1ea3 n\u0103ng truy c\u1eadp c\u00e1c d\u1eef li\u1ec7u v\u00e0 d\u1ecbch v\u1ee5 c\u00f3 t\u1ea7m quan tr\u1ecdng cao, c\u00e1c doanh nghi\u1ec7p c\u00f3 th\u1ec3 ti\u1ebfp t\u1ee5c ho\u1ea1t \u0111\u1ed9ng ngay c\u1ea3 khi c\u00f3 s\u1ef1 c\u1ed1 x\u1ea3y ra.<\/p>\n<p><strong>Qu\u1ea3n l\u00fd ngo\u00e0i b\u0103ng t\u1ea7n (OOB)<\/strong><\/p>\n<p>Kh\u1eafc ph\u1ee5c s\u1ef1 c\u1ed1 \u0111\u01a1n gi\u1ea3n b\u1eb1ng c\u00e1ch qu\u1ea3n l\u00fd t\u1eeb xa c\u00e1c thi\u1ebft b\u1ecb khi b\u1ecb s\u1eadp ngu\u1ed3n v\u00e0 truy c\u1eadp c\u00e1c b\u1ea3n ghi nh\u1eadt k\u00fd quan tr\u1ecdng tr\u00ean m\u1ed9t giao di\u1ec7n chuy\u00ean d\u1ee5ng.<\/p>\n<figure id=\"attachment_2001\" aria-describedby=\"caption-attachment-2001\" style=\"width: 600px\" class=\"wp-caption aligncenter\"><img decoding=\"async\" class=\"size-full wp-image-2001\" src=\"https:\/\/www.vietcorp.com\/store\/wp-content\/uploads\/2022\/10\/thiet-bi-luu-tru-nas-synology-ds3622xs7.jpg\" alt=\"Thi\u1ebft b\u1ecb l\u01b0u tr\u1eef NAS Synology DS3622xs+ 2\" width=\"600\" height=\"470\" srcset=\"https:\/\/vietcorp.com\/store\/wp-content\/uploads\/2022\/10\/thiet-bi-luu-tru-nas-synology-ds3622xs7.jpg?v=1668219535 600w, https:\/\/vietcorp.com\/store\/wp-content\/uploads\/2022\/10\/thiet-bi-luu-tru-nas-synology-ds3622xs7-400x313.jpg?v=1668219535 400w, https:\/\/vietcorp.com\/store\/wp-content\/uploads\/2022\/10\/thiet-bi-luu-tru-nas-synology-ds3622xs7-367x287.jpg?v=1668219535 367w\" sizes=\"(max-width: 600px) 100vw, 600px\" \/><figcaption id=\"caption-attachment-2001\" class=\"wp-caption-text\">Qu\u1ea3n l\u00fd ngo\u00e0i b\u0103ng t\u1ea7n (OOB)<\/figcaption><\/figure>\n<p><strong>Chuy\u1ec3n \u0111\u1ed5i d\u1ef1 ph\u00f2ng nhanh khi x\u1ea3y ra s\u1ef1 c\u1ed1<\/strong><\/p>\n<p>T\u1ea1o c\u1ee5m cluster ch\u1ee7 \u0111\u1ed9ng-th\u1ee5 \u0111\u1ed9ng v\u1edbi t\u00ednh n\u0103ng t\u1ef1 \u0111\u1ed9ng chuy\u1ec3n \u0111\u1ed5i d\u1ef1 ph\u00f2ng theo t\u1eebng ph\u00fat b\u1eb1ng c\u00e1ch gh\u00e9p DS3622xs+ v\u1edbi m\u1ed9t thi\u1ebft b\u1ecb t\u01b0\u01a1ng t\u1ef1, s\u1eed d\u1ee5ng <a href=\"https:\/\/www.vietcorp.com\/store\/synology-high-availability\/\">Synology High Availability<\/a>.<\/p>\n<figure id=\"attachment_2002\" aria-describedby=\"caption-attachment-2002\" style=\"width: 600px\" class=\"wp-caption aligncenter\"><img decoding=\"async\" class=\"size-full wp-image-2002\" src=\"https:\/\/www.vietcorp.com\/store\/wp-content\/uploads\/2022\/10\/thiet-bi-luu-tru-nas-synology-ds3622xs6.jpg\" alt=\"Thi\u1ebft b\u1ecb l\u01b0u tr\u1eef NAS Synology DS3622xs+ 3\" width=\"600\" height=\"315\" srcset=\"https:\/\/vietcorp.com\/store\/wp-content\/uploads\/2022\/10\/thiet-bi-luu-tru-nas-synology-ds3622xs6.jpg?v=1668219534 600w, https:\/\/vietcorp.com\/store\/wp-content\/uploads\/2022\/10\/thiet-bi-luu-tru-nas-synology-ds3622xs6-400x210.jpg?v=1668219534 400w, https:\/\/vietcorp.com\/store\/wp-content\/uploads\/2022\/10\/thiet-bi-luu-tru-nas-synology-ds3622xs6-367x193.jpg?v=1668219534 367w\" sizes=\"(max-width: 600px) 100vw, 600px\" \/><figcaption id=\"caption-attachment-2002\" class=\"wp-caption-text\">Chuy\u1ec3n \u0111\u1ed5i d\u1ef1 ph\u00f2ng nhanh khi x\u1ea3y ra s\u1ef1 c\u1ed1<\/figcaption><\/figure>\n<h3><strong>T\u0103ng t\u1ed1c \u0111\u1ed9 l\u01b0u tr\u1eef v\u00e0 truy c\u1eadp<\/strong><\/h3>\n<p><em>T\u1ed1i \u0111a h\u00f3a b\u0103ng th\u00f4ng<\/em><\/p>\n<p>X\u1eed l\u00fd th\u00f4ng l\u01b0\u1ee3ng input\/output l\u1edbn v\u00e0 h\u1ed7 tr\u1ee3 nhi\u1ec1u ng\u01b0\u1eddi d\u00f9ng v\u1edbi card giao ti\u1ebfp m\u1ea1ng Synology 10 ho\u1eb7c 25 GbE hai c\u1ed5ng.<\/p>\n<figure id=\"attachment_1965\" aria-describedby=\"caption-attachment-1965\" style=\"width: 600px\" class=\"wp-caption aligncenter\"><img decoding=\"async\" class=\"size-full wp-image-1965\" src=\"https:\/\/www.vietcorp.com\/store\/wp-content\/uploads\/2022\/10\/thiet-bi-luu-tru-nas-synology-ds24228.jpg\" alt=\"Thi\u1ebft b\u1ecb l\u01b0u tr\u1eef NAS Synology DS3622xs+ 4\" width=\"600\" height=\"351\" srcset=\"https:\/\/vietcorp.com\/store\/wp-content\/uploads\/2022\/10\/thiet-bi-luu-tru-nas-synology-ds24228.jpg?v=1668219556 600w, https:\/\/vietcorp.com\/store\/wp-content\/uploads\/2022\/10\/thiet-bi-luu-tru-nas-synology-ds24228-400x234.jpg?v=1668219556 400w, https:\/\/vietcorp.com\/store\/wp-content\/uploads\/2022\/10\/thiet-bi-luu-tru-nas-synology-ds24228-367x215.jpg?v=1668219556 367w\" sizes=\"(max-width: 600px) 100vw, 600px\" \/><figcaption id=\"caption-attachment-1965\" class=\"wp-caption-text\"><em>T\u1ed1i \u0111a h\u00f3a b\u0103ng th\u00f4ng<\/em><\/figcaption><\/figure>\n<p><em>T\u0103ng hi\u1ec7u su\u1ea5t l\u01b0u tr\u1eef<\/em><\/p>\n<p>T\u0103ng t\u1ed1c c\u00e1c m\u1ea3ng HDD array b\u1eb1ng card m\u1ea1ng SSD NVMe M.2 v\u00e0 SSD d\u00f2ng SNV3000 ho\u1eb7c l\u1eafp \u0111\u1eb7t SSD SATA SAT5200 trong c\u00e1c khay \u1ed5 \u0111\u0129a \u0111\u1ec3 t\u0103ng hi\u1ec7u su\u1ea5t b\u1eb1ng b\u1ed9 nh\u1edb \u0111\u1ec7m SSD.<\/p>\n<figure id=\"attachment_1966\" aria-describedby=\"caption-attachment-1966\" style=\"width: 600px\" class=\"wp-caption aligncenter\"><img decoding=\"async\" class=\"size-full wp-image-1966\" src=\"https:\/\/www.vietcorp.com\/store\/wp-content\/uploads\/2022\/10\/thiet-bi-luu-tru-nas-synology-ds24224.jpg\" alt=\"Thi\u1ebft b\u1ecb l\u01b0u tr\u1eef NAS Synology DS3622xs+ 5\" width=\"600\" height=\"283\" srcset=\"https:\/\/vietcorp.com\/store\/wp-content\/uploads\/2022\/10\/thiet-bi-luu-tru-nas-synology-ds24224.jpg?v=1668219554 600w, https:\/\/vietcorp.com\/store\/wp-content\/uploads\/2022\/10\/thiet-bi-luu-tru-nas-synology-ds24224-400x189.jpg?v=1668219554 400w, https:\/\/vietcorp.com\/store\/wp-content\/uploads\/2022\/10\/thiet-bi-luu-tru-nas-synology-ds24224-367x173.jpg?v=1668219554 367w\" sizes=\"(max-width: 600px) 100vw, 600px\" \/><figcaption id=\"caption-attachment-1966\" class=\"wp-caption-text\">T\u0103ng hi\u1ec7u su\u1ea5t l\u01b0u tr\u1eef<\/figcaption><\/figure>\n<p><em>Th\u1ef1c hi\u1ec7n hai ch\u1ee9c n\u0103ng v\u1edbi m\u1ed9t lo\u1ea1i card<\/em><\/p>\n<p>Th\u00eam c\u1ea3 k\u1ebft n\u1ed1i 10GbE v\u00e0 khe c\u1eafm SSD NVMe M.2 cho b\u1ed9 nh\u1edb \u0111\u1ec7m SSD b\u1eb1ng m\u1ed9t b\u1ed9 NIC k\u1ebft h\u1ee3p card m\u1ea1ng duy nh\u1ea5t.<\/p>\n<figure id=\"attachment_1967\" aria-describedby=\"caption-attachment-1967\" style=\"width: 600px\" class=\"wp-caption aligncenter\"><img decoding=\"async\" class=\"size-full wp-image-1967\" src=\"https:\/\/www.vietcorp.com\/store\/wp-content\/uploads\/2022\/10\/thiet-bi-luu-tru-nas-synology-ds24225.jpg\" alt=\"Thi\u1ebft b\u1ecb l\u01b0u tr\u1eef NAS Synology DS3622xs+ 6\" width=\"600\" height=\"298\" srcset=\"https:\/\/vietcorp.com\/store\/wp-content\/uploads\/2022\/10\/thiet-bi-luu-tru-nas-synology-ds24225.jpg?v=1668219553 600w, https:\/\/vietcorp.com\/store\/wp-content\/uploads\/2022\/10\/thiet-bi-luu-tru-nas-synology-ds24225-400x199.jpg?v=1668219553 400w, https:\/\/vietcorp.com\/store\/wp-content\/uploads\/2022\/10\/thiet-bi-luu-tru-nas-synology-ds24225-367x182.jpg?v=1668219553 367w\" sizes=\"(max-width: 600px) 100vw, 600px\" \/><figcaption id=\"caption-attachment-1967\" class=\"wp-caption-text\">Th\u1ef1c hi\u1ec7n hai ch\u1ee9c n\u0103ng v\u1edbi m\u1ed9t lo\u1ea1i card<\/figcaption><\/figure>\n<h3><strong>B\u1ea3o v\u1ec7 d\u1eef li\u1ec7u t\u1ee9c th\u00ec<\/strong><\/h3>\n<p><em>Active Backup Suite<\/em><\/p>\n<p>Sao l\u01b0u an to\u00e0n m\u00e1y kh\u00e1ch v\u00e0 m\u00e1y ch\u1ee7 Windows, t\u00e0i kho\u1ea3n Microsoft 365 v\u00e0 Google Workspace, m\u00e1y ch\u1ee7 t\u1eadp tin c\u0169ng nh\u01b0 m\u00e1y \u1ea3o VMware\u00ae v\u00e0 Hyper-V\u00ae v\u1edbi Active Backup Suite.<\/p>\n<p>T\u1eadn d\u1ee5ng c\u00f4ng ngh\u1ec7 kh\u1eed tr\u00f9ng l\u1eb7p t\u00edch h\u1ee3p \u0111\u1ec3 gi\u1ea3m k\u00edch th\u01b0\u1edbc sao l\u01b0u v\u00e0 \u0111a phi\u00ean b\u1ea3n, gi\u00fap kh\u00f4i ph\u1ee5c linh ho\u1ea1t.<\/p>\n<p><em>Tri\u1ec3n khai chi\u1ebfn l\u01b0\u1ee3c <a href=\"https:\/\/www.vietcorp.com\/store\/quy-tac-sao-luu-3-2-1\/\">sao l\u01b0u 3-2-1<\/a><\/em><\/p>\n<p>K\u1ebft h\u1ee3p c\u00e1c chi\u1ebfn l\u01b0\u1ee3c sao l\u01b0u c\u1ee5c b\u1ed9 v\u00e0 t\u1eeb xa \u0111\u1ec3 \u0111\u1ea1t \u0111\u01b0\u1ee3c tr\u1ea1ng th\u00e1i b\u1ea3o v\u1ec7 cao nh\u1ea5t cho h\u1ea1 t\u1ea7ng CNTT c\u1ee7a b\u1ea1n b\u1eb1ng c\u00e1ch s\u1eed d\u1ee5ng Synology v\u00e0 c\u00e1c gi\u1ea3i ph\u00e1p c\u1ee7a b\u00ean th\u1ee9 ba.<\/p>\n<figure id=\"attachment_1968\" aria-describedby=\"caption-attachment-1968\" style=\"width: 600px\" class=\"wp-caption aligncenter\"><img decoding=\"async\" class=\"size-full wp-image-1968\" src=\"https:\/\/www.vietcorp.com\/store\/wp-content\/uploads\/2022\/10\/thiet-bi-luu-tru-nas-synology-ds24226.jpg\" alt=\"Thi\u1ebft b\u1ecb l\u01b0u tr\u1eef NAS Synology DS3622xs+ 7\" width=\"600\" height=\"382\" srcset=\"https:\/\/vietcorp.com\/store\/wp-content\/uploads\/2022\/10\/thiet-bi-luu-tru-nas-synology-ds24226.jpg?v=1668219551 600w, https:\/\/vietcorp.com\/store\/wp-content\/uploads\/2022\/10\/thiet-bi-luu-tru-nas-synology-ds24226-400x255.jpg?v=1668219551 400w, https:\/\/vietcorp.com\/store\/wp-content\/uploads\/2022\/10\/thiet-bi-luu-tru-nas-synology-ds24226-367x234.jpg?v=1668219551 367w\" sizes=\"(max-width: 600px) 100vw, 600px\" \/><figcaption id=\"caption-attachment-1968\" class=\"wp-caption-text\">NAS Synology DS2422+ b\u1ea3o v\u1ec7 d\u1eef li\u1ec7u c\u1ee7a b\u1ea1n<\/figcaption><\/figure>\n<p><a href=\"https:\/\/www.vietcorp.com\/store\/hyper-backup\/\"><em>Hyper Backup<\/em><\/a><\/p>\n<p>Sao l\u01b0u t\u1eadp tin, iSCSI LUN, \u1ee9ng d\u1ee5ng \u0111\u00e3 c\u00e0i \u0111\u1eb7t v\u00e0 c\u1ea5u h\u00ecnh h\u1ec7 th\u1ed1ng t\u1edbi c\u00e1c \u0111i\u1ec3m \u0111\u1ebfn bao g\u1ed3m Synology C2 Storage, n\u1ec1n t\u1ea3ng \u0111\u00e1m m\u00e2y c\u00f4ng c\u1ed9ng, thi\u1ebft b\u1ecb USB, m\u00e1y ch\u1ee7 t\u1eadp tin, th\u01b0 m\u1ee5c c\u1ee5c b\u1ed9 ho\u1eb7c Synology NAS kh\u00e1c.<\/p>\n<p><a href=\"https:\/\/www.vietcorp.com\/store\/snapshot-replication\/\"><em>Snapshot Replication<\/em><\/a><\/p>\n<p>Snapshot Replication h\u1ed7 tr\u1ee3 ch\u1ee5p nhanh linh ho\u1ea1t theo th\u1eddi gian c\u1ee7a c\u00e1c th\u01b0 m\u1ee5c chia s\u1ebb v\u00e0 m\u00e1y \u1ea3o v\u1edbi RPO th\u1ea5p nh\u1ea5t l\u00e0 5 ph\u00fat v\u00e0 kh\u00f4i ph\u1ee5c trong v\u00f2ng v\u00e0i gi\u00e2y.<\/p>\n<figure id=\"attachment_1969\" aria-describedby=\"caption-attachment-1969\" style=\"width: 600px\" class=\"wp-caption aligncenter\"><img decoding=\"async\" class=\"size-full wp-image-1969\" src=\"https:\/\/www.vietcorp.com\/store\/wp-content\/uploads\/2022\/10\/thiet-bi-luu-tru-nas-synology-ds24227.jpg\" alt=\"Thi\u1ebft b\u1ecb l\u01b0u tr\u1eef NAS Synology DS3622xs+ 8\" width=\"600\" height=\"419\" srcset=\"https:\/\/vietcorp.com\/store\/wp-content\/uploads\/2022\/10\/thiet-bi-luu-tru-nas-synology-ds24227.jpg?v=1668219549 600w, https:\/\/vietcorp.com\/store\/wp-content\/uploads\/2022\/10\/thiet-bi-luu-tru-nas-synology-ds24227-400x279.jpg?v=1668219549 400w, https:\/\/vietcorp.com\/store\/wp-content\/uploads\/2022\/10\/thiet-bi-luu-tru-nas-synology-ds24227-367x256.jpg?v=1668219549 367w\" sizes=\"(max-width: 600px) 100vw, 600px\" \/><figcaption id=\"caption-attachment-1969\" class=\"wp-caption-text\">Thi\u1ebft b\u1ecb l\u01b0u tr\u1eef d\u1eef li\u1ec7u NAS Synology DS2422+ b\u1ea3o v\u1ec7 sao l\u01b0u t\u1eadp tin<\/figcaption><\/figure>\n<h3><strong>L\u00e0m vi\u1ec7c t\u1eeb xa m\u1ecdi l\u00fac m\u1ecdi n\u01a1i<\/strong><\/h3>\n<p><a href=\"https:\/\/www.vietcorp.com\/store\/synology-drive\/\"><em>Synology Drive<\/em><\/a><\/p>\n<p>Truy c\u1eadp v\u00e0 c\u1ed9ng t\u00e1c tr\u00ean c\u00e1c t\u00e0i li\u1ec7u nh\u00f3m th\u00f4ng qua c\u1ed5ng web, \u1ee9ng d\u1ee5ng tr\u00ean m\u00e1y t\u00ednh v\u00e0 \u0111i\u1ec7n tho\u1ea1i di \u0111\u1ed9ng v\u1edbi t\u00ednh n\u0103ng qu\u1ea3n l\u00fd t\u1eadp tin v\u00e0 \u0111\u1ed3ng b\u1ed9 h\u00f3a \u0111a n\u1ec1n t\u1ea3ng m\u1ea1nh m\u1ebd.<\/p>\n<p><a href=\"https:\/\/www.vietcorp.com\/store\/synology-office\/\"><em>Synology Office<\/em><\/a><\/p>\n<p>C\u1ed9ng t\u00e1c v\u1edbi nhau theo th\u1eddi gian th\u1ef1c tr\u00ean t\u00e0i li\u1ec7u, b\u1ea3ng t\u00ednh v\u00e0 trang tr\u00ecnh b\u00e0y \u0111\u1ec3 \u0111\u1ea1t \u0111\u01b0\u1ee3c n\u0103ng su\u1ea5t cao h\u01a1n.<\/p>\n<p><a href=\"https:\/\/www.vietcorp.com\/store\/synology-chat\/\"><em>Synology Chat<\/em><\/a><\/p>\n<p>Nh\u1eafn tin t\u1ee9c th\u00ec cho \u0111\u1ed3ng nghi\u1ec7p v\u00e0 t\u1ed5 ch\u1ee9c c\u00e1c cu\u1ed9c tr\u00f2 chuy\u1ec7n \u0111\u1ec3 giao ti\u1ebfp thu\u1eadn ti\u1ec7n v\u00e0 li\u1ec1n m\u1ea1ch.<\/p>\n<figure id=\"attachment_1970\" aria-describedby=\"caption-attachment-1970\" style=\"width: 600px\" class=\"wp-caption aligncenter\"><img decoding=\"async\" class=\"size-full wp-image-1970\" src=\"https:\/\/www.vietcorp.com\/store\/wp-content\/uploads\/2022\/10\/thiet-bi-luu-tru-nas-synology-ds24229.jpg\" alt=\"Thi\u1ebft b\u1ecb l\u01b0u tr\u1eef NAS Synology DS3622xs+ 9\" width=\"600\" height=\"418\" srcset=\"https:\/\/vietcorp.com\/store\/wp-content\/uploads\/2022\/10\/thiet-bi-luu-tru-nas-synology-ds24229.jpg?v=1668219548 600w, https:\/\/vietcorp.com\/store\/wp-content\/uploads\/2022\/10\/thiet-bi-luu-tru-nas-synology-ds24229-400x279.jpg?v=1668219548 400w, https:\/\/vietcorp.com\/store\/wp-content\/uploads\/2022\/10\/thiet-bi-luu-tru-nas-synology-ds24229-367x256.jpg?v=1668219548 367w\" sizes=\"(max-width: 600px) 100vw, 600px\" \/><figcaption id=\"caption-attachment-1970\" class=\"wp-caption-text\">L\u00e0m vi\u1ec7c t\u1eeb xa m\u1ecdi l\u00fac m\u1ecdi n\u01a1i<\/figcaption><\/figure>\n<h3><strong>NAS Synology DS3622xs+ c\u00f3 th\u1ec3 chuy\u1ec3n \u0111\u1ed5i th\u00e0nh \u0111\u1ea7u ghi NVR m\u1ea1nh m\u1ebd<\/strong><\/h3>\n<p><em>B\u1ea3o m\u1eadt v\u00e0 ri\u00eang t\u01b0<\/em><\/p>\n<p>C\u00e1c b\u1ea3n ghi l\u01b0u tr\u1eef c\u1ee5c b\u1ed9 \u0111\u01b0\u1ee3c b\u1ea3o v\u1ec7 b\u1eb1ng m\u00e3 h\u00f3a AES-256.<\/p>\n<p><em>M\u1edf r\u1ed9ng quy m\u00f4 b\u1ea5t k\u1ef3 l\u00fac n\u00e0o<\/em><\/p>\n<p>K\u1ebft n\u1ed1i t\u1edbi <strong>90 camera IP<\/strong> v\u1edbi nhi\u1ec1u l\u1ef1a ch\u1ecdn camera \u0111a d\u1ea1ng.<\/p>\n<p><em>Ph\u00e2n t\u00edch th\u1eddi gian th\u1ef1c<\/em><\/p>\n<p>T\u1eadn d\u1ee5ng c\u00e1c t\u00ednh n\u0103ng gi\u00e1m s\u00e1t th\u00f4ng minh v\u00e0 nh\u1eadn c\u1ea3nh b\u00e1o t\u1ef1 \u0111\u1ed9ng v\u1ec1 c\u00e1c s\u1ef1 ki\u1ec7n an ninh.<\/p>\n<figure id=\"attachment_2003\" aria-describedby=\"caption-attachment-2003\" style=\"width: 600px\" class=\"wp-caption aligncenter\"><img decoding=\"async\" class=\"size-full wp-image-2003\" src=\"https:\/\/www.vietcorp.com\/store\/wp-content\/uploads\/2022\/10\/thiet-bi-luu-tru-nas-synology-ds3622xs5.jpg\" alt=\"Thi\u1ebft b\u1ecb l\u01b0u tr\u1eef NAS Synology DS3622xs+ 10\" width=\"600\" height=\"425\" srcset=\"https:\/\/vietcorp.com\/store\/wp-content\/uploads\/2022\/10\/thiet-bi-luu-tru-nas-synology-ds3622xs5.jpg?v=1668219532 600w, https:\/\/vietcorp.com\/store\/wp-content\/uploads\/2022\/10\/thiet-bi-luu-tru-nas-synology-ds3622xs5-400x283.jpg?v=1668219532 400w, https:\/\/vietcorp.com\/store\/wp-content\/uploads\/2022\/10\/thiet-bi-luu-tru-nas-synology-ds3622xs5-367x260.jpg?v=1668219532 367w\" sizes=\"(max-width: 600px) 100vw, 600px\" \/><figcaption id=\"caption-attachment-2003\" class=\"wp-caption-text\">NAS Synology DS3622xs+ c\u00f3 th\u1ec3 chuy\u1ec3n \u0111\u1ed5i th\u00e0nh \u0111\u1ea7u ghi NVR m\u1ea1nh m\u1ebd<\/figcaption><\/figure>\n<h3><strong>Nhi\u1ec1u l\u1ee3i \u00edch h\u01a1n v\u1edbi <a href=\"https:\/\/www.vietcorp.com\/store\/synology-diskstation-manager-7-2\/\">DiskStation Manager<\/a><\/strong><\/h3>\n<p>T\u1eadn d\u1ee5ng to\u00e0n b\u1ed9 c\u00e1c gi\u1ea3i ph\u00e1p n\u0103ng su\u1ea5t, qu\u1ea3n l\u00fd v\u00e0 b\u1ea3o m\u1eadt c\u00f3 s\u1eb5n tr\u00ean h\u1ec7 \u0111i\u1ec1u h\u00e0nh Synology DSM tr\u00ean n\u1ec1n t\u1ea3ng web.<\/p>\n<p><em>B\u1ea3o v\u1ec7 d\u1eef li\u1ec7u<\/em><\/p>\n<p>Gi\u00fap doanh nghi\u1ec7p c\u1ee7a b\u1ea1n kh\u00f4ng b\u1ecb m\u1ea5t d\u1eef li\u1ec7u v\u00e0 gi\u1ea3m thi\u1ec3u th\u1eddi gian ng\u1eebng d\u1ecbch v\u1ee5.<\/p>\n<p><em>Qu\u1ea3n l\u00fd ng\u01b0\u1eddi d\u00f9ng<\/em><\/p>\n<p>Qu\u1ea3n l\u00fd t\u00e0i kho\u1ea3n ng\u01b0\u1eddi d\u00f9ng v\u00e0 thi\u1ebft b\u1ecb tr\u00ean quy m\u00f4 to\u00e0n doanh nghi\u1ec7p b\u1eb1ng c\u00e1c d\u1ecbch v\u1ee5 th\u01b0 m\u1ee5c m\u1ea1nh m\u1ebd.<\/p>\n<p><em>B\u1ea3o m\u1eadt<\/em><\/p>\n<p>B\u1ea3o v\u1ec7 NAS Synology c\u1ee7a b\u1ea1n kh\u1ecfi c\u00e1c m\u1ed1i \u0111e d\u1ecda tinh vi nh\u1ea5t b\u1eb1ng c\u00e1c gi\u1ea3i ph\u00e1p b\u1ea3o m\u1eadt h\u00e0ng \u0111\u1ea7u trong ng\u00e0nh.<\/p>\n<p><em>Qu\u1ea3n l\u00fd t\u1eadp tin<\/em><\/p>\n<p>Qu\u1ea3n l\u00fd, \u0111\u1ed3ng b\u1ed9 h\u00f3a v\u00e0 chia s\u1ebb t\u1eadp tin t\u1eeb nhi\u1ec1u thi\u1ebft b\u1ecb tr\u00ean m\u1ed9t n\u1ec1n t\u1ea3ng t\u1eadp trung.<\/p>\n<p><em>Qu\u1ea3n tr\u1ecb h\u1ec7 th\u1ed1ng<\/em><\/p>\n<p>Qu\u1ea3n l\u00fd t\u00ecnh tr\u1ea1ng tri\u1ec3n khai v\u00e0 qu\u1ea3n l\u00fd t\u1eadp trung c\u00e1c b\u1ea3n c\u1eadp nh\u1eadt m\u1ed9t c\u00e1ch d\u1ec5 d\u00e0ng.<\/p>\n<p><em>Gi\u00e1m s\u00e1t an ninh<\/em><\/p>\n<p>B\u1ea3o v\u1ec7 ng\u00f4i nh\u00e0 ho\u1eb7c doanh nghi\u1ec7p c\u1ee7a b\u1ea1n b\u1eb1ng c\u00e1c c\u00f4ng c\u1ee5 gi\u00e1m s\u00e1t an ninh v\u00e0 qu\u1ea3n l\u00fd video th\u00f4ng minh.<\/p>\n<h3><strong>B\u1ea3o h\u00e0nh 5 n\u0103m<\/strong><\/h3>\n<p>DS3622xs+ \u0111\u01b0\u1ee3c h\u1ed7 tr\u1ee3 b\u1ea3o h\u00e0nh 5 n\u0103m, bao g\u1ed3m h\u1ed7 tr\u1ee3 k\u1ef9 thu\u1eadt v\u00e0 d\u1ecbch v\u1ee5 thay th\u1ebf ph\u1ea7n c\u1ee9ng \u0111\u1ec3 t\u1ed1i \u0111a h\u00f3a l\u1ee3i t\u1ee9c \u0111\u1ea7u t\u01b0 c\u1ee7a b\u1ea1n v\u00e0 \u0111\u1ea3m b\u1ea3o hi\u1ec7u su\u1ea5t ch\u1ea5t l\u01b0\u1ee3ng cao.<\/p>\n<h3><strong>B\u1ec1 ngo\u00e0i thi\u1ebft b\u1ecb l\u01b0u tr\u1eef NAS Synology DS3622xs+<\/strong><\/h3>\n<p>&nbsp;<\/p>\n<table>\n<tbody>\n<tr>\n<td style=\"text-align: left;\"><strong>M\u1eb7t tr\u01b0\u1edbc NAS Synology DS3622xs+<\/strong><\/td>\n<td style=\"text-align: left;\"><strong>M\u1eb7t sau NAS Synology DS3622xs+<\/strong><\/td>\n<\/tr>\n<tr>\n<td><img decoding=\"async\" class=\"alignnone size-full wp-image-1692\" src=\"https:\/\/www.vietcorp.com\/store\/wp-content\/uploads\/2022\/10\/thiet-bi-luu-tru-nas-synology-ds3622xs9.jpg\" alt=\"Thi\u1ebft b\u1ecb l\u01b0u tr\u1eef NAS Synology DS3622xs+ 11\" width=\"700\" height=\"256\" \/><\/td>\n<td><img decoding=\"async\" class=\"alignnone size-full wp-image-1693\" src=\"https:\/\/www.vietcorp.com\/store\/wp-content\/uploads\/2022\/10\/thiet-bi-luu-tru-nas-synology-ds3622xs10.jpg\" alt=\"Thi\u1ebft b\u1ecb l\u01b0u tr\u1eef NAS Synology DS3622xs+ 12\" width=\"700\" height=\"256\" \/><\/td>\n<\/tr>\n<tr>\n<td>1. \u0110\u00e8n tr\u1ea1ng th\u00e1i<\/td>\n<td>10. Khe m\u1edf r\u1ed9ng PCIe<\/td>\n<\/tr>\n<tr>\n<td>2. \u0110\u00e8n c\u1ea3nh b\u00e1o<\/td>\n<td>11. N\u00fat kh\u1edfi \u0111\u1ed9ng l\u1ea1i<\/td>\n<\/tr>\n<tr>\n<td>3. N\u00fat ngu\u1ed3n<\/td>\n<td>12. C\u1ed5ng USB 3.2<\/td>\n<\/tr>\n<tr>\n<td>4. \u0110\u00e8n LAN<\/td>\n<td>13. C\u1ed5ng \u0111i\u1ec1u khi\u1ec3n<\/td>\n<\/tr>\n<tr>\n<td>5. \u0110\u00e8n tr\u1ea1ng th\u00e1i \u1ed5 \u0111\u0129a<\/td>\n<td>14. C\u1ed5ng m\u1edf r\u1ed9ng<\/td>\n<\/tr>\n<tr>\n<td>6. Khay \u1ed5 \u0111\u0129a<\/td>\n<td>15. C\u1ed5ng qu\u1ea3n l\u00fd<\/td>\n<\/tr>\n<tr>\n<td>7. Kh\u00f3a khay \u1ed5 \u0111\u0129a<\/td>\n<td>16. C\u1ed5ng 1GbE RJ-45<\/td>\n<\/tr>\n<tr>\n<td>8. C\u1ed5ng ngu\u1ed3n<\/td>\n<td>17. C\u1ed5ng 10GbE RJ-45<\/td>\n<\/tr>\n<tr>\n<td>9. Qu\u1ea1t h\u1ec7 th\u1ed1ng<\/td>\n<td><\/td>\n<\/tr>\n<\/tbody>\n<\/table>\n<p>Xem th\u00eam NAS Synology:<\/p>\n<ul>\n<li><a href=\"https:\/\/www.vietcorp.com\/vn\/2819\/chung-nhan-vietcorp-doi-tac-cua-synology\/\">Ch\u1ee9ng nh\u1eadn Synology<\/a><\/li>\n<li><a href=\"https:\/\/vietcorp.com\/support\/synology\/\">Support Synology<\/a><\/li>\n<li><a href=\"https:\/\/www.vietcorp.com\/blog\/tag\/showcase-synology\/\">Showcase Synology<\/a><\/li>\n<\/ul>\n","protected":false},"excerpt":{"rendered":"<p>Thi\u1ebft b\u1ecb l\u01b0u tr\u1eef NAS Synology DS3622xs+<br \/>\nNAS 12 khay \u1ed5 \u0111\u0129a max 36 \u1ed5 \u0111\u0129a<br \/>\n16 GB DDR4 ECC up to 48 GB<br \/>\n2 RJ-45 10GbE, 2 RJ-45 1GbE<br \/>\nB\u1ea3o h\u00e0nh 60 th\u00e1ng<\/p>\n","protected":false},"featured_media":7205,"template":"","meta":[],"product_brand":[],"product_cat":[15],"product_tag":[16,483,53,30,485,23,484],"class_list":{"0":"post-1987","1":"product","2":"type-product","3":"status-publish","4":"has-post-thumbnail","6":"product_cat-nas","7":"product_tag-diskstation","8":"product_tag-ds3622xs","9":"product_tag-nas","10":"product_tag-nas-12-bay","11":"product_tag-nas-ds3622xs","12":"product_tag-synology","13":"product_tag-synology-ds3622xs","14":"pa_thuong-hieu-synology","16":"first","17":"outofstock","18":"taxable","19":"shipping-taxable","20":"product-type-simple"},"_links":{"self":[{"href":"https:\/\/vietcorp.com\/store\/wp-json\/wp\/v2\/product\/1987","targetHints":{"allow":["GET"]}}],"collection":[{"href":"https:\/\/vietcorp.com\/store\/wp-json\/wp\/v2\/product"}],"about":[{"href":"https:\/\/vietcorp.com\/store\/wp-json\/wp\/v2\/types\/product"}],"wp:featuredmedia":[{"embeddable":true,"href":"https:\/\/vietcorp.com\/store\/wp-json\/wp\/v2\/media\/7205"}],"wp:attachment":[{"href":"https:\/\/vietcorp.com\/store\/wp-json\/wp\/v2\/media?parent=1987"}],"wp:term":[{"taxonomy":"product_brand","embeddable":true,"href":"https:\/\/vietcorp.com\/store\/wp-json\/wp\/v2\/product_brand?post=1987"},{"taxonomy":"product_cat","embeddable":true,"href":"https:\/\/vietcorp.com\/store\/wp-json\/wp\/v2\/product_cat?post=1987"},{"taxonomy":"product_tag","embeddable":true,"href":"https:\/\/vietcorp.com\/store\/wp-json\/wp\/v2\/product_tag?post=1987"}],"curies":[{"name":"wp","href":"https:\/\/api.w.org\/{rel}","templated":true}]}}