


{"id":197,"date":"2020-11-03T10:35:57","date_gmt":"2020-11-03T03:35:57","guid":{"rendered":"https:\/\/www.vietcorp.com\/store\/product\/synology-rx1217\/"},"modified":"2025-12-11T11:44:26","modified_gmt":"2025-12-11T04:44:26","slug":"thiet-bi-mo-rong-nas-synology-rx1217","status":"publish","type":"product","link":"https:\/\/vietcorp.com\/store\/197\/thiet-bi-mo-rong-nas-synology-rx1217\/","title":{"rendered":"Synology RX1217"},"content":{"rendered":"<h2><strong>Thi\u1ebft b\u1ecb m\u1edf r\u1ed9ng NAS <a href=\"https:\/\/www.vietcorp.com\/store\/197\/thiet-bi-mo-rong-nas-synology-rx1217\/\">Synology RX1217<\/a><\/strong><\/h2>\n<p><strong>Th\u00f4ng s\u1ed1 k\u1ef9 thu\u1eadt Expansion units Synology RX1217:<\/strong><\/p>\n<ul>\n<li>Khay \u1ed5 \u0111\u0129a: 12 khay<\/li>\n<li>Lo\u1ea1i \u1ed5 \u0111\u0129a t\u01b0\u01a1ng th\u00edch: \u1ed4 c\u1ee9ng SATA 3,5&#8243;, \u1ed4 c\u1ee9ng SATA 2,5&#8243;, \u1ed4 SSD SATA 2,5&#8243;<\/li>\n<li>C\u1ed5ng m\u1edf r\u1ed9ng: 1<\/li>\n<li>B\u1ea3o h\u00e0nh 60 th\u00e1ng<\/li>\n<\/ul>\n<p><strong>C\u00e1c m\u1eabu s\u1ea3n ph\u1ea9m \u00e1p d\u1ee5ng: <\/strong><\/p>\n<p>21 series: <a href=\"https:\/\/www.vietcorp.com\/store\/1618\/thiet-bi-luu-tru-nas-synology-rs4021xs\/\">RS4021xs+<\/a>, <a href=\"https:\/\/www.vietcorp.com\/store\/1622\/thiet-bi-luu-tru-nas-synology-rs3621xs\/\">RS3621xs+<\/a>, <a href=\"https:\/\/www.vietcorp.com\/store\/1630\/thiet-bi-luu-tru-nas-synology-rs3621rpxs\/\">RS3621RPxs<\/a>, <a href=\"https:\/\/www.vietcorp.com\/store\/2095\/thiet-bi-luu-tru-nas-synology-rs2821rp\/\">RS2821RP+<\/a>, <a href=\"https:\/\/www.vietcorp.com\/store\/2086\/thiet-bi-luu-tru-nas-synology-rs2421rp\/\">RS2421RP+<\/a>, <a href=\"https:\/\/www.vietcorp.com\/store\/2053\/thiet-bi-luu-tru-nas-synology-rs2421\/\">RS2421+<\/a><\/p>\n<p>19 series: <a href=\"https:\/\/www.vietcorp.com\/store\/264\/thiet-bi-luu-tru-nas-synology-rs1619xs\/\">RS1619xs+<\/a><\/p>\n<p>18 series: <a href=\"https:\/\/www.vietcorp.com\/store\/248\/thiet-bi-luu-tru-nas-synology-rs3618xs\/\">RS3618xs<\/a>, RS2818RP+, RS2418RP+, RS2418+<\/p>\n<p>17 series: RS4017xs+, RS3617xs+, RS3617RPxs, RS3617xs<\/p>\n<p>16 series: RS2416RP+, RS2416+<\/p>\n<p>14 series: RS3614RPxs, RS3614xs<\/p>\n<p><center><iframe loading=\"lazy\" title=\"YouTube video player\" src=\"https:\/\/www.youtube.com\/embed\/NVCQYUezKdM?si=LAu1gyBY_Y-1F4kg\" width=\"560\" height=\"315\" frameborder=\"0\" allowfullscreen=\"allowfullscreen\"><\/iframe><\/center><br \/>\n<strong>M\u1edf r\u1ed9ng kh\u1ed1i l\u01b0\u1ee3ng &amp; sao l\u01b0u<\/strong><\/p>\n<p>Khi dung l\u01b0\u1ee3ng \u1ed5 \u0111\u0129a s\u1eafp h\u1ebft tr\u00ean Synology RackStation, Synology RX1217\/RX1217RP cung c\u1ea5p m\u1ed9t c\u00e1ch d\u1ec5 d\u00e0ng \u0111\u1ec3 m\u1edf r\u1ed9ng b\u1ed9 nh\u1edb ngay l\u1eadp t\u1ee9c b\u1eb1ng c\u00e1ch cung c\u1ea5p th\u00eam 12 khe c\u1eafm \u1ed5 \u0111\u0129a. \u1ed4 \u0111\u0129a RAID tr\u00ean Synology RackStation c\u00f3 th\u1ec3 \u0111\u01b0\u1ee3c m\u1edf r\u1ed9ng tr\u1ef1c ti\u1ebfp m\u00e0 kh\u00f4ng c\u1ea7n ph\u1ea3i \u0111\u1ecbnh d\u1ea1ng l\u1ea1i c\u00e1c \u1ed5 c\u1ee9ng hi\u1ec7n c\u00f3, \u0111\u1ea3m b\u1ea3o t\u00ednh li\u00ean t\u1ee5c c\u1ee7a d\u1ecbch v\u1ee5 trong qu\u00e1 tr\u00ecnh m\u1edf r\u1ed9ng. \u0110\u1ec3 \u0111\u1ea3m b\u1ea3o th\u1eddi gian ho\u1ea1t \u0111\u1ed9ng c\u1ee7a d\u1ecbch v\u1ee5 24\/7, Synology RX1217RP \u0111\u01b0\u1ee3c trang b\u1ecb b\u1ed9 ngu\u1ed3n d\u1ef1 ph\u00f2ng, cho ph\u00e9p h\u1ed7 tr\u1ee3 chuy\u1ec3n \u0111\u1ed5i d\u1ef1 ph\u00f2ng t\u1ef1 \u0111\u1ed9ng n\u1ebfu m\u1ed9t trong c\u00e1c PSU b\u1ecb l\u1ed7i.<\/p>\n<p>Khi \u0111\u01b0\u1ee3c t\u1ea1o d\u01b0\u1edbi d\u1ea1ng m\u1ed9t \u1ed5 \u0111\u0129a ri\u00eang bi\u1ec7t, Synology RX1217\/RX1217RP c\u0169ng \u0111\u00f3ng vai tr\u00f2 l\u00e0 \u0111\u00edch sao l\u01b0u c\u1ee5c b\u1ed9 b\u1ed5 sung cho <a href=\"https:\/\/www.vietcorp.com\/store\/nas-synology-rackstation\/\">Synology RackStations<\/a>.<\/p>\n<p><strong>Thi\u1ebft k\u1ebf plug-and-use \u0111\u00e1ng tin c\u1eady<\/strong><\/p>\n<p><strong><img decoding=\"async\" class=\"aligncenter wp-image-6190 size-full\" src=\"https:\/\/www.vietcorp.com\/store\/wp-content\/uploads\/2020\/11\/f-RX1217_back-e1692757179503.png\" alt=\"Thi\u1ebft b\u1ecb m\u1edf r\u1ed9ng NAS Synology RX1217 2\" width=\"600\" height=\"600\" \/><\/strong><\/p>\n<p>Synology RX1217\/RX1217RP k\u1ebft n\u1ed1i an to\u00e0n v\u1edbi c\u00e1c m\u00e1y ch\u1ee7 Synology RackStation b\u1eb1ng c\u00e1p m\u1edf r\u1ed9ng b\u0103ng th\u00f4ng cao, \u0111\u1ea3m b\u1ea3o th\u00f4ng l\u01b0\u1ee3ng d\u1eef li\u1ec7u t\u1ed1i \u0111a v\u00e0 ho\u1ea1t \u0111\u1ed9ng tr\u01a1n tru \u2014 nh\u01b0 th\u1ec3 ch\u00fang l\u00e0 m\u1ed9t ph\u1ea7n c\u1ee7a \u1ed5 \u0111\u0129a trong c\u1ee7a Synology RackStation. Giao di\u1ec7n SATA 6Gb\/s \u0111\u1ea3m b\u1ea3o c\u00e1c \u1ed5 \u0111\u0129a \u0111\u01b0\u1ee3c l\u1eafp \u0111\u1eb7t cung c\u1ea5p hi\u1ec7u su\u1ea5t x\u1eed l\u00fd d\u1eef li\u1ec7u ch\u1ea5t l\u01b0\u1ee3ng cao, v\u01b0\u1ee3t tr\u1ed9i.<\/p>\n<p><strong>Th\u00e2n thi\u1ec7n &amp; d\u1ec5 qu\u1ea3n l\u00fd<\/strong><\/p>\n<p>Ch\u1ebf \u0111\u1ed9 ng\u1ee7 \u0111\u00f4ng c\u00f3 th\u1ec3 \u0111\u01b0\u1ee3c c\u1ea5u h\u00ecnh th\u1ee7 c\u00f4ng \u0111\u1ec3 t\u1ef1 kh\u1edfi \u0111\u1ed9ng khi h\u1ec7 th\u1ed1ng kh\u00f4ng ho\u1ea1t \u0111\u1ed9ng trong m\u1ed9t kho\u1ea3ng th\u1eddi gian. \u0110i\u1ec1u n\u00e0y kh\u00f4ng ch\u1ec9 ti\u1ebft ki\u1ec7m n\u0103ng l\u01b0\u1ee3ng m\u00e0 c\u00f2n k\u00e9o d\u00e0i tu\u1ed5i th\u1ecd c\u1ee7a \u1ed5 c\u1ee9ng. RX1217\/RX1217RP c\u0169ng s\u1ebd b\u1eadt\/t\u1eaft ngu\u1ed3n m\u1ed9t c\u00e1ch th\u00f4ng minh v\u1edbi RackStation \u0111i k\u00e8m, v\u00ec v\u1eady kh\u00f4ng c\u1ea7n s\u1ef1 can thi\u1ec7p c\u1ee7a ng\u01b0\u1eddi d\u00f9ng \u0111\u1ec3 gi\u1eef cho h\u1ec7 th\u1ed1ng n\u00e0y ho\u1ea1t \u0111\u1ed9ng th\u00f4ng minh v\u00e0 hi\u1ec7u qu\u1ea3.<\/p>\n<p>Xem th\u00eam v\u1ec1 Synology:<\/p>\n<ul>\n<li><a href=\"https:\/\/www.vietcorp.com\/vn\/chung-nhan\/\">Ch\u1ee9ng nh\u1eadn Synology<\/a><\/li>\n<li><a href=\"https:\/\/vietcorp.com\/support\/synology\/\">Support Synology<\/a><\/li>\n<li><a href=\"https:\/\/www.vietcorp.com\/blog\/tag\/showcase-synology\/\">Showcase Synology<\/a><\/li>\n<\/ul>\n","protected":false},"excerpt":{"rendered":"<p>Thi\u1ebft b\u1ecb m\u1edf r\u1ed9ng Synology RX1217<br \/>\n12 khay \u1ed5 c\u1ee9ng<br \/>\n\u1ed4 \u0111\u0129a h\u1ed7 tr\u1ee3 2.5&#8243;, 3.5&#8243; SATA<br \/>\n1 c\u1ed5ng m\u1edf r\u1ed9ng<br \/>\nB\u1ea3o h\u00e0nh 60 th\u00e1ng<\/p>\n","protected":false},"featured_media":6805,"template":"","meta":[],"product_brand":[],"product_cat":[363],"product_tag":[47,23],"class_list":{"0":"post-197","1":"product","2":"type-product","3":"status-publish","4":"has-post-thumbnail","6":"product_cat-expansion-units","7":"product_tag-expansion","8":"product_tag-synology","9":"pa_bao-hanh-60-thang","10":"pa_chung-loai-nas","11":"pa_cong-giao-tiep-1-x-expansion-port","12":"pa_drive-bays-12-bays","13":"pa_dung-luong-chua-co-o-cung","14":"pa_form-factor-2u-rackmount","15":"pa_muc-dich-su-dung-danh-cho-doanh-nghiep-lon","16":"pa_muc-dich-su-dung-danh-cho-doanh-nghiep-vua","17":"pa_thuong-hieu-synology","19":"first","20":"outofstock","21":"taxable","22":"shipping-taxable","23":"product-type-simple"},"_links":{"self":[{"href":"https:\/\/vietcorp.com\/store\/wp-json\/wp\/v2\/product\/197","targetHints":{"allow":["GET"]}}],"collection":[{"href":"https:\/\/vietcorp.com\/store\/wp-json\/wp\/v2\/product"}],"about":[{"href":"https:\/\/vietcorp.com\/store\/wp-json\/wp\/v2\/types\/product"}],"wp:featuredmedia":[{"embeddable":true,"href":"https:\/\/vietcorp.com\/store\/wp-json\/wp\/v2\/media\/6805"}],"wp:attachment":[{"href":"https:\/\/vietcorp.com\/store\/wp-json\/wp\/v2\/media?parent=197"}],"wp:term":[{"taxonomy":"product_brand","embeddable":true,"href":"https:\/\/vietcorp.com\/store\/wp-json\/wp\/v2\/product_brand?post=197"},{"taxonomy":"product_cat","embeddable":true,"href":"https:\/\/vietcorp.com\/store\/wp-json\/wp\/v2\/product_cat?post=197"},{"taxonomy":"product_tag","embeddable":true,"href":"https:\/\/vietcorp.com\/store\/wp-json\/wp\/v2\/product_tag?post=197"}],"curies":[{"name":"wp","href":"https:\/\/api.w.org\/{rel}","templated":true}]}}