


{"id":1945,"date":"2022-10-03T08:29:47","date_gmt":"2022-10-03T01:29:47","guid":{"rendered":"https:\/\/www.vietcorp.com\/store\/?post_type=product&#038;p=1945"},"modified":"2025-12-11T15:09:34","modified_gmt":"2025-12-11T08:09:34","slug":"thiet-bi-luu-tru-nas-synology-ds1522","status":"publish","type":"product","link":"https:\/\/vietcorp.com\/store\/1945\/thiet-bi-luu-tru-nas-synology-ds1522\/","title":{"rendered":"Synology DS1522+"},"content":{"rendered":"<p><a href=\"https:\/\/www.vietcorp.com\/store\/1945\/thiet-bi-luu-tru-nas-synology-ds1522\/\"><strong>Thi\u1ebft b\u1ecb l\u01b0u tr\u1eef NAS Synology DS1522+<\/strong><\/a> trung t\u00e2m d\u1eef li\u1ec7u \u0111a n\u0103ng cho gia \u0111\u00ecnh v\u00e0 v\u0103n ph\u00f2ng. Gi\u1ea3i ph\u00e1p qu\u1ea3n l\u00fd d\u1eef li\u1ec7u linh ho\u1ea1t cho gia \u0111\u00ecnh v\u00e0 doanh nghi\u1ec7p nh\u1ecf. Synology DiskStation DS1522+ 5 bay d\u1ec5 d\u00e0ng thay \u0111\u1ed5i quy m\u00f4 v\u00e0 m\u1edf r\u1ed9ng khi nhu c\u1ea7u c\u1ee7a b\u1ea1n thay \u0111\u1ed5i, c\u00f3 h\u1ed7 tr\u1ee3 t\u00f9y ch\u1ecdn cho t\u1ed1i \u0111a 15 \u1ed5 \u0111\u0129a, m\u1ea1ng 10GbE v\u00e0 b\u1ed9 nh\u1edb \u0111\u1ec7m SSD NVMe. V\u1edbi c\u00f4ng ngh\u1ec7 c\u1ee7a <a href=\"https:\/\/www.vietcorp.com\/store\/synology-diskstation-manager-7-2\/\">Synology DiskStation Manager<\/a> (DSM), s\u1ea3n ph\u1ea9m n\u00e0y mang \u0111\u1ebfn gi\u1ea3i ph\u00e1p to\u00e0n di\u1ec7n, linh ho\u1ea1t \u0111\u1ec3 chia s\u1ebb, \u0111\u1ed3ng b\u1ed9 h\u00f3a, sao l\u01b0u v\u00e0 gi\u00e1m s\u00e1t d\u1eef li\u1ec7u.<\/p>\n<p><strong>Thi\u1ebft b\u1ecb l\u01b0u tr\u1eef NAS Synology DS1522+<\/strong> cung c\u1ea5p ph\u1ea7n c\u1ee9ng m\u1ea1nh m\u1ebd<\/p>\n<ul>\n<li><strong>B\u1ed9 x\u1eed l\u00fd CPU<\/strong>: 2-core 2.6 (base) \/ 3.1 (turbo) GHz<\/li>\n<li><strong>B\u1ed9 nh\u1edb \u0111\u1ec7m cache<\/strong>: Khe SSD M.2 2280 k\u00e9p, h\u1ed7 tr\u1ee3 b\u1ed9 nh\u1edb cache NVMe<\/li>\n<li><strong>T\u1ed1c \u0111\u1ed9<\/strong>: \u0110\u1ecdc ng\u1eabu nhi\u00ean t\u0103ng trung b\u00ecnh 15%<\/li>\n<li><strong>Kh\u1ea3 n\u0103ng m\u1edf r\u1ed9ng<\/strong>: V\u1edbi hai DX517, n\u00f3 c\u00f3 th\u1ec3 \u0111\u01b0\u1ee3c m\u1edf r\u1ed9ng l\u00ean 15 \u1ed5 c\u1ee9ng<\/li>\n<\/ul>\n<p><center><iframe loading=\"lazy\" title=\"YouTube video player\" src=\"https:\/\/www.youtube.com\/embed\/HL4sPI0x3sc?si=MKNOAtW3IgO3DVdt\" width=\"560\" height=\"315\" frameborder=\"0\" allowfullscreen=\"allowfullscreen\"><\/iframe><\/center><strong>Synology DS1522+ \u0111\u00e1p \u1ee9ng m\u1ecdi nhu c\u1ea7u cho v\u0103n ph\u00f2ng t\u1ea1i nh\u00e0 c\u1ee7a b\u1ea1n<\/strong><\/p>\n<p>Ch\u1ecdn l\u1ef1a trong r\u1ea5t nhi\u1ec1u \u1ee9ng d\u1ee5ng d\u00e0nh cho doanh nghi\u1ec7p nh\u1ecf v\u00e0 bi\u1ebfn <strong><a href=\"https:\/\/www.vietcorp.com\/store\/nas-synology\/\">thi\u1ebft b\u1ecb l\u01b0u tr\u1eef NAS Synology<\/a> DS1522+<\/strong> tr\u1edf th\u00e0nh thi\u1ebft b\u1ecb l\u00fd t\u01b0\u1edfng \u0111\u1ec3 b\u1ea3o v\u1ec7 d\u1eef li\u1ec7u h\u00e0ng ng\u00e0y, qu\u1ea3n l\u00fd t\u1eadp tin, chia s\u1ebb ph\u01b0\u01a1ng ti\u1ec7n v\u00e0 gi\u00e1m s\u00e1t an ninh qua camera.<\/p>\n<figure id=\"attachment_1947\" aria-describedby=\"caption-attachment-1947\" style=\"width: 600px\" class=\"wp-caption aligncenter\"><img decoding=\"async\" class=\"size-full wp-image-1947\" src=\"https:\/\/www.vietcorp.com\/store\/wp-content\/uploads\/2022\/10\/thiet-bi-luu-tru-nas-synology-ds15226.jpg\" alt=\"Synology DS1522+ \u0111\u00e1p \u1ee9ng m\u1ecdi nhu c\u1ea7u cho v\u0103n ph\u00f2ng t\u1ea1i nh\u00e0 c\u1ee7a b\u1ea1n\" width=\"600\" height=\"355\" srcset=\"https:\/\/vietcorp.com\/store\/wp-content\/uploads\/2022\/10\/thiet-bi-luu-tru-nas-synology-ds15226.jpg?v=1668219582 600w, https:\/\/vietcorp.com\/store\/wp-content\/uploads\/2022\/10\/thiet-bi-luu-tru-nas-synology-ds15226-400x237.jpg?v=1668219582 400w, https:\/\/vietcorp.com\/store\/wp-content\/uploads\/2022\/10\/thiet-bi-luu-tru-nas-synology-ds15226-367x217.jpg?v=1668219582 367w\" sizes=\"(max-width: 600px) 100vw, 600px\" \/><figcaption id=\"caption-attachment-1947\" class=\"wp-caption-text\">Synology DS1522+ \u0111\u00e1p \u1ee9ng m\u1ecdi nhu c\u1ea7u cho v\u0103n ph\u00f2ng t\u1ea1i nh\u00e0 c\u1ee7a b\u1ea1n<\/figcaption><\/figure>\n<p><strong>T\u0103ng t\u1ed1c \u0111\u1ed9 k\u1ebft n\u1ed1i v\u00e0 d\u1ef1 ph\u00f2ng l\u1ed7i m\u1ea1ng<\/strong><\/p>\n<ul>\n<li>T\u1eadn d\u1ee5ng kh\u1ea3 n\u0103ng k\u1ebft n\u1ed1i t\u00edch h\u1ee3p \u0111\u1ec3 t\u00edch h\u1ee3p DS1522+ v\u00e0o b\u1ea5t k\u1ef3 m\u00f4i tr\u01b0\u1eddng m\u1ea1ng n\u00e0o ho\u1eb7c m\u1edf r\u1ed9ng kh\u1ea3 n\u0103ng c\u1ee7a s\u1ea3n ph\u1ea9m b\u1eb1ng c\u00e1ch b\u1ed5 sung c\u00e1c m\u00f4-\u0111un ch\u1ea1y tr\u1ef1c ti\u1ebfp.<\/li>\n<li>4 c\u1ed5ng Gigabit t\u00edch h\u1ee3p, c\u00f3 h\u1ed7 tr\u1ee3 d\u1ef1 ph\u00f2ng l\u1ed7i m\u1ea1ng t\u1ef1 \u0111\u1ed9ng v\u00e0 c\u00e2n b\u1eb1ng t\u1ea3i, mang l\u1ea1i hi\u1ec7u su\u1ea5t nhanh ch\u00f3ng v\u00e0 \u0111\u00e1ng tin c\u1eady.<\/li>\n<li>D\u1ec5 d\u00e0ng n\u00e2ng c\u1ea5p l\u00ean 10GbE, th\u00eam m\u00f4-\u0111un n\u00e2ng c\u1ea5p m\u1ea1ng E10G22-T1-Mini tr\u00ean khe c\u1eafm d\u1ec5 thao t\u00e1c \u0111\u1ec3 k\u00edch ho\u1ea1t k\u1ebft n\u1ed1i m\u1ea1ng nhanh h\u01a1n ngay l\u1eadp t\u1ee9c.<\/li>\n<\/ul>\n<p><strong>L\u01b0u tr\u1eef, chia s\u1ebb v\u00e0 b\u1ea3o v\u1ec7<\/strong><\/p>\n<p>Qu\u1ea3n l\u00fd to\u00e0n b\u1ed9 t\u00e0i li\u1ec7u, \u1ea3nh v\u00e0 c\u00e1c t\u1eadp tin kh\u00e1c, sao l\u01b0u \u1ee9ng d\u1ee5ng v\u00e0 thi\u1ebft b\u1ecb ho\u1eb7c b\u1ea3o v\u1ec7 t\u00e0i s\u1ea3n c\u1ee7a b\u1ea1n b\u1eb1ng t\u00ednh n\u0103ng gi\u00e1m s\u00e1t video chuy\u00ean nghi\u1ec7p.<\/p>\n<p><strong>Truy c\u1eadp t\u1eadp tin t\u1eeb b\u1ea5t k\u1ef3 n\u01a1i \u0111\u00e2u<\/strong><\/p>\n<p>L\u01b0u tr\u1eef, \u0111\u1ed3ng b\u1ed9 h\u00f3a v\u00e0 truy c\u1eadp d\u1eef li\u1ec7u t\u1eeb m\u1ecdi thi\u1ebft b\u1ecb, d\u00f9 b\u1ea1n \u0111ang \u1edf \u0111\u00e2u v\u1edbi gi\u1ea3i ph\u00e1p \u0111\u00e1m m\u00e2y ri\u00eang c\u1ee7a Synology. \u0110\u1ed3ng b\u1ed9 h\u00f3a d\u1eef li\u1ec7u gi\u1eefa c\u00e1c n\u1ec1n t\u1ea3ng v\u00e0 thi\u1ebft b\u1ecb kh\u00e1c nhau, \u0111\u1ed3ng th\u1eddi truy c\u1eadp t\u1eadp tin qua \u1ee9ng d\u1ee5ng d\u00e0nh cho thi\u1ebft b\u1ecb di \u0111\u1ed9ng, \u1ee9ng d\u1ee5ng tr\u00ean m\u00e1y t\u00ednh \u0111\u1ec3 b\u00e0n v\u00e0 giao di\u1ec7n tr\u00ecnh duy\u1ec7t. T\u00ecm hi\u1ec3u th\u00eam v\u1ec1 <a href=\"https:\/\/www.vietcorp.com\/store\/synology-drive\/\">Synology Drive<\/a><\/p>\n<p><strong>B\u1ed9 nh\u1edb m\u1ea1ng an to\u00e0n v\u00e0 \u0111\u00e1ng tin c\u1eady<\/strong><\/p>\n<p>S\u1eed d\u1ee5ng c\u00e1c th\u01b0 m\u1ee5c chia s\u1ebb tr\u00ean thi\u1ebft b\u1ecb Synology l\u00e0m b\u1ed9 nh\u1edb \u0111\u00e1ng tin c\u1eady, kh\u1ea3 d\u1ee5ng \u1edf m\u1ecdi n\u01a1i tr\u00ean m\u1ea1ng c\u1ee5c b\u1ed9 c\u1ee7a b\u1ea1n qua t\u1ea5t c\u1ea3 c\u00e1c giao th\u1ee9c chung (SMB\/NFS\/WebDAV\/FTP). B\u1ea3o v\u1ec7 t\u1eadp tin kh\u1ecfi nh\u1eefng thao t\u00e1c v\u00f4 t\u00ecnh s\u1eeda v\u00e0 x\u00f3a ho\u1eb7c th\u1eadm ch\u00ed l\u00e0 c\u00e1c cu\u1ed9c t\u1ea5n c\u00f4ng malware b\u1eb1ng c\u00f4ng ngh\u1ec7 b\u1ea3n ghi nhanh t\u00edch h\u1ee3p c\u0169ng nh\u01b0 c\u00e1c t\u00f9y ch\u1ecdn sao l\u01b0u kh\u00e1c.<\/p>\n<p><img decoding=\"async\" class=\"size-full wp-image-1948 aligncenter\" src=\"https:\/\/www.vietcorp.com\/store\/wp-content\/uploads\/2022\/10\/Screenshot_6.png\" alt=\"Thi\u1ebft b\u1ecb l\u01b0u tr\u1eef NAS Synology DS1522+ 1\" width=\"717\" height=\"528\" srcset=\"https:\/\/vietcorp.com\/store\/wp-content\/uploads\/2022\/10\/Screenshot_6.png?v=1668219580 717w, https:\/\/vietcorp.com\/store\/wp-content\/uploads\/2022\/10\/Screenshot_6-600x442.png?v=1668219580 600w, https:\/\/vietcorp.com\/store\/wp-content\/uploads\/2022\/10\/Screenshot_6-640x471.png?v=1668219580 640w, https:\/\/vietcorp.com\/store\/wp-content\/uploads\/2022\/10\/Screenshot_6-400x295.png?v=1668219580 400w, https:\/\/vietcorp.com\/store\/wp-content\/uploads\/2022\/10\/Screenshot_6-367x270.png?v=1668219580 367w\" sizes=\"(max-width: 717px) 100vw, 717px\" \/><\/p>\n<p><strong>Qu\u1ea3n l\u00fd v\u00e0 chia s\u1ebb t\u1eadp tin tr\u00ean nhi\u1ec1u lo\u1ea1i thi\u1ebft b\u1ecb<\/strong><\/p>\n<p>D\u1ef1a v\u00e0o c\u00e1c \u1ee9ng d\u1ee5ng qu\u1ea3n l\u00fd t\u1eadp tin, \u1ea3nh v\u00e0 \u0111a ph\u01b0\u01a1ng ti\u1ec7n \u0111\u1ec3 s\u1eafp x\u1ebfp d\u1eef li\u1ec7u c\u1ee7a b\u1ea1n theo si\u00eau d\u1eef li\u1ec7u, b\u1ed9 l\u1ecdc v\u00e0 nh\u00e3n. Chia s\u1ebb t\u1eadp tin v\u00e0 th\u01b0 m\u1ee5c m\u1ed9t c\u00e1ch an to\u00e0n v\u1edbi gia \u0111\u00ecnh, \u0111\u1ed3ng nghi\u1ec7p ho\u1eb7c kh\u00e1ch h\u00e0ng doanh nghi\u1ec7p nh\u1edd t\u00ednh n\u0103ng quy\u1ec1n truy c\u1eadp v\u00e0 chia s\u1ebb chi ti\u1ebft. T\u00ecm hi\u1ec3u th\u00eam v\u1ec1 <a href=\"https:\/\/www.vietcorp.com\/store\/synology-photos\/\">Synology Photos<\/a><\/p>\n<p>T\u1eadn d\u1ee5ng hai ph\u01b0\u01a1ng ph\u00e1p hi\u1ec7u qu\u1ea3 \u0111\u1ec3 \u0111\u1ed3ng b\u1ed9 h\u00f3a t\u1eadp tin v\u00e0 th\u01b0 m\u1ee5c gi\u1eefa c\u00e1c \u0111\u1ecba \u0111i\u1ec3m kh\u00e1c nhau \u2013 ch\u1eb3ng h\u1ea1n nh\u01b0 nh\u00e0 ri\u00eang v\u00e0 doanh nghi\u1ec7p c\u1ee7a b\u1ea1n ho\u1eb7c c\u00e1c nh\u00f3m l\u00e0m vi\u1ec7c \u1edf c\u00e1c qu\u1ed1c gia kh\u00e1c nhau.<\/p>\n<figure id=\"attachment_1950\" aria-describedby=\"caption-attachment-1950\" style=\"width: 600px\" class=\"wp-caption aligncenter\"><img decoding=\"async\" class=\"size-full wp-image-1950\" src=\"https:\/\/www.vietcorp.com\/store\/wp-content\/uploads\/2022\/10\/thiet-bi-luu-tru-nas-synology-ds15228.jpg\" alt=\"Thi\u1ebft b\u1ecb l\u01b0u tr\u1eef NAS Synology DS1522+ 2\" width=\"600\" height=\"451\" srcset=\"https:\/\/vietcorp.com\/store\/wp-content\/uploads\/2022\/10\/thiet-bi-luu-tru-nas-synology-ds15228.jpg?v=1668219579 600w, https:\/\/vietcorp.com\/store\/wp-content\/uploads\/2022\/10\/thiet-bi-luu-tru-nas-synology-ds15228-463x348.jpg?v=1668219579 463w, https:\/\/vietcorp.com\/store\/wp-content\/uploads\/2022\/10\/thiet-bi-luu-tru-nas-synology-ds15228-400x300.jpg?v=1668219579 400w, https:\/\/vietcorp.com\/store\/wp-content\/uploads\/2022\/10\/thiet-bi-luu-tru-nas-synology-ds15228-367x276.jpg?v=1668219579 367w\" sizes=\"(max-width: 600px) 100vw, 600px\" \/><figcaption id=\"caption-attachment-1950\" class=\"wp-caption-text\">Qu\u1ea3n l\u00fd v\u00e0 chia s\u1ebb t\u1eadp tin tr\u00ean nhi\u1ec1u lo\u1ea1i thi\u1ebft b\u1ecb<\/figcaption><\/figure>\n<p><strong>Sao l\u01b0u nhi\u1ec1u l\u1edbp<\/strong><\/p>\n<p>Sao l\u01b0u t\u1eadp tin, th\u01b0 m\u1ee5c, thi\u1ebft b\u1ecb v\u1eadt l\u00fd, m\u00e1y \u1ea3o v\u00e0 \u1ee9ng d\u1ee5ng SaaS v\u1edbi c\u00e1c gi\u1ea3i ph\u00e1p mi\u1ec5n ph\u00ed, \u0111\u1ed3ng th\u1eddi b\u1ea3o v\u1ec7 NAS c\u1ee7a b\u1ea1n b\u1eb1ng c\u00e1c c\u00f4ng ngh\u1ec7 t\u00edch h\u1ee3p.<\/p>\n<p><em>Sao l\u01b0u to\u00e0n b\u1ed9 thi\u1ebft b\u1ecb<\/em><\/p>\n<p>B\u1ea3o v\u1ec7 to\u00e0n di\u1ec7n c\u00e1c thi\u1ebft b\u1ecb \u0111\u1ea7u cu\u1ed1i, m\u00e1y ch\u1ee7 v\u00e0 m\u00e1y \u1ea3o<\/p>\n<p>Sao l\u01b0u c\u1ee5c b\u1ed9 c\u00e1c \u1ee9ng d\u1ee5ng \u0111\u00e1m m\u00e2y<\/p>\n<p>Sao l\u01b0u t\u00e0i li\u1ec7u v\u00e0 \u0111a ph\u01b0\u01a1ng ti\u1ec7n<\/p>\n<figure id=\"attachment_1951\" aria-describedby=\"caption-attachment-1951\" style=\"width: 600px\" class=\"wp-caption aligncenter\"><img decoding=\"async\" class=\"size-full wp-image-1951\" src=\"https:\/\/www.vietcorp.com\/store\/wp-content\/uploads\/2022\/10\/thiet-bi-luu-tru-nas-synology-ds152211.jpg\" alt=\"Thi\u1ebft b\u1ecb l\u01b0u tr\u1eef NAS Synology DS1522+ 3\" width=\"600\" height=\"376\" srcset=\"https:\/\/vietcorp.com\/store\/wp-content\/uploads\/2022\/10\/thiet-bi-luu-tru-nas-synology-ds152211.jpg?v=1668219576 600w, https:\/\/vietcorp.com\/store\/wp-content\/uploads\/2022\/10\/thiet-bi-luu-tru-nas-synology-ds152211-400x251.jpg?v=1668219576 400w, https:\/\/vietcorp.com\/store\/wp-content\/uploads\/2022\/10\/thiet-bi-luu-tru-nas-synology-ds152211-367x230.jpg?v=1668219576 367w\" sizes=\"(max-width: 600px) 100vw, 600px\" \/><figcaption id=\"caption-attachment-1951\" class=\"wp-caption-text\">Sao l\u01b0u nhi\u1ec1u l\u1edbp<\/figcaption><\/figure>\n<p><strong>Nhi\u1ec1u t\u00ednh n\u0103ng m\u1edbi \u01b0u vi\u1ec7t<\/strong><\/p>\n<p>T\u0103ng dung l\u01b0\u1ee3ng l\u01b0u tr\u1eef v\u1edbi c\u00f4ng ngh\u1ec7 kh\u1eed tr\u00f9ng l\u1eb7p ti\u1ebft ki\u1ec7m dung l\u01b0\u1ee3ng gi\u00fap gi\u1ea3m t\u1ed5ng k\u00edch th\u01b0\u1edbc c\u1ee7a b\u1ea3n sao l\u01b0u.<\/p>\n<p>Ghi nhanh c\u00e1c th\u01b0 m\u1ee5c chia s\u1ebb v\u00e0 LUN trong kho\u1ea3ng th\u1eddi gian t\u1ed1i \u0111a 5 ph\u00fat \u0111\u1ec3 ch\u1ed1ng m\u1ea5t d\u1eef li\u1ec7u, v\u00f4 t\u00ecnh x\u00f3a ho\u1eb7c c\u00e1c cu\u1ed9c t\u1ea5n c\u00f4ng malware. \u0110\u1eb7t l\u1ecbch l\u01b0u gi\u1eef t\u00f9y ch\u1ec9nh \u0111\u1ec3 kh\u00f4i ph\u1ee5c t\u1eadp tin v\u00e0 m\u00e1y \u1ea3o tr\u1edf v\u1ec1 phi\u00ean b\u1ea3n ch\u01b0a b\u1ecb s\u1ef1 c\u1ed1.<\/p>\n<figure id=\"attachment_1952\" aria-describedby=\"caption-attachment-1952\" style=\"width: 600px\" class=\"wp-caption aligncenter\"><img decoding=\"async\" class=\"size-full wp-image-1952\" src=\"https:\/\/www.vietcorp.com\/store\/wp-content\/uploads\/2022\/10\/thiet-bi-luu-tru-nas-synology-ds152210.jpg\" alt=\"Thi\u1ebft b\u1ecb l\u01b0u tr\u1eef NAS Synology DS1522+ 4\" width=\"600\" height=\"412\" srcset=\"https:\/\/vietcorp.com\/store\/wp-content\/uploads\/2022\/10\/thiet-bi-luu-tru-nas-synology-ds152210.jpg?v=1668219574 600w, https:\/\/vietcorp.com\/store\/wp-content\/uploads\/2022\/10\/thiet-bi-luu-tru-nas-synology-ds152210-400x275.jpg?v=1668219574 400w, https:\/\/vietcorp.com\/store\/wp-content\/uploads\/2022\/10\/thiet-bi-luu-tru-nas-synology-ds152210-367x252.jpg?v=1668219574 367w\" sizes=\"(max-width: 600px) 100vw, 600px\" \/><figcaption id=\"caption-attachment-1952\" class=\"wp-caption-text\">Nhi\u1ec1u t\u00ednh n\u0103ng m\u1edbi \u01b0u vi\u1ec7t<\/figcaption><\/figure>\n<p><strong>Gi\u00e1m s\u00e1t th\u00f4ng minh<\/strong><\/p>\n<p>B\u1ea1n c\u00f3 th\u1ec3 chuy\u1ec3n \u0111\u1ed5i thi\u1ebft b\u1ecb Synology th\u00e0nh h\u1ec7 th\u1ed1ng qu\u1ea3n l\u00fd video \u0111\u1ea7y \u0111\u1ee7 t\u00ednh n\u0103ng cho nhi\u1ec1u lo\u1ea1i camera IP t\u01b0\u01a1ng th\u00edch.<\/p>\n<p><em>Kh\u1ea3 n\u0103ng t\u01b0\u01a1ng th\u00edch r\u1ed9ng<\/em><\/p>\n<p>K\u1ebft n\u1ed1i t\u1edbi <strong>40 camera IP<\/strong> trong danh s\u00e1ch h\u01a1n 8,300 d\u00f2ng s\u1ea3n ph\u1ea9m x\u00e1c th\u1ef1c nh\u1edd kh\u1ea3 n\u0103ng t\u01b0\u01a1ng th\u00edch camera r\u1ed9ng v\u00e0 h\u1ed7 tr\u1ee3 ONVIF trong <a href=\"https:\/\/www.vietcorp.com\/store\/surveillance-station\/\">Synology Surveillance Station<\/a>.<\/p>\n<p><em>B\u1ea3o m\u1eadt v\u00e0 ri\u00eang t\u01b0<\/em><\/p>\n<p>C\u00e1c \u0111o\u1ea1n phim l\u01b0u tr\u1eef c\u1ee5c b\u1ed9 \u0111\u01b0\u1ee3c b\u1ea3o v\u1ec7 kh\u1ecfi h\u00e0nh vi truy c\u1eadp tr\u00e1i ph\u00e9p b\u1eb1ng m\u00e3 h\u00f3a AES-256 \u0111\u1ea1t ti\u00eau chu\u1ea9n c\u1ee7a ng\u00e0nh.<\/p>\n<p><em>Truy c\u1eadp 24\/7 \u1edf m\u1ecdi n\u01a1i<\/em><\/p>\n<p>Gi\u00e1m s\u00e1t lu\u1ed3ng ph\u00e1t tr\u1ef1c ti\u1ebfp ho\u1eb7c xem b\u1ea3n ghi b\u1eb1ng tr\u00ecnh duy\u1ec7t web, \u1ee9ng d\u1ee5ng m\u00e1y t\u00ednh \u0111\u1ec3 b\u00e0n ho\u1eb7c \u1ee9ng d\u1ee5ng di \u0111\u1ed9ng DS cam.<\/p>\n<figure id=\"attachment_1953\" aria-describedby=\"caption-attachment-1953\" style=\"width: 600px\" class=\"wp-caption aligncenter\"><img decoding=\"async\" class=\"size-full wp-image-1953\" src=\"https:\/\/www.vietcorp.com\/store\/wp-content\/uploads\/2022\/10\/thiet-bi-luu-tru-nas-synology-ds15225.jpg\" alt=\"Thi\u1ebft b\u1ecb l\u01b0u tr\u1eef NAS Synology DS1522+ 5\" width=\"600\" height=\"367\" srcset=\"https:\/\/vietcorp.com\/store\/wp-content\/uploads\/2022\/10\/thiet-bi-luu-tru-nas-synology-ds15225.jpg?v=1668219572 600w, https:\/\/vietcorp.com\/store\/wp-content\/uploads\/2022\/10\/thiet-bi-luu-tru-nas-synology-ds15225-400x245.jpg?v=1668219572 400w, https:\/\/vietcorp.com\/store\/wp-content\/uploads\/2022\/10\/thiet-bi-luu-tru-nas-synology-ds15225-367x224.jpg?v=1668219572 367w\" sizes=\"(max-width: 600px) 100vw, 600px\" \/><figcaption id=\"caption-attachment-1953\" class=\"wp-caption-text\">Gi\u00e1m s\u00e1t th\u00f4ng minh<\/figcaption><\/figure>\n<p><em>H\u1ed7 tr\u1ee3 tri\u1ec3n khai camera<\/em><\/p>\n<p>T\u1ef1 \u0111\u1ed9ng \u0111\u1ecbnh v\u1ecb camera trong m\u1ed9t d\u1ea3i IP x\u00e1c \u0111\u1ecbnh v\u00e0 thi\u1ebft l\u1eadp c\u1ea5u h\u00ecnh h\u00e0ng lo\u1ea1t cho c\u00e1c thi\u1ebft b\u1ecb b\u1eb1ng c\u00e1ch nh\u1eadp b\u1ea3ng t\u00ednh ho\u1eb7c b\u1eb1ng c\u00e1ch sao ch\u00e9p c\u00e0i \u0111\u1eb7t sang c\u00e1c camera m\u1edbi.<\/p>\n<p><em>C\u1ea3nh b\u00e1o t\u1ea1i nhi\u1ec1u \u0111\u1ecba \u0111i\u1ec3m<\/em><\/p>\n<p>Lu\u00f4n c\u1eadp nh\u1eadt m\u00f4 h\u00ecnh tri\u1ec3n khai b\u1eb1ng c\u00e1ch xem tr\u01b0\u1edbc c\u00e1c s\u1ef1 ki\u1ec7n k\u00edch ho\u1ea1t tr\u1ef1c ti\u1ebfp tr\u00ean b\u1ea3n \u0111\u1ed3 nhi\u1ec1u t\u1ea7ng ho\u1eb7c th\u1eadm ch\u00ed nhi\u1ec1u \u0111\u1ecba \u0111i\u1ec3m, c\u00f3 t\u00edch h\u1ee3p b\u1ea3n \u0111\u1ed3 tr\u1ef1c tuy\u1ebfn cho Google Maps v\u00e0 OpenStreetMap.<\/p>\n<p><em>Ph\u00e2n t\u00edch video<\/em><\/p>\n<p>T\u1eadn d\u1ee5ng c\u00e1c t\u00ednh n\u0103ng theo d\u00f5i th\u00f4ng minh nh\u01b0 ph\u00e1t hi\u1ec7n chuy\u1ec3n \u0111\u1ed9ng, v\u00f9ng c\u1ea5m, ph\u00e1t hi\u1ec7n v\u1eadt th\u1ec3 l\u1ea1 v\u00e0 ph\u00e1t hi\u1ec7n b\u1ea5t th\u01b0\u1eddng \u0111\u1ec3 ph\u1ee5c v\u1ee5 cho c\u00e1c t\u00ecnh hu\u1ed1ng gi\u00e1m s\u00e1t ph\u1ed5 bi\u1ebfn nh\u1ea5t. T\u00ecm hi\u1ec3u th\u00eam v\u1ec1 <a href=\"https:\/\/www.vietcorp.com\/store\/phan-tich-video-thong-minh-cung-dva-synology\/\">Ph\u00e2n t\u00edch video th\u00f4ng minh c\u00f9ng DVA Synology<\/a><\/p>\n<figure id=\"attachment_1954\" aria-describedby=\"caption-attachment-1954\" style=\"width: 600px\" class=\"wp-caption aligncenter\"><img decoding=\"async\" class=\"size-full wp-image-1954\" src=\"https:\/\/www.vietcorp.com\/store\/wp-content\/uploads\/2022\/10\/thiet-bi-luu-tru-nas-synology-ds152212.jpg\" alt=\"Thi\u1ebft b\u1ecb l\u01b0u tr\u1eef NAS Synology DS1522+ 6\" width=\"600\" height=\"378\" srcset=\"https:\/\/vietcorp.com\/store\/wp-content\/uploads\/2022\/10\/thiet-bi-luu-tru-nas-synology-ds152212.jpg?v=1668219570 600w, https:\/\/vietcorp.com\/store\/wp-content\/uploads\/2022\/10\/thiet-bi-luu-tru-nas-synology-ds152212-400x252.jpg?v=1668219570 400w, https:\/\/vietcorp.com\/store\/wp-content\/uploads\/2022\/10\/thiet-bi-luu-tru-nas-synology-ds152212-367x231.jpg?v=1668219570 367w\" sizes=\"(max-width: 600px) 100vw, 600px\" \/><figcaption id=\"caption-attachment-1954\" class=\"wp-caption-text\">H\u1ed7 tr\u1ee3 v\u00e0 ph\u00e2n t\u00edch camera<\/figcaption><\/figure>\n<p><strong>B\u1ea3o h\u00e0nh 36 th\u00e1ng<\/strong><\/p>\n<p>DS1522+ \u0111\u01b0\u1ee3c Synology b\u1ea3o h\u00e0nh ph\u1ea7n c\u1ee9ng 36 th\u00e1ng. M\u1ed9t s\u1ed1 khu v\u1ef1c c\u00f3 g\u00f3i b\u1ea3o h\u00e0nh m\u1edf r\u1ed9ng 24 th\u00e1ng t\u00f9y ch\u1ecdn \u0111\u1ec3 m\u1edf r\u1ed9ng ph\u1ea1m vi b\u1ea3o h\u00e0nh l\u00ean \u0111\u1ebfn 60 th\u00e1ng.<\/p>\n<h3><strong>B\u1ec1 ngo\u00e0i c\u1ee7a NAS Synology DS1522+<\/strong><\/h3>\n<table>\n<tbody>\n<tr>\n<td style=\"text-align: center;\"><strong>M\u1eb7t tr\u01b0\u1edbc NAS Synology DS1522+<\/strong><\/td>\n<td style=\"text-align: center;\"><strong>M\u1eb7t sau NAS Synology DS1522+<\/strong><\/td>\n<\/tr>\n<tr>\n<td><img decoding=\"async\" class=\"alignnone wp-image-3897 size-full\" src=\"https:\/\/www.vietcorp.com\/store\/wp-content\/uploads\/2022\/10\/thiet-bi-luu-tru-nas-synology-ds152213.jpg\" alt=\"Vietcorp ph\u00e2n ph\u1ed1i Thi\u1ebft b\u1ecb l\u01b0u tr\u1eef NAS Synology DS1522+ 1\" width=\"415\" height=\"300\" \/><\/td>\n<td><img decoding=\"async\" class=\"alignnone wp-image-3898 size-full\" src=\"https:\/\/www.vietcorp.com\/store\/wp-content\/uploads\/2022\/10\/thiet-bi-luu-tru-nas-synology-ds152214.jpg\" alt=\"Vietcorp ph\u00e2n ph\u1ed1i Thi\u1ebft b\u1ecb l\u01b0u tr\u1eef NAS Synology DS1522+ 2\" width=\"415\" height=\"300\" \/><\/td>\n<\/tr>\n<tr>\n<td>1. \u0110\u00e8n b\u00e1o tr\u1ea1ng th\u00e1i<\/td>\n<td>\u00a08. C\u1ed5ng Ngu\u1ed3n \u0110i\u1ec7n<\/td>\n<\/tr>\n<tr>\n<td>2. \u0110\u00e8n b\u00e1o tr\u1ea1ng th\u00e1i \u1ed5 \u0111\u0129a<\/td>\n<td>\u00a09. Khe n\u00e2ng c\u1ea5p m\u1ea1ng<\/td>\n<\/tr>\n<tr>\n<td>3. Kh\u00f3a khay \u1ed5 c\u1ee9ng<\/td>\n<td>10. C\u1ed5ng USB 3.2 Gen 1<\/td>\n<\/tr>\n<tr>\n<td>4. C\u1ed5ng USB 3.2 Gen 1<\/td>\n<td>11. C\u1ed5ng RJ-45 1GbE<\/td>\n<\/tr>\n<tr>\n<td>5. N\u00fat ngu\u1ed3n v\u00e0 \u0111\u00e8n b\u00e1o<\/td>\n<td>12. N\u00fat Reset<\/td>\n<\/tr>\n<tr>\n<td>6. Khay \u1ed5 c\u1ee9ng<\/td>\n<td>13. Qu\u1ea1t t\u1ea3n nhi\u1ec7t<\/td>\n<\/tr>\n<tr>\n<td>7. Expansion Ports<\/td>\n<td>14. Kensington Security Slot<\/td>\n<\/tr>\n<tr>\n<td><\/td>\n<td><\/td>\n<\/tr>\n<\/tbody>\n<\/table>\n<p><strong>\u0110\u1ed9i ng\u0169 h\u1ed7 tr\u1ee3 chuy\u00ean nghi\u1ec7p t\u1eeb VIETCORP (h\u01a1n 15 n\u0103m kinh nghi\u1ec7m)<\/strong><\/p>\n<p>VIETCORP v\u1edbi \u0111\u1ed9i ng\u0169 h\u1ed7 tr\u1ee3 chuy\u00ean nghi\u1ec7p \u0111\u01b0\u1ee3c c\u1ea5p c\u00e1c ch\u1ee9ng ch\u1ec9 th\u1ebf gi\u1edbi v\u00e0 c\u00f3 nhi\u1ec1u n\u0103m kinh nghi\u1ec7m trong l\u0129nh v\u1ef1c thi\u1ebft b\u1ecb l\u01b0u tr\u1eef NAS, Cloud PC s\u1ebd h\u1ed7 tr\u1ee3 b\u1ea1n m\u1ed9t c\u00e1ch t\u1ed1t nh\u1ea5t v\u00e0 nhanh nh\u1ea5t c\u00f3 th\u1ec3.<\/p>\n<p>VIETCORP c\u00f3 \u0111\u1ea7y \u0111\u1ee7 ch\u1ee9ng ch\u1ec9 t\u1eeb Synology nh\u01b0 : <strong>System Integrator , Surveillance Specialists, Mail Specialist, Service Provider<\/strong><\/p>\n<figure id=\"attachment_7329\" aria-describedby=\"caption-attachment-7329\" style=\"width: 600px\" class=\"wp-caption aligncenter\"><img decoding=\"async\" class=\"wp-image-7329\" src=\"https:\/\/www.vietcorp.com\/store\/wp-content\/uploads\/2024\/01\/Vietcorp-Synology-Authorisation-Letter-2024-9-scaled.jpg\" alt=\"Ch\u1ee9ng nh\u1eadn Synology 1\" width=\"600\" height=\"777\" srcset=\"https:\/\/vietcorp.com\/store\/wp-content\/uploads\/2024\/01\/Vietcorp-Synology-Authorisation-Letter-2024-9-400x518.jpg 400w, https:\/\/vietcorp.com\/store\/wp-content\/uploads\/2024\/01\/Vietcorp-Synology-Authorisation-Letter-2024-9-367x475.jpg 367w, https:\/\/vietcorp.com\/store\/wp-content\/uploads\/2024\/01\/Vietcorp-Synology-Authorisation-Letter-2024-9-600x776.jpg 600w\" sizes=\"(max-width: 600px) 100vw, 600px\" \/><figcaption id=\"caption-attachment-7329\" class=\"wp-caption-text\">Vietcorp &#8211; Synology Gold Partner \u0110\u1ea7u Ti\u00ean T\u1ea1i Vi\u1ec7t Nam<\/figcaption><\/figure>\n<p><strong>VIETCORP cung c\u1ea5p s\u1ea3n ph\u1ea9m ch\u00ednh h\u00e3ng<\/strong><\/p>\n<p><img decoding=\"async\" class=\"aligncenter size-full wp-image-7258\" src=\"https:\/\/www.vietcorp.com\/store\/wp-content\/uploads\/2023\/12\/Vietcorp-Synology-Authorisation-Letter-2024-scaled-e1703647508426.jpg\" alt=\"Ch\u1ee9ng nh\u1eadn Synology 2\" width=\"666\" height=\"941\" \/>Xem th\u00eam:<\/p>\n<ul>\n<li><a href=\"https:\/\/vietcorp.com\/support\/synology\/\">Support Synology<\/a><\/li>\n<li><a href=\"https:\/\/vietcorp.com\/blog\/tag\/tin-tuc-synology\">Tin t\u1ee9c Synology<\/a><\/li>\n<li><a href=\"https:\/\/www.vietcorp.com\/blog\/showcase\/\">Showcase s\u1ea3n ph\u1ea9m Synology<\/a><\/li>\n<\/ul>\n<p>Li\u00ean h\u1ec7:<\/p>\n<p><strong>C\u00d4NG TY C\u1ed4 PH\u1ea6N VIETCORP<\/strong><\/p>\n<p>\u0110\u1ecba Ch\u1ec9: 134\/1 C\u00e1ch M\u1ea1ng Th\u00e1ng T\u00e1m, P.10, Q.3, Tp HCM<\/p>\n<p>\u0110i\u1ec7n tho\u1ea1i: (028)73018899 &#8211; (024)73018899 (0236)7308899<\/p>\n<p>www.vietcorp.com &#8211; 0814 247 247<\/p>\n","protected":false},"excerpt":{"rendered":"<p>Thi\u1ebft b\u1ecb l\u01b0u tr\u1eef NAS Synology DS1522+<br \/>\nNAS 5 khay \u1ed5 \u0111\u0129a max 15 \u1ed5 \u0111\u0129a<br \/>\n8 GB DDR4 ECC up to 32 GB<br \/>\n4 RJ-45 1GbE<br \/>\nB\u1ea3o h\u00e0nh 36 th\u00e1ng<\/p>\n","protected":false},"featured_media":7124,"template":"","meta":[],"product_brand":[],"product_cat":[15,419,337],"product_tag":[16,489,53,51,491,23,490],"class_list":{"0":"post-1945","1":"product","2":"type-product","3":"status-publish","4":"has-post-thumbnail","6":"product_cat-nas","7":"product_cat-ds-series","8":"product_cat-san-pham-ngung-kinh-doanh","9":"product_tag-diskstation","10":"product_tag-ds1522","11":"product_tag-nas","12":"product_tag-nas-5-bay","13":"product_tag-nas-ds1522","14":"product_tag-synology","15":"product_tag-synology-ds1522","16":"pa_thuong-hieu-synology","18":"first","19":"instock","20":"taxable","21":"shipping-taxable","22":"product-type-simple"},"_links":{"self":[{"href":"https:\/\/vietcorp.com\/store\/wp-json\/wp\/v2\/product\/1945","targetHints":{"allow":["GET"]}}],"collection":[{"href":"https:\/\/vietcorp.com\/store\/wp-json\/wp\/v2\/product"}],"about":[{"href":"https:\/\/vietcorp.com\/store\/wp-json\/wp\/v2\/types\/product"}],"wp:featuredmedia":[{"embeddable":true,"href":"https:\/\/vietcorp.com\/store\/wp-json\/wp\/v2\/media\/7124"}],"wp:attachment":[{"href":"https:\/\/vietcorp.com\/store\/wp-json\/wp\/v2\/media?parent=1945"}],"wp:term":[{"taxonomy":"product_brand","embeddable":true,"href":"https:\/\/vietcorp.com\/store\/wp-json\/wp\/v2\/product_brand?post=1945"},{"taxonomy":"product_cat","embeddable":true,"href":"https:\/\/vietcorp.com\/store\/wp-json\/wp\/v2\/product_cat?post=1945"},{"taxonomy":"product_tag","embeddable":true,"href":"https:\/\/vietcorp.com\/store\/wp-json\/wp\/v2\/product_tag?post=1945"}],"curies":[{"name":"wp","href":"https:\/\/api.w.org\/{rel}","templated":true}]}}