


{"id":19,"date":"2020-11-03T09:01:56","date_gmt":"2020-11-03T02:01:56","guid":{"rendered":"https:\/\/www.vietcorp.com\/store\/product\/synology-ds218play\/"},"modified":"2024-05-09T16:55:02","modified_gmt":"2024-05-09T09:55:02","slug":"thiet-bi-luu-tru-nas-synology-ds218play","status":"publish","type":"product","link":"https:\/\/vietcorp.com\/store\/19\/thiet-bi-luu-tru-nas-synology-ds218play\/","title":{"rendered":"Synology DS218play"},"content":{"rendered":"<section class=\"wpb-content-wrapper\"><p>[vc_row][vc_column]<div class=\"woocommerce \">\r\n<ul class=\"products products-container grid pcols-lg-4 pcols-md-3 pcols-xs-2 pcols-ls-1 pwidth-lg-4 pwidth-md-3 pwidth-xs-2 pwidth-ls-1 is-shortcode\"\r\r\n\t data-product_layout=\"product-default\">\r\r\n\r\n\r\r\n<li class=\"product-col product-default product type-product post-3378 status-publish first instock product_cat-nas product_tag-diskstation product_tag-ds223 product_tag-nas product_tag-nas-2-bay product_tag-nas-ds223 product_tag-synology product_tag-synology-ds223 has-post-thumbnail taxable shipping-taxable product-type-simple\">\r\r\n<div class=\"product-inner\">\r\r\n\t\r\n\r\r\n\t<div class=\"product-image\">\r\r\n\r\r\n\t\t<a  href=\"https:\/\/vietcorp.com\/store\/3378\/synology-ds223\/\" aria-label=\"product\">\r\r\n\t\t\t<div class=\"inner img-effect\"><img decoding=\"async\" width=\"600\" height=\"600\" src=\"https:\/\/vietcorp.com\/store\/wp-content\/uploads\/2023\/06\/thiet-bi-luu-tru-nas-synology-ds223-1.png\" class=\"attachment-woocommerce_thumbnail size-woocommerce_thumbnail\" alt=\"Synology DS223\" srcset=\"https:\/\/vietcorp.com\/store\/wp-content\/uploads\/2023\/06\/thiet-bi-luu-tru-nas-synology-ds223-1.png 600w, https:\/\/vietcorp.com\/store\/wp-content\/uploads\/2023\/06\/thiet-bi-luu-tru-nas-synology-ds223-1-400x400.png 400w, https:\/\/vietcorp.com\/store\/wp-content\/uploads\/2023\/06\/thiet-bi-luu-tru-nas-synology-ds223-1-560x560.png 560w, https:\/\/vietcorp.com\/store\/wp-content\/uploads\/2023\/06\/thiet-bi-luu-tru-nas-synology-ds223-1-367x367.png 367w\" sizes=\"(max-width: 600px) 100vw, 600px\" \/><img decoding=\"async\" width=\"600\" height=\"600\" src=\"https:\/\/vietcorp.com\/store\/wp-content\/uploads\/2023\/06\/thiet-bi-luu-tru-nas-synology-ds223-2.png\" class=\"hover-image\" alt=\"\" srcset=\"https:\/\/vietcorp.com\/store\/wp-content\/uploads\/2023\/06\/thiet-bi-luu-tru-nas-synology-ds223-2.png 600w, https:\/\/vietcorp.com\/store\/wp-content\/uploads\/2023\/06\/thiet-bi-luu-tru-nas-synology-ds223-2-400x400.png 400w, https:\/\/vietcorp.com\/store\/wp-content\/uploads\/2023\/06\/thiet-bi-luu-tru-nas-synology-ds223-2-560x560.png 560w, https:\/\/vietcorp.com\/store\/wp-content\/uploads\/2023\/06\/thiet-bi-luu-tru-nas-synology-ds223-2-367x367.png 367w\" sizes=\"(max-width: 600px) 100vw, 600px\" \/><\/div>\r\n\t\t<\/a>\r\r\n\t\r\n\t\r\n\t<\/div>\r\r\n\r\r\n\t<div class=\"product-content\">\r\r\n\t\t<span class=\"category-list\"><a href=\"https:\/\/vietcorp.com\/store\/product-category\/nas\/\" rel=\"tag\">NAS<\/a><\/span>\r\n\r\r\n\t\t\r\n\t<a class=\"product-loop-title\"  href=\"https:\/\/vietcorp.com\/store\/3378\/synology-ds223\/\">\r\r\n\t<h3 class=\"woocommerce-loop-product__title\">Synology DS223<\/h3>\r\n\t<\/a>\r\r\n\t\r\n\r\r\n\t\t\r\n\t<div class=\"description\">\r\r\n\t\t\r\n\t\t<p class=\"post-excerpt\">Thi\u1ebft b\u1ecb l\u01b0u tr\u1eef NAS Synology DS223<br \/>\nNAS 2 khay \u1ed5 \u0111\u0129a<br \/>\n2 GB DDR4 non-ECC<br \/>\n1 x RJ-45 1GbE LAN<br \/>\nB\u1ea3o h\u00e0nh 24 th\u00e1ng<\/p>\n\r\n\t<\/div>\r\r\n\t\n\r\n\r\r\n\t\t\r\n<div class=\"add-links-wrap\">\r\r\n\t<div class=\"add-links clearfix\">\r\r\n\t\t<a href=\"https:\/\/vietcorp.com\/store\/3378\/synology-ds223\/\" aria-describedby=\"woocommerce_loop_add_to_cart_link_describedby_3378\" data-quantity=\"1\" class=\"viewcart-style-2 button product_type_simple add_to_cart_read_more\" data-product_id=\"3378\" data-product_sku=\"SYNOLOGY-DS223\" aria-label=\"\u0110\u1ecdc th\u00eam v\u1ec1 &ldquo;Synology DS223&rdquo;\" rel=\"nofollow\" data-success_message=\"\">\u0110\u1ecdc ti\u1ebfp<\/a>\r\n\t\r\n\t<span id=\"woocommerce_loop_add_to_cart_link_describedby_3378\" class=\"screen-reader-text\">\r\r\n\t\t\r\n\t<\/span>\r\r\n\t\r\n\t<div class=\"quickview\" data-id=\"3378\" title=\"Xem nhanh\">Xem nhanh<\/div>\r\n\t<\/div>\r\r\n\t\r\n<\/div>\r\r\n<span class=\"gtm4wp_productdata\" style=\"display:none; visibility:hidden;\" data-gtm4wp_product_data=\"{&quot;internal_id&quot;:3378,&quot;item_id&quot;:3378,&quot;item_name&quot;:&quot;Synology DS223&quot;,&quot;sku&quot;:&quot;SYNOLOGY-DS223&quot;,&quot;price&quot;:0,&quot;stocklevel&quot;:26,&quot;stockstatus&quot;:&quot;instock&quot;,&quot;google_business_vertical&quot;:&quot;retail&quot;,&quot;item_category&quot;:&quot;NAS&quot;,&quot;id&quot;:3378,&quot;productlink&quot;:&quot;https:\\\/\\\/vietcorp.com\\\/store\\\/3378\\\/synology-ds223\\\/&quot;,&quot;item_list_name&quot;:&quot;General Product List&quot;,&quot;index&quot;:1,&quot;product_type&quot;:&quot;simple&quot;,&quot;item_brand&quot;:&quot;&quot;}\"><\/span>\r\n\t<\/div>\r\r\n<\/div>\r\r\n\r\r\n<\/li>\r\r\n\r\n<\/ul>\r\r\n<\/div>[vc_column_text]S\u1ea3n ph\u1ea9m thay th\u1ebf[\/vc_column_text][vc_column_text]<\/p>\n<h4 style=\"color: red;\">S\u1ea3n ph\u1ea9m ng\u1eebng kinh doanh<\/h4>\n<h2><span style=\"color: #0000ff;\"><strong>NAS Synology DS218play tr\u1edf th\u00e0nh trung t\u00e2m gi\u1ea3i tr\u00ed gia \u0111\u00ecnh c\u1ee7a b\u1ea1n<\/strong><\/span><\/h2>\n<p><a href=\"https:\/\/www.vietcorp.com\/store\/19\/thiet-bi-luu-tru-nas-synology-ds218play\/\"><strong>Thi\u1ebft b\u1ecb l\u01b0u tr\u1eef NAS Synology DS218play<\/strong><\/a> \u0111\u01b0\u1ee3c thi\u1ebft k\u1ebf cho nh\u1eefng ng\u01b0\u1eddi \u0111am m\u00ea gi\u1ea3i tr\u00ed th\u01b0\u1edfng th\u1ee9c c\u00e1c b\u1ed9 phim \u1ea3nh hay t\u1ea1i nh\u00e0, cung c\u1ea5p tr\u1ea3i nghi\u1ec7m ph\u00e1t video tr\u1ef1c tuy\u1ebfn m\u01b0\u1ee3t m\u00e0 \u0111\u1ebfn TV, \u0111i\u1ec7n tho\u1ea1i th\u00f4ng minh v\u00e0 tr\u00ecnh ph\u00e1t \u0111a ph\u01b0\u01a1ng ti\u1ec7n cho d\u00f9 b\u1ea1n \u0111ang \u1edf nh\u00e0 hay \u0111ang di chuy\u1ec3n. V\u1edbi kh\u1ea3 n\u0103ng qu\u1ea3n l\u00fd t\u1eadp trung s\u1eb5n c\u00f3, l\u00fd t\u01b0\u1edfng \u0111\u1ec3 chia s\u1ebb t\u1ec7p nhanh ch\u00f3ng v\u00e0 ho\u1ea1t \u0111\u1ed9ng nh\u01b0 m\u1ed9t b\u1ea3n sao l\u01b0u \u0111\u00e1ng tin c\u1eady cho t\u1ea5t c\u1ea3 c\u00e1c lo\u1ea1i thi\u1ebft b\u1ecb.<\/p>\n<ul>\n<li><strong>B\u1ed9 x\u1eed l\u00fd CPU<\/strong>: Quad-Core 1.4\u00a0GHz<\/li>\n<li><strong>B\u1ed9 nh\u1edb RAM<\/strong>: 1 GB DDR4<\/li>\n<li><strong>T\u1ed1c \u0111\u1ed9<\/strong>: \u0111\u1ecdc v\u00e0 ghi tu\u1ea7n t\u1ef1 h\u01a1n 112 MB\/s<\/li>\n<li><strong>Th\u00e2n thi\u1ec7n m\u00f4i tr\u01b0\u1eddng:<\/strong> 5,16 W \u1edf ch\u1ebf \u0111\u1ed9 ng\u1ee7 \u0111\u00f4ng \/ 16,79 W \u1edf ch\u1ebf \u0111\u1ed9 truy c\u1eadp file<\/li>\n<\/ul>\n<h2><strong><span style=\"color: #0000ff;\">Truy\u1ec1n n\u1ed9i dung \u0111\u1ebfn TV<\/span><\/strong><\/h2>\n<p>Bi\u1ebfn <strong><a href=\"https:\/\/www.vietcorp.com\/store\/nas-synology\/\">NAS Synology<\/a> DS218play<\/strong> c\u1ee7a b\u1ea1n th\u00e0nh m\u1ed9t trung t\u00e2m gi\u1ea3i tr\u00ed gia \u0111\u00ecnh v\u00e0 truy\u1ec1n n\u1ed9i dung k\u1ef9 thu\u1eadt s\u1ed1 c\u1ee7a b\u1ea1n t\u1edbi m\u00e1y t\u00ednh, smartphone, Samsung TV, Apple TV, Google Chromecast v\u00e0 thi\u1ebft b\u1ecb DLNA.<\/p>\n<p><img decoding=\"async\" class=\"aligncenter wp-image-1513 size-full\" src=\"https:\/\/vietcorp.com\/store\/wp-content\/uploads\/2020\/11\/4K_dark_pad_01.png\" alt=\"Vietcorp ph\u00e2n ph\u1ed1i NAS Synology DS218play\" width=\"800\" height=\"450\" srcset=\"https:\/\/vietcorp.com\/store\/wp-content\/uploads\/2020\/11\/4K_dark_pad_01.png?v=1668220035 800w, https:\/\/vietcorp.com\/store\/wp-content\/uploads\/2020\/11\/4K_dark_pad_01-600x338.png?v=1668220035 600w, https:\/\/vietcorp.com\/store\/wp-content\/uploads\/2020\/11\/4K_dark_pad_01-768x432.png?v=1668220035 768w, https:\/\/vietcorp.com\/store\/wp-content\/uploads\/2020\/11\/4K_dark_pad_01-640x360.png?v=1668220035 640w, https:\/\/vietcorp.com\/store\/wp-content\/uploads\/2020\/11\/4K_dark_pad_01-400x225.png?v=1668220035 400w, https:\/\/vietcorp.com\/store\/wp-content\/uploads\/2020\/11\/4K_dark_pad_01-367x206.png?v=1668220035 367w\" sizes=\"(max-width: 800px) 100vw, 800px\" \/><\/p>\n<h2><span style=\"color: #0000ff;\"><strong>T\u00edch h\u1ee3p li\u1ec1n m\u1ea1ch v\u1edbi c\u00e1c thi\u1ebft b\u1ecb di \u0111\u1ed9ng c\u1ee7a b\u1ea1n<\/strong><\/span><\/h2>\n<p>C\u00e1c \u1ee9ng d\u1ee5ng di \u0111\u1ed9ng \u0111\u01b0\u1ee3c thi\u1ebft k\u1ebf \u0111\u1ec3 cho ph\u00e9p truy c\u1eadp nhanh ch\u00f3ng v\u00e0 an to\u00e0n v\u00e0o d\u1eef li\u1ec7u c\u1ee7a b\u1ea1n m\u1ecdi l\u00fac m\u1ecdi n\u01a1i.<\/p>\n<p><img decoding=\"async\" class=\"alignnone wp-image-1514 size-full\" src=\"https:\/\/vietcorp.com\/store\/wp-content\/uploads\/2020\/11\/nas-synology-ds218play-mobile_devices_style_c_01_reverse-vietcorp.jpg\" alt=\"Vietcorp ph\u00e2n ph\u1ed1i NAS Synology DS218play\" width=\"1840\" height=\"448\" srcset=\"https:\/\/vietcorp.com\/store\/wp-content\/uploads\/2020\/11\/nas-synology-ds218play-mobile_devices_style_c_01_reverse-vietcorp.jpg?v=1668220029 1840w, https:\/\/vietcorp.com\/store\/wp-content\/uploads\/2020\/11\/nas-synology-ds218play-mobile_devices_style_c_01_reverse-vietcorp-1024x249.jpg?v=1668220029 1024w, https:\/\/vietcorp.com\/store\/wp-content\/uploads\/2020\/11\/nas-synology-ds218play-mobile_devices_style_c_01_reverse-vietcorp-768x187.jpg?v=1668220029 768w, https:\/\/vietcorp.com\/store\/wp-content\/uploads\/2020\/11\/nas-synology-ds218play-mobile_devices_style_c_01_reverse-vietcorp-1536x374.jpg?v=1668220029 1536w, https:\/\/vietcorp.com\/store\/wp-content\/uploads\/2020\/11\/nas-synology-ds218play-mobile_devices_style_c_01_reverse-vietcorp-640x156.jpg?v=1668220029 640w, https:\/\/vietcorp.com\/store\/wp-content\/uploads\/2020\/11\/nas-synology-ds218play-mobile_devices_style_c_01_reverse-vietcorp-400x97.jpg?v=1668220029 400w, https:\/\/vietcorp.com\/store\/wp-content\/uploads\/2020\/11\/nas-synology-ds218play-mobile_devices_style_c_01_reverse-vietcorp-367x89.jpg?v=1668220029 367w, https:\/\/vietcorp.com\/store\/wp-content\/uploads\/2020\/11\/nas-synology-ds218play-mobile_devices_style_c_01_reverse-vietcorp-600x146.jpg?v=1668220029 600w\" sizes=\"(max-width: 1840px) 100vw, 1840px\" \/><\/p>\n<h2 style=\"text-align: left;\"><strong><span style=\"color: #0000ff;\">H\u1ed7 tr\u1ee3 t<\/span><\/strong><span style=\"color: #0000ff;\"><strong>ruy c\u1eadp file d\u1ec5 d\u00e0ng v\u1edbi QuickConnect<\/strong><\/span><\/h2>\n<p>Truy c\u1eadp c\u00e1c file c\u1ee7a b\u1ea1n qua Internet m\u00e0 kh\u00f4ng g\u1eb7p r\u1eafc r\u1ed1i khi c\u00e0i \u0111\u1eb7t c\u00e1c quy t\u1eafc chuy\u1ec3n ti\u1ebfp c\u1ed5ng, DDNS ho\u1eb7c c\u00e1c c\u00e0i \u0111\u1eb7t m\u1ea1ng ph\u1ee9c t\u1ea1p kh\u00e1c. QuickConnect cho ph\u00e9p b\u1ea1n k\u1ebft n\u1ed1i qua m\u1ed9t \u0111\u1ecba ch\u1ec9 an to\u00e0n, c\u00f3 th\u1ec3 t\u00f9y ch\u1ec9nh \u0111\u1ec3 b\u1ea1n c\u00f3 th\u1ec3 truy c\u1eadp ngay l\u1eadp t\u1ee9c v\u00e0o c\u00e1c file \u0111a ph\u01b0\u01a1ng ti\u1ec7n tr\u00ean b\u1ea5t k\u1ef3 k\u1ebft n\u1ed1i Internet n\u00e0o m\u00e0 kh\u00f4ng ph\u1ea3i tr\u1ea3 th\u00eam ph\u00ed.<\/p>\n<p><img decoding=\"async\" class=\"aligncenter wp-image-1293 size-full\" src=\"https:\/\/vietcorp.com\/store\/wp-content\/uploads\/2020\/11\/nas-synology-ds120j-quickConnect_01-vietcorp.png\" alt=\"Vietcorp ph\u00e2n ph\u1ed1i NAS Synology DS218play\" width=\"692\" height=\"364\" srcset=\"https:\/\/vietcorp.com\/store\/wp-content\/uploads\/2020\/11\/nas-synology-ds120j-quickConnect_01-vietcorp.png?v=1668220331 692w, https:\/\/vietcorp.com\/store\/wp-content\/uploads\/2020\/11\/nas-synology-ds120j-quickConnect_01-vietcorp-600x316.png?v=1668220331 600w, https:\/\/vietcorp.com\/store\/wp-content\/uploads\/2020\/11\/nas-synology-ds120j-quickConnect_01-vietcorp-640x337.png?v=1668220331 640w, https:\/\/vietcorp.com\/store\/wp-content\/uploads\/2020\/11\/nas-synology-ds120j-quickConnect_01-vietcorp-400x210.png?v=1668220331 400w, https:\/\/vietcorp.com\/store\/wp-content\/uploads\/2020\/11\/nas-synology-ds120j-quickConnect_01-vietcorp-367x193.png?v=1668220331 367w\" sizes=\"(max-width: 692px) 100vw, 692px\" \/><\/p>\n<h2><span id=\"Be_ngoai_cua_DS1520\" style=\"color: #0000ff;\"><strong>B\u1ec1 ngo\u00e0i c\u1ee7a NAS Synology DS218play<\/strong><\/span><\/h2>\n<table>\n<tbody>\n<tr>\n<td><strong><span style=\"vertical-align: inherit;\">M\u1eb7t tr\u01b0\u1edbc NAS Synology DS218play<\/span><\/strong><\/td>\n<td><strong><span style=\"vertical-align: inherit;\">M\u1eb7t sau NAS Synology DS218play<\/span><\/strong><\/td>\n<\/tr>\n<tr>\n<td><img decoding=\"async\" class=\"alignnone wp-image-1516 size-full\" src=\"https:\/\/vietcorp.com\/store\/wp-content\/uploads\/2020\/11\/nas-synology-ds218play-backpanel_01-vietcorp.png\" alt=\"NAS Synology DS218play 2 bays 1\" width=\"307\" height=\"394\" \/><\/td>\n<td><img decoding=\"async\" class=\"alignnone wp-image-1517 size-full\" src=\"https:\/\/vietcorp.com\/store\/wp-content\/uploads\/2020\/11\/nas-synology-ds218play-backpanel_02-vietcorp.png\" alt=\"Vietcorp ph\u00e2n ph\u1ed1i NAS Synology DS218play 3\" width=\"314\" height=\"394\" \/><\/td>\n<\/tr>\n<tr>\n<td>\u00a01. \u0110\u00e8n b\u00e1o tr\u1ea1ng th\u00e1i<\/td>\n<td><span style=\"vertical-align: inherit;\">6. C\u1ed5ng USB 3.0<\/span><\/td>\n<\/tr>\n<tr>\n<td><span style=\"vertical-align: inherit;\">2. \u0110\u00e8n b\u00e1o\u00a0m\u1ea1ng LAN<\/span><\/td>\n<td><span style=\"vertical-align: inherit;\">7. N\u00fat reset<\/span><\/td>\n<\/tr>\n<tr>\n<td><span style=\"vertical-align: inherit;\">3. \u0110\u00e8n b\u00e1o tr\u1ea1ng th\u00e1i \u1ed5 c\u1ee9ng<\/span><\/td>\n<td><span style=\"vertical-align: inherit;\">8. Network port RJ-45\u00a01GbE\u00a0<\/span><\/td>\n<\/tr>\n<tr>\n<td><span style=\"vertical-align: inherit;\">4. N\u00fat ngu\u1ed3n v\u00e0 \u0111\u00e8n b\u00e1o<\/span><\/td>\n<td><span style=\"vertical-align: inherit;\">9. Khe b\u1ea3o m\u1eadt Kensington<\/span><\/td>\n<\/tr>\n<tr>\n<td><span style=\"vertical-align: inherit;\">5. Qu\u1ea1t h\u1ec7 th\u1ed1ng<\/span><\/td>\n<td><span style=\"vertical-align: inherit;\">10. Ngu\u1ed3n \u0111i\u1ec7n<\/span><\/td>\n<\/tr>\n<tr>\n<td><\/td>\n<td><\/td>\n<\/tr>\n<tr>\n<td><\/td>\n<td><\/td>\n<\/tr>\n<tr>\n<td><\/td>\n<td><\/td>\n<\/tr>\n<\/tbody>\n<\/table>\n<p>Xem th\u00eam th\u00f4ng tin h\u1ed7 tr\u1ee3 cho\u00a0<strong>Thi\u1ebft b\u1ecb l\u01b0u tr\u1eef NAS Synology DS218play<\/strong><\/p>\n<ul>\n<li><a href=\"https:\/\/www.vietcorp.com\/vn\/2819\/chung-nhan-vietcorp-doi-tac-cua-synology\/\">Ch\u1ee9ng nh\u1eadn Synology<\/a><\/li>\n<li><a href=\"https:\/\/vietcorp.com\/support\/synology\/\">Support Synology<\/a><\/li>\n<li><a href=\"https:\/\/www.vietcorp.com\/blog\/tag\/showcase-synology\/\">Showcase Synology<\/a><\/li>\n<\/ul>\n<p>[\/vc_column_text][\/vc_column][\/vc_row]<\/p>\n<\/section>","protected":false},"excerpt":{"rendered":"<h4 style=\"color: red;\"><strong>S\u1ea2N PH\u1ea8M NG\u1eeaNG KINH DOANH<\/strong><\/h4>\n<p><a href=\"https:\/\/www.vietcorp.com\/blog\/danh-sach-san-pham-synology-ngung-kinh-doanh-14724.html\/\">(Danh s\u00e1ch s\u1ea3n ph\u1ea9m Synology ng\u1eebng kinh doanh)<\/a><br \/>\nThi\u1ebft b\u1ecb l\u01b0u tr\u1eef NAS Synology DS218play<br \/>\nQuad-Core 1.4 GHz CPU<br \/>\n1 x 1GbE RJ-45 ports<br \/>\n112 MB\/s reading, 112 MB\/s writing<br \/>\nB\u1ea3o h\u00e0nh 24 th\u00e1ng<\/p>\n","protected":false},"featured_media":2728,"template":"","meta":[],"product_brand":[],"product_cat":[337],"product_tag":[],"class_list":{"0":"post-19","1":"product","2":"type-product","3":"status-publish","4":"has-post-thumbnail","6":"product_cat-san-pham-ngung-kinh-doanh","7":"pa_bao-hanh-24-thang","8":"pa_bo-nho-ram-1-gb","9":"pa_bo-vxl-cpu-realtek","10":"pa_chung-loai-nas","11":"pa_cong-giao-tiep-1-x-rj-45-1gbe","12":"pa_cong-giao-tiep-2-x-usb-3-0","13":"pa_drive-bays-2-bays","14":"pa_dung-luong-chua-co-o-cung","15":"pa_form-factor-tower","16":"pa_muc-dich-su-dung-danh-cho-doanh-nghiep-nho","17":"pa_muc-dich-su-dung-danh-cho-doanh-nghiep-vua","18":"pa_tinh-nang-phan-cung-64-bit-architecture","20":"first","21":"outofstock","22":"taxable","23":"shipping-taxable","24":"product-type-simple"},"_links":{"self":[{"href":"https:\/\/vietcorp.com\/store\/wp-json\/wp\/v2\/product\/19","targetHints":{"allow":["GET"]}}],"collection":[{"href":"https:\/\/vietcorp.com\/store\/wp-json\/wp\/v2\/product"}],"about":[{"href":"https:\/\/vietcorp.com\/store\/wp-json\/wp\/v2\/types\/product"}],"wp:featuredmedia":[{"embeddable":true,"href":"https:\/\/vietcorp.com\/store\/wp-json\/wp\/v2\/media\/2728"}],"wp:attachment":[{"href":"https:\/\/vietcorp.com\/store\/wp-json\/wp\/v2\/media?parent=19"}],"wp:term":[{"taxonomy":"product_brand","embeddable":true,"href":"https:\/\/vietcorp.com\/store\/wp-json\/wp\/v2\/product_brand?post=19"},{"taxonomy":"product_cat","embeddable":true,"href":"https:\/\/vietcorp.com\/store\/wp-json\/wp\/v2\/product_cat?post=19"},{"taxonomy":"product_tag","embeddable":true,"href":"https:\/\/vietcorp.com\/store\/wp-json\/wp\/v2\/product_tag?post=19"}],"curies":[{"name":"wp","href":"https:\/\/api.w.org\/{rel}","templated":true}]}}