


{"id":1626,"date":"2021-02-18T14:01:09","date_gmt":"2021-02-18T07:01:09","guid":{"rendered":"https:\/\/www.vietcorp.com\/store\/1626\/nas-synology-rs1221-nas-8-bays\/"},"modified":"2025-02-21T14:31:33","modified_gmt":"2025-02-21T07:31:33","slug":"thiet-bi-luu-tru-nas-synology-rs1221","status":"publish","type":"product","link":"https:\/\/vietcorp.com\/store\/1626\/thiet-bi-luu-tru-nas-synology-rs1221\/","title":{"rendered":"Synology RS1221+"},"content":{"rendered":"<p><a href=\"https:\/\/www.vietcorp.com\/store\/nas-synology\/\">Thi\u1ebft b\u1ecb l\u01b0u tr\u1eef NAS Synology<\/a> RS1221+ thi\u1ebft k\u1ebf tri\u1ec3n khai trong m\u00f4i tr\u01b0\u1eddng c\u00f3 kh\u00f4ng gian h\u1eb9p. Ch\u1ebf \u0111\u1ed9 \u0111\u1ecdc ng\u1eabu nhi\u00ean h\u01a1n 100K IOPS 4K v\u00e0 2,315 MB\/s \u0111\u1ecdc tu\u1ea7n t\u1ef1, RS1221+ \u0111\u01b0\u1ee3c trang b\u1ecb \u0111\u1ec3 x\u1eed l\u00fd kh\u1ed1i l\u01b0\u1ee3ng c\u00f4ng vi\u1ec7c n\u1eb7ng trong m\u00f4i tr\u01b0\u1eddng s\u1eed d\u1ee5ng nhi\u1ec1u d\u1eef li\u1ec7u.<\/p>\n<h2><span style=\"color: #0000ff;\"><strong>Ph\u1ea7n c\u1ee9ng m\u1ea1nh m\u1ebd<\/strong><\/span><\/h2>\n<ul>\n<li><strong>CPU b\u1ed9 x\u1eed l\u00fd<\/strong> : AMD Ryzen<sup>\u2122<\/sup>\u00a0V1500B quad-core 2.2 GHz<\/li>\n<li><strong>RAM <\/strong>: 4 GB ECC DDR4, c\u00f3 th\u1ec3 m\u1edf r\u1ed9ng l\u00ean \u0111\u1ebfn 32GB<\/li>\n<li><strong>Network<\/strong>: T\u00edch h\u1ee3p 4 c\u1ed5ng m\u1ea1ng RJ-45 1GbE<\/li>\n<li><b>M\u1edf r\u1ed9ng:\u00a0<\/b>v\u1edbi m\u1ed9t RX418, n\u00f3 c\u00f3 th\u1ec3 \u0111\u01b0\u1ee3c m\u1edf r\u1ed9ng l\u00ean 12 \u1ed5 c\u1ee9ng<\/li>\n<\/ul>\n<p><center><iframe loading=\"lazy\" title=\"YouTube video player\" src=\"https:\/\/www.youtube.com\/embed\/Od7AnRlha-4\" width=\"560\" height=\"315\" frameborder=\"0\" allowfullscreen=\"allowfullscreen\"><\/iframe><\/center><\/p>\n<h2><span style=\"color: #0000ff;\"><strong>Thi\u1ebft k\u1ebf nh\u1ecf g\u1ecdn, ti\u1ebft ki\u1ec7m kh\u00f4ng gian<\/strong><\/span><\/h2>\n<p>NAS Synology RS1221+ v\u00e0 c\u00e1c \u0111\u01a1n v\u1ecb m\u1edf r\u1ed9ng RX418 c\u1ee7a n\u00f3 \u0111\u01b0\u1ee3c thi\u1ebft k\u1ebf \u0111\u1ec3 gi\u00fap b\u1ea1n ti\u1ebft ki\u1ec7m kh\u00f4ng gian khi tri\u1ec3n khai nh\u1ecf g\u1ecdn.<\/p>\n<ul>\n<li>Ph\u00f9 h\u1ee3p v\u1edbi t\u1ee7 rackmount<\/li>\n<li>D\u1ec5 d\u00e0ng l\u1eafp \u0111\u1eb7t tr\u00ean gi\u00e1 \u0111\u1ee1 2U<\/li>\n<\/ul>\n<p><img decoding=\"async\" class=\"size-full wp-image-1683 aligncenter\" src=\"https:\/\/www.vietcorp.com\/store\/wp-content\/uploads\/2021\/02\/rackmount-vietcorp-phan-phoi-nas-synology.png\" alt=\"Thi\u1ebft b\u1ecb l\u01b0u tr\u1eef NAS Synology RS1221+ 1\" width=\"920\" height=\"481\" srcset=\"https:\/\/vietcorp.com\/store\/wp-content\/uploads\/2021\/02\/rackmount-vietcorp-phan-phoi-nas-synology.png?v=1668219838 920w, https:\/\/vietcorp.com\/store\/wp-content\/uploads\/2021\/02\/rackmount-vietcorp-phan-phoi-nas-synology-600x314.png?v=1668219838 600w, https:\/\/vietcorp.com\/store\/wp-content\/uploads\/2021\/02\/rackmount-vietcorp-phan-phoi-nas-synology-768x402.png?v=1668219838 768w, https:\/\/vietcorp.com\/store\/wp-content\/uploads\/2021\/02\/rackmount-vietcorp-phan-phoi-nas-synology-640x335.png?v=1668219838 640w, https:\/\/vietcorp.com\/store\/wp-content\/uploads\/2021\/02\/rackmount-vietcorp-phan-phoi-nas-synology-400x209.png?v=1668219838 400w, https:\/\/vietcorp.com\/store\/wp-content\/uploads\/2021\/02\/rackmount-vietcorp-phan-phoi-nas-synology-367x192.png?v=1668219838 367w\" sizes=\"(max-width: 920px) 100vw, 920px\" \/><\/p>\n<h2>\u00a0<span style=\"color: #0000ff;\">L\u01b0u tr\u1eef an to\u00e0n<\/span><\/h2>\n<ul>\n<li><strong>Ngu\u1ed3n d\u1ef1 ph\u00f2ng: <\/strong>Gi\u1ea3m nguy c\u01a1 gi\u00e1n \u0111o\u1ea1n s\u1ee5p ngu\u1ed3n \u0111\u1ed9t ng\u1ed9t ho\u1eb7c thanh ngu\u1ed3n ti\u1ebfp x\u00fac k\u00e9m g\u00e2y suy gi\u1ea3m t\u00ednh kh\u1ea3 d\u1ee5ng c\u1ee7a d\u1ecbch v\u1ee5.<\/li>\n<li><strong>T\u1ed1i \u0111a h\u00f3a t\u00ednh kh\u1ea3 d\u1ee5ng :<\/strong> <a href=\"https:\/\/www.vietcorp.com\/store\/synology-high-availability\/\">Synology High Availability<\/a> (SHA) cho gh\u00e9p k\u1ebft n\u1ed1i hai thi\u1ebft b\u1ecb gi\u1ed1ng nhau t\u1ea1o ra m\u1ed9t c\u1ee5m active-passive v\u1edbi ch\u1ebf \u0111\u1ed9 chuy\u1ec3n \u0111\u1ed5i d\u1ef1 ph\u00f2ng.<\/li>\n<li><strong>H\u1ec7 th\u1ed1ng file th\u1ebf h\u1ec7 ti\u1ebfp theo :<\/strong> \u0110\u1ecbnh d\u1ea1ng <a href=\"https:\/\/www.vietcorp.com\/store\/cach-btrfs-bao-ve-du-lieu-cong-ty-ban\/\">Btrfs<\/a> ng\u0103n ng\u1eeba h\u1ecfng d\u1eef li\u1ec7u v\u00e0 gi\u1ea3m chi ph\u00ed b\u1ea3o tr\u00ec b\u1eb1ng c\u00e1c c\u00f4ng ngh\u1ec7 l\u01b0u tr\u1eef ti\u00ean ti\u1ebfn v\u00e0 snapshot \u0111\u01b0\u1ee3c t\u1ed1i \u01b0u h\u00f3a.<\/li>\n<\/ul>\n<p><img decoding=\"async\" class=\"size-full wp-image-1684 aligncenter\" src=\"https:\/\/www.vietcorp.com\/store\/wp-content\/uploads\/2021\/02\/rs1221plus_back-vietcorp-phan-phoi-nas-synology.png\" alt=\"Thi\u1ebft b\u1ecb l\u01b0u tr\u1eef NAS Synology RS1221+ 2\" width=\"1011\" height=\"358\" srcset=\"https:\/\/vietcorp.com\/store\/wp-content\/uploads\/2021\/02\/rs1221plus_back-vietcorp-phan-phoi-nas-synology.png?v=1668219836 1011w, https:\/\/vietcorp.com\/store\/wp-content\/uploads\/2021\/02\/rs1221plus_back-vietcorp-phan-phoi-nas-synology-600x212.png?v=1668219836 600w, https:\/\/vietcorp.com\/store\/wp-content\/uploads\/2021\/02\/rs1221plus_back-vietcorp-phan-phoi-nas-synology-768x272.png?v=1668219836 768w, https:\/\/vietcorp.com\/store\/wp-content\/uploads\/2021\/02\/rs1221plus_back-vietcorp-phan-phoi-nas-synology-640x227.png?v=1668219836 640w, https:\/\/vietcorp.com\/store\/wp-content\/uploads\/2021\/02\/rs1221plus_back-vietcorp-phan-phoi-nas-synology-400x142.png?v=1668219836 400w, https:\/\/vietcorp.com\/store\/wp-content\/uploads\/2021\/02\/rs1221plus_back-vietcorp-phan-phoi-nas-synology-367x130.png?v=1668219836 367w\" sizes=\"(max-width: 1011px) 100vw, 1011px\" \/><\/p>\n<h2><span style=\"color: #0000ff;\"><strong>L\u01b0u tr\u1eef hi\u1ec7u su\u1ea5t cao<\/strong><\/span><\/h2>\n<p><a href=\"https:\/\/www.vietcorp.com\/store\/1626\/thiet-bi-luu-tru-nas-synology-rs1221\/\">Thi\u1ebft b\u1ecb l\u01b0u tr\u1eef NAS Synology RS1221+<\/a> cho ph\u00e9p \u0111\u1ecdc v\u00e0 ghi tu\u1ea7n t\u1ef1 l\u00ean \u0111\u1ebfn 2315\/ 1.147 MB\/s v\u00e0 IOPS \u0111\u1ecdc \/ ghi ng\u1eabu nhi\u00ean h\u01a1n 100K\/54K \u0111\u1ea3m b\u1ea3o hi\u1ec7u su\u1ea5t d\u1ed3i d\u00e0o cho c\u00e1c kh\u1ed1i l\u01b0\u1ee3ng c\u00f4ng vi\u1ec7c.<\/p>\n<p><img decoding=\"async\" class=\"size-full wp-image-1685 aligncenter\" src=\"https:\/\/www.vietcorp.com\/store\/wp-content\/uploads\/2021\/02\/with_room_01-vietcorp-phan-phoi-nas-synology.png\" alt=\"Thi\u1ebft b\u1ecb l\u01b0u tr\u1eef NAS Synology RS1221+ 3\" width=\"635\" height=\"400\" srcset=\"https:\/\/vietcorp.com\/store\/wp-content\/uploads\/2021\/02\/with_room_01-vietcorp-phan-phoi-nas-synology.png?v=1668219834 635w, https:\/\/vietcorp.com\/store\/wp-content\/uploads\/2021\/02\/with_room_01-vietcorp-phan-phoi-nas-synology-600x378.png?v=1668219834 600w, https:\/\/vietcorp.com\/store\/wp-content\/uploads\/2021\/02\/with_room_01-vietcorp-phan-phoi-nas-synology-400x252.png?v=1668219834 400w, https:\/\/vietcorp.com\/store\/wp-content\/uploads\/2021\/02\/with_room_01-vietcorp-phan-phoi-nas-synology-367x231.png?v=1668219834 367w\" sizes=\"(max-width: 635px) 100vw, 635px\" \/><\/p>\n<p style=\"text-align: center;\">SSD cache t\u0103ng IOPS \u0111\u1ecdc \/ ghi l\u00ean 16 l\u1ea7n ho\u1eb7c h\u01a1n v\u1edbi NVMe ho\u1eb7c SATA SSD Cache<\/p>\n<p>&nbsp;<\/p>\n<p><img decoding=\"async\" class=\"size-full wp-image-1686 aligncenter\" src=\"https:\/\/www.vietcorp.com\/store\/wp-content\/uploads\/2021\/02\/with_room_02-vietcorp-phan-phoi-nas-synology.png\" alt=\"Thi\u1ebft b\u1ecb l\u01b0u tr\u1eef NAS Synology RS1221+ 4\" width=\"635\" height=\"400\" srcset=\"https:\/\/vietcorp.com\/store\/wp-content\/uploads\/2021\/02\/with_room_02-vietcorp-phan-phoi-nas-synology.png?v=1668219832 635w, https:\/\/vietcorp.com\/store\/wp-content\/uploads\/2021\/02\/with_room_02-vietcorp-phan-phoi-nas-synology-600x378.png?v=1668219832 600w, https:\/\/vietcorp.com\/store\/wp-content\/uploads\/2021\/02\/with_room_02-vietcorp-phan-phoi-nas-synology-400x252.png?v=1668219832 400w, https:\/\/vietcorp.com\/store\/wp-content\/uploads\/2021\/02\/with_room_02-vietcorp-phan-phoi-nas-synology-367x231.png?v=1668219832 367w\" sizes=\"(max-width: 635px) 100vw, 635px\" \/><\/p>\n<p style=\"text-align: center;\">H\u1ed7 tr\u1ee3 card m\u1ea1ng 10GbE c\u1ea3i thi\u1ec7n t\u1ed1c \u0111\u1ed9 I\/O v\u1edbi SFP+ ho\u1eb7c RJ-45 nhanh h\u01a1n<\/p>\n<p><img decoding=\"async\" class=\"size-full wp-image-1687 aligncenter\" src=\"https:\/\/www.vietcorp.com\/store\/wp-content\/uploads\/2021\/02\/with_room_03-vietcorp-phan-phoi-nas-synology.png\" alt=\"Thi\u1ebft b\u1ecb l\u01b0u tr\u1eef NAS Synology RS1221+ 10\" width=\"635\" height=\"400\" srcset=\"https:\/\/vietcorp.com\/store\/wp-content\/uploads\/2021\/02\/with_room_03-vietcorp-phan-phoi-nas-synology.png?v=1668219831 635w, https:\/\/vietcorp.com\/store\/wp-content\/uploads\/2021\/02\/with_room_03-vietcorp-phan-phoi-nas-synology-600x378.png?v=1668219831 600w, https:\/\/vietcorp.com\/store\/wp-content\/uploads\/2021\/02\/with_room_03-vietcorp-phan-phoi-nas-synology-400x252.png?v=1668219831 400w, https:\/\/vietcorp.com\/store\/wp-content\/uploads\/2021\/02\/with_room_03-vietcorp-phan-phoi-nas-synology-367x231.png?v=1668219831 367w\" sizes=\"(max-width: 635px) 100vw, 635px\" \/><\/p>\n<p style=\"text-align: center;\">D\u1ec5 d\u00e0ng m\u1edf r\u1ed9ng quy m\u00f4 l\u00ean \u0111\u1ebfn 12 \u1ed5 \u0111\u0129a v\u1edbi m\u1ed9t thi\u1ebft b\u1ecb m\u1edf r\u1ed9ng RX418<\/p>\n<h2><span style=\"color: #0000ff;\"><strong>C\u00e1c gi\u1ea3i ph\u00e1p sao l\u01b0u t\u1ed1i \u01b0u\u00a0<\/strong><\/span><\/h2>\n<p><strong>Active Backup Suite<\/strong> cho ph\u00e9p qu\u1ea3n tr\u1ecb vi\u00ean d\u1ec5 d\u00e0ng sao l\u01b0u to\u00e0n b\u1ed9 c\u01a1 s\u1edf h\u1ea1 t\u1ea7ng CNTT v\u00e0o NAS c\u1ee7a h\u1ecd, bao g\u1ed3m m\u00e1y tr\u1ea1m v\u00e0 m\u00e1y ch\u1ee7 Windows &amp; Linux, m\u00e1y ch\u1ee7 file, m\u00e1y \u1ea3o VMware v\u00e0 Hyper-V c\u0169ng nh\u01b0 t\u00e0i kho\u1ea3n Microsoft 365 v\u00e0 Google Workspace. B\u1ea3n sao l\u01b0u gi\u00fap gi\u1ea3m vi\u1ec7c tr\u00f9ng l\u1eb7p v\u00e0 t\u1ed1i \u01b0u h\u00f3a gi\u1ea3m b\u0103ng th\u00f4ng c\u0169ng nh\u01b0 dung l\u01b0\u1ee3ng \u0111\u01b0\u1ee3c s\u1eed d\u1ee5ng.<\/p>\n<p><img decoding=\"async\" class=\"size-full wp-image-1672 aligncenter\" src=\"https:\/\/www.vietcorp.com\/store\/wp-content\/uploads\/2021\/02\/protect-vietcorp-phan-phoi-nas-synology-1.png\" alt=\"Thi\u1ebft b\u1ecb l\u01b0u tr\u1eef NAS Synology RS1221+ 5\" width=\"506\" height=\"263\" srcset=\"https:\/\/vietcorp.com\/store\/wp-content\/uploads\/2021\/02\/protect-vietcorp-phan-phoi-nas-synology-1.png?v=1668219856 506w, https:\/\/vietcorp.com\/store\/wp-content\/uploads\/2021\/02\/protect-vietcorp-phan-phoi-nas-synology-1-400x208.png?v=1668219856 400w, https:\/\/vietcorp.com\/store\/wp-content\/uploads\/2021\/02\/protect-vietcorp-phan-phoi-nas-synology-1-367x191.png?v=1668219856 367w\" sizes=\"(max-width: 506px) 100vw, 506px\" \/><\/p>\n<h2 style=\"text-align: left;\"><strong><span style=\"color: #0000ff;\"><span style=\"vertical-align: inherit;\">\u0110\u1ea7y \u0111\u1ee7 ch\u1ee9ng nh\u1eadn \u1ea3o h\u00f3a<\/span><\/span><\/strong><\/h2>\n<p><span style=\"vertical-align: inherit;\">Synology gi\u1ea3i ph\u00e1p l\u01b0u tr\u1eef iSCSI archive. Vi\u1ec7c t\u00edch h\u1ee3p VMware vSphere 6.5 v\u00e0 VAAI c\u00f3 th\u1ec3 gi\u1ea3m t\u1ea3i ho\u1ea1t \u0111\u1ed9ng l\u01b0u tr\u1eef c\u00f4ng c\u1ee5 c\u00f3 th\u1ec3 v\u00e0 t\u1ed1i \u01b0u h\u00f3a hi\u1ec7u su\u1ea5t m\u00e1y t\u00ednh. Windows Offloaded Data Transfer (ODX) c\u1ea3i thi\u1ec7n hi\u1ec7u qu\u1ea3 x\u1ee9ng \u0111\u00e1ng c\u1ee7a c\u00f4ng vi\u1ec7c v\u00e0 truy\u1ec1n d\u1eef li\u1ec7u. H\u1ed7 tr\u1ee3 OpenStack Cinder c\u0169ng c\u00f3 th\u1ec3 \u0111\u1ecbnh c\u1ea5u h\u00ecnh c\u1ee7a b\u1ea1n NAS Synology nh\u01b0 m\u1ed9t thi\u1ebft b\u1ecb l\u01b0u tr\u1eef ph\u00e2n \u0111o\u1ea1n kh\u1ed1i.<\/span><\/p>\n<p><img decoding=\"async\" class=\"wp-image-3826 size-full aligncenter\" src=\"https:\/\/vietcorp.com\/blog\/wp-content\/uploads\/2020\/12\/vmware.jpg\" alt=\"Vietcorp ph\u00e2n ph\u1ed1i NAS Synology RS3618xs\" width=\"768\" height=\"291\" \/><\/p>\n<h2><span style=\"color: #0000ff;\"><strong>Ho\u1ea1t \u0111\u1ed9ng t\u1ed1i \u01b0u v\u1edbi HDD Synology<\/strong><\/span><\/h2>\n<p>\u0110\u01b0\u1ee3c thi\u1ebft k\u1ebf \u0111\u1ec3 x\u1eed l\u00fd kh\u1ed1i l\u01b0\u1ee3ng c\u00f4ng vi\u1ec7c 24\/7 chuy\u00ean s\u00e2u, \u1ed5 \u0111\u0129a Synology lu\u00f4n mang l\u1ea1i hi\u1ec7u su\u1ea5t cao nh\u1ea5t.<\/p>\n<p><img decoding=\"async\" class=\"size-full wp-image-1660 aligncenter\" src=\"https:\/\/www.vietcorp.com\/store\/wp-content\/uploads\/2021\/02\/RS3621xsplus_back-vietcorp-phan-phoi-nas-synology-6.png\" alt=\"Thi\u1ebft b\u1ecb l\u01b0u tr\u1eef NAS Synology RS1221+ 9\" width=\"664\" height=\"386\" srcset=\"https:\/\/vietcorp.com\/store\/wp-content\/uploads\/2021\/02\/RS3621xsplus_back-vietcorp-phan-phoi-nas-synology-6.png?v=1668219864 664w, https:\/\/vietcorp.com\/store\/wp-content\/uploads\/2021\/02\/RS3621xsplus_back-vietcorp-phan-phoi-nas-synology-6-600x349.png?v=1668219864 600w, https:\/\/vietcorp.com\/store\/wp-content\/uploads\/2021\/02\/RS3621xsplus_back-vietcorp-phan-phoi-nas-synology-6-640x372.png?v=1668219864 640w, https:\/\/vietcorp.com\/store\/wp-content\/uploads\/2021\/02\/RS3621xsplus_back-vietcorp-phan-phoi-nas-synology-6-400x233.png?v=1668219864 400w, https:\/\/vietcorp.com\/store\/wp-content\/uploads\/2021\/02\/RS3621xsplus_back-vietcorp-phan-phoi-nas-synology-6-367x213.png?v=1668219864 367w\" sizes=\"(max-width: 664px) 100vw, 664px\" \/><\/p>\n<h2><strong><span style=\"color: #0000ff;\"><span style=\"vertical-align: inherit;\">Thi\u1ebft k\u1ebf v\u1edbi \u0111\u1ed9 tin c\u1eady cao<\/span><\/span><\/strong><\/h2>\n<p>NAS Synology RS1221+ \u0111\u01b0\u1ee3c h\u1ed7 tr\u1ee3 b\u1edfi b\u1ea3o h\u00e0nh ph\u1ea7n c\u1ee9ng ba n\u0103m c\u1ee7a Synology. B\u1ea3o h\u00e0nh m\u1edf r\u1ed9ng hai n\u0103m t\u00f9y ch\u1ecdn m\u1edf r\u1ed9ng ph\u1ea1m vi b\u1ea3o h\u00e0nh l\u00ean n\u0103m n\u0103m c\u00f3 s\u1eb5n \u1edf m\u1ed9t s\u1ed1 khu v\u1ef1c.<img decoding=\"async\" class=\"size-full wp-image-1690 aligncenter\" src=\"https:\/\/www.vietcorp.com\/store\/wp-content\/uploads\/2021\/02\/extended_warranty_EW202-vietcorp-phan-phoi-nas-synology.png\" alt=\"Thi\u1ebft b\u1ecb l\u01b0u tr\u1eef NAS Synology RS1221+ 8\" width=\"544\" height=\"420\" srcset=\"https:\/\/vietcorp.com\/store\/wp-content\/uploads\/2021\/02\/extended_warranty_EW202-vietcorp-phan-phoi-nas-synology.png?v=1668219825 544w, https:\/\/vietcorp.com\/store\/wp-content\/uploads\/2021\/02\/extended_warranty_EW202-vietcorp-phan-phoi-nas-synology-400x309.png?v=1668219825 400w, https:\/\/vietcorp.com\/store\/wp-content\/uploads\/2021\/02\/extended_warranty_EW202-vietcorp-phan-phoi-nas-synology-367x283.png?v=1668219825 367w\" sizes=\"(max-width: 544px) 100vw, 544px\" \/><\/p>\n<h2><span id=\"Be_ngoai_cua_DS1520\" style=\"color: #0000ff;\"><strong>B\u1ec1 ngo\u00e0i c\u1ee7a NAS Synology RS1221+<\/strong><\/span><\/h2>\n<table>\n<tbody>\n<tr>\n<td style=\"text-align: left;\"><strong>M\u1eb7t tr\u01b0\u1edbc NAS Synology RS1221+<\/strong><\/td>\n<td style=\"text-align: left;\"><strong>M\u1eb7t sau NAS Synology RS1221+<\/strong><\/td>\n<\/tr>\n<tr>\n<td><img decoding=\"async\" class=\"alignnone size-full wp-image-1688\" src=\"https:\/\/www.vietcorp.com\/store\/wp-content\/uploads\/2021\/02\/backpanel_01-vietcorp-phan-phoi-nas-synology-2.png\" alt=\"Thi\u1ebft b\u1ecb l\u01b0u tr\u1eef NAS Synology RS1221+ 6\" width=\"700\" height=\"256\" srcset=\"https:\/\/vietcorp.com\/store\/wp-content\/uploads\/2021\/02\/backpanel_01-vietcorp-phan-phoi-nas-synology-2.png?v=1668219826 700w, https:\/\/vietcorp.com\/store\/wp-content\/uploads\/2021\/02\/backpanel_01-vietcorp-phan-phoi-nas-synology-2-600x219.png?v=1668219826 600w, https:\/\/vietcorp.com\/store\/wp-content\/uploads\/2021\/02\/backpanel_01-vietcorp-phan-phoi-nas-synology-2-640x234.png?v=1668219826 640w, https:\/\/vietcorp.com\/store\/wp-content\/uploads\/2021\/02\/backpanel_01-vietcorp-phan-phoi-nas-synology-2-400x146.png?v=1668219826 400w, https:\/\/vietcorp.com\/store\/wp-content\/uploads\/2021\/02\/backpanel_01-vietcorp-phan-phoi-nas-synology-2-367x134.png?v=1668219826 367w\" sizes=\"(max-width: 700px) 100vw, 700px\" \/><\/td>\n<td><img decoding=\"async\" class=\"alignnone size-full wp-image-1681\" src=\"https:\/\/www.vietcorp.com\/store\/wp-content\/uploads\/2021\/02\/backpanel_02-vietcorp-phan-phoi-nas-synology-2.png\" alt=\"Thi\u1ebft b\u1ecb l\u01b0u tr\u1eef NAS Synology RS1221+ 7\" width=\"700\" height=\"256\" srcset=\"https:\/\/vietcorp.com\/store\/wp-content\/uploads\/2021\/02\/backpanel_02-vietcorp-phan-phoi-nas-synology-2.png?v=1668219841 700w, https:\/\/vietcorp.com\/store\/wp-content\/uploads\/2021\/02\/backpanel_02-vietcorp-phan-phoi-nas-synology-2-600x219.png?v=1668219841 600w, https:\/\/vietcorp.com\/store\/wp-content\/uploads\/2021\/02\/backpanel_02-vietcorp-phan-phoi-nas-synology-2-640x234.png?v=1668219841 640w, https:\/\/vietcorp.com\/store\/wp-content\/uploads\/2021\/02\/backpanel_02-vietcorp-phan-phoi-nas-synology-2-400x146.png?v=1668219841 400w, https:\/\/vietcorp.com\/store\/wp-content\/uploads\/2021\/02\/backpanel_02-vietcorp-phan-phoi-nas-synology-2-367x134.png?v=1668219841 367w\" sizes=\"(max-width: 700px) 100vw, 700px\" \/><\/td>\n<\/tr>\n<tr>\n<td>1. \u0110\u00e8n b\u00e1o ngu\u1ed3n<\/td>\n<td>9. Khe c\u1eafm m\u1edf r\u1ed9ng PCIe<\/td>\n<\/tr>\n<tr>\n<td>2. N\u00fat ngu\u1ed3n<\/td>\n<td>10. N\u00fat reset<\/td>\n<\/tr>\n<tr>\n<td>3. N\u00fat t\u1eaft c\u1ea3nh b\u00e1o<\/td>\n<td>11. C\u1ed5ng USB 3.2 Gen 1<\/td>\n<\/tr>\n<tr>\n<td>4. \u0110\u00e8n b\u00e1o tr\u1ea1ng th\u00e1i<\/td>\n<td>12. Network 1GbE RJ-45<\/td>\n<\/tr>\n<tr>\n<td>5. \u0110\u00e8n b\u00e1o c\u1ea3nh b\u00e1o<\/td>\n<td>13. C\u1ed5ng m\u1edf r\u1ed9ng<\/td>\n<\/tr>\n<tr>\n<td>6. \u0110\u00e8n b\u00e1o tr\u1ea1ng th\u00e1i \u1ed5 \u0111\u0129a<\/td>\n<td>14. Console port<\/td>\n<\/tr>\n<tr>\n<td>7. Khay \u1ed5 \u0111\u0129a<\/td>\n<td>15. Ngu\u1ed3n \u0111i\u1ec7n<\/td>\n<\/tr>\n<tr>\n<td>8. Qu\u1ea1t h\u1ec7 th\u1ed1ng<\/td>\n<td><\/td>\n<\/tr>\n<\/tbody>\n<\/table>\n<p>Xem th\u00eam th\u00f4ng tin h\u1ed7 tr\u1ee3 cho <strong>thi\u1ebft b\u1ecb l\u01b0u tr\u1eef NAS Synology RS1221+<\/strong><\/p>\n<ul>\n<li><a href=\"https:\/\/www.vietcorp.com\/vn\/chung-nhan-synology\/\">Ch\u1ee9ng nh\u1eadn Synology<\/a><\/li>\n<li><a href=\"https:\/\/vietcorp.com\/support\/synology\/\">Support Synology<\/a><\/li>\n<li><a href=\"https:\/\/www.vietcorp.com\/blog\/tag\/showcase-synology\/\">Showcase Synology<\/a><\/li>\n<\/ul>\n","protected":false},"excerpt":{"rendered":"<p>Thi\u1ebft b\u1ecb l\u01b0u tr\u1eef NAS Synology RS1221+<br \/>\nNAS 8 khay \u1ed5 \u0111\u0129a max 12 \u1ed5 \u0111\u0129a<br \/>\n4 GB DDR4 ECC up to 32 GB<br \/>\n4 RJ-45 1GbE<br \/>\nB\u1ea3o h\u00e0nh 36 th\u00e1ng<\/p>\n","protected":false},"featured_media":7026,"template":"","meta":[],"product_brand":[],"product_cat":[15,406],"product_tag":[35,500,52,31,498,23,499],"class_list":{"0":"post-1626","1":"product","2":"type-product","3":"status-publish","4":"has-post-thumbnail","6":"product_cat-nas","7":"product_cat-rackstation-plus-series","8":"product_tag-nas-8-bay","9":"product_tag-nas-rs1221","10":"product_tag-nas-synology","11":"product_tag-rackstation","12":"product_tag-rs1221","13":"product_tag-synology","14":"product_tag-synology-rs1221","15":"pa_bao-hanh-36-thang","16":"pa_bo-nho-ram-4-gb","17":"pa_bo-nho-ram-mo-rong-den-32-gb","18":"pa_bo-vxl-cpu-amd-ryzen","19":"pa_chung-loai-nas","20":"pa_cong-giao-tiep-1-x-esata","21":"pa_cong-giao-tiep-2-x-usb-3-2-gen-1-port","22":"pa_cong-giao-tiep-4-x-rj-45-1gbe","23":"pa_drive-bays-8-bays","24":"pa_drive-bays-mo-rong-den-12-bays","25":"pa_form-factor-2u-rackmount","26":"pa_muc-dich-su-dung-danh-cho-doanh-nghiep-lon","27":"pa_muc-dich-su-dung-danh-cho-doanh-nghiep-vua","28":"pa_muc-dich-su-dung-enterprise-storage","29":"pa_thuong-hieu-synology","30":"pa_tinh-nang-phan-cung-64-bit-architecture","31":"pa_tinh-nang-phan-cung-encryption-engine-aes-ni","32":"pa_tinh-nang-phan-cung-expandable-storage-capacity","33":"pa_tinh-nang-phan-cung-hot-swappable-drives","34":"pa_tinh-nang-phan-cung-upgradeable-ram","35":"pa_tinh-nang-phan-mem-active-backup-for-business","36":"pa_tinh-nang-phan-mem-btrfs-file-system","37":"pa_tinh-nang-phan-mem-mailplus","38":"pa_tinh-nang-phan-mem-snapshot-replication","39":"pa_tinh-nang-phan-mem-synology-high-availability","40":"pa_tinh-nang-phan-mem-virtual-machine-manager","42":"first","43":"instock","44":"taxable","45":"shipping-taxable","46":"product-type-simple"},"_links":{"self":[{"href":"https:\/\/vietcorp.com\/store\/wp-json\/wp\/v2\/product\/1626","targetHints":{"allow":["GET"]}}],"collection":[{"href":"https:\/\/vietcorp.com\/store\/wp-json\/wp\/v2\/product"}],"about":[{"href":"https:\/\/vietcorp.com\/store\/wp-json\/wp\/v2\/types\/product"}],"wp:featuredmedia":[{"embeddable":true,"href":"https:\/\/vietcorp.com\/store\/wp-json\/wp\/v2\/media\/7026"}],"wp:attachment":[{"href":"https:\/\/vietcorp.com\/store\/wp-json\/wp\/v2\/media?parent=1626"}],"wp:term":[{"taxonomy":"product_brand","embeddable":true,"href":"https:\/\/vietcorp.com\/store\/wp-json\/wp\/v2\/product_brand?post=1626"},{"taxonomy":"product_cat","embeddable":true,"href":"https:\/\/vietcorp.com\/store\/wp-json\/wp\/v2\/product_cat?post=1626"},{"taxonomy":"product_tag","embeddable":true,"href":"https:\/\/vietcorp.com\/store\/wp-json\/wp\/v2\/product_tag?post=1626"}],"curies":[{"name":"wp","href":"https:\/\/api.w.org\/{rel}","templated":true}]}}