


{"id":1622,"date":"2021-02-18T14:01:01","date_gmt":"2021-02-18T07:01:01","guid":{"rendered":"https:\/\/www.vietcorp.com\/store\/1622\/nas-synology-rs3621xs-nas-12-bays\/"},"modified":"2025-02-21T13:43:28","modified_gmt":"2025-02-21T06:43:28","slug":"thiet-bi-luu-tru-nas-synology-rs3621xs","status":"publish","type":"product","link":"https:\/\/vietcorp.com\/store\/1622\/thiet-bi-luu-tru-nas-synology-rs3621xs\/","title":{"rendered":"Synology RS3621xs+"},"content":{"rendered":"<p><a href=\"https:\/\/www.vietcorp.com\/store\/1622\/thiet-bi-luu-tru-nas-synology-rs3621xs\/\"><strong>Thi\u1ebft b\u1ecb l\u01b0u tr\u1eef NAS Synology RS3621xs+<\/strong><\/a> d\u00e0nh cho doanh nghi\u1ec7p v\u1edbi hi\u1ec7u su\u1ea5t cao \u0111\u01b0\u1ee3c x\u00e2y d\u1ef1ng \u0111\u1ea3m b\u1ea3o \u0111\u1ed9 ch\u00ednh x\u00e1c v\u00e0 b\u1ea3o m\u1eadt c\u1ee7a d\u1eef li\u1ec7u.<\/p>\n<h2><span style=\"color: #0000ff;\"><strong>Ph\u1ea7n c\u1ee9ng m\u1ea1nh m\u1ebd<\/strong><\/span><\/h2>\n<ul>\n<li><strong>CPU b\u1ed9 x\u1eed l\u00fd<\/strong> : Intel<sup>\u00ae<\/sup>\u00a0Xeon<sup>\u00ae<\/sup>\u00a0D-1541 8-core 2.1 GHz<\/li>\n<li><strong>RAM <\/strong>: 8 GB ECC DDR4, c\u00f3 th\u1ec3 m\u1edf r\u1ed9ng l\u00ean \u0111\u1ebfn 64GB<\/li>\n<li><strong>Network<\/strong>: T\u00edch h\u1ee3p c\u1ed5ng m\u1ea1ng RJ-45 10GbE<\/li>\n<li><b>M\u1edf r\u1ed9ng:\u00a0<\/b>v\u1edbi hai RX1217\/RX1217RP, n\u00f3 c\u00f3 th\u1ec3 \u0111\u01b0\u1ee3c m\u1edf r\u1ed9ng l\u00ean 36 \u1ed5 c\u1ee9ng<\/li>\n<\/ul>\n<p><iframe loading=\"lazy\" title=\"Review NAS Snology RS3621xs+ | Vietcorp.com\" width=\"1140\" height=\"641\" src=\"https:\/\/www.youtube.com\/embed\/LYp9fEaSPJ4?feature=oembed&#038;enablejsapi=1&#038;origin=https:\/\/www.vietcorp.com\" frameborder=\"0\" allow=\"accelerometer; autoplay; clipboard-write; encrypted-media; gyroscope; picture-in-picture; web-share\" referrerpolicy=\"strict-origin-when-cross-origin\" allowfullscreen><\/iframe><\/p>\n<h2><span style=\"color: #0000ff;\"><strong>L\u01b0u tr\u1eef an to\u00e0n<\/strong><\/span><\/h2>\n<p><strong><a href=\"https:\/\/www.vietcorp.com\/store\/nas-synology\/\">Thi\u1ebft b\u1ecb l\u01b0u tr\u1eef NAS Synology<\/a> RS3621xs+<\/strong> gi\u1eef cho d\u1eef li\u1ec7u c\u1ee7a b\u1ea1n \u0111\u01b0\u1ee3c b\u1ea3o v\u1ec7 trong khi b\u1ea1n t\u1eadp trung v\u00e0o vi\u1ec7c cung c\u1ea5p k\u1ebft qu\u1ea3 t\u1ed1t nh\u1ea5t cho kh\u00e1ch h\u00e0ng c\u1ee7a m\u00ecnh &#8211; ngay c\u1ea3 khi th\u1ea3m h\u1ecda x\u1ea3y ra.<\/p>\n<ul>\n<li>Ngu\u1ed3n d\u1ef1 ph\u00f2ng : cung c\u1ea5p kh\u1ea3 n\u0103ng b\u1ea3o v\u1ec7 ch\u1ed1ng l\u1ea1i s\u1ef1 c\u1ed1 l\u1ed7i ngu\u1ed3n ho\u1eb7c c\u00f3 th\u1ec3 thay th\u1ebf n\u00f3ng m\u00e0 kh\u00f4ng c\u1ea7n t\u1eaft ngu\u1ed3n h\u1ec7 th\u1ed1ng.<\/li>\n<li>T\u1ed1i \u0111a h\u00f3a t\u00ednh kh\u1ea3 d\u1ee5ng : <a href=\"https:\/\/www.vietcorp.com\/store\/synology-high-availability\/\">Synology High Availability<\/a> (SHA) cho gh\u00e9p k\u1ebft n\u1ed1i hai thi\u1ebft b\u1ecb gi\u1ed1ng nhau t\u1ea1o ra m\u1ed9t c\u1ee5m active-passive v\u1edbi ch\u1ebf \u0111\u1ed9 chuy\u1ec3n \u0111\u1ed5i d\u1ef1 ph\u00f2ng.<\/li>\n<li>H\u1ec7 th\u1ed1ng file th\u1ebf h\u1ec7 ti\u1ebfp theo : \u0110\u1ecbnh d\u1ea1ng <a href=\"https:\/\/www.vietcorp.com\/store\/cach-btrfs-bao-ve-du-lieu-cong-ty-ban\/\">Btrfs<\/a> ng\u0103n ng\u1eeba h\u1ecfng d\u1eef li\u1ec7u v\u00e0 gi\u1ea3m chi ph\u00ed b\u1ea3o tr\u00ec b\u1eb1ng c\u00e1c c\u00f4ng ngh\u1ec7 l\u01b0u tr\u1eef ti\u00ean ti\u1ebfn v\u00e0 snapshot \u0111\u01b0\u1ee3c t\u1ed1i \u01b0u h\u00f3a.<\/li>\n<\/ul>\n<div class=\"s-bnb-intro\"><\/div>\n<p><img decoding=\"async\" class=\"alignnone size-full wp-image-1654\" src=\"https:\/\/www.vietcorp.com\/store\/wp-content\/uploads\/2021\/02\/RS3621xsplus_back-vietcorp-phan-phoi-nas-synology.png\" alt=\"Thi\u1ebft b\u1ecb l\u01b0u tr\u1eef NAS Synology RS3621xs+1\" width=\"1097\" height=\"364\" srcset=\"https:\/\/vietcorp.com\/store\/wp-content\/uploads\/2021\/02\/RS3621xsplus_back-vietcorp-phan-phoi-nas-synology.png?v=1668219877 1097w, https:\/\/vietcorp.com\/store\/wp-content\/uploads\/2021\/02\/RS3621xsplus_back-vietcorp-phan-phoi-nas-synology-600x199.png?v=1668219877 600w, https:\/\/vietcorp.com\/store\/wp-content\/uploads\/2021\/02\/RS3621xsplus_back-vietcorp-phan-phoi-nas-synology-1024x340.png?v=1668219877 1024w, https:\/\/vietcorp.com\/store\/wp-content\/uploads\/2021\/02\/RS3621xsplus_back-vietcorp-phan-phoi-nas-synology-768x255.png?v=1668219877 768w, https:\/\/vietcorp.com\/store\/wp-content\/uploads\/2021\/02\/RS3621xsplus_back-vietcorp-phan-phoi-nas-synology-640x212.png?v=1668219877 640w, https:\/\/vietcorp.com\/store\/wp-content\/uploads\/2021\/02\/RS3621xsplus_back-vietcorp-phan-phoi-nas-synology-400x133.png?v=1668219877 400w, https:\/\/vietcorp.com\/store\/wp-content\/uploads\/2021\/02\/RS3621xsplus_back-vietcorp-phan-phoi-nas-synology-367x122.png?v=1668219877 367w\" sizes=\"(max-width: 1097px) 100vw, 1097px\" \/><\/p>\n<h2><strong><span style=\"color: #0000ff;\">Ph\u00f9 h\u1ee3p v\u1edbi doanh nghi\u1ec7p<\/span><\/strong><\/h2>\n<p>Thi\u1ebft b\u1ecb l\u01b0u tr\u1eef NAS Synology RS3621xs+ bao g\u1ed3m hai khe c\u1eafm PCIe \u0111\u1ec3 n\u00e2ng c\u1ea5p hi\u1ec7u su\u1ea5t m\u1ea1ng cho ph\u00e9p n\u00f3 th\u00edch \u1ee9ng v\u1edbi m\u1ecdi m\u00f4i tr\u01b0\u1eddng kinh doanh<\/p>\n<p><img decoding=\"async\" class=\"size-full wp-image-1655 aligncenter\" src=\"https:\/\/www.vietcorp.com\/store\/wp-content\/uploads\/2021\/02\/RS3621xsplus_back-vietcorp-phan-phoi-nas-synology-3.png\" alt=\"Thi\u1ebft b\u1ecb l\u01b0u tr\u1eef NAS Synology RS3621xs+2\" width=\"1122\" height=\"758\" srcset=\"https:\/\/vietcorp.com\/store\/wp-content\/uploads\/2021\/02\/RS3621xsplus_back-vietcorp-phan-phoi-nas-synology-3.png?v=1668219875 1122w, https:\/\/vietcorp.com\/store\/wp-content\/uploads\/2021\/02\/RS3621xsplus_back-vietcorp-phan-phoi-nas-synology-3-600x405.png?v=1668219875 600w, https:\/\/vietcorp.com\/store\/wp-content\/uploads\/2021\/02\/RS3621xsplus_back-vietcorp-phan-phoi-nas-synology-3-1024x692.png?v=1668219875 1024w, https:\/\/vietcorp.com\/store\/wp-content\/uploads\/2021\/02\/RS3621xsplus_back-vietcorp-phan-phoi-nas-synology-3-768x519.png?v=1668219875 768w, https:\/\/vietcorp.com\/store\/wp-content\/uploads\/2021\/02\/RS3621xsplus_back-vietcorp-phan-phoi-nas-synology-3-640x432.png?v=1668219875 640w, https:\/\/vietcorp.com\/store\/wp-content\/uploads\/2021\/02\/RS3621xsplus_back-vietcorp-phan-phoi-nas-synology-3-400x270.png?v=1668219875 400w, https:\/\/vietcorp.com\/store\/wp-content\/uploads\/2021\/02\/RS3621xsplus_back-vietcorp-phan-phoi-nas-synology-3-367x248.png?v=1668219875 367w\" sizes=\"(max-width: 1122px) 100vw, 1122px\" \/><\/p>\n<p style=\"text-align: center;\">N\u00e2ng c\u1ea5p b\u0103ng th\u00f4ng m\u1ea1ng g\u1ea5p 2 l\u1ea7n ho\u1eb7c h\u01a1n v\u1edbi card 10GbE NIC<\/p>\n<p><img decoding=\"async\" class=\"size-full wp-image-1656 aligncenter\" src=\"https:\/\/www.vietcorp.com\/store\/wp-content\/uploads\/2021\/02\/RS3621xsplus_back-vietcorp-phan-phoi-nas-synology-2.png\" alt=\"Thi\u1ebft b\u1ecb l\u01b0u tr\u1eef NAS Synology RS3621xs+3\" width=\"810\" height=\"436\" srcset=\"https:\/\/vietcorp.com\/store\/wp-content\/uploads\/2021\/02\/RS3621xsplus_back-vietcorp-phan-phoi-nas-synology-2.png?v=1668219871 810w, https:\/\/vietcorp.com\/store\/wp-content\/uploads\/2021\/02\/RS3621xsplus_back-vietcorp-phan-phoi-nas-synology-2-600x323.png?v=1668219871 600w, https:\/\/vietcorp.com\/store\/wp-content\/uploads\/2021\/02\/RS3621xsplus_back-vietcorp-phan-phoi-nas-synology-2-768x413.png?v=1668219871 768w, https:\/\/vietcorp.com\/store\/wp-content\/uploads\/2021\/02\/RS3621xsplus_back-vietcorp-phan-phoi-nas-synology-2-640x344.png?v=1668219871 640w, https:\/\/vietcorp.com\/store\/wp-content\/uploads\/2021\/02\/RS3621xsplus_back-vietcorp-phan-phoi-nas-synology-2-400x215.png?v=1668219871 400w, https:\/\/vietcorp.com\/store\/wp-content\/uploads\/2021\/02\/RS3621xsplus_back-vietcorp-phan-phoi-nas-synology-2-367x198.png?v=1668219871 367w\" sizes=\"(max-width: 810px) 100vw, 810px\" \/><\/p>\n<p style=\"text-align: center;\">T\u0103ng t\u1ed1c \u0111\u1ed9 IOPS \u0111\u1ecdc \/ ghi l\u00ean \u0111\u1ebfn 16 l\u1ea7n b\u1eb1ng cache SSD t\u00edch h\u1ee3p th\u1ebb Synology M.2 NVMe v\u00e0 SSD SNV3500<\/p>\n<p><img decoding=\"async\" class=\"size-full wp-image-1657 aligncenter\" src=\"https:\/\/www.vietcorp.com\/store\/wp-content\/uploads\/2021\/02\/RS3621xsplus_back-vietcorp-phan-phoi-nas-synology-1.png\" alt=\"Thi\u1ebft b\u1ecb l\u01b0u tr\u1eef NAS Synology RS3621xs+4\" width=\"840\" height=\"384\" srcset=\"https:\/\/vietcorp.com\/store\/wp-content\/uploads\/2021\/02\/RS3621xsplus_back-vietcorp-phan-phoi-nas-synology-1.png?v=1668219869 840w, https:\/\/vietcorp.com\/store\/wp-content\/uploads\/2021\/02\/RS3621xsplus_back-vietcorp-phan-phoi-nas-synology-1-600x274.png?v=1668219869 600w, https:\/\/vietcorp.com\/store\/wp-content\/uploads\/2021\/02\/RS3621xsplus_back-vietcorp-phan-phoi-nas-synology-1-768x351.png?v=1668219869 768w, https:\/\/vietcorp.com\/store\/wp-content\/uploads\/2021\/02\/RS3621xsplus_back-vietcorp-phan-phoi-nas-synology-1-640x293.png?v=1668219869 640w, https:\/\/vietcorp.com\/store\/wp-content\/uploads\/2021\/02\/RS3621xsplus_back-vietcorp-phan-phoi-nas-synology-1-400x183.png?v=1668219869 400w, https:\/\/vietcorp.com\/store\/wp-content\/uploads\/2021\/02\/RS3621xsplus_back-vietcorp-phan-phoi-nas-synology-1-367x168.png?v=1668219869 367w\" sizes=\"(max-width: 840px) 100vw, 840px\" \/><\/p>\n<p style=\"text-align: center;\">D\u1ec5 d\u00e0ng m\u1edf r\u1ed9ng quy m\u00f4 l\u00ean \u0111\u1ebfn 36 \u1ed5 \u0111\u0129a v\u1edbi hai thi\u1ebft b\u1ecb m\u1edf r\u1ed9ng RX1217<\/p>\n<h2><strong><span style=\"color: #0000ff;\">B\u1ea3o v\u1ec7 d\u1eef li\u1ec7u<\/span><\/strong><\/h2>\n<p>M\u1ed9t gi\u1ea3i ph\u00e1p sao l\u01b0u v\u00e0 ph\u1ee5c h\u1ed3i to\u00e0n di\u1ec7n \u0111\u1ec3 b\u1ea3o m\u1eadt d\u1eef li\u1ec7u \u0111\u01b0\u1ee3c l\u01b0u tr\u1eef tr\u00ean m\u00e1y ch\u1ee7 Synology. Sao l\u01b0u d\u1eef li\u1ec7u n\u1ed9i b\u1ed9 sang m\u1ed9t thi\u1ebft b\u1ecb Synology kh\u00e1c, m\u00e1y ch\u1ee7 rsync ho\u1eb7c b\u1ed9 l\u01b0u tr\u1eef tr\u00ean cloud nh\u01b0 Google Drive, Dropbox, c\u00e1c \u0111i\u1ec3m \u0111\u1ebfn t\u01b0\u01a1ng th\u00edch v\u1edbi S3 v\u00e0 Synology C2.<\/p>\n<p><img decoding=\"async\" class=\"size-full wp-image-1658 aligncenter\" src=\"https:\/\/www.vietcorp.com\/store\/wp-content\/uploads\/2021\/02\/RS3621xsplus_back-vietcorp-phan-phoi-nas-synology-4.png\" alt=\"Thi\u1ebft b\u1ecb l\u01b0u tr\u1eef NAS Synology RS3621xs+4\" width=\"506\" height=\"263\" srcset=\"https:\/\/vietcorp.com\/store\/wp-content\/uploads\/2021\/02\/RS3621xsplus_back-vietcorp-phan-phoi-nas-synology-4.png?v=1668219867 506w, https:\/\/vietcorp.com\/store\/wp-content\/uploads\/2021\/02\/RS3621xsplus_back-vietcorp-phan-phoi-nas-synology-4-400x208.png?v=1668219867 400w, https:\/\/vietcorp.com\/store\/wp-content\/uploads\/2021\/02\/RS3621xsplus_back-vietcorp-phan-phoi-nas-synology-4-367x191.png?v=1668219867 367w\" sizes=\"(max-width: 506px) 100vw, 506px\" \/><\/p>\n<h2 style=\"text-align: left;\"><strong><span style=\"color: #0000ff;\"><span style=\"vertical-align: inherit;\">Ch\u1ee9ng nh\u1eadn \u1ea3o h\u00f3a<\/span><\/span><\/strong><\/h2>\n<p><span style=\"vertical-align: inherit;\">Synology gi\u1ea3i ph\u00e1p l\u01b0u tr\u1eef iSCSI archive. Vi\u1ec7c t\u00edch h\u1ee3p VMware vSphere 6.5 v\u00e0 VAAI c\u00f3 th\u1ec3 gi\u1ea3m t\u1ea3i ho\u1ea1t \u0111\u1ed9ng l\u01b0u tr\u1eef c\u00f4ng c\u1ee5 c\u00f3 th\u1ec3 v\u00e0 t\u1ed1i \u01b0u h\u00f3a hi\u1ec7u su\u1ea5t m\u00e1y t\u00ednh. Windows Offloaded Data Transfer (ODX) c\u1ea3i thi\u1ec7n hi\u1ec7u qu\u1ea3 x\u1ee9ng \u0111\u00e1ng c\u1ee7a c\u00f4ng vi\u1ec7c v\u00e0 truy\u1ec1n d\u1eef li\u1ec7u. H\u1ed7 tr\u1ee3 OpenStack Cinder c\u0169ng c\u00f3 th\u1ec3 \u0111\u1ecbnh c\u1ea5u h\u00ecnh c\u1ee7a b\u1ea1n NAS Synology nh\u01b0 m\u1ed9t thi\u1ebft b\u1ecb l\u01b0u tr\u1eef ph\u00e2n \u0111o\u1ea1n kh\u1ed1i.<\/span><\/p>\n<p><img decoding=\"async\" class=\"wp-image-3826 size-full aligncenter\" src=\"https:\/\/vietcorp.com\/blog\/wp-content\/uploads\/2020\/12\/vmware.jpg\" alt=\"Vietcorp ph\u00e2n ph\u1ed1i NAS Synology RS3618xs\" width=\"768\" height=\"291\" \/><\/p>\n<h2><span style=\"color: #0000ff;\"><strong>Gi\u1ea3i ph\u00e1p gi\u00e1m s\u00e1t<\/strong><\/span><\/h2>\n<p><a href=\"https:\/\/www.vietcorp.com\/store\/surveillance-station\/\">Synology Surveillance Station<\/a> bi\u1ebfn NAS Synology RS3621xs+ th\u00e0nh m\u1ed9t gi\u1ea3i ph\u00e1p Network Video Recorder c\u00f3 nhi\u1ec1u t\u00ednh n\u0103ng. H\u1ed7 tr\u1ee3 l\u00ean \u0111\u1ebfn 90 camera IP v\u00e0 ph\u00e2n t\u00edch video nh\u01b0 ph\u00e1t hi\u1ec7n chuy\u1ec3n \u0111\u1ed9ng, v\u00f9ng kh\u00f4ng ho\u1ea1t \u0111\u1ed9ng, ph\u00e1t hi\u1ec7n v\u1eadt th\u1ec3 l\u1ea1 v\u00e0 ph\u00e1t hi\u1ec7n b\u1ea5t th\u01b0\u1eddng ph\u1ee5c v\u1ee5 cho c\u00e1c t\u00ecnh hu\u1ed1ng gi\u00e1m s\u00e1t ph\u1ed5 bi\u1ebfn nh\u1ea5t.<\/p>\n<p><img decoding=\"async\" class=\"size-full wp-image-1659 aligncenter\" src=\"https:\/\/www.vietcorp.com\/store\/wp-content\/uploads\/2021\/02\/RS3621xsplus_back-vietcorp-phan-phoi-nas-synology-5.jpg\" alt=\"Thi\u1ebft b\u1ecb l\u01b0u tr\u1eef NAS Synology RS3621xs+5\" width=\"1950\" height=\"682\" srcset=\"https:\/\/vietcorp.com\/store\/wp-content\/uploads\/2021\/02\/RS3621xsplus_back-vietcorp-phan-phoi-nas-synology-5.jpg?v=1668219866 1950w, https:\/\/vietcorp.com\/store\/wp-content\/uploads\/2021\/02\/RS3621xsplus_back-vietcorp-phan-phoi-nas-synology-5-600x210.jpg?v=1668219866 600w, https:\/\/vietcorp.com\/store\/wp-content\/uploads\/2021\/02\/RS3621xsplus_back-vietcorp-phan-phoi-nas-synology-5-1024x358.jpg?v=1668219866 1024w, https:\/\/vietcorp.com\/store\/wp-content\/uploads\/2021\/02\/RS3621xsplus_back-vietcorp-phan-phoi-nas-synology-5-768x269.jpg?v=1668219866 768w, https:\/\/vietcorp.com\/store\/wp-content\/uploads\/2021\/02\/RS3621xsplus_back-vietcorp-phan-phoi-nas-synology-5-1536x537.jpg?v=1668219866 1536w, https:\/\/vietcorp.com\/store\/wp-content\/uploads\/2021\/02\/RS3621xsplus_back-vietcorp-phan-phoi-nas-synology-5-640x224.jpg?v=1668219866 640w, https:\/\/vietcorp.com\/store\/wp-content\/uploads\/2021\/02\/RS3621xsplus_back-vietcorp-phan-phoi-nas-synology-5-400x140.jpg?v=1668219866 400w, https:\/\/vietcorp.com\/store\/wp-content\/uploads\/2021\/02\/RS3621xsplus_back-vietcorp-phan-phoi-nas-synology-5-367x128.jpg?v=1668219866 367w\" sizes=\"(max-width: 1950px) 100vw, 1950px\" \/><\/p>\n<h2><span style=\"color: #0000ff;\"><strong>Ho\u1ea1t \u0111\u1ed9ng t\u1ed1i \u01b0u v\u1edbi HDD Synology<\/strong><\/span><\/h2>\n<p>\u0110\u01b0\u1ee3c thi\u1ebft k\u1ebf \u0111\u1ec3 x\u1eed l\u00fd kh\u1ed1i l\u01b0\u1ee3ng c\u00f4ng vi\u1ec7c 24\/7 chuy\u00ean s\u00e2u, \u1ed5 \u0111\u0129a Synology lu\u00f4n mang l\u1ea1i hi\u1ec7u su\u1ea5t cao nh\u1ea5t.<\/p>\n<h2 style=\"text-align: center;\"><strong><span style=\"color: #0000ff;\"><img decoding=\"async\" class=\"alignnone wp-image-8544\" src=\"https:\/\/www.vietcorp.com\/store\/wp-content\/uploads\/2021\/02\/enterprise-hat.jpg\" alt=\"Enterprise HAT\" width=\"600\" height=\"325\" srcset=\"https:\/\/vietcorp.com\/store\/wp-content\/uploads\/2021\/02\/enterprise-hat-400x217.jpg 400w, https:\/\/vietcorp.com\/store\/wp-content\/uploads\/2021\/02\/enterprise-hat-367x199.jpg 367w, https:\/\/vietcorp.com\/store\/wp-content\/uploads\/2021\/02\/enterprise-hat-600x325.jpg 600w\" sizes=\"(max-width: 600px) 100vw, 600px\" \/><img decoding=\"async\" class=\"alignnone wp-image-8545\" src=\"https:\/\/www.vietcorp.com\/store\/wp-content\/uploads\/2021\/02\/enterprise-sat-scaled.jpg\" alt=\"Enterprise SAT\" width=\"600\" height=\"325\" srcset=\"https:\/\/vietcorp.com\/store\/wp-content\/uploads\/2021\/02\/enterprise-sat-400x217.jpg 400w, https:\/\/vietcorp.com\/store\/wp-content\/uploads\/2021\/02\/enterprise-sat-367x199.jpg 367w, https:\/\/vietcorp.com\/store\/wp-content\/uploads\/2021\/02\/enterprise-sat-600x325.jpg 600w\" sizes=\"(max-width: 600px) 100vw, 600px\" \/><img decoding=\"async\" class=\"alignnone wp-image-8546\" src=\"https:\/\/www.vietcorp.com\/store\/wp-content\/uploads\/2021\/02\/enterprise-snv3500.jpg\" alt=\"Enterprise SNV3500\" width=\"600\" height=\"325\" srcset=\"https:\/\/vietcorp.com\/store\/wp-content\/uploads\/2021\/02\/enterprise-snv3500-400x217.jpg 400w, https:\/\/vietcorp.com\/store\/wp-content\/uploads\/2021\/02\/enterprise-snv3500-367x199.jpg 367w, https:\/\/vietcorp.com\/store\/wp-content\/uploads\/2021\/02\/enterprise-snv3500-600x325.jpg 600w\" sizes=\"(max-width: 600px) 100vw, 600px\" \/>B\u1ea3o h\u00e0nh 5 n\u0103m<\/span><\/strong><\/h2>\n<table>\n<tbody>\n<tr>\n<td><img decoding=\"async\" class=\"alignnone wp-image-1288 size-full\" src=\"https:\/\/vietcorp.com\/store\/wp-content\/uploads\/2020\/11\/5year_warranty_02-1.png\" alt=\"Vietcorp ph\u00e2n ph\u1ed1i NAS Synology RS3618xs\" width=\"199\" height=\"169\" \/><\/td>\n<td>Ch\u00fang t\u00f4i cam k\u1ebft v\u1ec1 ch\u1ea5t l\u01b0\u1ee3ng s\u1ea3n ph\u1ea9m, \u0111\u1ea3m b\u1ea3o tr\u1ea3i nghi\u1ec7m qu\u1ea3n l\u00fd d\u1eef li\u1ec7u m\u1ea1nh m\u1ebd v\u00e0 \u0111\u00e1ng tin c\u1eady v\u1edbi g\u00f3i b\u1ea3o h\u00e0nh 5 n\u0103m, cung c\u1ea5p d\u1ecbch v\u1ee5 h\u1ed7 tr\u1ee3 k\u1ef9 thu\u1eadt \u0111\u00e1p \u1ee9ng \u0111\u1ec3 t\u1ed1i \u0111a h\u00f3a l\u1ee3i t\u1ee9c \u0111\u1ea7u t\u01b0 c\u1ee7a b\u1ea1n.<\/td>\n<\/tr>\n<\/tbody>\n<\/table>\n<p>&nbsp;<\/p>\n<h2><span id=\"Be_ngoai_cua_DS1520\" style=\"color: #0000ff;\"><strong>B\u1ec1 ngo\u00e0i c\u1ee7a Nas Synology RS3621xs+<\/strong><\/span><\/h2>\n<table>\n<tbody>\n<tr>\n<td style=\"text-align: left;\"><strong>M\u1eb7t tr\u01b0\u1edbc NAS Synology RS3621xs+<\/strong><\/td>\n<td style=\"text-align: left;\"><strong>M\u1eb7t sau NAS Synology RS3621xs+<\/strong><\/td>\n<\/tr>\n<tr>\n<td><img decoding=\"async\" class=\"alignnone size-full wp-image-1662\" src=\"https:\/\/www.vietcorp.com\/store\/wp-content\/uploads\/2021\/02\/RS3621xsplus_back-vietcorp-phan-phoi-nas-synology-9.png\" alt=\"Thi\u1ebft b\u1ecb l\u01b0u tr\u1eef NAS Synology RS3621xs+7\" width=\"672\" height=\"239\" srcset=\"https:\/\/vietcorp.com\/store\/wp-content\/uploads\/2021\/02\/RS3621xsplus_back-vietcorp-phan-phoi-nas-synology-9.png?v=1668219861 672w, https:\/\/vietcorp.com\/store\/wp-content\/uploads\/2021\/02\/RS3621xsplus_back-vietcorp-phan-phoi-nas-synology-9-600x213.png?v=1668219861 600w, https:\/\/vietcorp.com\/store\/wp-content\/uploads\/2021\/02\/RS3621xsplus_back-vietcorp-phan-phoi-nas-synology-9-640x228.png?v=1668219861 640w, https:\/\/vietcorp.com\/store\/wp-content\/uploads\/2021\/02\/RS3621xsplus_back-vietcorp-phan-phoi-nas-synology-9-400x142.png?v=1668219861 400w, https:\/\/vietcorp.com\/store\/wp-content\/uploads\/2021\/02\/RS3621xsplus_back-vietcorp-phan-phoi-nas-synology-9-367x131.png?v=1668219861 367w\" sizes=\"(max-width: 672px) 100vw, 672px\" \/><\/td>\n<td><img decoding=\"async\" class=\"alignnone size-full wp-image-1663\" src=\"https:\/\/www.vietcorp.com\/store\/wp-content\/uploads\/2021\/02\/RS3621xsplus_back-vietcorp-phan-phoi-nas-synology-8.png\" alt=\"Thi\u1ebft b\u1ecb l\u01b0u tr\u1eef NAS Synology RS3621xs+8\" width=\"661\" height=\"239\" srcset=\"https:\/\/vietcorp.com\/store\/wp-content\/uploads\/2021\/02\/RS3621xsplus_back-vietcorp-phan-phoi-nas-synology-8.png?v=1668219859 661w, https:\/\/vietcorp.com\/store\/wp-content\/uploads\/2021\/02\/RS3621xsplus_back-vietcorp-phan-phoi-nas-synology-8-600x217.png?v=1668219859 600w, https:\/\/vietcorp.com\/store\/wp-content\/uploads\/2021\/02\/RS3621xsplus_back-vietcorp-phan-phoi-nas-synology-8-640x231.png?v=1668219859 640w, https:\/\/vietcorp.com\/store\/wp-content\/uploads\/2021\/02\/RS3621xsplus_back-vietcorp-phan-phoi-nas-synology-8-400x145.png?v=1668219859 400w, https:\/\/vietcorp.com\/store\/wp-content\/uploads\/2021\/02\/RS3621xsplus_back-vietcorp-phan-phoi-nas-synology-8-367x133.png?v=1668219859 367w\" sizes=\"(max-width: 661px) 100vw, 661px\" \/><\/td>\n<\/tr>\n<tr>\n<td>1. N\u00fat ngu\u1ed3n v\u00e0 \u0111\u00e8n b\u00e1o<\/td>\n<td>8. Console port<\/td>\n<\/tr>\n<tr>\n<td>2. N\u00fat t\u1eaft c\u1ea3nh b\u00e1o<\/td>\n<td>9. Network 1GbE\/10GbE RJ-45<\/td>\n<\/tr>\n<tr>\n<td>3. Khay \u1ed5 \u0111\u0129a<\/td>\n<td>10. C\u1ed5ng USB 3.2<\/td>\n<\/tr>\n<tr>\n<td>4. \u0110\u00e8n b\u00e1o tr\u1ea1ng th\u00e1i \u1ed5 \u0111\u0129a<\/td>\n<td>11. C\u1ed5ng m\u1edf r\u1ed9ng<\/td>\n<\/tr>\n<tr>\n<td>5. Ngu\u1ed3n \u0111i\u1ec7n<\/td>\n<td>12. Khe c\u1eafm m\u1edf r\u1ed9ng PCIe<\/td>\n<\/tr>\n<tr>\n<td>6. \u0110\u00e8n ch\u1ec9 b\u00e1o PSU &amp; N\u00fat c\u1ea3nh b\u00e1o t\u1eaft<\/td>\n<td>13. N\u00fat reset<\/td>\n<\/tr>\n<tr>\n<td>7. Qu\u1ea1t ngu\u1ed3n<\/td>\n<td><\/td>\n<\/tr>\n<\/tbody>\n<\/table>\n<p><center><\/center><center><iframe loading=\"lazy\" title=\"Synology RS3621xs+ with 6 HDD 0623 | Vietcorp.com\" src=\"https:\/\/www.youtube.com\/embed\/Pr_67Nlqdac\" width=\"452\" height=\"803\" frameborder=\"0\" allowfullscreen=\"allowfullscreen\"><\/iframe><\/center><br \/>\nXem th\u00eam th\u00f4ng tin h\u1ed7 tr\u1ee3 cho <strong>thi\u1ebft b\u1ecb l\u01b0u tr\u1eef NAS Synology RS3621xs+<\/strong><\/p>\n<ul>\n<li><a href=\"https:\/\/www.vietcorp.com\/store\/chung-nhan-synology\/\">Ch\u1ee9ng nh\u1eadn Synology<\/a><\/li>\n<li><a href=\"https:\/\/vietcorp.com\/support\/synology\/\">Support Synology<\/a><\/li>\n<li><a href=\"https:\/\/www.vietcorp.com\/blog\/tag\/showcase-synology\/\">Showcase Synology<\/a><\/li>\n<\/ul>\n","protected":false},"excerpt":{"rendered":"<p>Thi\u1ebft b\u1ecb l\u01b0u tr\u1eef NAS Synology RS3621xs+<br \/>\nNAS 12 khay \u1ed5 \u0111\u0129a max 36 \u1ed5 \u0111\u0129a<br \/>\n8 GB DDR4 ECC up to 64 GB<br \/>\n2 RJ-45 10GbE<br \/>\nB\u1ea3o h\u00e0nh 60 th\u00e1ng<\/p>\n","protected":false},"featured_media":6908,"template":"","meta":[],"product_brand":[],"product_cat":[15,405],"product_tag":[53,30,503,52,31,501,23,502],"class_list":{"0":"post-1622","1":"product","2":"type-product","3":"status-publish","4":"has-post-thumbnail","6":"product_cat-nas","7":"product_cat-xs-series","8":"product_tag-nas","9":"product_tag-nas-12-bay","10":"product_tag-nas-rs3621xs","11":"product_tag-nas-synology","12":"product_tag-rackstation","13":"product_tag-rs3621xs","14":"product_tag-synology","15":"product_tag-synology-rs3621xs","16":"pa_bao-hanh-60-thang","17":"pa_bo-nho-ram-8-gb","18":"pa_bo-nho-ram-mo-rong-den-64-gb","19":"pa_bo-vxl-cpu-intel-xeon","20":"pa_chung-loai-nas","21":"pa_cong-giao-tiep-2-x-expansion-port","22":"pa_cong-giao-tiep-2-x-rj-45-10gbe","23":"pa_cong-giao-tiep-2-x-usb-3-2-gen-1-port","24":"pa_cong-giao-tiep-4-x-rj-45-1gbe","25":"pa_drive-bays-12-bays","26":"pa_form-factor-2u-rackmount","27":"pa_muc-dich-su-dung-danh-cho-doanh-nghiep-lon","28":"pa_muc-dich-su-dung-danh-cho-doanh-nghiep-vua","29":"pa_thuong-hieu-synology","30":"pa_tinh-nang-phan-cung-64-bit-architecture","31":"pa_tinh-nang-phan-cung-encryption-engine-aes-ni","32":"pa_tinh-nang-phan-cung-expandable-storage-capacity","33":"pa_tinh-nang-phan-cung-hot-swappable-drives","34":"pa_tinh-nang-phan-cung-upgradeable-ram","35":"pa_tinh-nang-phan-mem-active-backup-for-business","36":"pa_tinh-nang-phan-mem-btrfs-file-system","37":"pa_tinh-nang-phan-mem-mailplus","38":"pa_tinh-nang-phan-mem-raid-f1","39":"pa_tinh-nang-phan-mem-snapshot-replication","40":"pa_tinh-nang-phan-mem-synology-high-availability","41":"pa_tinh-nang-phan-mem-virtual-machine-manager","43":"first","44":"instock","45":"taxable","46":"shipping-taxable","47":"product-type-simple"},"_links":{"self":[{"href":"https:\/\/vietcorp.com\/store\/wp-json\/wp\/v2\/product\/1622","targetHints":{"allow":["GET"]}}],"collection":[{"href":"https:\/\/vietcorp.com\/store\/wp-json\/wp\/v2\/product"}],"about":[{"href":"https:\/\/vietcorp.com\/store\/wp-json\/wp\/v2\/types\/product"}],"wp:featuredmedia":[{"embeddable":true,"href":"https:\/\/vietcorp.com\/store\/wp-json\/wp\/v2\/media\/6908"}],"wp:attachment":[{"href":"https:\/\/vietcorp.com\/store\/wp-json\/wp\/v2\/media?parent=1622"}],"wp:term":[{"taxonomy":"product_brand","embeddable":true,"href":"https:\/\/vietcorp.com\/store\/wp-json\/wp\/v2\/product_brand?post=1622"},{"taxonomy":"product_cat","embeddable":true,"href":"https:\/\/vietcorp.com\/store\/wp-json\/wp\/v2\/product_cat?post=1622"},{"taxonomy":"product_tag","embeddable":true,"href":"https:\/\/vietcorp.com\/store\/wp-json\/wp\/v2\/product_tag?post=1622"}],"curies":[{"name":"wp","href":"https:\/\/api.w.org\/{rel}","templated":true}]}}