


{"id":1618,"date":"2021-02-18T14:00:52","date_gmt":"2021-02-18T07:00:52","guid":{"rendered":"https:\/\/www.vietcorp.com\/store\/1618\/nas-synology-rs4021xs-nas-16-bays\/"},"modified":"2025-02-21T13:53:21","modified_gmt":"2025-02-21T06:53:21","slug":"thiet-bi-luu-tru-nas-synology-rs4021xs","status":"publish","type":"product","link":"https:\/\/vietcorp.com\/store\/1618\/thiet-bi-luu-tru-nas-synology-rs4021xs\/","title":{"rendered":"Synology RS4021xs+"},"content":{"rendered":"<p><a href=\"https:\/\/www.vietcorp.com\/store\/1618\/thiet-bi-luu-tru-nas-synology-rs4021xs\/\"><strong>Thi\u1ebft b\u1ecb l\u01b0u tr\u1eef NAS Synology RS4021xs+<\/strong><\/a> d\u00e0nh doanh nghi\u1ec7p ho\u1ea1t \u0111\u1ed9ng li\u00ean t\u1ee5c, thi\u1ebft k\u1ebf cho c\u00e1c \u1ee9ng d\u1ee5ng s\u1eed d\u1ee5ng nhi\u1ec1u d\u1eef li\u1ec7u.<\/p>\n<h2><span style=\"color: #0000ff;\"><strong>Cung c\u1ea5p ph\u1ea7n c\u1ee9ng m\u1ea1nh m\u1ebd<\/strong><\/span><\/h2>\n<ul>\n<li><strong>CPU b\u1ed9 x\u1eed l\u00fd<\/strong> : Intel<sup>\u00ae<\/sup>\u00a0Xeon<sup>\u00ae<\/sup>\u00a0D-1541 8-core 2.1 GHz<\/li>\n<li><strong>RAM <\/strong>: 16 GB ECC DDR4, c\u00f3 th\u1ec3 m\u1edf r\u1ed9ng l\u00ean \u0111\u1ebfn 64GB<\/li>\n<li><strong>Network<\/strong>: T\u00edch h\u1ee3p 2 c\u1ed5ng m\u1ea1ng RJ-45 10GbE<\/li>\n<li><b>M\u1edf r\u1ed9ng:\u00a0<\/b>v\u1edbi hai RX1217\/RX1217RP, n\u00f3 c\u00f3 th\u1ec3 \u0111\u01b0\u1ee3c m\u1edf r\u1ed9ng l\u00ean 40 \u1ed5 c\u1ee9ng<\/li>\n<\/ul>\n<p><center><iframe loading=\"lazy\" title=\"YouTube video player\" src=\"https:\/\/www.youtube.com\/embed\/-zD4wNb6DsM\" width=\"560\" height=\"315\" frameborder=\"0\" allowfullscreen=\"allowfullscreen\"><\/iframe><\/center><\/p>\n<h2><span style=\"color: #0000ff;\"><strong>L\u01b0u tr\u1eef an to\u00e0n<\/strong><\/span><\/h2>\n<p><a href=\"https:\/\/www.vietcorp.com\/store\/nas-synology\/\"><strong>Thi\u1ebft b\u1ecb l\u01b0u tr\u1eef NAS Synology<\/strong><\/a> RS4021xs+ gi\u1eef cho d\u1eef li\u1ec7u c\u1ee7a b\u1ea1n \u0111\u01b0\u1ee3c b\u1ea3o v\u1ec7 trong khi b\u1ea1n t\u1eadp trung v\u00e0o vi\u1ec7c cung c\u1ea5p k\u1ebft qu\u1ea3 t\u1ed1t nh\u1ea5t cho kh\u00e1ch h\u00e0ng c\u1ee7a m\u00ecnh &#8211; ngay c\u1ea3 khi th\u1ea3m h\u1ecda x\u1ea3y ra.<\/p>\n<ul>\n<li>Ngu\u1ed3n d\u1ef1 ph\u00f2ng : cung c\u1ea5p kh\u1ea3 n\u0103ng b\u1ea3o v\u1ec7 ch\u1ed1ng l\u1ea1i s\u1ef1 c\u1ed1 l\u1ed7i ngu\u1ed3n ho\u1eb7c c\u00f3 th\u1ec3 thay th\u1ebf n\u00f3ng m\u00e0 kh\u00f4ng c\u1ea7n t\u1eaft ngu\u1ed3n h\u1ec7 th\u1ed1ng.<\/li>\n<li>T\u1ed1i \u0111a h\u00f3a t\u00ednh kh\u1ea3 d\u1ee5ng : <a href=\"https:\/\/www.vietcorp.com\/store\/synology-high-availability\/\">Synology High Availability<\/a> (SHA) cho gh\u00e9p k\u1ebft n\u1ed1i hai thi\u1ebft b\u1ecb gi\u1ed1ng nhau t\u1ea1o ra m\u1ed9t c\u1ee5m active-passive v\u1edbi ch\u1ebf \u0111\u1ed9 chuy\u1ec3n \u0111\u1ed5i d\u1ef1 ph\u00f2ng.<\/li>\n<li>H\u1ec7 th\u1ed1ng file th\u1ebf h\u1ec7 ti\u1ebfp theo : \u0110\u1ecbnh d\u1ea1ng <a href=\"https:\/\/www.vietcorp.com\/store\/cach-btrfs-bao-ve-du-lieu-cong-ty-ban\/\">Btrfs<\/a> ng\u0103n ng\u1eeba h\u1ecfng d\u1eef li\u1ec7u v\u00e0 gi\u1ea3m chi ph\u00ed b\u1ea3o tr\u00ec b\u1eb1ng c\u00e1c c\u00f4ng ngh\u1ec7 l\u01b0u tr\u1eef ti\u00ean ti\u1ebfn v\u00e0 snapshot \u0111\u01b0\u1ee3c t\u1ed1i \u01b0u h\u00f3a.<\/li>\n<\/ul>\n<p><img decoding=\"async\" class=\"size-full wp-image-1666 aligncenter\" src=\"https:\/\/www.vietcorp.com\/store\/wp-content\/uploads\/2021\/02\/RS4021xsplus_back-vietcorp-phan-phoi-nas-synology.png\" alt=\"Thi\u1ebft b\u1ecb l\u01b0u tr\u1eef NAS Synology RS4021xs+ 1\" width=\"1094\" height=\"593\" srcset=\"https:\/\/vietcorp.com\/store\/wp-content\/uploads\/2021\/02\/RS4021xsplus_back-vietcorp-phan-phoi-nas-synology.png?v=1668219857 1094w, https:\/\/vietcorp.com\/store\/wp-content\/uploads\/2021\/02\/RS4021xsplus_back-vietcorp-phan-phoi-nas-synology-600x325.png?v=1668219857 600w, https:\/\/vietcorp.com\/store\/wp-content\/uploads\/2021\/02\/RS4021xsplus_back-vietcorp-phan-phoi-nas-synology-1024x555.png?v=1668219857 1024w, https:\/\/vietcorp.com\/store\/wp-content\/uploads\/2021\/02\/RS4021xsplus_back-vietcorp-phan-phoi-nas-synology-768x416.png?v=1668219857 768w, https:\/\/vietcorp.com\/store\/wp-content\/uploads\/2021\/02\/RS4021xsplus_back-vietcorp-phan-phoi-nas-synology-640x347.png?v=1668219857 640w, https:\/\/vietcorp.com\/store\/wp-content\/uploads\/2021\/02\/RS4021xsplus_back-vietcorp-phan-phoi-nas-synology-400x217.png?v=1668219857 400w, https:\/\/vietcorp.com\/store\/wp-content\/uploads\/2021\/02\/RS4021xsplus_back-vietcorp-phan-phoi-nas-synology-367x199.png?v=1668219857 367w\" sizes=\"(max-width: 1094px) 100vw, 1094px\" \/><\/p>\n<h2><span style=\"color: #0000ff;\"><strong>\u0110\u00e1p \u1ee9ng m\u1ecdi nhu c\u1ea7u doanh nghi\u1ec7p<\/strong><\/span><\/h2>\n<p>Thi\u1ebft b\u1ecb l\u01b0u tr\u1eef NAS Synology RS4021xs+ bao g\u1ed3m hai khe c\u1eafm PCIe \u0111\u1ec3 n\u00e2ng c\u1ea5p hi\u1ec7u su\u1ea5t m\u1ea1ng cho ph\u00e9p n\u00f3 th\u00edch \u1ee9ng v\u1edbi m\u1ecdi m\u00f4i tr\u01b0\u1eddng kinh doanh<\/p>\n<p><img decoding=\"async\" class=\"size-full wp-image-1655 aligncenter\" src=\"https:\/\/www.vietcorp.com\/store\/wp-content\/uploads\/2021\/02\/RS3621xsplus_back-vietcorp-phan-phoi-nas-synology-3.png\" alt=\"Thi\u1ebft b\u1ecb l\u01b0u tr\u1eef NAS Synology RS4021xs+ 2\" width=\"1122\" height=\"758\" srcset=\"https:\/\/vietcorp.com\/store\/wp-content\/uploads\/2021\/02\/RS3621xsplus_back-vietcorp-phan-phoi-nas-synology-3.png?v=1668219875 1122w, https:\/\/vietcorp.com\/store\/wp-content\/uploads\/2021\/02\/RS3621xsplus_back-vietcorp-phan-phoi-nas-synology-3-600x405.png?v=1668219875 600w, https:\/\/vietcorp.com\/store\/wp-content\/uploads\/2021\/02\/RS3621xsplus_back-vietcorp-phan-phoi-nas-synology-3-1024x692.png?v=1668219875 1024w, https:\/\/vietcorp.com\/store\/wp-content\/uploads\/2021\/02\/RS3621xsplus_back-vietcorp-phan-phoi-nas-synology-3-768x519.png?v=1668219875 768w, https:\/\/vietcorp.com\/store\/wp-content\/uploads\/2021\/02\/RS3621xsplus_back-vietcorp-phan-phoi-nas-synology-3-640x432.png?v=1668219875 640w, https:\/\/vietcorp.com\/store\/wp-content\/uploads\/2021\/02\/RS3621xsplus_back-vietcorp-phan-phoi-nas-synology-3-400x270.png?v=1668219875 400w, https:\/\/vietcorp.com\/store\/wp-content\/uploads\/2021\/02\/RS3621xsplus_back-vietcorp-phan-phoi-nas-synology-3-367x248.png?v=1668219875 367w\" sizes=\"(max-width: 1122px) 100vw, 1122px\" \/><\/p>\n<p>N\u00e2ng c\u1ea5p b\u0103ng th\u00f4ng m\u1ea1ng g\u1ea5p 2 l\u1ea7n ho\u1eb7c h\u01a1n v\u1edbi card 10GbE NIC<\/p>\n<p><img decoding=\"async\" class=\"size-full wp-image-1656 aligncenter\" src=\"https:\/\/www.vietcorp.com\/store\/wp-content\/uploads\/2021\/02\/RS3621xsplus_back-vietcorp-phan-phoi-nas-synology-2.png\" alt=\"Thi\u1ebft b\u1ecb l\u01b0u tr\u1eef NAS Synology RS4021xs+ 3\" width=\"810\" height=\"436\" srcset=\"https:\/\/vietcorp.com\/store\/wp-content\/uploads\/2021\/02\/RS3621xsplus_back-vietcorp-phan-phoi-nas-synology-2.png?v=1668219871 810w, https:\/\/vietcorp.com\/store\/wp-content\/uploads\/2021\/02\/RS3621xsplus_back-vietcorp-phan-phoi-nas-synology-2-600x323.png?v=1668219871 600w, https:\/\/vietcorp.com\/store\/wp-content\/uploads\/2021\/02\/RS3621xsplus_back-vietcorp-phan-phoi-nas-synology-2-768x413.png?v=1668219871 768w, https:\/\/vietcorp.com\/store\/wp-content\/uploads\/2021\/02\/RS3621xsplus_back-vietcorp-phan-phoi-nas-synology-2-640x344.png?v=1668219871 640w, https:\/\/vietcorp.com\/store\/wp-content\/uploads\/2021\/02\/RS3621xsplus_back-vietcorp-phan-phoi-nas-synology-2-400x215.png?v=1668219871 400w, https:\/\/vietcorp.com\/store\/wp-content\/uploads\/2021\/02\/RS3621xsplus_back-vietcorp-phan-phoi-nas-synology-2-367x198.png?v=1668219871 367w\" sizes=\"(max-width: 810px) 100vw, 810px\" \/><\/p>\n<p>T\u0103ng t\u1ed1c \u0111\u1ed9 IOPS \u0111\u1ecdc \/ ghi l\u00ean \u0111\u1ebfn 16 l\u1ea7n b\u1eb1ng cache SSD t\u00edch h\u1ee3p th\u1ebb Synology M.2 NVMe v\u00e0 SSD SNV3500<\/p>\n<p><img decoding=\"async\" class=\"size-full wp-image-1657 aligncenter\" src=\"https:\/\/www.vietcorp.com\/store\/wp-content\/uploads\/2021\/02\/RS3621xsplus_back-vietcorp-phan-phoi-nas-synology-1.png\" alt=\"Thi\u1ebft b\u1ecb l\u01b0u tr\u1eef NAS Synology RS4021xs+ 4\" width=\"840\" height=\"384\" srcset=\"https:\/\/vietcorp.com\/store\/wp-content\/uploads\/2021\/02\/RS3621xsplus_back-vietcorp-phan-phoi-nas-synology-1.png?v=1668219869 840w, https:\/\/vietcorp.com\/store\/wp-content\/uploads\/2021\/02\/RS3621xsplus_back-vietcorp-phan-phoi-nas-synology-1-600x274.png?v=1668219869 600w, https:\/\/vietcorp.com\/store\/wp-content\/uploads\/2021\/02\/RS3621xsplus_back-vietcorp-phan-phoi-nas-synology-1-768x351.png?v=1668219869 768w, https:\/\/vietcorp.com\/store\/wp-content\/uploads\/2021\/02\/RS3621xsplus_back-vietcorp-phan-phoi-nas-synology-1-640x293.png?v=1668219869 640w, https:\/\/vietcorp.com\/store\/wp-content\/uploads\/2021\/02\/RS3621xsplus_back-vietcorp-phan-phoi-nas-synology-1-400x183.png?v=1668219869 400w, https:\/\/vietcorp.com\/store\/wp-content\/uploads\/2021\/02\/RS3621xsplus_back-vietcorp-phan-phoi-nas-synology-1-367x168.png?v=1668219869 367w\" sizes=\"(max-width: 840px) 100vw, 840px\" \/><\/p>\n<p style=\"text-align: center;\">D\u1ec5 d\u00e0ng m\u1edf r\u1ed9ng quy m\u00f4 l\u00ean \u0111\u1ebfn 40 \u1ed5 \u0111\u0129a v\u1edbi hai thi\u1ebft b\u1ecb m\u1edf r\u1ed9ng RX1217(RP)<\/p>\n<h2><span style=\"color: #0000ff;\"><strong>C\u00e1c gi\u1ea3i ph\u00e1p sao l\u01b0u t\u1ed1i \u01b0u\u00a0<\/strong><\/span><\/h2>\n<p><strong>Active Backup Suite<\/strong> cho ph\u00e9p qu\u1ea3n tr\u1ecb vi\u00ean d\u1ec5 d\u00e0ng sao l\u01b0u to\u00e0n b\u1ed9 c\u01a1 s\u1edf h\u1ea1 t\u1ea7ng CNTT v\u00e0o NAS c\u1ee7a h\u1ecd, bao g\u1ed3m m\u00e1y tr\u1ea1m v\u00e0 m\u00e1y ch\u1ee7 Windows &amp; Linux, m\u00e1y ch\u1ee7 file, m\u00e1y \u1ea3o VMware v\u00e0 Hyper-V c\u0169ng nh\u01b0 t\u00e0i kho\u1ea3n Microsoft 365 v\u00e0 Google Workspace. B\u1ea3n sao l\u01b0u gi\u00fap gi\u1ea3m vi\u1ec7c tr\u00f9ng l\u1eb7p v\u00e0 t\u1ed1i \u01b0u h\u00f3a gi\u1ea3m b\u0103ng th\u00f4ng c\u0169ng nh\u01b0 dung l\u01b0\u1ee3ng \u0111\u01b0\u1ee3c s\u1eed d\u1ee5ng.<\/p>\n<p><img decoding=\"async\" class=\"size-full wp-image-1672 aligncenter\" src=\"https:\/\/www.vietcorp.com\/store\/wp-content\/uploads\/2021\/02\/protect-vietcorp-phan-phoi-nas-synology-1.png\" alt=\"Thi\u1ebft b\u1ecb l\u01b0u tr\u1eef NAS Synology RS4021xs+ 5\" width=\"506\" height=\"263\" srcset=\"https:\/\/vietcorp.com\/store\/wp-content\/uploads\/2021\/02\/protect-vietcorp-phan-phoi-nas-synology-1.png?v=1668219856 506w, https:\/\/vietcorp.com\/store\/wp-content\/uploads\/2021\/02\/protect-vietcorp-phan-phoi-nas-synology-1-400x208.png?v=1668219856 400w, https:\/\/vietcorp.com\/store\/wp-content\/uploads\/2021\/02\/protect-vietcorp-phan-phoi-nas-synology-1-367x191.png?v=1668219856 367w\" sizes=\"(max-width: 506px) 100vw, 506px\" \/><\/p>\n<h2 style=\"text-align: left;\"><strong><span style=\"color: #0000ff;\"><span style=\"vertical-align: inherit;\">\u0110\u1ea7y \u0111\u1ee7 ch\u1ee9ng nh\u1eadn \u1ea3o h\u00f3a<\/span><\/span><\/strong><\/h2>\n<p><span style=\"vertical-align: inherit;\">Synology gi\u1ea3i ph\u00e1p l\u01b0u tr\u1eef iSCSI archive. Vi\u1ec7c t\u00edch h\u1ee3p VMware vSphere 6.5 v\u00e0 VAAI c\u00f3 th\u1ec3 gi\u1ea3m t\u1ea3i ho\u1ea1t \u0111\u1ed9ng l\u01b0u tr\u1eef c\u00f4ng c\u1ee5 c\u00f3 th\u1ec3 v\u00e0 t\u1ed1i \u01b0u h\u00f3a hi\u1ec7u su\u1ea5t m\u00e1y t\u00ednh. Windows Offloaded Data Transfer (ODX) c\u1ea3i thi\u1ec7n hi\u1ec7u qu\u1ea3 x\u1ee9ng \u0111\u00e1ng c\u1ee7a c\u00f4ng vi\u1ec7c v\u00e0 truy\u1ec1n d\u1eef li\u1ec7u. H\u1ed7 tr\u1ee3 OpenStack Cinder c\u0169ng c\u00f3 th\u1ec3 \u0111\u1ecbnh c\u1ea5u h\u00ecnh c\u1ee7a b\u1ea1n NAS Synology nh\u01b0 m\u1ed9t thi\u1ebft b\u1ecb l\u01b0u tr\u1eef ph\u00e2n \u0111o\u1ea1n kh\u1ed1i.<\/span><\/p>\n<p><img decoding=\"async\" class=\"wp-image-3826 size-full aligncenter\" src=\"https:\/\/vietcorp.com\/blog\/wp-content\/uploads\/2020\/12\/vmware.jpg\" alt=\"Thi\u1ebft b\u1ecb l\u01b0u tr\u1eef NAS Synology RS4021xs+ 6\" width=\"768\" height=\"291\" \/><\/p>\n<p>&nbsp;<\/p>\n<h2><span style=\"color: #0000ff;\"><strong>Gi\u1ea3i ph\u00e1p gi\u00e1m s\u00e1t t\u1eadp trung<\/strong><\/span><\/h2>\n<p><a href=\"https:\/\/www.vietcorp.com\/store\/surveillance-station\/\">Synology Surveillance Station<\/a> bi\u1ebfn NAS Synology RS3621xs+ th\u00e0nh m\u1ed9t gi\u1ea3i ph\u00e1p Network Video Recorder c\u00f3 nhi\u1ec1u t\u00ednh n\u0103ng. H\u1ed7 tr\u1ee3 l\u00ean \u0111\u1ebfn 90 camera IP v\u00e0 ph\u00e2n t\u00edch video nh\u01b0 ph\u00e1t hi\u1ec7n chuy\u1ec3n \u0111\u1ed9ng, v\u00f9ng kh\u00f4ng ho\u1ea1t \u0111\u1ed9ng, ph\u00e1t hi\u1ec7n v\u1eadt th\u1ec3 l\u1ea1 v\u00e0 ph\u00e1t hi\u1ec7n b\u1ea5t th\u01b0\u1eddng ph\u1ee5c v\u1ee5 cho c\u00e1c t\u00ecnh hu\u1ed1ng gi\u00e1m s\u00e1t ph\u1ed5 bi\u1ebfn nh\u1ea5t.<\/p>\n<p><img decoding=\"async\" class=\"size-full wp-image-1659 aligncenter\" src=\"https:\/\/www.vietcorp.com\/store\/wp-content\/uploads\/2021\/02\/RS3621xsplus_back-vietcorp-phan-phoi-nas-synology-5.jpg\" alt=\"Thi\u1ebft b\u1ecb l\u01b0u tr\u1eef NAS Synology RS4021xs+ 7\" width=\"1950\" height=\"682\" srcset=\"https:\/\/vietcorp.com\/store\/wp-content\/uploads\/2021\/02\/RS3621xsplus_back-vietcorp-phan-phoi-nas-synology-5.jpg?v=1668219866 1950w, https:\/\/vietcorp.com\/store\/wp-content\/uploads\/2021\/02\/RS3621xsplus_back-vietcorp-phan-phoi-nas-synology-5-600x210.jpg?v=1668219866 600w, https:\/\/vietcorp.com\/store\/wp-content\/uploads\/2021\/02\/RS3621xsplus_back-vietcorp-phan-phoi-nas-synology-5-1024x358.jpg?v=1668219866 1024w, https:\/\/vietcorp.com\/store\/wp-content\/uploads\/2021\/02\/RS3621xsplus_back-vietcorp-phan-phoi-nas-synology-5-768x269.jpg?v=1668219866 768w, https:\/\/vietcorp.com\/store\/wp-content\/uploads\/2021\/02\/RS3621xsplus_back-vietcorp-phan-phoi-nas-synology-5-1536x537.jpg?v=1668219866 1536w, https:\/\/vietcorp.com\/store\/wp-content\/uploads\/2021\/02\/RS3621xsplus_back-vietcorp-phan-phoi-nas-synology-5-640x224.jpg?v=1668219866 640w, https:\/\/vietcorp.com\/store\/wp-content\/uploads\/2021\/02\/RS3621xsplus_back-vietcorp-phan-phoi-nas-synology-5-400x140.jpg?v=1668219866 400w, https:\/\/vietcorp.com\/store\/wp-content\/uploads\/2021\/02\/RS3621xsplus_back-vietcorp-phan-phoi-nas-synology-5-367x128.jpg?v=1668219866 367w\" sizes=\"(max-width: 1950px) 100vw, 1950px\" \/><\/p>\n<h2><span style=\"color: #0000ff;\"><strong>Ho\u1ea1t \u0111\u1ed9ng t\u1ed1i \u01b0u v\u1edbi HDD Synology<\/strong><\/span><\/h2>\n<p>\u0110\u01b0\u1ee3c thi\u1ebft k\u1ebf \u0111\u1ec3 x\u1eed l\u00fd kh\u1ed1i l\u01b0\u1ee3ng c\u00f4ng vi\u1ec7c 24\/7 chuy\u00ean s\u00e2u, \u1ed5 \u0111\u0129a Synology lu\u00f4n mang l\u1ea1i hi\u1ec7u su\u1ea5t cao nh\u1ea5t.<\/p>\n<p><img decoding=\"async\" class=\"size-full wp-image-1660 aligncenter\" src=\"https:\/\/www.vietcorp.com\/store\/wp-content\/uploads\/2021\/02\/RS3621xsplus_back-vietcorp-phan-phoi-nas-synology-6.png\" alt=\"Thi\u1ebft b\u1ecb l\u01b0u tr\u1eef NAS Synology RS4021xs+ 8\" width=\"664\" height=\"386\" srcset=\"https:\/\/vietcorp.com\/store\/wp-content\/uploads\/2021\/02\/RS3621xsplus_back-vietcorp-phan-phoi-nas-synology-6.png?v=1668219864 664w, https:\/\/vietcorp.com\/store\/wp-content\/uploads\/2021\/02\/RS3621xsplus_back-vietcorp-phan-phoi-nas-synology-6-600x349.png?v=1668219864 600w, https:\/\/vietcorp.com\/store\/wp-content\/uploads\/2021\/02\/RS3621xsplus_back-vietcorp-phan-phoi-nas-synology-6-640x372.png?v=1668219864 640w, https:\/\/vietcorp.com\/store\/wp-content\/uploads\/2021\/02\/RS3621xsplus_back-vietcorp-phan-phoi-nas-synology-6-400x233.png?v=1668219864 400w, https:\/\/vietcorp.com\/store\/wp-content\/uploads\/2021\/02\/RS3621xsplus_back-vietcorp-phan-phoi-nas-synology-6-367x213.png?v=1668219864 367w\" sizes=\"(max-width: 664px) 100vw, 664px\" \/><\/p>\n<h2 style=\"text-align: center;\"><strong><span style=\"color: #0000ff;\">B\u1ea3o h\u00e0nh 5 n\u0103m<\/span><\/strong><\/h2>\n<table>\n<tbody>\n<tr>\n<td><img decoding=\"async\" class=\"alignnone wp-image-1288 size-full\" src=\"https:\/\/vietcorp.com\/store\/wp-content\/uploads\/2020\/11\/5year_warranty_02-1.png\" alt=\"Thi\u1ebft b\u1ecb l\u01b0u tr\u1eef NAS Synology RS4021xs+ 9\" width=\"199\" height=\"169\" \/><\/td>\n<td>Ch\u00fang t\u00f4i cam k\u1ebft v\u1ec1 ch\u1ea5t l\u01b0\u1ee3ng s\u1ea3n ph\u1ea9m, \u0111\u1ea3m b\u1ea3o tr\u1ea3i nghi\u1ec7m qu\u1ea3n l\u00fd d\u1eef li\u1ec7u m\u1ea1nh m\u1ebd v\u00e0 \u0111\u00e1ng tin c\u1eady v\u1edbi g\u00f3i b\u1ea3o h\u00e0nh 5 n\u0103m, cung c\u1ea5p d\u1ecbch v\u1ee5 h\u1ed7 tr\u1ee3 k\u1ef9 thu\u1eadt \u0111\u00e1p \u1ee9ng \u0111\u1ec3 t\u1ed1i \u0111a h\u00f3a l\u1ee3i t\u1ee9c \u0111\u1ea7u t\u01b0 c\u1ee7a b\u1ea1n.<\/td>\n<\/tr>\n<\/tbody>\n<\/table>\n<h2><span id=\"Be_ngoai_cua_DS1520\" style=\"color: #0000ff;\"><strong>B\u1ec1 ngo\u00e0i c\u1ee7a NAS Synology RS4021xs+<\/strong><\/span><\/h2>\n<p>&nbsp;<\/p>\n<table>\n<tbody>\n<tr>\n<td style=\"text-align: left;\"><strong>M\u1eb7t tr\u01b0\u1edbc NAS Synology RS4021xs+<\/strong><\/td>\n<td style=\"text-align: left;\"><strong>M\u1eb7t sau NAS Synology RS4021xs+<\/strong><\/td>\n<\/tr>\n<tr>\n<td><img decoding=\"async\" class=\"alignnone size-full wp-image-1674\" src=\"https:\/\/www.vietcorp.com\/store\/wp-content\/uploads\/2021\/02\/backpanel_01-vietcorp-phan-phoi-nas-synology.png\" alt=\"Thi\u1ebft b\u1ecb l\u01b0u tr\u1eef NAS Synology RS4021xs+ 10\" width=\"700\" height=\"275\" srcset=\"https:\/\/vietcorp.com\/store\/wp-content\/uploads\/2021\/02\/backpanel_01-vietcorp-phan-phoi-nas-synology.png?v=1668219849 700w, https:\/\/vietcorp.com\/store\/wp-content\/uploads\/2021\/02\/backpanel_01-vietcorp-phan-phoi-nas-synology-600x236.png?v=1668219849 600w, https:\/\/vietcorp.com\/store\/wp-content\/uploads\/2021\/02\/backpanel_01-vietcorp-phan-phoi-nas-synology-640x251.png?v=1668219849 640w, https:\/\/vietcorp.com\/store\/wp-content\/uploads\/2021\/02\/backpanel_01-vietcorp-phan-phoi-nas-synology-400x157.png?v=1668219849 400w, https:\/\/vietcorp.com\/store\/wp-content\/uploads\/2021\/02\/backpanel_01-vietcorp-phan-phoi-nas-synology-367x144.png?v=1668219849 367w\" sizes=\"(max-width: 700px) 100vw, 700px\" \/><\/td>\n<td><img decoding=\"async\" class=\"alignnone size-full wp-image-1673\" src=\"https:\/\/www.vietcorp.com\/store\/wp-content\/uploads\/2021\/02\/backpanel_02-vietcorp-phan-phoi-nas-synology.png\" alt=\"Thi\u1ebft b\u1ecb l\u01b0u tr\u1eef NAS Synology RS4021xs+ 11\" width=\"700\" height=\"275\" srcset=\"https:\/\/vietcorp.com\/store\/wp-content\/uploads\/2021\/02\/backpanel_02-vietcorp-phan-phoi-nas-synology.png?v=1668219854 700w, https:\/\/vietcorp.com\/store\/wp-content\/uploads\/2021\/02\/backpanel_02-vietcorp-phan-phoi-nas-synology-600x236.png?v=1668219854 600w, https:\/\/vietcorp.com\/store\/wp-content\/uploads\/2021\/02\/backpanel_02-vietcorp-phan-phoi-nas-synology-640x251.png?v=1668219854 640w, https:\/\/vietcorp.com\/store\/wp-content\/uploads\/2021\/02\/backpanel_02-vietcorp-phan-phoi-nas-synology-400x157.png?v=1668219854 400w, https:\/\/vietcorp.com\/store\/wp-content\/uploads\/2021\/02\/backpanel_02-vietcorp-phan-phoi-nas-synology-367x144.png?v=1668219854 367w\" sizes=\"(max-width: 700px) 100vw, 700px\" \/><\/td>\n<\/tr>\n<tr>\n<td>1. N\u00fat ngu\u1ed3n v\u00e0 \u0111\u00e8n b\u00e1o<\/td>\n<td>8. Console port<\/td>\n<\/tr>\n<tr>\n<td>2. N\u00fat t\u1eaft c\u1ea3nh b\u00e1o<\/td>\n<td>9. Network 1GbE\/10GbE RJ-45<\/td>\n<\/tr>\n<tr>\n<td>3. Khay \u1ed5 \u0111\u0129a<\/td>\n<td>10. C\u1ed5ng USB 3.2<\/td>\n<\/tr>\n<tr>\n<td>4. \u0110\u00e8n b\u00e1o tr\u1ea1ng th\u00e1i \u1ed5 \u0111\u0129a<\/td>\n<td>11. C\u1ed5ng m\u1edf r\u1ed9ng<\/td>\n<\/tr>\n<tr>\n<td>5. Qu\u1ea1t ngu\u1ed3n<\/td>\n<td>12. Khe c\u1eafm m\u1edf r\u1ed9ng PCIe<\/td>\n<\/tr>\n<tr>\n<td>6. Ngu\u1ed3n \u0111i\u1ec7n<\/td>\n<td>13. N\u00fat reset<\/td>\n<\/tr>\n<tr>\n<td>7. \u0110\u00e8n c\u1ea3nh b\u00e1o ngu\u1ed3n v\u00e0 n\u00fat t\u1eaft c\u1ea3nh b\u00e1o<\/td>\n<td><\/td>\n<\/tr>\n<\/tbody>\n<\/table>\n<p>Xem th\u00eam th\u00f4ng tin h\u1ed7 tr\u1ee3 cho <strong>thi\u1ebft b\u1ecb l\u01b0u tr\u1eef NAS Synology RS4021xs+<\/strong><\/p>\n<ul>\n<li><a href=\"https:\/\/www.vietcorp.com\/vn\/chung-nhan\/\">Ch\u1ee9ng nh\u1eadn Synology<\/a><\/li>\n<li><a href=\"https:\/\/vietcorp.com\/support\/synology\/\">Support Synology<\/a><\/li>\n<li><a href=\"https:\/\/www.vietcorp.com\/blog\/tag\/showcase-synology\/\">Showcase Synology<\/a><\/li>\n<\/ul>\n","protected":false},"excerpt":{"rendered":"<p>Thi\u1ebft b\u1ecb l\u01b0u tr\u1eef NAS Synology RS4021xs+<br \/>\nNAS 16 khay \u1ed5 \u0111\u0129a max 40 \u1ed5 \u0111\u0129a<br \/>\n16 GB DDR4 ECC up to 64 GB<br \/>\n2 RJ-45 10GbE, 4 RJ-45 1GbE<br \/>\nB\u1ea3o h\u00e0nh 60 th\u00e1ng<\/p>\n","protected":false},"featured_media":7005,"template":"","meta":[],"product_brand":[],"product_cat":[15,405],"product_tag":[60,506,52,31,504,23,505],"class_list":{"0":"post-1618","1":"product","2":"type-product","3":"status-publish","4":"has-post-thumbnail","6":"product_cat-nas","7":"product_cat-xs-series","8":"product_tag-nas-16-bay","9":"product_tag-nas-rs4021xs","10":"product_tag-nas-synology","11":"product_tag-rackstation","12":"product_tag-rs4021xs","13":"product_tag-synology","14":"product_tag-synology-rs4021xs","15":"pa_bao-hanh-60-thang","16":"pa_bo-nho-ram-16-gb","17":"pa_bo-nho-ram-mo-rong-den-64-gb","18":"pa_bo-vxl-cpu-intel-xeon","19":"pa_chung-loai-nas","20":"pa_cong-giao-tiep-2-x-expansion-port","21":"pa_cong-giao-tiep-2-x-rj-45-10gbe","22":"pa_cong-giao-tiep-2-x-usb-3-2-gen-1-port","23":"pa_cong-giao-tiep-4-x-rj-45-1gbe","24":"pa_drive-bays-16-bays","25":"pa_drive-bays-mo-rong-den-40-bays","26":"pa_form-factor-1u-rackmount","27":"pa_muc-dich-su-dung-danh-cho-doanh-nghiep-lon","28":"pa_muc-dich-su-dung-danh-cho-doanh-nghiep-vua","29":"pa_muc-dich-su-dung-enterprise-storage","30":"pa_thuong-hieu-synology","31":"pa_tinh-nang-phan-cung-64-bit-architecture","32":"pa_tinh-nang-phan-cung-encryption-engine-aes-ni","33":"pa_tinh-nang-phan-cung-expandable-storage-capacity","34":"pa_tinh-nang-phan-cung-hot-swappable-drives","35":"pa_tinh-nang-phan-cung-upgradeable-ram","36":"pa_tinh-nang-phan-mem-active-backup-for-business","37":"pa_tinh-nang-phan-mem-btrfs-file-system","38":"pa_tinh-nang-phan-mem-mailplus","39":"pa_tinh-nang-phan-mem-raid-f1","40":"pa_tinh-nang-phan-mem-snapshot-replication","41":"pa_tinh-nang-phan-mem-synology-high-availability","42":"pa_tinh-nang-phan-mem-virtual-machine-manager","44":"first","45":"instock","46":"taxable","47":"shipping-taxable","48":"product-type-simple"},"_links":{"self":[{"href":"https:\/\/vietcorp.com\/store\/wp-json\/wp\/v2\/product\/1618","targetHints":{"allow":["GET"]}}],"collection":[{"href":"https:\/\/vietcorp.com\/store\/wp-json\/wp\/v2\/product"}],"about":[{"href":"https:\/\/vietcorp.com\/store\/wp-json\/wp\/v2\/types\/product"}],"wp:featuredmedia":[{"embeddable":true,"href":"https:\/\/vietcorp.com\/store\/wp-json\/wp\/v2\/media\/7005"}],"wp:attachment":[{"href":"https:\/\/vietcorp.com\/store\/wp-json\/wp\/v2\/media?parent=1618"}],"wp:term":[{"taxonomy":"product_brand","embeddable":true,"href":"https:\/\/vietcorp.com\/store\/wp-json\/wp\/v2\/product_brand?post=1618"},{"taxonomy":"product_cat","embeddable":true,"href":"https:\/\/vietcorp.com\/store\/wp-json\/wp\/v2\/product_cat?post=1618"},{"taxonomy":"product_tag","embeddable":true,"href":"https:\/\/vietcorp.com\/store\/wp-json\/wp\/v2\/product_tag?post=1618"}],"curies":[{"name":"wp","href":"https:\/\/api.w.org\/{rel}","templated":true}]}}