


{"id":156,"date":"2020-11-05T10:19:59","date_gmt":"2020-11-05T03:19:59","guid":{"rendered":"https:\/\/www.vietcorp.com\/store\/product\/synology-ds220\/"},"modified":"2025-12-11T11:47:42","modified_gmt":"2025-12-11T04:47:42","slug":"thiet-bi-luu-tru-nas-synology-ds220","status":"publish","type":"product","link":"https:\/\/vietcorp.com\/store\/156\/thiet-bi-luu-tru-nas-synology-ds220\/","title":{"rendered":"Synology DS220+"},"content":{"rendered":"<section class=\"wpb-content-wrapper\"><p>[vc_row][vc_column][vc_column_text]S\u1ea3n ph\u1ea9m thay th\u1ebf<\/p>\n<p>[\/vc_column_text]<div class=\"woocommerce \">\r\n<ul class=\"products products-container grid pcols-lg-4 pcols-md-3 pcols-xs-2 pcols-ls-1 pwidth-lg-4 pwidth-md-3 pwidth-xs-2 pwidth-ls-1 is-shortcode\"\r\r\n\t data-product_layout=\"product-default\">\r\r\n\r\n\r\r\n<li class=\"product-col product-default product type-product post-3860 status-publish first outofstock product_cat-ds-series product_cat-nas product_cat-san-pham-ngung-kinh-doanh product_tag-diskstation product_tag-ds224 product_tag-nas product_tag-nas-2-bay product_tag-nas-ds224 product_tag-nas-synology product_tag-synology product_tag-synology-ds224 has-post-thumbnail taxable shipping-taxable product-type-simple\">\r\r\n<div class=\"product-inner\">\r\r\n\t\r\n\r\r\n\t<div class=\"product-image\">\r\r\n\r\r\n\t\t<a  href=\"https:\/\/vietcorp.com\/store\/3860\/synology-ds224\/\" aria-label=\"product\">\r\r\n\t\t\t<div class=\"stock out-of-stock\">H\u1ebft h\u00e0ng<\/div><div class=\"inner img-effect\"><img decoding=\"async\" width=\"600\" height=\"600\" src=\"https:\/\/vietcorp.com\/store\/wp-content\/uploads\/2023\/06\/nas-synology-ds2242.png\" class=\"attachment-woocommerce_thumbnail size-woocommerce_thumbnail\" alt=\"Synology DS224+\" srcset=\"https:\/\/vietcorp.com\/store\/wp-content\/uploads\/2023\/06\/nas-synology-ds2242.png 600w, https:\/\/vietcorp.com\/store\/wp-content\/uploads\/2023\/06\/nas-synology-ds2242-400x400.png 400w, https:\/\/vietcorp.com\/store\/wp-content\/uploads\/2023\/06\/nas-synology-ds2242-560x560.png 560w, https:\/\/vietcorp.com\/store\/wp-content\/uploads\/2023\/06\/nas-synology-ds2242-367x367.png 367w\" sizes=\"(max-width: 600px) 100vw, 600px\" \/><img decoding=\"async\" width=\"600\" height=\"600\" src=\"https:\/\/vietcorp.com\/store\/wp-content\/uploads\/2023\/06\/nas-synology-ds2243.png\" class=\"hover-image\" alt=\"\" srcset=\"https:\/\/vietcorp.com\/store\/wp-content\/uploads\/2023\/06\/nas-synology-ds2243.png 600w, https:\/\/vietcorp.com\/store\/wp-content\/uploads\/2023\/06\/nas-synology-ds2243-400x400.png 400w, https:\/\/vietcorp.com\/store\/wp-content\/uploads\/2023\/06\/nas-synology-ds2243-560x560.png 560w, https:\/\/vietcorp.com\/store\/wp-content\/uploads\/2023\/06\/nas-synology-ds2243-367x367.png 367w\" sizes=\"(max-width: 600px) 100vw, 600px\" \/><\/div>\r\n\t\t<\/a>\r\r\n\t\r\n\t\r\n\t<\/div>\r\r\n\r\r\n\t<div class=\"product-content\">\r\r\n\t\t<span class=\"category-list\"><a href=\"https:\/\/vietcorp.com\/store\/product-category\/nas\/ds-series\/\" rel=\"tag\">DS Series<\/a>, <a href=\"https:\/\/vietcorp.com\/store\/product-category\/nas\/\" rel=\"tag\">NAS<\/a>, <a href=\"https:\/\/vietcorp.com\/store\/product-category\/san-pham-ngung-kinh-doanh\/\" rel=\"tag\">S\u1ea2N PH\u1ea8M NG\u1eeaNG KINH DOANH<\/a><\/span>\r\n\r\r\n\t\t\r\n\t<a class=\"product-loop-title\"  href=\"https:\/\/vietcorp.com\/store\/3860\/synology-ds224\/\">\r\r\n\t<h3 class=\"woocommerce-loop-product__title\">Synology DS224+<\/h3>\r\n\t<\/a>\r\r\n\t\r\n\r\r\n\t\t\r\n\t<div class=\"description\">\r\r\n\t\t\r\n\t\t<p class=\"post-excerpt\">Thi\u1ebft b\u1ecb l\u01b0u tr\u1eef NAS Synology DS224+<br \/>\nNAS 2 khay \u1ed5 \u0111\u0129a<br \/>\n2 GB DDR4 up to 6 GB<br \/>\n2 x RJ-45 1 GbE, 2 x USB 3.2 Gen 1<br \/>\nB\u1ea3o h\u00e0nh 24 th\u00e1ng<\/p>\n\r\n\t<\/div>\r\r\n\t\n\r\n\r\r\n\t\t\r\n<div class=\"add-links-wrap\">\r\r\n\t<div class=\"add-links clearfix\">\r\r\n\t\t<a href=\"https:\/\/vietcorp.com\/store\/3860\/synology-ds224\/\" aria-describedby=\"woocommerce_loop_add_to_cart_link_describedby_3860\" data-quantity=\"1\" class=\"viewcart-style-2 button product_type_simple add_to_cart_read_more\" data-product_id=\"3860\" data-product_sku=\"SYNOLOGY-DS224+\" aria-label=\"\u0110\u1ecdc th\u00eam v\u1ec1 &ldquo;Synology DS224+&rdquo;\" rel=\"nofollow\" data-success_message=\"\">\u0110\u1ecdc ti\u1ebfp<\/a>\r\n\t\r\n\t<span id=\"woocommerce_loop_add_to_cart_link_describedby_3860\" class=\"screen-reader-text\">\r\r\n\t\t\r\n\t<\/span>\r\r\n\t\r\n\t<div class=\"quickview\" data-id=\"3860\" title=\"Xem nhanh\">Xem nhanh<\/div>\r\n\t<\/div>\r\r\n\t\r\n<\/div>\r\r\n<span class=\"gtm4wp_productdata\" style=\"display:none; visibility:hidden;\" data-gtm4wp_product_data=\"{&quot;internal_id&quot;:3860,&quot;item_id&quot;:3860,&quot;item_name&quot;:&quot;Synology DS224+&quot;,&quot;sku&quot;:&quot;SYNOLOGY-DS224+&quot;,&quot;price&quot;:0,&quot;stocklevel&quot;:null,&quot;stockstatus&quot;:&quot;outofstock&quot;,&quot;google_business_vertical&quot;:&quot;retail&quot;,&quot;item_category&quot;:&quot;DS Series&quot;,&quot;id&quot;:3860,&quot;productlink&quot;:&quot;https:\\\/\\\/vietcorp.com\\\/store\\\/3860\\\/synology-ds224\\\/&quot;,&quot;item_list_name&quot;:&quot;General Product List&quot;,&quot;index&quot;:1,&quot;product_type&quot;:&quot;simple&quot;,&quot;item_brand&quot;:&quot;&quot;}\"><\/span>\r\n\t<\/div>\r\r\n<\/div>\r\r\n\r\r\n<\/li>\r\r\n\r\n<\/ul>\r\r\n<\/div>[\/vc_column][\/vc_row][vc_row][vc_column][vc_column_text]<\/p>\n<h4 style=\"color: red;\">S\u1ea3n ph\u1ea9m ng\u1eebng kinh doanh<\/h4>\n<p><strong>Thi\u1ebft b\u1ecb l\u01b0u tr\u1eef NAS Synology DS220+<\/strong> mang \u0111\u1ebfn gi\u1ea3i ph\u00e1p l\u01b0u tr\u1eef k\u1ebft n\u1ed1i m\u1ea1ng nh\u1ecf g\u1ecdn \u0111\u01b0\u1ee3c thi\u1ebft k\u1ebf \u0111\u1ec3 h\u1ee3p l\u00fd h\u00f3a vi\u1ec7c qu\u1ea3n l\u00fd d\u1eef li\u1ec7u v\u00e0 \u0111a ph\u01b0\u01a1ng ti\u1ec7n c\u1ee7a b\u1ea1n. <a href=\"https:\/\/www.vietcorp.com\/store\/nas-synology\/\"><strong>NAS Synology<\/strong><\/a> c\u00f3 t\u00ednh n\u0103ng chia s\u1ebb d\u1eef li\u1ec7u m\u01b0\u1ee3t m\u00e0, ph\u00e1t tr\u1ef1c tuy\u1ebfn video v\u00e0 l\u1eadp ch\u1ec9 m\u1ee5c \u1ea3nh, c\u0169ng nh\u01b0 c\u00e1c t\u00f9y ch\u1ecdn kh\u00f4i ph\u1ee5c v\u00e0 b\u1ea3o v\u1ec7 d\u1eef li\u1ec7u to\u00e0n di\u1ec7n.<\/p>\n<h2><span style=\"color: #0000ff;\"><strong><a href=\"https:\/\/www.vietcorp.com\/store\/156\/thiet-bi-luu-tru-nas-synology-ds220\/\">NAS Synology DS220+<\/a> cung c\u1ea5p ph\u1ea7n c\u1ee9ng m\u1ea1nh m\u1ebd<\/strong><\/span><\/h2>\n<ul>\n<li><strong>B\u1ed9 x\u1eed l\u00fd CPU<\/strong>: 2-core 2.0 GHz, burst up to 2.9 GHz<\/li>\n<li><b>L\u01b0u tr\u1eef an to\u00e0n<\/b>: C\u01a1 ch\u1ebf RAID 1 b\u1ea3o v\u1ec7 d\u1eef li\u1ec7u<\/li>\n<li><strong>T\u1ed1c \u0111\u1ed9<\/strong>: \u0110\u1ecdc ng\u1eabu nhi\u00ean t\u0103ng trung b\u00ecnh 15%<\/li>\n<li><strong>Lan Port:<\/strong> 2 x c\u1ed5ng LAN 1GbE<\/li>\n<\/ul>\n<h2><span style=\"font-size: 24px; color: #0000ff;\"><strong>T\u1ed1i \u01b0u h\u00f3a <\/strong><strong>c\u00e1c \u1ee9ng d\u1ee5ng c\u1ee7a NAS Synology DS220+<\/strong><\/span><\/h2>\n<p>CPU m\u1ea1nh h\u01a1n s\u1ebd t\u0103ng t\u1ed1c c\u00e1c \u1ee9ng d\u1ee5ng s\u1eed d\u1ee5ng nhi\u1ec1u t\u00ednh to\u00e1n.\u00a0B\u1ed9 x\u1eed l\u00fd 2 l\u00f5i m\u1edbi t\u0103ng c\u01b0\u1eddng l\u1eadp ch\u1ec9 m\u1ee5c \u1ea3nh, th\u1eddi gian ph\u1ea3n h\u1ed3i c\u01a1 s\u1edf d\u1eef li\u1ec7u v\u00e0 hi\u1ec7u qu\u1ea3 ph\u1ea3n h\u1ed3i PHP tr\u00ean web.\u00a0D\u1ec5 d\u00e0ng ph\u00e2n lo\u1ea1i c\u00e1c b\u1ed9 nh\u1edb \u1ea3nh c\u1ee7a b\u1ea1n, qu\u1ea3n l\u00fd tr\u01a1n tru c\u00e1c t\u1ec7p tr\u00ean m\u00e1y t\u00ednh v\u00e0 thi\u1ebft b\u1ecb di \u0111\u1ed9ng, \u0111\u1ed3ng th\u1eddi t\u1eadn h\u01b0\u1edfng c\u00e1c \u1ee9ng d\u1ee5ng web nhanh nh\u01b0 ch\u1edbp.<\/p>\n<table>\n<tbody>\n<tr>\n<td><\/td>\n<td><strong>Synology Drive<\/strong><\/td>\n<td><strong>Moments<\/strong><\/td>\n<td><strong>Web server<\/strong><\/td>\n<\/tr>\n<tr>\n<td><strong>Model c\u0169<\/strong><\/td>\n<td>100%<\/td>\n<td>100%<\/td>\n<td>100%<\/td>\n<\/tr>\n<tr>\n<td><strong>DS220+<\/strong><\/td>\n<td>117,2%<\/td>\n<td>119,6%<\/td>\n<td>197%<\/td>\n<\/tr>\n<\/tbody>\n<\/table>\n<h2><span style=\"color: #0000ff;\"><strong>Trung t\u00e2m gi\u1ea3i tr\u00ed v\u00e0 \u0111a ph\u01b0\u01a1ng ti\u1ec7n<\/strong><\/span><\/h2>\n<p>Truy c\u1eadp n\u1ed9i dung \u0111a ph\u01b0\u01a1ng ti\u1ec7n m\u1ecdi l\u00fac, m\u1ecdi n\u01a1i th\u00f4ng qua giao di\u1ec7n tr\u1ef1c quan tr\u00ean n\u1ec1n web. T\u00ecm hi\u1ec3u th\u00eam v\u1ec1 <a href=\"https:\/\/www.vietcorp.com\/store\/video-station\/\">Video Station<\/a><\/p>\n<p><img decoding=\"async\" class=\"aligncenter wp-image-3945 size-full\" src=\"https:\/\/vietcorp.com\/blog\/wp-content\/uploads\/2020\/12\/your_personal_Video.png\" alt=\"Trung t\u00e2m gi\u1ea3i tr\u00ed \u0111a ph\u01b0\u01a1ng ti\u1ec7n tr\u00ean Nas Synology DS220+\" width=\"886\" height=\"514\" \/><\/p>\n<h2><span style=\"color: #0000ff;\"><strong>T\u00edch h\u1ee3p li\u1ec1n m\u1ea1ch v\u1edbi c\u00e1c thi\u1ebft b\u1ecb di \u0111\u1ed9ng<\/strong><\/span><\/h2>\n<p>C\u00e1c \u1ee9ng d\u1ee5ng di \u0111\u1ed9ng Synology \u0111\u01b0\u1ee3c thi\u1ebft k\u1ebf \u0111\u1ec3 cho ph\u00e9p truy c\u1eadp nhanh ch\u00f3ng v\u00e0 an to\u00e0n v\u00e0o d\u1eef li\u1ec7u c\u1ee7a b\u1ea1n m\u1ecdi l\u00fac m\u1ecdi n\u01a1i.<\/p>\n<p><img decoding=\"async\" class=\"aligncenter wp-image-3938 size-full\" src=\"https:\/\/vietcorp.com\/blog\/wp-content\/uploads\/2020\/12\/mobile_devices_style_b_ds_audio.png\" alt=\"NAS Synology DS220+ t\u00edch h\u1ee3p tr\u00ean \u0111i\u1ec7n tho\u1ea1i\" width=\"706\" height=\"445\" \/><\/p>\n<h2><span style=\"color: #0000ff;\"><strong>C\u00f4ng ngh\u1ec7 l\u01b0u tr\u1eef ti\u00ean ti\u1ebfn<\/strong><\/span><\/h2>\n<p>H\u1ec7 th\u1ed1ng t\u1ec7p Btrfs gi\u1edbi thi\u1ec7u c\u00e1c c\u00f4ng ngh\u1ec7 l\u01b0u tr\u1eef ti\u00ean ti\u1ebfn v\u00e0 \u1ea3nh ch\u1ee5p nhanh \u0111\u01b0\u1ee3c t\u1ed1i \u01b0u h\u00f3a \u0111\u1ec3 ng\u0103n ng\u1eeba l\u1ed7i d\u1eef li\u1ec7u v\u00e0 gi\u1ea3m chi ph\u00ed b\u1ea3o tr\u00ec. Trong khi \u0111\u1ea3m b\u1ea3o t\u00ednh to\u00e0n v\u1eb9n c\u1ee7a d\u1eef li\u1ec7u c\u1ea5p cao, n\u00f3 c\u0169ng cung c\u1ea5p c\u00e1c c\u00f4ng c\u1ee5 ph\u1ee5c h\u1ed3i v\u00e0 b\u1ea3o v\u1ec7 d\u1eef li\u1ec7u linh ho\u1ea1t, hi\u1ec7u qu\u1ea3. T\u00ecm hi\u1ec3u th\u00eam v\u1ec1 <a href=\"https:\/\/www.vietcorp.com\/store\/audio-station\/\">Audio Station<\/a><\/p>\n<p><img decoding=\"async\" class=\"aligncenter wp-image-3950 size-full\" src=\"https:\/\/vietcorp.com\/blog\/wp-content\/uploads\/2020\/12\/Btrfs_04_black.gif\" alt=\"C\u00f4ng ngh\u1ec7 RAID ti\u00ean ti\u1ebfn tr\u00ean Nas Synology DS220+\" width=\"597\" height=\"122\" \/><\/p>\n<h2><span style=\"color: #0000ff;\"><strong>Truy c\u1eadp v\u00e0 \u0111\u1ed3ng b\u1ed9 h\u00f3a file<\/strong><\/span><\/h2>\n<p><a href=\"https:\/\/www.vietcorp.com\/store\/synology-drive\/\">Synology Drive<\/a> cung c\u1ea5p m\u1ed9t c\u1ed5ng th\u00f4ng tin chung \u0111\u01b0\u1ee3c t\u00edch h\u1ee3p s\u1eb5n \u0111\u1ec3 truy c\u1eadp d\u1eef li\u1ec7u c\u1ee7a b\u1ea1n m\u1ecdi l\u00fac, m\u1ecdi n\u01a1i v\u00e0 \u0111\u1ed3ng b\u1ed9 h\u00f3a t\u1ea5t c\u1ea3 c\u00e1c t\u1ec7p c\u1ee7a b\u1ea1n tr\u00ean c\u00e1c n\u1ec1n t\u1ea3ng, bao g\u1ed3m Windows, macOS, Linux, Android v\u00e0 iOS.<\/p>\n<p><img decoding=\"async\" class=\"aligncenter wp-image-3871 size-full\" src=\"https:\/\/vietcorp.com\/blog\/wp-content\/uploads\/2020\/12\/Access.jpg\" alt=\"Truy c\u1eadp v\u00e0 \u0111\u1ed3ng b\u1ed9 file tr\u00ean Nas Synology DS220+\" width=\"920\" height=\"645\" \/><\/p>\n<h2><span id=\"Be_ngoai_cua_DS1520\" style=\"color: #0000ff;\"><strong>B\u1ec1 ngo\u00e0i c\u1ee7a Nas Synology DS220+<\/strong><\/span><\/h2>\n<table>\n<tbody>\n<tr>\n<td style=\"text-align: left;\"><strong>M\u1eb7t tr\u01b0\u1edbc NAS Synology DS220+<\/strong><\/td>\n<td style=\"text-align: left;\"><strong>M\u1eb7t sau NAS Synology DS220+<\/strong><\/td>\n<\/tr>\n<tr>\n<td><img decoding=\"async\" class=\"alignnone wp-image-3951 size-full\" src=\"https:\/\/vietcorp.com\/blog\/wp-content\/uploads\/2020\/12\/220f.png\" alt=\"M\u1eb7t tr\u01b0\u1edbc Nas Synology DS220+\" width=\"311\" height=\"393\" \/><\/td>\n<td><img decoding=\"async\" class=\"alignnone wp-image-3952 size-full\" src=\"https:\/\/vietcorp.com\/blog\/wp-content\/uploads\/2020\/12\/220l.png\" alt=\"M\u1eb7t sau Nas Synology DS220+\" width=\"335\" height=\"392\" \/><\/td>\n<\/tr>\n<tr>\n<td>1. \u0110\u00e8n b\u00e1o tr\u1ea1ng th\u00e1i<\/td>\n<td>7. Qu\u1ea1t h\u1ec7 th\u1ed1ng<\/td>\n<\/tr>\n<tr>\n<td>2. \u0110\u00e8n b\u00e1o m\u1ea1ng LAN<\/td>\n<td>8. C\u1ed5ng m\u1ea1ng 1GbE RJ-45<\/td>\n<\/tr>\n<tr>\n<td>3. \u0110\u00e8n b\u00e1o tr\u1ea1ng th\u00e1i \u1ed5 \u0111\u0129a<\/td>\n<td>9. N\u00fat reset<\/td>\n<\/tr>\n<tr>\n<td>4. C\u1ed5ng USB 3.0<\/td>\n<td>10. Ngu\u1ed3n \u0111i\u1ec7n<\/td>\n<\/tr>\n<tr>\n<td>5. N\u00fat sao ch\u00e9p USB<\/td>\n<td>11. Khe b\u1ea3o m\u1eadt Kensington<\/td>\n<\/tr>\n<tr>\n<td>6. N\u00fat ngu\u1ed3n v\u00e0 \u0111\u00e8n b\u00e1o<\/td>\n<td><\/td>\n<\/tr>\n<\/tbody>\n<\/table>\n<p>Xem th\u00eam th\u00f4ng tin h\u1ed7 tr\u1ee3 cho <strong>thi\u1ebft b\u1ecb l\u01b0u tr\u1eef NAS Synology DS220+<\/strong><\/p>\n<ul>\n<li><a href=\"https:\/\/www.vietcorp.com\/vn\/2819\/chung-nhan-vietcorp-doi-tac-cua-synology\/\">Ch\u1ee9ng nh\u1eadn Synology<\/a><\/li>\n<li><a href=\"https:\/\/vietcorp.com\/support\/synology\/\">Support Synology<\/a><\/li>\n<li><a href=\"https:\/\/www.vietcorp.com\/blog\/tag\/showcase-synology\/\">Showcase Synology<\/a><\/li>\n<\/ul>\n<p>[\/vc_column_text][\/vc_column][\/vc_row]<\/p>\n<\/section>","protected":false},"excerpt":{"rendered":"<h4 style=\"color: red;\"><strong>S\u1ea2N PH\u1ea8M NG\u1eeaNG KINH DOANH<\/strong><\/h4>\n<p><a href=\"https:\/\/www.vietcorp.com\/blog\/danh-sach-san-pham-synology-ngung-kinh-doanh-14724.html\/\">(Danh s\u00e1ch s\u1ea3n ph\u1ea9m Synology ng\u1eebng kinh doanh)<\/a><br \/>\nThi\u1ebft b\u1ecb l\u01b0u tr\u1eef NAS Synology DS220+<br \/>\nNAS 2 khay \u1ed5 \u0111\u0129a<br \/>\n2 GB DDR4 non-ECC<br \/>\n2 x 1GbE RJ-45, 2 x USB 3.2 Gen 1<br \/>\nB\u1ea3o h\u00e0nh 24 th\u00e1ng<\/p>\n","protected":false},"featured_media":8085,"template":"","meta":[],"product_brand":[],"product_cat":[337],"product_tag":[],"class_list":{"0":"post-156","1":"product","2":"type-product","3":"status-publish","4":"has-post-thumbnail","6":"product_cat-san-pham-ngung-kinh-doanh","7":"pa_bao-hanh-24-thang","8":"pa_bo-nho-ram-2-gb","9":"pa_bo-nho-ram-mo-rong-den-6gb","10":"pa_bo-vxl-cpu-intel-celeron","11":"pa_chung-loai-nas","12":"pa_cong-giao-tiep-1-x-esata","13":"pa_cong-giao-tiep-2-x-rj-45-1gbe","14":"pa_cong-giao-tiep-2-x-usb-3-0","15":"pa_drive-bays-2-bays","16":"pa_dung-luong-chua-co-o-cung","17":"pa_form-factor-tower","18":"pa_muc-dich-su-dung-danh-cho-ca-nhan","19":"pa_muc-dich-su-dung-danh-cho-doanh-nghiep-nho","20":"pa_tinh-nang-phan-cung-64-bit-architecture","21":"pa_tinh-nang-phan-cung-encryption-engine-aes-ni","22":"pa_tinh-nang-phan-cung-hot-swappable-drives","23":"pa_tinh-nang-phan-cung-upgradeable-ram","24":"pa_tinh-nang-phan-mem-active-backup-for-business","25":"pa_tinh-nang-phan-mem-btrfs-file-system","26":"pa_tinh-nang-phan-mem-mailplus","27":"pa_tinh-nang-phan-mem-snapshot-replication","28":"pa_tinh-nang-phan-mem-synology-high-availability","29":"pa_tinh-nang-phan-mem-virtual-machine-manager","31":"first","32":"outofstock","33":"taxable","34":"shipping-taxable","35":"product-type-simple"},"_links":{"self":[{"href":"https:\/\/vietcorp.com\/store\/wp-json\/wp\/v2\/product\/156","targetHints":{"allow":["GET"]}}],"collection":[{"href":"https:\/\/vietcorp.com\/store\/wp-json\/wp\/v2\/product"}],"about":[{"href":"https:\/\/vietcorp.com\/store\/wp-json\/wp\/v2\/types\/product"}],"wp:featuredmedia":[{"embeddable":true,"href":"https:\/\/vietcorp.com\/store\/wp-json\/wp\/v2\/media\/8085"}],"wp:attachment":[{"href":"https:\/\/vietcorp.com\/store\/wp-json\/wp\/v2\/media?parent=156"}],"wp:term":[{"taxonomy":"product_brand","embeddable":true,"href":"https:\/\/vietcorp.com\/store\/wp-json\/wp\/v2\/product_brand?post=156"},{"taxonomy":"product_cat","embeddable":true,"href":"https:\/\/vietcorp.com\/store\/wp-json\/wp\/v2\/product_cat?post=156"},{"taxonomy":"product_tag","embeddable":true,"href":"https:\/\/vietcorp.com\/store\/wp-json\/wp\/v2\/product_tag?post=156"}],"curies":[{"name":"wp","href":"https:\/\/api.w.org\/{rel}","templated":true}]}}