


{"id":152,"date":"2020-11-05T10:19:52","date_gmt":"2020-11-05T03:19:52","guid":{"rendered":"https:\/\/www.vietcorp.com\/store\/product\/synology-ds1621xs\/"},"modified":"2025-02-21T14:24:13","modified_gmt":"2025-02-21T07:24:13","slug":"thiet-bi-luu-tru-nas-synology-ds1621xs","status":"publish","type":"product","link":"https:\/\/vietcorp.com\/store\/152\/thiet-bi-luu-tru-nas-synology-ds1621xs\/","title":{"rendered":"Synology DS1621xs+ (EOL)"},"content":{"rendered":"<h4 style=\"color: red;\">S\u1ea3n ph\u1ea9m ng\u1eebng kinh doanh<\/h4>\n<p><a href=\"https:\/\/www.vietcorp.com\/store\/152\/thiet-bi-luu-tru-nas-synology-ds1621xs\/\"><strong>Thi\u1ebft b\u1ecb l\u01b0u tr\u1eef NAS Synology DS1621xs+<\/strong><\/a>, CPU Intel\u00ae Xeon D-1527 4-core 2.2 GHz, RAM 8 GB DDR4 ECC SODIMM, kh\u1ea3 n\u0103ng m\u1edf r\u1ed9ng l\u00ean \u0111\u1ebfn 32 GB, b\u1ea3o h\u00e0nh 5 n\u0103m. Synology DS1621xs+ l\u00e0 <a href=\"https:\/\/vietcorp.com\/store\/drive-bays\/6-bays\">NAS 6 bay<\/a> cung c\u1ea5p c\u00e1c khe c\u1eafm SSD cache M.2, c\u1ed5ng 10GbE, m\u1edf r\u1ed9ng b\u1ed9 nh\u1edb v\u00e0 thi\u1ebft k\u1ebf l\u01b0u tr\u1eef c\u00f3 th\u1ec3 m\u1edf r\u1ed9ng cho ph\u00e9p b\u1ea1n t\u0103ng hi\u1ec7u su\u1ea5t c\u1ee7a NAS, qu\u1ea3n l\u00fd cho c\u00e1c doanh nghi\u1ec7p v\u1eeba v\u00e0 nh\u1ecf c\u1ea7n l\u01b0u tr\u1eef hi\u1ec7u qu\u1ea3.<\/p>\n<h2><span style=\"color: #0000ff;\"><strong>\u00a0NAS Synology DS1621xs+ cung c\u1ea5p ph\u1ea7n c\u1ee9ng m\u1ea1nh m\u1ebd<\/strong><\/span><\/h2>\n<ul>\n<li><strong>CPU b\u1ed9 x\u1eed l\u00fd<\/strong> : Intel <sup>\u00ae<\/sup> \u00a0Xeon D-1527 4 nh\u00e2n 2,2 GHz<\/li>\n<li><strong>RAM b\u1ed9 nh\u1edb<\/strong> : 8 GB DDR4 ECC SODIMM, l\u00ean \u0111\u1ebfn 32 GB<\/li>\n<li><strong>T\u1ed1c \u0111\u1ed9<\/strong> : \u0110\u1ecdc ng\u1eabu nhi\u00ean trung b\u00ecnh h\u01a1n 3.100 MB \/ s<\/li>\n<li>M\u1edf <strong>r\u1ed9ng kh\u1ea3 n\u0103ng<\/strong> : voi hai DX517, n\u00f3 c\u00f3 th\u1ec3 \u0111\u01b0\u1ee3c m\u1edf r\u1ed9ng l\u00ean 16 \u1ed5 c\u1ee9ng<\/li>\n<\/ul>\n<h2 class=\"fusion-responsive-typography-calculated\" data-fontsize=\"24\" data-lineheight=\"26.4px\"><strong><span style=\"color: #0000ff;\">Nhanh ch\u00f3ng hi\u1ec7u su\u1ea5t v\u1edbi b\u1ed9 nh\u1edb cache M.2 SSD<\/span><\/strong><\/h2>\n<p>NAS Synology DS1621xs+ \u0111\u01b0\u1ee3c t\u00edch h\u1ee3p \u1ed5 \u0111\u0129a M.2 SSD c\u00f3 kh\u1ea3 n\u0103ng cung c\u1ea5p t\u1ed1c \u0111\u1ed9 ph\u1ea3n h\u1ed3i I \/ O nhanh h\u01a1n 20 l\u1ea7n so v\u1edbi \u1ed5 c\u1ee9ng m\u00e0 kh\u00f4ng s\u1eed d\u1ee5ng khoang tr\u01b0\u1edbc \u1ed5 \u0111\u0129a. Port 10GbE t\u00edch h\u1ee3p gi\u00fap truy\u1ec1n d\u1eef li\u1ec7u nhanh ch\u00f3ng v\u00e0 c\u00f3 th\u1ec3 \u0111\u01b0\u1ee3c li\u00ean k\u1ebft v\u1edbi m\u1ed9t b\u1ed5 sung m\u1ea1ng giao di\u1ec7n th\u1ebb \u0111\u1ec3 c\u00f3 cao h\u01a1n m\u1ea1ng b\u0103ng th\u00f4ng.<\/p>\n<p><img decoding=\"async\" class=\"aligncenter wp-image-3913 size-full\" src=\"https:\/\/www.vietcorp.com\/blog\/wp-content\/uploads\/2020\/12\/SSD-1.png\" alt=\"Vietcorp ph\u00e2n ph\u1ed1i NAS Synology DS1621xs +\" width=\"621\" height=\"306\" \/><\/p>\n<p>&nbsp;<\/p>\n<h2 class=\"fusion-responsive-typography-calculated\" data-fontsize=\"24\" data-lineheight=\"26.4px\"><strong><span style=\"color: #0000ff;\">T\u0103ng t\u1ed1c <\/span><\/strong><strong><span style=\"color: #0000ff;\">t\u00edch h\u1ee3p <\/span><\/strong><strong><span style=\"color: #0000ff;\">c\u00e1c \u1ee9ng d\u1ee5ng <\/span><\/strong><strong><span style=\"color: #0000ff;\">th\u00eam <\/span><\/strong><strong><span style=\"color: #0000ff;\">c<\/span><\/strong><strong><span style=\"color: #0000ff;\">\u1ed5ng 10GbE\u00a0<\/span><\/strong><\/h2>\n<p>10GBASE-T T\u00edch h\u1ee3p cho b\u0103ng r\u1ed9ng th\u00f4ng tin m\u00f4i tr\u01b0\u1eddng<\/p>\n<p><img decoding=\"async\" class=\"aligncenter wp-image-3914 size-full\" src=\"https:\/\/www.vietcorp.com\/blog\/wp-content\/uploads\/2020\/12\/10GbE-1.png\" alt=\"Vietcorp ph\u00e2n ph\u1ed1i NAS Synology DS1621xs +\" width=\"621\" height=\"306\" \/><\/p>\n<h2 class=\"left\"><strong><span style=\"color: #0000ff;\">Ch\u00ednh s\u00e1ch b\u1ea3o h\u00e0nh<\/span><\/strong><\/h2>\n<p>Ch\u00fang t\u00f4i cam k\u1ebft ch\u1ea5t l\u01b0\u1ee3ng s\u1ea3n ph\u1ea9m. Vietcorp \u0111\u1ea3m b\u1ea3o tr\u1ea3i nghi\u1ec7m qu\u1ea3n l\u00fd d\u1eef li\u1ec7u m\u1ea1nh m\u1ebd v\u00e0 \u0111\u00e1ng tin c\u1eady v\u1edbi s\u1ef1 b\u1ea3o h\u00e0nh c\u00f3 gi\u1edbi h\u1ea1n 5 n\u0103m, cung c\u1ea5p d\u1ecbch v\u1ee5 h\u1ed7 tr\u1ee3 k\u1ef9 thu\u1eadt \u0111\u1ec3 t\u1ed1i \u0111a h\u00f3a l\u1ee3i \u00edch c\u1ee7a b\u1ea1n.<\/p>\n<p><img decoding=\"async\" class=\"aligncenter wp-image-3915 size-full\" src=\"https:\/\/www.vietcorp.com\/blog\/wp-content\/uploads\/2020\/12\/5year_warranty_02.png\" alt=\"Vietcorp ph\u00e2n ph\u1ed1i NAS Synology DS1621xs +\" width=\"199\" height=\"169\" \/><\/p>\n<h2><span style=\"color: #0000ff;\"><strong>NAS Synology DS1621xs+ T\u1ed1i \u01b0u h\u00f3a sao l\u01b0u gi\u1ea3i ph\u00e1p<\/strong><\/span><\/h2>\n<p><a href=\"https:\/\/www.vietcorp.com\/store\/nas-synology\/\">Thi\u1ebft b\u1ecb l\u01b0u tr\u1eef NAS Synology<\/a> DS1621xs+ t\u00edch h\u1ee3p c\u00e1c \u1ee9ng d\u1ee5ng sao l\u01b0u kh\u00e1c nhau v\u00e0o giao di\u1ec7n ng\u01b0\u1eddi d\u00f9ng tr\u1ef1c ti\u1ebfp, cung c\u1ea5p c\u00e1c l\u01b0u tr\u1eef c\u00f4ng ngh\u1ec7 l\u00e2u d\u00e0i \u0111\u1ec3 b\u1ea3o v\u1ec7 d\u1eef li\u1ec7u qu\u00fd gi\u00e1 c\u1ee7a b\u1ea1n tr\u00ean m\u1ecdi thi\u1ebft b\u1ecb.<\/p>\n<table>\n<tbody>\n<tr>\n<td><img decoding=\"async\" class=\"aligncenter wp-image-3829 size-full\" src=\"https:\/\/www.vietcorp.com\/blog\/wp-content\/uploads\/2020\/12\/backup_solution_1.png\" alt=\"NAS Synology DS1621xs+1\" width=\"60\" height=\"60\" \/><\/td>\n<td><img decoding=\"async\" class=\"aligncenter wp-image-3830 size-full\" src=\"https:\/\/www.vietcorp.com\/blog\/wp-content\/uploads\/2020\/12\/backup_solution_2.png\" alt=\"NAS Synology DS1621xs+2\" width=\"60\" height=\"60\" \/><\/td>\n<td><img decoding=\"async\" class=\"aligncenter wp-image-3827 size-full\" src=\"https:\/\/www.vietcorp.com\/blog\/wp-content\/uploads\/2020\/12\/backup_solution_3.png\" alt=\"NAS Synology DS1621xs+3\" width=\"60\" height=\"60\" \/><\/td>\n<td><img decoding=\"async\" class=\"aligncenter wp-image-3828 size-full\" src=\"https:\/\/www.vietcorp.com\/blog\/wp-content\/uploads\/2020\/12\/backup_solution_4.png\" alt=\"NAS Synology DS1621xs+4\" width=\"60\" height=\"60\" \/><\/td>\n<\/tr>\n<tr>\n<td style=\"text-align: center;\"><a href=\"https:\/\/www.vietcorp.com\/store\/giai-phap-sao-luu-cho-pc-va-mac\/\"><strong>Active Backup for Business<\/strong><\/a><\/td>\n<td style=\"text-align: center;\"><a href=\"https:\/\/www.vietcorp.com\/store\/hyper-backup\/\"><strong>Hyper Backup<\/strong><\/a><\/td>\n<td>\n<p style=\"text-align: center;\"><a href=\"https:\/\/www.vietcorp.com\/store\/synology-drive\/\"><strong>Synology Drive<\/strong><\/a><\/p>\n<\/td>\n<td style=\"text-align: center;\"><a href=\"https:\/\/www.vietcorp.com\/store\/giai-phap-sao-luu-microsoft-365\/\"><strong>Active Backup for<\/strong><\/a><br \/>\n<strong>Microsoft 365 \/ G Suite<\/strong><\/td>\n<\/tr>\n<tr>\n<td>Qu\u1ea3n l\u00fd sao l\u01b0u c\u00e1c t\u00e1c v\u1ee5 t\u1ec7p cho VMware, Windows v\u00e0 m\u00e1y ch\u1ee7 t\u1ec7p. Khi c\u1ea7n thi\u1ebft, kh\u00f4i ph\u1ee5c l\u1ea1i c\u00e1c d\u1ecbch v\u1ee5 m\u00e0 b\u1ea1n c\u1ea7n m\u1ed9t c\u00e1ch nhanh ch\u00f3ng v\u00e0 \u0111\u00e1ng tin c\u1eady.<\/td>\n<td>Sao l\u01b0u to\u00e0n b\u1ed9 c\u00e1c t\u1eadp tin c\u1ee7a b\u1ea1n v\u00e0o chia s\u1ebb th\u01b0 m\u1ee5c, b\u00ean ngo\u00e0i thi\u1ebft b\u1ecb, m\u1ed9t NAS Synology, m\u00e1y ch\u1ee7 rsync ho\u1eb7c \u0111\u00e1m m\u00e2y c\u00f4ng c\u1ed9ng \u0111\u1ec3 b\u1ea3o m\u1eadt cho d\u1eef li\u1ec7u.<\/td>\n<td>B\u1ea3o v\u1ec7 m\u00e1y t\u00ednh c\u1ee7a b\u1ea1n v\u1edbi Synology Drive Client. D\u1ec5 d\u00e0ng th\u1ef1c hi\u1ec7n sao l\u01b0u v\u00e0 kh\u00f4i ph\u1ee5c t\u1ec7p tin ngay l\u1eadp t\u1ee9c t\u1ea1i b\u1ea5t k\u1ef3 \u0111i\u1ec3m n\u00e0o.<\/td>\n<td>C\u00f4ng ty d\u1eef li\u1ec7u b\u1ea3o v\u1ec7 \u0111\u01b0\u1ee3c l\u01b0u tr\u1eef tr\u00ean \u0111\u00e1m m\u00e2y. Qu\u1ea3n l\u00fd gi\u1ea3i ph\u00e1p sao l\u01b0u c\u1ee5c b\u1ed9 v\u1edbi m\u1ed9t trung t\u00e2m \u0111i\u1ec1u khi\u1ec3n b\u1ea3ng. T\u1ed1i \u01b0u h\u00f3a su\u1ea5t l\u01b0u tr\u1eef l\u01b0u tr\u1eef v\u1edbi c\u00f4ng ngh\u1ec7 l\u01b0u tr\u1eef m\u1ed9t phi\u00ean b\u1ea3n duy nh\u1ea5t v\u00e0 ch\u1ed1ng sao ch\u00e9p kh\u1ed1i c\u1ea5p d\u1eef li\u1ec7u.<\/td>\n<\/tr>\n<\/tbody>\n<\/table>\n<h2 class=\"center\"><span style=\"color: #0000ff;\"><strong>C\u1ed9ng t\u00e1c file trong th\u1eddi gian v\u1edbi cloud private c\u1ee7a b\u1ea1n<\/strong><\/span><\/h2>\n<p><a href=\"https:\/\/www.vietcorp.com\/store\/synology-office\/\"><strong>Synology Office<\/strong><\/a> l\u00e0 m\u1ed9t gi\u1ea3i ph\u00e1p h\u00e0i h\u00f2a k\u1ebft h\u1ee3p s\u1ef1 ti\u1ec7n l\u1ee3i v\u00e0 kh\u1ea3 n\u0103ng s\u1eed d\u1ee5ng c\u1ee7a public cloud v\u1edbi quy\u1ec1n ri\u00eang t\u01b0 v\u00e0 b\u1ea3o m\u1eadt tr\u00ean cloud ri\u00eang. N\u00f3 cho ph\u00e9p c\u1ed9ng t\u00e1c li\u1ec1n m\u1ea1ch tr\u00ean c\u00e1c t\u00e0i li\u1ec7u v\u00e0 b\u1ea3ng t\u00ednh trong m\u00f4i tr\u01b0\u1eddng \u0111\u01b0\u1ee3c b\u1ea3o v\u1ec7.<\/p>\n<p><img decoding=\"async\" class=\"alignnone wp-image-3896 size-full\" src=\"https:\/\/www.vietcorp.com\/blog\/wp-content\/uploads\/2020\/12\/synology-office.png\" alt=\"Vietcorp ph\u00e2n ph\u1ed1i NAS Synology DS1621xs +\" width=\"1698\" height=\"634\" \/><\/p>\n<h2><strong><span style=\"color: #0000ff;\">NAS Synology DS1621xs+ \u1ea2o h\u00f3a qu\u1ea3n l\u00fd<\/span><\/strong><\/h2>\n<p>Ph\u1ea7n m\u1ec1m Sandbox m\u1edbi, qu\u1ea3n l\u00fd t\u00e0i nguy\u00ean b\u1eb1ng m\u1ed9t giao di\u1ec7n duy nh\u1ea5t v\u00e0 ho\u1ea1t \u0111\u1ed9ng t\u0103ng c\u01b0\u1eddng t\u00ednh n\u0103ng khi tri\u1ec3n khai v\u1edbi <a href=\"https:\/\/www.vietcorp.com\/store\/virtual-machine-manager-giam-sat-may-ao-truc-quan\/\">Synology Virtual Machine Manager<\/a>. Run Windows, Linux v\u00e0 Virtual DSM phi\u00ean b\u1ea3n tr\u00ean h\u1ec7 th\u1ed1ng NAS c\u1ee7a b\u1ea1n ch\u1ec9 trong v\u00e0i b\u01b0\u1edbc.<\/p>\n<table>\n<tbody>\n<tr>\n<td><img decoding=\"async\" class=\"aligncenter wp-image-3872 size-full\" src=\"https:\/\/www.vietcorp.com\/blog\/wp-content\/uploads\/2020\/12\/VMM_icon_01.png\" alt=\"NAS Synology DS1621xs+5\" width=\"61\" height=\"73\" \/><\/td>\n<td><img decoding=\"async\" class=\"aligncenter wp-image-3873 size-full\" src=\"https:\/\/www.vietcorp.com\/blog\/wp-content\/uploads\/2020\/12\/VMM_icon_02.png\" alt=\"NAS Synology DS1621xs+6\" width=\"77\" height=\"73\" \/><\/td>\n<td><img decoding=\"async\" class=\"aligncenter wp-image-3874 size-full\" src=\"https:\/\/www.vietcorp.com\/blog\/wp-content\/uploads\/2020\/12\/VMM_icon_03.png\" alt=\"NAS Synology DS1621xs+7\" width=\"72\" height=\"73\" \/><\/td>\n<\/tr>\n<tr>\n<td style=\"text-align: center;\">\n<h3 class=\"h4\">\u1ea2nh ch\u1ee5p nhanh cho m\u00e1y ch\u1ee7 \u1ea3o<\/h3>\n<\/td>\n<td style=\"text-align: center;\">\n<h3 class=\"h4\">Di tr\u1ef1c tuy\u1ebfn<\/h3>\n<\/td>\n<td>\n<h3 class=\"h4\">M\u00f4i tr\u01b0\u1eddng thu\u00ea nhi\u1ec1u ng\u01b0\u1eddi<\/h3>\n<\/td>\n<\/tr>\n<tr>\n<td>Sao ch\u00e9p v\u00e0 kh\u00f4i ph\u1ee5c m\u00e1y \u1ea3o ho\u00e0n ch\u1ec9nh trong v\u00e0i gi\u00e2y.<\/td>\n<td>Di chuy\u1ec3n m\u00e1y \u1ea3o t\u1eeb NAS Synology n\u00e0y sang NAS kh\u00e1c.<\/td>\n<td>T\u1ea1o nhi\u1ec1u \u1ea3o \u0111\u1eb7c bi\u1ec7t cho c\u00e1c \u0111\u01a1n v\u1ecb ho\u1eb7c ph\u00f2ng ban kinh doanh.<\/td>\n<\/tr>\n<\/tbody>\n<\/table>\n<h2><strong><span style=\"color: #0000ff;\">B\u1ec1 ngo\u00e0i c\u1ee7a NAS Synology DS1621xs+<\/span><\/strong><\/h2>\n<table>\n<tbody>\n<tr>\n<td style=\"text-align: center;\"><strong>M\u1eb7t tr\u01b0\u1edbc NAS Synology DS1621xs+<\/strong><\/td>\n<td style=\"text-align: center;\"><strong>M\u1eb7t sau NAS Synology DS1621xs+<\/strong><\/td>\n<\/tr>\n<tr>\n<td><img decoding=\"async\" class=\"alignnone wp-image-3916 size-full\" src=\"https:\/\/www.vietcorp.com\/blog\/wp-content\/uploads\/2020\/12\/1621xsf.png\" alt=\"Vietcorp ph\u00e2n ph\u1ed1i NAS Synology DS1621xs +\" width=\"596\" height=\"296\" \/><\/td>\n<td><img decoding=\"async\" class=\"alignnone wp-image-3917 size-full\" src=\"https:\/\/www.vietcorp.com\/blog\/wp-content\/uploads\/2020\/12\/1621xsl.png\" alt=\"Vietcorp ph\u00e2n ph\u1ed1i NAS Synology DS1621xs +\" width=\"601\" height=\"296\" \/><\/td>\n<\/tr>\n<tr>\n<td>1. Status report<\/td>\n<td>9. h\u1ec7 th\u1ed1ng qu\u1ea1t<\/td>\n<\/tr>\n<tr>\n<td>2. Warning Warning<\/td>\n<td>10. Ngu\u1ed3n \u0111i\u1ec7n<\/td>\n<\/tr>\n<tr>\n<td>3. Node source v\u00e0 \u0111\u00e8n b\u00e1o<\/td>\n<td>11. Kensington b\u1ea3o m\u1eadt<\/td>\n<\/tr>\n<tr>\n<td>4. M\u1ea1ng LAN b\u00e1o c\u00e1o<\/td>\n<td>12. Network port 10GbE RJ-45<\/td>\n<\/tr>\n<tr>\n<td>5. Hard status<\/td>\n<td>13. Network port 1GbE RJ-45<\/td>\n<\/tr>\n<tr>\n<td>6. Khay \u1ed5 c\u1ee9ng<\/td>\n<td>14. \u0110\u1eb7t l\u1ea1i n\u00fat<\/td>\n<\/tr>\n<tr>\n<td>7. \u1ed4 c\u1ee9ng<\/td>\n<td>15. M\u1edf c\u1ed5ng r\u1ed9ng<\/td>\n<\/tr>\n<tr>\n<td>8. C\u1ed5ng USB 3.0<\/td>\n<td>16. PCIe r\u1ed9ng socket<\/td>\n<\/tr>\n<\/tbody>\n<\/table>\n<p>Xem th\u00eam th\u00f4ng tin h\u1ed7 tr\u1ee3 cho <strong>thi\u1ebft b\u1ecb l\u01b0u tr\u1eef NAS Synology DS1621xs+<\/strong><\/p>\n<ul>\n<li><a href=\"https:\/\/www.vietcorp.com\/vn\/chung-nhan\/\">Ch\u1ee9ng nh\u1eadn Synology<\/a><\/li>\n<li><a href=\"https:\/\/vietcorp.com\/support\/synology\/\">Support Synology<\/a><\/li>\n<li><a href=\"https:\/\/www.vietcorp.com\/blog\/tag\/showcase-synology\/\">Showcase Synology<\/a><\/li>\n<\/ul>\n","protected":false},"excerpt":{"rendered":"<h4 style=\"color: red;\"><strong>S\u1ea2N PH\u1ea8M NG\u1eeaNG KINH DOANH<\/strong><\/h4>\n<p><a href=\"https:\/\/www.vietcorp.com\/blog\/danh-sach-san-pham-synology-ngung-kinh-doanh-14724.html\/\">(Danh s\u00e1ch s\u1ea3n ph\u1ea9m Synology ng\u1eebng kinh doanh)<\/a><\/p>\n<p>Thi\u1ebft b\u1ecb l\u01b0u tr\u1eef NAS Synology DS1621xs+<br \/>\nNAS 6 khay \u1ed5 \u0111\u0129a max 16 \u1ed5 \u0111\u0129a<br \/>\n8 GB DDR4 ECC up to 32 GB<br \/>\n1 RJ-45 10GbE, 2 RJ-45 1GbE<br \/>\nB\u1ea3o h\u00e0nh 60 th\u00e1ng<\/p>\n","protected":false},"featured_media":6893,"template":"","meta":[],"product_brand":[],"product_cat":[337],"product_tag":[53,54,23,92,97],"class_list":{"0":"post-152","1":"product","2":"type-product","3":"status-publish","4":"has-post-thumbnail","6":"product_cat-san-pham-ngung-kinh-doanh","7":"product_tag-nas","8":"product_tag-nas-6-bay","9":"product_tag-synology","10":"product_tag-synology-nas","11":"product_tag-thiet-bi-luu-tru","12":"pa_bao-hanh-60-thang","13":"pa_bo-nho-ram-8-gb","14":"pa_bo-nho-ram-mo-rong-den-32-gb","15":"pa_bo-vxl-cpu-intel-xeon","16":"pa_chung-loai-nas","17":"pa_cong-giao-tiep-2-x-esata","18":"pa_cong-giao-tiep-2-x-rj-45-1gbe","19":"pa_drive-bays-6-bays","20":"pa_drive-bays-mo-rong-den-16-bays","21":"pa_dung-luong-chua-co-o-cung","22":"pa_form-factor-tower","23":"pa_muc-dich-su-dung-danh-cho-doanh-nghiep-lon","24":"pa_muc-dich-su-dung-danh-cho-doanh-nghiep-vua","25":"pa_thuong-hieu-synology","26":"pa_tinh-nang-phan-cung-64-bit-architecture","27":"pa_tinh-nang-phan-cung-encryption-engine-aes-ni","28":"pa_tinh-nang-phan-cung-expandable-storage-capacity","29":"pa_tinh-nang-phan-cung-hot-swappable-drives","30":"pa_tinh-nang-phan-cung-upgradeable-ram","31":"pa_tinh-nang-phan-mem-active-backup-for-business","32":"pa_tinh-nang-phan-mem-btrfs-file-system","33":"pa_tinh-nang-phan-mem-mailplus","34":"pa_tinh-nang-phan-mem-raid-f1","35":"pa_tinh-nang-phan-mem-snapshot-replication","36":"pa_tinh-nang-phan-mem-synology-high-availability","37":"pa_tinh-nang-phan-mem-virtual-machine-manager","39":"first","40":"instock","41":"taxable","42":"shipping-taxable","43":"product-type-simple"},"_links":{"self":[{"href":"https:\/\/vietcorp.com\/store\/wp-json\/wp\/v2\/product\/152","targetHints":{"allow":["GET"]}}],"collection":[{"href":"https:\/\/vietcorp.com\/store\/wp-json\/wp\/v2\/product"}],"about":[{"href":"https:\/\/vietcorp.com\/store\/wp-json\/wp\/v2\/types\/product"}],"wp:featuredmedia":[{"embeddable":true,"href":"https:\/\/vietcorp.com\/store\/wp-json\/wp\/v2\/media\/6893"}],"wp:attachment":[{"href":"https:\/\/vietcorp.com\/store\/wp-json\/wp\/v2\/media?parent=152"}],"wp:term":[{"taxonomy":"product_brand","embeddable":true,"href":"https:\/\/vietcorp.com\/store\/wp-json\/wp\/v2\/product_brand?post=152"},{"taxonomy":"product_cat","embeddable":true,"href":"https:\/\/vietcorp.com\/store\/wp-json\/wp\/v2\/product_cat?post=152"},{"taxonomy":"product_tag","embeddable":true,"href":"https:\/\/vietcorp.com\/store\/wp-json\/wp\/v2\/product_tag?post=152"}],"curies":[{"name":"wp","href":"https:\/\/api.w.org\/{rel}","templated":true}]}}