


{"id":144,"date":"2020-11-03T10:07:14","date_gmt":"2020-11-03T03:07:14","guid":{"rendered":"https:\/\/www.vietcorp.com\/store\/product\/synology-ds2419\/"},"modified":"2024-05-09T15:40:46","modified_gmt":"2024-05-09T08:40:46","slug":"thiet-bi-luu-tru-nas-synology-ds2419","status":"publish","type":"product","link":"https:\/\/vietcorp.com\/store\/144\/thiet-bi-luu-tru-nas-synology-ds2419\/","title":{"rendered":"Thi\u1ebft b\u1ecb l\u01b0u tr\u1eef NAS Synology DS2419+"},"content":{"rendered":"<section class=\"wpb-content-wrapper\"><p>[vc_row][vc_column][vc_column_text]S\u1ea3n ph\u1ea9m thay th\u1ebf[\/vc_column_text]<div class=\"woocommerce \">\r\n<ul class=\"products products-container grid pcols-lg-4 pcols-md-3 pcols-xs-2 pcols-ls-1 pwidth-lg-4 pwidth-md-3 pwidth-xs-2 pwidth-ls-1 is-shortcode\"\r\r\n\t data-product_layout=\"product-default\">\r\r\n\r\n\r\r\n<li class=\"product-col product-default product type-product post-1960 status-publish first instock product_cat-nas product_tag-diskstation product_tag-ds2422 product_tag-nas product_tag-nas-12-bay product_tag-nas-ds2422 product_tag-synology product_tag-synology-ds2422 has-post-thumbnail taxable shipping-taxable product-type-simple\">\r\r\n<div class=\"product-inner\">\r\r\n\t\r\n\r\r\n\t<div class=\"product-image\">\r\r\n\r\r\n\t\t<a  href=\"https:\/\/vietcorp.com\/store\/1960\/thiet-bi-luu-tru-nas-synology-ds2422\/\" aria-label=\"product\">\r\r\n\t\t\t<div class=\"inner img-effect\"><img decoding=\"async\" width=\"600\" height=\"600\" src=\"https:\/\/vietcorp.com\/store\/wp-content\/uploads\/2022\/10\/nas-Synology-ds24222.png\" class=\"attachment-woocommerce_thumbnail size-woocommerce_thumbnail\" alt=\"Synology DS2422+\" srcset=\"https:\/\/vietcorp.com\/store\/wp-content\/uploads\/2022\/10\/nas-Synology-ds24222.png 600w, https:\/\/vietcorp.com\/store\/wp-content\/uploads\/2022\/10\/nas-Synology-ds24222-400x400.png 400w, https:\/\/vietcorp.com\/store\/wp-content\/uploads\/2022\/10\/nas-Synology-ds24222-560x560.png 560w, https:\/\/vietcorp.com\/store\/wp-content\/uploads\/2022\/10\/nas-Synology-ds24222-367x367.png 367w\" sizes=\"(max-width: 600px) 100vw, 600px\" \/><img decoding=\"async\" width=\"600\" height=\"600\" src=\"https:\/\/vietcorp.com\/store\/wp-content\/uploads\/2022\/10\/nas-Synology-ds24223.png\" class=\"hover-image\" alt=\"\" srcset=\"https:\/\/vietcorp.com\/store\/wp-content\/uploads\/2022\/10\/nas-Synology-ds24223.png 600w, https:\/\/vietcorp.com\/store\/wp-content\/uploads\/2022\/10\/nas-Synology-ds24223-400x400.png 400w, https:\/\/vietcorp.com\/store\/wp-content\/uploads\/2022\/10\/nas-Synology-ds24223-560x560.png 560w, https:\/\/vietcorp.com\/store\/wp-content\/uploads\/2022\/10\/nas-Synology-ds24223-367x367.png 367w\" sizes=\"(max-width: 600px) 100vw, 600px\" \/><\/div>\r\n\t\t<\/a>\r\r\n\t\r\n\t\r\n\t<\/div>\r\r\n\r\r\n\t<div class=\"product-content\">\r\r\n\t\t<span class=\"category-list\"><a href=\"https:\/\/vietcorp.com\/store\/product-category\/nas\/\" rel=\"tag\">NAS<\/a><\/span>\r\n\r\r\n\t\t\r\n\t<a class=\"product-loop-title\"  href=\"https:\/\/vietcorp.com\/store\/1960\/thiet-bi-luu-tru-nas-synology-ds2422\/\">\r\r\n\t<h3 class=\"woocommerce-loop-product__title\">Synology DS2422+<\/h3>\r\n\t<\/a>\r\r\n\t\r\n\r\r\n\t\t\r\n\t<div class=\"description\">\r\r\n\t\t\r\n\t\t<p class=\"post-excerpt\">Thi\u1ebft b\u1ecb l\u01b0u tr\u1eef NAS Synology DS2422+<br \/>\nNAS 12 khay \u1ed5 \u0111\u0129a max 24 \u1ed5 \u0111\u0129a<br \/>\n4 GB DDR4 ECC up to 32 GB<br \/>\n4 x RJ-45 1GbE<br \/>\nB\u1ea3o h\u00e0nh 36 th\u00e1ng<\/p>\n\r\n\t<\/div>\r\r\n\t\n\t<span class=\"price\">Li\u00ean h\u1ec7<\/span>\n\r\n\r\r\n\t\t\r\n<div class=\"add-links-wrap\">\r\r\n\t<div class=\"add-links clearfix\">\r\r\n\t\t\r\n\t\r\n\t<span id=\"woocommerce_loop_add_to_cart_link_describedby_1960\" class=\"screen-reader-text\">\r\r\n\t\t\r\n\t<\/span>\r\r\n\t\r\n\t<div class=\"quickview\" data-id=\"1960\" title=\"Xem nhanh\">Xem nhanh<\/div>\r\n\t<\/div>\r\r\n\t\r\n<\/div>\r\r\n<a href=\"#\" class=\"button wcq_enquiry_cart_btn\" data-product_id=\"1960\">Y\u00eau c\u1ea7u b\u00e1o gi\u00e1<\/a><span class=\"gtm4wp_productdata\" style=\"display:none; visibility:hidden;\" data-gtm4wp_product_data=\"{&quot;internal_id&quot;:1960,&quot;item_id&quot;:1960,&quot;item_name&quot;:&quot;Synology DS2422+&quot;,&quot;sku&quot;:&quot;SYNOLOGY-DS2422+&quot;,&quot;price&quot;:0,&quot;stocklevel&quot;:2,&quot;stockstatus&quot;:&quot;instock&quot;,&quot;google_business_vertical&quot;:&quot;retail&quot;,&quot;item_category&quot;:&quot;NAS&quot;,&quot;id&quot;:1960,&quot;productlink&quot;:&quot;https:\\\/\\\/vietcorp.com\\\/store\\\/1960\\\/thiet-bi-luu-tru-nas-synology-ds2422\\\/&quot;,&quot;item_list_name&quot;:&quot;General Product List&quot;,&quot;index&quot;:1,&quot;product_type&quot;:&quot;simple&quot;,&quot;item_brand&quot;:&quot;&quot;}\"><\/span>\r\n\t<\/div>\r\r\n<\/div>\r\r\n\r\r\n<\/li>\r\r\n\r\n<\/ul>\r\r\n<\/div>[vc_column_text]<\/p>\n<h4 style=\"color: red;\">S\u1ea3n ph\u1ea9m ng\u1eebng kinh doanh<\/h4>\n<p><a href=\"https:\/\/www.vietcorp.com\/store\/144\/thiet-bi-luu-tru-nas-synology-ds2419\/\"><strong>Thi\u1ebft b\u1ecb l\u01b0u tr\u1eef NAS Synology DS2419+<\/strong><\/a> l\u00e0 thi\u1ebft b\u1ecb l\u01b0u tr\u1eef c\u00f3 dung l\u01b0\u1ee3ng cao v\u1edbi kh\u1ea3 n\u0103ng m\u1edf r\u1ed9ng kh\u1ed1i l\u01b0\u1ee3ng nhanh ch\u00f3ng. Nas Synology \u0111\u01b0\u1ee3c trang b\u1ecb c\u1ea5u h\u00ecnh b\u1ed9 nh\u1edb c\u00f3 th\u1ec3 n\u00e2ng c\u1ea5p d\u1ec5 gi\u1ea3n k\u00e8m theo c\u00e1c t\u00f9y ch\u1ecdn b\u1ed5 tr\u1ee3 \u0111a d\u1ea1ng \u0111\u1ec3 \u0111\u00e1p \u1ee9ng nhu c\u1ea7u c\u1ee7a c\u00e1c doanh nghi\u1ec7p hi\u1ec7n \u0111\u1ea1i \u0111\u00f2i h\u1ecfi m\u1ed9t gi\u1ea3i ph\u00e1p l\u01b0u tr\u1eef \u0111\u00e1ng tin c\u1eady v\u00e0 hi\u1ec7u qu\u1ea3.<\/p>\n<h2><span style=\"color: #0000ff;\"><strong>NAS Synology DS2419+ cung c\u1ea5p ph\u1ea7n c\u1ee9ng m\u1ea1nh m\u1ebd<\/strong><\/span><\/h2>\n<ul>\n<li><strong>B\u1ed9 x\u1eed l\u00fd CPU<\/strong>: 4-core 2.1 GHz<\/li>\n<li><b>B\u1ed9 nh\u1edb RAM<\/b>: 4GB DDR4 SODIMM, n\u00e2ng c\u1ea5p l\u00ean \u0111\u1ebfn 32GB<\/li>\n<li><strong>T\u1ed1c \u0111\u1ed9<\/strong>: \u0110\u1ecdc tu\u1ea7n t\u1ef1 1.716 MB\/s, ghi tu\u1ea7n t\u1ef1 671 MB\/s<\/li>\n<li><strong>Kh\u1ea3 n\u0103ng m\u1edf r\u1ed9ng<\/strong>: V\u1edbi m\u1ed9t DX1215, n\u00f3 c\u00f3 th\u1ec3 \u0111\u01b0\u1ee3c m\u1edf r\u1ed9ng l\u00ean 24 \u1ed5 c\u1ee9ng<\/li>\n<\/ul>\n<h2><span style=\"color: #0000ff;\"><strong>NAS Synology DS2419+ <\/strong><\/span><strong><span style=\"color: #0000ff;\">t\u0103ng hi\u1ec7u su\u1ea5t l\u01b0u tr\u1eef<\/span><\/strong><\/h2>\n<p><strong><a href=\"https:\/\/www.vietcorp.com\/store\/nas-synology\/\">Thi\u1ebft b\u1ecb l\u01b0u tr\u1eef Nas Synology<\/a> DS2419+<\/strong> trang b\u1ecb khe c\u1eafm PCIe 3.0 h\u1ed7 tr\u1ee3 c\u00e0i \u0111\u1eb7t th\u1ebb SSD M.2 ho\u1eb7c NIC 10GbE \u0111\u1ec3 c\u00f3 b\u1ed9 nh\u1edb \u0111\u1ec7m h\u1ec7 th\u1ed1ng IOPS cao v\u00e0 truy\u1ec1n d\u1eef li\u1ec7u c\u1ef1c nhanh.<\/p>\n<p><img decoding=\"async\" class=\"aligncenter wp-image-1275 size-full\" title=\"thi\u1ebft b\u1ecb l\u01b0u tr\u1eef NAS Synology DS2419+\" src=\"https:\/\/www.vietcorp.com\/store\/wp-content\/uploads\/2020\/11\/nas-synology-ds2419-M2D18-vietcorp.png\" alt=\"Thi\u1ebft b\u1ecb l\u01b0u tr\u1eef NAS Synology DS2419+ 1\" width=\"512\" height=\"446\" srcset=\"https:\/\/vietcorp.com\/store\/wp-content\/uploads\/2020\/11\/nas-synology-ds2419-M2D18-vietcorp.png?v=1668220381 512w, https:\/\/vietcorp.com\/store\/wp-content\/uploads\/2020\/11\/nas-synology-ds2419-M2D18-vietcorp-400x348.png?v=1668220381 400w, https:\/\/vietcorp.com\/store\/wp-content\/uploads\/2020\/11\/nas-synology-ds2419-M2D18-vietcorp-367x320.png?v=1668220381 367w\" sizes=\"(max-width: 512px) 100vw, 512px\" \/><\/p>\n<p style=\"text-align: center;\">Dual SSD M.2 NVMe\/SATA<\/p>\n<p><img decoding=\"async\" class=\"aligncenter wp-image-1276 size-full\" title=\"thi\u1ebft b\u1ecb l\u01b0u tr\u1eef NAS Synology DS2419+\" src=\"https:\/\/www.vietcorp.com\/store\/wp-content\/uploads\/2020\/11\/nas-synology-ds2419-10GbE-vietcorp.png\" alt=\"Thi\u1ebft b\u1ecb l\u01b0u tr\u1eef NAS Synology DS2419+ 2\" width=\"512\" height=\"446\" srcset=\"https:\/\/vietcorp.com\/store\/wp-content\/uploads\/2020\/11\/nas-synology-ds2419-10GbE-vietcorp.png?v=1668220376 512w, https:\/\/vietcorp.com\/store\/wp-content\/uploads\/2020\/11\/nas-synology-ds2419-10GbE-vietcorp-400x348.png?v=1668220376 400w, https:\/\/vietcorp.com\/store\/wp-content\/uploads\/2020\/11\/nas-synology-ds2419-10GbE-vietcorp-367x320.png?v=1668220376 367w\" sizes=\"(max-width: 512px) 100vw, 512px\" \/><\/p>\n<p style=\"text-align: center;\">LAN 10GbE\u00a0 s\u1eed d\u1ee5ng trong m\u00f4i tr\u01b0\u1eddng nhi\u1ec1u b\u0103ng th\u00f4ng<\/p>\n<h2><span style=\"color: #0000ff;\"><strong>NAS Synology DS2419+ g<\/strong><\/span><strong><span style=\"color: #0000ff;\">i\u1ea3i ph\u00e1p sao l\u01b0u t\u1ed1i \u01b0u<\/span><\/strong><\/h2>\n<p>Nas Synology DS2419+ t\u00edch h\u1ee3p c\u00e1c \u1ee9ng d\u1ee5ng sao l\u01b0u kh\u00e1c nhau v\u00e0o giao di\u1ec7n ng\u01b0\u1eddi d\u00f9ng tr\u1ef1c quan, cung c\u1ea5p c\u00e1c gi\u1ea3i ph\u00e1p c\u00f4ng ngh\u1ec7 l\u01b0u tr\u1eef l\u00e2u b\u1ec1n \u0111\u1ec3 b\u1ea3o v\u1ec7 d\u1eef li\u1ec7u qu\u00fd gi\u00e1 c\u1ee7a b\u1ea1n tr\u00ean m\u1ecdi thi\u1ebft b\u1ecb.<\/p>\n<table>\n<tbody>\n<tr>\n<td><img decoding=\"async\" class=\"aligncenter wp-image-3829 size-full\" title=\"thi\u1ebft b\u1ecb l\u01b0u tr\u1eef NAS Synology DS2419+\" src=\"https:\/\/vietcorp.com\/blog\/wp-content\/uploads\/2020\/12\/backup_solution_1.png\" alt=\"Thi\u1ebft b\u1ecb l\u01b0u tr\u1eef NAS Synology DS2419+ 3\" width=\"60\" height=\"60\" \/><\/td>\n<td><img decoding=\"async\" class=\"aligncenter wp-image-3830 size-full\" title=\"thi\u1ebft b\u1ecb l\u01b0u tr\u1eef NAS Synology DS2419+\" src=\"https:\/\/vietcorp.com\/blog\/wp-content\/uploads\/2020\/12\/backup_solution_2.png\" alt=\"Thi\u1ebft b\u1ecb l\u01b0u tr\u1eef NAS Synology DS2419+ 4\" width=\"60\" height=\"60\" \/><\/td>\n<td><img decoding=\"async\" class=\"aligncenter wp-image-3827 size-full\" title=\"thi\u1ebft b\u1ecb l\u01b0u tr\u1eef NAS Synology DS2419+\" src=\"https:\/\/vietcorp.com\/blog\/wp-content\/uploads\/2020\/12\/backup_solution_3.png\" alt=\"Thi\u1ebft b\u1ecb l\u01b0u tr\u1eef NAS Synology DS2419+ 5\" width=\"60\" height=\"60\" \/><\/td>\n<td><img decoding=\"async\" class=\"aligncenter wp-image-3828 size-full\" title=\"thi\u1ebft b\u1ecb l\u01b0u tr\u1eef NAS Synology DS2419+\" src=\"https:\/\/vietcorp.com\/blog\/wp-content\/uploads\/2020\/12\/backup_solution_4.png\" alt=\"Thi\u1ebft b\u1ecb l\u01b0u tr\u1eef NAS Synology DS2419+ 6\" width=\"60\" height=\"60\" \/><\/td>\n<\/tr>\n<tr>\n<td style=\"text-align: center;\"><strong><span style=\"vertical-align: inherit;\"><span style=\"vertical-align: inherit;\"><span style=\"vertical-align: inherit;\"><span style=\"vertical-align: inherit;\">Ho\u1ea1t \u0111\u1ed9ng sao l\u01b0u cho doanh nghi\u1ec7p<\/span><\/span><\/span><\/span><\/strong><\/td>\n<td style=\"text-align: center;\"><strong><span style=\"vertical-align: inherit;\"><span style=\"vertical-align: inherit;\"><span style=\"vertical-align: inherit;\"><span style=\"vertical-align: inherit;\">Si\u00eau sao l\u01b0u<\/span><\/span><\/span><\/span><\/strong><\/td>\n<td>\n<p style=\"text-align: center;\"><strong><span style=\"vertical-align: inherit;\"><span style=\"vertical-align: inherit;\"><span style=\"vertical-align: inherit;\"><span style=\"vertical-align: inherit;\">\u1ed4 \u0111\u0129a \u0111\u00f3ng g\u00f3i<\/span><\/span><\/span><\/span><\/strong><\/p>\n<\/td>\n<td style=\"text-align: center;\"><strong><span style=\"vertical-align: inherit;\"><span style=\"vertical-align: inherit;\">Active Backup cho <\/span><\/span><\/strong><br \/>\n<strong><span style=\"vertical-align: inherit;\"><span style=\"vertical-align: inherit;\">Microsoft 365 \/ G Suite<\/span><\/span><\/strong><\/td>\n<\/tr>\n<tr>\n<td><span style=\"vertical-align: inherit;\"><span style=\"vertical-align: inherit;\">Qu\u1ea3n l\u00fd sao l\u01b0u c\u00e1c t\u00e1c v\u1ee5 t\u1eadp trung cho VMware, Windows v\u00e0 t\u1ec7p m\u00e1y ch\u1ee7. <\/span><span style=\"vertical-align: inherit;\">Khi c\u1ea7n thi\u1ebft, kh\u00f4i ph\u1ee5c l\u1ea1i c\u00e1c d\u1ecbch v\u1ee5 m\u00e0 b\u1ea1n c\u1ea7n m\u1ed9t c\u00e1ch nhanh ch\u00f3ng v\u00e0 \u0111\u00e1ng tin c\u1eady.<\/span><\/span><\/td>\n<td><span style=\"vertical-align: inherit;\"><span style=\"vertical-align: inherit;\">Sao l\u01b0u to\u00e0n b\u1ed9 c\u00e1c t\u1eadp tin c\u1ee7a b\u1ea1n v\u00e0o b\u1ed9 chia s\u1ebb th\u01b0 m\u1ee5c, b\u00ean ngo\u00e0i thi\u1ebft b\u1ecb, m\u1ed9t NAS Synology kh\u00e1c, m\u00e1y ch\u1ee7 rsync ho\u1eb7c \u0111\u00e1m m\u00e2y c\u00f4ng c\u1ed9ng \u0111\u1ec3 b\u1ea3o \u0111\u1ea3m an to\u00e0n cho d\u1eef li\u1ec7u.<\/span><\/span><\/td>\n<td><span style=\"vertical-align: inherit;\"><span style=\"vertical-align: inherit;\">B\u1ea3o v\u1ec7 m\u00e1y t\u00ednh c\u1ee7a b\u1ea1n v\u1edbi Synology Drive Client. <\/span><span style=\"vertical-align: inherit;\">D\u1ec5 d\u00e0ng th\u1ef1c hi\u1ec7n sao l\u01b0u v\u00e0 kh\u00f4i ph\u1ee5c t\u1ec7p tin ngay l\u1eadp t\u1ee9c t\u1ea1i b\u1ea5t k\u1ef3 \u0111i\u1ec3m n\u00e0o.<\/span><\/span><\/td>\n<td><span style=\"vertical-align: inherit;\"><span style=\"vertical-align: inherit;\">C\u00f4ng ty d\u1eef li\u1ec7u b\u1ea3o v\u1ec7 \u0111\u01b0\u1ee3c l\u01b0u tr\u1eef tr\u00ean \u0111\u00e1m m\u00e2y. <\/span><span style=\"vertical-align: inherit;\">Qu\u1ea3n l\u00fd gi\u1ea3i ph\u00e1p sao l\u01b0u c\u1ee5c b\u1ed9 v\u1edbi m\u1ed9t trung t\u00e2m t\u1ec7p \u0111i\u1ec1u khi\u1ec3n b\u1ea3ng. <\/span><span style=\"vertical-align: inherit;\">T\u1ed1i \u01b0u h\u00f3a kho l\u01b0u tr\u1eef hi\u1ec7u su\u1ea5t h\u00f3a v\u1edbi c\u00f4ng ngh\u1ec7 l\u01b0u tr\u1eef m\u1ed9t phi\u00ean b\u1ea3n duy nh\u1ea5t v\u00e0 ch\u1ed1ng sao ch\u00e9p kh\u1ed1i c\u1ea5p d\u1eef li\u1ec7u.<\/span><\/span><\/td>\n<\/tr>\n<\/tbody>\n<\/table>\n<p>&nbsp;<\/p>\n<h2><strong><span style=\"color: #0000ff;\"><span style=\"vertical-align: inherit;\"><span style=\"vertical-align: inherit;\"><span style=\"vertical-align: inherit;\"><span style=\"vertical-align: inherit;\">\u0110\u1ea7y \u0111\u1ee7 gi\u1ea3i ph\u00e1p ch\u1ee9ng nh\u1eadn \u1ea3o h\u00f3a<\/span><\/span><\/span><\/span><\/span><\/strong><\/h2>\n<p><span style=\"vertical-align: inherit;\"><span style=\"vertical-align: inherit;\"><span style=\"vertical-align: inherit;\"><span style=\"vertical-align: inherit;\">Synology gi\u1ea3i ph\u00e1p l\u01b0u tr\u1eef iSCSI archive. <\/span><\/span><\/span><span style=\"vertical-align: inherit;\"><span style=\"vertical-align: inherit;\"><span style=\"vertical-align: inherit;\">Vi\u1ec7c t\u00edch h\u1ee3p VMware vSphere 6 v\u00e0 VAAI c\u00f3 th\u1ec3 gi\u1ea3m t\u1ea3i ho\u1ea1t \u0111\u1ed9ng l\u01b0u tr\u1eef c\u00f4ng c\u1ee5 c\u00f3 th\u1ec3 v\u00e0 t\u1ed1i \u01b0u h\u00f3a hi\u1ec7u su\u1ea5t m\u00e1y t\u00ednh. <\/span><\/span><\/span><span style=\"vertical-align: inherit;\"><span style=\"vertical-align: inherit;\"><span style=\"vertical-align: inherit;\">Windows Offloaded Data Transfer (ODX) c\u1ea3i thi\u1ec7n hi\u1ec7u qu\u1ea3 x\u1ee9ng \u0111\u00e1ng c\u1ee7a c\u00f4ng vi\u1ec7c v\u00e0 truy\u1ec1n d\u1eef li\u1ec7u. <\/span><\/span><\/span><span style=\"vertical-align: inherit;\"><span style=\"vertical-align: inherit;\"><span style=\"vertical-align: inherit;\">H\u1ed7 tr\u1ee3 OpenStack Cinder c\u0169ng c\u00f3 th\u1ec3 \u0111\u1ecbnh c\u1ea5u h\u00ecnh c\u1ee7a b\u1ea1n NAS Synology nh\u01b0 m\u1ed9t thi\u1ebft b\u1ecb l\u01b0u tr\u1eef ph\u00e2n \u0111o\u1ea1n kh\u1ed1i.<\/span><\/span><\/span><\/span><br \/>\n<img decoding=\"async\" class=\"aligncenter wp-image-3826 size-full\" src=\"https:\/\/vietcorp.com\/blog\/wp-content\/uploads\/2020\/12\/vmware.jpg\" alt=\"Thi\u1ebft b\u1ecb l\u01b0u tr\u1eef NAS Synology DS2419+ 7\" width=\"768\" height=\"291\" \/><\/p>\n<p>&nbsp;<\/p>\n<h2><strong><span style=\"color: #0000ff;\"><span style=\"vertical-align: inherit;\"><span style=\"vertical-align: inherit;\">\u0110\u01b0\u1ee3c thi\u1ebft k\u1ebf v\u1edbi \u0111\u1ed9 tin c\u1eady cao<\/span><\/span><\/span><\/strong><\/h2>\n<p><span style=\"vertical-align: inherit;\"><span style=\"vertical-align: inherit;\">NAS Synology DS2419+\u00a0 \u0111\u01b0\u1ee3c thi\u1ebft k\u1ebfcung c\u1ea5p d\u1ecbch v\u1ee5 l\u01b0u tr\u1eef d\u1eef li\u1ec7u \u0111\u00e1ng tin c\u1eady v\u00e0 \u0111i k\u00e8m v\u1edbi ph\u1ea7n c\u1ee9ng ba n\u0103m c\u1ee7a Synology. <\/span><span style=\"vertical-align: inherit;\">Kh\u00e1ch h\u00e0ng \u1edf m\u1ed9t s\u1ed1 khu v\u1ef1c c\u0169ng c\u00f3 th\u1ec3 mua b\u1ea3o hi\u1ec3m m\u1edf r\u1ed9ng hai n\u0103m \u0111\u1ec3 y\u00ean t\u00e2m h\u01a1n trong n\u0103m.<\/span><\/span><\/p>\n<p><img decoding=\"async\" class=\"aligncenter wp-image-3831 size-full\" src=\"https:\/\/vietcorp.com\/blog\/wp-content\/uploads\/2020\/12\/extended_warranty_01-1.png\" alt=\"Thi\u1ebft b\u1ecb l\u01b0u tr\u1eef NAS Synology DS2419+ 8\" width=\"544\" height=\"420\" \/><\/p>\n<h2><span id=\"Be_ngoai_cua_DS1520\" style=\"color: #0000ff;\"><strong>B\u1ec1 ngo\u00e0i c\u1ee7a NAS Synology DS2419+<\/strong><\/span><\/h2>\n<table>\n<tbody>\n<tr>\n<td style=\"text-align: center;\"><strong><span style=\"vertical-align: inherit;\"><span style=\"vertical-align: inherit;\">M\u1eb7t tr\u01b0\u1edbc NAS Synology DS2419+<\/span><\/span><\/strong><\/td>\n<td style=\"text-align: center;\"><strong><span style=\"vertical-align: inherit;\"><span style=\"vertical-align: inherit;\">M\u1eb7t sau NAS Synology DS2419+<\/span><\/span><\/strong><\/td>\n<\/tr>\n<tr>\n<td><img decoding=\"async\" class=\"alignnone size-medium wp-image-1280\" src=\"https:\/\/vietcorp.com\/store\/wp-content\/uploads\/2020\/11\/nas-synology-ds2419-backpanel_01-vietcorp-300x226.png\" alt=\"Thi\u1ebft b\u1ecb l\u01b0u tr\u1eef NAS Synology DS2419+ 9\" width=\"300\" height=\"226\" \/><\/td>\n<td><img decoding=\"async\" class=\"alignnone size-medium wp-image-1279\" src=\"https:\/\/vietcorp.com\/store\/wp-content\/uploads\/2020\/11\/nas-synology-ds2419-backpanel_02-vietcorp-300x225.png\" alt=\"Thi\u1ebft b\u1ecb l\u01b0u tr\u1eef NAS Synology DS2419+ 10\" width=\"300\" height=\"225\" \/><\/td>\n<\/tr>\n<tr>\n<td><span style=\"vertical-align: inherit;\"><span style=\"vertical-align: inherit;\">1. Tr\u1ea1ng th\u00e1i \u0111\u00e8n b\u00e1o<\/span><\/span><\/td>\n<td><span style=\"vertical-align: inherit;\"><span style=\"vertical-align: inherit;\">9. C\u1ed5ng USB 3.0<\/span><\/span><\/td>\n<\/tr>\n<tr>\n<td><span style=\"vertical-align: inherit;\"><span style=\"vertical-align: inherit;\">2. \u0110\u00e8n c\u1ea3nh b\u00e1o<\/span><\/span><\/td>\n<td><span style=\"vertical-align: inherit;\"><span style=\"vertical-align: inherit;\">10. N\u00fat reset<\/span><\/span><\/td>\n<\/tr>\n<tr>\n<td><span style=\"vertical-align: inherit;\"><span style=\"vertical-align: inherit;\">3. \u0110\u00e8n b\u00e1o tr\u1ea1ng th\u00e1i \u1ed5 c\u1ee9ng<\/span><\/span><\/td>\n<td><span style=\"vertical-align: inherit;\"><span style=\"vertical-align: inherit;\">11. Console port<\/span><\/span><\/td>\n<\/tr>\n<tr>\n<td><span style=\"vertical-align: inherit;\"><span style=\"vertical-align: inherit;\">4. \u1ed4 kh\u00f3a khay<\/span><\/span><\/td>\n<td><span style=\"vertical-align: inherit;\"><span style=\"vertical-align: inherit;\">12. Port m\u1edf r\u1ed9ng<\/span><\/span><\/td>\n<\/tr>\n<tr>\n<td><span style=\"vertical-align: inherit;\"><span style=\"vertical-align: inherit;\">5. N\u00fat ngu\u1ed3n v\u00e0 \u0111\u00e8n b\u00e1o<\/span><\/span><\/td>\n<td><span style=\"vertical-align: inherit;\"><span style=\"vertical-align: inherit;\">13. Network port RJ-45\u00a01GbE\u00a0<\/span><\/span><\/td>\n<\/tr>\n<tr>\n<td><span style=\"vertical-align: inherit;\"><span style=\"vertical-align: inherit;\">6. \u0110\u00e8n b\u00e1o m\u1ea1ng Lan<\/span><\/span><\/td>\n<td><span style=\"vertical-align: inherit;\"><span style=\"vertical-align: inherit;\">14. Ngu\u1ed3n \u0111i\u1ec7n<\/span><\/span><\/td>\n<\/tr>\n<tr>\n<td><span style=\"vertical-align: inherit;\"><span style=\"vertical-align: inherit;\">7. Qu\u1ea1t h\u1ec7 th\u1ed1ng<\/span><\/span><\/td>\n<td><\/td>\n<\/tr>\n<tr>\n<td><span style=\"vertical-align: inherit;\"><span style=\"vertical-align: inherit;\">8. Khe c\u1eafm m\u1edf r\u1ed9ng PCIe<\/span><\/span><\/td>\n<td><\/td>\n<\/tr>\n<\/tbody>\n<\/table>\n<p>Xem th\u00eam th\u00f4ng tin h\u1ed7 tr\u1ee3 cho\u00a0<strong>Thi\u1ebft b\u1ecb l\u01b0u tr\u1eef Synology DS2419+<\/strong><\/p>\n<ul>\n<li><a href=\"https:\/\/vietcorp.com\/support\/synology\/\">Support Synology<\/a><\/li>\n<li><a href=\"https:\/\/vietcorp.com\/blog\/tag\/tin-tuc-synology\">Tin t\u1ee9c Synology<\/a><\/li>\n<li><a href=\"https:\/\/www.vietcorp.com\/blog\/showcase\/\">Showcase s\u1ea3n ph\u1ea9m Synology<\/a><\/li>\n<\/ul>\n<p>[\/vc_column_text][\/vc_column][\/vc_row]<\/p>\n<\/section>","protected":false},"excerpt":{"rendered":"<h4 style=\"color: red;\"><strong>S\u1ea2N PH\u1ea8M NG\u1eeaNG KINH DOANH<\/strong><\/h4>\n<p><a href=\"https:\/\/www.vietcorp.com\/blog\/danh-sach-san-pham-synology-ngung-kinh-doanh-14724.html\/\">(Danh s\u00e1ch s\u1ea3n ph\u1ea9m Synology ng\u1eebng kinh doanh)<\/a><br \/>\nDS2419+ 12 bays<br \/>\nQuad-core 2.1 GHz CPU<br \/>\nScales up to 336TB<br \/>\nM.2 NVMe\/SATA SSD cache support<\/p>\n","protected":false},"featured_media":1906,"template":"","meta":[],"product_brand":[],"product_cat":[337],"product_tag":[],"class_list":{"0":"post-144","1":"product","2":"type-product","3":"status-publish","4":"has-post-thumbnail","6":"product_cat-san-pham-ngung-kinh-doanh","7":"pa_bao-hanh-36-thang","8":"pa_bo-nho-ram-4-gb","9":"pa_bo-nho-ram-mo-rong-den-32-gb","10":"pa_bo-vxl-cpu-intel-atom","11":"pa_chung-loai-nas","12":"pa_cong-giao-tiep-2-x-usb-3-0","13":"pa_cong-giao-tiep-4-x-rj-45-1gbe","14":"pa_drive-bays-12-bays","15":"pa_drive-bays-mo-rong-den-24-bays","16":"pa_dung-luong-chua-co-o-cung","17":"pa_form-factor-tower","18":"pa_muc-dich-su-dung-danh-cho-doanh-nghiep-nho","19":"pa_muc-dich-su-dung-danh-cho-doanh-nghiep-vua","20":"pa_tinh-nang-phan-cung-64-bit-architecture","21":"pa_tinh-nang-phan-cung-encryption-engine-aes-ni","22":"pa_tinh-nang-phan-cung-expandable-storage-capacity","23":"pa_tinh-nang-phan-cung-upgradeable-ram","24":"pa_tinh-nang-phan-mem-active-backup-for-business","25":"pa_tinh-nang-phan-mem-btrfs-file-system","26":"pa_tinh-nang-phan-mem-mailplus","27":"pa_tinh-nang-phan-mem-snapshot-replication","28":"pa_tinh-nang-phan-mem-synology-high-availability","29":"pa_tinh-nang-phan-mem-virtual-machine-manager","31":"first","32":"outofstock","33":"taxable","34":"shipping-taxable","35":"purchasable","36":"product-type-simple"},"_links":{"self":[{"href":"https:\/\/vietcorp.com\/store\/wp-json\/wp\/v2\/product\/144","targetHints":{"allow":["GET"]}}],"collection":[{"href":"https:\/\/vietcorp.com\/store\/wp-json\/wp\/v2\/product"}],"about":[{"href":"https:\/\/vietcorp.com\/store\/wp-json\/wp\/v2\/types\/product"}],"wp:featuredmedia":[{"embeddable":true,"href":"https:\/\/vietcorp.com\/store\/wp-json\/wp\/v2\/media\/1906"}],"wp:attachment":[{"href":"https:\/\/vietcorp.com\/store\/wp-json\/wp\/v2\/media?parent=144"}],"wp:term":[{"taxonomy":"product_brand","embeddable":true,"href":"https:\/\/vietcorp.com\/store\/wp-json\/wp\/v2\/product_brand?post=144"},{"taxonomy":"product_cat","embeddable":true,"href":"https:\/\/vietcorp.com\/store\/wp-json\/wp\/v2\/product_cat?post=144"},{"taxonomy":"product_tag","embeddable":true,"href":"https:\/\/vietcorp.com\/store\/wp-json\/wp\/v2\/product_tag?post=144"}],"curies":[{"name":"wp","href":"https:\/\/api.w.org\/{rel}","templated":true}]}}