


{"id":140,"date":"2020-11-03T10:07:05","date_gmt":"2020-11-03T03:07:05","guid":{"rendered":"https:\/\/www.vietcorp.com\/store\/product\/synology-ds120j\/"},"modified":"2025-12-11T14:00:50","modified_gmt":"2025-12-11T07:00:50","slug":"thiet-bi-luu-tru-nas-synology-ds120j","status":"publish","type":"product","link":"https:\/\/vietcorp.com\/store\/140\/thiet-bi-luu-tru-nas-synology-ds120j\/","title":{"rendered":"Synology DS120j"},"content":{"rendered":"<p style=\"text-align: left;\"><a href=\"https:\/\/www.vietcorp.com\/store\/140\/thiet-bi-luu-tru-nas-synology-ds120j\/\"><strong>Thi\u1ebft b\u1ecb l\u01b0u tr\u1eef NAS Synology DS120j<\/strong><\/a> mang \u0111\u1ebfn gi\u1ea3i ph\u00e1p l\u01b0u tr\u1eef k\u1ebft n\u1ed1i m\u1ea1ng nh\u1ecf g\u1ecdn \u0111\u01b0\u1ee3c thi\u1ebft k\u1ebf \u0111\u1ec3 h\u1ee3p l\u00fd h\u00f3a vi\u1ec7c qu\u1ea3n l\u00fd d\u1eef li\u1ec7u v\u00e0 \u0111a ph\u01b0\u01a1ng ti\u1ec7n c\u1ee7a b\u1ea1n. <a href=\"https:\/\/www.vietcorp.com\/store\/nas-synology\/\"><strong>Thi\u1ebft b\u1ecb l\u01b0u tr\u1eef NAS Synology<\/strong><\/a>\u00a0c\u00f3 t\u00ednh n\u0103ng chia s\u1ebb d\u1eef li\u1ec7u m\u01b0\u1ee3t m\u00e0, ph\u00e1t tr\u1ef1c tuy\u1ebfn video v\u00e0 l\u1eadp ch\u1ec9 m\u1ee5c \u1ea3nh, c\u0169ng nh\u01b0 c\u00e1c t\u00f9y ch\u1ecdn kh\u00f4i ph\u1ee5c v\u00e0 b\u1ea3o v\u1ec7 d\u1eef li\u1ec7u to\u00e0n di\u1ec7n.<\/p>\n<ul>\n<li><strong>Hi\u1ec7u su\u1ea5t nhanh:<\/strong> \u0110\u1ecdc tu\u1ea7n t\u1ef1 tr\u00ean 112 MB \/ s<\/li>\n<li><strong>Th\u00e2n thi\u1ec7n m\u00f4i tr\u01b0\u1eddng:<\/strong> Ho\u1ea1t \u0111\u1ed9ng v\u1edbi c\u00f4ng su\u1ea5t d\u01b0\u1edbi 9,8W<\/li>\n<\/ul>\n<h2 style=\"text-align: left;\"><strong><span style=\"color: #0000ff;\">NAS Synology DS120j mang l\u1ea1i gi\u1ea3i ph\u00e1p backup t\u1eadp trung<\/span><\/strong><\/h2>\n<p>Gi\u1ea3i ph\u00e1p backup \u0111a phi\u00ean b\u1ea3n to\u00e0n di\u1ec7n b\u1ea3o v\u1ec7 d\u1eef li\u1ec7u k\u1ef9 thu\u1eadt s\u1ed1 c\u1ee7a b\u1ea1n tr\u00ean m\u00e1y t\u00ednh (Windows \/ Mac) v\u00e0 \u0111i\u1ec7n tho\u1ea1i di \u0111\u1ed9ng (Android \/ iOS) ch\u1ed1ng l\u1ea1i c\u00e1c cu\u1ed9c t\u1ea5n c\u00f4ng nguy hi\u1ec3m, bao g\u1ed3m c\u1ea3 c\u00e1c m\u1ed1i \u0111e d\u1ecda ransomware d\u1ef1a tr\u00ean m\u00e3 h\u00f3a.<\/p>\n<p><img decoding=\"async\" class=\"aligncenter wp-image-1291 size-full\" src=\"https:\/\/vietcorp.com\/store\/wp-content\/uploads\/2020\/11\/nas-synology-ds120j-backup_computers_01-vietcorp.jpg\" alt=\"Vietcorp ph\u00e2n ph\u1ed1i NAS Synology DS120j\" width=\"910\" height=\"480\" srcset=\"https:\/\/vietcorp.com\/store\/wp-content\/uploads\/2020\/11\/nas-synology-ds120j-backup_computers_01-vietcorp.jpg?v=1668220336 910w, https:\/\/vietcorp.com\/store\/wp-content\/uploads\/2020\/11\/nas-synology-ds120j-backup_computers_01-vietcorp-600x316.jpg?v=1668220336 600w, https:\/\/vietcorp.com\/store\/wp-content\/uploads\/2020\/11\/nas-synology-ds120j-backup_computers_01-vietcorp-768x405.jpg?v=1668220336 768w, https:\/\/vietcorp.com\/store\/wp-content\/uploads\/2020\/11\/nas-synology-ds120j-backup_computers_01-vietcorp-640x338.jpg?v=1668220336 640w, https:\/\/vietcorp.com\/store\/wp-content\/uploads\/2020\/11\/nas-synology-ds120j-backup_computers_01-vietcorp-400x211.jpg?v=1668220336 400w, https:\/\/vietcorp.com\/store\/wp-content\/uploads\/2020\/11\/nas-synology-ds120j-backup_computers_01-vietcorp-367x194.jpg?v=1668220336 367w\" sizes=\"(max-width: 910px) 100vw, 910px\" \/><\/p>\n<h2><\/h2>\n<h2 style=\"text-align: left;\"><strong><span style=\"color: #0000ff;\">T<\/span><\/strong><span style=\"color: #0000ff;\"><strong>\u00edch h\u1ee3p v\u1edbi c\u00e1c thi\u1ebft b\u1ecb di \u0111\u1ed9ng\u00a0<\/strong><\/span><\/h2>\n<p>Thi\u1ebft b\u1ecb cho ph\u00e9p truy c\u1eadp nhanh ch\u00f3ng v\u00e0 an to\u00e0n v\u00e0o\u00a0 d\u1eef li\u1ec7u c\u1ee7a b\u1ea1n m\u1ecdi l\u00fac m\u1ecdi n\u01a1i th\u00f4ng qua c\u00e1c \u1ee9ng d\u1ee5ng di \u0111\u1ed9ng<\/p>\n<p><img decoding=\"async\" class=\"aligncenter wp-image-1292 size-full\" src=\"https:\/\/vietcorp.com\/store\/wp-content\/uploads\/2020\/11\/nas-synology-ds120j-mobile_devices_style_a_ds_audio-vietcorp.png\" alt=\"Vietcorp ph\u00e2n ph\u1ed1i NAS Synology DS120j\" width=\"808\" height=\"520\" srcset=\"https:\/\/vietcorp.com\/store\/wp-content\/uploads\/2020\/11\/nas-synology-ds120j-mobile_devices_style_a_ds_audio-vietcorp.png?v=1668220333 808w, https:\/\/vietcorp.com\/store\/wp-content\/uploads\/2020\/11\/nas-synology-ds120j-mobile_devices_style_a_ds_audio-vietcorp-600x386.png?v=1668220333 600w, https:\/\/vietcorp.com\/store\/wp-content\/uploads\/2020\/11\/nas-synology-ds120j-mobile_devices_style_a_ds_audio-vietcorp-768x494.png?v=1668220333 768w, https:\/\/vietcorp.com\/store\/wp-content\/uploads\/2020\/11\/nas-synology-ds120j-mobile_devices_style_a_ds_audio-vietcorp-640x412.png?v=1668220333 640w, https:\/\/vietcorp.com\/store\/wp-content\/uploads\/2020\/11\/nas-synology-ds120j-mobile_devices_style_a_ds_audio-vietcorp-400x257.png?v=1668220333 400w, https:\/\/vietcorp.com\/store\/wp-content\/uploads\/2020\/11\/nas-synology-ds120j-mobile_devices_style_a_ds_audio-vietcorp-367x236.png?v=1668220333 367w\" sizes=\"(max-width: 808px) 100vw, 808px\" \/><\/p>\n<h2><\/h2>\n<h2 style=\"text-align: left;\"><strong><span style=\"color: #0000ff;\">NAS Synology DS120j h\u1ed7 tr\u1ee3 t<\/span><\/strong><span style=\"color: #0000ff;\"><strong>ruy c\u1eadp file d\u1ec5 d\u00e0ng v\u1edbi <a href=\"https:\/\/www.vietcorp.com\/support\/huong-dan-su-dung\/huong-dan-truy-cap-nas-synology-tu-xa-voi-quickconnect-id\/\">QuickConnect<\/a><\/strong><\/span><\/h2>\n<p>Truy c\u1eadp c\u00e1c file c\u1ee7a b\u1ea1n qua Internet m\u00e0 kh\u00f4ng g\u1eb7p r\u1eafc r\u1ed1i khi c\u00e0i \u0111\u1eb7t c\u00e1c quy t\u1eafc chuy\u1ec3n ti\u1ebfp c\u1ed5ng, DDNS ho\u1eb7c c\u00e1c c\u00e0i \u0111\u1eb7t m\u1ea1ng ph\u1ee9c t\u1ea1p kh\u00e1c. QuickConnect cho ph\u00e9p b\u1ea1n k\u1ebft n\u1ed1i qua m\u1ed9t \u0111\u1ecba ch\u1ec9 an to\u00e0n, c\u00f3 th\u1ec3 t\u00f9y ch\u1ec9nh \u0111\u1ec3 b\u1ea1n c\u00f3 th\u1ec3 truy c\u1eadp ngay l\u1eadp t\u1ee9c v\u00e0o c\u00e1c file \u0111a ph\u01b0\u01a1ng ti\u1ec7n tr\u00ean b\u1ea5t k\u1ef3 thi\u1ebft b\u1ecb k\u1ebft n\u1ed1i Internet n\u00e0o m\u00e0 kh\u00f4ng ph\u1ea3i tr\u1ea3 th\u00eam ph\u00ed.<\/p>\n<p><img decoding=\"async\" class=\"aligncenter wp-image-1293 size-full\" src=\"https:\/\/vietcorp.com\/store\/wp-content\/uploads\/2020\/11\/nas-synology-ds120j-quickConnect_01-vietcorp.png\" alt=\"Vietcorp ph\u00e2n ph\u1ed1i NAS Synology DS120j\" width=\"692\" height=\"364\" srcset=\"https:\/\/vietcorp.com\/store\/wp-content\/uploads\/2020\/11\/nas-synology-ds120j-quickConnect_01-vietcorp.png?v=1668220331 692w, https:\/\/vietcorp.com\/store\/wp-content\/uploads\/2020\/11\/nas-synology-ds120j-quickConnect_01-vietcorp-600x316.png?v=1668220331 600w, https:\/\/vietcorp.com\/store\/wp-content\/uploads\/2020\/11\/nas-synology-ds120j-quickConnect_01-vietcorp-640x337.png?v=1668220331 640w, https:\/\/vietcorp.com\/store\/wp-content\/uploads\/2020\/11\/nas-synology-ds120j-quickConnect_01-vietcorp-400x210.png?v=1668220331 400w, https:\/\/vietcorp.com\/store\/wp-content\/uploads\/2020\/11\/nas-synology-ds120j-quickConnect_01-vietcorp-367x193.png?v=1668220331 367w\" sizes=\"(max-width: 692px) 100vw, 692px\" \/><\/p>\n<h2><\/h2>\n<h2><span id=\"Be_ngoai_cua_DS1520\" style=\"color: #0000ff;\"><strong>B\u1ec1 ngo\u00e0i c\u1ee7a NAS Synology DS120j<\/strong><\/span><\/h2>\n<p><img decoding=\"async\" class=\"aligncenter size-full wp-image-3543\" src=\"https:\/\/www.vietcorp.com\/store\/wp-content\/uploads\/2020\/11\/thiet-bi-luu-tru-nas-synology-ds120j-14.jpg\" alt=\"Thi\u1ebft b\u1ecb l\u01b0u tr\u1eef Nas Synology DS120j\" width=\"610\" height=\"396\" srcset=\"https:\/\/vietcorp.com\/store\/wp-content\/uploads\/2020\/11\/thiet-bi-luu-tru-nas-synology-ds120j-14.jpg 610w, https:\/\/vietcorp.com\/store\/wp-content\/uploads\/2020\/11\/thiet-bi-luu-tru-nas-synology-ds120j-14-600x390.jpg 600w, https:\/\/vietcorp.com\/store\/wp-content\/uploads\/2020\/11\/thiet-bi-luu-tru-nas-synology-ds120j-14-400x260.jpg 400w, https:\/\/vietcorp.com\/store\/wp-content\/uploads\/2020\/11\/thiet-bi-luu-tru-nas-synology-ds120j-14-367x238.jpg 367w\" sizes=\"(max-width: 610px) 100vw, 610px\" \/><\/p>\n<table>\n<tbody>\n<tr>\n<td><strong><span style=\"vertical-align: inherit;\"><span style=\"vertical-align: inherit;\">M\u1eb7t tr\u01b0\u1edbc NAS Synology DS120j<\/span><\/span><\/strong><\/td>\n<td><strong><span style=\"vertical-align: inherit;\"><span style=\"vertical-align: inherit;\">M\u1eb7t sau NAS Synology DS120j<\/span><\/span><\/strong><\/td>\n<\/tr>\n<tr>\n<td><\/td>\n<td><\/td>\n<\/tr>\n<tr>\n<td>\u00a01. \u0110\u00e8n b\u00e1o tr\u1ea1ng th\u00e1i<\/td>\n<td><span style=\"vertical-align: inherit;\">6. C\u1ed5ng USB 2.0<\/span><\/td>\n<\/tr>\n<tr>\n<td><span style=\"vertical-align: inherit;\"><span style=\"vertical-align: inherit;\">2. \u0110\u00e8n b\u00e1o\u00a0m\u1ea1ng LAN<\/span><\/span><\/td>\n<td><span style=\"vertical-align: inherit;\">7. Khe b\u1ea3o m\u1eadt Kensington<\/span><\/td>\n<\/tr>\n<tr>\n<td><span style=\"vertical-align: inherit;\"><span style=\"vertical-align: inherit;\">3. \u0110\u00e8n b\u00e1o tr\u1ea1ng th\u00e1i \u1ed5 c\u1ee9ng<\/span><\/span><\/td>\n<td><span style=\"vertical-align: inherit;\">8. N\u00fat reset<\/span><\/td>\n<\/tr>\n<tr>\n<td><span style=\"vertical-align: inherit;\"><span style=\"vertical-align: inherit;\">4. N\u00fat ngu\u1ed3n v\u00e0 \u0111\u00e8n b\u00e1o<\/span><\/span><\/td>\n<td><span style=\"vertical-align: inherit;\">9. Network port RJ-45\u00a01GbE\u00a0<\/span><\/td>\n<\/tr>\n<tr>\n<td><span style=\"vertical-align: inherit;\"><span style=\"vertical-align: inherit;\">5. Qu\u1ea1t h\u1ec7 th\u1ed1ng<\/span><\/span><\/td>\n<td><span style=\"vertical-align: inherit;\">10. Ngu\u1ed3n \u0111i\u1ec7n<\/span><\/td>\n<\/tr>\n<tr>\n<td><\/td>\n<td><\/td>\n<\/tr>\n<tr>\n<td><\/td>\n<td><\/td>\n<\/tr>\n<tr>\n<td><\/td>\n<td><\/td>\n<\/tr>\n<\/tbody>\n<\/table>\n<p>Xem th\u00eam th\u00f4ng tin h\u1ed7 tr\u1ee3 cho\u00a0<strong>Thi\u1ebft b\u1ecb l\u01b0u tr\u1eef Synology DS120j<\/strong><\/p>\n<ul>\n<li><a href=\"https:\/\/www.vietcorp.com\/vn\/chung-nhan\/\">Ch\u1ee9ng nh\u1eadn Synology<\/a><\/li>\n<li><a href=\"https:\/\/vietcorp.com\/support\/synology\/\">Support Synology<\/a><\/li>\n<li><a href=\"https:\/\/www.vietcorp.com\/blog\/tag\/showcase-synology\/\">Showcase Synology<\/a><\/li>\n<\/ul>\n","protected":false},"excerpt":{"rendered":"<p>Thi\u1ebft b\u1ecb l\u01b0u tr\u1eef NAS Synology DS120j<br \/>\nNAS 1 khay \u1ed5 \u0111\u0129a<br \/>\nMarvell Armada 3700 88F3720<br \/>\n512 MB DDR3L non-ECC<br \/>\nB\u1ea3o h\u00e0nh 24 th\u00e1ng<\/p>\n","protected":false},"featured_media":7297,"template":"","meta":[],"product_brand":[],"product_cat":[15,419,337],"product_tag":[16,525,53,50,526,23,527,92],"class_list":{"0":"post-140","1":"product","2":"type-product","3":"status-publish","4":"has-post-thumbnail","6":"product_cat-nas","7":"product_cat-ds-series","8":"product_cat-san-pham-ngung-kinh-doanh","9":"product_tag-diskstation","10":"product_tag-ds120j","11":"product_tag-nas","12":"product_tag-nas-1-bay","13":"product_tag-nas-ds120j","14":"product_tag-synology","15":"product_tag-synology-ds120j","16":"product_tag-synology-nas","17":"pa_bao-hanh-24-thang","18":"pa_chung-loai-nas","19":"pa_cong-giao-tiep-1-x-rj45-10-100-1000-mbps","20":"pa_cong-giao-tiep-2-x-usb-2-0","21":"pa_drive-bays-1-bay","22":"pa_dung-luong-chua-co-o-cung","23":"pa_form-factor-tower","24":"pa_muc-dich-su-dung-danh-cho-ca-nhan","25":"pa_thuong-hieu-synology","26":"pa_tinh-nang-phan-cung-64-bit-architecture","28":"first","29":"outofstock","30":"taxable","31":"shipping-taxable","32":"product-type-simple"},"_links":{"self":[{"href":"https:\/\/vietcorp.com\/store\/wp-json\/wp\/v2\/product\/140","targetHints":{"allow":["GET"]}}],"collection":[{"href":"https:\/\/vietcorp.com\/store\/wp-json\/wp\/v2\/product"}],"about":[{"href":"https:\/\/vietcorp.com\/store\/wp-json\/wp\/v2\/types\/product"}],"wp:featuredmedia":[{"embeddable":true,"href":"https:\/\/vietcorp.com\/store\/wp-json\/wp\/v2\/media\/7297"}],"wp:attachment":[{"href":"https:\/\/vietcorp.com\/store\/wp-json\/wp\/v2\/media?parent=140"}],"wp:term":[{"taxonomy":"product_brand","embeddable":true,"href":"https:\/\/vietcorp.com\/store\/wp-json\/wp\/v2\/product_brand?post=140"},{"taxonomy":"product_cat","embeddable":true,"href":"https:\/\/vietcorp.com\/store\/wp-json\/wp\/v2\/product_cat?post=140"},{"taxonomy":"product_tag","embeddable":true,"href":"https:\/\/vietcorp.com\/store\/wp-json\/wp\/v2\/product_tag?post=140"}],"curies":[{"name":"wp","href":"https:\/\/api.w.org\/{rel}","templated":true}]}}