


{"id":124,"date":"2020-11-03T10:01:31","date_gmt":"2020-11-03T03:01:31","guid":{"rendered":"https:\/\/www.vietcorp.com\/store\/product\/synology-mr2200ac\/"},"modified":"2024-11-21T13:21:10","modified_gmt":"2024-11-21T06:21:10","slug":"synology-mr2200ac","status":"publish","type":"product","link":"https:\/\/vietcorp.com\/store\/124\/synology-mr2200ac\/","title":{"rendered":"Synology MR2200ac"},"content":{"rendered":"<p style=\"text-align: center;\"><strong>\u0110\u00e2y kh\u00f4ng ch\u1ec9 l\u00e0 m\u1ed9t h\u1ec7 th\u1ed1ng Wi-Fi kh\u00e1c.<\/strong><\/p>\n<p style=\"text-align: center;\">Thi\u1ebft b\u1ecb cung c\u1ea5p Wi-Fi t\u1ed1t h\u01a1n v\u00e0 Internet an to\u00e0n h\u01a1n.<\/p>\n<p><center><iframe loading=\"lazy\" title=\"YouTube video player\" src=\"https:\/\/www.youtube.com\/embed\/UNEUgLLttb8?si=aVp4kjNJZnsOnAtv\" width=\"560\" height=\"315\" frameborder=\"0\" allowfullscreen=\"allowfullscreen\"><\/iframe><\/center><\/p>\n<h3 style=\"text-align: center;\"><strong>Mesh Router\u00a0<\/strong><a href=\"https:\/\/www.vietcorp.com\/store\/124\/synology-mr2200ac\/\"><strong>Synology MR2200ac<\/strong><\/a><\/h3>\n<p style=\"text-align: center;\">\u0110i k\u00e8m v\u1edbi kh\u1ea3 n\u0103ng Wi-Fi l\u01b0\u1edbi th\u00f4ng minh v\u00e0 c\u00e1c \u0111i\u1ec1u khi\u1ec3n d\u00e0nh cho ph\u1ee5 huynh t\u1ed1t nh\u1ea5t trong l\u1edbp, Synology MR2200ac \u0111\u01b0\u1ee3c thi\u1ebft k\u1ebf \u0111\u1ec3 duy tr\u00ec s\u1ef1 an to\u00e0n cho t\u1ea5t c\u1ea3 c\u00e1c thi\u1ebft b\u1ecb \u0111\u01b0\u1ee3c k\u1ebft n\u1ed1i v\u00e0 cho m\u1ecdi ng\u01b0\u1eddi. Tr\u1ea3i nghi\u1ec7m <a href=\"https:\/\/www.vietcorp.com\/store\/synology-router-manager\/\">Synology Router Manager<\/a> (SRM) \u0111\u00e3 gi\u00e0nh gi\u1ea3i th\u01b0\u1edfng v\u1edbi Synology MR2200ac v\u00e0 b\u1ed5 sung th\u00eam khi b\u1ea1n s\u1eb5n s\u00e0ng m\u1edf r\u1ed9ng h\u01a1n n\u1eefa v\u00f9ng ph\u1ee7 s\u00f3ng c\u1ee7a m\u00ecnh.<\/p>\n<h3 style=\"text-align: center;\"><strong>Wi-Fi th\u00f4ng minh xung quanh<\/strong><\/h3>\n<p style=\"text-align: center;\"><img decoding=\"async\" class=\"aligncenter size-full wp-image-6163\" src=\"https:\/\/www.vietcorp.com\/store\/wp-content\/uploads\/2020\/11\/thiet-bi-mang-router-synology-mr2200ac-10.gif\" alt=\"\" width=\"900\" height=\"560\" \/><\/p>\n<p style=\"text-align: center;\">Nhi\u1ec1u thi\u1ebft b\u1ecb MR2200ac c\u00f3 th\u1ec3 ho\u1ea1t \u0111\u1ed9ng c\u00f9ng nhau nh\u01b0 m\u1ed9t h\u1ec7 th\u1ed1ng \u0111\u1ec3 mang Wi-Fi \u0111\u1ebfn m\u1ecdi ng\u00f3c ng\u00e1ch trong nh\u00e0 c\u1ee7a b\u1ea1n. B\u1ea5t c\u1ee9 n\u01a1i n\u00e0o b\u1ea1n \u0111i, h\u00e3y d\u00f9ng m\u1ed9t m\u1ea1ng Wi-Fi duy nh\u1ea5t v\u00e0 t\u1eadn h\u01b0\u1edfng k\u1ebft n\u1ed1i li\u1ec1n m\u1ea1ch t\u1eeb n\u01a1i n\u00e0y \u0111\u1ebfn n\u01a1i kh\u00e1c.<\/p>\n<h3 style=\"text-align: center;\"><strong>T\u00ednh n\u0103ng th\u00f4ng minh \u0111\u1eb1ng sau m\u1ea1ng Mesh c\u1ee7a b\u1ea1n<\/strong><\/h3>\n<p style=\"text-align: center;\"><img decoding=\"async\" class=\"aligncenter size-full wp-image-6158\" src=\"https:\/\/www.vietcorp.com\/store\/wp-content\/uploads\/2020\/11\/thiet-bi-mang-router-synology-mr2200ac-5.jpg\" alt=\"\" width=\"600\" height=\"482\" srcset=\"https:\/\/vietcorp.com\/store\/wp-content\/uploads\/2020\/11\/thiet-bi-mang-router-synology-mr2200ac-5.jpg 600w, https:\/\/vietcorp.com\/store\/wp-content\/uploads\/2020\/11\/thiet-bi-mang-router-synology-mr2200ac-5-400x321.jpg 400w, https:\/\/vietcorp.com\/store\/wp-content\/uploads\/2020\/11\/thiet-bi-mang-router-synology-mr2200ac-5-367x295.jpg 367w\" sizes=\"(max-width: 600px) 100vw, 600px\" \/><\/p>\n<p style=\"text-align: center;\">C\u00e1c thu\u1eadt to\u00e1n \u0111\u01b0\u1ee3c t\u00edch h\u1ee3p trong SRM gi\u00fap d\u1ec5 d\u00e0ng tri\u1ec3n khai. H\u1ec7 th\u1ed1ng t\u1ef1 c\u1ea5u h\u00ecnh m\u1ed9t c\u00e1ch th\u00f4ng minh, t\u1ef1 t\u1ed1i \u01b0u h\u00f3a v\u00e0 th\u1eadm ch\u00ed t\u1ef1 kh\u00f4i ph\u1ee5c, lu\u00f4n cung c\u1ea5p cho b\u1ea1n \u0111\u01b0\u1eddng d\u1eabn c\u00f3 th\u1ec3 nhanh nh\u1ea5t \u0111\u1ebfn Internet.<\/p>\n<h3 style=\"text-align: center;\"><strong>Wi-Fi c\u1ea3 nh\u00e0, d\u1ec5 d\u00e0ng qu\u1ea3n l\u00fd<\/strong><\/h3>\n<p style=\"text-align: center;\">C\u00f4ng ngh\u1ec7 ti\u00ean ti\u1ebfn kh\u00f4ng c\u1ea7n ph\u1ea3i ph\u1ee9c t\u1ea1p. Xem c\u00e1ch <a href=\"https:\/\/www.vietcorp.com\/store\/quan-ly-wi-fi-thong-minh-voi-srm\/\">Wi-Fi Connect<\/a> gi\u00fap cho m\u1ea1ng Wi-Fi c\u1ee7a b\u1ea1n tr\u1edf n\u00ean \u0111\u01a1n gi\u1ea3n &#8211; v\u00e0 m\u1ea1nh m\u1ebd.<\/p>\n<p style=\"text-align: center;\"><strong>Gi\u00e1m s\u00e1t th\u1eddi gian th\u1ef1c<\/strong><\/p>\n<p style=\"text-align: center;\"><img decoding=\"async\" class=\"aligncenter size-full wp-image-6159\" src=\"https:\/\/www.vietcorp.com\/store\/wp-content\/uploads\/2020\/11\/thiet-bi-mang-router-synology-mr2200ac-6.png\" alt=\"\" width=\"600\" height=\"326\" srcset=\"https:\/\/vietcorp.com\/store\/wp-content\/uploads\/2020\/11\/thiet-bi-mang-router-synology-mr2200ac-6.png 600w, https:\/\/vietcorp.com\/store\/wp-content\/uploads\/2020\/11\/thiet-bi-mang-router-synology-mr2200ac-6-400x217.png 400w, https:\/\/vietcorp.com\/store\/wp-content\/uploads\/2020\/11\/thiet-bi-mang-router-synology-mr2200ac-6-367x199.png 367w\" sizes=\"(max-width: 600px) 100vw, 600px\" \/><\/p>\n<p style=\"text-align: center;\">\u0110\u00e2y l\u00e0 to\u00e0n b\u1ed9 h\u1ec7 th\u1ed1ng Wi-Fi c\u1ee7a b\u1ea1n trong nh\u00e1y m\u1eaft. MR2200ac \u1edf h\u00e0nh lang \u0111\u00e3 \u0111\u01b0\u1ee3c r\u00fat ph\u00edch c\u1eafm ch\u01b0a? B\u1ea1n th\u1ea5y n\u00f3 \u1edf \u0111\u00e2y.<\/p>\n<p style=\"text-align: center;\"><strong>K\u1ebft n\u1ed1i m\u1ea1ng t\u1ea1i n\u01a1i l\u00e0m vi\u1ec7c<\/strong><\/p>\n<p style=\"text-align: center;\"><img decoding=\"async\" class=\"aligncenter size-full wp-image-6160\" src=\"https:\/\/www.vietcorp.com\/store\/wp-content\/uploads\/2020\/11\/thiet-bi-mang-router-synology-mr2200ac-7.png\" alt=\"\" width=\"600\" height=\"326\" srcset=\"https:\/\/vietcorp.com\/store\/wp-content\/uploads\/2020\/11\/thiet-bi-mang-router-synology-mr2200ac-7.png 600w, https:\/\/vietcorp.com\/store\/wp-content\/uploads\/2020\/11\/thiet-bi-mang-router-synology-mr2200ac-7-400x217.png 400w, https:\/\/vietcorp.com\/store\/wp-content\/uploads\/2020\/11\/thiet-bi-mang-router-synology-mr2200ac-7-367x199.png 367w\" sizes=\"(max-width: 600px) 100vw, 600px\" \/><\/p>\n<p style=\"text-align: center;\">M\u1ed9t b\u1ea3n \u0111\u1ed3 m\u1ea1ng \u0111\u1eb9p tr\u1ef1c quan h\u00f3a c\u00e1ch c\u00e1c \u0111i\u1ec3m Wi-Fi c\u1ee7a b\u1ea1n \u0111\u01b0\u1ee3c k\u1ebft n\u1ed1i v\u1edbi nhau v\u00e0 li\u1ec7u ch\u00fang c\u00f3 \u0111ang s\u1eed d\u1ee5ng c\u00e1c \u0111\u01b0\u1eddng l\u00ean 5GHz, 2.4GHz ho\u1eb7c Ethernet hay kh\u00f4ng.<\/p>\n<p style=\"text-align: center;\"><strong>X\u00e1c \u0111\u1ecbnh t\u00ecnh tr\u1ea1ng t\u1eafc ngh\u1ebdn<\/strong><\/p>\n<p style=\"text-align: center;\"><img decoding=\"async\" class=\"aligncenter size-full wp-image-6161\" src=\"https:\/\/www.vietcorp.com\/store\/wp-content\/uploads\/2020\/11\/thiet-bi-mang-router-synology-mr2200ac-8.png\" alt=\"\" width=\"600\" height=\"326\" srcset=\"https:\/\/vietcorp.com\/store\/wp-content\/uploads\/2020\/11\/thiet-bi-mang-router-synology-mr2200ac-8.png 600w, https:\/\/vietcorp.com\/store\/wp-content\/uploads\/2020\/11\/thiet-bi-mang-router-synology-mr2200ac-8-400x217.png 400w, https:\/\/vietcorp.com\/store\/wp-content\/uploads\/2020\/11\/thiet-bi-mang-router-synology-mr2200ac-8-367x199.png 367w\" sizes=\"(max-width: 600px) 100vw, 600px\" \/><\/p>\n<p style=\"text-align: center;\">Ch\u1ea1y th\u1eed nghi\u1ec7m hi\u1ec7u su\u1ea5t \u0111\u1ec3 x\u00e1c \u0111\u1ecbnh ch\u00ednh x\u00e1c nh\u1eefng g\u00ec c\u00f3 th\u1ec3 l\u00e0m ch\u1eadm m\u1ea1ng c\u1ee7a b\u1ea1n.<\/p>\n<p style=\"text-align: center;\"><strong>T\u00f9y ch\u1ec9nh t\u00f9y ch\u1ecdn m\u1ea1ng c\u1ee7a kh\u00e1ch<\/strong><\/p>\n<p style=\"text-align: center;\"><img decoding=\"async\" class=\"aligncenter size-full wp-image-6162\" src=\"https:\/\/www.vietcorp.com\/store\/wp-content\/uploads\/2020\/11\/thiet-bi-mang-router-synology-mr2200ac-9.png\" alt=\"\" width=\"600\" height=\"326\" srcset=\"https:\/\/vietcorp.com\/store\/wp-content\/uploads\/2020\/11\/thiet-bi-mang-router-synology-mr2200ac-9.png 600w, https:\/\/vietcorp.com\/store\/wp-content\/uploads\/2020\/11\/thiet-bi-mang-router-synology-mr2200ac-9-400x217.png 400w, https:\/\/vietcorp.com\/store\/wp-content\/uploads\/2020\/11\/thiet-bi-mang-router-synology-mr2200ac-9-367x199.png 367w\" sizes=\"(max-width: 600px) 100vw, 600px\" \/><\/p>\n<p style=\"text-align: center;\">Thi\u1ebft l\u1eadp m\u1ed9t c\u1ed5ng th\u00f4ng tin ch\u00e0o m\u1eebng cho m\u1ecdi ng\u01b0\u1eddi k\u1ebft n\u1ed1i v\u1edbi Wi-Fi kh\u00e1ch c\u1ee7a b\u1ea1n. C\u00e1c c\u00f4ng c\u1ee5 nh\u01b0 l\u1eadp l\u1ecbch, thay \u0111\u1ed5i m\u1eadt kh\u1ea9u t\u1ef1 \u0111\u1ed9ng v\u00e0 b\u1ed9 l\u1ecdc MAC c\u00f3 th\u1ec3 gi\u00fap tr\u00e1nh xa c\u00e1c k\u1ebft n\u1ed1i kh\u00f4ng mong mu\u1ed1n.<\/p>\n<h3 style=\"text-align: center;\"><strong>T\u1ea1o m\u1ed9t th\u1ebf gi\u1edbi tr\u1ef1c tuy\u1ebfn th\u00e2n thi\u1ec7n v\u1edbi tr\u1ebb em<\/strong><\/h3>\n<p style=\"text-align: center;\">Ch\u00fang t\u00f4i mu\u1ed1n tr\u1ebb em \u0111\u01b0\u1ee3c an to\u00e0n khi tr\u1ef1c tuy\u1ebfn, ngay c\u1ea3 khi ch\u00fang t\u00f4i kh\u00f4ng \u1edf \u0111\u00f3. <a href=\"https:\/\/www.vietcorp.com\/store\/giai-phap-quan-ly-truy-cap-internet\/\">Safe Access<\/a> gi\u00fap b\u1ea1n \u0111\u1eb7t ra c\u00e1c quy t\u1eafc cho t\u1eebng \u0111\u1ee9a tr\u1ebb m\u00e0 kh\u00f4ng ph\u1ea3i t\u00ecm ki\u1ebfm c\u00e1c gi\u1ea3i ph\u00e1p ki\u1ec3m so\u00e1t c\u1ee7a ph\u1ee5 huynh cho m\u1ecdi thi\u1ebft b\u1ecb. B\u00e2y gi\u1edd b\u1ea1n c\u00f3 th\u1ec3 c\u00f3 \u0111\u01b0\u1ee3c b\u1ee9c tranh \u0111\u1ea7y \u0111\u1ee7 v\u1ec1 c\u00e1ch ch\u00fang kh\u00e1m ph\u00e1 th\u1ebf gi\u1edbi m\u1ed7i ng\u00e0y v\u00e0 b\u1ea3o v\u1ec7 ch\u00fang cho \u0111\u1ebfn khi ch\u00fang s\u1eb5n s\u00e0ng.<\/p>\n<p style=\"text-align: center;\"><strong>H\u1ed3 s\u01a1<\/strong><\/p>\n<p style=\"text-align: center;\"><img decoding=\"async\" class=\"aligncenter size-full wp-image-6166\" src=\"https:\/\/www.vietcorp.com\/store\/wp-content\/uploads\/2020\/11\/thiet-bi-mang-router-synology-mr2200ac-13.png\" alt=\"\" width=\"600\" height=\"352\" srcset=\"https:\/\/vietcorp.com\/store\/wp-content\/uploads\/2020\/11\/thiet-bi-mang-router-synology-mr2200ac-13.png 600w, https:\/\/vietcorp.com\/store\/wp-content\/uploads\/2020\/11\/thiet-bi-mang-router-synology-mr2200ac-13-400x235.png 400w, https:\/\/vietcorp.com\/store\/wp-content\/uploads\/2020\/11\/thiet-bi-mang-router-synology-mr2200ac-13-367x215.png 367w\" sizes=\"(max-width: 600px) 100vw, 600px\" \/><\/p>\n<p style=\"text-align: center;\">T\u1ea1o h\u1ed3 s\u01a1 ng\u01b0\u1eddi d\u00f9ng \u0111\u1ec3 qu\u1ea3n l\u00fd t\u1ea5t c\u1ea3 c\u00e1c thi\u1ebft b\u1ecb m\u00e0 ai \u0111\u00f3 s\u1edf h\u1eefu c\u00f9ng m\u1ed9t l\u00fac. B\u1ea1n c\u0169ng c\u00f3 th\u1ec3 c\u00f3 m\u1ed9t thi\u1ebft b\u1ecb cho t\u1ea5t c\u1ea3 thi\u1ebft b\u1ecb trong t\u01b0\u01a1ng lai k\u1ebft n\u1ed1i v\u1edbi m\u1ea1ng c\u1ee5c b\u1ed9 c\u1ee7a m\u00ecnh, m\u1ed9t thi\u1ebft b\u1ecb cho Wi-Fi d\u00e0nh cho kh\u00e1ch, m\u1ed9t thi\u1ebft b\u1ecb cho c\u00e1c ti\u1ec7n \u00edch IoT, v.v.<\/p>\n<p style=\"text-align: center;\"><strong>Qu\u1ea3n l\u00fd th\u1eddi gian<\/strong><\/p>\n<p style=\"text-align: center;\"><img decoding=\"async\" class=\"aligncenter size-full wp-image-6167\" src=\"https:\/\/www.vietcorp.com\/store\/wp-content\/uploads\/2020\/11\/thiet-bi-mang-router-synology-mr2200ac-14.png\" alt=\"\" width=\"600\" height=\"352\" srcset=\"https:\/\/vietcorp.com\/store\/wp-content\/uploads\/2020\/11\/thiet-bi-mang-router-synology-mr2200ac-14.png 600w, https:\/\/vietcorp.com\/store\/wp-content\/uploads\/2020\/11\/thiet-bi-mang-router-synology-mr2200ac-14-400x235.png 400w, https:\/\/vietcorp.com\/store\/wp-content\/uploads\/2020\/11\/thiet-bi-mang-router-synology-mr2200ac-14-367x215.png 367w\" sizes=\"(max-width: 600px) 100vw, 600px\" \/><\/p>\n<p style=\"text-align: center;\">\u0110\u1eb7t gi\u1edbi h\u1ea1n th\u1eddi gian v\u00e0 l\u1ecbch tr\u00ecnh. Khuy\u1ebfn kh\u00edch con b\u1ea1n s\u1eed d\u1ee5ng th\u1eddi gian c\u1ee7a ch\u00fang m\u1ed9t c\u00e1ch kh\u00f4n ngoan v\u00e0 d\u00e0nh th\u1eddi gian ch\u1ea5t l\u01b0\u1ee3ng cho gia \u0111\u00ecnh.<\/p>\n<p style=\"text-align: center;\"><strong>L\u1ecdc Internet<\/strong><\/p>\n<p style=\"text-align: center;\"><img decoding=\"async\" class=\"aligncenter size-full wp-image-6168\" src=\"https:\/\/www.vietcorp.com\/store\/wp-content\/uploads\/2020\/11\/thiet-bi-mang-router-synology-mr2200ac-15.png\" alt=\"\" width=\"600\" height=\"352\" srcset=\"https:\/\/vietcorp.com\/store\/wp-content\/uploads\/2020\/11\/thiet-bi-mang-router-synology-mr2200ac-15.png 600w, https:\/\/vietcorp.com\/store\/wp-content\/uploads\/2020\/11\/thiet-bi-mang-router-synology-mr2200ac-15-400x235.png 400w, https:\/\/vietcorp.com\/store\/wp-content\/uploads\/2020\/11\/thiet-bi-mang-router-synology-mr2200ac-15-367x215.png 367w\" sizes=\"(max-width: 600px) 100vw, 600px\" \/><\/p>\n<p style=\"text-align: center;\">B\u1ea3o v\u1ec7 tr\u1ebb em kh\u1ecfi n\u1ed9i dung ch\u1ec9 d\u00e0nh cho ng\u01b0\u1eddi l\u1edbn v\u00e0 k\u1ebft qu\u1ea3 t\u00ecm ki\u1ebfm. Thi\u1ebft l\u1eadp danh s\u00e1ch tr\u1eafng \u0111\u1ec3 tr\u1ebb nh\u1ecf h\u01a1n ch\u1ec9 c\u00f3 th\u1ec3 truy c\u1eadp c\u00e1c trang web \u0111\u00f3. L\u00ean l\u1ecbch cho b\u1ed9 l\u1ecdc web \u0111\u1ec3 \u0111\u1ea3m b\u1ea3o kh\u00f4ng c\u00f3 ph\u01b0\u01a1ng ti\u1ec7n truy\u1ec1n th\u00f4ng x\u00e3 h\u1ed9i trong gi\u1edd l\u00e0m b\u00e0i t\u1eadp v\u1ec1 nh\u00e0.<\/p>\n<p style=\"text-align: center;\"><strong>Hi\u1ec3u c\u00e1ch s\u1eed d\u1ee5ng v\u00e0 ph\u1ea3n \u1ee9ng<\/strong><\/p>\n<p style=\"text-align: center;\"><img decoding=\"async\" class=\"aligncenter size-full wp-image-6169\" src=\"https:\/\/www.vietcorp.com\/store\/wp-content\/uploads\/2020\/11\/thiet-bi-mang-router-synology-mr2200ac-16.png\" alt=\"\" width=\"600\" height=\"352\" srcset=\"https:\/\/vietcorp.com\/store\/wp-content\/uploads\/2020\/11\/thiet-bi-mang-router-synology-mr2200ac-16.png 600w, https:\/\/vietcorp.com\/store\/wp-content\/uploads\/2020\/11\/thiet-bi-mang-router-synology-mr2200ac-16-400x235.png 400w, https:\/\/vietcorp.com\/store\/wp-content\/uploads\/2020\/11\/thiet-bi-mang-router-synology-mr2200ac-16-367x215.png 367w\" sizes=\"(max-width: 600px) 100vw, 600px\" \/><\/p>\n<p style=\"text-align: center;\">C\u00f3 \u0111\u01b0\u1ee3c c\u00e1i nh\u00ecn s\u00e2u s\u1eafc v\u1ec1 m\u1ed9t ho\u1ea1t \u0111\u1ed9ng tr\u1ebb em h\u00e0ng ng\u00e0y. Th\u01b0\u1edfng cho con b\u1eb1ng c\u00e1ch cho con th\u00eam m\u1ed9t v\u00e0i gi\u1edd tr\u1ef1c tuy\u1ebfn ho\u1eb7c t\u1ea1m d\u1eebng t\u1ea5t c\u1ea3 c\u00e1c thi\u1ebft b\u1ecb c\u1ee7a con n\u1ebfu \u0111\u00f3 l\u00e0 kho\u1ea3ng th\u1eddi gian \u0111\u1ec3 n\u00f3i chuy\u1ec7n.<\/p>\n<h3 style=\"text-align: center;\"><strong>An to\u00e0n trong ph\u1ea1m vi quy \u0111\u1ecbnh<\/strong><\/h3>\n<p style=\"text-align: center;\">\u0110\u00f3 kh\u00f4ng ch\u1ec9 l\u00e0 ng\u01b0\u1eddi m\u00e0 b\u1ea1n c\u1ea7n b\u1ea3o v\u1ec7. \u0110\u00f3 l\u00e0 t\u1ea5t c\u1ea3 nh\u1eefng th\u1ee9 \u0111\u01b0\u1ee3c k\u1ebft n\u1ed1i: Camera IP, chu\u00f4ng c\u1eeda th\u00f4ng minh, h\u1ec7 th\u1ed1ng b\u00e1o \u0111\u1ed9ng\u2026 nh\u1eefng th\u1ee9 c\u00f3 th\u1ec3 khi\u1ebfn m\u1ed9t ng\u00f4i nh\u00e0 th\u00f4ng minh d\u1ec5 b\u1ecb t\u1ed5n th\u01b0\u01a1ng. MR2200ac c\u00e0i \u0111\u1eb7t nhi\u1ec1u l\u1edbp b\u1ea3o v\u1ec7 \u0111\u1ec3 b\u1ea3o v\u1ec7 m\u1ea1ng c\u1ee7a b\u1ea1n kh\u1ecfi c\u00e1c cu\u1ed9c t\u1ea5n c\u00f4ng m\u1ea1ng x\u1ea3y ra m\u1ed7i ng\u00e0y.<\/p>\n<h3 style=\"text-align: center;\"><strong>C\u00f4ng ngh\u1ec7 ph\u00f2ng v\u1ec7 m\u1edbi nh\u1ea5t<\/strong><\/h3>\n<p style=\"text-align: center;\"><strong><img decoding=\"async\" class=\"aligncenter size-full wp-image-6164\" src=\"https:\/\/www.vietcorp.com\/store\/wp-content\/uploads\/2020\/11\/thiet-bi-mang-router-synology-mr2200ac-11.png\" alt=\"\" width=\"418\" height=\"391\" srcset=\"https:\/\/vietcorp.com\/store\/wp-content\/uploads\/2020\/11\/thiet-bi-mang-router-synology-mr2200ac-11.png 418w, https:\/\/vietcorp.com\/store\/wp-content\/uploads\/2020\/11\/thiet-bi-mang-router-synology-mr2200ac-11-400x374.png 400w, https:\/\/vietcorp.com\/store\/wp-content\/uploads\/2020\/11\/thiet-bi-mang-router-synology-mr2200ac-11-367x343.png 367w\" sizes=\"(max-width: 418px) 100vw, 418px\" \/><\/strong><\/p>\n<p style=\"text-align: center;\"><strong>C\u00f4ng ngh\u1ec7 Wi-Fi \u0111\u01b0\u1ee3c ch\u1ee9ng nh\u1eadn WPA3 &amp; t\u0103ng c\u01b0\u1eddng m\u1edf r\u1ed9ngTM<\/strong><\/p>\n<p style=\"text-align: center;\">Certified by the newest Wi-Fi security standards, including WPA3-Personal, WPA3-Enterprise and Opportunistic Wireless Encryption (OWE), MR2200ac equips homes, businesses, and open Wi-Fi networks with better defenses against snooping and other attacks.<\/p>\n<p style=\"text-align: center;\"><strong>Lu\u00f4n c\u1eadp nh\u1eadt<\/strong><\/p>\n<p style=\"text-align: center;\">V\u1edbi b\u1ea3n ghi d\u00e0i c\u00e1c b\u1ea3n c\u1eadp nh\u1eadt nhanh v\u00e0 li\u00ean t\u1ee5c, SRM \u0111\u1ea3m b\u1ea3o r\u1eb1ng m\u1ea1ng l\u01b0\u1edbi c\u1ee7a b\u1ea1n \u0111\u00e3 s\u1eb5n s\u00e0ng \u0111\u1ec3 ch\u1ed1ng l\u1ea1i c\u00e1c m\u1ed1i \u0111e d\u1ecda m\u1edbi n\u1ed5i.<\/p>\n<h3 style=\"text-align: center;\"><strong>C\u01a1 s\u1edf d\u1eef li\u1ec7u b\u1ea3o m\u1eadt t\u00edch h\u1ee3p<\/strong><\/h3>\n<p style=\"text-align: center;\"><strong><img decoding=\"async\" class=\"aligncenter size-full wp-image-6165\" src=\"https:\/\/www.vietcorp.com\/store\/wp-content\/uploads\/2020\/11\/thiet-bi-mang-router-synology-mr2200ac-12.png\" alt=\"\" width=\"282\" height=\"530\" \/><\/strong><\/p>\n<p style=\"text-align: center;\"><strong>T\u00ecm duy\u1ec7t web an to\u00e0n c\u1ee7a Google<\/strong><\/p>\n<p style=\"text-align: center;\">B\u1ea3o v\u1ec7 h\u01a1n 6 t\u1ef7 thi\u1ebft b\u1ecb kh\u1ecfi ph\u1ea7n m\u1ec1m \u0111\u1ed9c h\u1ea1i, k\u1ef9 thu\u1eadt x\u00e3 h\u1ed9i v\u00e0 ph\u1ea7n m\u1ec1m kh\u00f4ng mong mu\u1ed1n, n\u00f3 hi\u1ec7n \u0111\u00e3 \u0111\u01b0\u1ee3c t\u00edch h\u1ee3p v\u00e0o MR2200ac \u0111\u1ec3 \u0111\u1ea3m b\u1ea3o m\u1ecdi th\u1ee9 trong m\u1ea1ng c\u1ee7a b\u1ea1n an to\u00e0n, b\u1ea5t k\u1ec3 c\u00e1c n\u1ec1n t\u1ea3ng \u0111\u01b0\u1ee3c s\u1eed d\u1ee5ng.<\/p>\n<p style=\"text-align: center;\"><strong>T\u00ecnh b\u00e1o m\u1ed1i \u0111e d\u1ecda DNS &amp; IP<\/strong><\/p>\n<p style=\"text-align: center;\">M\u1ed9t v\u00e0o c\u01a1 s\u1edf d\u1eef li\u1ec7u t\u00ecnh b\u00e1o m\u1ed1i \u0111e d\u1ecda b\u1ed5 sung \u0111\u01b0\u1ee3c t\u00edch h\u1ee3p \u0111\u1ec3 ch\u1eb7n truy c\u1eadp v\u00e0o c\u00e1c t\u00ean mi\u1ec1n v\u00e0 IP \u0111\u1ed9c h\u1ea1i. T\u1ea5t c\u1ea3 c\u00e1c s\u1ef1 ki\u1ec7n \u0111\u01b0\u1ee3c ghi l\u1ea1i cho m\u1ee5c \u0111\u00edch ki\u1ec3m tra.<\/p>\n<h3 style=\"text-align: center;\"><strong>Ch\u1ee9c n\u0103ng n\u00e2ng cao cho ph\u00e9p truy c\u1eadp<\/strong><\/h3>\n<p style=\"text-align: center;\">\u0110\u1ed1i v\u1edbi c\u00e1c v\u0103n ph\u00f2ng nh\u1ecf, nh\u1eefng ng\u01b0\u1eddi kh\u00f4ng mu\u1ed1n g\u1eb7p r\u1eafc r\u1ed1i v\u1edbi c\u00e1c \u0111i\u1ec3m truy c\u1eadp d\u00e2y \u1edf m\u1ecdi n\u01a1i, gi\u1ea3i ph\u00e1p Wi-Fi d\u1ea1ng l\u01b0\u1edbi ho\u00e0n to\u00e0n ph\u00f9 h\u1ee3p. Kh\u00f4ng gi\u1ed1ng nh\u01b0 c\u00e1c thi\u1ebft b\u1ecb kh\u00e1c, MR2200ac kh\u00f4ng b\u1ecf qua c\u00e1c t\u00ednh n\u0103ng qu\u1ea3n l\u00fd m\u1ea1ng m\u00e0 c\u00e1c doanh nghi\u1ec7p quan t\u00e2m.<\/p>\n<p style=\"text-align: center;\"><strong>Ch\u1ea5t l\u01b0\u1ee3ng d\u1ecbch v\u1ee5 chi ti\u1ebft (QoS)<\/strong><\/p>\n<p style=\"text-align: center;\"><img decoding=\"async\" class=\"aligncenter size-full wp-image-6173\" src=\"https:\/\/www.vietcorp.com\/store\/wp-content\/uploads\/2020\/11\/thiet-bi-mang-router-synology-mr2200ac-20.png\" alt=\"\" width=\"144\" height=\"102\" \/><\/p>\n<p style=\"text-align: center;\">B\u00e1o c\u00e1o l\u01b0u l\u01b0\u1ee3ng v\u00e0 ki\u1ec3m so\u00e1t b\u0103ng th\u00f4ng d\u1ef1a tr\u00ean thi\u1ebft b\u1ecb ho\u1eb7c \u1ee9ng d\u1ee5ng. <a href=\"https:\/\/www.vietcorp.com\/store\/quan-ly-luu-luong-toan-dien-voi-synology-router-manager\/\">T\u00ecm hi\u1ec3u th\u00eam<\/a><\/p>\n<p style=\"text-align: center;\"><strong>VPN tr\u1ef1c quan v\u00e0 t\u1ed1c \u0111\u1ed9 cao<\/strong><\/p>\n<p style=\"text-align: center;\"><img decoding=\"async\" class=\"aligncenter size-full wp-image-6172\" src=\"https:\/\/www.vietcorp.com\/store\/wp-content\/uploads\/2020\/11\/thiet-bi-mang-router-synology-mr2200ac-19.png\" alt=\"\" width=\"144\" height=\"102\" \/><\/p>\n<p style=\"text-align: center;\">Business-grade SSL VPN, WebVPN, and Site-to-Site IPsec VPN. <a href=\"https:\/\/www.vietcorp.com\/store\/lam-viec-tu-xa-de-dang-voi-vpn-plus\/\">T\u00ecm hi\u1ec3u th\u00eam<\/a><\/p>\n<p style=\"text-align: center;\"><strong>Chia s\u1ebb v\u00e0 sao l\u01b0u t\u1eadp tin<\/strong><\/p>\n<p style=\"text-align: center;\"><img decoding=\"async\" class=\"aligncenter size-full wp-image-6171\" src=\"https:\/\/www.vietcorp.com\/store\/wp-content\/uploads\/2020\/11\/thiet-bi-mang-router-synology-mr2200ac-18.png\" alt=\"\" width=\"144\" height=\"102\" \/><\/p>\n<p style=\"text-align: center;\">Time Machine backup, remote file sharing, media server, and much more. <a href=\"https:\/\/www.vietcorp.com\/store\/srm-trung-tam-da-phuong-tien-va-dam-may-ca-nhan\/\">T\u00ecm hi\u1ec3u th\u00eam<\/a><\/p>\n<h3 style=\"text-align: center;\"><strong>Di \u0111\u1ed9ng<\/strong><\/h3>\n<p style=\"text-align: center;\"><img decoding=\"async\" class=\"aligncenter size-full wp-image-6170\" src=\"https:\/\/www.vietcorp.com\/store\/wp-content\/uploads\/2020\/11\/thiet-bi-mang-router-synology-mr2200ac-17.png\" alt=\"\" width=\"600\" height=\"497\" srcset=\"https:\/\/vietcorp.com\/store\/wp-content\/uploads\/2020\/11\/thiet-bi-mang-router-synology-mr2200ac-17.png 600w, https:\/\/vietcorp.com\/store\/wp-content\/uploads\/2020\/11\/thiet-bi-mang-router-synology-mr2200ac-17-400x331.png 400w, https:\/\/vietcorp.com\/store\/wp-content\/uploads\/2020\/11\/thiet-bi-mang-router-synology-mr2200ac-17-367x304.png 367w\" sizes=\"(max-width: 600px) 100vw, 600px\" \/><\/p>\n<p style=\"text-align: center;\">Tri\u1ec3n khai m\u1ed9t m\u1ea1ng l\u01b0\u1edbi t\u1eeb \u0111i\u1ec7n tho\u1ea1i c\u1ee7a b\u1ea1n. Lu\u00f4n \u0111i \u0111\u1ea7u trong vi\u1ec7c s\u1eed d\u1ee5ng l\u01b0u l\u01b0\u1ee3ng, ho\u1ea1t \u0111\u1ed9ng c\u1ee7a ng\u01b0\u1eddi d\u00f9ng v\u00e0 c\u00e1c s\u1ef1 ki\u1ec7n b\u1ea3o m\u1eadt m\u1ecdi l\u00fac m\u1ecdi n\u01a1i v\u00e0 h\u00e0nh \u0111\u1ed9ng theo ch\u00fang ch\u1ec9 b\u1eb1ng m\u1ed9t c\u00fa ch\u1ea1m tr\u00ean m\u00e0n h\u00ecnh. V\u1edbi b\u1ed9 \u0111\u1ecbnh tuy\u1ebfn DS Router, b\u1ea1n kh\u00f4ng bao gi\u1edd \u1edf qu\u00e1 xa nh\u00e0.<\/p>\n<p>Xem th\u00eam Synology:<\/p>\n<ul>\n<li><a href=\"https:\/\/www.vietcorp.com\/vn\/chung-nhan\/\">Ch\u1ee9ng nh\u1eadn Synology<\/a><\/li>\n<li><a href=\"https:\/\/vietcorp.com\/support\/synology\/\">Support Synology<\/a><\/li>\n<li><a href=\"https:\/\/www.vietcorp.com\/blog\/tag\/showcase-synology\/\">Showcase Synology<\/a><\/li>\n<\/ul>\n","protected":false},"excerpt":{"rendered":"<p>Quad core 717 MHz<br \/>\n2&#215;2 MIMO high-performance internal antenna (2.4 GHz \/ 5 GHz)<br \/>\nIEEE 802.11a\/b\/g\/n\/ac<br \/>\nSimultaneous tri-band Wi-Fi<br \/>\n5GHz-1: 867Mbps<br \/>\n5GHz-2: 867Mbps<br \/>\n2.4GHz: 400Mbps<\/p>\n","protected":false},"featured_media":7174,"template":"","meta":[],"product_brand":[],"product_cat":[193],"product_tag":[23,49,97,100,101],"class_list":{"0":"post-124","1":"product","2":"type-product","3":"status-publish","4":"has-post-thumbnail","6":"product_cat-thiet-bi-mang","7":"product_tag-synology","8":"product_tag-synology-network","9":"product_tag-thiet-bi-luu-tru","10":"product_tag-thiet-bi-luu-tru-du-lieu","11":"product_tag-thiet-bi-luu-tru-synology","13":"first","14":"instock","15":"taxable","16":"shipping-taxable","17":"product-type-simple"},"_links":{"self":[{"href":"https:\/\/vietcorp.com\/store\/wp-json\/wp\/v2\/product\/124","targetHints":{"allow":["GET"]}}],"collection":[{"href":"https:\/\/vietcorp.com\/store\/wp-json\/wp\/v2\/product"}],"about":[{"href":"https:\/\/vietcorp.com\/store\/wp-json\/wp\/v2\/types\/product"}],"wp:featuredmedia":[{"embeddable":true,"href":"https:\/\/vietcorp.com\/store\/wp-json\/wp\/v2\/media\/7174"}],"wp:attachment":[{"href":"https:\/\/vietcorp.com\/store\/wp-json\/wp\/v2\/media?parent=124"}],"wp:term":[{"taxonomy":"product_brand","embeddable":true,"href":"https:\/\/vietcorp.com\/store\/wp-json\/wp\/v2\/product_brand?post=124"},{"taxonomy":"product_cat","embeddable":true,"href":"https:\/\/vietcorp.com\/store\/wp-json\/wp\/v2\/product_cat?post=124"},{"taxonomy":"product_tag","embeddable":true,"href":"https:\/\/vietcorp.com\/store\/wp-json\/wp\/v2\/product_tag?post=124"}],"curies":[{"name":"wp","href":"https:\/\/api.w.org\/{rel}","templated":true}]}}