


{"id":1194,"date":"2021-01-18T10:08:34","date_gmt":"2021-01-18T03:08:34","guid":{"rendered":"https:\/\/vietcorp.com\/store\/1194\/asustor-as-t10g"},"modified":"2023-06-01T10:38:27","modified_gmt":"2023-06-01T03:38:27","slug":"card-mang-asustor-as-t10g","status":"publish","type":"product","link":"https:\/\/vietcorp.com\/store\/1194\/card-mang-asustor-as-t10g\/","title":{"rendered":"Asustor AS-T10G"},"content":{"rendered":"<p><strong><span lang=\"EN-US\">PN:<\/span><\/strong><span lang=\"EN-US\">\u00a092G01-N10T0001<\/span><\/p>\n<p><span lang=\"EN-US\"><strong>Description:<\/strong><\/span><span lang=\"EN-US\">\u00a0<\/span><span lang=\"EN-US\">AS-T10G, 10Gbase-T PCI-E Network Adapter Card with 2 Metal Bracket (Full-Height\u00a0and Low-Profile)<\/span><\/p>\n<p><strong><span lang=\"EN-US\">EAN:<\/span><\/strong><span lang=\"EN-US\">\u00a04710474838141<\/span><\/p>\n<p><strong><span lang=\"EN-US\">UPC:<\/span><\/strong><span lang=\"EN-US\">\u00a00887372901155<\/span><\/p>\n<p><strong><span lang=\"EN-US\">Dimension:\u00a0<\/span><\/strong><span lang=\"EN-US\">130 x 165 x 26 (mm)<\/span><\/p>\n<p><strong><span lang=\"EN-US\">Weight:<\/span><\/strong><span lang=\"EN-US\">\u00a062g<\/span><\/p>\n<p><strong>Supported devices:\u00a0<\/strong>AS70 rackmount models, Mac Pro, PC and Servers.<\/p>\n<p><strong>Applied Models:<\/strong>\u00a0 AS7009RD \/ AS7009RDX \/ AS7012RD \/ AS7012RDX\u00a0\u00a0\/ AS7112RDX \/ AS7116RDX<\/p>\n<p><strong>Firmware Version:<\/strong>\u00a0ADM 3.2.4 or above<\/p>\n<ul>\n<li>Supported Standards:\n<ul class=\"second_ul\">\n<li>IEEE 802.3ae 10GbE<\/li>\n<li>IEEE 802.3x: Ethernet flow control<\/li>\n<li>IEEE 802.2ad: Link Aggregation<\/li>\n<li>IEEE 802.1Q: VLAN tagging<\/li>\n<li>RFC2819 RMON MIB stats<\/li>\n<\/ul>\n<\/li>\n<li>Maximum speed: 10 Gbps<\/li>\n<li>Transmission mode: Full Duplex<\/li>\n<li>Interface: PCIe 2.0 x4<\/li>\n<li>Bracket support: Full-height, Low-profile,\u00a0ASUSTOR NAS bracket\u00a0(Sold separately)<\/li>\n<li>Operating temperature: 0-50\u00b0C<\/li>\n<li>Non-operating temperatures: -40\u201385\u00b0C<\/li>\n<li>Humidity: 5-95% relative humidity<\/li>\n<li>Certifications: FCC, CE<\/li>\n<li>Supported features:\n<ul class=\"second_ul\">\n<li>Jumbo Frame 16KB<\/li>\n<li>IP, TCP, UDP checksum offload<\/li>\n<li>Supports 100MbE, 1GbE, 2.5GbE ,5GbE and 10GbE<\/li>\n<\/ul>\n<\/li>\n<li>Supported OS:\n<ul class=\"second_ul\">\n<li>Windows 7 and above (32\/64-bit)<\/li>\n<li>Windows Server 2012 and above (32\/64-bit)<\/li>\n<li>Linux 2.6.x and above (32\/64-bit)<\/li>\n<li>MacOS 10.10 and above<\/li>\n<li>VMware ESXi 5.1 and above, Microsoft Hyper-V, Linux KVM, Oracle VirtualBox<\/li>\n<\/ul>\n<\/li>\n<li>Supported devices: AS70 series with available PCIe, Mac Pro with available PCIe, IBM-Compatible PC with available PCIe.<\/li>\n<\/ul>\n","protected":false},"excerpt":{"rendered":"<p>C\u1ea1c m\u1ea1ng m\u00e1y t\u00ednh AS-T10G, 10G PCI-E, kh\u00f4ng c\u00f3 ch\u1ee9c n\u0103ng thu ph\u00e1t s\u00f3ng v\u00e0 m\u1eadt m\u00e3 d\u00e2n s\u1ef1, h\u00e0ng m\u1edbi 100%<\/p>\n","protected":false},"featured_media":1258,"template":"","meta":[],"product_brand":[],"product_cat":[307],"product_tag":[305,306],"class_list":{"0":"post-1194","1":"product","2":"type-product","3":"status-publish","4":"has-post-thumbnail","6":"product_cat-xa-kho","7":"product_tag-asustor","8":"product_tag-nas-asustor","10":"first","11":"outofstock","12":"taxable","13":"shipping-taxable","14":"purchasable","15":"product-type-simple"},"_links":{"self":[{"href":"https:\/\/vietcorp.com\/store\/wp-json\/wp\/v2\/product\/1194","targetHints":{"allow":["GET"]}}],"collection":[{"href":"https:\/\/vietcorp.com\/store\/wp-json\/wp\/v2\/product"}],"about":[{"href":"https:\/\/vietcorp.com\/store\/wp-json\/wp\/v2\/types\/product"}],"wp:featuredmedia":[{"embeddable":true,"href":"https:\/\/vietcorp.com\/store\/wp-json\/wp\/v2\/media\/1258"}],"wp:attachment":[{"href":"https:\/\/vietcorp.com\/store\/wp-json\/wp\/v2\/media?parent=1194"}],"wp:term":[{"taxonomy":"product_brand","embeddable":true,"href":"https:\/\/vietcorp.com\/store\/wp-json\/wp\/v2\/product_brand?post=1194"},{"taxonomy":"product_cat","embeddable":true,"href":"https:\/\/vietcorp.com\/store\/wp-json\/wp\/v2\/product_cat?post=1194"},{"taxonomy":"product_tag","embeddable":true,"href":"https:\/\/vietcorp.com\/store\/wp-json\/wp\/v2\/product_tag?post=1194"}],"curies":[{"name":"wp","href":"https:\/\/api.w.org\/{rel}","templated":true}]}}