


{"id":1188,"date":"2021-01-18T09:58:30","date_gmt":"2021-01-18T02:58:30","guid":{"rendered":"https:\/\/vietcorp.com\/store\/1188\/asustor-as6302t"},"modified":"2023-06-01T10:38:27","modified_gmt":"2023-06-01T03:38:27","slug":"thiet-bi-luu-tru-nas-asustor-as6302t","status":"publish","type":"product","link":"https:\/\/vietcorp.com\/store\/1188\/thiet-bi-luu-tru-nas-asustor-as6302t\/","title":{"rendered":"Asustor AS6302T"},"content":{"rendered":"<p>Thi\u1ebft b\u1ecb l\u01b0u tr\u1eef NAS Asustor AS6302T 2 Bay ho\u00e0n h\u1ea3o v\u1edbi CPU Intel Celeron Dual-Core ph\u00f9 h\u1ee3p s\u1eed d\u1ee5ng cho nh\u1eefng ai y\u00eau th\u00edch c\u00f4ng ngh\u1ec7 ho\u1eb7c doanh nghi\u1ec7p.<\/p>\n<table border=\"\" width=\"100%\" cellspacing=\"2\" cellpadding=\"2\">\n<tbody>\n<tr class=\"bb\">\n<td colspan=\"3\">\n<h2>Hardware Specifications<\/h2>\n<\/td>\n<\/tr>\n<tr>\n<td class=\"title hidden-xs no_bb\">\n<h4>CPU<\/h4>\n<\/td>\n<td class=\"\">CPU Model<\/td>\n<td>Intel Celeron J3355<\/td>\n<\/tr>\n<tr>\n<td class=\"hidden-xs no_bb\"><\/td>\n<td class=\"\">CPU Architecture<\/td>\n<td>x64 64-bit<\/td>\n<\/tr>\n<tr>\n<td class=\"hidden-xs no_bb\"><\/td>\n<td class=\"bb\">CPU Frequency<\/td>\n<td>Dual-Core 2.0 GHz (burst up 2.5GHz)<\/td>\n<\/tr>\n<tr>\n<td class=\"hidden-xs bb\"><\/td>\n<td class=\"bb\">AES-NI hardware encryption engine integrated<\/td>\n<td><\/td>\n<\/tr>\n<tr>\n<td class=\"title first hidden-xs no_bb bt\">\n<h4>Memory<\/h4>\n<\/td>\n<td class=\"subtitle \">Memory<\/td>\n<td class=\"\">2GB SO-DIMM DDR3L\u00a0Compatibility<\/td>\n<\/tr>\n<tr>\n<td class=\"title no_bb hidden-xs\"><\/td>\n<td class=\"subtitle \">Memory Module Pre-installed<\/td>\n<td class=\"\">2GB (2 x 1GB)<\/td>\n<\/tr>\n<tr>\n<td class=\"title no_bb hidden-xs\"><\/td>\n<td class=\"subtitle \">Total Memory Slots<\/td>\n<td class=\"\">2<\/td>\n<\/tr>\n<tr>\n<td class=\"title no_bb hidden-xs\"><\/td>\n<td class=\"subtitle \">Memory Expandable up to<\/td>\n<td class=\"\">8GB (2 x 4GB)\u00a0Installation Guide<\/p>\n<ul class=\"second_ul\">\n<li>Support mixed capacity<\/li>\n<\/ul>\n<p>Installation Guide<\/td>\n<\/tr>\n<tr>\n<td class=\"title hidden-xs\"><\/td>\n<td class=\"subtitle \">Flash Memory<\/td>\n<td class=\"\">8GB eMMC<\/td>\n<\/tr>\n<tr>\n<td class=\"title hidden-xs no_bb hidden-xs\">\n<h4>Storage<\/h4>\n<\/td>\n<td class=\"subtitle\">HDD<\/td>\n<td width=\"\">2 x SATA3 6Gb\/s; 3.5&#8243;\/2.5&#8243; HDD\/SSD\u00a0\u00a0Compatibility<\/td>\n<\/tr>\n<tr>\n<td class=\"title no_bb hidden-xs\"><\/td>\n<td class=\"subtitle\">Maximum Internal Raw Capacity<\/td>\n<td>36 TB \u00a0(18 TB HDD X 2, Capacity may vary by RAID types)<\/td>\n<\/tr>\n<tr>\n<td class=\"title no_bb hidden-xs\"><\/td>\n<td class=\"subtitle\">Maximum Drive Bays with\u00a0Expansion Unit<\/td>\n<td>14<\/td>\n<\/tr>\n<tr>\n<td class=\"title no_bb hidden-xs\"><\/td>\n<td class=\"subtitle\">Maximum Raw Capacity with Expansion Units<\/td>\n<td>252 TB \u00a0(18 TB HDD X 14, Capacity may vary by RAID types)<\/td>\n<\/tr>\n<tr>\n<td class=\"title no_bb bt hidden-xs\">\n<h4>External Ports<\/h4>\n<\/td>\n<td class=\"subtitle\">Expansion<\/td>\n<td>USB 3.0 x 4 (Type A x3, Type C x1)<\/td>\n<\/tr>\n<tr>\n<td class=\"title first no_bb hidden-xs\"><\/td>\n<td class=\"subtitle\">Network<\/td>\n<td>Gigabit Ethernet x 2 (1G\/100M)<\/td>\n<\/tr>\n<tr>\n<td class=\"title first hidden-xs\">\n<h4><\/h4>\n<\/td>\n<td class=\"subtitle\">HDMI Output<\/td>\n<td>HDMI 2.0 x 1, S\/PDIF x1<\/td>\n<\/tr>\n<\/tbody>\n<\/table>\n","protected":false},"excerpt":{"rendered":"<p>AS6302T NAS 2 bay<br \/>\nCPU: Intel Celeron J3355 Dual-Core 2.0 GHz (burst up 2.5GHz)<br \/>\nRAM: 2GB SO-DIMM DDR3L (Expandable up to 8GB)<br \/>\nM\u1edf r\u1ed9ng t\u1ed1i \u0111a: 14 bays<br \/>\nB\u1ea3o h\u00e0nh 12 th\u00e1ng<\/p>\n","protected":false},"featured_media":1185,"template":"","meta":[],"product_brand":[],"product_cat":[307],"product_tag":[305,17,306,97],"class_list":{"0":"post-1188","1":"product","2":"type-product","3":"status-publish","4":"has-post-thumbnail","6":"product_cat-xa-kho","7":"product_tag-asustor","8":"product_tag-nas-2-bay","9":"product_tag-nas-asustor","10":"product_tag-thiet-bi-luu-tru","12":"first","13":"outofstock","14":"taxable","15":"shipping-taxable","16":"purchasable","17":"product-type-simple"},"_links":{"self":[{"href":"https:\/\/vietcorp.com\/store\/wp-json\/wp\/v2\/product\/1188","targetHints":{"allow":["GET"]}}],"collection":[{"href":"https:\/\/vietcorp.com\/store\/wp-json\/wp\/v2\/product"}],"about":[{"href":"https:\/\/vietcorp.com\/store\/wp-json\/wp\/v2\/types\/product"}],"wp:featuredmedia":[{"embeddable":true,"href":"https:\/\/vietcorp.com\/store\/wp-json\/wp\/v2\/media\/1185"}],"wp:attachment":[{"href":"https:\/\/vietcorp.com\/store\/wp-json\/wp\/v2\/media?parent=1188"}],"wp:term":[{"taxonomy":"product_brand","embeddable":true,"href":"https:\/\/vietcorp.com\/store\/wp-json\/wp\/v2\/product_brand?post=1188"},{"taxonomy":"product_cat","embeddable":true,"href":"https:\/\/vietcorp.com\/store\/wp-json\/wp\/v2\/product_cat?post=1188"},{"taxonomy":"product_tag","embeddable":true,"href":"https:\/\/vietcorp.com\/store\/wp-json\/wp\/v2\/product_tag?post=1188"}],"curies":[{"name":"wp","href":"https:\/\/api.w.org\/{rel}","templated":true}]}}