


{"id":1184,"date":"2021-01-18T09:58:17","date_gmt":"2021-01-18T02:58:17","guid":{"rendered":"https:\/\/vietcorp.com\/store\/1184\/asustor-as6204rs"},"modified":"2023-06-01T10:38:28","modified_gmt":"2023-06-01T03:38:28","slug":"thiet-bi-luu-tru-nas-asustor-as6204rs","status":"publish","type":"product","link":"https:\/\/vietcorp.com\/store\/1184\/thiet-bi-luu-tru-nas-asustor-as6204rs\/","title":{"rendered":"Asustor AS6204RS"},"content":{"rendered":"<p>Thi\u1ebft b\u1ecb l\u01b0u tr\u1eef NAS Asustor AS6204RS ph\u00f9 h\u1ee3p cho doanh nghi\u1ec7p s\u1eed d\u1ee5ng trong l\u01b0u tr\u1eef d\u1eef li\u1ec7u, v\u1edbi hi\u1ec7u su\u1ea5t cao v\u00e0 chi ph\u00ed ph\u00f9 h\u1ee3p.<\/p>\n<table border=\"\" width=\"100%\" cellspacing=\"2\" cellpadding=\"2\">\n<tbody>\n<tr class=\"bb\">\n<td colspan=\"3\">\n<h2>Hardware Specifications<\/h2>\n<\/td>\n<\/tr>\n<tr>\n<td class=\"title hidden-xs no_bb\">\n<h4>CPU<\/h4>\n<\/td>\n<td class=\"\">CPU Model<\/td>\n<td>Intel Celeron<\/td>\n<\/tr>\n<tr>\n<td class=\"hidden-xs no_bb\"><\/td>\n<td class=\"\">CPU Architecture<\/td>\n<td>x64 64-bit<\/td>\n<\/tr>\n<tr>\n<td class=\"hidden-xs no_bb\"><\/td>\n<td class=\"bb\">CPU Frequency<\/td>\n<td>Quad Core 1.6GHz (burst up to 2.24GHz)<\/td>\n<\/tr>\n<tr>\n<td class=\"hidden-xs bb\"><\/td>\n<td class=\"bb\">AES-NI hardware encryption engine integrated<\/td>\n<td><\/td>\n<\/tr>\n<tr>\n<td class=\"title first hidden-xs no_bb bt\">\n<h4>Memory<\/h4>\n<\/td>\n<td class=\"subtitle \">Memory<\/td>\n<td class=\"\">4GB SO-DIMM DDR3L\u00a0Compatibility<\/td>\n<\/tr>\n<tr>\n<td class=\"title no_bb hidden-xs\"><\/td>\n<td class=\"subtitle \">Memory Module Pre-installed<\/td>\n<td class=\"\">4GB (1 x 4GB)<\/td>\n<\/tr>\n<tr>\n<td class=\"title no_bb hidden-xs\"><\/td>\n<td class=\"subtitle \">Total Memory Slots<\/td>\n<td class=\"\">2<\/td>\n<\/tr>\n<tr>\n<td class=\"title no_bb hidden-xs\"><\/td>\n<td class=\"subtitle \">Memory Expandable up to<\/td>\n<td class=\"\">8GB (2 x 4GB)\u00a0Installation Guide<\/p>\n<div>\n<p>Note:<\/p>\n<ol class=\"second_num_ul\">\n<li>When expanding AS61\/62 series memory, please ensure that both memory modules you are installing are of the same size.<\/li>\n<li>When purchasing 8GB RAM modules, due to AS61\/62 series platform limitations, you will only be able to install a single 8GB RAM module. The original RAM modules must be removed. It is not possible to have two 8GB RAM modules installed.\u00a0Please see the graphic.<\/li>\n<li>Installable RAM module combinations are as follows:\n<ul class=\"third_ul\">\n<li>1GB + 1GB<\/li>\n<li>2GB + 2GB<\/li>\n<li>4GB + 4GB<\/li>\n<li>Single 1,2,4, 8GB module installed in the first memory slot.<\/li>\n<\/ul>\n<\/li>\n<\/ol>\n<\/div>\n<\/td>\n<\/tr>\n<tr>\n<td class=\"title hidden-xs\"><\/td>\n<td class=\"subtitle \">Flash Memory<\/td>\n<td class=\"\">512MB DOM<\/td>\n<\/tr>\n<tr>\n<td class=\"title hidden-xs no_bb hidden-xs\">\n<h4>Storage<\/h4>\n<\/td>\n<td class=\"subtitle\">HDD<\/td>\n<td width=\"\">4 x SATA3 6Gb\/s; 3.5&#8243;\/2.5&#8243; HDD\/SSD\u00a0\u00a0Compatibility<\/td>\n<\/tr>\n<tr>\n<td class=\"title no_bb hidden-xs\"><\/td>\n<td class=\"subtitle\">Maximum Internal Raw Capacity<\/td>\n<td>72 TB \u00a0(18 TB HDD X 4, Capacity may vary by RAID types)<\/td>\n<\/tr>\n<tr>\n<td class=\"title no_bb hidden-xs\"><\/td>\n<td class=\"subtitle\">Maximum Drive Bays with\u00a0Expansion Unit<\/td>\n<td>16<\/td>\n<\/tr>\n<tr>\n<td class=\"title no_bb hidden-xs\"><\/td>\n<td class=\"subtitle\">Maximum Raw Capacity with Expansion Units<\/td>\n<td>288 TB \u00a0(18 TB HDD X 16, Capacity may vary by RAID types)<\/td>\n<\/tr>\n<tr>\n<td class=\"title no_bb hidden-xs\"><\/td>\n<td class=\"subtitle\">Supports Hot Swappable Drives<\/td>\n<td><\/td>\n<\/tr>\n<tr>\n<td class=\"title no_bb bt hidden-xs\">\n<h4>External Ports<\/h4>\n<\/td>\n<td class=\"subtitle\">Expansion<\/td>\n<td>USB 3.0 x 4<\/td>\n<\/tr>\n<tr>\n<td class=\"title first no_bb hidden-xs\"><\/td>\n<td class=\"subtitle\">Network<\/td>\n<td>Gigabit Ethernet x 4 (1G\/100M)<\/td>\n<\/tr>\n<tr>\n<td class=\"title first hidden-xs\">\n<h4><\/h4>\n<\/td>\n<td class=\"subtitle\">HDMI Output<\/td>\n<td>HDMI 1.4b x 1<\/td>\n<\/tr>\n<\/tbody>\n<\/table>\n","protected":false},"excerpt":{"rendered":"<p>AS6204RS NAS 4 bay<br \/>\nCPU: Intel Celeron Quad-Core 1.6GHz (burst up to 2.24GHz)<br \/>\nRAM: 4GB SO-DIMM DDR3L (Expandable up to 8GB)<br \/>\nM\u1edf r\u1ed9ng t\u1ed1i \u0111a: 16 bays<br \/>\nB\u1ea3o h\u00e0nh 12 th\u00e1ng<\/p>\n","protected":false},"featured_media":1181,"template":"","meta":[],"product_brand":[],"product_cat":[307],"product_tag":[305,42,306,97],"class_list":{"0":"post-1184","1":"product","2":"type-product","3":"status-publish","4":"has-post-thumbnail","6":"product_cat-xa-kho","7":"product_tag-asustor","8":"product_tag-nas-4-bay","9":"product_tag-nas-asustor","10":"product_tag-thiet-bi-luu-tru","12":"first","13":"outofstock","14":"taxable","15":"shipping-taxable","16":"purchasable","17":"product-type-simple"},"_links":{"self":[{"href":"https:\/\/vietcorp.com\/store\/wp-json\/wp\/v2\/product\/1184","targetHints":{"allow":["GET"]}}],"collection":[{"href":"https:\/\/vietcorp.com\/store\/wp-json\/wp\/v2\/product"}],"about":[{"href":"https:\/\/vietcorp.com\/store\/wp-json\/wp\/v2\/types\/product"}],"wp:featuredmedia":[{"embeddable":true,"href":"https:\/\/vietcorp.com\/store\/wp-json\/wp\/v2\/media\/1181"}],"wp:attachment":[{"href":"https:\/\/vietcorp.com\/store\/wp-json\/wp\/v2\/media?parent=1184"}],"wp:term":[{"taxonomy":"product_brand","embeddable":true,"href":"https:\/\/vietcorp.com\/store\/wp-json\/wp\/v2\/product_brand?post=1184"},{"taxonomy":"product_cat","embeddable":true,"href":"https:\/\/vietcorp.com\/store\/wp-json\/wp\/v2\/product_cat?post=1184"},{"taxonomy":"product_tag","embeddable":true,"href":"https:\/\/vietcorp.com\/store\/wp-json\/wp\/v2\/product_tag?post=1184"}],"curies":[{"name":"wp","href":"https:\/\/api.w.org\/{rel}","templated":true}]}}