


{"id":1176,"date":"2021-01-18T09:57:59","date_gmt":"2021-01-18T02:57:59","guid":{"rendered":"https:\/\/vietcorp.com\/store\/1176\/asustor-as3102t"},"modified":"2023-06-01T10:38:28","modified_gmt":"2023-06-01T03:38:28","slug":"thiet-bi-luu-tru-nas-asustor-as3102t","status":"publish","type":"product","link":"https:\/\/vietcorp.com\/store\/1176\/thiet-bi-luu-tru-nas-asustor-as3102t\/","title":{"rendered":"Asustor AS3102T"},"content":{"rendered":"<p>Asustor AS3102T 2 Bays l\u00e0 thi\u1ebft b\u1ecb NAS ph\u00f9 h\u1ee3p cho doanh nghi\u1ec7p nh\u1ecf ho\u1eb7c c\u00e1 nh\u00e2n c\u00f3 nhu c\u1ea7u v\u1ec1 l\u01b0u tr\u1eef d\u1eef li\u1ec7u ho\u1eb7c d\u00f9ng nh\u01b0 l\u00e0 trung t\u00e2m media d\u00e0nh cho gia \u0111\u00ecnh \u0111\u01b0\u1ee3c t\u00edch h\u1ee3p s\u1eb5n c\u1ed5ng HDMI cho ph\u00e9p xu\u1ea5t h\u00ecnh tr\u1ef1c ti\u1ebfp ra m\u00e0n h\u00ecnh d\u1ec5 d\u00e0ng.<\/p>\n<table border=\"\" width=\"100%\" cellspacing=\"2\" cellpadding=\"2\">\n<tbody>\n<tr class=\"bb\">\n<td colspan=\"3\">\n<h2>Hardware Specifications<\/h2>\n<\/td>\n<\/tr>\n<tr>\n<td class=\"title hidden-xs no_bb\">\n<h4>CPU<\/h4>\n<\/td>\n<td class=\"\">CPU Model<\/td>\n<td>Intel Celeron<\/td>\n<\/tr>\n<tr>\n<td class=\"hidden-xs no_bb\"><\/td>\n<td class=\"\">CPU Architecture<\/td>\n<td>x64 64-bit<\/td>\n<\/tr>\n<tr>\n<td class=\"hidden-xs no_bb\"><\/td>\n<td class=\"bb\">CPU Frequency<\/td>\n<td>Dual-Core 1.6GHz (burst up to 2.48GHz)<\/td>\n<\/tr>\n<tr>\n<td class=\"hidden-xs bb\"><\/td>\n<td class=\"bb\">AES-NI hardware encryption engine integrated<\/td>\n<td><\/td>\n<\/tr>\n<tr>\n<td class=\"title first hidden-xs no_bb bt\">\n<h4>Memory<\/h4>\n<\/td>\n<td class=\"subtitle \">Memory<\/td>\n<td class=\"\">2GB DDR3L\u00a0Compatibility<\/td>\n<\/tr>\n<tr>\n<td class=\"title no_bb hidden-xs\"><\/td>\n<td class=\"subtitle \">Memory Expandable up to<\/td>\n<td class=\"\">not expandable<\/td>\n<\/tr>\n<tr>\n<td class=\"title hidden-xs\"><\/td>\n<td class=\"subtitle \">Flash Memory<\/td>\n<td class=\"\">512MB DOM<\/td>\n<\/tr>\n<tr>\n<td class=\"title hidden-xs no_bb hidden-xs\">\n<h4>Storage<\/h4>\n<\/td>\n<td class=\"subtitle\">HDD<\/td>\n<td width=\"\">2 x SATA3 6Gb\/s; 3.5&#8243; HDD\u00a0\u00a0Compatibility<\/td>\n<\/tr>\n<tr>\n<td class=\"title no_bb hidden-xs\"><\/td>\n<td class=\"subtitle\">Maximum Internal Raw Capacity<\/td>\n<td>36 TB \u00a0(18 TB HDD X 2, Capacity may vary by RAID types)<\/td>\n<\/tr>\n<tr>\n<td class=\"title no_bb hidden-xs\"><\/td>\n<td class=\"subtitle\">Maximum Drive Bays with\u00a0Expansion Unit<\/td>\n<td>14<\/td>\n<\/tr>\n<tr>\n<td class=\"title no_bb hidden-xs\"><\/td>\n<td class=\"subtitle\">Maximum Raw Capacity with Expansion Units<\/td>\n<td>252 TB \u00a0(18 TB HDD X 14, Capacity may vary by RAID types)<\/td>\n<\/tr>\n<tr>\n<td class=\"title no_bb bt hidden-xs\">\n<h4>External Ports<\/h4>\n<\/td>\n<td class=\"subtitle\">Expansion<\/td>\n<td>USB 3.1 Gen 1 x 3<\/td>\n<\/tr>\n<tr>\n<td class=\"title first no_bb hidden-xs\"><\/td>\n<td class=\"subtitle\">Network<\/td>\n<td>Gigabit Ethernet x 2 (1G\/100M)<\/td>\n<\/tr>\n<tr>\n<td class=\"title first hidden-xs\">\n<h4><\/h4>\n<\/td>\n<td class=\"subtitle\">HDMI Output<\/td>\n<td>HDMI 1.4b x 1<\/td>\n<\/tr>\n<\/tbody>\n<\/table>\n","protected":false},"excerpt":{"rendered":"<p>AS3102T NAS 2 bay<br \/>\nCPU: Intel Celeron Dual-Core 1.6GHz (burst up to 2.48GHz)<br \/>\nRAM: 2GB DDR3L<br \/>\nM\u1edf r\u1ed9ng t\u1ed1i \u0111a: 14 bays<br \/>\nB\u1ea3o h\u00e0nh 3 th\u00e1ng<\/p>\n","protected":false},"featured_media":1173,"template":"","meta":[],"product_brand":[],"product_cat":[307],"product_tag":[305,17,306,18,97],"class_list":{"0":"post-1176","1":"product","2":"type-product","3":"status-publish","4":"has-post-thumbnail","6":"product_cat-xa-kho","7":"product_tag-asustor","8":"product_tag-nas-2-bay","9":"product_tag-nas-asustor","10":"product_tag-nas-tower","11":"product_tag-thiet-bi-luu-tru","13":"first","14":"outofstock","15":"taxable","16":"shipping-taxable","17":"purchasable","18":"product-type-simple"},"_links":{"self":[{"href":"https:\/\/vietcorp.com\/store\/wp-json\/wp\/v2\/product\/1176","targetHints":{"allow":["GET"]}}],"collection":[{"href":"https:\/\/vietcorp.com\/store\/wp-json\/wp\/v2\/product"}],"about":[{"href":"https:\/\/vietcorp.com\/store\/wp-json\/wp\/v2\/types\/product"}],"wp:featuredmedia":[{"embeddable":true,"href":"https:\/\/vietcorp.com\/store\/wp-json\/wp\/v2\/media\/1173"}],"wp:attachment":[{"href":"https:\/\/vietcorp.com\/store\/wp-json\/wp\/v2\/media?parent=1176"}],"wp:term":[{"taxonomy":"product_brand","embeddable":true,"href":"https:\/\/vietcorp.com\/store\/wp-json\/wp\/v2\/product_brand?post=1176"},{"taxonomy":"product_cat","embeddable":true,"href":"https:\/\/vietcorp.com\/store\/wp-json\/wp\/v2\/product_cat?post=1176"},{"taxonomy":"product_tag","embeddable":true,"href":"https:\/\/vietcorp.com\/store\/wp-json\/wp\/v2\/product_tag?post=1176"}],"curies":[{"name":"wp","href":"https:\/\/api.w.org\/{rel}","templated":true}]}}