


{"id":112,"date":"2020-11-03T09:41:36","date_gmt":"2020-11-03T02:41:36","guid":{"rendered":"https:\/\/www.vietcorp.com\/store\/product\/synology-rxd1219sas\/"},"modified":"2025-12-11T11:43:14","modified_gmt":"2025-12-11T04:43:14","slug":"thiet-bi-mo-rong-nas-synology-rxd1219sas","status":"publish","type":"product","link":"https:\/\/vietcorp.com\/store\/112\/thiet-bi-mo-rong-nas-synology-rxd1219sas\/","title":{"rendered":"Synology RXD1219sas"},"content":{"rendered":"<h2 style=\"text-align: center;\"><strong>Expansion Unit Synology RXD1219sas<\/strong><\/h2>\n<p style=\"text-align: center;\"><img decoding=\"async\" class=\"aligncenter size-full wp-image-6200\" src=\"https:\/\/www.vietcorp.com\/store\/wp-content\/uploads\/2020\/11\/expansion-unit-synology-rxd1219sas-1.png\" alt=\"Expansion Unit Synology RXD1219sas 1\" width=\"600\" height=\"133\" srcset=\"https:\/\/vietcorp.com\/store\/wp-content\/uploads\/2020\/11\/expansion-unit-synology-rxd1219sas-1.png 600w, https:\/\/vietcorp.com\/store\/wp-content\/uploads\/2020\/11\/expansion-unit-synology-rxd1219sas-1-400x89.png 400w, https:\/\/vietcorp.com\/store\/wp-content\/uploads\/2020\/11\/expansion-unit-synology-rxd1219sas-1-367x81.png 367w\" sizes=\"(max-width: 600px) 100vw, 600px\" \/><\/p>\n<p style=\"text-align: center;\">Thi\u1ebft b\u1ecb m\u1edf r\u1ed9ng l\u01b0u tr\u1eef SAS \u0111\u00e1ng tin c\u1eady v\u00e0 c\u00f3 kh\u1ea3 n\u0103ng m\u1edf r\u1ed9ng cao cho m\u00e1y ch\u1ee7 Synology c\u1ee7a b\u1ea1n.<\/p>\n<h3 style=\"text-align: center;\"><strong>M\u1edf r\u1ed9ng SAS nhanh ch\u00f3ng l\u00ean t\u1edbi 12 bay b\u1ed5 sung<\/strong><\/h3>\n<p style=\"text-align: center;\"><img decoding=\"async\" class=\"aligncenter size-full wp-image-6201\" src=\"https:\/\/www.vietcorp.com\/store\/wp-content\/uploads\/2020\/11\/expansion-unit-synology-rxd1219sas-2.png\" alt=\"Expansion Unit Synology RXD1219sas 2\" width=\"600\" height=\"313\" srcset=\"https:\/\/vietcorp.com\/store\/wp-content\/uploads\/2020\/11\/expansion-unit-synology-rxd1219sas-2.png 600w, https:\/\/vietcorp.com\/store\/wp-content\/uploads\/2020\/11\/expansion-unit-synology-rxd1219sas-2-400x209.png 400w, https:\/\/vietcorp.com\/store\/wp-content\/uploads\/2020\/11\/expansion-unit-synology-rxd1219sas-2-367x191.png 367w\" sizes=\"(max-width: 600px) 100vw, 600px\" \/><\/p>\n<p style=\"text-align: center;\">Synology RXD1219sas l\u00e0 thi\u1ebft b\u1ecb m\u1edf r\u1ed9ng 2U \u0111\u01b0\u1ee3c thi\u1ebft k\u1ebf \u0111\u1ec3 ho\u1ea1t \u0111\u1ed9ng t\u1ef1 \u0111\u1ed9ng khi \u0111\u01b0\u1ee3c k\u1ebft n\u1ed1i, cung c\u1ea5p gi\u1ea3i ph\u00e1p n\u00e2ng c\u1ea5p kh\u00f4ng gian l\u01b0u tr\u1eef d\u1ec5 d\u00e0ng cho m\u00e1y ch\u1ee7 Synology c\u1ee7a b\u1ea1n. B\u1ea1n c\u00f3 th\u1ec3 b\u1ed5 sung th\u00eam t\u1ed1i \u0111a 12 khay \u1ed5 \u0111\u0129a 2,5&#8243; \/ 3,5&#8243; SAS khi \u0111\u01b0\u1ee3c k\u1ebft n\u1ed1i tr\u1ef1c ti\u1ebfp b\u1eb1ng c\u00e1p mini-SAS HD.<\/p>\n<h3 style=\"text-align: center;\"><strong>\u0110\u01b0\u1ee3c thi\u1ebft k\u1ebf cho \u0111\u1ed9 tin c\u1eady t\u1ed1i \u0111a<\/strong><\/h3>\n<p style=\"text-align: center;\"><img decoding=\"async\" class=\"aligncenter size-full wp-image-6203\" src=\"https:\/\/www.vietcorp.com\/store\/wp-content\/uploads\/2020\/11\/expansion-unit-synology-rxd1219sas-4.png\" alt=\"Expansion Unit Synology RXD1219sas 3\" width=\"600\" height=\"233\" srcset=\"https:\/\/vietcorp.com\/store\/wp-content\/uploads\/2020\/11\/expansion-unit-synology-rxd1219sas-4.png 600w, https:\/\/vietcorp.com\/store\/wp-content\/uploads\/2020\/11\/expansion-unit-synology-rxd1219sas-4-400x155.png 400w, https:\/\/vietcorp.com\/store\/wp-content\/uploads\/2020\/11\/expansion-unit-synology-rxd1219sas-4-367x143.png 367w\" sizes=\"(max-width: 600px) 100vw, 600px\" \/><\/p>\n<p style=\"text-align: center;\">Ngu\u1ed3n \u0111i\u1ec7n d\u1ef1 ph\u00f2ng \u0111\u1ea3m b\u1ea3o th\u1eddi gian ho\u1ea1t \u0111\u1ed9ng d\u1ecbch v\u1ee5 t\u1ed1i \u0111a. Trong tr\u01b0\u1eddng h\u1ee3p hi\u1ebfm hoi khi x\u1ea3y ra l\u1ed7i, b\u1ea1n c\u00f3 th\u1ec3 thay th\u1ebf ngay c\u00e1c khay \u1ed5 \u0111\u0129a c\u00f3 th\u1ec3 thay n\u00f3ng v\u00e0 v\u1edbi c\u00e1c th\u00e0nh ph\u1ea7n h\u1ec7 th\u1ed1ng ch\u00ednh \u0111\u01b0\u1ee3c m\u00f4-\u0111un h\u00f3a, c\u00e1c m\u00f4-\u0111un SAS v\u00e0 qu\u1ea1t h\u1ec7 th\u1ed1ng c\u0169ng c\u00f3 th\u1ec3 \u0111\u01b0\u1ee3c thay th\u1ebf m\u1ed9t c\u00e1ch d\u1ec5 d\u00e0ng.<\/p>\n<h3 style=\"text-align: center;\"><strong>Truy\u1ec1n d\u1eef li\u1ec7u hi\u1ec7u su\u1ea5t cao<\/strong><\/h3>\n<p style=\"text-align: center;\"><img decoding=\"async\" class=\"aligncenter size-full wp-image-6202\" src=\"https:\/\/www.vietcorp.com\/store\/wp-content\/uploads\/2020\/11\/expansion-unit-synology-rxd1219sas-3.png\" alt=\"Expansion Unit Synology RXD1219sas 4\" width=\"600\" height=\"162\" srcset=\"https:\/\/vietcorp.com\/store\/wp-content\/uploads\/2020\/11\/expansion-unit-synology-rxd1219sas-3.png 600w, https:\/\/vietcorp.com\/store\/wp-content\/uploads\/2020\/11\/expansion-unit-synology-rxd1219sas-3-400x108.png 400w, https:\/\/vietcorp.com\/store\/wp-content\/uploads\/2020\/11\/expansion-unit-synology-rxd1219sas-3-367x99.png 367w\" sizes=\"(max-width: 600px) 100vw, 600px\" \/><\/p>\n<p style=\"text-align: center;\">Mini-SAS HD cung c\u1ea5p k\u1ebft n\u1ed1i b\u0103ng th\u00f4ng cao \u0111\u1ec3 \u0111\u1ea1t \u0111\u01b0\u1ee3c th\u00f4ng l\u01b0\u1ee3ng t\u1ed1i \u0111a trong qu\u00e1 tr\u00ecnh truy\u1ec1n d\u1eef li\u1ec7u gi\u1eefa m\u00e1y ch\u1ee7 Synology c\u1ee7a b\u1ea1n v\u00e0 RXD1219sas. N\u00f3 cho ph\u00e9p c\u00e1c \u1ed5 \u0111\u0129a trong RXD1219sas \u0111\u01b0\u1ee3c k\u1ebft n\u1ed1i ho\u1ea1t \u0111\u1ed9ng nh\u01b0 th\u1ec3 ch\u00fang l\u00e0 \u1ed5 \u0111\u0129a trong c\u1ee7a m\u00e1y ch\u1ee7 Synology m\u00e0 kh\u00f4ng c\u00f3 \u0111\u1ed9 tr\u1ec5 d\u1eef li\u1ec7u.<\/p>\n<h3 style=\"text-align: center;\"><strong>B\u1ea3o h\u00e0nh 5 n\u0103m<\/strong><\/h3>\n<p style=\"text-align: center;\"><img decoding=\"async\" class=\"aligncenter size-full wp-image-6204\" src=\"https:\/\/www.vietcorp.com\/store\/wp-content\/uploads\/2020\/11\/expansion-unit-synology-rxd1219sas-5.png\" alt=\"Expansion Unit Synology RXD1219sas 5\" width=\"199\" height=\"169\" \/><\/p>\n<p style=\"text-align: center;\">Synology cam k\u1ebft \u0111\u1ed5i m\u1edbi v\u00e0 ch\u1ea5t l\u01b0\u1ee3ng s\u1ea3n ph\u1ea9m. Synology \u0111\u1ea3m b\u1ea3o tr\u1ea3i nghi\u1ec7m qu\u1ea3n l\u00fd d\u1eef li\u1ec7u m\u1ea1nh m\u1ebd v\u00e0 \u0111\u00e1ng tin c\u1eady v\u1edbi ch\u01b0\u01a1ng tr\u00ecnh b\u1ea3o h\u00e0nh c\u00f3 gi\u1edbi h\u1ea1n 5 n\u0103m, cung c\u1ea5p d\u1ecbch v\u1ee5 h\u1ed7 tr\u1ee3 k\u1ef9 thu\u1eadt v\u00e0 thay th\u1ebf ph\u1ea7n c\u1ee9ng nhanh ch\u00f3ng \u0111\u1ec3 t\u1ed1i \u0111a h\u00f3a l\u1ee3i t\u1ee9c \u0111\u1ea7u t\u01b0 c\u1ee7a b\u1ea1n.<\/p>\n<h3 style=\"text-align: center;\"><strong>\u0110\u01b0\u1ee3c h\u1ed7 tr\u1ee3 b\u1edfi \u1ed5 \u0111\u0129a <a href=\"https:\/\/www.vietcorp.com\/store\/nas-synology\/\">Synology<\/a><\/strong><\/h3>\n<p style=\"text-align: center;\">\u0110\u01b0\u1ee3c thi\u1ebft k\u1ebf \u0111\u1ec3 x\u1eed l\u00fd kh\u1ed1i l\u01b0\u1ee3ng c\u00f4ng vi\u1ec7c c\u01b0\u1eddng \u0111\u1ed9 cao, \u1ed5 c\u1ee9ng Synology lu\u00f4n mang l\u1ea1i hi\u1ec7u su\u1ea5t cao nh\u1ea5t.<\/p>\n<p style=\"text-align: center;\"><strong><img decoding=\"async\" class=\"aligncenter size-full wp-image-6205\" src=\"https:\/\/www.vietcorp.com\/store\/wp-content\/uploads\/2020\/11\/expansion-unit-synology-rxd1219sas-6.jpg\" alt=\"Expansion Unit Synology RXD1219sas 6\" width=\"600\" height=\"325\" srcset=\"https:\/\/vietcorp.com\/store\/wp-content\/uploads\/2020\/11\/expansion-unit-synology-rxd1219sas-6.jpg 600w, https:\/\/vietcorp.com\/store\/wp-content\/uploads\/2020\/11\/expansion-unit-synology-rxd1219sas-6-400x217.jpg 400w, https:\/\/vietcorp.com\/store\/wp-content\/uploads\/2020\/11\/expansion-unit-synology-rxd1219sas-6-367x199.jpg 367w\" sizes=\"(max-width: 600px) 100vw, 600px\" \/><\/strong><\/p>\n<p style=\"text-align: center;\"><strong>\u1ed5 c\u1ee9ng<\/strong><\/p>\n<p style=\"text-align: center;\">D\u00f2ng s\u1ea3n ph\u1ea9m Enterprise 3,5&#8243; SAS<\/p>\n<p>Xem th\u00eam v\u1ec1 Synology:<\/p>\n<ul>\n<li><a href=\"https:\/\/www.vietcorp.com\/vn\/chung-nhan\/\">Ch\u1ee9ng nh\u1eadn Synology<\/a><\/li>\n<li><a href=\"https:\/\/vietcorp.com\/support\/synology\/\">Support Synology<\/a><\/li>\n<li><a href=\"https:\/\/www.vietcorp.com\/blog\/tag\/showcase-synology\/\">Showcase Synology<\/a><\/li>\n<\/ul>\n","protected":false},"excerpt":{"rendered":"<p>RXD1219sas 12 bays<br \/>\nFor 2.5\u201d and 3.5\u201d SAS drives<br \/>\nOnline volume expansion<br \/>\nRedundant power supply<\/p>\n","protected":false},"featured_media":7796,"template":"","meta":[],"product_brand":[],"product_cat":[363],"product_tag":[47,23],"class_list":{"0":"post-112","1":"product","2":"type-product","3":"status-publish","4":"has-post-thumbnail","6":"product_cat-expansion-units","7":"product_tag-expansion","8":"product_tag-synology","9":"pa_bao-hanh-60-thang","10":"pa_chung-loai-nas","11":"pa_cong-giao-tiep-2-x-sas-in-port","12":"pa_cong-giao-tiep-2-x-sas-out-port","13":"pa_drive-bays-12-bays","14":"pa_dung-luong-chua-co-o-cung","15":"pa_form-factor-2u-rackmount","16":"pa_muc-dich-su-dung-danh-cho-doanh-nghiep-lon","17":"pa_muc-dich-su-dung-danh-cho-doanh-nghiep-vua","18":"pa_thuong-hieu-synology","20":"first","21":"onbackorder","22":"taxable","23":"shipping-taxable","24":"product-type-simple"},"_links":{"self":[{"href":"https:\/\/vietcorp.com\/store\/wp-json\/wp\/v2\/product\/112","targetHints":{"allow":["GET"]}}],"collection":[{"href":"https:\/\/vietcorp.com\/store\/wp-json\/wp\/v2\/product"}],"about":[{"href":"https:\/\/vietcorp.com\/store\/wp-json\/wp\/v2\/types\/product"}],"wp:featuredmedia":[{"embeddable":true,"href":"https:\/\/vietcorp.com\/store\/wp-json\/wp\/v2\/media\/7796"}],"wp:attachment":[{"href":"https:\/\/vietcorp.com\/store\/wp-json\/wp\/v2\/media?parent=112"}],"wp:term":[{"taxonomy":"product_brand","embeddable":true,"href":"https:\/\/vietcorp.com\/store\/wp-json\/wp\/v2\/product_brand?post=112"},{"taxonomy":"product_cat","embeddable":true,"href":"https:\/\/vietcorp.com\/store\/wp-json\/wp\/v2\/product_cat?post=112"},{"taxonomy":"product_tag","embeddable":true,"href":"https:\/\/vietcorp.com\/store\/wp-json\/wp\/v2\/product_tag?post=112"}],"curies":[{"name":"wp","href":"https:\/\/api.w.org\/{rel}","templated":true}]}}