


{"id":104,"date":"2020-11-03T09:41:20","date_gmt":"2020-11-03T02:41:20","guid":{"rendered":"https:\/\/www.vietcorp.com\/store\/product\/synology-e10g17-f2\/"},"modified":"2025-02-13T11:26:50","modified_gmt":"2025-02-13T04:26:50","slug":"ethernet-adapter-synology-e10g17-f2","status":"publish","type":"product","link":"https:\/\/vietcorp.com\/store\/104\/ethernet-adapter-synology-e10g17-f2\/","title":{"rendered":"Ethernet Adapter Synology E10G17-F2"},"content":{"rendered":"<section class=\"wpb-content-wrapper\"><h4 style=\"color: red;\">S\u1ea3n ph\u1ea9m ng\u1eebng kinh doanh<\/h4>\n<p>[vc_row][vc_column][vc_column_text]S\u1ea3n ph\u1ea9m End of life<\/p>\n<p>Model thay th\u1ebf<\/p>\n<p>[\/vc_column_text]<div class=\"woocommerce \">\r\n<ul class=\"products products-container grid pcols-lg-4 pcols-md-3 pcols-xs-2 pcols-ls-1 pwidth-lg-4 pwidth-md-3 pwidth-xs-2 pwidth-ls-1 is-shortcode\"\r\r\n\t data-product_layout=\"product-default\">\r\r\n\r\n\r\r\n<li class=\"product-col product-default product type-product post-2280 status-publish first instock product_cat-san-pham-ngung-kinh-doanh product_cat-thiet-bi-mang product_tag-all-in-card product_tag-synology has-post-thumbnail taxable shipping-taxable purchasable product-type-simple\">\r\r\n<div class=\"product-inner\">\r\r\n\t\r\n\r\r\n\t<div class=\"product-image\">\r\r\n\r\r\n\t\t<a  href=\"https:\/\/vietcorp.com\/store\/2280\/ethernet-adapter-synology-e10g21-f2\/\" aria-label=\"product\">\r\r\n\t\t\t<div class=\"inner img-effect\"><img decoding=\"async\" width=\"600\" height=\"600\" src=\"https:\/\/vietcorp.com\/store\/wp-content\/uploads\/2022\/10\/card-synology-e10g21-f2-1.png\" class=\"attachment-woocommerce_thumbnail size-woocommerce_thumbnail\" alt=\"Synology E10G21-F2\" srcset=\"https:\/\/vietcorp.com\/store\/wp-content\/uploads\/2022\/10\/card-synology-e10g21-f2-1.png 600w, https:\/\/vietcorp.com\/store\/wp-content\/uploads\/2022\/10\/card-synology-e10g21-f2-1-400x400.png 400w, https:\/\/vietcorp.com\/store\/wp-content\/uploads\/2022\/10\/card-synology-e10g21-f2-1-560x560.png 560w, https:\/\/vietcorp.com\/store\/wp-content\/uploads\/2022\/10\/card-synology-e10g21-f2-1-367x367.png 367w\" sizes=\"(max-width: 600px) 100vw, 600px\" \/><img decoding=\"async\" width=\"600\" height=\"600\" src=\"https:\/\/vietcorp.com\/store\/wp-content\/uploads\/2022\/10\/card-synology-e10g21-f2-2-1.png\" class=\"hover-image\" alt=\"\" srcset=\"https:\/\/vietcorp.com\/store\/wp-content\/uploads\/2022\/10\/card-synology-e10g21-f2-2-1.png 600w, https:\/\/vietcorp.com\/store\/wp-content\/uploads\/2022\/10\/card-synology-e10g21-f2-2-1-400x400.png 400w, https:\/\/vietcorp.com\/store\/wp-content\/uploads\/2022\/10\/card-synology-e10g21-f2-2-1-560x560.png 560w, https:\/\/vietcorp.com\/store\/wp-content\/uploads\/2022\/10\/card-synology-e10g21-f2-2-1-367x367.png 367w\" sizes=\"(max-width: 600px) 100vw, 600px\" \/><\/div>\r\n\t\t<\/a>\r\r\n\t\r\n\t\r\n\t<\/div>\r\r\n\r\r\n\t<div class=\"product-content\">\r\r\n\t\t<span class=\"category-list\"><a href=\"https:\/\/vietcorp.com\/store\/product-category\/san-pham-ngung-kinh-doanh\/\" rel=\"tag\">S\u1ea2N PH\u1ea8M NG\u1eeaNG KINH DOANH<\/a>, <a href=\"https:\/\/vietcorp.com\/store\/product-category\/thiet-bi-mang\/\" rel=\"tag\">Thi\u1ebft b\u1ecb m\u1ea1ng<\/a><\/span>\r\n\r\r\n\t\t\r\n\t<a class=\"product-loop-title\"  href=\"https:\/\/vietcorp.com\/store\/2280\/ethernet-adapter-synology-e10g21-f2\/\">\r\r\n\t<h3 class=\"woocommerce-loop-product__title\">Synology E10G21-F2<\/h3>\r\n\t<\/a>\r\r\n\t\r\n\r\r\n\t\t\r\n\t<div class=\"description\">\r\r\n\t\t\r\n\t\t<p class=\"post-excerpt\">\n<h4 style=\"color: red\">S\u1ea2N PH\u1ea8M NG\u1eeaNG KINH DOANH<\/h4>\n<p><a href=\"https:\/\/www.vietcorp.com\/blog\/danh-sach-san-pham-synology-ngung-kinh-doanh-14724.html\/\">(Danh s\u00e1ch s\u1ea3n ph\u1ea9m Synology ng\u1eebng kinh doanh)<\/a><\/p>\n<p>Ethernet Adapter Synology E10G21-F2<br \/>\nNetwork Interface Card<br \/>\nNetwork: 10 Gbps<br \/>\nE10G21-F2 is a dual-port 10GbE SFP+<\/p>\n\r\n\t<\/div>\r\r\n\t\n\t<span class=\"price\"><span class=\"woocommerce-Price-amount amount\"><bdi>7,290,000<span class=\"woocommerce-Price-currencySymbol\">&#8363;<\/span><\/bdi><\/span><\/span>\n\r\n\r\r\n\t\t\r\n<div class=\"add-links-wrap\">\r\r\n\t<div class=\"add-links clearfix\">\r\r\n\t\t<a href=\"?add-to-cart=2280\" aria-describedby=\"woocommerce_loop_add_to_cart_link_describedby_2280\" data-quantity=\"1\" class=\"viewcart-style-2 button product_type_simple add_to_cart_button ajax_add_to_cart\" data-product_id=\"2280\" data-product_sku=\"SYNOLOGY-E10G21-F2\" aria-label=\"Th\u00eam v\u00e0o gi\u1ecf h\u00e0ng: &ldquo;Synology E10G21-F2&rdquo;\" rel=\"nofollow\" data-success_message=\"&ldquo;Synology E10G21-F2&rdquo; \u0111\u00e3 \u0111\u01b0\u1ee3c th\u00eam v\u00e0o gi\u1ecf h\u00e0ng c\u1ee7a b\u1ea1n\">Th\u00eam v\u00e0o gi\u1ecf h\u00e0ng<\/a>\r\n\t\r\n\t<span id=\"woocommerce_loop_add_to_cart_link_describedby_2280\" class=\"screen-reader-text\">\r\r\n\t\t\r\n\t<\/span>\r\r\n\t\r\n\t<div class=\"quickview\" data-id=\"2280\" title=\"Xem nhanh\">Xem nhanh<\/div>\r\n\t<\/div>\r\r\n\t\r\n<\/div>\r\r\n<span class=\"gtm4wp_productdata\" style=\"display:none; visibility:hidden;\" data-gtm4wp_product_data=\"{&quot;internal_id&quot;:2280,&quot;item_id&quot;:2280,&quot;item_name&quot;:&quot;Synology E10G21-F2&quot;,&quot;sku&quot;:&quot;SYNOLOGY-E10G21-F2&quot;,&quot;price&quot;:7290000,&quot;stocklevel&quot;:8,&quot;stockstatus&quot;:&quot;instock&quot;,&quot;google_business_vertical&quot;:&quot;retail&quot;,&quot;item_category&quot;:&quot;Thi\\u1ebft b\\u1ecb m\\u1ea1ng&quot;,&quot;id&quot;:2280,&quot;productlink&quot;:&quot;https:\\\/\\\/vietcorp.com\\\/store\\\/2280\\\/ethernet-adapter-synology-e10g21-f2\\\/&quot;,&quot;item_list_name&quot;:&quot;General Product List&quot;,&quot;index&quot;:1,&quot;product_type&quot;:&quot;simple&quot;,&quot;item_brand&quot;:&quot;&quot;}\"><\/span>\r\n\t<\/div>\r\r\n<\/div>\r\r\n\r\r\n<\/li>\r\r\n\r\n<\/ul>\r\r\n<\/div>[\/vc_column][\/vc_row]<\/p>\n<table border=\"\" width=\"100%\" cellspacing=\"2\" cellpadding=\"2\">\n<tbody>\n<tr>\n<th colspan=\"3\">Hardware Specifications<\/th>\n<\/tr>\n<tr>\n<th>General<\/th>\n<td>Host Bus Interface<\/td>\n<td>\n<ul>\n<li>PCIe 3.0 and 2.0 compatible<\/li>\n<li>8-lane or 4-lane auto-negotiation<\/li>\n<\/ul>\n<\/td>\n<\/tr>\n<tr>\n<th><\/th>\n<td>Bracket Height<\/td>\n<td>Low Profile and Full Height<\/td>\n<\/tr>\n<tr>\n<th><\/th>\n<td>Operating Temperature<\/td>\n<td>5\u00b0C to 35\u00b0C (40\u00b0F to 95\u00b0F)<\/td>\n<\/tr>\n<tr>\n<th><\/th>\n<td>Storage Temperature<\/td>\n<td>-20\u00b0C to 60\u00b0C (-5\u00b0F to 140\u00b0F)<\/td>\n<\/tr>\n<tr>\n<th><\/th>\n<td>Relative Humidity<\/td>\n<td>5% to 95% RH<\/td>\n<\/tr>\n<tr>\n<th><\/th>\n<td>Warranty<\/td>\n<td>5 Years<\/td>\n<\/tr>\n<tr>\n<th><\/th>\n<td>Notes<\/td>\n<td>The warranty period starts from the purchase date as stated on your purchase receipt.<\/td>\n<\/tr>\n<tr>\n<th>Network<\/th>\n<td>IEEE Specification Compliance<\/td>\n<td>\n<ul>\n<li>IEEE 802.3ae 10Gbps Ethernet<\/li>\n<li>IEEE 802.3ad Link Aggregation<\/li>\n<li>CPU Offload (RDMA over Ethernet)*<\/li>\n<\/ul>\n<\/td>\n<\/tr>\n<tr>\n<th><\/th>\n<td>Data Transfer Rates<\/td>\n<td>10 Gbps<\/td>\n<\/tr>\n<tr>\n<th><\/th>\n<td>Network Operation Mode<\/td>\n<td>Full Duplex<\/td>\n<\/tr>\n<tr>\n<th colspan=\"3\">Compatibility<\/th>\n<\/tr>\n<tr>\n<th>Applied Models<\/th>\n<td colspan=\"2\">\n<ul>\n<li>FS series:FS6400, FS3600, FS3400, FS3017, FS2017, FS1018<\/li>\n<li>SA series:SA3600, SA3400, SA3200D<\/li>\n<li>UC series:UC3200<\/li>\n<li>20 series:RS820RP+, RS820+<\/li>\n<li>19 series:RS1619xs+, RS1219+, DS2419+, DS1819+<\/li>\n<li>18 series:RS3618xs, RS2818RP+, RS2418RP+, RS2418+, RS818RP+, RS818+, DS3018xs, DS1618+<\/li>\n<li>17 series:RS18017xs+, RS4017xs+, RS3617xs+, RS3617RPxs, RS3617xs, DS3617xs, DS1817+, DS1517+<\/li>\n<li>16 series:RS18016xs+<\/li>\n<li>15 series:RC18015xs+, DS3615xs<\/li>\n<li>14 series:RS3614xs+, RS3614RPxs<\/li>\n<li>13 series:RS3413xs+<\/li>\n<li>12 series:RS3412RPxs, RS3412xs, DS3612xs<\/li>\n<li>11 series:RS3411RPxs, RS3411xs, DS3611xs<\/li>\n<\/ul>\n<\/td>\n<\/tr>\n<tr>\n<th><\/th>\n<td>Notes<\/td>\n<td>\n<ul>\n<li>DSM version requirement: 6.0.2 or later version<\/li>\n<li>RDMA over Ethernet can only be supported on FS6400 \/ FS3017<\/li>\n<\/ul>\n<\/td>\n<\/tr>\n<\/tbody>\n<\/table>\n<\/section>","protected":false},"excerpt":{"rendered":"<h4 style=\"color: red;\"><strong>S\u1ea2N PH\u1ea8M NG\u1eeaNG KINH DOANH<\/strong><\/h4>\n<p><a href=\"https:\/\/www.vietcorp.com\/blog\/danh-sach-san-pham-synology-ngung-kinh-doanh-14724.html\/\">(Danh s\u00e1ch s\u1ea3n ph\u1ea9m Synology ng\u1eebng kinh doanh)<\/a><\/p>\n<p>E10G17-F2<br \/>\nNetwork Interface Card<br \/>\nSupport 10Gbps<br \/>\n2 x SFP+ ports<br \/>\nPCIe 3.0 x8<\/p>\n","protected":false},"featured_media":2278,"template":"","meta":[],"product_brand":[],"product_cat":[337],"product_tag":[],"class_list":{"0":"post-104","1":"product","2":"type-product","3":"status-publish","4":"has-post-thumbnail","6":"product_cat-san-pham-ngung-kinh-doanh","8":"first","9":"outofstock","10":"taxable","11":"shipping-taxable","12":"purchasable","13":"product-type-simple"},"_links":{"self":[{"href":"https:\/\/vietcorp.com\/store\/wp-json\/wp\/v2\/product\/104","targetHints":{"allow":["GET"]}}],"collection":[{"href":"https:\/\/vietcorp.com\/store\/wp-json\/wp\/v2\/product"}],"about":[{"href":"https:\/\/vietcorp.com\/store\/wp-json\/wp\/v2\/types\/product"}],"wp:featuredmedia":[{"embeddable":true,"href":"https:\/\/vietcorp.com\/store\/wp-json\/wp\/v2\/media\/2278"}],"wp:attachment":[{"href":"https:\/\/vietcorp.com\/store\/wp-json\/wp\/v2\/media?parent=104"}],"wp:term":[{"taxonomy":"product_brand","embeddable":true,"href":"https:\/\/vietcorp.com\/store\/wp-json\/wp\/v2\/product_brand?post=104"},{"taxonomy":"product_cat","embeddable":true,"href":"https:\/\/vietcorp.com\/store\/wp-json\/wp\/v2\/product_cat?post=104"},{"taxonomy":"product_tag","embeddable":true,"href":"https:\/\/vietcorp.com\/store\/wp-json\/wp\/v2\/product_tag?post=104"}],"curies":[{"name":"wp","href":"https:\/\/api.w.org\/{rel}","templated":true}]}}