


{"id":102,"date":"2020-11-03T09:41:15","date_gmt":"2020-11-03T02:41:15","guid":{"rendered":"https:\/\/www.vietcorp.com\/store\/product\/synology-e10g18-t1\/"},"modified":"2025-02-27T15:02:22","modified_gmt":"2025-02-27T08:02:22","slug":"ethernet-adapter-synology-e10g18-t1","status":"publish","type":"product","link":"https:\/\/vietcorp.com\/store\/102\/ethernet-adapter-synology-e10g18-t1\/","title":{"rendered":"Synology E10G18-T1"},"content":{"rendered":"<table class=\"spec_table\" style=\"border-collapse: collapse; border-spacing: 0px; border: 0px solid #c9d5e2; color: #2e3742; font-family: inter,open sans,arial,helvetica,verdana,sans-serif; font-size: 18px; margin-bottom: 20px; min-width: calc(100% - 2px);\">\n<tbody>\n<tr>\n<th style=\"text-align: left; vertical-align: top;\" colspan=\"3\">\n<div class=\"h4\" style=\"font-size: 24px; line-height: 32px; margin-top: 0px; margin-bottom: 8px; padding-top: 33px; text-wrap: nowrap;\">Th\u00f4ng s\u1ed1 k\u1ef9 thu\u1eadt ph\u1ea7n c\u1ee9ng<\/div>\n<\/th>\n<\/tr>\n<tr>\n<th style=\"text-align: left; vertical-align: top;\">\n<div class=\"h4\" style=\"font-size: 22px; line-height: 32px; margin: 0px;\">Chung<\/div>\n<\/th>\n<td style=\"vertical-align: top;\">Host Bus Interface (giao di\u1ec7n giao ti\u1ebfp v\u1edbi m\u00e1y ch\u1ee7)<\/td>\n<td style=\"vertical-align: top;\">PCIe 3.0 x4<\/td>\n<\/tr>\n<tr>\n<th style=\"text-align: left; vertical-align: top;\"><\/th>\n<td style=\"vertical-align: top;\">Chi\u1ec1u cao khung<\/td>\n<td style=\"vertical-align: top;\">D\u1ea1ng th\u1ea5p v\u00e0 d\u1ea1ng chi\u1ec1u cao \u0111\u1ea7y \u0111\u1ee7<\/td>\n<\/tr>\n<tr>\n<th style=\"text-align: left; vertical-align: top;\"><\/th>\n<td style=\"vertical-align: top;\">K\u00edch th\u01b0\u1edbc (Chi\u1ec1u cao x R\u1ed9ng x S\u00e2u)<\/td>\n<td style=\"vertical-align: top;\">68.1 mm x 86.0 mm x 13.6 mm<\/td>\n<\/tr>\n<tr>\n<th style=\"text-align: left; vertical-align: top;\"><\/th>\n<td style=\"vertical-align: top;\">Nhi\u1ec7t \u0111\u1ed9 ho\u1ea1t \u0111\u1ed9ng<\/td>\n<td style=\"vertical-align: top;\">0\u00b0C sang 40\u00b0C (32\u00b0F sang 104\u00b0F)<\/td>\n<\/tr>\n<tr>\n<th style=\"text-align: left; vertical-align: top;\"><\/th>\n<td style=\"vertical-align: top;\">Nhi\u1ec7t \u0111\u1ed9 l\u01b0u tr\u1eef<\/td>\n<td style=\"vertical-align: top;\">-20\u00b0C sang 60\u00b0C (-5\u00b0F sang 140\u00b0F)<\/td>\n<\/tr>\n<tr>\n<th style=\"text-align: left; vertical-align: top;\"><\/th>\n<td style=\"vertical-align: top;\">\u0110\u1ed9 \u1ea9m t\u01b0\u01a1ng \u0111\u1ed1i<\/td>\n<td style=\"vertical-align: top;\">5% \u0111\u1ebfn 95% RH<\/td>\n<\/tr>\n<tr>\n<th style=\"text-align: left; vertical-align: top;\"><\/th>\n<td style=\"vertical-align: top;\">B\u1ea3o h\u00e0nh<\/td>\n<td style=\"vertical-align: top;\">5 n\u0103m<\/td>\n<\/tr>\n<tr>\n<th style=\"text-align: left; vertical-align: top;\"><\/th>\n<td style=\"vertical-align: top;\">Ghi ch\u00fa<\/td>\n<td style=\"vertical-align: top;\">Th\u1eddi h\u1ea1n b\u1ea3o h\u00e0nh b\u1eaft \u0111\u1ea7u t\u1eeb ng\u00e0y mua h\u00e0ng ghi trong bi\u00ean lai mua h\u00e0ng c\u1ee7a b\u1ea1n.\u00a0(T\u00ecm hi\u1ec3u th\u00eam)<\/td>\n<\/tr>\n<tr>\n<th style=\"text-align: left; vertical-align: top;\">\n<div class=\"h4\" style=\"font-size: 22px; line-height: 32px; margin: 0px;\">M\u1ea1ng l\u01b0\u1edbi<\/div>\n<\/th>\n<td style=\"vertical-align: top;\">Tu\u00e2n th\u1ee7 th\u00f4ng s\u1ed1 k\u1ef9 thu\u1eadt IEEE<\/td>\n<td style=\"vertical-align: top;\">\n<ul>\n<li>IEEE 802.3x Flow Control<\/li>\n<li>IEEE 802.3u Fast Ethernet<\/li>\n<li>IEEE 802.3ab Gigabit Ethernet<\/li>\n<li>IEEE 802.3bz 2,5 Gbps\/5 Gbps Ethernet<\/li>\n<li>IEEE 802.3an 10 Gbps Ethernet<\/li>\n<\/ul>\n<\/td>\n<\/tr>\n<tr>\n<th style=\"text-align: left; vertical-align: top;\"><\/th>\n<td style=\"vertical-align: top;\">T\u1ed1c \u0111\u1ed9 truy\u1ec1n d\u1eef li\u1ec7u<\/td>\n<td style=\"vertical-align: top;\">10 Gbps<\/td>\n<\/tr>\n<tr>\n<th style=\"text-align: left; vertical-align: top;\"><\/th>\n<td style=\"vertical-align: top;\">Ch\u1ebf \u0111\u1ed9 v\u1eadn h\u00e0nh m\u1ea1ng<\/td>\n<td style=\"vertical-align: top;\">Full Duplex<\/td>\n<\/tr>\n<tr>\n<th style=\"text-align: left; vertical-align: top;\"><\/th>\n<td style=\"vertical-align: top;\">T\u00ednh n\u0103ng h\u1ed7 tr\u1ee3<\/td>\n<td style=\"vertical-align: top;\">\n<ul>\n<li>Jumbo Frame 9 KB<\/li>\n<li>Gi\u1ea3m t\u1ea3i t\u1ed5ng ki\u1ec3m tra TCP\/UDP\/IP<\/li>\n<li>T\u1ef1 \u0111\u1ed9ng b\u1eaft tay gi\u1eefa 100 Mb\/s, 1 Gb\/s, 2,5 Gb\/s, 5 Gb\/s v\u00e0 10 Gb\/s<\/li>\n<\/ul>\n<\/td>\n<\/tr>\n<tr>\n<th style=\"text-align: left; vertical-align: top;\" colspan=\"3\">\n<div class=\"h4\" style=\"font-size: 24px; line-height: 32px; margin-top: 0px; margin-bottom: 20px; padding-top: 33px; text-wrap: nowrap;\">Kh\u1ea3 n\u0103ng t\u01b0\u01a1ng th\u00edch<\/div>\n<\/th>\n<\/tr>\n<tr>\n<th style=\"text-align: left; vertical-align: top;\">C\u00e1c m\u1eabu s\u1ea3n ph\u1ea9m \u00e1p d\u1ee5ng<\/th>\n<td style=\"vertical-align: top;\" colspan=\"2\"><strong>FS series:<\/strong> FS6400, FS3600, FS3410, FS3400, FS3017, FS2500, FS2017, FS1018SA series:SA6400, SA3610, SA3600, SA3410, SA3400D, SA3400, SA3200D<br \/>\n<strong>UC series:<\/strong> UC3400, UC3200<br \/>\n<strong>23 series:<\/strong> RS2423RP+, RS2423+, DS1823xs+<br \/>\n<strong>22 series:<\/strong> RS822RP+, RS822+, DS3622xs+, DS2422+<br \/>\n<strong>21 series:<\/strong> RS4021xs+, RS3621xs+, RS3621RPxs, RS2821RP+, RS2421RP+, RS2421+, RS1221RP+, RS1221+, DS1821+, DS1621xs+, DS1621+<br \/>\n<strong>20 series:<\/strong> RS820RP+, RS820+<br \/>\n<strong>19 series:<\/strong> RS1619xs+, RS1219+, DS2419+II, DS2419+, DS1819+<br \/>\n<strong>18 series:<\/strong> RS3618xs, RS2818RP+, RS2418RP+, RS2418+, RS818RP+, RS818+, DS3018xs, DS1618+<br \/>\n<strong>17 series:<\/strong> RS18017xs+, RS4017xs+, RS3617xs+, RS3617RPxs, RS3617xs, DS3617xsII, DS3617xs, DS1817+, DS1517+<br \/>\n<strong>15 series:<\/strong> DS3615xs<br \/>\n<strong>14 series:<\/strong> RS3614RPxs, RS3614xs<\/td>\n<\/tr>\n<tr>\n<th style=\"text-align: left; vertical-align: top;\"><\/th>\n<td style=\"vertical-align: top;\">Ghi ch\u00fa<\/td>\n<td style=\"vertical-align: top;\">Y\u00eau c\u1ea7u v\u1edbi phi\u00ean b\u1ea3n DSM: 6.2-23739-2 tr\u1edf l\u00ean (ho\u1eb7c 6.1-15284-2 tr\u1edf l\u00ean v\u1edbi DSM 6.1)<\/td>\n<\/tr>\n<\/tbody>\n<\/table>\n","protected":false},"excerpt":{"rendered":"<p>E10G18-T1<br \/>\nNetwork Interface Card<br \/>\nSupport 2.5\/5\/10Gbps<br \/>\n1 x RJ-45 port<br \/>\nPCIe 3.0 x4<\/p>\n","protected":false},"featured_media":7856,"template":"","meta":[],"product_brand":[],"product_cat":[191],"product_tag":[43,44,23,97,100,101],"class_list":{"0":"post-102","1":"product","2":"type-product","3":"status-publish","4":"has-post-thumbnail","6":"product_cat-linh-kien","7":"product_tag-all-in-card","8":"product_tag-phu-kien-synology","9":"product_tag-synology","10":"product_tag-thiet-bi-luu-tru","11":"product_tag-thiet-bi-luu-tru-du-lieu","12":"product_tag-thiet-bi-luu-tru-synology","14":"first","15":"instock","16":"taxable","17":"shipping-taxable","18":"purchasable","19":"product-type-simple"},"_links":{"self":[{"href":"https:\/\/vietcorp.com\/store\/wp-json\/wp\/v2\/product\/102","targetHints":{"allow":["GET"]}}],"collection":[{"href":"https:\/\/vietcorp.com\/store\/wp-json\/wp\/v2\/product"}],"about":[{"href":"https:\/\/vietcorp.com\/store\/wp-json\/wp\/v2\/types\/product"}],"wp:featuredmedia":[{"embeddable":true,"href":"https:\/\/vietcorp.com\/store\/wp-json\/wp\/v2\/media\/7856"}],"wp:attachment":[{"href":"https:\/\/vietcorp.com\/store\/wp-json\/wp\/v2\/media?parent=102"}],"wp:term":[{"taxonomy":"product_brand","embeddable":true,"href":"https:\/\/vietcorp.com\/store\/wp-json\/wp\/v2\/product_brand?post=102"},{"taxonomy":"product_cat","embeddable":true,"href":"https:\/\/vietcorp.com\/store\/wp-json\/wp\/v2\/product_cat?post=102"},{"taxonomy":"product_tag","embeddable":true,"href":"https:\/\/vietcorp.com\/store\/wp-json\/wp\/v2\/product_tag?post=102"}],"curies":[{"name":"wp","href":"https:\/\/api.w.org\/{rel}","templated":true}]}}