


{"id":8655,"date":"2025-02-25T16:47:52","date_gmt":"2025-02-25T09:47:52","guid":{"rendered":"https:\/\/www.vietcorp.com\/store\/?page_id=8655"},"modified":"2025-02-26T12:00:40","modified_gmt":"2025-02-26T05:00:40","slug":"vietcorp-seagate-world-backup-day-promo","status":"publish","type":"page","link":"https:\/\/vietcorp.com\/store\/vietcorp-seagate-world-backup-day-promo\/","title":{"rendered":"Ch\u01b0\u01a1ng tr\u00ecnh khuy\u1ebfn m\u00e3i SAO L\u01afU V\u00c0 GI\u00c0NH GI\u1ea2I TH\u01af\u1edeNG L\u1edaN World Backup Day v\u1edbi Vietcorp &#8211; Seagate!"},"content":{"rendered":"<figure id=\"attachment_8659\" aria-describedby=\"caption-attachment-8659\" style=\"width: 800px\" class=\"wp-caption aligncenter\"><img decoding=\"async\" class=\"wp-image-8659\" src=\"https:\/\/www.vietcorp.com\/store\/wp-content\/uploads\/2025\/02\/vietcorp-seagate-world-backup-day-promo.png\" alt=\"vietcorp-seagate-world-backup-day-promo\" width=\"800\" height=\"595\" srcset=\"https:\/\/vietcorp.com\/store\/wp-content\/uploads\/2025\/02\/vietcorp-seagate-world-backup-day-promo-768x571.png 768w, https:\/\/vietcorp.com\/store\/wp-content\/uploads\/2025\/02\/vietcorp-seagate-world-backup-day-promo-640x476.png 640w, https:\/\/vietcorp.com\/store\/wp-content\/uploads\/2025\/02\/vietcorp-seagate-world-backup-day-promo-400x297.png 400w, https:\/\/vietcorp.com\/store\/wp-content\/uploads\/2025\/02\/vietcorp-seagate-world-backup-day-promo-367x273.png 367w, https:\/\/vietcorp.com\/store\/wp-content\/uploads\/2025\/02\/vietcorp-seagate-world-backup-day-promo-600x446.png 600w\" sizes=\"(max-width: 800px) 100vw, 800px\" \/><figcaption id=\"caption-attachment-8659\" class=\"wp-caption-text\">Ch\u01b0\u01a1ng tr\u00ecnh khuy\u1ebfn m\u00e3i SAO L\u01afU V\u00c0 GI\u00c0NH GI\u1ea2I TH\u01af\u1edeNG L\u1edaN World Backup Day v\u1edbi Vietcorp \u2013 Seagate!<\/figcaption><\/figure>\n<p style=\"font-weight: 400;\">T\u1eeb ng\u00e0y <strong>22.2.2025<\/strong> \u0111\u1ebfn h\u1ebft ng\u00e0y<strong> 22.4.2025<\/strong>, v\u1edbi m\u1ed7i TB s\u1ea3n ph\u1ea9m \u1ed5 c\u1ee9ng Seagate ch\u00ednh h\u00e3ng b\u1ea5t k\u00ec, b\u1ea1n s\u1ebd c\u00f3 c\u01a1 h\u1ed9i tham gia b\u1ed1c th\u0103m v\u00e0 nh\u1eadn v\u1ec1 c\u00e1c ph\u1ea7n qu\u00e0 c\u00f3 gi\u00e1 tr\u1ecb.<\/p>\n<p style=\"font-weight: 400;\"><strong>C\u00c1CH TH\u1ee8C THAM GIA:<br \/>\nLike <a href=\"https:\/\/www.facebook.com\/vietcorp.official\" target=\"_blank\" rel=\"noopener\">fanpage Vietcorp <\/a>v\u00e0 checkin mua h\u00e0ng t\u1ea1i Vietcorp \u0111\u1ec3 ch\u1ebf \u0111\u1ed9 c\u00f4ng khai v\u1edbi hashtag #Vietcorp #Seagatechinhhang #WorldBackupDay \u0111\u1ec3 \u0111\u01b0\u1ee3c gi\u1ea3m ngay 10% tr\u00ean t\u1ed5ng h\u00f3a \u0111\u01a1n (t\u1ed1i \u0111a 100k).<\/strong><\/p>\n<p style=\"font-weight: 400;\">Truy c\u1eadp landing page: <a href=\"https:\/\/s.nas.vn\/seagate-world-backup-day-promo\" target=\"_blank\" rel=\"noopener\">https:\/\/s.nas.vn\/seagate-world-backup-day-promo<\/a><\/p>\n<p style=\"font-weight: 400;\">v\u00e0 sau \u0111\u00f3 ho\u00e0n th\u00e0nh 3 b\u01b0\u1edbc \u0111i\u1ec1n th\u00f4ng tin:<\/p>\n<p style=\"font-weight: 400;\"><strong>B\u01b0\u1edbc 1<\/strong>: L\u1ef1a ch\u1ecdn s\u1ea3n ph\u1ea9m b\u1ea1n s\u1ebd tham gia:<\/p>\n<p>Internal Hard Driver thu\u1ed9c c\u00e1c d\u00f2ng <a href=\"https:\/\/www.vietcorp.com\/store\/product-tag\/seagate-ironwolf\/\" target=\"_blank\" rel=\"noopener\">IronWolf<\/a>, <a href=\"https:\/\/www.vietcorp.com\/store\/product-tag\/seagate-ironwolf-pro\/\" target=\"_blank\" rel=\"noopener\">IronWolf Pro<\/a>, <a href=\"https:\/\/www.vietcorp.com\/store\/product-tag\/seagate-exos\/\" target=\"_blank\" rel=\"noopener\">Exos<\/a><\/p>\n<p style=\"font-weight: 400;\"><strong>B\u01b0\u1edbc 2<\/strong>: Mua s\u1ea3n ph\u1ea9m ch\u00ednh h\u00e3ng trong th\u1eddi gian di\u1ec5n ra ch\u01b0\u01a1ng tr\u00ecnh, ch\u1ee5p \u1ea3nh h\u00f3a \u0111\u01a1n mua h\u00e0ng<\/p>\n<p style=\"font-weight: 400;\"><strong>B\u01b0\u1edbc 3<\/strong>: Upload \u1ea3nh h\u00f3a \u0111\u01a1n mua h\u00e0ng v\u00e0 \u0111i\u1ec1n th\u00f4ng tin theo y\u00eau c\u1ea7u nh\u01b0 h\u1ecd t\u00ean, email, mobile, s\u1ed1 serial s\u1ea3n ph\u1ea9m, ng\u00e0y mua h\u00e0ng v\u00e0 n\u01a1i mua l\u00e0 <a href=\"https:\/\/www.vietcorp.com\/store\/product-tag\/seagate\/\">Vietcorp<\/a>.<\/p>\n<p style=\"font-weight: 400;\">\u0110i\u1ec1n s\u1ed1 dung l\u01b0\u1ee3ng TB c\u1ee7a \u1ed5 c\u1ee9ng b\u1ea1n \u0111\u00e3 mua.\u00a0<strong>Nh\u1eadn 1 l\u01b0\u1ee3t tham gia cho m\u1ed7i TB \u0111\u00e3 mua &#8211; mua c\u00e0ng nhi\u1ec1u dung l\u01b0\u1ee3ng, c\u01a1 h\u1ed9i chi\u1ebfn th\u1eafng c\u00e0ng cao!<\/strong><\/p>\n<p style=\"font-weight: 400;\">Nh\u1ea5n n\u00fat Submit<\/p>\n<p style=\"font-weight: 400;\"><strong>7 GI\u1ea2I TH\u01af\u1edeNG TU\u1ea6N \u0110ANG CH\u1edc B\u1ea0N!<\/strong><\/p>\n<table style=\"height: 230px;\" border=\"1\" width=\"776\">\n<colgroup>\n<col \/>\n<col \/>\n<col \/><\/colgroup>\n<tbody>\n<tr>\n<td data-syno-value=\"&quot;Tu\u1ea7n &quot;\" data-syno-repr=\"Tu\u1ea7n \">Tu\u1ea7n<\/td>\n<td data-syno-value=\"&quot;S\u1ed1 l\u01b0\u1ee3ng ng\u01b0\u1eddi &quot;\" data-syno-repr=\"S\u1ed1 l\u01b0\u1ee3ng ng\u01b0\u1eddi \">S\u1ed1 l\u01b0\u1ee3ng ng\u01b0\u1eddi<\/td>\n<td data-syno-value=\"&quot;Gi\u1ea3i th\u01b0\u1edfng&quot;\" data-syno-repr=\"Gi\u1ea3i th\u01b0\u1edfng\">Gi\u1ea3i th\u01b0\u1edfng<\/td>\n<\/tr>\n<tr>\n<td data-syno-value=\"&quot;Tu\u1ea7n 1 - 08\/03 &quot;\" data-syno-repr=\"Tu\u1ea7n 1 - 08\/03 \">Tu\u1ea7n 1 &#8211; 08\/03<\/td>\n<td data-syno-value=\"&quot;1 ng\u01b0\u1eddi th\u1eafng&quot;\" data-syno-repr=\"1 ng\u01b0\u1eddi th\u1eafng\">\u00a01 ng\u01b0\u1eddi th\u1eafng<\/td>\n<td data-syno-value=\"&quot; K\u00ednh th\u1ef1c t\u1ebf \u1ea3o Meta Quest 3&quot;\" data-syno-repr=\" K\u00ednh th\u1ef1c t\u1ebf \u1ea3o Meta Quest 3\">K\u00ednh th\u1ef1c t\u1ebf \u1ea3o Meta Quest 3<\/td>\n<\/tr>\n<tr>\n<td data-syno-value=\"&quot;Tu\u1ea7n 2 - 15\/03 &quot;\" data-syno-repr=\"Tu\u1ea7n 2 - 15\/03 \">Tu\u1ea7n 2 &#8211; 15\/03<\/td>\n<td data-syno-value=\"&quot;1 ng\u01b0\u1eddi th\u1eafng&quot;\" data-syno-repr=\"1 ng\u01b0\u1eddi th\u1eafng\">\u00a01 ng\u01b0\u1eddi th\u1eafng<\/td>\n<td data-syno-value=\"&quot; K\u00ednh th\u1ef1c t\u1ebf \u1ea3o Meta Quest 4&quot;\" data-syno-repr=\" K\u00ednh th\u1ef1c t\u1ebf \u1ea3o Meta Quest 4\">K\u00ednh th\u1ef1c t\u1ebf \u1ea3o Meta Quest 4<\/td>\n<\/tr>\n<tr>\n<td data-syno-value=\"&quot;Tu\u1ea7n 3 - 22\/03 &quot;\" data-syno-repr=\"Tu\u1ea7n 3 - 22\/03 \">Tu\u1ea7n 3 &#8211; 22\/03<\/td>\n<td>\u00a01 ng\u01b0\u1eddi th\u1eafng<\/td>\n<td data-syno-value=\"&quot;E-voucher tr\u1ecb gi\u00e1 $1,000&quot;\" data-syno-repr=\"E-voucher tr\u1ecb gi\u00e1 $1,000\">E-voucher tr\u1ecb gi\u00e1 $1,000<\/td>\n<\/tr>\n<tr>\n<td data-syno-value=\"&quot;Tu\u1ea7n 4 - 1\/4 &quot;\" data-syno-repr=\"Tu\u1ea7n 4 - 1\/4 \">Tu\u1ea7n 4 &#8211; 01\/04<\/td>\n<td>\u00a01 ng\u01b0\u1eddi th\u1eafng<\/td>\n<td data-syno-value=\"&quot;E-voucher tr\u1ecb gi\u00e1 $1,001&quot;\" data-syno-repr=\"E-voucher tr\u1ecb gi\u00e1 $1,001\">E-voucher tr\u1ecb gi\u00e1 $1,001<\/td>\n<\/tr>\n<tr>\n<td data-syno-value=\"&quot;Tu\u1ea7n 5 - 8\/4 &quot;\" data-syno-repr=\"Tu\u1ea7n 5 - 8\/4 \">Tu\u1ea7n 5 &#8211; 08\/04<\/td>\n<td>\u00a01 ng\u01b0\u1eddi th\u1eafng<\/td>\n<td data-syno-value=\"&quot;E-voucher tr\u1ecb gi\u00e1 $1,002&quot;\" data-syno-repr=\"E-voucher tr\u1ecb gi\u00e1 $1,002\">E-voucher tr\u1ecb gi\u00e1 $1,002<\/td>\n<\/tr>\n<tr>\n<td data-syno-value=\"&quot;Tu\u1ea7n 6 - 15\/4&quot;\" data-syno-repr=\"Tu\u1ea7n 6 - 15\/4\">Tu\u1ea7n 6 &#8211; 15\/04<\/td>\n<td>\u00a01 ng\u01b0\u1eddi th\u1eafng<\/td>\n<td data-syno-value=\"&quot;Laptop Gaming ASUS ROG Zephyrus G16&quot;\" data-syno-repr=\"Laptop Gaming ASUS ROG Zephyrus G16\">Laptop Gaming ASUS ROG Zephyrus G16<\/td>\n<\/tr>\n<tr>\n<td data-syno-value=\"&quot;Tu\u1ea7n 7 - 22\/4&quot;\" data-syno-repr=\"Tu\u1ea7n 7 - 22\/4\">Tu\u1ea7n 7 &#8211; 22\/04<\/td>\n<td>\u00a01 ng\u01b0\u1eddi th\u1eafng<\/td>\n<td data-syno-value=\"&quot;Laptop Gaming ASUS ROG Zephyrus G17&quot;\" data-syno-repr=\"Laptop Gaming ASUS ROG Zephyrus G17\">Laptop Gaming ASUS ROG Zephyrus G17<\/td>\n<\/tr>\n<\/tbody>\n<\/table>\n<p><em>* Ch\u01b0\u01a1ng tr\u00ecnh c\u00f3 \u0111i\u1ec1u kho\u1ea3n v\u00e0 \u0111i\u1ec1u ki\u1ec7n k\u00e8m theo<\/em><br \/>\n<em>Qu\u00e0 t\u1eb7ng kh\u00f4ng c\u00f3 gi\u00e1 tr\u1ecb quy \u0111\u1ed5i th\u00e0nh ti\u1ec1n m\u1eb7t.<\/em><br \/>\n<em>Ch\u01b0\u01a1ng tr\u00ecnh ch\u1ec9 \u00e1p d\u1ee5ng cho s\u1ea3n ph\u1ea9m ch\u00ednh h\u00e3ng v\u00e0 \u0111\u01b0\u1ee3c ph\u00e2n ph\u1ed1i t\u1ea1i <a href=\"https:\/\/www.vietcorp.com\/store\/product-tag\/seagate\/\">Vietcorp<\/a>.<\/em><\/p>\n<p>Mua h\u00e0ng ch\u00ednh h\u00e3ng \u2013 nh\u1eadn ng\u00e0n l\u1ee3i \u00edch v\u00e0ng t\u1eeb Vietcorp.<br \/>\n\u2705 \u1ed4 c\u1ee9ng ch\u1ea5t l\u01b0\u1ee3ng ch\u00ednh h\u00e3ng 100% Seagate t\u1eeb M\u1ef9.<br \/>\n\u2705 D\u1ecbch v\u1ee5 ph\u1ee5c h\u1ed3i d\u1eef li\u1ec7u mi\u1ec5n ph\u00ed \u0111\u1ed9c quy\u1ec1n.<br \/>\n\u2705 Ch\u00ednh s\u00e1ch b\u1ea3o h\u00e0nh \u01b0u vi\u1ec7t.<br \/>\n\u2705 C\u00e1c d\u1ecbch v\u1ee5 h\u1ed7 tr\u1ee3 sau b\u00e1n h\u00e0ng v\u00e0 nhi\u1ec1u ch\u01b0\u01a1ng tr\u00ecnh khuy\u1ebfn m\u00e3i h\u1ea5p d\u1eabn.<\/p>\n","protected":false},"excerpt":{"rendered":"<p>T\u1eeb ng\u00e0y 22.2.2025 \u0111\u1ebfn h\u1ebft ng\u00e0y 22.4.2025, v\u1edbi m\u1ed7i TB s\u1ea3n ph\u1ea9m \u1ed5 c\u1ee9ng Seagate ch\u00ednh h\u00e3ng b\u1ea5t k\u00ec, b\u1ea1n s\u1ebd c\u00f3 c\u01a1 h\u1ed9i tham gia b\u1ed1c th\u0103m v\u00e0 nh\u1eadn v\u1ec1 c\u00e1c ph\u1ea7n qu\u00e0 c\u00f3 gi\u00e1 tr\u1ecb. C\u00c1CH TH\u1ee8C THAM GIA: Like fanpage Vietcorp v\u00e0 checkin mua h\u00e0ng t\u1ea1i Vietcorp \u0111\u1ec3 ch\u1ebf \u0111\u1ed9 c\u00f4ng khai [&hellip;]<\/p>\n","protected":false},"author":268,"featured_media":8659,"parent":0,"menu_order":0,"comment_status":"closed","ping_status":"closed","template":"","meta":{"footnotes":""},"class_list":["post-8655","page","type-page","status-publish","has-post-thumbnail","hentry"],"_links":{"self":[{"href":"https:\/\/vietcorp.com\/store\/wp-json\/wp\/v2\/pages\/8655","targetHints":{"allow":["GET"]}}],"collection":[{"href":"https:\/\/vietcorp.com\/store\/wp-json\/wp\/v2\/pages"}],"about":[{"href":"https:\/\/vietcorp.com\/store\/wp-json\/wp\/v2\/types\/page"}],"author":[{"embeddable":true,"href":"https:\/\/vietcorp.com\/store\/wp-json\/wp\/v2\/users\/268"}],"replies":[{"embeddable":true,"href":"https:\/\/vietcorp.com\/store\/wp-json\/wp\/v2\/comments?post=8655"}],"version-history":[{"count":11,"href":"https:\/\/vietcorp.com\/store\/wp-json\/wp\/v2\/pages\/8655\/revisions"}],"predecessor-version":[{"id":8670,"href":"https:\/\/vietcorp.com\/store\/wp-json\/wp\/v2\/pages\/8655\/revisions\/8670"}],"wp:featuredmedia":[{"embeddable":true,"href":"https:\/\/vietcorp.com\/store\/wp-json\/wp\/v2\/media\/8659"}],"wp:attachment":[{"href":"https:\/\/vietcorp.com\/store\/wp-json\/wp\/v2\/media?parent=8655"}],"curies":[{"name":"wp","href":"https:\/\/api.w.org\/{rel}","templated":true}]}}