


{"id":6302,"date":"2023-09-26T14:15:48","date_gmt":"2023-09-26T07:15:48","guid":{"rendered":"https:\/\/www.vietcorp.com\/store\/?page_id=6302"},"modified":"2025-03-26T11:32:21","modified_gmt":"2025-03-26T04:32:21","slug":"trung-tam-bao-hanh-vietcorp-ictzone","status":"publish","type":"page","link":"https:\/\/vietcorp.com\/store\/trung-tam-bao-hanh-vietcorp-ictzone\/","title":{"rendered":"Trung t\u00e2m b\u1ea3o h\u00e0nh Vietcorp ICTZONE"},"content":{"rendered":"<h2 style=\"text-align: center;\"><strong>Trung t\u00e2m b\u1ea3o h\u00e0nh Vietcorp ICTZONE t\u1ea1i Vi\u1ec7t Nam<\/strong><\/h2>\n<h3><strong>Danh s\u00e1ch c\u00e1c trung t\u00e2m b\u1ea3o h\u00e0nh s\u1ea3n ph\u1ea9m ICT t\u1ea1i Vi\u1ec7t Nam<\/strong><\/h3>\n<h3><strong>Trung t\u00e2m b\u1ea3o h\u00e0nh <a href=\"https:\/\/www.vietcorp.com\/store\/nas-synology\/\">Synology<\/a><\/strong><\/h3>\n<p>TP H\u1ed3 Ch\u00ed Minh: <strong>Vietcorp<\/strong> &#8211; <a href=\"tel:1900636248\">(028) 7301 8899<\/a><br \/>\n134\/1 C\u00e1ch M\u1ea1ng Th\u00e1ng T\u00e1m, P 10, Qu\u1eadn 3<br \/>\nTh\u1ee9 2 \u2013 6 t\u1eeb 8.30 AM \u2013 5 PM<br \/>\n<a href=\"https:\/\/www.vietcorp.com\/zalo\">H\u1ed7 tr\u1ee3 k\u1ef9 thu\u1eadt &#8211; 1900 636 248<\/a><br \/>\nMaps: <a href=\"https:\/\/maps.app.goo.gl\/hWvffu2YXdmAGGua7\">https:\/\/maps.app.goo.gl\/hWvffu2YXdmAGGua7<\/a><\/p>\n<p>H\u00e0 N\u1ed9i: <a href=\"tel:1900636248\">(024) 7301 8899<\/a><br \/>\nT\u1ed5 14, Ph\u01b0\u1eddng C\u1ea7u Di\u1ec5n, Qu\u1eadn Nam T\u1eeb Li\u00eam, Th\u00e0nh ph\u1ed1 H\u00e0 N\u1ed9i<br \/>\nTh\u1ee9 2 \u2013 6 t\u1eeb 8.30 AM \u2013 5 PM<br \/>\n<a href=\"https:\/\/www.vietcorp.com\/zalo\">H\u1ed7 tr\u1ee3 k\u1ef9 thu\u1eadt &#8211; 1900 636 248<\/a><br \/>\nMaps: <a href=\"https:\/\/maps.app.goo.gl\/jsu3xL1oZJG6dY7u9\">https:\/\/maps.app.goo.gl\/jsu3xL1oZJG6dY7u9<\/a><br \/>\nNg\u01b0\u1eddi nh\u1eadn:<br \/>\nNguy\u1ec5n Ng\u1ecdc Anh &#8211; 0967388863<br \/>\nPh\u1ea1m M\u1ea1nh H\u01b0ng &#8211; 0943686383<\/p>\n<h3><strong>Trung t\u00e2m b\u1ea3o h\u00e0nh <a href=\"https:\/\/www.vietcorp.com\/store\/ncomputing\/\">NComputing<\/a><\/strong><\/h3>\n<p>TP H\u1ed3 Ch\u00ed Minh:\u00a0<strong>Vietcorp<\/strong> &#8211; <a href=\"tel:1900636248\">(028) 7301 8899<\/a><br \/>\n134\/1 C\u00e1ch M\u1ea1ng Th\u00e1ng T\u00e1m, P 10, Qu\u1eadn 3<br \/>\nTh\u1ee9 2 \u2013 6 t\u1eeb 8.30 AM \u2013 5 PM<br \/>\n<a href=\"https:\/\/www.vietcorp.com\/zalo\">H\u1ed7 tr\u1ee3 k\u1ef9 thu\u1eadt &#8211; 1900 636 248<\/a><br \/>\nMaps: <a href=\"https:\/\/maps.app.goo.gl\/2UFxWFhDCWsmVEwu5\">https:\/\/maps.app.goo.gl\/2UFxWFhDCWsmVEwu5<\/a><\/p>\n<h3><strong>Trung t\u00e2m b\u1ea3o h\u00e0nh <a href=\"https:\/\/www.vietcorp.com\/store\/vcloudpoint\/\">vCloudPoint<\/a><\/strong><\/h3>\n<p>TP H\u1ed3 Ch\u00ed Minh: <strong>Vietcorp<\/strong> &#8211; <a href=\"tel:1900636248\">(028) 7301 8899<\/a><br \/>\n134\/1 C\u00e1ch M\u1ea1ng Th\u00e1ng T\u00e1m, P 10, Qu\u1eadn 3<br \/>\nTh\u1ee9 2 \u2013 6 t\u1eeb 8.30 AM \u2013 5 PM<br \/>\n<a href=\"https:\/\/www.vietcorp.com\/zalo\">H\u1ed7 tr\u1ee3 k\u1ef9 thu\u1eadt &#8211; 1900 636 248<\/a><br \/>\nMaps:<a href=\"https:\/\/maps.app.goo.gl\/2UFxWFhDCWsmVEwu5\"> https:\/\/maps.app.goo.gl\/2UFxWFhDCWsmVEwu5<\/a><\/p>\n<h3><strong>Trung t\u00e2m b\u1ea3o h\u00e0nh <a href=\"https:\/\/www.vietcorp.com\/store\/centerm\/\">Centerm<\/a><\/strong><\/h3>\n<p>TP H\u1ed3 Ch\u00ed Minh: <strong>Vietcorp<\/strong> &#8211; <a href=\"tel:1900636248\">(028) 7301 8899<\/a><br \/>\n134\/1 C\u00e1ch M\u1ea1ng Th\u00e1ng T\u00e1m, P 10, Qu\u1eadn 3<br \/>\nTh\u1ee9 2 \u2013 6 t\u1eeb 8.30 AM \u2013 5 PM<br \/>\n<a href=\"https:\/\/www.vietcorp.com\/zalo\">H\u1ed7 tr\u1ee3 k\u1ef9 thu\u1eadt &#8211; 1900 636 248<\/a><br \/>\nMaps: <a href=\"https:\/\/maps.app.goo.gl\/2UFxWFhDCWsmVEwu5\">https:\/\/maps.app.goo.gl\/2UFxWFhDCWsmVEwu5<\/a><\/p>\n<h3><strong>Trung t\u00e2m b\u1ea3o h\u00e0nh Seagate<\/strong><\/h3>\n<p>TP H\u1ed3 Ch\u00ed Minh: <strong>Seacare Centre<\/strong> \u2013 (028) 3914 3267<br \/>\n31 H\u1ed3 H\u1ea3o H\u1edbn, Ph\u01b0\u1eddng C\u00f4 Giang, Qu\u1eadn 1<br \/>\nTh\u1ee9 2 \u2013 6 t\u1eeb 8.30 AM \u2013 5 PM<br \/>\n<a href=\"https:\/\/www.vietcorp.com\/zalo\">H\u1ed7 tr\u1ee3 k\u1ef9 thu\u1eadt &#8211; 1900 636 248<\/a><br \/>\nMaps:<a href=\"https:\/\/maps.app.goo.gl\/TvvGyRquxxcCkBkt8\"> https:\/\/maps.app.goo.gl\/TvvGyRquxxcCkBkt8<\/a><\/p>\n<p>H\u00e0 N\u1ed9i: <strong>Seacare Centre<\/strong> \u2013 (024) 6292 2968<br \/>\nT\u1ea7ng 13, Khu A \u2013 T\u00f2a nh\u00e0 M3-M4, 91 Nguy\u1ec5n Ch\u00ed Thanh, L\u00e1ng H\u1ea1, \u0110\u1ed1ng \u0110a, H\u00e0 N\u1ed9i.<br \/>\nTh\u1ee9 2 \u2013 6 t\u1eeb 8.30 AM \u2013 5 PM<br \/>\n<a href=\"https:\/\/www.vietcorp.com\/zalo\">H\u1ed7 tr\u1ee3 k\u1ef9 thu\u1eadt &#8211; 1900 636 248<\/a><br \/>\nMaps: <a href=\"https:\/\/maps.app.goo.gl\/AbX6mSKa1aawP1X97\">https:\/\/maps.app.goo.gl\/AbX6mSKa1aawP1X97<\/a><\/p>\n<h3><strong>Trung t\u00e2m b\u1ea3o h\u00e0nh WD<\/strong><\/h3>\n<p>TP H\u1ed3 Ch\u00ed Minh: <strong>WD<\/strong> &#8211; (028) 2246 9397<br \/>\nS\u1ed1 24\/5 \u0110\u01b0\u1eddng Nguy\u1ec5n C\u1ea3nh Ch\u00e2n, Ph\u01b0\u1eddng C\u1ea7u Kho, Qu\u1eadn 1, TP.HCM<br \/>\nTh\u1ee9 2 \u2013 6 t\u1eeb 8.30 AM \u2013 5 PM<br \/>\n<a href=\"https:\/\/www.vietcorp.com\/zalo\">H\u1ed7 tr\u1ee3 k\u1ef9 thu\u1eadt &#8211; 1900 636 248<\/a><br \/>\nMaps:<a href=\"https:\/\/maps.app.goo.gl\/jF9nJVNh9E5NjLLX9\"> https:\/\/maps.app.goo.gl\/jF9nJVNh9E5NjLLX9<\/a><\/p>\n<p>H\u00e0 N\u1ed9i: <strong>WD<\/strong> &#8211; (024) 3259 5311<br \/>\nPh\u00f2ng 402, T\u1ea7ng 4, T\u00f2a Nh\u00e0 Sun Office, S\u1ed1 38, Ng\u00f5 133, Ph\u1ed1 Th\u00e1i H\u00e0, P Trung Li\u1ec7t, Q \u0110\u1ed1ng \u0110a.<br \/>\nTh\u1ee9 2 \u2013 6 t\u1eeb 8.30 AM \u2013 5 PM<br \/>\n<a href=\"https:\/\/www.vietcorp.com\/zalo\">H\u1ed7 tr\u1ee3 k\u1ef9 thu\u1eadt &#8211; 1900 636 248<\/a><br \/>\nMaps:<a href=\"https:\/\/maps.app.goo.gl\/odtoHALoBWbsR4156\"> https:\/\/maps.app.goo.gl\/odtoHALoBWbsR4156<\/a><\/p>\n","protected":false},"excerpt":{"rendered":"<p>Trung t\u00e2m b\u1ea3o h\u00e0nh Vietcorp ICTZONE t\u1ea1i Vi\u1ec7t Nam Danh s\u00e1ch c\u00e1c trung t\u00e2m b\u1ea3o h\u00e0nh s\u1ea3n ph\u1ea9m ICT t\u1ea1i Vi\u1ec7t Nam Trung t\u00e2m b\u1ea3o h\u00e0nh Synology TP H\u1ed3 Ch\u00ed Minh: Vietcorp &#8211; (028) 7301 8899 134\/1 C\u00e1ch M\u1ea1ng Th\u00e1ng T\u00e1m, P 10, Qu\u1eadn 3 Th\u1ee9 2 \u2013 6 t\u1eeb 8.30 AM \u2013 5 PM [&hellip;]<\/p>\n","protected":false},"author":268,"featured_media":0,"parent":0,"menu_order":0,"comment_status":"closed","ping_status":"closed","template":"","meta":{"footnotes":""},"class_list":["post-6302","page","type-page","status-publish","hentry"],"_links":{"self":[{"href":"https:\/\/vietcorp.com\/store\/wp-json\/wp\/v2\/pages\/6302","targetHints":{"allow":["GET"]}}],"collection":[{"href":"https:\/\/vietcorp.com\/store\/wp-json\/wp\/v2\/pages"}],"about":[{"href":"https:\/\/vietcorp.com\/store\/wp-json\/wp\/v2\/types\/page"}],"author":[{"embeddable":true,"href":"https:\/\/vietcorp.com\/store\/wp-json\/wp\/v2\/users\/268"}],"replies":[{"embeddable":true,"href":"https:\/\/vietcorp.com\/store\/wp-json\/wp\/v2\/comments?post=6302"}],"version-history":[{"count":14,"href":"https:\/\/vietcorp.com\/store\/wp-json\/wp\/v2\/pages\/6302\/revisions"}],"predecessor-version":[{"id":8714,"href":"https:\/\/vietcorp.com\/store\/wp-json\/wp\/v2\/pages\/6302\/revisions\/8714"}],"wp:attachment":[{"href":"https:\/\/vietcorp.com\/store\/wp-json\/wp\/v2\/media?parent=6302"}],"curies":[{"name":"wp","href":"https:\/\/api.w.org\/{rel}","templated":true}]}}